{"id":17089,"date":"2024-10-29T21:27:08","date_gmt":"2024-10-29T21:27:08","guid":{"rendered":"https:\/\/brouns.eu\/product\/niet-gecategoriseerd\/schuurrood-32\/"},"modified":"2025-09-26T10:23:31","modified_gmt":"2025-09-26T09:23:31","slug":"barn-red-32","status":"publish","type":"product","link":"https:\/\/brouns.eu\/nl\/product\/lijnolieverf\/barn-red-32\/","title":{"rendered":"Barn Red (32)"},"content":{"rendered":"","protected":false},"excerpt":{"rendered":"<p>In New England en de eerste dertien staten in het algemeen staan prachtige rode schuren. Het ontwerp ervan is grotendeels gebaseerd op de Zweedse bouwstijl van de eerste kolonisten. Hoewel er niet zoiets bestaat als \u00e9\u00e9n schuurrood, wordt deze kleur, samen met ons Dark Iron Oxide Red, gemaakt met dezelfde ingredi\u00ebnten en methoden die de grondleggers gebruikten.<\/p>\n<p>Vergeet niet om uw Rauwe Lijnzaadolie en Balsemterpentine te bestellen als u de eerste laag wilt verdunnen.<\/p>\n<p>Als u de voorkeur geeft aan een kant-en-klare primer, raden wij Primer #2 aan<\/p>\n","protected":false},"featured_media":22852,"comment_status":"open","ping_status":"closed","template":"","meta":{"_acf_changed":false,"site-sidebar-layout":"default","site-content-layout":"","ast-site-content-layout":"default","site-content-style":"default","site-sidebar-style":"default","ast-global-header-display":"","ast-banner-title-visibility":"","ast-main-header-display":"","ast-hfb-above-header-display":"","ast-hfb-below-header-display":"","ast-hfb-mobile-header-display":"","site-post-title":"","ast-breadcrumbs-content":"","ast-featured-img":"","footer-sml-layout":"","ast-disable-related-posts":"","theme-transparent-header-meta":"default","adv-header-id-meta":"","stick-header-meta":"default","header-above-stick-meta":"","header-main-stick-meta":"","header-below-stick-meta":"","astra-migrate-meta-layouts":"set","ast-page-background-enabled":"default","ast-page-background-meta":{"desktop":{"background-color":"","background-image":"","background-repeat":"repeat","background-position":"center center","background-size":"auto","background-attachment":"scroll","background-type":"","background-media":"","overlay-type":"","overlay-color":"","overlay-opacity":"","overlay-gradient":""},"tablet":{"background-color":"","background-image":"","background-repeat":"repeat","background-position":"center center","background-size":"auto","background-attachment":"scroll","background-type":"","background-media":"","overlay-type":"","overlay-color":"","overlay-opacity":"","overlay-gradient":""},"mobile":{"background-color":"","background-image":"","background-repeat":"repeat","background-position":"center center","background-size":"auto","background-attachment":"scroll","background-type":"","background-media":"","overlay-type":"","overlay-color":"","overlay-opacity":"","overlay-gradient":""}},"ast-content-background-meta":{"desktop":{"background-color":"var(--ast-global-color-5)","background-image":"","background-repeat":"repeat","background-position":"center center","background-size":"auto","background-attachment":"scroll","background-type":"","background-media":"","overlay-type":"","overlay-color":"","overlay-opacity":"","overlay-gradient":""},"tablet":{"background-color":"var(--ast-global-color-5)","background-image":"","background-repeat":"repeat","background-position":"center center","background-size":"auto","background-attachment":"scroll","background-type":"","background-media":"","overlay-type":"","overlay-color":"","overlay-opacity":"","overlay-gradient":""},"mobile":{"background-color":"var(--ast-global-color-5)","background-image":"","background-repeat":"repeat","background-position":"center center","background-size":"auto","background-attachment":"scroll","background-type":"","background-media":"","overlay-type":"","overlay-color":"","overlay-opacity":"","overlay-gradient":""}},"ngg_post_thumbnail":0},"product_brand":[],"product_cat":[251],"product_tag":[],"class_list":{"0":"post-17089","1":"product","2":"type-product","3":"status-publish","4":"has-post-thumbnail","6":"product_cat-lijnolieverf","7":"pa_size-grootte-125ml","8":"pa_size-maat-1l","9":"pa_size-maat-25l","10":"pa_size-maat-30ml-monsterpot","11":"desktop-align-center","12":"tablet-align-center","13":"mobile-align-center","14":"ast-product-gallery-layout-horizontal","15":"ast-product-single-variable","16":"ast-product-tabs-layout-horizontal","17":"ast-qv-on-image","19":"first","20":"instock","21":"taxable","22":"shipping-taxable","23":"purchasable","24":"product-type-variable"},"acf":[],"yoast_head":"<!-- This site is optimized with the Yoast SEO plugin v27.4 - https:\/\/yoast.com\/product\/yoast-seo-wordpress\/ -->\n<title>Barn Red (32) - Brouns &amp; Co EU<\/title>\n<meta name=\"robots\" content=\"index, follow, max-snippet:-1, max-image-preview:large, max-video-preview:-1\" \/>\n<link rel=\"canonical\" href=\"https:\/\/brouns.eu\/nl\/product\/lijnolieverf\/barn-red-32\/\" \/>\n<meta property=\"og:locale\" content=\"nl_NL\" \/>\n<meta property=\"og:type\" content=\"article\" \/>\n<meta property=\"og:title\" content=\"Barn Red (32) - Brouns &amp; Co EU\" \/>\n<meta property=\"og:description\" content=\"In New England en de eerste dertien staten in het algemeen staan prachtige rode schuren. Het ontwerp ervan is grotendeels gebaseerd op de Zweedse bouwstijl van de eerste kolonisten. Hoewel er niet zoiets bestaat als \u00e9\u00e9n schuurrood, wordt deze kleur, samen met ons Dark Iron Oxide Red, gemaakt met dezelfde ingredi\u00ebnten en methoden die de grondleggers gebruikten.  Vergeet niet om uw Rauwe Lijnzaadolie en Balsemterpentine te bestellen als u de eerste laag wilt verdunnen.  Als u de voorkeur geeft aan een kant-en-klare primer, raden wij Primer #2 aan\" \/>\n<meta property=\"og:url\" content=\"https:\/\/brouns.eu\/nl\/product\/lijnolieverf\/barn-red-32\/\" \/>\n<meta property=\"og:site_name\" content=\"Brouns &amp; Co EU\" \/>\n<meta property=\"article:modified_time\" content=\"2025-09-26T09:23:31+00:00\" \/>\n<meta property=\"og:image\" content=\"https:\/\/brouns.eu\/wp-content\/uploads\/2025\/04\/No.-32_web_sq_1200.jpg\" \/>\n\t<meta property=\"og:image:width\" content=\"1200\" \/>\n\t<meta property=\"og:image:height\" content=\"1200\" \/>\n\t<meta property=\"og:image:type\" content=\"image\/jpeg\" \/>\n<meta name=\"twitter:card\" content=\"summary_large_image\" \/>\n<meta name=\"twitter:label1\" content=\"Geschatte leestijd\" \/>\n\t<meta name=\"twitter:data1\" content=\"1 minuut\" \/>\n<script type=\"application\/ld+json\" class=\"yoast-schema-graph\">{\"@context\":\"https:\\\/\\\/schema.org\",\"@graph\":[{\"@type\":\"WebPage\",\"@id\":\"https:\\\/\\\/brouns.eu\\\/nl\\\/product\\\/lijnolieverf\\\/barn-red-32\\\/\",\"url\":\"https:\\\/\\\/brouns.eu\\\/nl\\\/product\\\/lijnolieverf\\\/barn-red-32\\\/\",\"name\":\"Barn Red (32) - Brouns &amp; Co EU\",\"isPartOf\":{\"@id\":\"https:\\\/\\\/brouns.eu\\\/nl\\\/#website\"},\"primaryImageOfPage\":{\"@id\":\"https:\\\/\\\/brouns.eu\\\/nl\\\/product\\\/lijnolieverf\\\/barn-red-32\\\/#primaryimage\"},\"image\":{\"@id\":\"https:\\\/\\\/brouns.eu\\\/nl\\\/product\\\/lijnolieverf\\\/barn-red-32\\\/#primaryimage\"},\"thumbnailUrl\":\"https:\\\/\\\/brouns.eu\\\/wp-content\\\/uploads\\\/2025\\\/04\\\/No.-32_web_sq_1200.jpg\",\"datePublished\":\"2024-10-29T21:27:08+00:00\",\"dateModified\":\"2025-09-26T09:23:31+00:00\",\"breadcrumb\":{\"@id\":\"https:\\\/\\\/brouns.eu\\\/nl\\\/product\\\/lijnolieverf\\\/barn-red-32\\\/#breadcrumb\"},\"inLanguage\":\"nl-NL\",\"potentialAction\":[{\"@type\":\"ReadAction\",\"target\":[\"https:\\\/\\\/brouns.eu\\\/nl\\\/product\\\/lijnolieverf\\\/barn-red-32\\\/\"]}]},{\"@type\":\"ImageObject\",\"inLanguage\":\"nl-NL\",\"@id\":\"https:\\\/\\\/brouns.eu\\\/nl\\\/product\\\/lijnolieverf\\\/barn-red-32\\\/#primaryimage\",\"url\":\"https:\\\/\\\/brouns.eu\\\/wp-content\\\/uploads\\\/2025\\\/04\\\/No.-32_web_sq_1200.jpg\",\"contentUrl\":\"https:\\\/\\\/brouns.eu\\\/wp-content\\\/uploads\\\/2025\\\/04\\\/No.-32_web_sq_1200.jpg\",\"width\":1200,\"height\":1200},{\"@type\":\"BreadcrumbList\",\"@id\":\"https:\\\/\\\/brouns.eu\\\/nl\\\/product\\\/lijnolieverf\\\/barn-red-32\\\/#breadcrumb\",\"itemListElement\":[{\"@type\":\"ListItem\",\"position\":1,\"name\":\"Home\",\"item\":\"https:\\\/\\\/brouns.eu\\\/nl\\\/thuis\\\/\"},{\"@type\":\"ListItem\",\"position\":2,\"name\":\"Winkel\",\"item\":\"https:\\\/\\\/brouns.eu\\\/nl\\\/winkel\\\/\"},{\"@type\":\"ListItem\",\"position\":3,\"name\":\"Barn Red (32)\"}]},{\"@type\":\"WebSite\",\"@id\":\"https:\\\/\\\/brouns.eu\\\/nl\\\/#website\",\"url\":\"https:\\\/\\\/brouns.eu\\\/nl\\\/\",\"name\":\"Brouns &amp; Co EU\",\"description\":\"\",\"publisher\":{\"@id\":\"https:\\\/\\\/brouns.eu\\\/nl\\\/#organization\"},\"potentialAction\":[{\"@type\":\"SearchAction\",\"target\":{\"@type\":\"EntryPoint\",\"urlTemplate\":\"https:\\\/\\\/brouns.eu\\\/nl\\\/?s={search_term_string}\"},\"query-input\":{\"@type\":\"PropertyValueSpecification\",\"valueRequired\":true,\"valueName\":\"search_term_string\"}}],\"inLanguage\":\"nl-NL\"},{\"@type\":\"Organization\",\"@id\":\"https:\\\/\\\/brouns.eu\\\/nl\\\/#organization\",\"name\":\"Brouns &amp; Co EU\",\"url\":\"https:\\\/\\\/brouns.eu\\\/nl\\\/\",\"logo\":{\"@type\":\"ImageObject\",\"inLanguage\":\"nl-NL\",\"@id\":\"https:\\\/\\\/brouns.eu\\\/nl\\\/#\\\/schema\\\/logo\\\/image\\\/\",\"url\":\"https:\\\/\\\/brouns.eu\\\/wp-content\\\/uploads\\\/2024\\\/04\\\/Brouns-_-co-Logo-no-linseed-paint-oil.png\",\"contentUrl\":\"https:\\\/\\\/brouns.eu\\\/wp-content\\\/uploads\\\/2024\\\/04\\\/Brouns-_-co-Logo-no-linseed-paint-oil.png\",\"width\":650,\"height\":60,\"caption\":\"Brouns &amp; Co EU\"},\"image\":{\"@id\":\"https:\\\/\\\/brouns.eu\\\/nl\\\/#\\\/schema\\\/logo\\\/image\\\/\"}}]}<\/script>\n<!-- \/ Yoast SEO plugin. -->","yoast_head_json":{"title":"Barn Red (32) - Brouns &amp; Co EU","robots":{"index":"index","follow":"follow","max-snippet":"max-snippet:-1","max-image-preview":"max-image-preview:large","max-video-preview":"max-video-preview:-1"},"canonical":"https:\/\/brouns.eu\/nl\/product\/lijnolieverf\/barn-red-32\/","og_locale":"nl_NL","og_type":"article","og_title":"Barn Red (32) - Brouns &amp; Co EU","og_description":"In New England en de eerste dertien staten in het algemeen staan prachtige rode schuren. Het ontwerp ervan is grotendeels gebaseerd op de Zweedse bouwstijl van de eerste kolonisten. Hoewel er niet zoiets bestaat als \u00e9\u00e9n schuurrood, wordt deze kleur, samen met ons Dark Iron Oxide Red, gemaakt met dezelfde ingredi\u00ebnten en methoden die de grondleggers gebruikten.  Vergeet niet om uw Rauwe Lijnzaadolie en Balsemterpentine te bestellen als u de eerste laag wilt verdunnen.  Als u de voorkeur geeft aan een kant-en-klare primer, raden wij Primer #2 aan","og_url":"https:\/\/brouns.eu\/nl\/product\/lijnolieverf\/barn-red-32\/","og_site_name":"Brouns &amp; Co EU","article_modified_time":"2025-09-26T09:23:31+00:00","og_image":[{"width":1200,"height":1200,"url":"https:\/\/brouns.eu\/wp-content\/uploads\/2025\/04\/No.-32_web_sq_1200.jpg","type":"image\/jpeg"}],"twitter_card":"summary_large_image","twitter_misc":{"Geschatte leestijd":"1 minuut"},"schema":{"@context":"https:\/\/schema.org","@graph":[{"@type":"WebPage","@id":"https:\/\/brouns.eu\/nl\/product\/lijnolieverf\/barn-red-32\/","url":"https:\/\/brouns.eu\/nl\/product\/lijnolieverf\/barn-red-32\/","name":"Barn Red (32) - Brouns &amp; Co EU","isPartOf":{"@id":"https:\/\/brouns.eu\/nl\/#website"},"primaryImageOfPage":{"@id":"https:\/\/brouns.eu\/nl\/product\/lijnolieverf\/barn-red-32\/#primaryimage"},"image":{"@id":"https:\/\/brouns.eu\/nl\/product\/lijnolieverf\/barn-red-32\/#primaryimage"},"thumbnailUrl":"https:\/\/brouns.eu\/wp-content\/uploads\/2025\/04\/No.-32_web_sq_1200.jpg","datePublished":"2024-10-29T21:27:08+00:00","dateModified":"2025-09-26T09:23:31+00:00","breadcrumb":{"@id":"https:\/\/brouns.eu\/nl\/product\/lijnolieverf\/barn-red-32\/#breadcrumb"},"inLanguage":"nl-NL","potentialAction":[{"@type":"ReadAction","target":["https:\/\/brouns.eu\/nl\/product\/lijnolieverf\/barn-red-32\/"]}]},{"@type":"ImageObject","inLanguage":"nl-NL","@id":"https:\/\/brouns.eu\/nl\/product\/lijnolieverf\/barn-red-32\/#primaryimage","url":"https:\/\/brouns.eu\/wp-content\/uploads\/2025\/04\/No.-32_web_sq_1200.jpg","contentUrl":"https:\/\/brouns.eu\/wp-content\/uploads\/2025\/04\/No.-32_web_sq_1200.jpg","width":1200,"height":1200},{"@type":"BreadcrumbList","@id":"https:\/\/brouns.eu\/nl\/product\/lijnolieverf\/barn-red-32\/#breadcrumb","itemListElement":[{"@type":"ListItem","position":1,"name":"Home","item":"https:\/\/brouns.eu\/nl\/thuis\/"},{"@type":"ListItem","position":2,"name":"Winkel","item":"https:\/\/brouns.eu\/nl\/winkel\/"},{"@type":"ListItem","position":3,"name":"Barn Red (32)"}]},{"@type":"WebSite","@id":"https:\/\/brouns.eu\/nl\/#website","url":"https:\/\/brouns.eu\/nl\/","name":"Brouns &amp; Co EU","description":"","publisher":{"@id":"https:\/\/brouns.eu\/nl\/#organization"},"potentialAction":[{"@type":"SearchAction","target":{"@type":"EntryPoint","urlTemplate":"https:\/\/brouns.eu\/nl\/?s={search_term_string}"},"query-input":{"@type":"PropertyValueSpecification","valueRequired":true,"valueName":"search_term_string"}}],"inLanguage":"nl-NL"},{"@type":"Organization","@id":"https:\/\/brouns.eu\/nl\/#organization","name":"Brouns &amp; Co EU","url":"https:\/\/brouns.eu\/nl\/","logo":{"@type":"ImageObject","inLanguage":"nl-NL","@id":"https:\/\/brouns.eu\/nl\/#\/schema\/logo\/image\/","url":"https:\/\/brouns.eu\/wp-content\/uploads\/2024\/04\/Brouns-_-co-Logo-no-linseed-paint-oil.png","contentUrl":"https:\/\/brouns.eu\/wp-content\/uploads\/2024\/04\/Brouns-_-co-Logo-no-linseed-paint-oil.png","width":650,"height":60,"caption":"Brouns &amp; Co EU"},"image":{"@id":"https:\/\/brouns.eu\/nl\/#\/schema\/logo\/image\/"}}]}},"_links":{"self":[{"href":"https:\/\/brouns.eu\/nl\/wp-json\/wp\/v2\/product\/17089","targetHints":{"allow":["GET"]}}],"collection":[{"href":"https:\/\/brouns.eu\/nl\/wp-json\/wp\/v2\/product"}],"about":[{"href":"https:\/\/brouns.eu\/nl\/wp-json\/wp\/v2\/types\/product"}],"replies":[{"embeddable":true,"href":"https:\/\/brouns.eu\/nl\/wp-json\/wp\/v2\/comments?post=17089"}],"version-history":[{"count":1,"href":"https:\/\/brouns.eu\/nl\/wp-json\/wp\/v2\/product\/17089\/revisions"}],"predecessor-version":[{"id":23316,"href":"https:\/\/brouns.eu\/nl\/wp-json\/wp\/v2\/product\/17089\/revisions\/23316"}],"wp:featuredmedia":[{"embeddable":true,"href":"https:\/\/brouns.eu\/nl\/wp-json\/wp\/v2\/media\/22852"}],"wp:attachment":[{"href":"https:\/\/brouns.eu\/nl\/wp-json\/wp\/v2\/media?parent=17089"}],"wp:term":[{"taxonomy":"product_brand","embeddable":true,"href":"https:\/\/brouns.eu\/nl\/wp-json\/wp\/v2\/product_brand?post=17089"},{"taxonomy":"product_cat","embeddable":true,"href":"https:\/\/brouns.eu\/nl\/wp-json\/wp\/v2\/product_cat?post=17089"},{"taxonomy":"product_tag","embeddable":true,"href":"https:\/\/brouns.eu\/nl\/wp-json\/wp\/v2\/product_tag?post=17089"}],"curies":[{"name":"wp","href":"https:\/\/api.w.org\/{rel}","templated":true}]}}