{"id":21436,"date":"2024-10-29T21:27:08","date_gmt":"2024-10-29T21:27:08","guid":{"rendered":"https:\/\/brouns.eu\/product\/senza-categoria\/libro-di-pittura-a-olio-e-semi-di-lino-di-michiel-brouns\/"},"modified":"2025-11-12T11:40:20","modified_gmt":"2025-11-12T11:40:20","slug":"linseed-paint-and-oil-by-michiel-brouns","status":"publish","type":"product","link":"https:\/\/brouns.eu\/it\/product\/libri\/linseed-paint-and-oil-by-michiel-brouns\/","title":{"rendered":"Linseed Paint and Oil by Michiel Brouns"},"content":{"rendered":"","protected":false},"excerpt":{"rendered":"<p><strong>DISPONIBILE ORA!!<\/strong><\/p>\n<p>La vernice di lino ha contribuito a proteggere il legno e il ferro per molte centinaia di anni. Tuttavia, dall&#8217;avvento delle vernici petrolchimiche, l&#8217;industria ha ampiamente dimenticato il valore delle alternative tradizionali. Questo libro fornisce una panoramica dei vantaggi della vernice di lino per architetti, decoratori professionisti, professionisti del restauro e appassionati del fai da te.<\/p>\n<p>Scritto dal nostro fondatore e CEO, Michiel Brouns, descrive in dettaglio il ruolo unico che la vernice di lino svolge nella conservazione degli edifici storici, tra cui: cos&#8217;\u00e8 la vernice di lino, quali sono i suoi ingredienti e come viene prodotta; i vantaggi della vernice di lino e come funziona a livello molecolare, come la vernice di lino pu\u00f2 svolgere un ruolo fondamentale nella riduzione delle microplastiche e nel rendere pi\u00f9 sostenibili i settori dell&#8217;edilizia e del restauro, nonch\u00e9 istruzioni dettagliate passo dopo passo per l&#8217;applicazione della vernice di lino su diverse superfici.<\/p>\n","protected":false},"featured_media":21437,"comment_status":"closed","ping_status":"closed","template":"","meta":{"_acf_changed":false,"site-sidebar-layout":"default","site-content-layout":"","ast-site-content-layout":"default","site-content-style":"default","site-sidebar-style":"default","ast-global-header-display":"","ast-banner-title-visibility":"","ast-main-header-display":"","ast-hfb-above-header-display":"","ast-hfb-below-header-display":"","ast-hfb-mobile-header-display":"","site-post-title":"","ast-breadcrumbs-content":"","ast-featured-img":"","footer-sml-layout":"","ast-disable-related-posts":"","theme-transparent-header-meta":"default","adv-header-id-meta":"","stick-header-meta":"default","header-above-stick-meta":"","header-main-stick-meta":"","header-below-stick-meta":"","astra-migrate-meta-layouts":"set","ast-page-background-enabled":"default","ast-page-background-meta":{"desktop":{"background-color":"","background-image":"","background-repeat":"repeat","background-position":"center center","background-size":"auto","background-attachment":"scroll","background-type":"","background-media":"","overlay-type":"","overlay-color":"","overlay-opacity":"","overlay-gradient":""},"tablet":{"background-color":"","background-image":"","background-repeat":"repeat","background-position":"center center","background-size":"auto","background-attachment":"scroll","background-type":"","background-media":"","overlay-type":"","overlay-color":"","overlay-opacity":"","overlay-gradient":""},"mobile":{"background-color":"","background-image":"","background-repeat":"repeat","background-position":"center center","background-size":"auto","background-attachment":"scroll","background-type":"","background-media":"","overlay-type":"","overlay-color":"","overlay-opacity":"","overlay-gradient":""}},"ast-content-background-meta":{"desktop":{"background-color":"var(--ast-global-color-5)","background-image":"","background-repeat":"repeat","background-position":"center center","background-size":"auto","background-attachment":"scroll","background-type":"","background-media":"","overlay-type":"","overlay-color":"","overlay-opacity":"","overlay-gradient":""},"tablet":{"background-color":"var(--ast-global-color-5)","background-image":"","background-repeat":"repeat","background-position":"center center","background-size":"auto","background-attachment":"scroll","background-type":"","background-media":"","overlay-type":"","overlay-color":"","overlay-opacity":"","overlay-gradient":""},"mobile":{"background-color":"var(--ast-global-color-5)","background-image":"","background-repeat":"repeat","background-position":"center center","background-size":"auto","background-attachment":"scroll","background-type":"","background-media":"","overlay-type":"","overlay-color":"","overlay-opacity":"","overlay-gradient":""}},"ngg_post_thumbnail":0},"product_brand":[],"product_cat":[459],"product_tag":[],"class_list":{"0":"post-21436","1":"product","2":"type-product","3":"status-publish","4":"has-post-thumbnail","6":"product_cat-libri","7":"product_shipping_class-book","8":"pa_size-predefinito","9":"desktop-align-center","10":"tablet-align-center","11":"mobile-align-center","12":"ast-product-gallery-layout-horizontal","13":"ast-product-tabs-layout-horizontal","14":"ast-qv-on-image","16":"first","17":"instock","18":"taxable","19":"shipping-taxable","20":"purchasable","21":"product-type-simple"},"acf":[],"yoast_head":"<!-- This site is optimized with the Yoast SEO plugin v27.4 - https:\/\/yoast.com\/product\/yoast-seo-wordpress\/ -->\n<title>Linseed Paint and Oil by Michiel Brouns - Brouns &amp; Co EU<\/title>\n<meta name=\"robots\" content=\"index, nofollow, max-video-preview:-1, noimageindex, noarchive, nosnippet\" \/>\n<link rel=\"canonical\" href=\"https:\/\/brouns.eu\/it\/product\/libri\/linseed-paint-and-oil-by-michiel-brouns\/\" \/>\n<meta property=\"og:locale\" content=\"it_IT\" \/>\n<meta property=\"og:type\" content=\"article\" \/>\n<meta property=\"og:title\" content=\"Linseed Paint and Oil by Michiel Brouns - Brouns &amp; Co EU\" \/>\n<meta property=\"og:description\" content=\"DISPONIBILE ORA!!  La vernice di lino ha contribuito a proteggere il legno e il ferro per molte centinaia di anni. Tuttavia, dall&#039;avvento delle vernici petrolchimiche, l&#039;industria ha ampiamente dimenticato il valore delle alternative tradizionali. Questo libro fornisce una panoramica dei vantaggi della vernice di lino per architetti, decoratori professionisti, professionisti del restauro e appassionati del fai da te.  Scritto dal nostro fondatore e CEO, Michiel Brouns, descrive in dettaglio il ruolo unico che la vernice di lino svolge nella conservazione degli edifici storici, tra cui: cos&#039;\u00e8 la vernice di lino, quali sono i suoi ingredienti e come viene prodotta; i vantaggi della vernice di lino e come funziona a livello molecolare, come la vernice di lino pu\u00f2 svolgere un ruolo fondamentale nella riduzione delle microplastiche e nel rendere pi\u00f9 sostenibili i settori dell&#039;edilizia e del restauro, nonch\u00e9 istruzioni dettagliate passo dopo passo per l&#039;applicazione della vernice di lino su diverse superfici.\" \/>\n<meta property=\"og:url\" content=\"https:\/\/brouns.eu\/it\/product\/libri\/linseed-paint-and-oil-by-michiel-brouns\/\" \/>\n<meta property=\"og:site_name\" content=\"Brouns &amp; Co EU\" \/>\n<meta property=\"article:modified_time\" content=\"2025-11-12T11:40:20+00:00\" \/>\n<meta property=\"og:image\" content=\"https:\/\/brouns.eu\/wp-content\/uploads\/2024\/10\/LinseedPaintandOil_web_1000.jpg\" \/>\n\t<meta property=\"og:image:width\" content=\"611\" \/>\n\t<meta property=\"og:image:height\" content=\"800\" \/>\n\t<meta property=\"og:image:type\" content=\"image\/jpeg\" \/>\n<meta name=\"twitter:card\" content=\"summary_large_image\" \/>\n<meta name=\"twitter:label1\" content=\"Tempo di lettura stimato\" \/>\n\t<meta name=\"twitter:data1\" content=\"1 minuto\" \/>\n<script type=\"application\/ld+json\" class=\"yoast-schema-graph\">{\"@context\":\"https:\\\/\\\/schema.org\",\"@graph\":[{\"@type\":\"WebPage\",\"@id\":\"https:\\\/\\\/brouns.eu\\\/it\\\/product\\\/libri\\\/linseed-paint-and-oil-by-michiel-brouns\\\/\",\"url\":\"https:\\\/\\\/brouns.eu\\\/it\\\/product\\\/libri\\\/linseed-paint-and-oil-by-michiel-brouns\\\/\",\"name\":\"Linseed Paint and Oil by Michiel Brouns - Brouns &amp; Co EU\",\"isPartOf\":{\"@id\":\"https:\\\/\\\/brouns.eu\\\/it\\\/#website\"},\"primaryImageOfPage\":{\"@id\":\"https:\\\/\\\/brouns.eu\\\/it\\\/product\\\/libri\\\/linseed-paint-and-oil-by-michiel-brouns\\\/#primaryimage\"},\"image\":{\"@id\":\"https:\\\/\\\/brouns.eu\\\/it\\\/product\\\/libri\\\/linseed-paint-and-oil-by-michiel-brouns\\\/#primaryimage\"},\"thumbnailUrl\":\"https:\\\/\\\/brouns.eu\\\/wp-content\\\/uploads\\\/2024\\\/10\\\/LinseedPaintandOil_web_1000.jpg\",\"datePublished\":\"2024-10-29T21:27:08+00:00\",\"dateModified\":\"2025-11-12T11:40:20+00:00\",\"breadcrumb\":{\"@id\":\"https:\\\/\\\/brouns.eu\\\/it\\\/product\\\/libri\\\/linseed-paint-and-oil-by-michiel-brouns\\\/#breadcrumb\"},\"inLanguage\":\"it-IT\",\"potentialAction\":[{\"@type\":\"ReadAction\",\"target\":[\"https:\\\/\\\/brouns.eu\\\/it\\\/product\\\/libri\\\/linseed-paint-and-oil-by-michiel-brouns\\\/\"]}]},{\"@type\":\"ImageObject\",\"inLanguage\":\"it-IT\",\"@id\":\"https:\\\/\\\/brouns.eu\\\/it\\\/product\\\/libri\\\/linseed-paint-and-oil-by-michiel-brouns\\\/#primaryimage\",\"url\":\"https:\\\/\\\/brouns.eu\\\/wp-content\\\/uploads\\\/2024\\\/10\\\/LinseedPaintandOil_web_1000.jpg\",\"contentUrl\":\"https:\\\/\\\/brouns.eu\\\/wp-content\\\/uploads\\\/2024\\\/10\\\/LinseedPaintandOil_web_1000.jpg\",\"width\":611,\"height\":800},{\"@type\":\"BreadcrumbList\",\"@id\":\"https:\\\/\\\/brouns.eu\\\/it\\\/product\\\/libri\\\/linseed-paint-and-oil-by-michiel-brouns\\\/#breadcrumb\",\"itemListElement\":[{\"@type\":\"ListItem\",\"position\":1,\"name\":\"Home\",\"item\":\"https:\\\/\\\/brouns.eu\\\/it\\\/\"},{\"@type\":\"ListItem\",\"position\":2,\"name\":\"Negozio\",\"item\":\"https:\\\/\\\/brouns.eu\\\/negozio\\\/\"},{\"@type\":\"ListItem\",\"position\":3,\"name\":\"Linseed Paint and Oil by Michiel Brouns\"}]},{\"@type\":\"WebSite\",\"@id\":\"https:\\\/\\\/brouns.eu\\\/it\\\/#website\",\"url\":\"https:\\\/\\\/brouns.eu\\\/it\\\/\",\"name\":\"Brouns &amp; Co EU\",\"description\":\"\",\"publisher\":{\"@id\":\"https:\\\/\\\/brouns.eu\\\/it\\\/#organization\"},\"potentialAction\":[{\"@type\":\"SearchAction\",\"target\":{\"@type\":\"EntryPoint\",\"urlTemplate\":\"https:\\\/\\\/brouns.eu\\\/it\\\/?s={search_term_string}\"},\"query-input\":{\"@type\":\"PropertyValueSpecification\",\"valueRequired\":true,\"valueName\":\"search_term_string\"}}],\"inLanguage\":\"it-IT\"},{\"@type\":\"Organization\",\"@id\":\"https:\\\/\\\/brouns.eu\\\/it\\\/#organization\",\"name\":\"Brouns &amp; Co EU\",\"url\":\"https:\\\/\\\/brouns.eu\\\/it\\\/\",\"logo\":{\"@type\":\"ImageObject\",\"inLanguage\":\"it-IT\",\"@id\":\"https:\\\/\\\/brouns.eu\\\/it\\\/#\\\/schema\\\/logo\\\/image\\\/\",\"url\":\"https:\\\/\\\/brouns.eu\\\/wp-content\\\/uploads\\\/2024\\\/04\\\/Brouns-_-co-Logo-no-linseed-paint-oil.png\",\"contentUrl\":\"https:\\\/\\\/brouns.eu\\\/wp-content\\\/uploads\\\/2024\\\/04\\\/Brouns-_-co-Logo-no-linseed-paint-oil.png\",\"width\":650,\"height\":60,\"caption\":\"Brouns &amp; Co EU\"},\"image\":{\"@id\":\"https:\\\/\\\/brouns.eu\\\/it\\\/#\\\/schema\\\/logo\\\/image\\\/\"}}]}<\/script>\n<!-- \/ Yoast SEO plugin. -->","yoast_head_json":{"title":"Linseed Paint and Oil by Michiel Brouns - Brouns &amp; Co EU","robots":{"index":"index","follow":"nofollow","max-video-preview":"max-video-preview:-1","imageindex":"noimageindex","archive":"noarchive","snippet":"nosnippet"},"canonical":"https:\/\/brouns.eu\/it\/product\/libri\/linseed-paint-and-oil-by-michiel-brouns\/","og_locale":"it_IT","og_type":"article","og_title":"Linseed Paint and Oil by Michiel Brouns - Brouns &amp; Co EU","og_description":"DISPONIBILE ORA!!  La vernice di lino ha contribuito a proteggere il legno e il ferro per molte centinaia di anni. Tuttavia, dall'avvento delle vernici petrolchimiche, l'industria ha ampiamente dimenticato il valore delle alternative tradizionali. Questo libro fornisce una panoramica dei vantaggi della vernice di lino per architetti, decoratori professionisti, professionisti del restauro e appassionati del fai da te.  Scritto dal nostro fondatore e CEO, Michiel Brouns, descrive in dettaglio il ruolo unico che la vernice di lino svolge nella conservazione degli edifici storici, tra cui: cos'\u00e8 la vernice di lino, quali sono i suoi ingredienti e come viene prodotta; i vantaggi della vernice di lino e come funziona a livello molecolare, come la vernice di lino pu\u00f2 svolgere un ruolo fondamentale nella riduzione delle microplastiche e nel rendere pi\u00f9 sostenibili i settori dell'edilizia e del restauro, nonch\u00e9 istruzioni dettagliate passo dopo passo per l'applicazione della vernice di lino su diverse superfici.","og_url":"https:\/\/brouns.eu\/it\/product\/libri\/linseed-paint-and-oil-by-michiel-brouns\/","og_site_name":"Brouns &amp; Co EU","article_modified_time":"2025-11-12T11:40:20+00:00","og_image":[{"width":611,"height":800,"url":"https:\/\/brouns.eu\/wp-content\/uploads\/2024\/10\/LinseedPaintandOil_web_1000.jpg","type":"image\/jpeg"}],"twitter_card":"summary_large_image","twitter_misc":{"Tempo di lettura stimato":"1 minuto"},"schema":{"@context":"https:\/\/schema.org","@graph":[{"@type":"WebPage","@id":"https:\/\/brouns.eu\/it\/product\/libri\/linseed-paint-and-oil-by-michiel-brouns\/","url":"https:\/\/brouns.eu\/it\/product\/libri\/linseed-paint-and-oil-by-michiel-brouns\/","name":"Linseed Paint and Oil by Michiel Brouns - Brouns &amp; Co EU","isPartOf":{"@id":"https:\/\/brouns.eu\/it\/#website"},"primaryImageOfPage":{"@id":"https:\/\/brouns.eu\/it\/product\/libri\/linseed-paint-and-oil-by-michiel-brouns\/#primaryimage"},"image":{"@id":"https:\/\/brouns.eu\/it\/product\/libri\/linseed-paint-and-oil-by-michiel-brouns\/#primaryimage"},"thumbnailUrl":"https:\/\/brouns.eu\/wp-content\/uploads\/2024\/10\/LinseedPaintandOil_web_1000.jpg","datePublished":"2024-10-29T21:27:08+00:00","dateModified":"2025-11-12T11:40:20+00:00","breadcrumb":{"@id":"https:\/\/brouns.eu\/it\/product\/libri\/linseed-paint-and-oil-by-michiel-brouns\/#breadcrumb"},"inLanguage":"it-IT","potentialAction":[{"@type":"ReadAction","target":["https:\/\/brouns.eu\/it\/product\/libri\/linseed-paint-and-oil-by-michiel-brouns\/"]}]},{"@type":"ImageObject","inLanguage":"it-IT","@id":"https:\/\/brouns.eu\/it\/product\/libri\/linseed-paint-and-oil-by-michiel-brouns\/#primaryimage","url":"https:\/\/brouns.eu\/wp-content\/uploads\/2024\/10\/LinseedPaintandOil_web_1000.jpg","contentUrl":"https:\/\/brouns.eu\/wp-content\/uploads\/2024\/10\/LinseedPaintandOil_web_1000.jpg","width":611,"height":800},{"@type":"BreadcrumbList","@id":"https:\/\/brouns.eu\/it\/product\/libri\/linseed-paint-and-oil-by-michiel-brouns\/#breadcrumb","itemListElement":[{"@type":"ListItem","position":1,"name":"Home","item":"https:\/\/brouns.eu\/it\/"},{"@type":"ListItem","position":2,"name":"Negozio","item":"https:\/\/brouns.eu\/negozio\/"},{"@type":"ListItem","position":3,"name":"Linseed Paint and Oil by Michiel Brouns"}]},{"@type":"WebSite","@id":"https:\/\/brouns.eu\/it\/#website","url":"https:\/\/brouns.eu\/it\/","name":"Brouns &amp; Co EU","description":"","publisher":{"@id":"https:\/\/brouns.eu\/it\/#organization"},"potentialAction":[{"@type":"SearchAction","target":{"@type":"EntryPoint","urlTemplate":"https:\/\/brouns.eu\/it\/?s={search_term_string}"},"query-input":{"@type":"PropertyValueSpecification","valueRequired":true,"valueName":"search_term_string"}}],"inLanguage":"it-IT"},{"@type":"Organization","@id":"https:\/\/brouns.eu\/it\/#organization","name":"Brouns &amp; Co EU","url":"https:\/\/brouns.eu\/it\/","logo":{"@type":"ImageObject","inLanguage":"it-IT","@id":"https:\/\/brouns.eu\/it\/#\/schema\/logo\/image\/","url":"https:\/\/brouns.eu\/wp-content\/uploads\/2024\/04\/Brouns-_-co-Logo-no-linseed-paint-oil.png","contentUrl":"https:\/\/brouns.eu\/wp-content\/uploads\/2024\/04\/Brouns-_-co-Logo-no-linseed-paint-oil.png","width":650,"height":60,"caption":"Brouns &amp; Co EU"},"image":{"@id":"https:\/\/brouns.eu\/it\/#\/schema\/logo\/image\/"}}]}},"_links":{"self":[{"href":"https:\/\/brouns.eu\/it\/wp-json\/wp\/v2\/product\/21436","targetHints":{"allow":["GET"]}}],"collection":[{"href":"https:\/\/brouns.eu\/it\/wp-json\/wp\/v2\/product"}],"about":[{"href":"https:\/\/brouns.eu\/it\/wp-json\/wp\/v2\/types\/product"}],"replies":[{"embeddable":true,"href":"https:\/\/brouns.eu\/it\/wp-json\/wp\/v2\/comments?post=21436"}],"version-history":[{"count":1,"href":"https:\/\/brouns.eu\/it\/wp-json\/wp\/v2\/product\/21436\/revisions"}],"predecessor-version":[{"id":23675,"href":"https:\/\/brouns.eu\/it\/wp-json\/wp\/v2\/product\/21436\/revisions\/23675"}],"wp:featuredmedia":[{"embeddable":true,"href":"https:\/\/brouns.eu\/it\/wp-json\/wp\/v2\/media\/21437"}],"wp:attachment":[{"href":"https:\/\/brouns.eu\/it\/wp-json\/wp\/v2\/media?parent=21436"}],"wp:term":[{"taxonomy":"product_brand","embeddable":true,"href":"https:\/\/brouns.eu\/it\/wp-json\/wp\/v2\/product_brand?post=21436"},{"taxonomy":"product_cat","embeddable":true,"href":"https:\/\/brouns.eu\/it\/wp-json\/wp\/v2\/product_cat?post=21436"},{"taxonomy":"product_tag","embeddable":true,"href":"https:\/\/brouns.eu\/it\/wp-json\/wp\/v2\/product_tag?post=21436"}],"curies":[{"name":"wp","href":"https:\/\/api.w.org\/{rel}","templated":true}]}}