{"id":21382,"date":"2024-10-29T21:27:25","date_gmt":"2024-10-29T21:27:25","guid":{"rendered":"https:\/\/brouns.eu\/product\/senza-categoria\/riscaldatore-di-velocita-cobra\/"},"modified":"2024-10-29T21:27:25","modified_gmt":"2024-10-29T21:27:25","slug":"riscaldatore-di-velocita-cobra","status":"publish","type":"product","link":"https:\/\/brouns.eu\/it\/product\/restauro-delle-finestre\/riscaldatore-di-velocita-cobra\/","title":{"rendered":"Riscaldatore di velocit\u00e0 Cobra"},"content":{"rendered":"<p><iframe title=\"Lettore video di YouTube\" src=\"https:\/\/www.youtube.com\/embed\/rAcFHWFBSR0?si=j5rcwv-VXt66D29k\" width=\"560\" height=\"315\" frameborder=\"0\" allowfullscreen=\"allowfullscreen\"><\/iframe><\/p>\n<p>Marcus Ericson di Speedheater mostra il Cobra al Listed Property Show<\/p>\n<p><strong>Rimozione della vernice sicura ed ecologica<\/strong><\/p>\n<p>Quando si rimuove la vecchia vernice che contiene piombo, le particelle di piombo vengono trasportate nella polvere durante la carteggiatura e la raschiatura e vengono rilasciate come fumi quando si usa una pistola ad aria calda. Anche in propriet\u00e0 relativamente moderne, la vernice pu\u00f2 contenere piombo: sebbene l&#8217;uso del piombo nella vernice sia diminuito drasticamente nei primi anni &#8217;60, \u00e8 continuato in modo abbastanza legale con alcune vernici fino ai primi anni &#8217;80. Nel 1992, le normative UE hanno vietato il piombo in tutte le vernici, ad eccezione di quelle per l&#8217;uso in edifici storici.  <\/p>\n<p>La buona notizia \u00e8 che Speedheater Cobra rimuove in modo sicuro la vernice a base di piombo perch\u00e9 funziona a temperature inferiori a quelle che attivano il piombo. Test realmente indipendenti condotti da un istituto di ricerca industriale in Svezia hanno scoperto che, anche nelle condizioni &#8220;peggiori&#8221;, Speedheater rilasciava solo tra l&#8217;1 e il 10% dei limiti di piombo consentiti in Svezia e negli Stati Uniti. Ottieni il rapporto del test indipendente.  <\/p>\n<p><strong>Rimuove delicatamente la vernice dal legno<\/strong><\/p>\n<p>La lunghezza d&#8217;onda infrarossa dello Speedheater Cobra attiva le molecole d&#8217;acqua nella vecchia vernice e la ammorbidisce, facendola bollire. La formazione di bollicine \u00e8 dovuta all&#8217;espansione dei gas: alcuni potrebbero persino accendersi, producendo piccole fiamme che si esauriscono rapidamente. Ci\u00f2 \u00e8 abbastanza normale e, con un uso corretto, lo Speedheater non brucer\u00e0 il legno.  <\/p>\n<p><strong>Delicato anche sul vetro<\/strong><\/p>\n<p>Lavorare vicino a un pannello di vetro con una pistola ad aria calda pu\u00f2 essere un affare teso, perch\u00e9 le crepe possono verificarsi indipendentemente da quanto si cerchi di essere attenti. Usato correttamente, lo Speedheater Cobra mantiene il vetro intatto perch\u00e9 il calore \u00e8 generato per irraggiamento, non per convezione. <\/p>\n<p><strong>Dettagli tecnici<\/strong><\/p>\n<p>Potenza: 700W<br \/>\n Tensione: opzioni 110 o 220V<br \/>\n Collegamento: Monofase con messa a terra di sicurezza<br \/>\n Lunghezza totale: 355 mm<br \/>\n Larghezza: 95 mm<br \/>\n Superficie riscaldante: 90x70mm<br \/>\n Peso (circa): 600 g<\/p>\n<p>Questo prodotto \u00e8 adatto solo per l&#8217;uso nel Regno Unito.<\/p>\n<p><strong>Garanzia<\/strong><\/p>\n<p>L&#8217;unit\u00e0 durer\u00e0 per molti anni se usata con attenzione e in linea con le istruzioni del produttore. Una lampadina pu\u00f2 durare circa 2.000 ore se trattata bene, senza che la vernice vi si rovesci sopra o venga urtata. L&#8217;unit\u00e0 \u00e8 dotata di una garanzia del produttore di un anno (escluse le lampadine).  <\/p>\n","protected":false},"excerpt":{"rendered":"<p><strong>Il massimo della rimozione rapida e sicura della vernice.<\/strong><\/p>\n<p>Non prenderai mai pi\u00f9 in mano una pistola ad aria calda. Il sistema originale svedese Speedheater utilizza un delicato calore a infrarossi per rimuovere brillantemente vernice, smalto e stucco a temperature pi\u00f9 basse, cos\u00ec puoi dire addio al legno bruciato e al vetro rotto. Rimuove in modo sicuro anche la vernice al piombo. Dopo solo pochi secondi di esposizione, Speedheater Cobra ti consente di raschiare via facilmente la vecchia vernice, anche in quelle fastidiose aree difficili da raggiungere. Guarda il nostro video sulla rimozione della vernice.    <\/p>\n<p>Leggero (appena pi\u00f9 di mezzo chilo), veloce da installare e facile da inclinare, lo Speedheater Cobra semplifica la rimozione della vernice sia da ampie distese di vernice che da angoli e fessure difficili. \u00c8 perfetto per rimuovere la vecchia vernice da mobili, infissi di porte e finestre, dettagli marini e scale. Forniamo anche lampadine di ricambio.  <\/p>\n<p>Se lo Speedheater Cobra \u00e8 per uso domestico, allora hai bisogno dell&#8217;opzione 220V che ha la spina standard UK a 3 pin. In alternativa, l&#8217;opzione 110v \u00e8 per luoghi di lavoro\/cantieri e ha una spina diversa come questa: <\/p>\n<p><img decoding=\"async\" class=\"alignnone size-full wp-image-14985\" src=\"https:\/\/brouns.eu\/wp-content\/uploads\/2024\/10\/picture-1.jpg\" alt=\"\" width=\"102\" height=\"102\" srcset=\"https:\/\/brouns.eu\/wp-content\/uploads\/2024\/10\/picture-1.jpg 102w, https:\/\/brouns.eu\/wp-content\/uploads\/2024\/10\/picture-1-100x100.jpg 100w\" sizes=\"(max-width: 102px) 100vw, 102px\" \/><\/p>\n","protected":false},"featured_media":21385,"comment_status":"open","ping_status":"closed","template":"","meta":{"_acf_changed":false,"site-sidebar-layout":"default","site-content-layout":"","ast-site-content-layout":"default","site-content-style":"default","site-sidebar-style":"default","ast-global-header-display":"","ast-banner-title-visibility":"","ast-main-header-display":"","ast-hfb-above-header-display":"","ast-hfb-below-header-display":"","ast-hfb-mobile-header-display":"","site-post-title":"","ast-breadcrumbs-content":"","ast-featured-img":"","footer-sml-layout":"","ast-disable-related-posts":"","theme-transparent-header-meta":"default","adv-header-id-meta":"","stick-header-meta":"default","header-above-stick-meta":"","header-main-stick-meta":"","header-below-stick-meta":"","astra-migrate-meta-layouts":"default","ast-page-background-enabled":"default","ast-page-background-meta":{"desktop":{"background-color":"","background-image":"","background-repeat":"repeat","background-position":"center center","background-size":"auto","background-attachment":"scroll","background-type":"","background-media":"","overlay-type":"","overlay-color":"","overlay-opacity":"","overlay-gradient":""},"tablet":{"background-color":"","background-image":"","background-repeat":"repeat","background-position":"center center","background-size":"auto","background-attachment":"scroll","background-type":"","background-media":"","overlay-type":"","overlay-color":"","overlay-opacity":"","overlay-gradient":""},"mobile":{"background-color":"","background-image":"","background-repeat":"repeat","background-position":"center center","background-size":"auto","background-attachment":"scroll","background-type":"","background-media":"","overlay-type":"","overlay-color":"","overlay-opacity":"","overlay-gradient":""}},"ast-content-background-meta":{"desktop":{"background-color":"var(--ast-global-color-5)","background-image":"","background-repeat":"repeat","background-position":"center center","background-size":"auto","background-attachment":"scroll","background-type":"","background-media":"","overlay-type":"","overlay-color":"","overlay-opacity":"","overlay-gradient":""},"tablet":{"background-color":"var(--ast-global-color-5)","background-image":"","background-repeat":"repeat","background-position":"center center","background-size":"auto","background-attachment":"scroll","background-type":"","background-media":"","overlay-type":"","overlay-color":"","overlay-opacity":"","overlay-gradient":""},"mobile":{"background-color":"var(--ast-global-color-5)","background-image":"","background-repeat":"repeat","background-position":"center center","background-size":"auto","background-attachment":"scroll","background-type":"","background-media":"","overlay-type":"","overlay-color":"","overlay-opacity":"","overlay-gradient":""}},"ngg_post_thumbnail":0},"product_brand":[],"product_cat":[440,453],"product_tag":[],"class_list":{"0":"post-21382","1":"product","2":"type-product","3":"status-publish","4":"has-post-thumbnail","6":"product_cat-restauro-delle-finestre","7":"product_cat-rimozione-della-vernice","8":"pa_size-dimensioni-110v","9":"pa_size-dimensioni-220v","10":"desktop-align-center","11":"tablet-align-center","12":"mobile-align-center","13":"ast-product-gallery-layout-horizontal","14":"ast-product-gallery-with-no-image","15":"ast-product-single-variable","16":"ast-product-tabs-layout-horizontal","17":"ast-qv-on-image","19":"first","20":"instock","21":"taxable","22":"shipping-taxable","23":"purchasable","24":"product-type-variable"},"acf":[],"yoast_head":"<!-- This site is optimized with the Yoast SEO plugin v27.4 - https:\/\/yoast.com\/product\/yoast-seo-wordpress\/ -->\n<title>Riscaldatore di velocit\u00e0 Cobra - Brouns &amp; Co EU<\/title>\n<meta name=\"robots\" content=\"index, follow, max-snippet:-1, max-image-preview:large, max-video-preview:-1\" \/>\n<link rel=\"canonical\" href=\"https:\/\/brouns.eu\/it\/product\/restauro-delle-finestre\/riscaldatore-di-velocita-cobra\/\" \/>\n<meta property=\"og:locale\" content=\"it_IT\" \/>\n<meta property=\"og:type\" content=\"article\" \/>\n<meta property=\"og:title\" content=\"Riscaldatore di velocit\u00e0 Cobra - Brouns &amp; Co EU\" \/>\n<meta property=\"og:description\" content=\"Il massimo della rimozione rapida e sicura della vernice. Non prenderai mai pi\u00f9 in mano una pistola ad aria calda. Il sistema originale svedese Speedheater utilizza un delicato calore a infrarossi per rimuovere brillantemente vernice, smalto e stucco a temperature pi\u00f9 basse, cos\u00ec puoi dire addio al legno bruciato e al vetro rotto. Rimuove in modo sicuro anche la vernice al piombo. Dopo solo pochi secondi di esposizione, Speedheater Cobra ti consente di raschiare via facilmente la vecchia vernice, anche in quelle fastidiose aree difficili da raggiungere. Guarda il nostro video sulla rimozione della vernice.   Leggero (appena pi\u00f9 di mezzo chilo), veloce da installare e facile da inclinare, lo Speedheater Cobra semplifica la rimozione della vernice sia da ampie distese di vernice che da angoli e fessure difficili. \u00c8 perfetto per rimuovere la vecchia vernice da mobili, infissi di porte e finestre, dettagli marini e scale. Forniamo anche lampadine di ricambio.  Se lo Speedheater Cobra \u00e8 per uso domestico, allora hai bisogno dell&#039;opzione 220V che ha la spina standard UK a 3 pin. In alternativa, l&#039;opzione 110v \u00e8 per luoghi di lavoro\/cantieri e ha una spina diversa come questa:\" \/>\n<meta property=\"og:url\" content=\"https:\/\/brouns.eu\/it\/product\/restauro-delle-finestre\/riscaldatore-di-velocita-cobra\/\" \/>\n<meta property=\"og:site_name\" content=\"Brouns &amp; Co EU\" \/>\n<meta property=\"og:image\" content=\"https:\/\/brouns.eu\/wp-content\/uploads\/2024\/10\/DSC_9152__52157-1.jpg\" \/>\n\t<meta property=\"og:image:width\" content=\"800\" \/>\n\t<meta property=\"og:image:height\" content=\"643\" \/>\n\t<meta property=\"og:image:type\" content=\"image\/jpeg\" \/>\n<meta name=\"twitter:card\" content=\"summary_large_image\" \/>\n<meta name=\"twitter:label1\" content=\"Tempo di lettura stimato\" \/>\n\t<meta name=\"twitter:data1\" content=\"2 minuti\" \/>\n<script type=\"application\/ld+json\" class=\"yoast-schema-graph\">{\"@context\":\"https:\\\/\\\/schema.org\",\"@graph\":[{\"@type\":\"WebPage\",\"@id\":\"https:\\\/\\\/brouns.eu\\\/it\\\/product\\\/restauro-delle-finestre\\\/riscaldatore-di-velocita-cobra\\\/\",\"url\":\"https:\\\/\\\/brouns.eu\\\/it\\\/product\\\/restauro-delle-finestre\\\/riscaldatore-di-velocita-cobra\\\/\",\"name\":\"Riscaldatore di velocit\u00e0 Cobra - Brouns &amp; Co EU\",\"isPartOf\":{\"@id\":\"https:\\\/\\\/brouns.eu\\\/it\\\/#website\"},\"primaryImageOfPage\":{\"@id\":\"https:\\\/\\\/brouns.eu\\\/it\\\/product\\\/restauro-delle-finestre\\\/riscaldatore-di-velocita-cobra\\\/#primaryimage\"},\"image\":{\"@id\":\"https:\\\/\\\/brouns.eu\\\/it\\\/product\\\/restauro-delle-finestre\\\/riscaldatore-di-velocita-cobra\\\/#primaryimage\"},\"thumbnailUrl\":\"https:\\\/\\\/brouns.eu\\\/wp-content\\\/uploads\\\/2024\\\/10\\\/DSC_9152__52157-1.jpg\",\"datePublished\":\"2024-10-29T21:27:25+00:00\",\"breadcrumb\":{\"@id\":\"https:\\\/\\\/brouns.eu\\\/it\\\/product\\\/restauro-delle-finestre\\\/riscaldatore-di-velocita-cobra\\\/#breadcrumb\"},\"inLanguage\":\"it-IT\",\"potentialAction\":[{\"@type\":\"ReadAction\",\"target\":[\"https:\\\/\\\/brouns.eu\\\/it\\\/product\\\/restauro-delle-finestre\\\/riscaldatore-di-velocita-cobra\\\/\"]}]},{\"@type\":\"ImageObject\",\"inLanguage\":\"it-IT\",\"@id\":\"https:\\\/\\\/brouns.eu\\\/it\\\/product\\\/restauro-delle-finestre\\\/riscaldatore-di-velocita-cobra\\\/#primaryimage\",\"url\":\"https:\\\/\\\/brouns.eu\\\/wp-content\\\/uploads\\\/2024\\\/10\\\/DSC_9152__52157-1.jpg\",\"contentUrl\":\"https:\\\/\\\/brouns.eu\\\/wp-content\\\/uploads\\\/2024\\\/10\\\/DSC_9152__52157-1.jpg\",\"width\":800,\"height\":643},{\"@type\":\"BreadcrumbList\",\"@id\":\"https:\\\/\\\/brouns.eu\\\/it\\\/product\\\/restauro-delle-finestre\\\/riscaldatore-di-velocita-cobra\\\/#breadcrumb\",\"itemListElement\":[{\"@type\":\"ListItem\",\"position\":1,\"name\":\"Home\",\"item\":\"https:\\\/\\\/brouns.eu\\\/it\\\/\"},{\"@type\":\"ListItem\",\"position\":2,\"name\":\"Negozio\",\"item\":\"https:\\\/\\\/brouns.eu\\\/negozio\\\/\"},{\"@type\":\"ListItem\",\"position\":3,\"name\":\"Riscaldatore di velocit\u00e0 Cobra\"}]},{\"@type\":\"WebSite\",\"@id\":\"https:\\\/\\\/brouns.eu\\\/it\\\/#website\",\"url\":\"https:\\\/\\\/brouns.eu\\\/it\\\/\",\"name\":\"Brouns &amp; Co EU\",\"description\":\"\",\"publisher\":{\"@id\":\"https:\\\/\\\/brouns.eu\\\/it\\\/#organization\"},\"potentialAction\":[{\"@type\":\"SearchAction\",\"target\":{\"@type\":\"EntryPoint\",\"urlTemplate\":\"https:\\\/\\\/brouns.eu\\\/it\\\/?s={search_term_string}\"},\"query-input\":{\"@type\":\"PropertyValueSpecification\",\"valueRequired\":true,\"valueName\":\"search_term_string\"}}],\"inLanguage\":\"it-IT\"},{\"@type\":\"Organization\",\"@id\":\"https:\\\/\\\/brouns.eu\\\/it\\\/#organization\",\"name\":\"Brouns &amp; Co EU\",\"url\":\"https:\\\/\\\/brouns.eu\\\/it\\\/\",\"logo\":{\"@type\":\"ImageObject\",\"inLanguage\":\"it-IT\",\"@id\":\"https:\\\/\\\/brouns.eu\\\/it\\\/#\\\/schema\\\/logo\\\/image\\\/\",\"url\":\"https:\\\/\\\/brouns.eu\\\/wp-content\\\/uploads\\\/2024\\\/04\\\/Brouns-_-co-Logo-no-linseed-paint-oil.png\",\"contentUrl\":\"https:\\\/\\\/brouns.eu\\\/wp-content\\\/uploads\\\/2024\\\/04\\\/Brouns-_-co-Logo-no-linseed-paint-oil.png\",\"width\":650,\"height\":60,\"caption\":\"Brouns &amp; Co EU\"},\"image\":{\"@id\":\"https:\\\/\\\/brouns.eu\\\/it\\\/#\\\/schema\\\/logo\\\/image\\\/\"}}]}<\/script>\n<!-- \/ Yoast SEO plugin. -->","yoast_head_json":{"title":"Riscaldatore di velocit\u00e0 Cobra - Brouns &amp; Co EU","robots":{"index":"index","follow":"follow","max-snippet":"max-snippet:-1","max-image-preview":"max-image-preview:large","max-video-preview":"max-video-preview:-1"},"canonical":"https:\/\/brouns.eu\/it\/product\/restauro-delle-finestre\/riscaldatore-di-velocita-cobra\/","og_locale":"it_IT","og_type":"article","og_title":"Riscaldatore di velocit\u00e0 Cobra - Brouns &amp; Co EU","og_description":"Il massimo della rimozione rapida e sicura della vernice. Non prenderai mai pi\u00f9 in mano una pistola ad aria calda. Il sistema originale svedese Speedheater utilizza un delicato calore a infrarossi per rimuovere brillantemente vernice, smalto e stucco a temperature pi\u00f9 basse, cos\u00ec puoi dire addio al legno bruciato e al vetro rotto. Rimuove in modo sicuro anche la vernice al piombo. Dopo solo pochi secondi di esposizione, Speedheater Cobra ti consente di raschiare via facilmente la vecchia vernice, anche in quelle fastidiose aree difficili da raggiungere. Guarda il nostro video sulla rimozione della vernice.   Leggero (appena pi\u00f9 di mezzo chilo), veloce da installare e facile da inclinare, lo Speedheater Cobra semplifica la rimozione della vernice sia da ampie distese di vernice che da angoli e fessure difficili. \u00c8 perfetto per rimuovere la vecchia vernice da mobili, infissi di porte e finestre, dettagli marini e scale. Forniamo anche lampadine di ricambio.  Se lo Speedheater Cobra \u00e8 per uso domestico, allora hai bisogno dell'opzione 220V che ha la spina standard UK a 3 pin. In alternativa, l'opzione 110v \u00e8 per luoghi di lavoro\/cantieri e ha una spina diversa come questa:","og_url":"https:\/\/brouns.eu\/it\/product\/restauro-delle-finestre\/riscaldatore-di-velocita-cobra\/","og_site_name":"Brouns &amp; Co EU","og_image":[{"width":800,"height":643,"url":"https:\/\/brouns.eu\/wp-content\/uploads\/2024\/10\/DSC_9152__52157-1.jpg","type":"image\/jpeg"}],"twitter_card":"summary_large_image","twitter_misc":{"Tempo di lettura stimato":"2 minuti"},"schema":{"@context":"https:\/\/schema.org","@graph":[{"@type":"WebPage","@id":"https:\/\/brouns.eu\/it\/product\/restauro-delle-finestre\/riscaldatore-di-velocita-cobra\/","url":"https:\/\/brouns.eu\/it\/product\/restauro-delle-finestre\/riscaldatore-di-velocita-cobra\/","name":"Riscaldatore di velocit\u00e0 Cobra - Brouns &amp; Co EU","isPartOf":{"@id":"https:\/\/brouns.eu\/it\/#website"},"primaryImageOfPage":{"@id":"https:\/\/brouns.eu\/it\/product\/restauro-delle-finestre\/riscaldatore-di-velocita-cobra\/#primaryimage"},"image":{"@id":"https:\/\/brouns.eu\/it\/product\/restauro-delle-finestre\/riscaldatore-di-velocita-cobra\/#primaryimage"},"thumbnailUrl":"https:\/\/brouns.eu\/wp-content\/uploads\/2024\/10\/DSC_9152__52157-1.jpg","datePublished":"2024-10-29T21:27:25+00:00","breadcrumb":{"@id":"https:\/\/brouns.eu\/it\/product\/restauro-delle-finestre\/riscaldatore-di-velocita-cobra\/#breadcrumb"},"inLanguage":"it-IT","potentialAction":[{"@type":"ReadAction","target":["https:\/\/brouns.eu\/it\/product\/restauro-delle-finestre\/riscaldatore-di-velocita-cobra\/"]}]},{"@type":"ImageObject","inLanguage":"it-IT","@id":"https:\/\/brouns.eu\/it\/product\/restauro-delle-finestre\/riscaldatore-di-velocita-cobra\/#primaryimage","url":"https:\/\/brouns.eu\/wp-content\/uploads\/2024\/10\/DSC_9152__52157-1.jpg","contentUrl":"https:\/\/brouns.eu\/wp-content\/uploads\/2024\/10\/DSC_9152__52157-1.jpg","width":800,"height":643},{"@type":"BreadcrumbList","@id":"https:\/\/brouns.eu\/it\/product\/restauro-delle-finestre\/riscaldatore-di-velocita-cobra\/#breadcrumb","itemListElement":[{"@type":"ListItem","position":1,"name":"Home","item":"https:\/\/brouns.eu\/it\/"},{"@type":"ListItem","position":2,"name":"Negozio","item":"https:\/\/brouns.eu\/negozio\/"},{"@type":"ListItem","position":3,"name":"Riscaldatore di velocit\u00e0 Cobra"}]},{"@type":"WebSite","@id":"https:\/\/brouns.eu\/it\/#website","url":"https:\/\/brouns.eu\/it\/","name":"Brouns &amp; Co EU","description":"","publisher":{"@id":"https:\/\/brouns.eu\/it\/#organization"},"potentialAction":[{"@type":"SearchAction","target":{"@type":"EntryPoint","urlTemplate":"https:\/\/brouns.eu\/it\/?s={search_term_string}"},"query-input":{"@type":"PropertyValueSpecification","valueRequired":true,"valueName":"search_term_string"}}],"inLanguage":"it-IT"},{"@type":"Organization","@id":"https:\/\/brouns.eu\/it\/#organization","name":"Brouns &amp; Co EU","url":"https:\/\/brouns.eu\/it\/","logo":{"@type":"ImageObject","inLanguage":"it-IT","@id":"https:\/\/brouns.eu\/it\/#\/schema\/logo\/image\/","url":"https:\/\/brouns.eu\/wp-content\/uploads\/2024\/04\/Brouns-_-co-Logo-no-linseed-paint-oil.png","contentUrl":"https:\/\/brouns.eu\/wp-content\/uploads\/2024\/04\/Brouns-_-co-Logo-no-linseed-paint-oil.png","width":650,"height":60,"caption":"Brouns &amp; Co EU"},"image":{"@id":"https:\/\/brouns.eu\/it\/#\/schema\/logo\/image\/"}}]}},"_links":{"self":[{"href":"https:\/\/brouns.eu\/it\/wp-json\/wp\/v2\/product\/21382","targetHints":{"allow":["GET"]}}],"collection":[{"href":"https:\/\/brouns.eu\/it\/wp-json\/wp\/v2\/product"}],"about":[{"href":"https:\/\/brouns.eu\/it\/wp-json\/wp\/v2\/types\/product"}],"replies":[{"embeddable":true,"href":"https:\/\/brouns.eu\/it\/wp-json\/wp\/v2\/comments?post=21382"}],"version-history":[{"count":0,"href":"https:\/\/brouns.eu\/it\/wp-json\/wp\/v2\/product\/21382\/revisions"}],"wp:featuredmedia":[{"embeddable":true,"href":"https:\/\/brouns.eu\/it\/wp-json\/wp\/v2\/media\/21385"}],"wp:attachment":[{"href":"https:\/\/brouns.eu\/it\/wp-json\/wp\/v2\/media?parent=21382"}],"wp:term":[{"taxonomy":"product_brand","embeddable":true,"href":"https:\/\/brouns.eu\/it\/wp-json\/wp\/v2\/product_brand?post=21382"},{"taxonomy":"product_cat","embeddable":true,"href":"https:\/\/brouns.eu\/it\/wp-json\/wp\/v2\/product_cat?post=21382"},{"taxonomy":"product_tag","embeddable":true,"href":"https:\/\/brouns.eu\/it\/wp-json\/wp\/v2\/product_tag?post=21382"}],"curies":[{"name":"wp","href":"https:\/\/api.w.org\/{rel}","templated":true}]}}