{"id":21319,"date":"2024-10-29T21:27:32","date_gmt":"2024-10-29T21:27:32","guid":{"rendered":"https:\/\/brouns.eu\/product\/senza-categoria\/dock-di-stoppa\/"},"modified":"2024-10-29T21:27:32","modified_gmt":"2024-10-29T21:27:32","slug":"dock-di-stoppa","status":"publish","type":"product","link":"https:\/\/brouns.eu\/it\/product\/stucco-e-stoppa\/dock-di-stoppa\/","title":{"rendered":"Dock di stoppa"},"content":{"rendered":"","protected":false},"excerpt":{"rendered":"<p>Oakum \u00e8 una corda fatta di fibre di lino imbevute di catrame di pino (o catrame di Stoccolma) e costituisce un metodo di calafataggio formidabile per sigillare giunti o riempire fessure nel legno. Queste fibre vengono spinte nella cucitura a forma di cuneo tra assi o in grandi fori. La calafatatura viene quindi ricoperta con <a href=\"https:\/\/brouns.eu\/linseed-window-putty-filler\/\">stucco all&#8217;olio di lino<\/a> che pu\u00f2 poi essere verniciato con <a href=\"https:\/\/brouns.eu\/linseed-paint\/\">vernice all&#8217;olio di lino<\/a> . In origine questo veniva utilizzato nel settore delle spedizioni per riempire crepe tra assi di legno. Il nostro Oakum pu\u00f2 essere facilmente strappato in pezzi pi\u00f9 piccoli per adattarsi alla tua applicazione.    <\/p>\n<p>Come guida approssimativa, 1 kg (2,2 libbre) riempir\u00e0 circa 4-5 metri lineari (13-16 piedi), ma questo dipender\u00e0 dalla grandezza degli spazi.<\/p>\n","protected":false},"featured_media":21323,"comment_status":"open","ping_status":"closed","template":"","meta":{"_acf_changed":false,"site-sidebar-layout":"default","site-content-layout":"","ast-site-content-layout":"default","site-content-style":"default","site-sidebar-style":"default","ast-global-header-display":"","ast-banner-title-visibility":"","ast-main-header-display":"","ast-hfb-above-header-display":"","ast-hfb-below-header-display":"","ast-hfb-mobile-header-display":"","site-post-title":"","ast-breadcrumbs-content":"","ast-featured-img":"","footer-sml-layout":"","ast-disable-related-posts":"","theme-transparent-header-meta":"default","adv-header-id-meta":"","stick-header-meta":"default","header-above-stick-meta":"","header-main-stick-meta":"","header-below-stick-meta":"","astra-migrate-meta-layouts":"default","ast-page-background-enabled":"default","ast-page-background-meta":{"desktop":{"background-color":"","background-image":"","background-repeat":"repeat","background-position":"center center","background-size":"auto","background-attachment":"scroll","background-type":"","background-media":"","overlay-type":"","overlay-color":"","overlay-opacity":"","overlay-gradient":""},"tablet":{"background-color":"","background-image":"","background-repeat":"repeat","background-position":"center center","background-size":"auto","background-attachment":"scroll","background-type":"","background-media":"","overlay-type":"","overlay-color":"","overlay-opacity":"","overlay-gradient":""},"mobile":{"background-color":"","background-image":"","background-repeat":"repeat","background-position":"center center","background-size":"auto","background-attachment":"scroll","background-type":"","background-media":"","overlay-type":"","overlay-color":"","overlay-opacity":"","overlay-gradient":""}},"ast-content-background-meta":{"desktop":{"background-color":"var(--ast-global-color-5)","background-image":"","background-repeat":"repeat","background-position":"center center","background-size":"auto","background-attachment":"scroll","background-type":"","background-media":"","overlay-type":"","overlay-color":"","overlay-opacity":"","overlay-gradient":""},"tablet":{"background-color":"var(--ast-global-color-5)","background-image":"","background-repeat":"repeat","background-position":"center center","background-size":"auto","background-attachment":"scroll","background-type":"","background-media":"","overlay-type":"","overlay-color":"","overlay-opacity":"","overlay-gradient":""},"mobile":{"background-color":"var(--ast-global-color-5)","background-image":"","background-repeat":"repeat","background-position":"center center","background-size":"auto","background-attachment":"scroll","background-type":"","background-media":"","overlay-type":"","overlay-color":"","overlay-opacity":"","overlay-gradient":""}},"ngg_post_thumbnail":0},"product_brand":[],"product_cat":[440,439],"product_tag":[],"class_list":{"0":"post-21319","1":"product","2":"type-product","3":"status-publish","4":"has-post-thumbnail","6":"product_cat-restauro-delle-finestre","7":"product_cat-stucco-e-stoppa","8":"pa_size-dimensioni-1-kg","9":"pa_size-dimensioni-500g","10":"pa_size-dimensioni-5kg","11":"desktop-align-center","12":"tablet-align-center","13":"mobile-align-center","14":"ast-product-gallery-layout-horizontal","15":"ast-product-gallery-with-no-image","16":"ast-product-single-variable","17":"ast-product-tabs-layout-horizontal","18":"ast-qv-on-image","20":"first","21":"instock","22":"taxable","23":"shipping-taxable","24":"purchasable","25":"product-type-variable"},"acf":[],"yoast_head":"<!-- This site is optimized with the Yoast SEO plugin v27.4 - https:\/\/yoast.com\/product\/yoast-seo-wordpress\/ -->\n<title>Dock di stoppa - Brouns &amp; Co EU<\/title>\n<meta name=\"robots\" content=\"index, follow, max-snippet:-1, max-image-preview:large, max-video-preview:-1\" \/>\n<link rel=\"canonical\" href=\"https:\/\/brouns.eu\/it\/product\/stucco-e-stoppa\/dock-di-stoppa\/\" \/>\n<meta property=\"og:locale\" content=\"it_IT\" \/>\n<meta property=\"og:type\" content=\"article\" \/>\n<meta property=\"og:title\" content=\"Dock di stoppa - Brouns &amp; Co EU\" \/>\n<meta property=\"og:description\" content=\"Oakum \u00e8 una corda fatta di fibre di lino imbevute di catrame di pino (o catrame di Stoccolma) e costituisce un metodo di calafataggio formidabile per sigillare giunti o riempire fessure nel legno. Queste fibre vengono spinte nella cucitura a forma di cuneo tra assi o in grandi fori. La calafatatura viene quindi ricoperta con stucco all&#039;olio di lino che pu\u00f2 poi essere verniciato con vernice all&#039;olio di lino . In origine questo veniva utilizzato nel settore delle spedizioni per riempire crepe tra assi di legno. Il nostro Oakum pu\u00f2 essere facilmente strappato in pezzi pi\u00f9 piccoli per adattarsi alla tua applicazione.   Come guida approssimativa, 1 kg (2,2 libbre) riempir\u00e0 circa 4-5 metri lineari (13-16 piedi), ma questo dipender\u00e0 dalla grandezza degli spazi.\" \/>\n<meta property=\"og:url\" content=\"https:\/\/brouns.eu\/it\/product\/stucco-e-stoppa\/dock-di-stoppa\/\" \/>\n<meta property=\"og:site_name\" content=\"Brouns &amp; Co EU\" \/>\n<meta property=\"og:image\" content=\"https:\/\/brouns.eu\/wp-content\/uploads\/2024\/07\/Oakum_Docka.jpg\" \/>\n\t<meta property=\"og:image:width\" content=\"640\" \/>\n\t<meta property=\"og:image:height\" content=\"800\" \/>\n\t<meta property=\"og:image:type\" content=\"image\/jpeg\" \/>\n<meta name=\"twitter:card\" content=\"summary_large_image\" \/>\n<script type=\"application\/ld+json\" class=\"yoast-schema-graph\">{\"@context\":\"https:\\\/\\\/schema.org\",\"@graph\":[{\"@type\":\"WebPage\",\"@id\":\"https:\\\/\\\/brouns.eu\\\/it\\\/product\\\/stucco-e-stoppa\\\/dock-di-stoppa\\\/\",\"url\":\"https:\\\/\\\/brouns.eu\\\/it\\\/product\\\/stucco-e-stoppa\\\/dock-di-stoppa\\\/\",\"name\":\"Dock di stoppa - Brouns &amp; Co EU\",\"isPartOf\":{\"@id\":\"https:\\\/\\\/brouns.eu\\\/it\\\/#website\"},\"primaryImageOfPage\":{\"@id\":\"https:\\\/\\\/brouns.eu\\\/it\\\/product\\\/stucco-e-stoppa\\\/dock-di-stoppa\\\/#primaryimage\"},\"image\":{\"@id\":\"https:\\\/\\\/brouns.eu\\\/it\\\/product\\\/stucco-e-stoppa\\\/dock-di-stoppa\\\/#primaryimage\"},\"thumbnailUrl\":\"https:\\\/\\\/brouns.eu\\\/wp-content\\\/uploads\\\/2024\\\/07\\\/Oakum_Docka.jpg\",\"datePublished\":\"2024-10-29T21:27:32+00:00\",\"breadcrumb\":{\"@id\":\"https:\\\/\\\/brouns.eu\\\/it\\\/product\\\/stucco-e-stoppa\\\/dock-di-stoppa\\\/#breadcrumb\"},\"inLanguage\":\"it-IT\",\"potentialAction\":[{\"@type\":\"ReadAction\",\"target\":[\"https:\\\/\\\/brouns.eu\\\/it\\\/product\\\/stucco-e-stoppa\\\/dock-di-stoppa\\\/\"]}]},{\"@type\":\"ImageObject\",\"inLanguage\":\"it-IT\",\"@id\":\"https:\\\/\\\/brouns.eu\\\/it\\\/product\\\/stucco-e-stoppa\\\/dock-di-stoppa\\\/#primaryimage\",\"url\":\"https:\\\/\\\/brouns.eu\\\/wp-content\\\/uploads\\\/2024\\\/07\\\/Oakum_Docka.jpg\",\"contentUrl\":\"https:\\\/\\\/brouns.eu\\\/wp-content\\\/uploads\\\/2024\\\/07\\\/Oakum_Docka.jpg\",\"width\":640,\"height\":800},{\"@type\":\"BreadcrumbList\",\"@id\":\"https:\\\/\\\/brouns.eu\\\/it\\\/product\\\/stucco-e-stoppa\\\/dock-di-stoppa\\\/#breadcrumb\",\"itemListElement\":[{\"@type\":\"ListItem\",\"position\":1,\"name\":\"Home\",\"item\":\"https:\\\/\\\/brouns.eu\\\/it\\\/\"},{\"@type\":\"ListItem\",\"position\":2,\"name\":\"Negozio\",\"item\":\"https:\\\/\\\/brouns.eu\\\/negozio\\\/\"},{\"@type\":\"ListItem\",\"position\":3,\"name\":\"Dock di stoppa\"}]},{\"@type\":\"WebSite\",\"@id\":\"https:\\\/\\\/brouns.eu\\\/it\\\/#website\",\"url\":\"https:\\\/\\\/brouns.eu\\\/it\\\/\",\"name\":\"Brouns &amp; Co EU\",\"description\":\"\",\"publisher\":{\"@id\":\"https:\\\/\\\/brouns.eu\\\/it\\\/#organization\"},\"potentialAction\":[{\"@type\":\"SearchAction\",\"target\":{\"@type\":\"EntryPoint\",\"urlTemplate\":\"https:\\\/\\\/brouns.eu\\\/it\\\/?s={search_term_string}\"},\"query-input\":{\"@type\":\"PropertyValueSpecification\",\"valueRequired\":true,\"valueName\":\"search_term_string\"}}],\"inLanguage\":\"it-IT\"},{\"@type\":\"Organization\",\"@id\":\"https:\\\/\\\/brouns.eu\\\/it\\\/#organization\",\"name\":\"Brouns &amp; Co EU\",\"url\":\"https:\\\/\\\/brouns.eu\\\/it\\\/\",\"logo\":{\"@type\":\"ImageObject\",\"inLanguage\":\"it-IT\",\"@id\":\"https:\\\/\\\/brouns.eu\\\/it\\\/#\\\/schema\\\/logo\\\/image\\\/\",\"url\":\"https:\\\/\\\/brouns.eu\\\/wp-content\\\/uploads\\\/2024\\\/04\\\/Brouns-_-co-Logo-no-linseed-paint-oil.png\",\"contentUrl\":\"https:\\\/\\\/brouns.eu\\\/wp-content\\\/uploads\\\/2024\\\/04\\\/Brouns-_-co-Logo-no-linseed-paint-oil.png\",\"width\":650,\"height\":60,\"caption\":\"Brouns &amp; Co EU\"},\"image\":{\"@id\":\"https:\\\/\\\/brouns.eu\\\/it\\\/#\\\/schema\\\/logo\\\/image\\\/\"}}]}<\/script>\n<!-- \/ Yoast SEO plugin. -->","yoast_head_json":{"title":"Dock di stoppa - Brouns &amp; Co EU","robots":{"index":"index","follow":"follow","max-snippet":"max-snippet:-1","max-image-preview":"max-image-preview:large","max-video-preview":"max-video-preview:-1"},"canonical":"https:\/\/brouns.eu\/it\/product\/stucco-e-stoppa\/dock-di-stoppa\/","og_locale":"it_IT","og_type":"article","og_title":"Dock di stoppa - Brouns &amp; Co EU","og_description":"Oakum \u00e8 una corda fatta di fibre di lino imbevute di catrame di pino (o catrame di Stoccolma) e costituisce un metodo di calafataggio formidabile per sigillare giunti o riempire fessure nel legno. Queste fibre vengono spinte nella cucitura a forma di cuneo tra assi o in grandi fori. La calafatatura viene quindi ricoperta con stucco all'olio di lino che pu\u00f2 poi essere verniciato con vernice all'olio di lino . In origine questo veniva utilizzato nel settore delle spedizioni per riempire crepe tra assi di legno. Il nostro Oakum pu\u00f2 essere facilmente strappato in pezzi pi\u00f9 piccoli per adattarsi alla tua applicazione.   Come guida approssimativa, 1 kg (2,2 libbre) riempir\u00e0 circa 4-5 metri lineari (13-16 piedi), ma questo dipender\u00e0 dalla grandezza degli spazi.","og_url":"https:\/\/brouns.eu\/it\/product\/stucco-e-stoppa\/dock-di-stoppa\/","og_site_name":"Brouns &amp; Co EU","og_image":[{"width":640,"height":800,"url":"https:\/\/brouns.eu\/wp-content\/uploads\/2024\/07\/Oakum_Docka.jpg","type":"image\/jpeg"}],"twitter_card":"summary_large_image","schema":{"@context":"https:\/\/schema.org","@graph":[{"@type":"WebPage","@id":"https:\/\/brouns.eu\/it\/product\/stucco-e-stoppa\/dock-di-stoppa\/","url":"https:\/\/brouns.eu\/it\/product\/stucco-e-stoppa\/dock-di-stoppa\/","name":"Dock di stoppa - Brouns &amp; Co EU","isPartOf":{"@id":"https:\/\/brouns.eu\/it\/#website"},"primaryImageOfPage":{"@id":"https:\/\/brouns.eu\/it\/product\/stucco-e-stoppa\/dock-di-stoppa\/#primaryimage"},"image":{"@id":"https:\/\/brouns.eu\/it\/product\/stucco-e-stoppa\/dock-di-stoppa\/#primaryimage"},"thumbnailUrl":"https:\/\/brouns.eu\/wp-content\/uploads\/2024\/07\/Oakum_Docka.jpg","datePublished":"2024-10-29T21:27:32+00:00","breadcrumb":{"@id":"https:\/\/brouns.eu\/it\/product\/stucco-e-stoppa\/dock-di-stoppa\/#breadcrumb"},"inLanguage":"it-IT","potentialAction":[{"@type":"ReadAction","target":["https:\/\/brouns.eu\/it\/product\/stucco-e-stoppa\/dock-di-stoppa\/"]}]},{"@type":"ImageObject","inLanguage":"it-IT","@id":"https:\/\/brouns.eu\/it\/product\/stucco-e-stoppa\/dock-di-stoppa\/#primaryimage","url":"https:\/\/brouns.eu\/wp-content\/uploads\/2024\/07\/Oakum_Docka.jpg","contentUrl":"https:\/\/brouns.eu\/wp-content\/uploads\/2024\/07\/Oakum_Docka.jpg","width":640,"height":800},{"@type":"BreadcrumbList","@id":"https:\/\/brouns.eu\/it\/product\/stucco-e-stoppa\/dock-di-stoppa\/#breadcrumb","itemListElement":[{"@type":"ListItem","position":1,"name":"Home","item":"https:\/\/brouns.eu\/it\/"},{"@type":"ListItem","position":2,"name":"Negozio","item":"https:\/\/brouns.eu\/negozio\/"},{"@type":"ListItem","position":3,"name":"Dock di stoppa"}]},{"@type":"WebSite","@id":"https:\/\/brouns.eu\/it\/#website","url":"https:\/\/brouns.eu\/it\/","name":"Brouns &amp; Co EU","description":"","publisher":{"@id":"https:\/\/brouns.eu\/it\/#organization"},"potentialAction":[{"@type":"SearchAction","target":{"@type":"EntryPoint","urlTemplate":"https:\/\/brouns.eu\/it\/?s={search_term_string}"},"query-input":{"@type":"PropertyValueSpecification","valueRequired":true,"valueName":"search_term_string"}}],"inLanguage":"it-IT"},{"@type":"Organization","@id":"https:\/\/brouns.eu\/it\/#organization","name":"Brouns &amp; Co EU","url":"https:\/\/brouns.eu\/it\/","logo":{"@type":"ImageObject","inLanguage":"it-IT","@id":"https:\/\/brouns.eu\/it\/#\/schema\/logo\/image\/","url":"https:\/\/brouns.eu\/wp-content\/uploads\/2024\/04\/Brouns-_-co-Logo-no-linseed-paint-oil.png","contentUrl":"https:\/\/brouns.eu\/wp-content\/uploads\/2024\/04\/Brouns-_-co-Logo-no-linseed-paint-oil.png","width":650,"height":60,"caption":"Brouns &amp; Co EU"},"image":{"@id":"https:\/\/brouns.eu\/it\/#\/schema\/logo\/image\/"}}]}},"_links":{"self":[{"href":"https:\/\/brouns.eu\/it\/wp-json\/wp\/v2\/product\/21319","targetHints":{"allow":["GET"]}}],"collection":[{"href":"https:\/\/brouns.eu\/it\/wp-json\/wp\/v2\/product"}],"about":[{"href":"https:\/\/brouns.eu\/it\/wp-json\/wp\/v2\/types\/product"}],"replies":[{"embeddable":true,"href":"https:\/\/brouns.eu\/it\/wp-json\/wp\/v2\/comments?post=21319"}],"version-history":[{"count":0,"href":"https:\/\/brouns.eu\/it\/wp-json\/wp\/v2\/product\/21319\/revisions"}],"wp:featuredmedia":[{"embeddable":true,"href":"https:\/\/brouns.eu\/it\/wp-json\/wp\/v2\/media\/21323"}],"wp:attachment":[{"href":"https:\/\/brouns.eu\/it\/wp-json\/wp\/v2\/media?parent=21319"}],"wp:term":[{"taxonomy":"product_brand","embeddable":true,"href":"https:\/\/brouns.eu\/it\/wp-json\/wp\/v2\/product_brand?post=21319"},{"taxonomy":"product_cat","embeddable":true,"href":"https:\/\/brouns.eu\/it\/wp-json\/wp\/v2\/product_cat?post=21319"},{"taxonomy":"product_tag","embeddable":true,"href":"https:\/\/brouns.eu\/it\/wp-json\/wp\/v2\/product_tag?post=21319"}],"curies":[{"name":"wp","href":"https:\/\/api.w.org\/{rel}","templated":true}]}}