{"id":21275,"date":"2024-10-29T21:27:32","date_gmt":"2024-10-29T21:27:32","guid":{"rendered":"https:\/\/brouns.eu\/product\/senza-categoria\/olio-di-catrame-di-semi-di-lino\/"},"modified":"2025-04-08T15:35:44","modified_gmt":"2025-04-08T14:35:44","slug":"olio-di-catrame-di-semi-di-lino","status":"publish","type":"product","link":"https:\/\/brouns.eu\/it\/product\/oli\/olio-di-catrame-di-semi-di-lino\/","title":{"rendered":"Olio di catrame di semi di lino"},"content":{"rendered":"","protected":false},"excerpt":{"rendered":"<p>Il pi\u00f9 tradizionale dei trattamenti, risalente a secoli se non millenni fa. \u00c8 fatto con olio di lino e catrame di pino. Per il trattamento del legno esterno come annessi, traversine, ponti, recinzioni e terrazze. Basta applicare a pennello in strati sottili per quella finitura brunastra sul pino.   <\/p>\n<p>Applicare l&#8217;olio di catrame fino a saturare il legno con la prima mano, poi una volta all&#8217;anno per i primi 3 anni e in seguito una mano di rinfresco ogni 2-3 anni.<\/p>\n<p>La copertura pu\u00f2 essere compresa tra 7 e 15 m <sup>2<\/sup> per litro per mano. Dipende da quanto \u00e8 assorbente e ruvido il legno, nonch\u00e9 da quante mani vuoi applicare. <\/p>\n<p>Ecco un esempio dell&#8217;olio di catrame utilizzato nel cancello della chiesa di Whixley nel North Yorkshire<\/p>\n","protected":false},"featured_media":21286,"comment_status":"open","ping_status":"closed","template":"","meta":{"_acf_changed":false,"site-sidebar-layout":"default","site-content-layout":"","ast-site-content-layout":"default","site-content-style":"default","site-sidebar-style":"default","ast-global-header-display":"","ast-banner-title-visibility":"","ast-main-header-display":"","ast-hfb-above-header-display":"","ast-hfb-below-header-display":"","ast-hfb-mobile-header-display":"","site-post-title":"","ast-breadcrumbs-content":"","ast-featured-img":"","footer-sml-layout":"","ast-disable-related-posts":"","theme-transparent-header-meta":"default","adv-header-id-meta":"","stick-header-meta":"default","header-above-stick-meta":"","header-main-stick-meta":"","header-below-stick-meta":"","astra-migrate-meta-layouts":"default","ast-page-background-enabled":"default","ast-page-background-meta":{"desktop":{"background-color":"","background-image":"","background-repeat":"repeat","background-position":"center center","background-size":"auto","background-attachment":"scroll","background-type":"","background-media":"","overlay-type":"","overlay-color":"","overlay-opacity":"","overlay-gradient":""},"tablet":{"background-color":"","background-image":"","background-repeat":"repeat","background-position":"center center","background-size":"auto","background-attachment":"scroll","background-type":"","background-media":"","overlay-type":"","overlay-color":"","overlay-opacity":"","overlay-gradient":""},"mobile":{"background-color":"","background-image":"","background-repeat":"repeat","background-position":"center center","background-size":"auto","background-attachment":"scroll","background-type":"","background-media":"","overlay-type":"","overlay-color":"","overlay-opacity":"","overlay-gradient":""}},"ast-content-background-meta":{"desktop":{"background-color":"var(--ast-global-color-5)","background-image":"","background-repeat":"repeat","background-position":"center center","background-size":"auto","background-attachment":"scroll","background-type":"","background-media":"","overlay-type":"","overlay-color":"","overlay-opacity":"","overlay-gradient":""},"tablet":{"background-color":"var(--ast-global-color-5)","background-image":"","background-repeat":"repeat","background-position":"center center","background-size":"auto","background-attachment":"scroll","background-type":"","background-media":"","overlay-type":"","overlay-color":"","overlay-opacity":"","overlay-gradient":""},"mobile":{"background-color":"var(--ast-global-color-5)","background-image":"","background-repeat":"repeat","background-position":"center center","background-size":"auto","background-attachment":"scroll","background-type":"","background-media":"","overlay-type":"","overlay-color":"","overlay-opacity":"","overlay-gradient":""}},"ngg_post_thumbnail":0},"product_brand":[],"product_cat":[434],"product_tag":[],"class_list":{"0":"post-21275","1":"product","2":"type-product","3":"status-publish","4":"has-post-thumbnail","6":"product_cat-oli","7":"pa_size-dimensioni-125-ml","8":"pa_size-dimensioni-1l","9":"pa_size-dimensioni-25l","10":"pa_size-dimensioni-5l","11":"desktop-align-center","12":"tablet-align-center","13":"mobile-align-center","14":"ast-product-gallery-layout-horizontal","15":"ast-product-single-variable","16":"ast-product-tabs-layout-horizontal","17":"ast-qv-on-image","19":"first","20":"outofstock","21":"taxable","22":"shipping-taxable","23":"purchasable","24":"product-type-variable"},"acf":[],"yoast_head":"<!-- This site is optimized with the Yoast SEO plugin v27.4 - https:\/\/yoast.com\/product\/yoast-seo-wordpress\/ -->\n<title>Olio di catrame di semi di lino - Brouns &amp; Co EU<\/title>\n<meta name=\"robots\" content=\"index, follow, max-snippet:-1, max-image-preview:large, max-video-preview:-1\" \/>\n<link rel=\"canonical\" href=\"https:\/\/brouns.eu\/it\/product\/oli\/olio-di-catrame-di-semi-di-lino\/\" \/>\n<meta property=\"og:locale\" content=\"it_IT\" \/>\n<meta property=\"og:type\" content=\"article\" \/>\n<meta property=\"og:title\" content=\"Olio di catrame di semi di lino - Brouns &amp; Co EU\" \/>\n<meta property=\"og:description\" content=\"Il pi\u00f9 tradizionale dei trattamenti, risalente a secoli se non millenni fa. \u00c8 fatto con olio di lino e catrame di pino. Per il trattamento del legno esterno come annessi, traversine, ponti, recinzioni e terrazze. Basta applicare a pennello in strati sottili per quella finitura brunastra sul pino.   Applicare l&#039;olio di catrame fino a saturare il legno con la prima mano, poi una volta all&#039;anno per i primi 3 anni e in seguito una mano di rinfresco ogni 2-3 anni. La copertura pu\u00f2 essere compresa tra 7 e 15 m 2 per litro per mano. Dipende da quanto \u00e8 assorbente e ruvido il legno, nonch\u00e9 da quante mani vuoi applicare.  Ecco un esempio dell&#039;olio di catrame utilizzato nel cancello della chiesa di Whixley nel North Yorkshire\" \/>\n<meta property=\"og:url\" content=\"https:\/\/brouns.eu\/it\/product\/oli\/olio-di-catrame-di-semi-di-lino\/\" \/>\n<meta property=\"og:site_name\" content=\"Brouns &amp; Co EU\" \/>\n<meta property=\"article:modified_time\" content=\"2025-04-08T14:35:44+00:00\" \/>\n<meta property=\"og:image\" content=\"https:\/\/brouns.eu\/wp-content\/uploads\/2024\/07\/Brouns_Co_Tar_Oil.jpg\" \/>\n\t<meta property=\"og:image:width\" content=\"800\" \/>\n\t<meta property=\"og:image:height\" content=\"800\" \/>\n\t<meta property=\"og:image:type\" content=\"image\/jpeg\" \/>\n<meta name=\"twitter:card\" content=\"summary_large_image\" \/>\n<script type=\"application\/ld+json\" class=\"yoast-schema-graph\">{\"@context\":\"https:\\\/\\\/schema.org\",\"@graph\":[{\"@type\":\"WebPage\",\"@id\":\"https:\\\/\\\/brouns.eu\\\/it\\\/product\\\/oli\\\/olio-di-catrame-di-semi-di-lino\\\/\",\"url\":\"https:\\\/\\\/brouns.eu\\\/it\\\/product\\\/oli\\\/olio-di-catrame-di-semi-di-lino\\\/\",\"name\":\"Olio di catrame di semi di lino - Brouns &amp; Co EU\",\"isPartOf\":{\"@id\":\"https:\\\/\\\/brouns.eu\\\/it\\\/#website\"},\"primaryImageOfPage\":{\"@id\":\"https:\\\/\\\/brouns.eu\\\/it\\\/product\\\/oli\\\/olio-di-catrame-di-semi-di-lino\\\/#primaryimage\"},\"image\":{\"@id\":\"https:\\\/\\\/brouns.eu\\\/it\\\/product\\\/oli\\\/olio-di-catrame-di-semi-di-lino\\\/#primaryimage\"},\"thumbnailUrl\":\"https:\\\/\\\/brouns.eu\\\/wp-content\\\/uploads\\\/2024\\\/07\\\/Brouns_Co_Tar_Oil.jpg\",\"datePublished\":\"2024-10-29T21:27:32+00:00\",\"dateModified\":\"2025-04-08T14:35:44+00:00\",\"breadcrumb\":{\"@id\":\"https:\\\/\\\/brouns.eu\\\/it\\\/product\\\/oli\\\/olio-di-catrame-di-semi-di-lino\\\/#breadcrumb\"},\"inLanguage\":\"it-IT\",\"potentialAction\":[{\"@type\":\"ReadAction\",\"target\":[\"https:\\\/\\\/brouns.eu\\\/it\\\/product\\\/oli\\\/olio-di-catrame-di-semi-di-lino\\\/\"]}]},{\"@type\":\"ImageObject\",\"inLanguage\":\"it-IT\",\"@id\":\"https:\\\/\\\/brouns.eu\\\/it\\\/product\\\/oli\\\/olio-di-catrame-di-semi-di-lino\\\/#primaryimage\",\"url\":\"https:\\\/\\\/brouns.eu\\\/wp-content\\\/uploads\\\/2024\\\/07\\\/Brouns_Co_Tar_Oil.jpg\",\"contentUrl\":\"https:\\\/\\\/brouns.eu\\\/wp-content\\\/uploads\\\/2024\\\/07\\\/Brouns_Co_Tar_Oil.jpg\",\"width\":800,\"height\":800},{\"@type\":\"BreadcrumbList\",\"@id\":\"https:\\\/\\\/brouns.eu\\\/it\\\/product\\\/oli\\\/olio-di-catrame-di-semi-di-lino\\\/#breadcrumb\",\"itemListElement\":[{\"@type\":\"ListItem\",\"position\":1,\"name\":\"Home\",\"item\":\"https:\\\/\\\/brouns.eu\\\/it\\\/\"},{\"@type\":\"ListItem\",\"position\":2,\"name\":\"Negozio\",\"item\":\"https:\\\/\\\/brouns.eu\\\/negozio\\\/\"},{\"@type\":\"ListItem\",\"position\":3,\"name\":\"Olio di catrame di semi di lino\"}]},{\"@type\":\"WebSite\",\"@id\":\"https:\\\/\\\/brouns.eu\\\/it\\\/#website\",\"url\":\"https:\\\/\\\/brouns.eu\\\/it\\\/\",\"name\":\"Brouns &amp; Co EU\",\"description\":\"\",\"publisher\":{\"@id\":\"https:\\\/\\\/brouns.eu\\\/it\\\/#organization\"},\"potentialAction\":[{\"@type\":\"SearchAction\",\"target\":{\"@type\":\"EntryPoint\",\"urlTemplate\":\"https:\\\/\\\/brouns.eu\\\/it\\\/?s={search_term_string}\"},\"query-input\":{\"@type\":\"PropertyValueSpecification\",\"valueRequired\":true,\"valueName\":\"search_term_string\"}}],\"inLanguage\":\"it-IT\"},{\"@type\":\"Organization\",\"@id\":\"https:\\\/\\\/brouns.eu\\\/it\\\/#organization\",\"name\":\"Brouns &amp; Co EU\",\"url\":\"https:\\\/\\\/brouns.eu\\\/it\\\/\",\"logo\":{\"@type\":\"ImageObject\",\"inLanguage\":\"it-IT\",\"@id\":\"https:\\\/\\\/brouns.eu\\\/it\\\/#\\\/schema\\\/logo\\\/image\\\/\",\"url\":\"https:\\\/\\\/brouns.eu\\\/wp-content\\\/uploads\\\/2024\\\/04\\\/Brouns-_-co-Logo-no-linseed-paint-oil.png\",\"contentUrl\":\"https:\\\/\\\/brouns.eu\\\/wp-content\\\/uploads\\\/2024\\\/04\\\/Brouns-_-co-Logo-no-linseed-paint-oil.png\",\"width\":650,\"height\":60,\"caption\":\"Brouns &amp; Co EU\"},\"image\":{\"@id\":\"https:\\\/\\\/brouns.eu\\\/it\\\/#\\\/schema\\\/logo\\\/image\\\/\"}}]}<\/script>\n<!-- \/ Yoast SEO plugin. -->","yoast_head_json":{"title":"Olio di catrame di semi di lino - Brouns &amp; Co EU","robots":{"index":"index","follow":"follow","max-snippet":"max-snippet:-1","max-image-preview":"max-image-preview:large","max-video-preview":"max-video-preview:-1"},"canonical":"https:\/\/brouns.eu\/it\/product\/oli\/olio-di-catrame-di-semi-di-lino\/","og_locale":"it_IT","og_type":"article","og_title":"Olio di catrame di semi di lino - Brouns &amp; Co EU","og_description":"Il pi\u00f9 tradizionale dei trattamenti, risalente a secoli se non millenni fa. \u00c8 fatto con olio di lino e catrame di pino. Per il trattamento del legno esterno come annessi, traversine, ponti, recinzioni e terrazze. Basta applicare a pennello in strati sottili per quella finitura brunastra sul pino.   Applicare l'olio di catrame fino a saturare il legno con la prima mano, poi una volta all'anno per i primi 3 anni e in seguito una mano di rinfresco ogni 2-3 anni. La copertura pu\u00f2 essere compresa tra 7 e 15 m 2 per litro per mano. Dipende da quanto \u00e8 assorbente e ruvido il legno, nonch\u00e9 da quante mani vuoi applicare.  Ecco un esempio dell'olio di catrame utilizzato nel cancello della chiesa di Whixley nel North Yorkshire","og_url":"https:\/\/brouns.eu\/it\/product\/oli\/olio-di-catrame-di-semi-di-lino\/","og_site_name":"Brouns &amp; Co EU","article_modified_time":"2025-04-08T14:35:44+00:00","og_image":[{"width":800,"height":800,"url":"https:\/\/brouns.eu\/wp-content\/uploads\/2024\/07\/Brouns_Co_Tar_Oil.jpg","type":"image\/jpeg"}],"twitter_card":"summary_large_image","schema":{"@context":"https:\/\/schema.org","@graph":[{"@type":"WebPage","@id":"https:\/\/brouns.eu\/it\/product\/oli\/olio-di-catrame-di-semi-di-lino\/","url":"https:\/\/brouns.eu\/it\/product\/oli\/olio-di-catrame-di-semi-di-lino\/","name":"Olio di catrame di semi di lino - Brouns &amp; Co EU","isPartOf":{"@id":"https:\/\/brouns.eu\/it\/#website"},"primaryImageOfPage":{"@id":"https:\/\/brouns.eu\/it\/product\/oli\/olio-di-catrame-di-semi-di-lino\/#primaryimage"},"image":{"@id":"https:\/\/brouns.eu\/it\/product\/oli\/olio-di-catrame-di-semi-di-lino\/#primaryimage"},"thumbnailUrl":"https:\/\/brouns.eu\/wp-content\/uploads\/2024\/07\/Brouns_Co_Tar_Oil.jpg","datePublished":"2024-10-29T21:27:32+00:00","dateModified":"2025-04-08T14:35:44+00:00","breadcrumb":{"@id":"https:\/\/brouns.eu\/it\/product\/oli\/olio-di-catrame-di-semi-di-lino\/#breadcrumb"},"inLanguage":"it-IT","potentialAction":[{"@type":"ReadAction","target":["https:\/\/brouns.eu\/it\/product\/oli\/olio-di-catrame-di-semi-di-lino\/"]}]},{"@type":"ImageObject","inLanguage":"it-IT","@id":"https:\/\/brouns.eu\/it\/product\/oli\/olio-di-catrame-di-semi-di-lino\/#primaryimage","url":"https:\/\/brouns.eu\/wp-content\/uploads\/2024\/07\/Brouns_Co_Tar_Oil.jpg","contentUrl":"https:\/\/brouns.eu\/wp-content\/uploads\/2024\/07\/Brouns_Co_Tar_Oil.jpg","width":800,"height":800},{"@type":"BreadcrumbList","@id":"https:\/\/brouns.eu\/it\/product\/oli\/olio-di-catrame-di-semi-di-lino\/#breadcrumb","itemListElement":[{"@type":"ListItem","position":1,"name":"Home","item":"https:\/\/brouns.eu\/it\/"},{"@type":"ListItem","position":2,"name":"Negozio","item":"https:\/\/brouns.eu\/negozio\/"},{"@type":"ListItem","position":3,"name":"Olio di catrame di semi di lino"}]},{"@type":"WebSite","@id":"https:\/\/brouns.eu\/it\/#website","url":"https:\/\/brouns.eu\/it\/","name":"Brouns &amp; Co EU","description":"","publisher":{"@id":"https:\/\/brouns.eu\/it\/#organization"},"potentialAction":[{"@type":"SearchAction","target":{"@type":"EntryPoint","urlTemplate":"https:\/\/brouns.eu\/it\/?s={search_term_string}"},"query-input":{"@type":"PropertyValueSpecification","valueRequired":true,"valueName":"search_term_string"}}],"inLanguage":"it-IT"},{"@type":"Organization","@id":"https:\/\/brouns.eu\/it\/#organization","name":"Brouns &amp; Co EU","url":"https:\/\/brouns.eu\/it\/","logo":{"@type":"ImageObject","inLanguage":"it-IT","@id":"https:\/\/brouns.eu\/it\/#\/schema\/logo\/image\/","url":"https:\/\/brouns.eu\/wp-content\/uploads\/2024\/04\/Brouns-_-co-Logo-no-linseed-paint-oil.png","contentUrl":"https:\/\/brouns.eu\/wp-content\/uploads\/2024\/04\/Brouns-_-co-Logo-no-linseed-paint-oil.png","width":650,"height":60,"caption":"Brouns &amp; Co EU"},"image":{"@id":"https:\/\/brouns.eu\/it\/#\/schema\/logo\/image\/"}}]}},"_links":{"self":[{"href":"https:\/\/brouns.eu\/it\/wp-json\/wp\/v2\/product\/21275","targetHints":{"allow":["GET"]}}],"collection":[{"href":"https:\/\/brouns.eu\/it\/wp-json\/wp\/v2\/product"}],"about":[{"href":"https:\/\/brouns.eu\/it\/wp-json\/wp\/v2\/types\/product"}],"replies":[{"embeddable":true,"href":"https:\/\/brouns.eu\/it\/wp-json\/wp\/v2\/comments?post=21275"}],"version-history":[{"count":1,"href":"https:\/\/brouns.eu\/it\/wp-json\/wp\/v2\/product\/21275\/revisions"}],"predecessor-version":[{"id":21304,"href":"https:\/\/brouns.eu\/it\/wp-json\/wp\/v2\/product\/21275\/revisions\/21304"}],"wp:featuredmedia":[{"embeddable":true,"href":"https:\/\/brouns.eu\/it\/wp-json\/wp\/v2\/media\/21286"}],"wp:attachment":[{"href":"https:\/\/brouns.eu\/it\/wp-json\/wp\/v2\/media?parent=21275"}],"wp:term":[{"taxonomy":"product_brand","embeddable":true,"href":"https:\/\/brouns.eu\/it\/wp-json\/wp\/v2\/product_brand?post=21275"},{"taxonomy":"product_cat","embeddable":true,"href":"https:\/\/brouns.eu\/it\/wp-json\/wp\/v2\/product_cat?post=21275"},{"taxonomy":"product_tag","embeddable":true,"href":"https:\/\/brouns.eu\/it\/wp-json\/wp\/v2\/product_tag?post=21275"}],"curies":[{"name":"wp","href":"https:\/\/api.w.org\/{rel}","templated":true}]}}