{"id":21270,"date":"2024-10-29T21:27:28","date_gmt":"2024-10-29T21:27:28","guid":{"rendered":"https:\/\/brouns.eu\/product\/senza-categoria\/olio-di-lino-cotto\/"},"modified":"2025-04-08T15:35:44","modified_gmt":"2025-04-08T14:35:44","slug":"olio-di-lino-cotto","status":"publish","type":"product","link":"https:\/\/brouns.eu\/it\/product\/oli\/olio-di-lino-cotto\/","title":{"rendered":"Olio di lino cotto"},"content":{"rendered":"","protected":false},"excerpt":{"rendered":"<p>Ideale per diluire la vernice all&#8217;olio di lino e per trattare il legno.<\/p>\n<p>Olio di lino originale spremuto a freddo, maturato e bollito. \u00c8 ci\u00f2 da cui si ricava la pittura all&#8217;olio di lino, quindi \u00e8 il diluente perfetto. <\/p>\n<p>Tuttavia, questo olio di lino ha tempi di asciugatura pi\u00f9 rapidi rispetto all&#8217;olio di lino grezzo, quindi se si deve verniciare un legno molto secco e poroso, si consiglia di utilizzare l&#8217;olio di lino grezzo.<\/p>\n<p>L&#8217;olio di lino cotto pu\u00f2 essere utilizzato anche per oliare e trattare superficialmente il legno per interni, conferendo una patina ricca e morbida al legno sverniciato o nudo. Ci viene anche chiesto se \u00e8 possibile utilizzare l&#8217;olio di lino da solo (crudo o cotto) per proteggere il legno per esterni. Non lo raccomanderemmo in quanto non offre protezione contro la degradazione da raggi UV o la crescita di muffe, perch\u00e9 l&#8217;olio di lino \u00e8 un prodotto organico. Abbiamo quindi sviluppato un Nourish Wood Oil che fornisce al legno per esterni la protezione di cui ha bisogno con una finitura trasparente. Oppure puoi utilizzare la nostra vernice per olio di lino per esterni che ha la protezione dai pigmenti colorati nella vernice.    <\/p>\n<p>Disponibile nei formati da 500 ml (16,9 fl.oz.), 1 l (33,8 fl.oz.) e 5 l (1,32 gal.).<\/p>\n","protected":false},"featured_media":21274,"comment_status":"open","ping_status":"closed","template":"","meta":{"_acf_changed":false,"site-sidebar-layout":"default","site-content-layout":"","ast-site-content-layout":"default","site-content-style":"default","site-sidebar-style":"default","ast-global-header-display":"","ast-banner-title-visibility":"","ast-main-header-display":"","ast-hfb-above-header-display":"","ast-hfb-below-header-display":"","ast-hfb-mobile-header-display":"","site-post-title":"","ast-breadcrumbs-content":"","ast-featured-img":"","footer-sml-layout":"","ast-disable-related-posts":"","theme-transparent-header-meta":"default","adv-header-id-meta":"","stick-header-meta":"default","header-above-stick-meta":"","header-main-stick-meta":"","header-below-stick-meta":"","astra-migrate-meta-layouts":"default","ast-page-background-enabled":"default","ast-page-background-meta":{"desktop":{"background-color":"","background-image":"","background-repeat":"repeat","background-position":"center center","background-size":"auto","background-attachment":"scroll","background-type":"","background-media":"","overlay-type":"","overlay-color":"","overlay-opacity":"","overlay-gradient":""},"tablet":{"background-color":"","background-image":"","background-repeat":"repeat","background-position":"center center","background-size":"auto","background-attachment":"scroll","background-type":"","background-media":"","overlay-type":"","overlay-color":"","overlay-opacity":"","overlay-gradient":""},"mobile":{"background-color":"","background-image":"","background-repeat":"repeat","background-position":"center center","background-size":"auto","background-attachment":"scroll","background-type":"","background-media":"","overlay-type":"","overlay-color":"","overlay-opacity":"","overlay-gradient":""}},"ast-content-background-meta":{"desktop":{"background-color":"var(--ast-global-color-5)","background-image":"","background-repeat":"repeat","background-position":"center center","background-size":"auto","background-attachment":"scroll","background-type":"","background-media":"","overlay-type":"","overlay-color":"","overlay-opacity":"","overlay-gradient":""},"tablet":{"background-color":"var(--ast-global-color-5)","background-image":"","background-repeat":"repeat","background-position":"center center","background-size":"auto","background-attachment":"scroll","background-type":"","background-media":"","overlay-type":"","overlay-color":"","overlay-opacity":"","overlay-gradient":""},"mobile":{"background-color":"var(--ast-global-color-5)","background-image":"","background-repeat":"repeat","background-position":"center center","background-size":"auto","background-attachment":"scroll","background-type":"","background-media":"","overlay-type":"","overlay-color":"","overlay-opacity":"","overlay-gradient":""}},"ngg_post_thumbnail":0},"product_brand":[],"product_cat":[434],"product_tag":[],"class_list":{"0":"post-21270","1":"product","2":"type-product","3":"status-publish","4":"has-post-thumbnail","6":"product_cat-oli","7":"pa_size-dimensioni-1l","8":"pa_size-dimensioni-500ml","9":"pa_size-dimensioni-5l","10":"desktop-align-center","11":"tablet-align-center","12":"mobile-align-center","13":"ast-product-gallery-layout-horizontal","14":"ast-product-gallery-with-no-image","15":"ast-product-single-variable","16":"ast-product-tabs-layout-horizontal","17":"ast-qv-on-image","19":"first","20":"instock","21":"taxable","22":"shipping-taxable","23":"purchasable","24":"product-type-variable"},"acf":[],"yoast_head":"<!-- This site is optimized with the Yoast SEO plugin v27.4 - https:\/\/yoast.com\/product\/yoast-seo-wordpress\/ -->\n<title>Olio di lino cotto - Brouns &amp; Co EU<\/title>\n<meta name=\"robots\" content=\"index, follow, max-snippet:-1, max-image-preview:large, max-video-preview:-1\" \/>\n<link rel=\"canonical\" href=\"https:\/\/brouns.eu\/it\/product\/oli\/olio-di-lino-cotto\/\" \/>\n<meta property=\"og:locale\" content=\"it_IT\" \/>\n<meta property=\"og:type\" content=\"article\" \/>\n<meta property=\"og:title\" content=\"Olio di lino cotto - Brouns &amp; Co EU\" \/>\n<meta property=\"og:description\" content=\"Ideale per diluire la vernice all&#039;olio di lino e per trattare il legno. Olio di lino originale spremuto a freddo, maturato e bollito. \u00c8 ci\u00f2 da cui si ricava la pittura all&#039;olio di lino, quindi \u00e8 il diluente perfetto.  Tuttavia, questo olio di lino ha tempi di asciugatura pi\u00f9 rapidi rispetto all&#039;olio di lino grezzo, quindi se si deve verniciare un legno molto secco e poroso, si consiglia di utilizzare l&#039;olio di lino grezzo. L&#039;olio di lino cotto pu\u00f2 essere utilizzato anche per oliare e trattare superficialmente il legno per interni, conferendo una patina ricca e morbida al legno sverniciato o nudo. Ci viene anche chiesto se \u00e8 possibile utilizzare l&#039;olio di lino da solo (crudo o cotto) per proteggere il legno per esterni. Non lo raccomanderemmo in quanto non offre protezione contro la degradazione da raggi UV o la crescita di muffe, perch\u00e9 l&#039;olio di lino \u00e8 un prodotto organico. Abbiamo quindi sviluppato un Nourish Wood Oil che fornisce al legno per esterni la protezione di cui ha bisogno con una finitura trasparente. Oppure puoi utilizzare la nostra vernice per olio di lino per esterni che ha la protezione dai pigmenti colorati nella vernice.   Disponibile nei formati da 500 ml (16,9 fl.oz.), 1 l (33,8 fl.oz.) e 5 l (1,32 gal.).\" \/>\n<meta property=\"og:url\" content=\"https:\/\/brouns.eu\/it\/product\/oli\/olio-di-lino-cotto\/\" \/>\n<meta property=\"og:site_name\" content=\"Brouns &amp; Co EU\" \/>\n<meta property=\"article:modified_time\" content=\"2025-04-08T14:35:44+00:00\" \/>\n<meta property=\"og:image\" content=\"https:\/\/brouns.eu\/wp-content\/uploads\/2024\/07\/Brouns_Co_Boiled_Oil.jpg\" \/>\n\t<meta property=\"og:image:width\" content=\"800\" \/>\n\t<meta property=\"og:image:height\" content=\"800\" \/>\n\t<meta property=\"og:image:type\" content=\"image\/jpeg\" \/>\n<meta name=\"twitter:card\" content=\"summary_large_image\" \/>\n<script type=\"application\/ld+json\" class=\"yoast-schema-graph\">{\"@context\":\"https:\\\/\\\/schema.org\",\"@graph\":[{\"@type\":\"WebPage\",\"@id\":\"https:\\\/\\\/brouns.eu\\\/it\\\/product\\\/oli\\\/olio-di-lino-cotto\\\/\",\"url\":\"https:\\\/\\\/brouns.eu\\\/it\\\/product\\\/oli\\\/olio-di-lino-cotto\\\/\",\"name\":\"Olio di lino cotto - Brouns &amp; Co EU\",\"isPartOf\":{\"@id\":\"https:\\\/\\\/brouns.eu\\\/it\\\/#website\"},\"primaryImageOfPage\":{\"@id\":\"https:\\\/\\\/brouns.eu\\\/it\\\/product\\\/oli\\\/olio-di-lino-cotto\\\/#primaryimage\"},\"image\":{\"@id\":\"https:\\\/\\\/brouns.eu\\\/it\\\/product\\\/oli\\\/olio-di-lino-cotto\\\/#primaryimage\"},\"thumbnailUrl\":\"https:\\\/\\\/brouns.eu\\\/wp-content\\\/uploads\\\/2024\\\/07\\\/Brouns_Co_Boiled_Oil.jpg\",\"datePublished\":\"2024-10-29T21:27:28+00:00\",\"dateModified\":\"2025-04-08T14:35:44+00:00\",\"breadcrumb\":{\"@id\":\"https:\\\/\\\/brouns.eu\\\/it\\\/product\\\/oli\\\/olio-di-lino-cotto\\\/#breadcrumb\"},\"inLanguage\":\"it-IT\",\"potentialAction\":[{\"@type\":\"ReadAction\",\"target\":[\"https:\\\/\\\/brouns.eu\\\/it\\\/product\\\/oli\\\/olio-di-lino-cotto\\\/\"]}]},{\"@type\":\"ImageObject\",\"inLanguage\":\"it-IT\",\"@id\":\"https:\\\/\\\/brouns.eu\\\/it\\\/product\\\/oli\\\/olio-di-lino-cotto\\\/#primaryimage\",\"url\":\"https:\\\/\\\/brouns.eu\\\/wp-content\\\/uploads\\\/2024\\\/07\\\/Brouns_Co_Boiled_Oil.jpg\",\"contentUrl\":\"https:\\\/\\\/brouns.eu\\\/wp-content\\\/uploads\\\/2024\\\/07\\\/Brouns_Co_Boiled_Oil.jpg\",\"width\":800,\"height\":800},{\"@type\":\"BreadcrumbList\",\"@id\":\"https:\\\/\\\/brouns.eu\\\/it\\\/product\\\/oli\\\/olio-di-lino-cotto\\\/#breadcrumb\",\"itemListElement\":[{\"@type\":\"ListItem\",\"position\":1,\"name\":\"Home\",\"item\":\"https:\\\/\\\/brouns.eu\\\/it\\\/\"},{\"@type\":\"ListItem\",\"position\":2,\"name\":\"Negozio\",\"item\":\"https:\\\/\\\/brouns.eu\\\/negozio\\\/\"},{\"@type\":\"ListItem\",\"position\":3,\"name\":\"Olio di lino cotto\"}]},{\"@type\":\"WebSite\",\"@id\":\"https:\\\/\\\/brouns.eu\\\/it\\\/#website\",\"url\":\"https:\\\/\\\/brouns.eu\\\/it\\\/\",\"name\":\"Brouns &amp; Co EU\",\"description\":\"\",\"publisher\":{\"@id\":\"https:\\\/\\\/brouns.eu\\\/it\\\/#organization\"},\"potentialAction\":[{\"@type\":\"SearchAction\",\"target\":{\"@type\":\"EntryPoint\",\"urlTemplate\":\"https:\\\/\\\/brouns.eu\\\/it\\\/?s={search_term_string}\"},\"query-input\":{\"@type\":\"PropertyValueSpecification\",\"valueRequired\":true,\"valueName\":\"search_term_string\"}}],\"inLanguage\":\"it-IT\"},{\"@type\":\"Organization\",\"@id\":\"https:\\\/\\\/brouns.eu\\\/it\\\/#organization\",\"name\":\"Brouns &amp; Co EU\",\"url\":\"https:\\\/\\\/brouns.eu\\\/it\\\/\",\"logo\":{\"@type\":\"ImageObject\",\"inLanguage\":\"it-IT\",\"@id\":\"https:\\\/\\\/brouns.eu\\\/it\\\/#\\\/schema\\\/logo\\\/image\\\/\",\"url\":\"https:\\\/\\\/brouns.eu\\\/wp-content\\\/uploads\\\/2024\\\/04\\\/Brouns-_-co-Logo-no-linseed-paint-oil.png\",\"contentUrl\":\"https:\\\/\\\/brouns.eu\\\/wp-content\\\/uploads\\\/2024\\\/04\\\/Brouns-_-co-Logo-no-linseed-paint-oil.png\",\"width\":650,\"height\":60,\"caption\":\"Brouns &amp; Co EU\"},\"image\":{\"@id\":\"https:\\\/\\\/brouns.eu\\\/it\\\/#\\\/schema\\\/logo\\\/image\\\/\"}}]}<\/script>\n<!-- \/ Yoast SEO plugin. -->","yoast_head_json":{"title":"Olio di lino cotto - Brouns &amp; Co EU","robots":{"index":"index","follow":"follow","max-snippet":"max-snippet:-1","max-image-preview":"max-image-preview:large","max-video-preview":"max-video-preview:-1"},"canonical":"https:\/\/brouns.eu\/it\/product\/oli\/olio-di-lino-cotto\/","og_locale":"it_IT","og_type":"article","og_title":"Olio di lino cotto - Brouns &amp; Co EU","og_description":"Ideale per diluire la vernice all'olio di lino e per trattare il legno. Olio di lino originale spremuto a freddo, maturato e bollito. \u00c8 ci\u00f2 da cui si ricava la pittura all'olio di lino, quindi \u00e8 il diluente perfetto.  Tuttavia, questo olio di lino ha tempi di asciugatura pi\u00f9 rapidi rispetto all'olio di lino grezzo, quindi se si deve verniciare un legno molto secco e poroso, si consiglia di utilizzare l'olio di lino grezzo. L'olio di lino cotto pu\u00f2 essere utilizzato anche per oliare e trattare superficialmente il legno per interni, conferendo una patina ricca e morbida al legno sverniciato o nudo. Ci viene anche chiesto se \u00e8 possibile utilizzare l'olio di lino da solo (crudo o cotto) per proteggere il legno per esterni. Non lo raccomanderemmo in quanto non offre protezione contro la degradazione da raggi UV o la crescita di muffe, perch\u00e9 l'olio di lino \u00e8 un prodotto organico. Abbiamo quindi sviluppato un Nourish Wood Oil che fornisce al legno per esterni la protezione di cui ha bisogno con una finitura trasparente. Oppure puoi utilizzare la nostra vernice per olio di lino per esterni che ha la protezione dai pigmenti colorati nella vernice.   Disponibile nei formati da 500 ml (16,9 fl.oz.), 1 l (33,8 fl.oz.) e 5 l (1,32 gal.).","og_url":"https:\/\/brouns.eu\/it\/product\/oli\/olio-di-lino-cotto\/","og_site_name":"Brouns &amp; Co EU","article_modified_time":"2025-04-08T14:35:44+00:00","og_image":[{"width":800,"height":800,"url":"https:\/\/brouns.eu\/wp-content\/uploads\/2024\/07\/Brouns_Co_Boiled_Oil.jpg","type":"image\/jpeg"}],"twitter_card":"summary_large_image","schema":{"@context":"https:\/\/schema.org","@graph":[{"@type":"WebPage","@id":"https:\/\/brouns.eu\/it\/product\/oli\/olio-di-lino-cotto\/","url":"https:\/\/brouns.eu\/it\/product\/oli\/olio-di-lino-cotto\/","name":"Olio di lino cotto - Brouns &amp; Co EU","isPartOf":{"@id":"https:\/\/brouns.eu\/it\/#website"},"primaryImageOfPage":{"@id":"https:\/\/brouns.eu\/it\/product\/oli\/olio-di-lino-cotto\/#primaryimage"},"image":{"@id":"https:\/\/brouns.eu\/it\/product\/oli\/olio-di-lino-cotto\/#primaryimage"},"thumbnailUrl":"https:\/\/brouns.eu\/wp-content\/uploads\/2024\/07\/Brouns_Co_Boiled_Oil.jpg","datePublished":"2024-10-29T21:27:28+00:00","dateModified":"2025-04-08T14:35:44+00:00","breadcrumb":{"@id":"https:\/\/brouns.eu\/it\/product\/oli\/olio-di-lino-cotto\/#breadcrumb"},"inLanguage":"it-IT","potentialAction":[{"@type":"ReadAction","target":["https:\/\/brouns.eu\/it\/product\/oli\/olio-di-lino-cotto\/"]}]},{"@type":"ImageObject","inLanguage":"it-IT","@id":"https:\/\/brouns.eu\/it\/product\/oli\/olio-di-lino-cotto\/#primaryimage","url":"https:\/\/brouns.eu\/wp-content\/uploads\/2024\/07\/Brouns_Co_Boiled_Oil.jpg","contentUrl":"https:\/\/brouns.eu\/wp-content\/uploads\/2024\/07\/Brouns_Co_Boiled_Oil.jpg","width":800,"height":800},{"@type":"BreadcrumbList","@id":"https:\/\/brouns.eu\/it\/product\/oli\/olio-di-lino-cotto\/#breadcrumb","itemListElement":[{"@type":"ListItem","position":1,"name":"Home","item":"https:\/\/brouns.eu\/it\/"},{"@type":"ListItem","position":2,"name":"Negozio","item":"https:\/\/brouns.eu\/negozio\/"},{"@type":"ListItem","position":3,"name":"Olio di lino cotto"}]},{"@type":"WebSite","@id":"https:\/\/brouns.eu\/it\/#website","url":"https:\/\/brouns.eu\/it\/","name":"Brouns &amp; Co EU","description":"","publisher":{"@id":"https:\/\/brouns.eu\/it\/#organization"},"potentialAction":[{"@type":"SearchAction","target":{"@type":"EntryPoint","urlTemplate":"https:\/\/brouns.eu\/it\/?s={search_term_string}"},"query-input":{"@type":"PropertyValueSpecification","valueRequired":true,"valueName":"search_term_string"}}],"inLanguage":"it-IT"},{"@type":"Organization","@id":"https:\/\/brouns.eu\/it\/#organization","name":"Brouns &amp; Co EU","url":"https:\/\/brouns.eu\/it\/","logo":{"@type":"ImageObject","inLanguage":"it-IT","@id":"https:\/\/brouns.eu\/it\/#\/schema\/logo\/image\/","url":"https:\/\/brouns.eu\/wp-content\/uploads\/2024\/04\/Brouns-_-co-Logo-no-linseed-paint-oil.png","contentUrl":"https:\/\/brouns.eu\/wp-content\/uploads\/2024\/04\/Brouns-_-co-Logo-no-linseed-paint-oil.png","width":650,"height":60,"caption":"Brouns &amp; Co EU"},"image":{"@id":"https:\/\/brouns.eu\/it\/#\/schema\/logo\/image\/"}}]}},"_links":{"self":[{"href":"https:\/\/brouns.eu\/it\/wp-json\/wp\/v2\/product\/21270","targetHints":{"allow":["GET"]}}],"collection":[{"href":"https:\/\/brouns.eu\/it\/wp-json\/wp\/v2\/product"}],"about":[{"href":"https:\/\/brouns.eu\/it\/wp-json\/wp\/v2\/types\/product"}],"replies":[{"embeddable":true,"href":"https:\/\/brouns.eu\/it\/wp-json\/wp\/v2\/comments?post=21270"}],"version-history":[{"count":1,"href":"https:\/\/brouns.eu\/it\/wp-json\/wp\/v2\/product\/21270\/revisions"}],"predecessor-version":[{"id":21303,"href":"https:\/\/brouns.eu\/it\/wp-json\/wp\/v2\/product\/21270\/revisions\/21303"}],"wp:featuredmedia":[{"embeddable":true,"href":"https:\/\/brouns.eu\/it\/wp-json\/wp\/v2\/media\/21274"}],"wp:attachment":[{"href":"https:\/\/brouns.eu\/it\/wp-json\/wp\/v2\/media?parent=21270"}],"wp:term":[{"taxonomy":"product_brand","embeddable":true,"href":"https:\/\/brouns.eu\/it\/wp-json\/wp\/v2\/product_brand?post=21270"},{"taxonomy":"product_cat","embeddable":true,"href":"https:\/\/brouns.eu\/it\/wp-json\/wp\/v2\/product_cat?post=21270"},{"taxonomy":"product_tag","embeddable":true,"href":"https:\/\/brouns.eu\/it\/wp-json\/wp\/v2\/product_tag?post=21270"}],"curies":[{"name":"wp","href":"https:\/\/api.w.org\/{rel}","templated":true}]}}