{"id":20906,"date":"2024-10-29T21:27:10","date_gmt":"2024-10-29T21:27:10","guid":{"rendered":"https:\/\/brouns.eu\/product\/senza-categoria\/blu-chatsworth-27\/"},"modified":"2024-10-29T21:27:10","modified_gmt":"2024-10-29T21:27:10","slug":"blu-chatsworth-27","status":"publish","type":"product","link":"https:\/\/brouns.eu\/it\/product\/vernice-di-semi-di-lino\/blu-chatsworth-27\/","title":{"rendered":"Blu Chatsworth (27)"},"content":{"rendered":"","protected":false},"excerpt":{"rendered":"<p>Chatsworth Estate ci ha contattato per abbinare i colori della loro tenuta esistente in un blu che non diventasse grigio nel tempo. Per questo colore utilizziamo il blu cobalto di qualit\u00e0 pi\u00f9 elevata. Finch\u00e9 la vernice \u00e8 stata applicata e mantenuta correttamente, avr\u00e0 un aspetto magnifico per un lungo periodo di tempo. Per immagini e maggiori informazioni su questo colore, consulta le nostre pagine di progetto.   <\/p>\n<p>Non dimenticare di ordinare l&#8217;olio di lino grezzo e la trementina balsamica se devi diluire la prima mano.<\/p>\n<p>Se preferisci un primer gi\u00e0 miscelato, ti consigliamo il Primer n. 3<\/p>\n","protected":false},"featured_media":22825,"comment_status":"open","ping_status":"closed","template":"","meta":{"_acf_changed":false,"site-sidebar-layout":"default","site-content-layout":"","ast-site-content-layout":"default","site-content-style":"default","site-sidebar-style":"default","ast-global-header-display":"","ast-banner-title-visibility":"","ast-main-header-display":"","ast-hfb-above-header-display":"","ast-hfb-below-header-display":"","ast-hfb-mobile-header-display":"","site-post-title":"","ast-breadcrumbs-content":"","ast-featured-img":"","footer-sml-layout":"","ast-disable-related-posts":"","theme-transparent-header-meta":"default","adv-header-id-meta":"","stick-header-meta":"default","header-above-stick-meta":"","header-main-stick-meta":"","header-below-stick-meta":"","astra-migrate-meta-layouts":"default","ast-page-background-enabled":"default","ast-page-background-meta":{"desktop":{"background-color":"","background-image":"","background-repeat":"repeat","background-position":"center center","background-size":"auto","background-attachment":"scroll","background-type":"","background-media":"","overlay-type":"","overlay-color":"","overlay-opacity":"","overlay-gradient":""},"tablet":{"background-color":"","background-image":"","background-repeat":"repeat","background-position":"center center","background-size":"auto","background-attachment":"scroll","background-type":"","background-media":"","overlay-type":"","overlay-color":"","overlay-opacity":"","overlay-gradient":""},"mobile":{"background-color":"","background-image":"","background-repeat":"repeat","background-position":"center center","background-size":"auto","background-attachment":"scroll","background-type":"","background-media":"","overlay-type":"","overlay-color":"","overlay-opacity":"","overlay-gradient":""}},"ast-content-background-meta":{"desktop":{"background-color":"var(--ast-global-color-5)","background-image":"","background-repeat":"repeat","background-position":"center center","background-size":"auto","background-attachment":"scroll","background-type":"","background-media":"","overlay-type":"","overlay-color":"","overlay-opacity":"","overlay-gradient":""},"tablet":{"background-color":"var(--ast-global-color-5)","background-image":"","background-repeat":"repeat","background-position":"center center","background-size":"auto","background-attachment":"scroll","background-type":"","background-media":"","overlay-type":"","overlay-color":"","overlay-opacity":"","overlay-gradient":""},"mobile":{"background-color":"var(--ast-global-color-5)","background-image":"","background-repeat":"repeat","background-position":"center center","background-size":"auto","background-attachment":"scroll","background-type":"","background-media":"","overlay-type":"","overlay-color":"","overlay-opacity":"","overlay-gradient":""}},"ngg_post_thumbnail":0},"product_brand":[],"product_cat":[424],"product_tag":[],"class_list":{"0":"post-20906","1":"product","2":"type-product","3":"status-publish","4":"has-post-thumbnail","6":"product_cat-vernice-di-semi-di-lino","7":"pa_size-dimensioni-125-ml","8":"pa_size-dimensioni-1l","9":"pa_size-dimensioni-25l","10":"pa_size-dimensioni-30ml-sample-pot","11":"desktop-align-center","12":"tablet-align-center","13":"mobile-align-center","14":"ast-product-gallery-layout-horizontal","15":"ast-product-single-variable","16":"ast-product-tabs-layout-horizontal","17":"ast-qv-on-image","19":"first","20":"instock","21":"taxable","22":"shipping-taxable","23":"purchasable","24":"product-type-variable"},"acf":[],"yoast_head":"<!-- This site is optimized with the Yoast SEO plugin v27.4 - https:\/\/yoast.com\/product\/yoast-seo-wordpress\/ -->\n<title>Blu Chatsworth (27) - Brouns &amp; Co EU<\/title>\n<meta name=\"robots\" content=\"index, follow, max-snippet:-1, max-image-preview:large, max-video-preview:-1\" \/>\n<link rel=\"canonical\" href=\"https:\/\/brouns.eu\/it\/product\/vernice-di-semi-di-lino\/blu-chatsworth-27\/\" \/>\n<meta property=\"og:locale\" content=\"it_IT\" \/>\n<meta property=\"og:type\" content=\"article\" \/>\n<meta property=\"og:title\" content=\"Blu Chatsworth (27) - Brouns &amp; Co EU\" \/>\n<meta property=\"og:description\" content=\"Chatsworth Estate ci ha contattato per abbinare i colori della loro tenuta esistente in un blu che non diventasse grigio nel tempo. Per questo colore utilizziamo il blu cobalto di qualit\u00e0 pi\u00f9 elevata. Finch\u00e9 la vernice \u00e8 stata applicata e mantenuta correttamente, avr\u00e0 un aspetto magnifico per un lungo periodo di tempo. Per immagini e maggiori informazioni su questo colore, consulta le nostre pagine di progetto.   Non dimenticare di ordinare l&#039;olio di lino grezzo e la trementina balsamica se devi diluire la prima mano. Se preferisci un primer gi\u00e0 miscelato, ti consigliamo il Primer n. 3\" \/>\n<meta property=\"og:url\" content=\"https:\/\/brouns.eu\/it\/product\/vernice-di-semi-di-lino\/blu-chatsworth-27\/\" \/>\n<meta property=\"og:site_name\" content=\"Brouns &amp; Co EU\" \/>\n<meta property=\"og:image\" content=\"https:\/\/brouns.eu\/wp-content\/uploads\/2024\/06\/Chatsworth-Blue.png\" \/>\n\t<meta property=\"og:image:width\" content=\"500\" \/>\n\t<meta property=\"og:image:height\" content=\"500\" \/>\n\t<meta property=\"og:image:type\" content=\"image\/png\" \/>\n<meta name=\"twitter:card\" content=\"summary_large_image\" \/>\n<script type=\"application\/ld+json\" class=\"yoast-schema-graph\">{\"@context\":\"https:\\\/\\\/schema.org\",\"@graph\":[{\"@type\":\"WebPage\",\"@id\":\"https:\\\/\\\/brouns.eu\\\/it\\\/product\\\/vernice-di-semi-di-lino\\\/blu-chatsworth-27\\\/\",\"url\":\"https:\\\/\\\/brouns.eu\\\/it\\\/product\\\/vernice-di-semi-di-lino\\\/blu-chatsworth-27\\\/\",\"name\":\"Blu Chatsworth (27) - Brouns &amp; Co EU\",\"isPartOf\":{\"@id\":\"https:\\\/\\\/brouns.eu\\\/it\\\/#website\"},\"primaryImageOfPage\":{\"@id\":\"https:\\\/\\\/brouns.eu\\\/it\\\/product\\\/vernice-di-semi-di-lino\\\/blu-chatsworth-27\\\/#primaryimage\"},\"image\":{\"@id\":\"https:\\\/\\\/brouns.eu\\\/it\\\/product\\\/vernice-di-semi-di-lino\\\/blu-chatsworth-27\\\/#primaryimage\"},\"thumbnailUrl\":\"https:\\\/\\\/brouns.eu\\\/wp-content\\\/uploads\\\/2025\\\/04\\\/No.-27_web_sq_1200.jpg\",\"datePublished\":\"2024-10-29T21:27:10+00:00\",\"breadcrumb\":{\"@id\":\"https:\\\/\\\/brouns.eu\\\/it\\\/product\\\/vernice-di-semi-di-lino\\\/blu-chatsworth-27\\\/#breadcrumb\"},\"inLanguage\":\"it-IT\",\"potentialAction\":[{\"@type\":\"ReadAction\",\"target\":[\"https:\\\/\\\/brouns.eu\\\/it\\\/product\\\/vernice-di-semi-di-lino\\\/blu-chatsworth-27\\\/\"]}]},{\"@type\":\"ImageObject\",\"inLanguage\":\"it-IT\",\"@id\":\"https:\\\/\\\/brouns.eu\\\/it\\\/product\\\/vernice-di-semi-di-lino\\\/blu-chatsworth-27\\\/#primaryimage\",\"url\":\"https:\\\/\\\/brouns.eu\\\/wp-content\\\/uploads\\\/2025\\\/04\\\/No.-27_web_sq_1200.jpg\",\"contentUrl\":\"https:\\\/\\\/brouns.eu\\\/wp-content\\\/uploads\\\/2025\\\/04\\\/No.-27_web_sq_1200.jpg\",\"width\":1200,\"height\":1200},{\"@type\":\"BreadcrumbList\",\"@id\":\"https:\\\/\\\/brouns.eu\\\/it\\\/product\\\/vernice-di-semi-di-lino\\\/blu-chatsworth-27\\\/#breadcrumb\",\"itemListElement\":[{\"@type\":\"ListItem\",\"position\":1,\"name\":\"Home\",\"item\":\"https:\\\/\\\/brouns.eu\\\/it\\\/\"},{\"@type\":\"ListItem\",\"position\":2,\"name\":\"Negozio\",\"item\":\"https:\\\/\\\/brouns.eu\\\/negozio\\\/\"},{\"@type\":\"ListItem\",\"position\":3,\"name\":\"Blu Chatsworth (27)\"}]},{\"@type\":\"WebSite\",\"@id\":\"https:\\\/\\\/brouns.eu\\\/it\\\/#website\",\"url\":\"https:\\\/\\\/brouns.eu\\\/it\\\/\",\"name\":\"Brouns &amp; Co EU\",\"description\":\"\",\"publisher\":{\"@id\":\"https:\\\/\\\/brouns.eu\\\/it\\\/#organization\"},\"potentialAction\":[{\"@type\":\"SearchAction\",\"target\":{\"@type\":\"EntryPoint\",\"urlTemplate\":\"https:\\\/\\\/brouns.eu\\\/it\\\/?s={search_term_string}\"},\"query-input\":{\"@type\":\"PropertyValueSpecification\",\"valueRequired\":true,\"valueName\":\"search_term_string\"}}],\"inLanguage\":\"it-IT\"},{\"@type\":\"Organization\",\"@id\":\"https:\\\/\\\/brouns.eu\\\/it\\\/#organization\",\"name\":\"Brouns &amp; Co EU\",\"url\":\"https:\\\/\\\/brouns.eu\\\/it\\\/\",\"logo\":{\"@type\":\"ImageObject\",\"inLanguage\":\"it-IT\",\"@id\":\"https:\\\/\\\/brouns.eu\\\/it\\\/#\\\/schema\\\/logo\\\/image\\\/\",\"url\":\"https:\\\/\\\/brouns.eu\\\/wp-content\\\/uploads\\\/2024\\\/04\\\/Brouns-_-co-Logo-no-linseed-paint-oil.png\",\"contentUrl\":\"https:\\\/\\\/brouns.eu\\\/wp-content\\\/uploads\\\/2024\\\/04\\\/Brouns-_-co-Logo-no-linseed-paint-oil.png\",\"width\":650,\"height\":60,\"caption\":\"Brouns &amp; Co EU\"},\"image\":{\"@id\":\"https:\\\/\\\/brouns.eu\\\/it\\\/#\\\/schema\\\/logo\\\/image\\\/\"}}]}<\/script>\n<!-- \/ Yoast SEO plugin. -->","yoast_head_json":{"title":"Blu Chatsworth (27) - Brouns &amp; Co EU","robots":{"index":"index","follow":"follow","max-snippet":"max-snippet:-1","max-image-preview":"max-image-preview:large","max-video-preview":"max-video-preview:-1"},"canonical":"https:\/\/brouns.eu\/it\/product\/vernice-di-semi-di-lino\/blu-chatsworth-27\/","og_locale":"it_IT","og_type":"article","og_title":"Blu Chatsworth (27) - Brouns &amp; Co EU","og_description":"Chatsworth Estate ci ha contattato per abbinare i colori della loro tenuta esistente in un blu che non diventasse grigio nel tempo. Per questo colore utilizziamo il blu cobalto di qualit\u00e0 pi\u00f9 elevata. Finch\u00e9 la vernice \u00e8 stata applicata e mantenuta correttamente, avr\u00e0 un aspetto magnifico per un lungo periodo di tempo. Per immagini e maggiori informazioni su questo colore, consulta le nostre pagine di progetto.   Non dimenticare di ordinare l'olio di lino grezzo e la trementina balsamica se devi diluire la prima mano. Se preferisci un primer gi\u00e0 miscelato, ti consigliamo il Primer n. 3","og_url":"https:\/\/brouns.eu\/it\/product\/vernice-di-semi-di-lino\/blu-chatsworth-27\/","og_site_name":"Brouns &amp; Co EU","og_image":[{"width":500,"height":500,"url":"https:\/\/brouns.eu\/wp-content\/uploads\/2024\/06\/Chatsworth-Blue.png","type":"image\/png"}],"twitter_card":"summary_large_image","schema":{"@context":"https:\/\/schema.org","@graph":[{"@type":"WebPage","@id":"https:\/\/brouns.eu\/it\/product\/vernice-di-semi-di-lino\/blu-chatsworth-27\/","url":"https:\/\/brouns.eu\/it\/product\/vernice-di-semi-di-lino\/blu-chatsworth-27\/","name":"Blu Chatsworth (27) - Brouns &amp; Co EU","isPartOf":{"@id":"https:\/\/brouns.eu\/it\/#website"},"primaryImageOfPage":{"@id":"https:\/\/brouns.eu\/it\/product\/vernice-di-semi-di-lino\/blu-chatsworth-27\/#primaryimage"},"image":{"@id":"https:\/\/brouns.eu\/it\/product\/vernice-di-semi-di-lino\/blu-chatsworth-27\/#primaryimage"},"thumbnailUrl":"https:\/\/brouns.eu\/wp-content\/uploads\/2025\/04\/No.-27_web_sq_1200.jpg","datePublished":"2024-10-29T21:27:10+00:00","breadcrumb":{"@id":"https:\/\/brouns.eu\/it\/product\/vernice-di-semi-di-lino\/blu-chatsworth-27\/#breadcrumb"},"inLanguage":"it-IT","potentialAction":[{"@type":"ReadAction","target":["https:\/\/brouns.eu\/it\/product\/vernice-di-semi-di-lino\/blu-chatsworth-27\/"]}]},{"@type":"ImageObject","inLanguage":"it-IT","@id":"https:\/\/brouns.eu\/it\/product\/vernice-di-semi-di-lino\/blu-chatsworth-27\/#primaryimage","url":"https:\/\/brouns.eu\/wp-content\/uploads\/2025\/04\/No.-27_web_sq_1200.jpg","contentUrl":"https:\/\/brouns.eu\/wp-content\/uploads\/2025\/04\/No.-27_web_sq_1200.jpg","width":1200,"height":1200},{"@type":"BreadcrumbList","@id":"https:\/\/brouns.eu\/it\/product\/vernice-di-semi-di-lino\/blu-chatsworth-27\/#breadcrumb","itemListElement":[{"@type":"ListItem","position":1,"name":"Home","item":"https:\/\/brouns.eu\/it\/"},{"@type":"ListItem","position":2,"name":"Negozio","item":"https:\/\/brouns.eu\/negozio\/"},{"@type":"ListItem","position":3,"name":"Blu Chatsworth (27)"}]},{"@type":"WebSite","@id":"https:\/\/brouns.eu\/it\/#website","url":"https:\/\/brouns.eu\/it\/","name":"Brouns &amp; Co EU","description":"","publisher":{"@id":"https:\/\/brouns.eu\/it\/#organization"},"potentialAction":[{"@type":"SearchAction","target":{"@type":"EntryPoint","urlTemplate":"https:\/\/brouns.eu\/it\/?s={search_term_string}"},"query-input":{"@type":"PropertyValueSpecification","valueRequired":true,"valueName":"search_term_string"}}],"inLanguage":"it-IT"},{"@type":"Organization","@id":"https:\/\/brouns.eu\/it\/#organization","name":"Brouns &amp; Co EU","url":"https:\/\/brouns.eu\/it\/","logo":{"@type":"ImageObject","inLanguage":"it-IT","@id":"https:\/\/brouns.eu\/it\/#\/schema\/logo\/image\/","url":"https:\/\/brouns.eu\/wp-content\/uploads\/2024\/04\/Brouns-_-co-Logo-no-linseed-paint-oil.png","contentUrl":"https:\/\/brouns.eu\/wp-content\/uploads\/2024\/04\/Brouns-_-co-Logo-no-linseed-paint-oil.png","width":650,"height":60,"caption":"Brouns &amp; Co EU"},"image":{"@id":"https:\/\/brouns.eu\/it\/#\/schema\/logo\/image\/"}}]}},"_links":{"self":[{"href":"https:\/\/brouns.eu\/it\/wp-json\/wp\/v2\/product\/20906","targetHints":{"allow":["GET"]}}],"collection":[{"href":"https:\/\/brouns.eu\/it\/wp-json\/wp\/v2\/product"}],"about":[{"href":"https:\/\/brouns.eu\/it\/wp-json\/wp\/v2\/types\/product"}],"replies":[{"embeddable":true,"href":"https:\/\/brouns.eu\/it\/wp-json\/wp\/v2\/comments?post=20906"}],"version-history":[{"count":0,"href":"https:\/\/brouns.eu\/it\/wp-json\/wp\/v2\/product\/20906\/revisions"}],"wp:featuredmedia":[{"embeddable":true,"href":"https:\/\/brouns.eu\/it\/wp-json\/wp\/v2\/media\/22825"}],"wp:attachment":[{"href":"https:\/\/brouns.eu\/it\/wp-json\/wp\/v2\/media?parent=20906"}],"wp:term":[{"taxonomy":"product_brand","embeddable":true,"href":"https:\/\/brouns.eu\/it\/wp-json\/wp\/v2\/product_brand?post=20906"},{"taxonomy":"product_cat","embeddable":true,"href":"https:\/\/brouns.eu\/it\/wp-json\/wp\/v2\/product_cat?post=20906"},{"taxonomy":"product_tag","embeddable":true,"href":"https:\/\/brouns.eu\/it\/wp-json\/wp\/v2\/product_tag?post=20906"}],"curies":[{"name":"wp","href":"https:\/\/api.w.org\/{rel}","templated":true}]}}