{"id":20254,"date":"2024-07-05T15:21:44","date_gmt":"2024-07-05T14:21:44","guid":{"rendered":"https:\/\/brouns.eu\/informazioni-sulla-pittura-allolio-di-lino\/"},"modified":"2025-04-02T23:38:34","modified_gmt":"2025-04-02T22:38:34","slug":"informazioni-sulla-pittura-allolio-di-lino","status":"publish","type":"page","link":"https:\/\/brouns.eu\/it\/informazioni-sulla-pittura-allolio-di-lino\/","title":{"rendered":"Informazioni sulla pittura all&#8217;olio di lino"},"content":{"rendered":"\t\t<div data-elementor-type=\"wp-page\" data-elementor-id=\"20254\" class=\"elementor elementor-20254 elementor-8493\">\n\t\t\t\t\t\t<section class=\"elementor-section elementor-top-section elementor-element elementor-element-118b0341 elementor-section-height-min-height elementor-section-boxed elementor-section-height-default elementor-section-items-middle\" data-id=\"118b0341\" data-element_type=\"section\" data-e-type=\"section\" data-settings=\"{&quot;background_background&quot;:&quot;slideshow&quot;,&quot;background_slideshow_gallery&quot;:[{&quot;id&quot;:8499,&quot;url&quot;:&quot;https:\\\/\\\/brouns.eu\\\/wp-content\\\/uploads\\\/2024\\\/07\\\/About-Linseed-Oil-Paint_header_web_2000_1000.jpg&quot;}],&quot;background_slideshow_transition_duration&quot;:1500,&quot;background_slideshow_loop&quot;:&quot;yes&quot;,&quot;background_slideshow_slide_duration&quot;:5000,&quot;background_slideshow_slide_transition&quot;:&quot;fade&quot;}\">\n\t\t\t\t\t\t\t<div class=\"elementor-background-overlay\"><\/div>\n\t\t\t\t\t\t\t<div class=\"elementor-container elementor-column-gap-no\">\n\t\t\t\t\t<div class=\"elementor-column elementor-col-100 elementor-top-column elementor-element elementor-element-a90d8d1\" data-id=\"a90d8d1\" data-element_type=\"column\" data-e-type=\"column\">\n\t\t\t<div class=\"elementor-widget-wrap elementor-element-populated\">\n\t\t\t\t\t\t<div class=\"elementor-element elementor-element-4de0b63d animated-slow elementor-invisible elementor-widget elementor-widget-heading\" data-id=\"4de0b63d\" data-element_type=\"widget\" data-e-type=\"widget\" data-settings=\"{&quot;_animation&quot;:&quot;fadeIn&quot;,&quot;_animation_delay&quot;:300}\" data-widget_type=\"heading.default\">\n\t\t\t\t<div class=\"elementor-widget-container\">\n\t\t\t\t\t<h1 class=\"elementor-heading-title elementor-size-default\">Informazioni sulla pittura all'olio di lino<\/h1>\t\t\t\t<\/div>\n\t\t\t\t<\/div>\n\t\t\t\t<div class=\"elementor-element elementor-element-6cac885 animated-slow elementor-widget-divider--view-line elementor-invisible elementor-widget elementor-widget-divider\" data-id=\"6cac885\" data-element_type=\"widget\" data-e-type=\"widget\" data-settings=\"{&quot;_animation&quot;:&quot;fadeIn&quot;,&quot;_animation_delay&quot;:300}\" data-widget_type=\"divider.default\">\n\t\t\t\t<div class=\"elementor-widget-container\">\n\t\t\t\t\t\t\t<div class=\"elementor-divider\">\n\t\t\t<span class=\"elementor-divider-separator\">\n\t\t\t\t\t\t<\/span>\n\t\t<\/div>\n\t\t\t\t\t\t<\/div>\n\t\t\t\t<\/div>\n\t\t\t\t<div class=\"elementor-element elementor-element-4140a3e1 e-transform animated-slow elementor-align-center elementor-tablet-align-center elementor-invisible elementor-widget elementor-widget-button\" data-id=\"4140a3e1\" data-element_type=\"widget\" data-e-type=\"widget\" data-settings=\"{&quot;_transform_translateX_effect_hover&quot;:{&quot;unit&quot;:&quot;px&quot;,&quot;size&quot;:1.2,&quot;sizes&quot;:[]},&quot;_transform_translateY_effect_hover&quot;:{&quot;unit&quot;:&quot;px&quot;,&quot;size&quot;:1.2,&quot;sizes&quot;:[]},&quot;_animation&quot;:&quot;fadeIn&quot;,&quot;_animation_delay&quot;:300,&quot;_transform_translateX_effect_hover_tablet&quot;:{&quot;unit&quot;:&quot;px&quot;,&quot;size&quot;:&quot;&quot;,&quot;sizes&quot;:[]},&quot;_transform_translateX_effect_hover_mobile&quot;:{&quot;unit&quot;:&quot;px&quot;,&quot;size&quot;:&quot;&quot;,&quot;sizes&quot;:[]},&quot;_transform_translateY_effect_hover_tablet&quot;:{&quot;unit&quot;:&quot;px&quot;,&quot;size&quot;:&quot;&quot;,&quot;sizes&quot;:[]},&quot;_transform_translateY_effect_hover_mobile&quot;:{&quot;unit&quot;:&quot;px&quot;,&quot;size&quot;:&quot;&quot;,&quot;sizes&quot;:[]}}\" data-widget_type=\"button.default\">\n\t\t\t\t<div class=\"elementor-widget-container\">\n\t\t\t\t\t\t\t\t\t<div class=\"elementor-button-wrapper\">\n\t\t\t\t\t<a class=\"elementor-button elementor-button-link elementor-size-sm\" href=\"#intro\">\n\t\t\t\t\t\t<span class=\"elementor-button-content-wrapper\">\n\t\t\t\t\t\t\t\t\t<span class=\"elementor-button-text\">Esplorare<\/span>\n\t\t\t\t\t<\/span>\n\t\t\t\t\t<\/a>\n\t\t\t\t<\/div>\n\t\t\t\t\t\t\t\t<\/div>\n\t\t\t\t<\/div>\n\t\t\t\t\t<\/div>\n\t\t<\/div>\n\t\t\t\t\t<\/div>\n\t\t<\/section>\n\t\t\t\t<section class=\"elementor-section elementor-top-section elementor-element elementor-element-a101251 elementor-section-boxed elementor-section-height-default elementor-section-height-default\" data-id=\"a101251\" data-element_type=\"section\" data-e-type=\"section\" id=\"intro\" data-settings=\"{&quot;background_background&quot;:&quot;classic&quot;}\">\n\t\t\t\t\t\t<div class=\"elementor-container elementor-column-gap-no\">\n\t\t\t\t\t<div class=\"elementor-column elementor-col-100 elementor-top-column elementor-element elementor-element-17c2620\" data-id=\"17c2620\" data-element_type=\"column\" data-e-type=\"column\">\n\t\t\t<div class=\"elementor-widget-wrap elementor-element-populated\">\n\t\t\t\t\t\t<section class=\"elementor-section elementor-inner-section elementor-element elementor-element-1eff6a7 animated-slow elementor-section-boxed elementor-section-height-default elementor-section-height-default elementor-invisible\" data-id=\"1eff6a7\" data-element_type=\"section\" data-e-type=\"section\" data-settings=\"{&quot;animation&quot;:&quot;fadeIn&quot;,&quot;animation_delay&quot;:300}\">\n\t\t\t\t\t\t<div class=\"elementor-container elementor-column-gap-no\">\n\t\t\t\t\t<div class=\"elementor-column elementor-col-100 elementor-inner-column elementor-element elementor-element-3232246\" data-id=\"3232246\" data-element_type=\"column\" data-e-type=\"column\">\n\t\t\t<div class=\"elementor-widget-wrap elementor-element-populated\">\n\t\t\t\t\t\t<div class=\"elementor-element elementor-element-9fef7d1 elementor-widget elementor-widget-heading\" data-id=\"9fef7d1\" data-element_type=\"widget\" data-e-type=\"widget\" data-widget_type=\"heading.default\">\n\t\t\t\t<div class=\"elementor-widget-container\">\n\t\t\t\t\t<h3 class=\"elementor-heading-title elementor-size-default\">Pittura all'olio di lino<\/h3>\t\t\t\t<\/div>\n\t\t\t\t<\/div>\n\t\t\t\t<div class=\"elementor-element elementor-element-255d884 elementor-widget-divider--view-line elementor-widget elementor-widget-divider\" data-id=\"255d884\" data-element_type=\"widget\" data-e-type=\"widget\" data-widget_type=\"divider.default\">\n\t\t\t\t<div class=\"elementor-widget-container\">\n\t\t\t\t\t\t\t<div class=\"elementor-divider\">\n\t\t\t<span class=\"elementor-divider-separator\">\n\t\t\t\t\t\t<\/span>\n\t\t<\/div>\n\t\t\t\t\t\t<\/div>\n\t\t\t\t<\/div>\n\t\t\t\t<div class=\"elementor-element elementor-element-8b141f8 elementor-widget elementor-widget-text-editor\" data-id=\"8b141f8\" data-element_type=\"widget\" data-e-type=\"widget\" data-widget_type=\"text-editor.default\">\n\t\t\t\t<div class=\"elementor-widget-container\">\n\t\t\t\t\t\t\t\t\t<p>La pittura all&#8217;olio di lino trasformer\u00e0 il tuo modo di dipingere. Dura praticamente per sempre senza dover essere riapplicata, non si sfalda n\u00e9 si scrosta. \u00c8 ecologica, non ha un odore forte, si asciuga in 24 ore ed \u00e8 estremamente conveniente. Inoltre, \u00e8 disponibile in una ricca tavolozza di bellissimi colori.   <\/p>\n<p>Qui risponderemo ad alcune delle domande pi\u00f9 frequenti, ma per maggiori informazioni vi invitiamo a consultare la nostra pagina FAQ.<\/p>\n<p><strong>Di cosa \u00e8 fatta la pittura a olio di lino?<\/strong><br \/>I semi di lino vengono pressati per ottenere olio di lino grezzo, che viene bollito per renderlo pi\u00f9 durevole e ad asciugatura rapida. Aggiungiamo quindi una piccola quantit\u00e0 di agente essiccante e pigmenti in polvere, tutti completamente naturali. Tutto qui: niente solventi, leganti o emulsionanti sintetici.  <\/p>\n<p><strong>Qual \u00e8 la storia della pittura a olio di lino?<\/strong><br \/>In Svezia, Danimarca e in molte altre parti d&#8217;Europa, esiste una lunga tradizione di pitturare gli interni e gli esterni degli edifici con pittura a olio di lino. Gli strati originali di pittura a olio di lino sono sopravvissuti perfettamente su case che hanno pi\u00f9 di 500 anni. <\/p>\n<p><strong>Come funziona la pittura all&#8217;olio di lino?<\/strong><br \/>Il funzionamento della vernice di lino non \u00e8 una scienza missilistica. Lasciate che ve lo spieghiamo in una breve animazione. <\/p>\n<p><strong>La pittura all&#8217;olio di lino offre una buona protezione?<\/strong><br \/>La vernice all&#8217;olio di lino protegge davvero da tutte le intemperie: una volta dipinta, il legno non marcisce, il ferro non arrugginisce e l&#8217;intonaco non si sgretola. Ha fantastiche propriet\u00e0 traspiranti, consentendo il trasferimento bidirezionale dell&#8217;umidit\u00e0 invece di intrappolarla sotto una pellicola impermeabile. <\/p>\n<p><strong>Cosa si pu\u00f2 dipingere con la pittura a olio di lino?<\/strong><br \/>Praticamente qualsiasi cosa. Ci\u00f2 include legname, muratura, intonaco, metallo e persino uPVC, se vuoi! <\/p>\n<p><strong>Come si applica e si asciuga la pittura a olio di lino?<\/strong><br \/>Basta applicare la vernice ai semi di lino direttamente sulla superficie pulita, senza bisogno di primer o fondo. Non servono molti strati; spesso ne basta uno, anche se il legno potrebbe richiedere due strati perch\u00e9 la vernice tende a penetrare un po&#8217;. Puoi applicare strati aggiuntivi se vuoi creare una lucentezza satinata o semilucida. La vernice all&#8217;olio di semi di lino si asciuga tramite esposizione alla luce ultravioletta (UV), quindi si asciugher\u00e0 naturalmente in circa 24 ore (ma puoi scegliere di accelerare questo processo con una fonte di luce UV). La vernice si asciuga fino a ottenere una finitura molto dura e durevole.    <\/p>\n<p><strong>La pittura all&#8217;olio di lino \u00e8 costosa?<\/strong><br \/>Tutt&#8217;altro. Non solo una lattina di vernice ai semi di lino \u00e8 piuttosto economica (specialmente se paragonata ad alcuni marchi di vernici tradizionali nel Regno Unito), ma \u00e8 anche una vernice sottile, quindi coprirai da 15 a 20 m2 per litro, a seconda del materiale che stai verniciando. Non conosciamo nessun&#8217;altra vernice che offra una copertura cos\u00ec conveniente. E c&#8217;\u00e8 meno spreco, perch\u00e9 la stessa lattina di vernice pu\u00f2 verniciare qualsiasi superficie (non c&#8217;\u00e8 bisogno di versioni diverse). E oltre a tutto questo, non devi ridipingere ogni pochi anni!    <\/p>\n<p><strong>Quale finitura di pittura a olio di lino devi acquistare?<\/strong><br \/>Esiste un solo tipo, e dipinge qualsiasi cosa. Quindi puoi usare la stessa vernice per legno, muratura, metallo e intonaco. La stessa vernice ti consente di creare una lucentezza semplicemente aggiungendo pi\u00f9 strati, quindi non c&#8217;\u00e8 bisogno di emulsioni opache o versioni satinwood, eggshell o lucide.  <\/p>\n<p><strong>Perch\u00e9 \u00e8 cos\u00ec ecologico?<\/strong><br \/>La vernice di semi di lino contiene solo olio di semi di lino naturali pi\u00f9 pigmenti naturali. Non ci sono solventi, leganti o emulsionanti puzzolenti o tossici. E con ingredienti cos\u00ec semplici, non servono nemmeno grandi e sporche raffinerie per produrla!  <\/p>\n<p><strong>Perch\u00e9 la pittura a olio di lino \u00e8 pi\u00f9 piacevole da usare?<\/strong><br \/>La pittura all&#8217;olio di lino ha un odore ricco ma delicato. Se dipingi in casa, non c&#8217;\u00e8 bisogno di tenere le finestre aperte o di preoccuparti di mal di testa e vertigini. <\/p>\n<p><strong>Ha bisogno di manutenzione?<\/strong><br \/>Assolutamente! Dopo un po&#8217; di anni, vedrai che la tua pittura a olio di lino \u00e8 diventata un po&#8217; pi\u00f9 opaca. Alcune persone preferiscono questo effetto e lo aspettano con ansia. Altri preferiscono passare la pittura con un po&#8217; di olio di lino ogni pochi anni, che si asciuga rapidamente e ripristina la lucentezza.   <\/p>\n\t\t\t\t\t\t\t\t<\/div>\n\t\t\t\t<\/div>\n\t\t\t\t\t<\/div>\n\t\t<\/div>\n\t\t\t\t\t<\/div>\n\t\t<\/section>\n\t\t\t\t\t<\/div>\n\t\t<\/div>\n\t\t\t\t\t<\/div>\n\t\t<\/section>\n\t\t\t\t<section class=\"elementor-section elementor-top-section elementor-element elementor-element-26cce17 elementor-section-height-min-height elementor-section-boxed elementor-section-height-default elementor-section-items-middle\" data-id=\"26cce17\" data-element_type=\"section\" data-e-type=\"section\" data-settings=\"{&quot;background_background&quot;:&quot;slideshow&quot;,&quot;background_slideshow_gallery&quot;:[{&quot;id&quot;:8500,&quot;url&quot;:&quot;https:\\\/\\\/brouns.eu\\\/wp-content\\\/uploads\\\/2024\\\/07\\\/About-Linseed-Oil-Paint_footer_web_2000_600.jpg&quot;}],&quot;background_slideshow_transition_duration&quot;:1500,&quot;background_slideshow_loop&quot;:&quot;yes&quot;,&quot;background_slideshow_slide_duration&quot;:5000,&quot;background_slideshow_slide_transition&quot;:&quot;fade&quot;}\">\n\t\t\t\t\t\t\t<div class=\"elementor-background-overlay\"><\/div>\n\t\t\t\t\t\t\t<div class=\"elementor-container elementor-column-gap-no\">\n\t\t\t\t\t<div class=\"elementor-column elementor-col-100 elementor-top-column elementor-element elementor-element-1816f5f\" data-id=\"1816f5f\" data-element_type=\"column\" data-e-type=\"column\">\n\t\t\t<div class=\"elementor-widget-wrap elementor-element-populated\">\n\t\t\t\t\t\t<div class=\"elementor-element elementor-element-4ffbbec elementor-widget elementor-widget-spacer\" data-id=\"4ffbbec\" data-element_type=\"widget\" data-e-type=\"widget\" data-widget_type=\"spacer.default\">\n\t\t\t\t<div class=\"elementor-widget-container\">\n\t\t\t\t\t\t\t<div class=\"elementor-spacer\">\n\t\t\t<div class=\"elementor-spacer-inner\"><\/div>\n\t\t<\/div>\n\t\t\t\t\t\t<\/div>\n\t\t\t\t<\/div>\n\t\t\t\t\t<\/div>\n\t\t<\/div>\n\t\t\t\t\t<\/div>\n\t\t<\/section>\n\t\t\t\t<\/div>\n\t\t","protected":false},"excerpt":{"rendered":"<p>Informazioni sulla pittura all&#8217;olio di lino Esplorare Pittura all&#8217;olio di lino La pittura all&#8217;olio di lino trasformer\u00e0 il tuo modo di dipingere. Dura praticamente per sempre senza dover essere riapplicata, non si sfalda n\u00e9 si scrosta. \u00c8 ecologica, non ha un odore forte, si asciuga in 24 ore ed \u00e8 estremamente conveniente. Inoltre, \u00e8 disponibile [&hellip;]<\/p>\n","protected":false},"author":1,"featured_media":0,"parent":0,"menu_order":0,"comment_status":"closed","ping_status":"closed","template":"","meta":{"_acf_changed":false,"site-sidebar-layout":"no-sidebar","site-content-layout":"page-builder","ast-site-content-layout":"full-width-container","site-content-style":"unboxed","site-sidebar-style":"unboxed","ast-global-header-display":"","ast-banner-title-visibility":"","ast-main-header-display":"","ast-hfb-above-header-display":"","ast-hfb-below-header-display":"","ast-hfb-mobile-header-display":"","site-post-title":"disabled","ast-breadcrumbs-content":"","ast-featured-img":"disabled","footer-sml-layout":"","ast-disable-related-posts":"","theme-transparent-header-meta":"disabled","adv-header-id-meta":"","stick-header-meta":"default","header-above-stick-meta":"","header-main-stick-meta":"","header-below-stick-meta":"","astra-migrate-meta-layouts":"default","ast-page-background-enabled":"default","ast-page-background-meta":{"desktop":{"background-color":"","background-image":"","background-repeat":"repeat","background-position":"center center","background-size":"auto","background-attachment":"scroll","background-type":"","background-media":"","overlay-type":"","overlay-color":"","overlay-opacity":"","overlay-gradient":""},"tablet":{"background-color":"","background-image":"","background-repeat":"repeat","background-position":"center center","background-size":"auto","background-attachment":"scroll","background-type":"","background-media":"","overlay-type":"","overlay-color":"","overlay-opacity":"","overlay-gradient":""},"mobile":{"background-color":"","background-image":"","background-repeat":"repeat","background-position":"center center","background-size":"auto","background-attachment":"scroll","background-type":"","background-media":"","overlay-type":"","overlay-color":"","overlay-opacity":"","overlay-gradient":""}},"ast-content-background-meta":{"desktop":{"background-color":"var(--ast-global-color-5)","background-image":"","background-repeat":"repeat","background-position":"center center","background-size":"auto","background-attachment":"scroll","background-type":"","background-media":"","overlay-type":"","overlay-color":"","overlay-opacity":"","overlay-gradient":""},"tablet":{"background-color":"var(--ast-global-color-5)","background-image":"","background-repeat":"repeat","background-position":"center center","background-size":"auto","background-attachment":"scroll","background-type":"","background-media":"","overlay-type":"","overlay-color":"","overlay-opacity":"","overlay-gradient":""},"mobile":{"background-color":"var(--ast-global-color-5)","background-image":"","background-repeat":"repeat","background-position":"center center","background-size":"auto","background-attachment":"scroll","background-type":"","background-media":"","overlay-type":"","overlay-color":"","overlay-opacity":"","overlay-gradient":""}},"ngg_post_thumbnail":0,"footnotes":""},"class_list":["post-20254","page","type-page","status-publish","hentry"],"acf":[],"yoast_head":"<!-- This site is optimized with the Yoast SEO plugin v27.4 - https:\/\/yoast.com\/product\/yoast-seo-wordpress\/ -->\n<title>Informazioni sulla pittura all&#039;olio di lino - Brouns &amp; Co EU<\/title>\n<meta name=\"robots\" content=\"noindex, nofollow\" \/>\n<meta property=\"og:locale\" content=\"it_IT\" \/>\n<meta property=\"og:type\" content=\"article\" \/>\n<meta property=\"og:title\" content=\"Informazioni sulla pittura all&#039;olio di lino - Brouns &amp; Co EU\" \/>\n<meta property=\"og:description\" content=\"Informazioni sulla pittura all&#8217;olio di lino Esplorare Pittura all&#8217;olio di lino La pittura all&#8217;olio di lino trasformer\u00e0 il tuo modo di dipingere. Dura praticamente per sempre senza dover essere riapplicata, non si sfalda n\u00e9 si scrosta. \u00c8 ecologica, non ha un odore forte, si asciuga in 24 ore ed \u00e8 estremamente conveniente. Inoltre, \u00e8 disponibile [&hellip;]\" \/>\n<meta property=\"og:url\" content=\"https:\/\/brouns.eu\/it\/informazioni-sulla-pittura-allolio-di-lino\/\" \/>\n<meta property=\"og:site_name\" content=\"Brouns &amp; Co EU\" \/>\n<meta property=\"article:modified_time\" content=\"2025-04-02T22:38:34+00:00\" \/>\n<meta name=\"twitter:card\" content=\"summary_large_image\" \/>\n<meta name=\"twitter:label1\" content=\"Tempo di lettura stimato\" \/>\n\t<meta name=\"twitter:data1\" content=\"3 minuti\" \/>\n<script type=\"application\/ld+json\" class=\"yoast-schema-graph\">{\"@context\":\"https:\\\/\\\/schema.org\",\"@graph\":[{\"@type\":\"WebPage\",\"@id\":\"https:\\\/\\\/brouns.eu\\\/it\\\/informazioni-sulla-pittura-allolio-di-lino\\\/\",\"url\":\"https:\\\/\\\/brouns.eu\\\/it\\\/informazioni-sulla-pittura-allolio-di-lino\\\/\",\"name\":\"Informazioni sulla pittura all'olio di lino - Brouns &amp; Co EU\",\"isPartOf\":{\"@id\":\"https:\\\/\\\/brouns.eu\\\/it\\\/#website\"},\"datePublished\":\"2024-07-05T14:21:44+00:00\",\"dateModified\":\"2025-04-02T22:38:34+00:00\",\"breadcrumb\":{\"@id\":\"https:\\\/\\\/brouns.eu\\\/it\\\/informazioni-sulla-pittura-allolio-di-lino\\\/#breadcrumb\"},\"inLanguage\":\"it-IT\",\"potentialAction\":[{\"@type\":\"ReadAction\",\"target\":[\"https:\\\/\\\/brouns.eu\\\/it\\\/informazioni-sulla-pittura-allolio-di-lino\\\/\"]}]},{\"@type\":\"BreadcrumbList\",\"@id\":\"https:\\\/\\\/brouns.eu\\\/it\\\/informazioni-sulla-pittura-allolio-di-lino\\\/#breadcrumb\",\"itemListElement\":[{\"@type\":\"ListItem\",\"position\":1,\"name\":\"Home\",\"item\":\"https:\\\/\\\/brouns.eu\\\/it\\\/\"},{\"@type\":\"ListItem\",\"position\":2,\"name\":\"Informazioni sulla pittura all&#8217;olio di lino\"}]},{\"@type\":\"WebSite\",\"@id\":\"https:\\\/\\\/brouns.eu\\\/it\\\/#website\",\"url\":\"https:\\\/\\\/brouns.eu\\\/it\\\/\",\"name\":\"Brouns &amp; Co EU\",\"description\":\"\",\"publisher\":{\"@id\":\"https:\\\/\\\/brouns.eu\\\/it\\\/#organization\"},\"potentialAction\":[{\"@type\":\"SearchAction\",\"target\":{\"@type\":\"EntryPoint\",\"urlTemplate\":\"https:\\\/\\\/brouns.eu\\\/it\\\/?s={search_term_string}\"},\"query-input\":{\"@type\":\"PropertyValueSpecification\",\"valueRequired\":true,\"valueName\":\"search_term_string\"}}],\"inLanguage\":\"it-IT\"},{\"@type\":\"Organization\",\"@id\":\"https:\\\/\\\/brouns.eu\\\/it\\\/#organization\",\"name\":\"Brouns &amp; Co EU\",\"url\":\"https:\\\/\\\/brouns.eu\\\/it\\\/\",\"logo\":{\"@type\":\"ImageObject\",\"inLanguage\":\"it-IT\",\"@id\":\"https:\\\/\\\/brouns.eu\\\/it\\\/#\\\/schema\\\/logo\\\/image\\\/\",\"url\":\"https:\\\/\\\/brouns.eu\\\/wp-content\\\/uploads\\\/2024\\\/04\\\/Brouns-_-co-Logo-no-linseed-paint-oil.png\",\"contentUrl\":\"https:\\\/\\\/brouns.eu\\\/wp-content\\\/uploads\\\/2024\\\/04\\\/Brouns-_-co-Logo-no-linseed-paint-oil.png\",\"width\":650,\"height\":60,\"caption\":\"Brouns &amp; Co EU\"},\"image\":{\"@id\":\"https:\\\/\\\/brouns.eu\\\/it\\\/#\\\/schema\\\/logo\\\/image\\\/\"}}]}<\/script>\n<!-- \/ Yoast SEO plugin. -->","yoast_head_json":{"title":"Informazioni sulla pittura all'olio di lino - Brouns &amp; Co EU","robots":{"index":"noindex","follow":"nofollow"},"og_locale":"it_IT","og_type":"article","og_title":"Informazioni sulla pittura all'olio di lino - Brouns &amp; Co EU","og_description":"Informazioni sulla pittura all&#8217;olio di lino Esplorare Pittura all&#8217;olio di lino La pittura all&#8217;olio di lino trasformer\u00e0 il tuo modo di dipingere. Dura praticamente per sempre senza dover essere riapplicata, non si sfalda n\u00e9 si scrosta. \u00c8 ecologica, non ha un odore forte, si asciuga in 24 ore ed \u00e8 estremamente conveniente. Inoltre, \u00e8 disponibile [&hellip;]","og_url":"https:\/\/brouns.eu\/it\/informazioni-sulla-pittura-allolio-di-lino\/","og_site_name":"Brouns &amp; Co EU","article_modified_time":"2025-04-02T22:38:34+00:00","twitter_card":"summary_large_image","twitter_misc":{"Tempo di lettura stimato":"3 minuti"},"schema":{"@context":"https:\/\/schema.org","@graph":[{"@type":"WebPage","@id":"https:\/\/brouns.eu\/it\/informazioni-sulla-pittura-allolio-di-lino\/","url":"https:\/\/brouns.eu\/it\/informazioni-sulla-pittura-allolio-di-lino\/","name":"Informazioni sulla pittura all'olio di lino - Brouns &amp; Co EU","isPartOf":{"@id":"https:\/\/brouns.eu\/it\/#website"},"datePublished":"2024-07-05T14:21:44+00:00","dateModified":"2025-04-02T22:38:34+00:00","breadcrumb":{"@id":"https:\/\/brouns.eu\/it\/informazioni-sulla-pittura-allolio-di-lino\/#breadcrumb"},"inLanguage":"it-IT","potentialAction":[{"@type":"ReadAction","target":["https:\/\/brouns.eu\/it\/informazioni-sulla-pittura-allolio-di-lino\/"]}]},{"@type":"BreadcrumbList","@id":"https:\/\/brouns.eu\/it\/informazioni-sulla-pittura-allolio-di-lino\/#breadcrumb","itemListElement":[{"@type":"ListItem","position":1,"name":"Home","item":"https:\/\/brouns.eu\/it\/"},{"@type":"ListItem","position":2,"name":"Informazioni sulla pittura all&#8217;olio di lino"}]},{"@type":"WebSite","@id":"https:\/\/brouns.eu\/it\/#website","url":"https:\/\/brouns.eu\/it\/","name":"Brouns &amp; Co EU","description":"","publisher":{"@id":"https:\/\/brouns.eu\/it\/#organization"},"potentialAction":[{"@type":"SearchAction","target":{"@type":"EntryPoint","urlTemplate":"https:\/\/brouns.eu\/it\/?s={search_term_string}"},"query-input":{"@type":"PropertyValueSpecification","valueRequired":true,"valueName":"search_term_string"}}],"inLanguage":"it-IT"},{"@type":"Organization","@id":"https:\/\/brouns.eu\/it\/#organization","name":"Brouns &amp; Co EU","url":"https:\/\/brouns.eu\/it\/","logo":{"@type":"ImageObject","inLanguage":"it-IT","@id":"https:\/\/brouns.eu\/it\/#\/schema\/logo\/image\/","url":"https:\/\/brouns.eu\/wp-content\/uploads\/2024\/04\/Brouns-_-co-Logo-no-linseed-paint-oil.png","contentUrl":"https:\/\/brouns.eu\/wp-content\/uploads\/2024\/04\/Brouns-_-co-Logo-no-linseed-paint-oil.png","width":650,"height":60,"caption":"Brouns &amp; Co EU"},"image":{"@id":"https:\/\/brouns.eu\/it\/#\/schema\/logo\/image\/"}}]}},"_links":{"self":[{"href":"https:\/\/brouns.eu\/it\/wp-json\/wp\/v2\/pages\/20254","targetHints":{"allow":["GET"]}}],"collection":[{"href":"https:\/\/brouns.eu\/it\/wp-json\/wp\/v2\/pages"}],"about":[{"href":"https:\/\/brouns.eu\/it\/wp-json\/wp\/v2\/types\/page"}],"author":[{"embeddable":true,"href":"https:\/\/brouns.eu\/it\/wp-json\/wp\/v2\/users\/1"}],"replies":[{"embeddable":true,"href":"https:\/\/brouns.eu\/it\/wp-json\/wp\/v2\/comments?post=20254"}],"version-history":[{"count":1,"href":"https:\/\/brouns.eu\/it\/wp-json\/wp\/v2\/pages\/20254\/revisions"}],"predecessor-version":[{"id":20255,"href":"https:\/\/brouns.eu\/it\/wp-json\/wp\/v2\/pages\/20254\/revisions\/20255"}],"wp:attachment":[{"href":"https:\/\/brouns.eu\/it\/wp-json\/wp\/v2\/media?parent=20254"}],"curies":[{"name":"wp","href":"https:\/\/api.w.org\/{rel}","templated":true}]}}