{"id":20242,"date":"2024-07-05T15:08:47","date_gmt":"2024-07-05T14:08:47","guid":{"rendered":"https:\/\/brouns.eu\/di\/"},"modified":"2025-04-02T23:32:17","modified_gmt":"2025-04-02T22:32:17","slug":"di","status":"publish","type":"page","link":"https:\/\/brouns.eu\/it\/di\/","title":{"rendered":"Di"},"content":{"rendered":"\t\t<div data-elementor-type=\"wp-page\" data-elementor-id=\"20242\" class=\"elementor elementor-20242 elementor-8452\">\n\t\t\t\t\t\t<section class=\"elementor-section elementor-top-section elementor-element elementor-element-118b0341 elementor-section-height-min-height elementor-section-boxed elementor-section-height-default elementor-section-items-middle\" data-id=\"118b0341\" data-element_type=\"section\" data-e-type=\"section\" data-settings=\"{&quot;background_background&quot;:&quot;slideshow&quot;,&quot;background_slideshow_gallery&quot;:[{&quot;id&quot;:8455,&quot;url&quot;:&quot;https:\\\/\\\/brouns.eu\\\/wp-content\\\/uploads\\\/2024\\\/07\\\/About_header_web_2000_1000.jpg&quot;}],&quot;background_slideshow_transition_duration&quot;:1500,&quot;background_slideshow_loop&quot;:&quot;yes&quot;,&quot;background_slideshow_slide_duration&quot;:5000,&quot;background_slideshow_slide_transition&quot;:&quot;fade&quot;}\">\n\t\t\t\t\t\t\t<div class=\"elementor-background-overlay\"><\/div>\n\t\t\t\t\t\t\t<div class=\"elementor-container elementor-column-gap-no\">\n\t\t\t\t\t<div class=\"elementor-column elementor-col-100 elementor-top-column elementor-element elementor-element-a90d8d1\" data-id=\"a90d8d1\" data-element_type=\"column\" data-e-type=\"column\">\n\t\t\t<div class=\"elementor-widget-wrap elementor-element-populated\">\n\t\t\t\t\t\t<div class=\"elementor-element elementor-element-4de0b63d animated-slow elementor-invisible elementor-widget elementor-widget-heading\" data-id=\"4de0b63d\" data-element_type=\"widget\" data-e-type=\"widget\" data-settings=\"{&quot;_animation&quot;:&quot;fadeIn&quot;,&quot;_animation_delay&quot;:300}\" data-widget_type=\"heading.default\">\n\t\t\t\t<div class=\"elementor-widget-container\">\n\t\t\t\t\t<h1 class=\"elementor-heading-title elementor-size-default\">Informazioni su Brouns &amp; Co<\/h1>\t\t\t\t<\/div>\n\t\t\t\t<\/div>\n\t\t\t\t<div class=\"elementor-element elementor-element-6cac885 animated-slow elementor-widget-divider--view-line elementor-invisible elementor-widget elementor-widget-divider\" data-id=\"6cac885\" data-element_type=\"widget\" data-e-type=\"widget\" data-settings=\"{&quot;_animation&quot;:&quot;fadeIn&quot;,&quot;_animation_delay&quot;:300}\" data-widget_type=\"divider.default\">\n\t\t\t\t<div class=\"elementor-widget-container\">\n\t\t\t\t\t\t\t<div class=\"elementor-divider\">\n\t\t\t<span class=\"elementor-divider-separator\">\n\t\t\t\t\t\t<\/span>\n\t\t<\/div>\n\t\t\t\t\t\t<\/div>\n\t\t\t\t<\/div>\n\t\t\t\t<div class=\"elementor-element elementor-element-5662c44c animated-slow elementor-invisible elementor-widget elementor-widget-text-editor\" data-id=\"5662c44c\" data-element_type=\"widget\" data-e-type=\"widget\" data-settings=\"{&quot;_animation&quot;:&quot;fadeIn&quot;,&quot;_animation_delay&quot;:300}\" data-widget_type=\"text-editor.default\">\n\t\t\t\t<div class=\"elementor-widget-container\">\n\t\t\t\t\t\t\t\t\t<p>Un produttore britannico di vernice naturale all&#8217;olio di lino con una gamma di colori storicamente accurati<\/p>\n\t\t\t\t\t\t\t\t<\/div>\n\t\t\t\t<\/div>\n\t\t\t\t<div class=\"elementor-element elementor-element-4140a3e1 e-transform animated-slow elementor-align-center elementor-tablet-align-center elementor-invisible elementor-widget elementor-widget-button\" data-id=\"4140a3e1\" data-element_type=\"widget\" data-e-type=\"widget\" data-settings=\"{&quot;_transform_translateX_effect_hover&quot;:{&quot;unit&quot;:&quot;px&quot;,&quot;size&quot;:1.2,&quot;sizes&quot;:[]},&quot;_transform_translateY_effect_hover&quot;:{&quot;unit&quot;:&quot;px&quot;,&quot;size&quot;:1.2,&quot;sizes&quot;:[]},&quot;_animation&quot;:&quot;fadeIn&quot;,&quot;_animation_delay&quot;:300,&quot;_transform_translateX_effect_hover_tablet&quot;:{&quot;unit&quot;:&quot;px&quot;,&quot;size&quot;:&quot;&quot;,&quot;sizes&quot;:[]},&quot;_transform_translateX_effect_hover_mobile&quot;:{&quot;unit&quot;:&quot;px&quot;,&quot;size&quot;:&quot;&quot;,&quot;sizes&quot;:[]},&quot;_transform_translateY_effect_hover_tablet&quot;:{&quot;unit&quot;:&quot;px&quot;,&quot;size&quot;:&quot;&quot;,&quot;sizes&quot;:[]},&quot;_transform_translateY_effect_hover_mobile&quot;:{&quot;unit&quot;:&quot;px&quot;,&quot;size&quot;:&quot;&quot;,&quot;sizes&quot;:[]}}\" data-widget_type=\"button.default\">\n\t\t\t\t<div class=\"elementor-widget-container\">\n\t\t\t\t\t\t\t\t\t<div class=\"elementor-button-wrapper\">\n\t\t\t\t\t<a class=\"elementor-button elementor-button-link elementor-size-sm\" href=\"#intro\">\n\t\t\t\t\t\t<span class=\"elementor-button-content-wrapper\">\n\t\t\t\t\t\t\t\t\t<span class=\"elementor-button-text\">Esplorare<\/span>\n\t\t\t\t\t<\/span>\n\t\t\t\t\t<\/a>\n\t\t\t\t<\/div>\n\t\t\t\t\t\t\t\t<\/div>\n\t\t\t\t<\/div>\n\t\t\t\t\t<\/div>\n\t\t<\/div>\n\t\t\t\t\t<\/div>\n\t\t<\/section>\n\t\t\t\t<section class=\"elementor-section elementor-top-section elementor-element elementor-element-a101251 elementor-section-boxed elementor-section-height-default elementor-section-height-default\" data-id=\"a101251\" data-element_type=\"section\" data-e-type=\"section\" id=\"intro\" data-settings=\"{&quot;background_background&quot;:&quot;classic&quot;}\">\n\t\t\t\t\t\t<div class=\"elementor-container elementor-column-gap-no\">\n\t\t\t\t\t<div class=\"elementor-column elementor-col-100 elementor-top-column elementor-element elementor-element-17c2620\" data-id=\"17c2620\" data-element_type=\"column\" data-e-type=\"column\">\n\t\t\t<div class=\"elementor-widget-wrap elementor-element-populated\">\n\t\t\t\t\t\t<section class=\"elementor-section elementor-inner-section elementor-element elementor-element-1eff6a7 animated-slow elementor-section-boxed elementor-section-height-default elementor-section-height-default elementor-invisible\" data-id=\"1eff6a7\" data-element_type=\"section\" data-e-type=\"section\" data-settings=\"{&quot;animation&quot;:&quot;fadeIn&quot;,&quot;animation_delay&quot;:300}\">\n\t\t\t\t\t\t<div class=\"elementor-container elementor-column-gap-no\">\n\t\t\t\t\t<div class=\"elementor-column elementor-col-100 elementor-inner-column elementor-element elementor-element-3232246\" data-id=\"3232246\" data-element_type=\"column\" data-e-type=\"column\">\n\t\t\t<div class=\"elementor-widget-wrap elementor-element-populated\">\n\t\t\t\t\t\t<div class=\"elementor-element elementor-element-9fef7d1 elementor-widget elementor-widget-heading\" data-id=\"9fef7d1\" data-element_type=\"widget\" data-e-type=\"widget\" data-widget_type=\"heading.default\">\n\t\t\t\t<div class=\"elementor-widget-container\">\n\t\t\t\t\t<h3 class=\"elementor-heading-title elementor-size-default\">Origini dell'azienda<\/h3>\t\t\t\t<\/div>\n\t\t\t\t<\/div>\n\t\t\t\t<div class=\"elementor-element elementor-element-255d884 elementor-widget-divider--view-line elementor-widget elementor-widget-divider\" data-id=\"255d884\" data-element_type=\"widget\" data-e-type=\"widget\" data-widget_type=\"divider.default\">\n\t\t\t\t<div class=\"elementor-widget-container\">\n\t\t\t\t\t\t\t<div class=\"elementor-divider\">\n\t\t\t<span class=\"elementor-divider-separator\">\n\t\t\t\t\t\t<\/span>\n\t\t<\/div>\n\t\t\t\t\t\t<\/div>\n\t\t\t\t<\/div>\n\t\t\t\t<div class=\"elementor-element elementor-element-8b141f8 elementor-widget elementor-widget-text-editor\" data-id=\"8b141f8\" data-element_type=\"widget\" data-e-type=\"widget\" data-widget_type=\"text-editor.default\">\n\t\t\t\t<div class=\"elementor-widget-container\">\n\t\t\t\t\t\t\t\t\t<p>Brouns &amp; Co ha sede nel nord del Regno Unito, nel West Yorkshire, dove viene coltivato l&#8217;ingrediente grezzo delle vernici, il lino. L&#8217;azienda \u00e8 stata fondata dall&#8217;esperto di conservazione degli edifici storici Michiel Brouns, che ha acquisito la sua competenza esaminando edifici storici nei suoi Paesi Bassi nativi, prima di trasferirsi nel Regno Unito nel 2006 e fondare Brouns &amp; Co nello Yorkshire. <\/p>\n<p>&#8220;La vernice di semi di lino \u00e8 un prodotto incredibile per le superfici in legno sia esterne che interne&#8221;, afferma Michiel. &#8220;Nel Regno Unito abbiamo questa idea che pi\u00f9 strati di vernice mettiamo sul legno, meglio \u00e8. Sfortunatamente, l&#8217;acqua trova sempre un modo per entrare e, quando lo fa, deve anche trovare un modo per uscire di nuovo&#8221;.<\/p>\n<p>&#8220;La solita applicazione di quattro o cinque mani di vernice a base petrolchimica fa esattamente l&#8217;opposto di ci\u00f2 che dovrebbe fare. Sigilla l&#8217;acqua e poi il legno inizia a marcire. La vernice al lino \u00e8 diversa perch\u00e9 non forma una pellicola sulla parte superiore del legno e consente all&#8217;acqua di fuoriuscire di nuovo e aiuta persino a preservare il legno. \u00c8 anche di lunga durata: la manutenzione \u00e8 solo una passata con un po&#8217; d&#8217;olio una volta ogni 10-15 anni, quindi \u00e8 effettivamente pi\u00f9 economica di molte marche di vernice convenzionale.&#8221;<\/p>\n\t\t\t\t\t\t\t\t<\/div>\n\t\t\t\t<\/div>\n\t\t\t\t\t<\/div>\n\t\t<\/div>\n\t\t\t\t\t<\/div>\n\t\t<\/section>\n\t\t\t\t\t<\/div>\n\t\t<\/div>\n\t\t\t\t\t<\/div>\n\t\t<\/section>\n\t\t\t\t<section class=\"elementor-section elementor-top-section elementor-element elementor-element-321435a9 animated-slow elementor-section-boxed elementor-section-height-default elementor-section-height-default elementor-invisible\" data-id=\"321435a9\" data-element_type=\"section\" data-e-type=\"section\" data-settings=\"{&quot;background_background&quot;:&quot;classic&quot;,&quot;animation&quot;:&quot;fadeIn&quot;,&quot;animation_delay&quot;:300}\">\n\t\t\t\t\t\t<div class=\"elementor-container elementor-column-gap-no\">\n\t\t\t\t\t<div class=\"elementor-column elementor-col-100 elementor-top-column elementor-element elementor-element-3ae07a71\" data-id=\"3ae07a71\" data-element_type=\"column\" data-e-type=\"column\">\n\t\t\t<div class=\"elementor-widget-wrap elementor-element-populated\">\n\t\t\t\t\t\t<section class=\"elementor-section elementor-inner-section elementor-element elementor-element-29699d64 elementor-reverse-tablet elementor-reverse-mobile elementor-section-boxed elementor-section-height-default elementor-section-height-default\" data-id=\"29699d64\" data-element_type=\"section\" data-e-type=\"section\">\n\t\t\t\t\t\t<div class=\"elementor-container elementor-column-gap-no\">\n\t\t\t\t\t<div class=\"elementor-column elementor-col-100 elementor-inner-column elementor-element elementor-element-13f7b193\" data-id=\"13f7b193\" data-element_type=\"column\" data-e-type=\"column\">\n\t\t\t<div class=\"elementor-widget-wrap elementor-element-populated\">\n\t\t\t\t\t\t<div class=\"elementor-element elementor-element-7d58144 elementor-widget elementor-widget-heading\" data-id=\"7d58144\" data-element_type=\"widget\" data-e-type=\"widget\" data-widget_type=\"heading.default\">\n\t\t\t\t<div class=\"elementor-widget-container\">\n\t\t\t\t\t<h3 class=\"elementor-heading-title elementor-size-default\">La vernice all'olio di lino e la tinta per legno<\/h3>\t\t\t\t<\/div>\n\t\t\t\t<\/div>\n\t\t\t\t<div class=\"elementor-element elementor-element-97a7998 elementor-widget-divider--view-line elementor-widget elementor-widget-divider\" data-id=\"97a7998\" data-element_type=\"widget\" data-e-type=\"widget\" data-widget_type=\"divider.default\">\n\t\t\t\t<div class=\"elementor-widget-container\">\n\t\t\t\t\t\t\t<div class=\"elementor-divider\">\n\t\t\t<span class=\"elementor-divider-separator\">\n\t\t\t\t\t\t<\/span>\n\t\t<\/div>\n\t\t\t\t\t\t<\/div>\n\t\t\t\t<\/div>\n\t\t\t\t<div class=\"elementor-element elementor-element-142e39b9 elementor-widget elementor-widget-text-editor\" data-id=\"142e39b9\" data-element_type=\"widget\" data-e-type=\"widget\" data-widget_type=\"text-editor.default\">\n\t\t\t\t<div class=\"elementor-widget-container\">\n\t\t\t\t\t\t\t\t\t<p><strong><span style=\"font-style: inherit; background-color: var( --e-global-color-astglobalcolor5 );\">Fama mondiale<\/span><\/strong><\/p>\n<p>Brouns &amp; Co collabora con studi di architettura in tutto il mondo e con una lista di clienti di alto profilo, tra cui Chatsworth House, la Grosvenor Estate del Duca di Westminster e il Natural History Museum di Londra. Brouns &amp; Co collabora anche con esperti di conservazione negli Stati Uniti, in particolare sul restauro e la manutenzione di edifici storici in legno, con le vernici naturali esclusive di Brouns &amp; Co che sono una parte importante della conservazione. <\/p>\n<p><strong>La gamma<\/strong><\/p>\n<p>La gamma di vernici all&#8217;olio di lino Brouns &amp; Co \u00e8 disponibile in una gamma di 40 colori storicamente accurati e pu\u00f2 essere utilizzata su lavori in legno e metallo sia esterni che interni. La vernice \u00e8 completata dalla tinta per legno per interni per pavimenti e mobili, nonch\u00e9 da una gamma di oli, materiali ed elettrodomestici. I materiali possono essere tutti utilizzati nella preparazione e applicazione della vernice per proteggere e restaurare edifici, mobili, legno e metallo, in modo ecologico, oltre a dare alle superfici la massima protezione. Brouns &amp; Co offre anche il tradizionale olio di catrame di legno, la madre di tutti i trattamenti del legno, identico a quello trovato sulle chiese norvegesi a doghe risalenti al XII secolo.   <\/p>\n<p><strong>100% naturale<\/strong><br \/> Mentre le vernici moderne sono realizzate in plastica, che viene colorata con pigmenti sintetici e poi riempita con agenti essiccanti, la vernice di semi di lino \u00e8 realizzata nel modo tradizionale macinando i pigmenti in polvere in olio di semi di lino bollito per creare una pasta usando mulini a tre rulli, quindi aggiungendo altro olio fino a raggiungere la consistenza corretta. Non viene aggiunto assolutamente nient&#8217;altro alla vernice per esterni di Brouns &amp; Co e solo un agente essiccante molto minimo viene aggiunto alla versione per interni. <\/p>\n<p>La vernice ai semi di lino Brouns &amp; Co \u00e8 realizzata con ingredienti completamente naturali, senza plastica o COV.<\/p>\n<p>La pittura naturale all&#8217;olio di lino sta vivendo una rinascita grazie alla sua sostenibilit\u00e0, durevolezza, ingredienti naturali e propriet\u00e0 ipoallergeniche.<\/p>\n<p><strong>Durevole<\/strong><br \/> La vernice all&#8217;olio di lino protegge da tutte le intemperie. Una volta verniciata, il legno non marcisce e il ferro non arrugginisce. Ha fantastiche propriet\u00e0 traspiranti, consentendo l&#8217;evaporazione dell&#8217;umidit\u00e0, invece di intrappolarla sotto una pellicola impermeabile.  <\/p>\n<p>In Scandinavia, dove esiste una lunga tradizione nell&#8217;uso della vernice ai semi di lino, sono sopravvissuti strati originali di vernice ai semi di lino su case vecchie di diversi secoli.<\/p>\n\t\t\t\t\t\t\t\t<\/div>\n\t\t\t\t<\/div>\n\t\t\t\t\t<\/div>\n\t\t<\/div>\n\t\t\t\t\t<\/div>\n\t\t<\/section>\n\t\t\t\t\t<\/div>\n\t\t<\/div>\n\t\t\t\t\t<\/div>\n\t\t<\/section>\n\t\t\t\t<section class=\"elementor-section elementor-top-section elementor-element elementor-element-26cce17 elementor-section-height-min-height elementor-section-boxed elementor-section-height-default elementor-section-items-middle\" data-id=\"26cce17\" data-element_type=\"section\" data-e-type=\"section\" data-settings=\"{&quot;background_background&quot;:&quot;slideshow&quot;,&quot;background_slideshow_gallery&quot;:[{&quot;id&quot;:8467,&quot;url&quot;:&quot;https:\\\/\\\/brouns.eu\\\/wp-content\\\/uploads\\\/2024\\\/07\\\/About_footer_web_2000_600-1.jpg&quot;}],&quot;background_slideshow_transition_duration&quot;:1500,&quot;background_slideshow_loop&quot;:&quot;yes&quot;,&quot;background_slideshow_slide_duration&quot;:5000,&quot;background_slideshow_slide_transition&quot;:&quot;fade&quot;}\">\n\t\t\t\t\t\t\t<div class=\"elementor-background-overlay\"><\/div>\n\t\t\t\t\t\t\t<div class=\"elementor-container elementor-column-gap-no\">\n\t\t\t\t\t<div class=\"elementor-column elementor-col-100 elementor-top-column elementor-element elementor-element-1816f5f\" data-id=\"1816f5f\" data-element_type=\"column\" data-e-type=\"column\">\n\t\t\t<div class=\"elementor-widget-wrap elementor-element-populated\">\n\t\t\t\t\t\t<div class=\"elementor-element elementor-element-4ffbbec elementor-widget elementor-widget-spacer\" data-id=\"4ffbbec\" data-element_type=\"widget\" data-e-type=\"widget\" data-widget_type=\"spacer.default\">\n\t\t\t\t<div class=\"elementor-widget-container\">\n\t\t\t\t\t\t\t<div class=\"elementor-spacer\">\n\t\t\t<div class=\"elementor-spacer-inner\"><\/div>\n\t\t<\/div>\n\t\t\t\t\t\t<\/div>\n\t\t\t\t<\/div>\n\t\t\t\t\t<\/div>\n\t\t<\/div>\n\t\t\t\t\t<\/div>\n\t\t<\/section>\n\t\t\t\t<\/div>\n\t\t","protected":false},"excerpt":{"rendered":"<p>Informazioni su Brouns &amp; Co Un produttore britannico di vernice naturale all&#8217;olio di lino con una gamma di colori storicamente accurati Esplorare Origini dell&#8217;azienda Brouns &amp; Co ha sede nel nord del Regno Unito, nel West Yorkshire, dove viene coltivato l&#8217;ingrediente grezzo delle vernici, il lino. L&#8217;azienda \u00e8 stata fondata dall&#8217;esperto di conservazione degli edifici [&hellip;]<\/p>\n","protected":false},"author":1,"featured_media":0,"parent":0,"menu_order":0,"comment_status":"closed","ping_status":"closed","template":"","meta":{"_acf_changed":false,"site-sidebar-layout":"no-sidebar","site-content-layout":"page-builder","ast-site-content-layout":"full-width-container","site-content-style":"unboxed","site-sidebar-style":"unboxed","ast-global-header-display":"","ast-banner-title-visibility":"","ast-main-header-display":"","ast-hfb-above-header-display":"","ast-hfb-below-header-display":"","ast-hfb-mobile-header-display":"","site-post-title":"disabled","ast-breadcrumbs-content":"","ast-featured-img":"disabled","footer-sml-layout":"","ast-disable-related-posts":"","theme-transparent-header-meta":"disabled","adv-header-id-meta":"","stick-header-meta":"default","header-above-stick-meta":"","header-main-stick-meta":"","header-below-stick-meta":"","astra-migrate-meta-layouts":"default","ast-page-background-enabled":"default","ast-page-background-meta":{"desktop":{"background-color":"","background-image":"","background-repeat":"repeat","background-position":"center center","background-size":"auto","background-attachment":"scroll","background-type":"","background-media":"","overlay-type":"","overlay-color":"","overlay-opacity":"","overlay-gradient":""},"tablet":{"background-color":"","background-image":"","background-repeat":"repeat","background-position":"center center","background-size":"auto","background-attachment":"scroll","background-type":"","background-media":"","overlay-type":"","overlay-color":"","overlay-opacity":"","overlay-gradient":""},"mobile":{"background-color":"","background-image":"","background-repeat":"repeat","background-position":"center center","background-size":"auto","background-attachment":"scroll","background-type":"","background-media":"","overlay-type":"","overlay-color":"","overlay-opacity":"","overlay-gradient":""}},"ast-content-background-meta":{"desktop":{"background-color":"var(--ast-global-color-5)","background-image":"","background-repeat":"repeat","background-position":"center center","background-size":"auto","background-attachment":"scroll","background-type":"","background-media":"","overlay-type":"","overlay-color":"","overlay-opacity":"","overlay-gradient":""},"tablet":{"background-color":"var(--ast-global-color-5)","background-image":"","background-repeat":"repeat","background-position":"center center","background-size":"auto","background-attachment":"scroll","background-type":"","background-media":"","overlay-type":"","overlay-color":"","overlay-opacity":"","overlay-gradient":""},"mobile":{"background-color":"var(--ast-global-color-5)","background-image":"","background-repeat":"repeat","background-position":"center center","background-size":"auto","background-attachment":"scroll","background-type":"","background-media":"","overlay-type":"","overlay-color":"","overlay-opacity":"","overlay-gradient":""}},"ngg_post_thumbnail":0,"footnotes":""},"class_list":["post-20242","page","type-page","status-publish","hentry"],"acf":[],"yoast_head":"<!-- This site is optimized with the Yoast SEO plugin v27.4 - https:\/\/yoast.com\/product\/yoast-seo-wordpress\/ -->\n<title>Di - Brouns &amp; Co EU<\/title>\n<meta name=\"robots\" content=\"noindex, nofollow\" \/>\n<meta property=\"og:locale\" content=\"it_IT\" \/>\n<meta property=\"og:type\" content=\"article\" \/>\n<meta property=\"og:title\" content=\"Di - Brouns &amp; Co EU\" \/>\n<meta property=\"og:description\" content=\"Informazioni su Brouns &amp; Co Un produttore britannico di vernice naturale all&#8217;olio di lino con una gamma di colori storicamente accurati Esplorare Origini dell&#8217;azienda Brouns &amp; Co ha sede nel nord del Regno Unito, nel West Yorkshire, dove viene coltivato l&#8217;ingrediente grezzo delle vernici, il lino. L&#8217;azienda \u00e8 stata fondata dall&#8217;esperto di conservazione degli edifici [&hellip;]\" \/>\n<meta property=\"og:url\" content=\"https:\/\/brouns.eu\/it\/di\/\" \/>\n<meta property=\"og:site_name\" content=\"Brouns &amp; Co EU\" \/>\n<meta property=\"article:modified_time\" content=\"2025-04-02T22:32:17+00:00\" \/>\n<meta name=\"twitter:card\" content=\"summary_large_image\" \/>\n<meta name=\"twitter:label1\" content=\"Tempo di lettura stimato\" \/>\n\t<meta name=\"twitter:data1\" content=\"3 minuti\" \/>\n<script type=\"application\/ld+json\" class=\"yoast-schema-graph\">{\"@context\":\"https:\\\/\\\/schema.org\",\"@graph\":[{\"@type\":\"WebPage\",\"@id\":\"https:\\\/\\\/brouns.eu\\\/it\\\/di\\\/\",\"url\":\"https:\\\/\\\/brouns.eu\\\/it\\\/di\\\/\",\"name\":\"Di - Brouns &amp; Co EU\",\"isPartOf\":{\"@id\":\"https:\\\/\\\/brouns.eu\\\/it\\\/#website\"},\"datePublished\":\"2024-07-05T14:08:47+00:00\",\"dateModified\":\"2025-04-02T22:32:17+00:00\",\"breadcrumb\":{\"@id\":\"https:\\\/\\\/brouns.eu\\\/it\\\/di\\\/#breadcrumb\"},\"inLanguage\":\"it-IT\",\"potentialAction\":[{\"@type\":\"ReadAction\",\"target\":[\"https:\\\/\\\/brouns.eu\\\/it\\\/di\\\/\"]}]},{\"@type\":\"BreadcrumbList\",\"@id\":\"https:\\\/\\\/brouns.eu\\\/it\\\/di\\\/#breadcrumb\",\"itemListElement\":[{\"@type\":\"ListItem\",\"position\":1,\"name\":\"Home\",\"item\":\"https:\\\/\\\/brouns.eu\\\/it\\\/\"},{\"@type\":\"ListItem\",\"position\":2,\"name\":\"Di\"}]},{\"@type\":\"WebSite\",\"@id\":\"https:\\\/\\\/brouns.eu\\\/it\\\/#website\",\"url\":\"https:\\\/\\\/brouns.eu\\\/it\\\/\",\"name\":\"Brouns &amp; Co EU\",\"description\":\"\",\"publisher\":{\"@id\":\"https:\\\/\\\/brouns.eu\\\/it\\\/#organization\"},\"potentialAction\":[{\"@type\":\"SearchAction\",\"target\":{\"@type\":\"EntryPoint\",\"urlTemplate\":\"https:\\\/\\\/brouns.eu\\\/it\\\/?s={search_term_string}\"},\"query-input\":{\"@type\":\"PropertyValueSpecification\",\"valueRequired\":true,\"valueName\":\"search_term_string\"}}],\"inLanguage\":\"it-IT\"},{\"@type\":\"Organization\",\"@id\":\"https:\\\/\\\/brouns.eu\\\/it\\\/#organization\",\"name\":\"Brouns &amp; Co EU\",\"url\":\"https:\\\/\\\/brouns.eu\\\/it\\\/\",\"logo\":{\"@type\":\"ImageObject\",\"inLanguage\":\"it-IT\",\"@id\":\"https:\\\/\\\/brouns.eu\\\/it\\\/#\\\/schema\\\/logo\\\/image\\\/\",\"url\":\"https:\\\/\\\/brouns.eu\\\/wp-content\\\/uploads\\\/2024\\\/04\\\/Brouns-_-co-Logo-no-linseed-paint-oil.png\",\"contentUrl\":\"https:\\\/\\\/brouns.eu\\\/wp-content\\\/uploads\\\/2024\\\/04\\\/Brouns-_-co-Logo-no-linseed-paint-oil.png\",\"width\":650,\"height\":60,\"caption\":\"Brouns &amp; Co EU\"},\"image\":{\"@id\":\"https:\\\/\\\/brouns.eu\\\/it\\\/#\\\/schema\\\/logo\\\/image\\\/\"}}]}<\/script>\n<!-- \/ Yoast SEO plugin. -->","yoast_head_json":{"title":"Di - Brouns &amp; Co EU","robots":{"index":"noindex","follow":"nofollow"},"og_locale":"it_IT","og_type":"article","og_title":"Di - Brouns &amp; Co EU","og_description":"Informazioni su Brouns &amp; Co Un produttore britannico di vernice naturale all&#8217;olio di lino con una gamma di colori storicamente accurati Esplorare Origini dell&#8217;azienda Brouns &amp; Co ha sede nel nord del Regno Unito, nel West Yorkshire, dove viene coltivato l&#8217;ingrediente grezzo delle vernici, il lino. L&#8217;azienda \u00e8 stata fondata dall&#8217;esperto di conservazione degli edifici [&hellip;]","og_url":"https:\/\/brouns.eu\/it\/di\/","og_site_name":"Brouns &amp; Co EU","article_modified_time":"2025-04-02T22:32:17+00:00","twitter_card":"summary_large_image","twitter_misc":{"Tempo di lettura stimato":"3 minuti"},"schema":{"@context":"https:\/\/schema.org","@graph":[{"@type":"WebPage","@id":"https:\/\/brouns.eu\/it\/di\/","url":"https:\/\/brouns.eu\/it\/di\/","name":"Di - Brouns &amp; Co EU","isPartOf":{"@id":"https:\/\/brouns.eu\/it\/#website"},"datePublished":"2024-07-05T14:08:47+00:00","dateModified":"2025-04-02T22:32:17+00:00","breadcrumb":{"@id":"https:\/\/brouns.eu\/it\/di\/#breadcrumb"},"inLanguage":"it-IT","potentialAction":[{"@type":"ReadAction","target":["https:\/\/brouns.eu\/it\/di\/"]}]},{"@type":"BreadcrumbList","@id":"https:\/\/brouns.eu\/it\/di\/#breadcrumb","itemListElement":[{"@type":"ListItem","position":1,"name":"Home","item":"https:\/\/brouns.eu\/it\/"},{"@type":"ListItem","position":2,"name":"Di"}]},{"@type":"WebSite","@id":"https:\/\/brouns.eu\/it\/#website","url":"https:\/\/brouns.eu\/it\/","name":"Brouns &amp; Co EU","description":"","publisher":{"@id":"https:\/\/brouns.eu\/it\/#organization"},"potentialAction":[{"@type":"SearchAction","target":{"@type":"EntryPoint","urlTemplate":"https:\/\/brouns.eu\/it\/?s={search_term_string}"},"query-input":{"@type":"PropertyValueSpecification","valueRequired":true,"valueName":"search_term_string"}}],"inLanguage":"it-IT"},{"@type":"Organization","@id":"https:\/\/brouns.eu\/it\/#organization","name":"Brouns &amp; Co EU","url":"https:\/\/brouns.eu\/it\/","logo":{"@type":"ImageObject","inLanguage":"it-IT","@id":"https:\/\/brouns.eu\/it\/#\/schema\/logo\/image\/","url":"https:\/\/brouns.eu\/wp-content\/uploads\/2024\/04\/Brouns-_-co-Logo-no-linseed-paint-oil.png","contentUrl":"https:\/\/brouns.eu\/wp-content\/uploads\/2024\/04\/Brouns-_-co-Logo-no-linseed-paint-oil.png","width":650,"height":60,"caption":"Brouns &amp; Co EU"},"image":{"@id":"https:\/\/brouns.eu\/it\/#\/schema\/logo\/image\/"}}]}},"_links":{"self":[{"href":"https:\/\/brouns.eu\/it\/wp-json\/wp\/v2\/pages\/20242","targetHints":{"allow":["GET"]}}],"collection":[{"href":"https:\/\/brouns.eu\/it\/wp-json\/wp\/v2\/pages"}],"about":[{"href":"https:\/\/brouns.eu\/it\/wp-json\/wp\/v2\/types\/page"}],"author":[{"embeddable":true,"href":"https:\/\/brouns.eu\/it\/wp-json\/wp\/v2\/users\/1"}],"replies":[{"embeddable":true,"href":"https:\/\/brouns.eu\/it\/wp-json\/wp\/v2\/comments?post=20242"}],"version-history":[{"count":1,"href":"https:\/\/brouns.eu\/it\/wp-json\/wp\/v2\/pages\/20242\/revisions"}],"predecessor-version":[{"id":20243,"href":"https:\/\/brouns.eu\/it\/wp-json\/wp\/v2\/pages\/20242\/revisions\/20243"}],"wp:attachment":[{"href":"https:\/\/brouns.eu\/it\/wp-json\/wp\/v2\/media?parent=20242"}],"curies":[{"name":"wp","href":"https:\/\/api.w.org\/{rel}","templated":true}]}}