{"id":20084,"date":"2024-10-29T21:27:28","date_gmt":"2024-10-29T21:27:28","guid":{"rendered":"https:\/\/brouns.eu\/product\/non class\u00e9\/feuilles-daffutage-speedheater\/"},"modified":"2024-10-29T21:27:28","modified_gmt":"2024-10-29T21:27:28","slug":"feuilles-daffutage-speedheater","status":"publish","type":"product","link":"https:\/\/brouns.eu\/fr\/product\/enlevement-de-peinture\/feuilles-daffutage-speedheater\/","title":{"rendered":"Feuilles d&#8217;aff\u00fbtage Speedheater"},"content":{"rendered":"","protected":false},"excerpt":{"rendered":"<p>Gardez vos outils Speedheater en parfait \u00e9tat avec ces feuilles abrasives en c\u00e9ramique qui aff\u00fbteront les lames.<\/p>\n<p>Le kit comprend deux toiles d&#8217;aff\u00fbtage en c\u00e9ramique et un support compatible avec toutes les lames de la gamme Speedheater. Ces toiles sont durables et r\u00e9utilisables. Le support, facile d&#8217;utilisation, facilite l&#8217;aff\u00fbtage. Placez le support dans l&#8217;orifice situ\u00e9 sur le dessus de la lame et aff\u00fbtez par mouvements circulaires pour restaurer rapidement le tranchant de la lame. Il est recommand\u00e9 d&#8217;aff\u00fbter le dos des lames afin de pr\u00e9server les profils et angles uniques des plaquettes.    <\/p>\n","protected":false},"featured_media":20085,"comment_status":"open","ping_status":"closed","template":"","meta":{"_acf_changed":false,"site-sidebar-layout":"default","site-content-layout":"","ast-site-content-layout":"default","site-content-style":"default","site-sidebar-style":"default","ast-global-header-display":"","ast-banner-title-visibility":"","ast-main-header-display":"","ast-hfb-above-header-display":"","ast-hfb-below-header-display":"","ast-hfb-mobile-header-display":"","site-post-title":"","ast-breadcrumbs-content":"","ast-featured-img":"","footer-sml-layout":"","ast-disable-related-posts":"","theme-transparent-header-meta":"default","adv-header-id-meta":"","stick-header-meta":"default","header-above-stick-meta":"","header-main-stick-meta":"","header-below-stick-meta":"","astra-migrate-meta-layouts":"default","ast-page-background-enabled":"default","ast-page-background-meta":{"desktop":{"background-color":"","background-image":"","background-repeat":"repeat","background-position":"center center","background-size":"auto","background-attachment":"scroll","background-type":"","background-media":"","overlay-type":"","overlay-color":"","overlay-opacity":"","overlay-gradient":""},"tablet":{"background-color":"","background-image":"","background-repeat":"repeat","background-position":"center center","background-size":"auto","background-attachment":"scroll","background-type":"","background-media":"","overlay-type":"","overlay-color":"","overlay-opacity":"","overlay-gradient":""},"mobile":{"background-color":"","background-image":"","background-repeat":"repeat","background-position":"center center","background-size":"auto","background-attachment":"scroll","background-type":"","background-media":"","overlay-type":"","overlay-color":"","overlay-opacity":"","overlay-gradient":""}},"ast-content-background-meta":{"desktop":{"background-color":"var(--ast-global-color-5)","background-image":"","background-repeat":"repeat","background-position":"center center","background-size":"auto","background-attachment":"scroll","background-type":"","background-media":"","overlay-type":"","overlay-color":"","overlay-opacity":"","overlay-gradient":""},"tablet":{"background-color":"var(--ast-global-color-5)","background-image":"","background-repeat":"repeat","background-position":"center center","background-size":"auto","background-attachment":"scroll","background-type":"","background-media":"","overlay-type":"","overlay-color":"","overlay-opacity":"","overlay-gradient":""},"mobile":{"background-color":"var(--ast-global-color-5)","background-image":"","background-repeat":"repeat","background-position":"center center","background-size":"auto","background-attachment":"scroll","background-type":"","background-media":"","overlay-type":"","overlay-color":"","overlay-opacity":"","overlay-gradient":""}},"ngg_post_thumbnail":0},"product_brand":[],"product_cat":[344],"product_tag":[],"class_list":{"0":"post-20084","1":"product","2":"type-product","3":"status-publish","4":"has-post-thumbnail","6":"product_cat-enlevement-de-peinture","7":"pa_size-defaut","8":"desktop-align-center","9":"tablet-align-center","10":"mobile-align-center","11":"ast-product-gallery-layout-horizontal","12":"ast-product-gallery-with-no-image","13":"ast-product-tabs-layout-horizontal","14":"ast-qv-on-image","16":"first","17":"instock","18":"taxable","19":"shipping-taxable","20":"purchasable","21":"product-type-simple"},"acf":[],"yoast_head":"<!-- This site is optimized with the Yoast SEO plugin v27.4 - https:\/\/yoast.com\/product\/yoast-seo-wordpress\/ -->\n<title>Feuilles d&#039;aff\u00fbtage Speedheater - Brouns &amp; Co EU<\/title>\n<meta name=\"robots\" content=\"index, follow, max-snippet:-1, max-image-preview:large, max-video-preview:-1\" \/>\n<link rel=\"canonical\" href=\"https:\/\/brouns.eu\/fr\/product\/enlevement-de-peinture\/feuilles-daffutage-speedheater\/\" \/>\n<meta property=\"og:locale\" content=\"fr_FR\" \/>\n<meta property=\"og:type\" content=\"article\" \/>\n<meta property=\"og:title\" content=\"Feuilles d&#039;aff\u00fbtage Speedheater - Brouns &amp; Co EU\" \/>\n<meta property=\"og:description\" content=\"Gardez vos outils Speedheater en parfait \u00e9tat avec ces feuilles abrasives en c\u00e9ramique qui aff\u00fbteront les lames. Le kit comprend deux toiles d&#039;aff\u00fbtage en c\u00e9ramique et un support compatible avec toutes les lames de la gamme Speedheater. Ces toiles sont durables et r\u00e9utilisables. Le support, facile d&#039;utilisation, facilite l&#039;aff\u00fbtage. Placez le support dans l&#039;orifice situ\u00e9 sur le dessus de la lame et aff\u00fbtez par mouvements circulaires pour restaurer rapidement le tranchant de la lame. Il est recommand\u00e9 d&#039;aff\u00fbter le dos des lames afin de pr\u00e9server les profils et angles uniques des plaquettes.\" \/>\n<meta property=\"og:url\" content=\"https:\/\/brouns.eu\/fr\/product\/enlevement-de-peinture\/feuilles-daffutage-speedheater\/\" \/>\n<meta property=\"og:site_name\" content=\"Brouns &amp; Co EU\" \/>\n<meta property=\"og:image\" content=\"https:\/\/brouns.eu\/wp-content\/uploads\/2024\/10\/Speedheater-Sharpening-Sheets.jpg\" \/>\n\t<meta property=\"og:image:width\" content=\"800\" \/>\n\t<meta property=\"og:image:height\" content=\"800\" \/>\n\t<meta property=\"og:image:type\" content=\"image\/jpeg\" \/>\n<meta name=\"twitter:card\" content=\"summary_large_image\" \/>\n<script type=\"application\/ld+json\" class=\"yoast-schema-graph\">{\"@context\":\"https:\\\/\\\/schema.org\",\"@graph\":[{\"@type\":\"WebPage\",\"@id\":\"https:\\\/\\\/brouns.eu\\\/fr\\\/product\\\/enlevement-de-peinture\\\/feuilles-daffutage-speedheater\\\/\",\"url\":\"https:\\\/\\\/brouns.eu\\\/fr\\\/product\\\/enlevement-de-peinture\\\/feuilles-daffutage-speedheater\\\/\",\"name\":\"Feuilles d'aff\u00fbtage Speedheater - Brouns &amp; Co EU\",\"isPartOf\":{\"@id\":\"https:\\\/\\\/brouns.eu\\\/fr\\\/#website\"},\"primaryImageOfPage\":{\"@id\":\"https:\\\/\\\/brouns.eu\\\/fr\\\/product\\\/enlevement-de-peinture\\\/feuilles-daffutage-speedheater\\\/#primaryimage\"},\"image\":{\"@id\":\"https:\\\/\\\/brouns.eu\\\/fr\\\/product\\\/enlevement-de-peinture\\\/feuilles-daffutage-speedheater\\\/#primaryimage\"},\"thumbnailUrl\":\"https:\\\/\\\/brouns.eu\\\/wp-content\\\/uploads\\\/2024\\\/10\\\/Speedheater-Sharpening-Sheets.jpg\",\"datePublished\":\"2024-10-29T21:27:28+00:00\",\"breadcrumb\":{\"@id\":\"https:\\\/\\\/brouns.eu\\\/fr\\\/product\\\/enlevement-de-peinture\\\/feuilles-daffutage-speedheater\\\/#breadcrumb\"},\"inLanguage\":\"fr-FR\",\"potentialAction\":[{\"@type\":\"ReadAction\",\"target\":[\"https:\\\/\\\/brouns.eu\\\/fr\\\/product\\\/enlevement-de-peinture\\\/feuilles-daffutage-speedheater\\\/\"]}]},{\"@type\":\"ImageObject\",\"inLanguage\":\"fr-FR\",\"@id\":\"https:\\\/\\\/brouns.eu\\\/fr\\\/product\\\/enlevement-de-peinture\\\/feuilles-daffutage-speedheater\\\/#primaryimage\",\"url\":\"https:\\\/\\\/brouns.eu\\\/wp-content\\\/uploads\\\/2024\\\/10\\\/Speedheater-Sharpening-Sheets.jpg\",\"contentUrl\":\"https:\\\/\\\/brouns.eu\\\/wp-content\\\/uploads\\\/2024\\\/10\\\/Speedheater-Sharpening-Sheets.jpg\",\"width\":800,\"height\":800},{\"@type\":\"BreadcrumbList\",\"@id\":\"https:\\\/\\\/brouns.eu\\\/fr\\\/product\\\/enlevement-de-peinture\\\/feuilles-daffutage-speedheater\\\/#breadcrumb\",\"itemListElement\":[{\"@type\":\"ListItem\",\"position\":1,\"name\":\"Home\",\"item\":\"https:\\\/\\\/brouns.eu\\\/fr\\\/\"},{\"@type\":\"ListItem\",\"position\":2,\"name\":\"Boutique\",\"item\":\"https:\\\/\\\/brouns.eu\\\/boutique\\\/\"},{\"@type\":\"ListItem\",\"position\":3,\"name\":\"Feuilles d&rsquo;aff\u00fbtage Speedheater\"}]},{\"@type\":\"WebSite\",\"@id\":\"https:\\\/\\\/brouns.eu\\\/fr\\\/#website\",\"url\":\"https:\\\/\\\/brouns.eu\\\/fr\\\/\",\"name\":\"Brouns &amp; Co EU\",\"description\":\"\",\"publisher\":{\"@id\":\"https:\\\/\\\/brouns.eu\\\/fr\\\/#organization\"},\"potentialAction\":[{\"@type\":\"SearchAction\",\"target\":{\"@type\":\"EntryPoint\",\"urlTemplate\":\"https:\\\/\\\/brouns.eu\\\/fr\\\/?s={search_term_string}\"},\"query-input\":{\"@type\":\"PropertyValueSpecification\",\"valueRequired\":true,\"valueName\":\"search_term_string\"}}],\"inLanguage\":\"fr-FR\"},{\"@type\":\"Organization\",\"@id\":\"https:\\\/\\\/brouns.eu\\\/fr\\\/#organization\",\"name\":\"Brouns &amp; Co EU\",\"url\":\"https:\\\/\\\/brouns.eu\\\/fr\\\/\",\"logo\":{\"@type\":\"ImageObject\",\"inLanguage\":\"fr-FR\",\"@id\":\"https:\\\/\\\/brouns.eu\\\/fr\\\/#\\\/schema\\\/logo\\\/image\\\/\",\"url\":\"https:\\\/\\\/brouns.eu\\\/wp-content\\\/uploads\\\/2024\\\/04\\\/Brouns-_-co-Logo-no-linseed-paint-oil.png\",\"contentUrl\":\"https:\\\/\\\/brouns.eu\\\/wp-content\\\/uploads\\\/2024\\\/04\\\/Brouns-_-co-Logo-no-linseed-paint-oil.png\",\"width\":650,\"height\":60,\"caption\":\"Brouns &amp; Co EU\"},\"image\":{\"@id\":\"https:\\\/\\\/brouns.eu\\\/fr\\\/#\\\/schema\\\/logo\\\/image\\\/\"}}]}<\/script>\n<!-- \/ Yoast SEO plugin. -->","yoast_head_json":{"title":"Feuilles d'aff\u00fbtage Speedheater - Brouns &amp; Co EU","robots":{"index":"index","follow":"follow","max-snippet":"max-snippet:-1","max-image-preview":"max-image-preview:large","max-video-preview":"max-video-preview:-1"},"canonical":"https:\/\/brouns.eu\/fr\/product\/enlevement-de-peinture\/feuilles-daffutage-speedheater\/","og_locale":"fr_FR","og_type":"article","og_title":"Feuilles d'aff\u00fbtage Speedheater - Brouns &amp; Co EU","og_description":"Gardez vos outils Speedheater en parfait \u00e9tat avec ces feuilles abrasives en c\u00e9ramique qui aff\u00fbteront les lames. Le kit comprend deux toiles d'aff\u00fbtage en c\u00e9ramique et un support compatible avec toutes les lames de la gamme Speedheater. Ces toiles sont durables et r\u00e9utilisables. Le support, facile d'utilisation, facilite l'aff\u00fbtage. Placez le support dans l'orifice situ\u00e9 sur le dessus de la lame et aff\u00fbtez par mouvements circulaires pour restaurer rapidement le tranchant de la lame. Il est recommand\u00e9 d'aff\u00fbter le dos des lames afin de pr\u00e9server les profils et angles uniques des plaquettes.","og_url":"https:\/\/brouns.eu\/fr\/product\/enlevement-de-peinture\/feuilles-daffutage-speedheater\/","og_site_name":"Brouns &amp; Co EU","og_image":[{"width":800,"height":800,"url":"https:\/\/brouns.eu\/wp-content\/uploads\/2024\/10\/Speedheater-Sharpening-Sheets.jpg","type":"image\/jpeg"}],"twitter_card":"summary_large_image","schema":{"@context":"https:\/\/schema.org","@graph":[{"@type":"WebPage","@id":"https:\/\/brouns.eu\/fr\/product\/enlevement-de-peinture\/feuilles-daffutage-speedheater\/","url":"https:\/\/brouns.eu\/fr\/product\/enlevement-de-peinture\/feuilles-daffutage-speedheater\/","name":"Feuilles d'aff\u00fbtage Speedheater - Brouns &amp; Co EU","isPartOf":{"@id":"https:\/\/brouns.eu\/fr\/#website"},"primaryImageOfPage":{"@id":"https:\/\/brouns.eu\/fr\/product\/enlevement-de-peinture\/feuilles-daffutage-speedheater\/#primaryimage"},"image":{"@id":"https:\/\/brouns.eu\/fr\/product\/enlevement-de-peinture\/feuilles-daffutage-speedheater\/#primaryimage"},"thumbnailUrl":"https:\/\/brouns.eu\/wp-content\/uploads\/2024\/10\/Speedheater-Sharpening-Sheets.jpg","datePublished":"2024-10-29T21:27:28+00:00","breadcrumb":{"@id":"https:\/\/brouns.eu\/fr\/product\/enlevement-de-peinture\/feuilles-daffutage-speedheater\/#breadcrumb"},"inLanguage":"fr-FR","potentialAction":[{"@type":"ReadAction","target":["https:\/\/brouns.eu\/fr\/product\/enlevement-de-peinture\/feuilles-daffutage-speedheater\/"]}]},{"@type":"ImageObject","inLanguage":"fr-FR","@id":"https:\/\/brouns.eu\/fr\/product\/enlevement-de-peinture\/feuilles-daffutage-speedheater\/#primaryimage","url":"https:\/\/brouns.eu\/wp-content\/uploads\/2024\/10\/Speedheater-Sharpening-Sheets.jpg","contentUrl":"https:\/\/brouns.eu\/wp-content\/uploads\/2024\/10\/Speedheater-Sharpening-Sheets.jpg","width":800,"height":800},{"@type":"BreadcrumbList","@id":"https:\/\/brouns.eu\/fr\/product\/enlevement-de-peinture\/feuilles-daffutage-speedheater\/#breadcrumb","itemListElement":[{"@type":"ListItem","position":1,"name":"Home","item":"https:\/\/brouns.eu\/fr\/"},{"@type":"ListItem","position":2,"name":"Boutique","item":"https:\/\/brouns.eu\/boutique\/"},{"@type":"ListItem","position":3,"name":"Feuilles d&rsquo;aff\u00fbtage Speedheater"}]},{"@type":"WebSite","@id":"https:\/\/brouns.eu\/fr\/#website","url":"https:\/\/brouns.eu\/fr\/","name":"Brouns &amp; Co EU","description":"","publisher":{"@id":"https:\/\/brouns.eu\/fr\/#organization"},"potentialAction":[{"@type":"SearchAction","target":{"@type":"EntryPoint","urlTemplate":"https:\/\/brouns.eu\/fr\/?s={search_term_string}"},"query-input":{"@type":"PropertyValueSpecification","valueRequired":true,"valueName":"search_term_string"}}],"inLanguage":"fr-FR"},{"@type":"Organization","@id":"https:\/\/brouns.eu\/fr\/#organization","name":"Brouns &amp; Co EU","url":"https:\/\/brouns.eu\/fr\/","logo":{"@type":"ImageObject","inLanguage":"fr-FR","@id":"https:\/\/brouns.eu\/fr\/#\/schema\/logo\/image\/","url":"https:\/\/brouns.eu\/wp-content\/uploads\/2024\/04\/Brouns-_-co-Logo-no-linseed-paint-oil.png","contentUrl":"https:\/\/brouns.eu\/wp-content\/uploads\/2024\/04\/Brouns-_-co-Logo-no-linseed-paint-oil.png","width":650,"height":60,"caption":"Brouns &amp; Co EU"},"image":{"@id":"https:\/\/brouns.eu\/fr\/#\/schema\/logo\/image\/"}}]}},"_links":{"self":[{"href":"https:\/\/brouns.eu\/fr\/wp-json\/wp\/v2\/product\/20084","targetHints":{"allow":["GET"]}}],"collection":[{"href":"https:\/\/brouns.eu\/fr\/wp-json\/wp\/v2\/product"}],"about":[{"href":"https:\/\/brouns.eu\/fr\/wp-json\/wp\/v2\/types\/product"}],"replies":[{"embeddable":true,"href":"https:\/\/brouns.eu\/fr\/wp-json\/wp\/v2\/comments?post=20084"}],"version-history":[{"count":0,"href":"https:\/\/brouns.eu\/fr\/wp-json\/wp\/v2\/product\/20084\/revisions"}],"wp:featuredmedia":[{"embeddable":true,"href":"https:\/\/brouns.eu\/fr\/wp-json\/wp\/v2\/media\/20085"}],"wp:attachment":[{"href":"https:\/\/brouns.eu\/fr\/wp-json\/wp\/v2\/media?parent=20084"}],"wp:term":[{"taxonomy":"product_brand","embeddable":true,"href":"https:\/\/brouns.eu\/fr\/wp-json\/wp\/v2\/product_brand?post=20084"},{"taxonomy":"product_cat","embeddable":true,"href":"https:\/\/brouns.eu\/fr\/wp-json\/wp\/v2\/product_cat?post=20084"},{"taxonomy":"product_tag","embeddable":true,"href":"https:\/\/brouns.eu\/fr\/wp-json\/wp\/v2\/product_tag?post=20084"}],"curies":[{"name":"wp","href":"https:\/\/api.w.org\/{rel}","templated":true}]}}