{"id":20059,"date":"2024-10-29T21:27:25","date_gmt":"2024-10-29T21:27:25","guid":{"rendered":"https:\/\/brouns.eu\/product\/non class\u00e9\/chargeur-de-remplacement-pour-grattoir-flexible-speedheater\/"},"modified":"2024-10-29T21:27:25","modified_gmt":"2024-10-29T21:27:25","slug":"chargeur-de-remplacement-pour-grattoir-flexible-speedheater","status":"publish","type":"product","link":"https:\/\/brouns.eu\/fr\/product\/enlevement-de-peinture\/chargeur-de-remplacement-pour-grattoir-flexible-speedheater\/","title":{"rendered":"Chargeur de remplacement pour grattoir flexible Speedheater"},"content":{"rendered":"","protected":false},"excerpt":{"rendered":"<p>Chargeur de lames de rechange, contenant trois lames de grattoir diff\u00e9rentes avec jusqu&#8217;\u00e0 six combinaisons de lames possibles, qui peuvent \u00eatre fix\u00e9es sur le c\u00f4t\u00e9 de l&#8217;\u00e9tui du grattoir flexible Speedheater.<\/p>\n","protected":false},"featured_media":20060,"comment_status":"open","ping_status":"closed","template":"","meta":{"_acf_changed":false,"site-sidebar-layout":"default","site-content-layout":"","ast-site-content-layout":"default","site-content-style":"default","site-sidebar-style":"default","ast-global-header-display":"","ast-banner-title-visibility":"","ast-main-header-display":"","ast-hfb-above-header-display":"","ast-hfb-below-header-display":"","ast-hfb-mobile-header-display":"","site-post-title":"","ast-breadcrumbs-content":"","ast-featured-img":"","footer-sml-layout":"","ast-disable-related-posts":"","theme-transparent-header-meta":"default","adv-header-id-meta":"","stick-header-meta":"default","header-above-stick-meta":"","header-main-stick-meta":"","header-below-stick-meta":"","astra-migrate-meta-layouts":"default","ast-page-background-enabled":"default","ast-page-background-meta":{"desktop":{"background-color":"","background-image":"","background-repeat":"repeat","background-position":"center center","background-size":"auto","background-attachment":"scroll","background-type":"","background-media":"","overlay-type":"","overlay-color":"","overlay-opacity":"","overlay-gradient":""},"tablet":{"background-color":"","background-image":"","background-repeat":"repeat","background-position":"center center","background-size":"auto","background-attachment":"scroll","background-type":"","background-media":"","overlay-type":"","overlay-color":"","overlay-opacity":"","overlay-gradient":""},"mobile":{"background-color":"","background-image":"","background-repeat":"repeat","background-position":"center center","background-size":"auto","background-attachment":"scroll","background-type":"","background-media":"","overlay-type":"","overlay-color":"","overlay-opacity":"","overlay-gradient":""}},"ast-content-background-meta":{"desktop":{"background-color":"var(--ast-global-color-5)","background-image":"","background-repeat":"repeat","background-position":"center center","background-size":"auto","background-attachment":"scroll","background-type":"","background-media":"","overlay-type":"","overlay-color":"","overlay-opacity":"","overlay-gradient":""},"tablet":{"background-color":"var(--ast-global-color-5)","background-image":"","background-repeat":"repeat","background-position":"center center","background-size":"auto","background-attachment":"scroll","background-type":"","background-media":"","overlay-type":"","overlay-color":"","overlay-opacity":"","overlay-gradient":""},"mobile":{"background-color":"var(--ast-global-color-5)","background-image":"","background-repeat":"repeat","background-position":"center center","background-size":"auto","background-attachment":"scroll","background-type":"","background-media":"","overlay-type":"","overlay-color":"","overlay-opacity":"","overlay-gradient":""}},"ngg_post_thumbnail":0},"product_brand":[],"product_cat":[344],"product_tag":[],"class_list":{"0":"post-20059","1":"product","2":"type-product","3":"status-publish","4":"has-post-thumbnail","6":"product_cat-enlevement-de-peinture","7":"pa_size-defaut","8":"desktop-align-center","9":"tablet-align-center","10":"mobile-align-center","11":"ast-product-gallery-layout-horizontal","12":"ast-product-tabs-layout-horizontal","13":"ast-qv-on-image","15":"first","16":"instock","17":"taxable","18":"shipping-taxable","19":"purchasable","20":"product-type-simple"},"acf":[],"yoast_head":"<!-- This site is optimized with the Yoast SEO plugin v27.4 - https:\/\/yoast.com\/product\/yoast-seo-wordpress\/ -->\n<title>Chargeur de remplacement pour grattoir flexible Speedheater - Brouns &amp; Co EU<\/title>\n<meta name=\"robots\" content=\"index, follow, max-snippet:-1, max-image-preview:large, max-video-preview:-1\" \/>\n<link rel=\"canonical\" href=\"https:\/\/brouns.eu\/fr\/product\/enlevement-de-peinture\/chargeur-de-remplacement-pour-grattoir-flexible-speedheater\/\" \/>\n<meta property=\"og:locale\" content=\"fr_FR\" \/>\n<meta property=\"og:type\" content=\"article\" \/>\n<meta property=\"og:title\" content=\"Chargeur de remplacement pour grattoir flexible Speedheater - Brouns &amp; Co EU\" \/>\n<meta property=\"og:description\" content=\"Chargeur de lames de rechange, contenant trois lames de grattoir diff\u00e9rentes avec jusqu&#039;\u00e0 six combinaisons de lames possibles, qui peuvent \u00eatre fix\u00e9es sur le c\u00f4t\u00e9 de l&#039;\u00e9tui du grattoir flexible Speedheater.\" \/>\n<meta property=\"og:url\" content=\"https:\/\/brouns.eu\/fr\/product\/enlevement-de-peinture\/chargeur-de-remplacement-pour-grattoir-flexible-speedheater\/\" \/>\n<meta property=\"og:site_name\" content=\"Brouns &amp; Co EU\" \/>\n<meta property=\"og:image\" content=\"https:\/\/brouns.eu\/wp-content\/uploads\/2024\/10\/Speeheater_Paint-scrapers-and-blades_websq_600.jpg\" \/>\n\t<meta property=\"og:image:width\" content=\"600\" \/>\n\t<meta property=\"og:image:height\" content=\"600\" \/>\n\t<meta property=\"og:image:type\" content=\"image\/jpeg\" \/>\n<meta name=\"twitter:card\" content=\"summary_large_image\" \/>\n<script type=\"application\/ld+json\" class=\"yoast-schema-graph\">{\"@context\":\"https:\\\/\\\/schema.org\",\"@graph\":[{\"@type\":\"WebPage\",\"@id\":\"https:\\\/\\\/brouns.eu\\\/fr\\\/product\\\/enlevement-de-peinture\\\/chargeur-de-remplacement-pour-grattoir-flexible-speedheater\\\/\",\"url\":\"https:\\\/\\\/brouns.eu\\\/fr\\\/product\\\/enlevement-de-peinture\\\/chargeur-de-remplacement-pour-grattoir-flexible-speedheater\\\/\",\"name\":\"Chargeur de remplacement pour grattoir flexible Speedheater - Brouns &amp; Co EU\",\"isPartOf\":{\"@id\":\"https:\\\/\\\/brouns.eu\\\/fr\\\/#website\"},\"primaryImageOfPage\":{\"@id\":\"https:\\\/\\\/brouns.eu\\\/fr\\\/product\\\/enlevement-de-peinture\\\/chargeur-de-remplacement-pour-grattoir-flexible-speedheater\\\/#primaryimage\"},\"image\":{\"@id\":\"https:\\\/\\\/brouns.eu\\\/fr\\\/product\\\/enlevement-de-peinture\\\/chargeur-de-remplacement-pour-grattoir-flexible-speedheater\\\/#primaryimage\"},\"thumbnailUrl\":\"https:\\\/\\\/brouns.eu\\\/wp-content\\\/uploads\\\/2024\\\/10\\\/Speeheater_Paint-scrapers-and-blades_websq_600.jpg\",\"datePublished\":\"2024-10-29T21:27:25+00:00\",\"breadcrumb\":{\"@id\":\"https:\\\/\\\/brouns.eu\\\/fr\\\/product\\\/enlevement-de-peinture\\\/chargeur-de-remplacement-pour-grattoir-flexible-speedheater\\\/#breadcrumb\"},\"inLanguage\":\"fr-FR\",\"potentialAction\":[{\"@type\":\"ReadAction\",\"target\":[\"https:\\\/\\\/brouns.eu\\\/fr\\\/product\\\/enlevement-de-peinture\\\/chargeur-de-remplacement-pour-grattoir-flexible-speedheater\\\/\"]}]},{\"@type\":\"ImageObject\",\"inLanguage\":\"fr-FR\",\"@id\":\"https:\\\/\\\/brouns.eu\\\/fr\\\/product\\\/enlevement-de-peinture\\\/chargeur-de-remplacement-pour-grattoir-flexible-speedheater\\\/#primaryimage\",\"url\":\"https:\\\/\\\/brouns.eu\\\/wp-content\\\/uploads\\\/2024\\\/10\\\/Speeheater_Paint-scrapers-and-blades_websq_600.jpg\",\"contentUrl\":\"https:\\\/\\\/brouns.eu\\\/wp-content\\\/uploads\\\/2024\\\/10\\\/Speeheater_Paint-scrapers-and-blades_websq_600.jpg\",\"width\":600,\"height\":600},{\"@type\":\"BreadcrumbList\",\"@id\":\"https:\\\/\\\/brouns.eu\\\/fr\\\/product\\\/enlevement-de-peinture\\\/chargeur-de-remplacement-pour-grattoir-flexible-speedheater\\\/#breadcrumb\",\"itemListElement\":[{\"@type\":\"ListItem\",\"position\":1,\"name\":\"Home\",\"item\":\"https:\\\/\\\/brouns.eu\\\/fr\\\/\"},{\"@type\":\"ListItem\",\"position\":2,\"name\":\"Boutique\",\"item\":\"https:\\\/\\\/brouns.eu\\\/boutique\\\/\"},{\"@type\":\"ListItem\",\"position\":3,\"name\":\"Chargeur de remplacement pour grattoir flexible Speedheater\"}]},{\"@type\":\"WebSite\",\"@id\":\"https:\\\/\\\/brouns.eu\\\/fr\\\/#website\",\"url\":\"https:\\\/\\\/brouns.eu\\\/fr\\\/\",\"name\":\"Brouns &amp; Co EU\",\"description\":\"\",\"publisher\":{\"@id\":\"https:\\\/\\\/brouns.eu\\\/fr\\\/#organization\"},\"potentialAction\":[{\"@type\":\"SearchAction\",\"target\":{\"@type\":\"EntryPoint\",\"urlTemplate\":\"https:\\\/\\\/brouns.eu\\\/fr\\\/?s={search_term_string}\"},\"query-input\":{\"@type\":\"PropertyValueSpecification\",\"valueRequired\":true,\"valueName\":\"search_term_string\"}}],\"inLanguage\":\"fr-FR\"},{\"@type\":\"Organization\",\"@id\":\"https:\\\/\\\/brouns.eu\\\/fr\\\/#organization\",\"name\":\"Brouns &amp; Co EU\",\"url\":\"https:\\\/\\\/brouns.eu\\\/fr\\\/\",\"logo\":{\"@type\":\"ImageObject\",\"inLanguage\":\"fr-FR\",\"@id\":\"https:\\\/\\\/brouns.eu\\\/fr\\\/#\\\/schema\\\/logo\\\/image\\\/\",\"url\":\"https:\\\/\\\/brouns.eu\\\/wp-content\\\/uploads\\\/2024\\\/04\\\/Brouns-_-co-Logo-no-linseed-paint-oil.png\",\"contentUrl\":\"https:\\\/\\\/brouns.eu\\\/wp-content\\\/uploads\\\/2024\\\/04\\\/Brouns-_-co-Logo-no-linseed-paint-oil.png\",\"width\":650,\"height\":60,\"caption\":\"Brouns &amp; Co EU\"},\"image\":{\"@id\":\"https:\\\/\\\/brouns.eu\\\/fr\\\/#\\\/schema\\\/logo\\\/image\\\/\"}}]}<\/script>\n<!-- \/ Yoast SEO plugin. -->","yoast_head_json":{"title":"Chargeur de remplacement pour grattoir flexible Speedheater - Brouns &amp; Co EU","robots":{"index":"index","follow":"follow","max-snippet":"max-snippet:-1","max-image-preview":"max-image-preview:large","max-video-preview":"max-video-preview:-1"},"canonical":"https:\/\/brouns.eu\/fr\/product\/enlevement-de-peinture\/chargeur-de-remplacement-pour-grattoir-flexible-speedheater\/","og_locale":"fr_FR","og_type":"article","og_title":"Chargeur de remplacement pour grattoir flexible Speedheater - Brouns &amp; Co EU","og_description":"Chargeur de lames de rechange, contenant trois lames de grattoir diff\u00e9rentes avec jusqu'\u00e0 six combinaisons de lames possibles, qui peuvent \u00eatre fix\u00e9es sur le c\u00f4t\u00e9 de l'\u00e9tui du grattoir flexible Speedheater.","og_url":"https:\/\/brouns.eu\/fr\/product\/enlevement-de-peinture\/chargeur-de-remplacement-pour-grattoir-flexible-speedheater\/","og_site_name":"Brouns &amp; Co EU","og_image":[{"width":600,"height":600,"url":"https:\/\/brouns.eu\/wp-content\/uploads\/2024\/10\/Speeheater_Paint-scrapers-and-blades_websq_600.jpg","type":"image\/jpeg"}],"twitter_card":"summary_large_image","schema":{"@context":"https:\/\/schema.org","@graph":[{"@type":"WebPage","@id":"https:\/\/brouns.eu\/fr\/product\/enlevement-de-peinture\/chargeur-de-remplacement-pour-grattoir-flexible-speedheater\/","url":"https:\/\/brouns.eu\/fr\/product\/enlevement-de-peinture\/chargeur-de-remplacement-pour-grattoir-flexible-speedheater\/","name":"Chargeur de remplacement pour grattoir flexible Speedheater - Brouns &amp; Co EU","isPartOf":{"@id":"https:\/\/brouns.eu\/fr\/#website"},"primaryImageOfPage":{"@id":"https:\/\/brouns.eu\/fr\/product\/enlevement-de-peinture\/chargeur-de-remplacement-pour-grattoir-flexible-speedheater\/#primaryimage"},"image":{"@id":"https:\/\/brouns.eu\/fr\/product\/enlevement-de-peinture\/chargeur-de-remplacement-pour-grattoir-flexible-speedheater\/#primaryimage"},"thumbnailUrl":"https:\/\/brouns.eu\/wp-content\/uploads\/2024\/10\/Speeheater_Paint-scrapers-and-blades_websq_600.jpg","datePublished":"2024-10-29T21:27:25+00:00","breadcrumb":{"@id":"https:\/\/brouns.eu\/fr\/product\/enlevement-de-peinture\/chargeur-de-remplacement-pour-grattoir-flexible-speedheater\/#breadcrumb"},"inLanguage":"fr-FR","potentialAction":[{"@type":"ReadAction","target":["https:\/\/brouns.eu\/fr\/product\/enlevement-de-peinture\/chargeur-de-remplacement-pour-grattoir-flexible-speedheater\/"]}]},{"@type":"ImageObject","inLanguage":"fr-FR","@id":"https:\/\/brouns.eu\/fr\/product\/enlevement-de-peinture\/chargeur-de-remplacement-pour-grattoir-flexible-speedheater\/#primaryimage","url":"https:\/\/brouns.eu\/wp-content\/uploads\/2024\/10\/Speeheater_Paint-scrapers-and-blades_websq_600.jpg","contentUrl":"https:\/\/brouns.eu\/wp-content\/uploads\/2024\/10\/Speeheater_Paint-scrapers-and-blades_websq_600.jpg","width":600,"height":600},{"@type":"BreadcrumbList","@id":"https:\/\/brouns.eu\/fr\/product\/enlevement-de-peinture\/chargeur-de-remplacement-pour-grattoir-flexible-speedheater\/#breadcrumb","itemListElement":[{"@type":"ListItem","position":1,"name":"Home","item":"https:\/\/brouns.eu\/fr\/"},{"@type":"ListItem","position":2,"name":"Boutique","item":"https:\/\/brouns.eu\/boutique\/"},{"@type":"ListItem","position":3,"name":"Chargeur de remplacement pour grattoir flexible Speedheater"}]},{"@type":"WebSite","@id":"https:\/\/brouns.eu\/fr\/#website","url":"https:\/\/brouns.eu\/fr\/","name":"Brouns &amp; Co EU","description":"","publisher":{"@id":"https:\/\/brouns.eu\/fr\/#organization"},"potentialAction":[{"@type":"SearchAction","target":{"@type":"EntryPoint","urlTemplate":"https:\/\/brouns.eu\/fr\/?s={search_term_string}"},"query-input":{"@type":"PropertyValueSpecification","valueRequired":true,"valueName":"search_term_string"}}],"inLanguage":"fr-FR"},{"@type":"Organization","@id":"https:\/\/brouns.eu\/fr\/#organization","name":"Brouns &amp; Co EU","url":"https:\/\/brouns.eu\/fr\/","logo":{"@type":"ImageObject","inLanguage":"fr-FR","@id":"https:\/\/brouns.eu\/fr\/#\/schema\/logo\/image\/","url":"https:\/\/brouns.eu\/wp-content\/uploads\/2024\/04\/Brouns-_-co-Logo-no-linseed-paint-oil.png","contentUrl":"https:\/\/brouns.eu\/wp-content\/uploads\/2024\/04\/Brouns-_-co-Logo-no-linseed-paint-oil.png","width":650,"height":60,"caption":"Brouns &amp; Co EU"},"image":{"@id":"https:\/\/brouns.eu\/fr\/#\/schema\/logo\/image\/"}}]}},"_links":{"self":[{"href":"https:\/\/brouns.eu\/fr\/wp-json\/wp\/v2\/product\/20059","targetHints":{"allow":["GET"]}}],"collection":[{"href":"https:\/\/brouns.eu\/fr\/wp-json\/wp\/v2\/product"}],"about":[{"href":"https:\/\/brouns.eu\/fr\/wp-json\/wp\/v2\/types\/product"}],"replies":[{"embeddable":true,"href":"https:\/\/brouns.eu\/fr\/wp-json\/wp\/v2\/comments?post=20059"}],"version-history":[{"count":0,"href":"https:\/\/brouns.eu\/fr\/wp-json\/wp\/v2\/product\/20059\/revisions"}],"wp:featuredmedia":[{"embeddable":true,"href":"https:\/\/brouns.eu\/fr\/wp-json\/wp\/v2\/media\/20060"}],"wp:attachment":[{"href":"https:\/\/brouns.eu\/fr\/wp-json\/wp\/v2\/media?parent=20059"}],"wp:term":[{"taxonomy":"product_brand","embeddable":true,"href":"https:\/\/brouns.eu\/fr\/wp-json\/wp\/v2\/product_brand?post=20059"},{"taxonomy":"product_cat","embeddable":true,"href":"https:\/\/brouns.eu\/fr\/wp-json\/wp\/v2\/product_cat?post=20059"},{"taxonomy":"product_tag","embeddable":true,"href":"https:\/\/brouns.eu\/fr\/wp-json\/wp\/v2\/product_tag?post=20059"}],"curies":[{"name":"wp","href":"https:\/\/api.w.org\/{rel}","templated":true}]}}