{"id":18555,"date":"2024-10-29T21:27:08","date_gmt":"2024-10-29T21:27:08","guid":{"rendered":"https:\/\/brouns.eu\/product\/non%20class\u00e9\/livre-sur-la-peinture-et-lhuile-de-lin-de-michiel-brouns\/"},"modified":"2025-11-12T11:37:06","modified_gmt":"2025-11-12T11:37:06","slug":"linseed-paint-and-oil-by-michiel-brouns","status":"publish","type":"product","link":"https:\/\/brouns.eu\/fr\/product\/livres\/linseed-paint-and-oil-by-michiel-brouns\/","title":{"rendered":"Linseed Paint and Oil by Michiel Brouns"},"content":{"rendered":"","protected":false},"excerpt":{"rendered":"<p><strong>MAINTENANT EN STOCK !!<\/strong><\/p>\n<p>La peinture \u00e0 base de lin a permis de prot\u00e9ger le bois et le fer pendant des centaines d&#8217;ann\u00e9es. Cependant, depuis l&#8217;av\u00e8nement des peintures p\u00e9trochimiques, l&#8217;industrie a largement oubli\u00e9 la valeur des alternatives traditionnelles. Ce livre donne un aper\u00e7u des avantages de la peinture \u00e0 base de lin pour les architectes, les d\u00e9corateurs professionnels, les professionnels de la restauration et les amateurs de bricolage.<\/p>\n<p>R\u00e9dig\u00e9 par notre fondateur et PDG, Michiel Brouns, il d\u00e9crit en d\u00e9tail le r\u00f4le unique que joue la peinture de lin dans la pr\u00e9servation des b\u00e2timents historiques, notamment : ce qu&#8217;est la peinture de lin, quels sont les ingr\u00e9dients et comment elle est fabriqu\u00e9e ; les avantages de la peinture de lin et comment elle fonctionne au niveau mol\u00e9culaire, comment la peinture de lin peut jouer un r\u00f4le essentiel dans la r\u00e9duction des microplastiques et rendre les industries du b\u00e2timent et de la restauration plus durables, et des instructions d\u00e9taill\u00e9es \u00e9tape par \u00e9tape pour appliquer la peinture de lin sur une vari\u00e9t\u00e9 de surfaces.<\/p>\n","protected":false},"featured_media":18556,"comment_status":"closed","ping_status":"closed","template":"","meta":{"_acf_changed":false,"site-sidebar-layout":"default","site-content-layout":"","ast-site-content-layout":"default","site-content-style":"default","site-sidebar-style":"default","ast-global-header-display":"","ast-banner-title-visibility":"","ast-main-header-display":"","ast-hfb-above-header-display":"","ast-hfb-below-header-display":"","ast-hfb-mobile-header-display":"","site-post-title":"","ast-breadcrumbs-content":"","ast-featured-img":"","footer-sml-layout":"","ast-disable-related-posts":"","theme-transparent-header-meta":"default","adv-header-id-meta":"","stick-header-meta":"default","header-above-stick-meta":"","header-main-stick-meta":"","header-below-stick-meta":"","astra-migrate-meta-layouts":"set","ast-page-background-enabled":"default","ast-page-background-meta":{"desktop":{"background-color":"","background-image":"","background-repeat":"repeat","background-position":"center center","background-size":"auto","background-attachment":"scroll","background-type":"","background-media":"","overlay-type":"","overlay-color":"","overlay-opacity":"","overlay-gradient":""},"tablet":{"background-color":"","background-image":"","background-repeat":"repeat","background-position":"center center","background-size":"auto","background-attachment":"scroll","background-type":"","background-media":"","overlay-type":"","overlay-color":"","overlay-opacity":"","overlay-gradient":""},"mobile":{"background-color":"","background-image":"","background-repeat":"repeat","background-position":"center center","background-size":"auto","background-attachment":"scroll","background-type":"","background-media":"","overlay-type":"","overlay-color":"","overlay-opacity":"","overlay-gradient":""}},"ast-content-background-meta":{"desktop":{"background-color":"var(--ast-global-color-5)","background-image":"","background-repeat":"repeat","background-position":"center center","background-size":"auto","background-attachment":"scroll","background-type":"","background-media":"","overlay-type":"","overlay-color":"","overlay-opacity":"","overlay-gradient":""},"tablet":{"background-color":"var(--ast-global-color-5)","background-image":"","background-repeat":"repeat","background-position":"center center","background-size":"auto","background-attachment":"scroll","background-type":"","background-media":"","overlay-type":"","overlay-color":"","overlay-opacity":"","overlay-gradient":""},"mobile":{"background-color":"var(--ast-global-color-5)","background-image":"","background-repeat":"repeat","background-position":"center center","background-size":"auto","background-attachment":"scroll","background-type":"","background-media":"","overlay-type":"","overlay-color":"","overlay-opacity":"","overlay-gradient":""}},"ngg_post_thumbnail":0},"product_brand":[],"product_cat":[348],"product_tag":[],"class_list":{"0":"post-18555","1":"product","2":"type-product","3":"status-publish","4":"has-post-thumbnail","6":"product_cat-livres","7":"product_shipping_class-book","8":"pa_size-defaut","9":"desktop-align-center","10":"tablet-align-center","11":"mobile-align-center","12":"ast-product-gallery-layout-horizontal","13":"ast-product-tabs-layout-horizontal","14":"ast-qv-on-image","16":"first","17":"instock","18":"taxable","19":"shipping-taxable","20":"purchasable","21":"product-type-simple"},"acf":[],"yoast_head":"<!-- This site is optimized with the Yoast SEO plugin v27.4 - https:\/\/yoast.com\/product\/yoast-seo-wordpress\/ -->\n<title>Linseed Paint and Oil by Michiel Brouns - Brouns &amp; Co EU<\/title>\n<meta name=\"robots\" content=\"index, nofollow, max-video-preview:-1, noimageindex, noarchive, nosnippet\" \/>\n<link rel=\"canonical\" href=\"https:\/\/brouns.eu\/fr\/product\/livres\/linseed-paint-and-oil-by-michiel-brouns\/\" \/>\n<meta property=\"og:locale\" content=\"fr_FR\" \/>\n<meta property=\"og:type\" content=\"article\" \/>\n<meta property=\"og:title\" content=\"Linseed Paint and Oil by Michiel Brouns - Brouns &amp; Co EU\" \/>\n<meta property=\"og:description\" content=\"MAINTENANT EN STOCK !!  La peinture \u00e0 base de lin a permis de prot\u00e9ger le bois et le fer pendant des centaines d&#039;ann\u00e9es. Cependant, depuis l&#039;av\u00e8nement des peintures p\u00e9trochimiques, l&#039;industrie a largement oubli\u00e9 la valeur des alternatives traditionnelles. Ce livre donne un aper\u00e7u des avantages de la peinture \u00e0 base de lin pour les architectes, les d\u00e9corateurs professionnels, les professionnels de la restauration et les amateurs de bricolage.  R\u00e9dig\u00e9 par notre fondateur et PDG, Michiel Brouns, il d\u00e9crit en d\u00e9tail le r\u00f4le unique que joue la peinture de lin dans la pr\u00e9servation des b\u00e2timents historiques, notamment : ce qu&#039;est la peinture de lin, quels sont les ingr\u00e9dients et comment elle est fabriqu\u00e9e ; les avantages de la peinture de lin et comment elle fonctionne au niveau mol\u00e9culaire, comment la peinture de lin peut jouer un r\u00f4le essentiel dans la r\u00e9duction des microplastiques et rendre les industries du b\u00e2timent et de la restauration plus durables, et des instructions d\u00e9taill\u00e9es \u00e9tape par \u00e9tape pour appliquer la peinture de lin sur une vari\u00e9t\u00e9 de surfaces.\" \/>\n<meta property=\"og:url\" content=\"https:\/\/brouns.eu\/fr\/product\/livres\/linseed-paint-and-oil-by-michiel-brouns\/\" \/>\n<meta property=\"og:site_name\" content=\"Brouns &amp; Co EU\" \/>\n<meta property=\"article:modified_time\" content=\"2025-11-12T11:37:06+00:00\" \/>\n<meta property=\"og:image\" content=\"https:\/\/brouns.eu\/wp-content\/uploads\/2024\/10\/LinseedPaintandOil_web_1000.jpg\" \/>\n\t<meta property=\"og:image:width\" content=\"611\" \/>\n\t<meta property=\"og:image:height\" content=\"800\" \/>\n\t<meta property=\"og:image:type\" content=\"image\/jpeg\" \/>\n<meta name=\"twitter:card\" content=\"summary_large_image\" \/>\n<meta name=\"twitter:label1\" content=\"Dur\u00e9e de lecture estim\u00e9e\" \/>\n\t<meta name=\"twitter:data1\" content=\"1 minute\" \/>\n<script type=\"application\/ld+json\" class=\"yoast-schema-graph\">{\"@context\":\"https:\\\/\\\/schema.org\",\"@graph\":[{\"@type\":\"WebPage\",\"@id\":\"https:\\\/\\\/brouns.eu\\\/fr\\\/product\\\/livres\\\/linseed-paint-and-oil-by-michiel-brouns\\\/\",\"url\":\"https:\\\/\\\/brouns.eu\\\/fr\\\/product\\\/livres\\\/linseed-paint-and-oil-by-michiel-brouns\\\/\",\"name\":\"Linseed Paint and Oil by Michiel Brouns - Brouns &amp; Co EU\",\"isPartOf\":{\"@id\":\"https:\\\/\\\/brouns.eu\\\/fr\\\/#website\"},\"primaryImageOfPage\":{\"@id\":\"https:\\\/\\\/brouns.eu\\\/fr\\\/product\\\/livres\\\/linseed-paint-and-oil-by-michiel-brouns\\\/#primaryimage\"},\"image\":{\"@id\":\"https:\\\/\\\/brouns.eu\\\/fr\\\/product\\\/livres\\\/linseed-paint-and-oil-by-michiel-brouns\\\/#primaryimage\"},\"thumbnailUrl\":\"https:\\\/\\\/brouns.eu\\\/wp-content\\\/uploads\\\/2024\\\/10\\\/LinseedPaintandOil_web_1000.jpg\",\"datePublished\":\"2024-10-29T21:27:08+00:00\",\"dateModified\":\"2025-11-12T11:37:06+00:00\",\"breadcrumb\":{\"@id\":\"https:\\\/\\\/brouns.eu\\\/fr\\\/product\\\/livres\\\/linseed-paint-and-oil-by-michiel-brouns\\\/#breadcrumb\"},\"inLanguage\":\"fr-FR\",\"potentialAction\":[{\"@type\":\"ReadAction\",\"target\":[\"https:\\\/\\\/brouns.eu\\\/fr\\\/product\\\/livres\\\/linseed-paint-and-oil-by-michiel-brouns\\\/\"]}]},{\"@type\":\"ImageObject\",\"inLanguage\":\"fr-FR\",\"@id\":\"https:\\\/\\\/brouns.eu\\\/fr\\\/product\\\/livres\\\/linseed-paint-and-oil-by-michiel-brouns\\\/#primaryimage\",\"url\":\"https:\\\/\\\/brouns.eu\\\/wp-content\\\/uploads\\\/2024\\\/10\\\/LinseedPaintandOil_web_1000.jpg\",\"contentUrl\":\"https:\\\/\\\/brouns.eu\\\/wp-content\\\/uploads\\\/2024\\\/10\\\/LinseedPaintandOil_web_1000.jpg\",\"width\":611,\"height\":800},{\"@type\":\"BreadcrumbList\",\"@id\":\"https:\\\/\\\/brouns.eu\\\/fr\\\/product\\\/livres\\\/linseed-paint-and-oil-by-michiel-brouns\\\/#breadcrumb\",\"itemListElement\":[{\"@type\":\"ListItem\",\"position\":1,\"name\":\"Home\",\"item\":\"https:\\\/\\\/brouns.eu\\\/fr\\\/\"},{\"@type\":\"ListItem\",\"position\":2,\"name\":\"Boutique\",\"item\":\"https:\\\/\\\/brouns.eu\\\/boutique\\\/\"},{\"@type\":\"ListItem\",\"position\":3,\"name\":\"Linseed Paint and Oil by Michiel Brouns\"}]},{\"@type\":\"WebSite\",\"@id\":\"https:\\\/\\\/brouns.eu\\\/fr\\\/#website\",\"url\":\"https:\\\/\\\/brouns.eu\\\/fr\\\/\",\"name\":\"Brouns &amp; Co EU\",\"description\":\"\",\"publisher\":{\"@id\":\"https:\\\/\\\/brouns.eu\\\/fr\\\/#organization\"},\"potentialAction\":[{\"@type\":\"SearchAction\",\"target\":{\"@type\":\"EntryPoint\",\"urlTemplate\":\"https:\\\/\\\/brouns.eu\\\/fr\\\/?s={search_term_string}\"},\"query-input\":{\"@type\":\"PropertyValueSpecification\",\"valueRequired\":true,\"valueName\":\"search_term_string\"}}],\"inLanguage\":\"fr-FR\"},{\"@type\":\"Organization\",\"@id\":\"https:\\\/\\\/brouns.eu\\\/fr\\\/#organization\",\"name\":\"Brouns &amp; Co EU\",\"url\":\"https:\\\/\\\/brouns.eu\\\/fr\\\/\",\"logo\":{\"@type\":\"ImageObject\",\"inLanguage\":\"fr-FR\",\"@id\":\"https:\\\/\\\/brouns.eu\\\/fr\\\/#\\\/schema\\\/logo\\\/image\\\/\",\"url\":\"https:\\\/\\\/brouns.eu\\\/wp-content\\\/uploads\\\/2024\\\/04\\\/Brouns-_-co-Logo-no-linseed-paint-oil.png\",\"contentUrl\":\"https:\\\/\\\/brouns.eu\\\/wp-content\\\/uploads\\\/2024\\\/04\\\/Brouns-_-co-Logo-no-linseed-paint-oil.png\",\"width\":650,\"height\":60,\"caption\":\"Brouns &amp; Co EU\"},\"image\":{\"@id\":\"https:\\\/\\\/brouns.eu\\\/fr\\\/#\\\/schema\\\/logo\\\/image\\\/\"}}]}<\/script>\n<!-- \/ Yoast SEO plugin. -->","yoast_head_json":{"title":"Linseed Paint and Oil by Michiel Brouns - Brouns &amp; Co EU","robots":{"index":"index","follow":"nofollow","max-video-preview":"max-video-preview:-1","imageindex":"noimageindex","archive":"noarchive","snippet":"nosnippet"},"canonical":"https:\/\/brouns.eu\/fr\/product\/livres\/linseed-paint-and-oil-by-michiel-brouns\/","og_locale":"fr_FR","og_type":"article","og_title":"Linseed Paint and Oil by Michiel Brouns - Brouns &amp; Co EU","og_description":"MAINTENANT EN STOCK !!  La peinture \u00e0 base de lin a permis de prot\u00e9ger le bois et le fer pendant des centaines d'ann\u00e9es. Cependant, depuis l'av\u00e8nement des peintures p\u00e9trochimiques, l'industrie a largement oubli\u00e9 la valeur des alternatives traditionnelles. Ce livre donne un aper\u00e7u des avantages de la peinture \u00e0 base de lin pour les architectes, les d\u00e9corateurs professionnels, les professionnels de la restauration et les amateurs de bricolage.  R\u00e9dig\u00e9 par notre fondateur et PDG, Michiel Brouns, il d\u00e9crit en d\u00e9tail le r\u00f4le unique que joue la peinture de lin dans la pr\u00e9servation des b\u00e2timents historiques, notamment : ce qu'est la peinture de lin, quels sont les ingr\u00e9dients et comment elle est fabriqu\u00e9e ; les avantages de la peinture de lin et comment elle fonctionne au niveau mol\u00e9culaire, comment la peinture de lin peut jouer un r\u00f4le essentiel dans la r\u00e9duction des microplastiques et rendre les industries du b\u00e2timent et de la restauration plus durables, et des instructions d\u00e9taill\u00e9es \u00e9tape par \u00e9tape pour appliquer la peinture de lin sur une vari\u00e9t\u00e9 de surfaces.","og_url":"https:\/\/brouns.eu\/fr\/product\/livres\/linseed-paint-and-oil-by-michiel-brouns\/","og_site_name":"Brouns &amp; Co EU","article_modified_time":"2025-11-12T11:37:06+00:00","og_image":[{"width":611,"height":800,"url":"https:\/\/brouns.eu\/wp-content\/uploads\/2024\/10\/LinseedPaintandOil_web_1000.jpg","type":"image\/jpeg"}],"twitter_card":"summary_large_image","twitter_misc":{"Dur\u00e9e de lecture estim\u00e9e":"1 minute"},"schema":{"@context":"https:\/\/schema.org","@graph":[{"@type":"WebPage","@id":"https:\/\/brouns.eu\/fr\/product\/livres\/linseed-paint-and-oil-by-michiel-brouns\/","url":"https:\/\/brouns.eu\/fr\/product\/livres\/linseed-paint-and-oil-by-michiel-brouns\/","name":"Linseed Paint and Oil by Michiel Brouns - Brouns &amp; Co EU","isPartOf":{"@id":"https:\/\/brouns.eu\/fr\/#website"},"primaryImageOfPage":{"@id":"https:\/\/brouns.eu\/fr\/product\/livres\/linseed-paint-and-oil-by-michiel-brouns\/#primaryimage"},"image":{"@id":"https:\/\/brouns.eu\/fr\/product\/livres\/linseed-paint-and-oil-by-michiel-brouns\/#primaryimage"},"thumbnailUrl":"https:\/\/brouns.eu\/wp-content\/uploads\/2024\/10\/LinseedPaintandOil_web_1000.jpg","datePublished":"2024-10-29T21:27:08+00:00","dateModified":"2025-11-12T11:37:06+00:00","breadcrumb":{"@id":"https:\/\/brouns.eu\/fr\/product\/livres\/linseed-paint-and-oil-by-michiel-brouns\/#breadcrumb"},"inLanguage":"fr-FR","potentialAction":[{"@type":"ReadAction","target":["https:\/\/brouns.eu\/fr\/product\/livres\/linseed-paint-and-oil-by-michiel-brouns\/"]}]},{"@type":"ImageObject","inLanguage":"fr-FR","@id":"https:\/\/brouns.eu\/fr\/product\/livres\/linseed-paint-and-oil-by-michiel-brouns\/#primaryimage","url":"https:\/\/brouns.eu\/wp-content\/uploads\/2024\/10\/LinseedPaintandOil_web_1000.jpg","contentUrl":"https:\/\/brouns.eu\/wp-content\/uploads\/2024\/10\/LinseedPaintandOil_web_1000.jpg","width":611,"height":800},{"@type":"BreadcrumbList","@id":"https:\/\/brouns.eu\/fr\/product\/livres\/linseed-paint-and-oil-by-michiel-brouns\/#breadcrumb","itemListElement":[{"@type":"ListItem","position":1,"name":"Home","item":"https:\/\/brouns.eu\/fr\/"},{"@type":"ListItem","position":2,"name":"Boutique","item":"https:\/\/brouns.eu\/boutique\/"},{"@type":"ListItem","position":3,"name":"Linseed Paint and Oil by Michiel Brouns"}]},{"@type":"WebSite","@id":"https:\/\/brouns.eu\/fr\/#website","url":"https:\/\/brouns.eu\/fr\/","name":"Brouns &amp; Co EU","description":"","publisher":{"@id":"https:\/\/brouns.eu\/fr\/#organization"},"potentialAction":[{"@type":"SearchAction","target":{"@type":"EntryPoint","urlTemplate":"https:\/\/brouns.eu\/fr\/?s={search_term_string}"},"query-input":{"@type":"PropertyValueSpecification","valueRequired":true,"valueName":"search_term_string"}}],"inLanguage":"fr-FR"},{"@type":"Organization","@id":"https:\/\/brouns.eu\/fr\/#organization","name":"Brouns &amp; Co EU","url":"https:\/\/brouns.eu\/fr\/","logo":{"@type":"ImageObject","inLanguage":"fr-FR","@id":"https:\/\/brouns.eu\/fr\/#\/schema\/logo\/image\/","url":"https:\/\/brouns.eu\/wp-content\/uploads\/2024\/04\/Brouns-_-co-Logo-no-linseed-paint-oil.png","contentUrl":"https:\/\/brouns.eu\/wp-content\/uploads\/2024\/04\/Brouns-_-co-Logo-no-linseed-paint-oil.png","width":650,"height":60,"caption":"Brouns &amp; Co EU"},"image":{"@id":"https:\/\/brouns.eu\/fr\/#\/schema\/logo\/image\/"}}]}},"_links":{"self":[{"href":"https:\/\/brouns.eu\/fr\/wp-json\/wp\/v2\/product\/18555","targetHints":{"allow":["GET"]}}],"collection":[{"href":"https:\/\/brouns.eu\/fr\/wp-json\/wp\/v2\/product"}],"about":[{"href":"https:\/\/brouns.eu\/fr\/wp-json\/wp\/v2\/types\/product"}],"replies":[{"embeddable":true,"href":"https:\/\/brouns.eu\/fr\/wp-json\/wp\/v2\/comments?post=18555"}],"version-history":[{"count":2,"href":"https:\/\/brouns.eu\/fr\/wp-json\/wp\/v2\/product\/18555\/revisions"}],"predecessor-version":[{"id":23671,"href":"https:\/\/brouns.eu\/fr\/wp-json\/wp\/v2\/product\/18555\/revisions\/23671"}],"wp:featuredmedia":[{"embeddable":true,"href":"https:\/\/brouns.eu\/fr\/wp-json\/wp\/v2\/media\/18556"}],"wp:attachment":[{"href":"https:\/\/brouns.eu\/fr\/wp-json\/wp\/v2\/media?parent=18555"}],"wp:term":[{"taxonomy":"product_brand","embeddable":true,"href":"https:\/\/brouns.eu\/fr\/wp-json\/wp\/v2\/product_brand?post=18555"},{"taxonomy":"product_cat","embeddable":true,"href":"https:\/\/brouns.eu\/fr\/wp-json\/wp\/v2\/product_cat?post=18555"},{"taxonomy":"product_tag","embeddable":true,"href":"https:\/\/brouns.eu\/fr\/wp-json\/wp\/v2\/product_tag?post=18555"}],"curies":[{"name":"wp","href":"https:\/\/api.w.org\/{rel}","templated":true}]}}