{"id":18551,"date":"2024-10-29T21:27:28","date_gmt":"2024-10-29T21:27:28","guid":{"rendered":"https:\/\/brouns.eu\/product\/non class\u00e9\/gamme-exterieure-nuancier-de-peinture-a-base-de-lin-imprime\/"},"modified":"2024-10-29T21:27:28","modified_gmt":"2024-10-29T21:27:28","slug":"gamme-exterieure-nuancier-de-peinture-a-base-de-lin-imprime","status":"publish","type":"product","link":"https:\/\/brouns.eu\/fr\/product\/cartes-de-couleurs\/gamme-exterieure-nuancier-de-peinture-a-base-de-lin-imprime\/","title":{"rendered":"Gamme Ext\u00e9rieure &#8211; Nuancier de peinture \u00e0 base de lin imprim\u00e9"},"content":{"rendered":"","protected":false},"excerpt":{"rendered":"<p>Si vous souhaitez avoir une id\u00e9e de la gamme de couleurs ext\u00e9rieures que nous proposons, c&#8217;est par ici qu&#8217;il faut commencer. Les couleurs sont imprim\u00e9es et donnent une bonne id\u00e9e de la vari\u00e9t\u00e9 de nos couleurs en stock. Si vous avez besoin d&#8217;une carte de couleurs pour vous aider \u00e0 choisir une couleur r\u00e9elle, il est judicieux d&#8217;investir dans une carte de couleurs peinte \u00e0 la main. Vous pouvez m\u00eame essayer l&#8217;un de nos pots d&#8217;\u00e9chantillons que vous pouvez commander dans n&#8217;importe quelle couleur en option dans la gamme de peinture ext\u00e9rieure.   <\/p>\n","protected":false},"featured_media":18552,"comment_status":"closed","ping_status":"closed","template":"","meta":{"_acf_changed":false,"site-sidebar-layout":"default","site-content-layout":"","ast-site-content-layout":"default","site-content-style":"default","site-sidebar-style":"default","ast-global-header-display":"","ast-banner-title-visibility":"","ast-main-header-display":"","ast-hfb-above-header-display":"","ast-hfb-below-header-display":"","ast-hfb-mobile-header-display":"","site-post-title":"","ast-breadcrumbs-content":"","ast-featured-img":"","footer-sml-layout":"","ast-disable-related-posts":"","theme-transparent-header-meta":"default","adv-header-id-meta":"","stick-header-meta":"default","header-above-stick-meta":"","header-main-stick-meta":"","header-below-stick-meta":"","astra-migrate-meta-layouts":"default","ast-page-background-enabled":"default","ast-page-background-meta":{"desktop":{"background-color":"","background-image":"","background-repeat":"repeat","background-position":"center center","background-size":"auto","background-attachment":"scroll","background-type":"","background-media":"","overlay-type":"","overlay-color":"","overlay-opacity":"","overlay-gradient":""},"tablet":{"background-color":"","background-image":"","background-repeat":"repeat","background-position":"center center","background-size":"auto","background-attachment":"scroll","background-type":"","background-media":"","overlay-type":"","overlay-color":"","overlay-opacity":"","overlay-gradient":""},"mobile":{"background-color":"","background-image":"","background-repeat":"repeat","background-position":"center center","background-size":"auto","background-attachment":"scroll","background-type":"","background-media":"","overlay-type":"","overlay-color":"","overlay-opacity":"","overlay-gradient":""}},"ast-content-background-meta":{"desktop":{"background-color":"var(--ast-global-color-5)","background-image":"","background-repeat":"repeat","background-position":"center center","background-size":"auto","background-attachment":"scroll","background-type":"","background-media":"","overlay-type":"","overlay-color":"","overlay-opacity":"","overlay-gradient":""},"tablet":{"background-color":"var(--ast-global-color-5)","background-image":"","background-repeat":"repeat","background-position":"center center","background-size":"auto","background-attachment":"scroll","background-type":"","background-media":"","overlay-type":"","overlay-color":"","overlay-opacity":"","overlay-gradient":""},"mobile":{"background-color":"var(--ast-global-color-5)","background-image":"","background-repeat":"repeat","background-position":"center center","background-size":"auto","background-attachment":"scroll","background-type":"","background-media":"","overlay-type":"","overlay-color":"","overlay-opacity":"","overlay-gradient":""}},"ngg_post_thumbnail":0},"product_brand":[],"product_cat":[347],"product_tag":[],"class_list":{"0":"post-18551","1":"product","2":"type-product","3":"status-publish","4":"has-post-thumbnail","6":"product_cat-cartes-de-couleurs","7":"pa_size-defaut","8":"desktop-align-center","9":"tablet-align-center","10":"mobile-align-center","11":"ast-product-gallery-layout-horizontal","12":"ast-product-gallery-with-no-image","13":"ast-product-tabs-layout-horizontal","14":"ast-qv-on-image","16":"first","17":"outofstock","18":"taxable","19":"shipping-taxable","20":"purchasable","21":"product-type-simple"},"acf":[],"yoast_head":"<!-- This site is optimized with the Yoast SEO plugin v27.4 - https:\/\/yoast.com\/product\/yoast-seo-wordpress\/ -->\n<title>Gamme Ext\u00e9rieure - Nuancier de peinture \u00e0 base de lin imprim\u00e9 - Brouns &amp; Co EU<\/title>\n<meta name=\"robots\" content=\"index, follow, max-snippet:-1, max-image-preview:large, max-video-preview:-1\" \/>\n<link rel=\"canonical\" href=\"https:\/\/brouns.eu\/fr\/product\/cartes-de-couleurs\/gamme-exterieure-nuancier-de-peinture-a-base-de-lin-imprime\/\" \/>\n<meta property=\"og:locale\" content=\"fr_FR\" \/>\n<meta property=\"og:type\" content=\"article\" \/>\n<meta property=\"og:title\" content=\"Gamme Ext\u00e9rieure - Nuancier de peinture \u00e0 base de lin imprim\u00e9 - Brouns &amp; Co EU\" \/>\n<meta property=\"og:description\" content=\"Si vous souhaitez avoir une id\u00e9e de la gamme de couleurs ext\u00e9rieures que nous proposons, c&#039;est par ici qu&#039;il faut commencer. Les couleurs sont imprim\u00e9es et donnent une bonne id\u00e9e de la vari\u00e9t\u00e9 de nos couleurs en stock. Si vous avez besoin d&#039;une carte de couleurs pour vous aider \u00e0 choisir une couleur r\u00e9elle, il est judicieux d&#039;investir dans une carte de couleurs peinte \u00e0 la main. Vous pouvez m\u00eame essayer l&#039;un de nos pots d&#039;\u00e9chantillons que vous pouvez commander dans n&#039;importe quelle couleur en option dans la gamme de peinture ext\u00e9rieure.\" \/>\n<meta property=\"og:url\" content=\"https:\/\/brouns.eu\/fr\/product\/cartes-de-couleurs\/gamme-exterieure-nuancier-de-peinture-a-base-de-lin-imprime\/\" \/>\n<meta property=\"og:site_name\" content=\"Brouns &amp; Co EU\" \/>\n<meta property=\"og:image\" content=\"https:\/\/brouns.eu\/wp-content\/uploads\/2024\/10\/Brouns_Products_Exterior_Range_Colour_Card_Printed_web__54011.jpg\" \/>\n\t<meta property=\"og:image:width\" content=\"800\" \/>\n\t<meta property=\"og:image:height\" content=\"800\" \/>\n\t<meta property=\"og:image:type\" content=\"image\/jpeg\" \/>\n<meta name=\"twitter:card\" content=\"summary_large_image\" \/>\n<script type=\"application\/ld+json\" class=\"yoast-schema-graph\">{\"@context\":\"https:\\\/\\\/schema.org\",\"@graph\":[{\"@type\":\"WebPage\",\"@id\":\"https:\\\/\\\/brouns.eu\\\/fr\\\/product\\\/cartes-de-couleurs\\\/gamme-exterieure-nuancier-de-peinture-a-base-de-lin-imprime\\\/\",\"url\":\"https:\\\/\\\/brouns.eu\\\/fr\\\/product\\\/cartes-de-couleurs\\\/gamme-exterieure-nuancier-de-peinture-a-base-de-lin-imprime\\\/\",\"name\":\"Gamme Ext\u00e9rieure - Nuancier de peinture \u00e0 base de lin imprim\u00e9 - Brouns &amp; Co EU\",\"isPartOf\":{\"@id\":\"https:\\\/\\\/brouns.eu\\\/fr\\\/#website\"},\"primaryImageOfPage\":{\"@id\":\"https:\\\/\\\/brouns.eu\\\/fr\\\/product\\\/cartes-de-couleurs\\\/gamme-exterieure-nuancier-de-peinture-a-base-de-lin-imprime\\\/#primaryimage\"},\"image\":{\"@id\":\"https:\\\/\\\/brouns.eu\\\/fr\\\/product\\\/cartes-de-couleurs\\\/gamme-exterieure-nuancier-de-peinture-a-base-de-lin-imprime\\\/#primaryimage\"},\"thumbnailUrl\":\"https:\\\/\\\/brouns.eu\\\/wp-content\\\/uploads\\\/2024\\\/10\\\/Brouns_Products_Exterior_Range_Colour_Card_Printed_web__54011.jpg\",\"datePublished\":\"2024-10-29T21:27:28+00:00\",\"breadcrumb\":{\"@id\":\"https:\\\/\\\/brouns.eu\\\/fr\\\/product\\\/cartes-de-couleurs\\\/gamme-exterieure-nuancier-de-peinture-a-base-de-lin-imprime\\\/#breadcrumb\"},\"inLanguage\":\"fr-FR\",\"potentialAction\":[{\"@type\":\"ReadAction\",\"target\":[\"https:\\\/\\\/brouns.eu\\\/fr\\\/product\\\/cartes-de-couleurs\\\/gamme-exterieure-nuancier-de-peinture-a-base-de-lin-imprime\\\/\"]}]},{\"@type\":\"ImageObject\",\"inLanguage\":\"fr-FR\",\"@id\":\"https:\\\/\\\/brouns.eu\\\/fr\\\/product\\\/cartes-de-couleurs\\\/gamme-exterieure-nuancier-de-peinture-a-base-de-lin-imprime\\\/#primaryimage\",\"url\":\"https:\\\/\\\/brouns.eu\\\/wp-content\\\/uploads\\\/2024\\\/10\\\/Brouns_Products_Exterior_Range_Colour_Card_Printed_web__54011.jpg\",\"contentUrl\":\"https:\\\/\\\/brouns.eu\\\/wp-content\\\/uploads\\\/2024\\\/10\\\/Brouns_Products_Exterior_Range_Colour_Card_Printed_web__54011.jpg\",\"width\":800,\"height\":800},{\"@type\":\"BreadcrumbList\",\"@id\":\"https:\\\/\\\/brouns.eu\\\/fr\\\/product\\\/cartes-de-couleurs\\\/gamme-exterieure-nuancier-de-peinture-a-base-de-lin-imprime\\\/#breadcrumb\",\"itemListElement\":[{\"@type\":\"ListItem\",\"position\":1,\"name\":\"Home\",\"item\":\"https:\\\/\\\/brouns.eu\\\/fr\\\/\"},{\"@type\":\"ListItem\",\"position\":2,\"name\":\"Boutique\",\"item\":\"https:\\\/\\\/brouns.eu\\\/boutique\\\/\"},{\"@type\":\"ListItem\",\"position\":3,\"name\":\"Gamme Ext\u00e9rieure &#8211; Nuancier de peinture \u00e0 base de lin imprim\u00e9\"}]},{\"@type\":\"WebSite\",\"@id\":\"https:\\\/\\\/brouns.eu\\\/fr\\\/#website\",\"url\":\"https:\\\/\\\/brouns.eu\\\/fr\\\/\",\"name\":\"Brouns &amp; Co EU\",\"description\":\"\",\"publisher\":{\"@id\":\"https:\\\/\\\/brouns.eu\\\/fr\\\/#organization\"},\"potentialAction\":[{\"@type\":\"SearchAction\",\"target\":{\"@type\":\"EntryPoint\",\"urlTemplate\":\"https:\\\/\\\/brouns.eu\\\/fr\\\/?s={search_term_string}\"},\"query-input\":{\"@type\":\"PropertyValueSpecification\",\"valueRequired\":true,\"valueName\":\"search_term_string\"}}],\"inLanguage\":\"fr-FR\"},{\"@type\":\"Organization\",\"@id\":\"https:\\\/\\\/brouns.eu\\\/fr\\\/#organization\",\"name\":\"Brouns &amp; Co EU\",\"url\":\"https:\\\/\\\/brouns.eu\\\/fr\\\/\",\"logo\":{\"@type\":\"ImageObject\",\"inLanguage\":\"fr-FR\",\"@id\":\"https:\\\/\\\/brouns.eu\\\/fr\\\/#\\\/schema\\\/logo\\\/image\\\/\",\"url\":\"https:\\\/\\\/brouns.eu\\\/wp-content\\\/uploads\\\/2024\\\/04\\\/Brouns-_-co-Logo-no-linseed-paint-oil.png\",\"contentUrl\":\"https:\\\/\\\/brouns.eu\\\/wp-content\\\/uploads\\\/2024\\\/04\\\/Brouns-_-co-Logo-no-linseed-paint-oil.png\",\"width\":650,\"height\":60,\"caption\":\"Brouns &amp; Co EU\"},\"image\":{\"@id\":\"https:\\\/\\\/brouns.eu\\\/fr\\\/#\\\/schema\\\/logo\\\/image\\\/\"}}]}<\/script>\n<!-- \/ Yoast SEO plugin. -->","yoast_head_json":{"title":"Gamme Ext\u00e9rieure - Nuancier de peinture \u00e0 base de lin imprim\u00e9 - Brouns &amp; Co EU","robots":{"index":"index","follow":"follow","max-snippet":"max-snippet:-1","max-image-preview":"max-image-preview:large","max-video-preview":"max-video-preview:-1"},"canonical":"https:\/\/brouns.eu\/fr\/product\/cartes-de-couleurs\/gamme-exterieure-nuancier-de-peinture-a-base-de-lin-imprime\/","og_locale":"fr_FR","og_type":"article","og_title":"Gamme Ext\u00e9rieure - Nuancier de peinture \u00e0 base de lin imprim\u00e9 - Brouns &amp; Co EU","og_description":"Si vous souhaitez avoir une id\u00e9e de la gamme de couleurs ext\u00e9rieures que nous proposons, c'est par ici qu'il faut commencer. Les couleurs sont imprim\u00e9es et donnent une bonne id\u00e9e de la vari\u00e9t\u00e9 de nos couleurs en stock. Si vous avez besoin d'une carte de couleurs pour vous aider \u00e0 choisir une couleur r\u00e9elle, il est judicieux d'investir dans une carte de couleurs peinte \u00e0 la main. Vous pouvez m\u00eame essayer l'un de nos pots d'\u00e9chantillons que vous pouvez commander dans n'importe quelle couleur en option dans la gamme de peinture ext\u00e9rieure.","og_url":"https:\/\/brouns.eu\/fr\/product\/cartes-de-couleurs\/gamme-exterieure-nuancier-de-peinture-a-base-de-lin-imprime\/","og_site_name":"Brouns &amp; Co EU","og_image":[{"width":800,"height":800,"url":"https:\/\/brouns.eu\/wp-content\/uploads\/2024\/10\/Brouns_Products_Exterior_Range_Colour_Card_Printed_web__54011.jpg","type":"image\/jpeg"}],"twitter_card":"summary_large_image","schema":{"@context":"https:\/\/schema.org","@graph":[{"@type":"WebPage","@id":"https:\/\/brouns.eu\/fr\/product\/cartes-de-couleurs\/gamme-exterieure-nuancier-de-peinture-a-base-de-lin-imprime\/","url":"https:\/\/brouns.eu\/fr\/product\/cartes-de-couleurs\/gamme-exterieure-nuancier-de-peinture-a-base-de-lin-imprime\/","name":"Gamme Ext\u00e9rieure - Nuancier de peinture \u00e0 base de lin imprim\u00e9 - Brouns &amp; Co EU","isPartOf":{"@id":"https:\/\/brouns.eu\/fr\/#website"},"primaryImageOfPage":{"@id":"https:\/\/brouns.eu\/fr\/product\/cartes-de-couleurs\/gamme-exterieure-nuancier-de-peinture-a-base-de-lin-imprime\/#primaryimage"},"image":{"@id":"https:\/\/brouns.eu\/fr\/product\/cartes-de-couleurs\/gamme-exterieure-nuancier-de-peinture-a-base-de-lin-imprime\/#primaryimage"},"thumbnailUrl":"https:\/\/brouns.eu\/wp-content\/uploads\/2024\/10\/Brouns_Products_Exterior_Range_Colour_Card_Printed_web__54011.jpg","datePublished":"2024-10-29T21:27:28+00:00","breadcrumb":{"@id":"https:\/\/brouns.eu\/fr\/product\/cartes-de-couleurs\/gamme-exterieure-nuancier-de-peinture-a-base-de-lin-imprime\/#breadcrumb"},"inLanguage":"fr-FR","potentialAction":[{"@type":"ReadAction","target":["https:\/\/brouns.eu\/fr\/product\/cartes-de-couleurs\/gamme-exterieure-nuancier-de-peinture-a-base-de-lin-imprime\/"]}]},{"@type":"ImageObject","inLanguage":"fr-FR","@id":"https:\/\/brouns.eu\/fr\/product\/cartes-de-couleurs\/gamme-exterieure-nuancier-de-peinture-a-base-de-lin-imprime\/#primaryimage","url":"https:\/\/brouns.eu\/wp-content\/uploads\/2024\/10\/Brouns_Products_Exterior_Range_Colour_Card_Printed_web__54011.jpg","contentUrl":"https:\/\/brouns.eu\/wp-content\/uploads\/2024\/10\/Brouns_Products_Exterior_Range_Colour_Card_Printed_web__54011.jpg","width":800,"height":800},{"@type":"BreadcrumbList","@id":"https:\/\/brouns.eu\/fr\/product\/cartes-de-couleurs\/gamme-exterieure-nuancier-de-peinture-a-base-de-lin-imprime\/#breadcrumb","itemListElement":[{"@type":"ListItem","position":1,"name":"Home","item":"https:\/\/brouns.eu\/fr\/"},{"@type":"ListItem","position":2,"name":"Boutique","item":"https:\/\/brouns.eu\/boutique\/"},{"@type":"ListItem","position":3,"name":"Gamme Ext\u00e9rieure &#8211; Nuancier de peinture \u00e0 base de lin imprim\u00e9"}]},{"@type":"WebSite","@id":"https:\/\/brouns.eu\/fr\/#website","url":"https:\/\/brouns.eu\/fr\/","name":"Brouns &amp; Co EU","description":"","publisher":{"@id":"https:\/\/brouns.eu\/fr\/#organization"},"potentialAction":[{"@type":"SearchAction","target":{"@type":"EntryPoint","urlTemplate":"https:\/\/brouns.eu\/fr\/?s={search_term_string}"},"query-input":{"@type":"PropertyValueSpecification","valueRequired":true,"valueName":"search_term_string"}}],"inLanguage":"fr-FR"},{"@type":"Organization","@id":"https:\/\/brouns.eu\/fr\/#organization","name":"Brouns &amp; Co EU","url":"https:\/\/brouns.eu\/fr\/","logo":{"@type":"ImageObject","inLanguage":"fr-FR","@id":"https:\/\/brouns.eu\/fr\/#\/schema\/logo\/image\/","url":"https:\/\/brouns.eu\/wp-content\/uploads\/2024\/04\/Brouns-_-co-Logo-no-linseed-paint-oil.png","contentUrl":"https:\/\/brouns.eu\/wp-content\/uploads\/2024\/04\/Brouns-_-co-Logo-no-linseed-paint-oil.png","width":650,"height":60,"caption":"Brouns &amp; Co EU"},"image":{"@id":"https:\/\/brouns.eu\/fr\/#\/schema\/logo\/image\/"}}]}},"_links":{"self":[{"href":"https:\/\/brouns.eu\/fr\/wp-json\/wp\/v2\/product\/18551","targetHints":{"allow":["GET"]}}],"collection":[{"href":"https:\/\/brouns.eu\/fr\/wp-json\/wp\/v2\/product"}],"about":[{"href":"https:\/\/brouns.eu\/fr\/wp-json\/wp\/v2\/types\/product"}],"replies":[{"embeddable":true,"href":"https:\/\/brouns.eu\/fr\/wp-json\/wp\/v2\/comments?post=18551"}],"version-history":[{"count":0,"href":"https:\/\/brouns.eu\/fr\/wp-json\/wp\/v2\/product\/18551\/revisions"}],"wp:featuredmedia":[{"embeddable":true,"href":"https:\/\/brouns.eu\/fr\/wp-json\/wp\/v2\/media\/18552"}],"wp:attachment":[{"href":"https:\/\/brouns.eu\/fr\/wp-json\/wp\/v2\/media?parent=18551"}],"wp:term":[{"taxonomy":"product_brand","embeddable":true,"href":"https:\/\/brouns.eu\/fr\/wp-json\/wp\/v2\/product_brand?post=18551"},{"taxonomy":"product_cat","embeddable":true,"href":"https:\/\/brouns.eu\/fr\/wp-json\/wp\/v2\/product_cat?post=18551"},{"taxonomy":"product_tag","embeddable":true,"href":"https:\/\/brouns.eu\/fr\/wp-json\/wp\/v2\/product_tag?post=18551"}],"curies":[{"name":"wp","href":"https:\/\/api.w.org\/{rel}","templated":true}]}}