{"id":18546,"date":"2024-10-29T21:27:28","date_gmt":"2024-10-29T21:27:28","guid":{"rendered":"https:\/\/brouns.eu\/product\/non class\u00e9\/gamme-exterieure-nuancier-de-peinture-a-base-de-lin-peinte-a-la-main\/"},"modified":"2024-10-29T21:27:28","modified_gmt":"2024-10-29T21:27:28","slug":"gamme-exterieure-nuancier-de-peinture-a-base-de-lin-peinte-a-la-main","status":"publish","type":"product","link":"https:\/\/brouns.eu\/fr\/product\/cartes-de-couleurs\/gamme-exterieure-nuancier-de-peinture-a-base-de-lin-peinte-a-la-main\/","title":{"rendered":"Gamme Ext\u00e9rieure &#8211; Nuancier de peinture \u00e0 base de lin peinte \u00e0 la main"},"content":{"rendered":"","protected":false},"excerpt":{"rendered":"<p>Repr\u00e9sentations exactes pour vous aider \u00e0 choisir les bonnes couleurs<br \/>\n Les couleurs que vous choisissez pour votre projet sont tr\u00e8s importantes, d&#8217;autant plus que la peinture \u00e0 l&#8217;huile de lin dure longtemps. Heureusement, cette carte de couleurs de peinture \u00e0 l&#8217;huile de lin offre une r\u00e9elle garantie. Vous n&#8217;avez pas \u00e0 vous inqui\u00e9ter de savoir si vos r\u00e9sultats seront en rapport avec l&#8217;\u00e9chantillon car, contrairement \u00e0 la plupart des cartes de couleurs, elle vous donne les couleurs exactes de la peinture, et non une approximation imprim\u00e9e. Et ce, parce que chaque \u00e9chantillon a \u00e9t\u00e9 m\u00e9ticuleusement peint \u00e0 la main, en utilisant la v\u00e9ritable peinture \u00e0 l&#8217;huile de lin.   <\/p>\n<p>Et si vous souhaitez une couleur qui n&#8217;est pas sur la carte, n&#8217;h\u00e9sitez pas \u00e0 nous contacter. Nous pouvons cr\u00e9er une correspondance exacte pour vous. Nos m\u00e9langeurs de couleurs qualifi\u00e9s font vraiment un travail fantastique de correspondance des couleurs.  <\/p>\n","protected":false},"featured_media":18547,"comment_status":"closed","ping_status":"closed","template":"","meta":{"_acf_changed":false,"site-sidebar-layout":"default","site-content-layout":"","ast-site-content-layout":"default","site-content-style":"default","site-sidebar-style":"default","ast-global-header-display":"","ast-banner-title-visibility":"","ast-main-header-display":"","ast-hfb-above-header-display":"","ast-hfb-below-header-display":"","ast-hfb-mobile-header-display":"","site-post-title":"","ast-breadcrumbs-content":"","ast-featured-img":"","footer-sml-layout":"","ast-disable-related-posts":"","theme-transparent-header-meta":"default","adv-header-id-meta":"","stick-header-meta":"default","header-above-stick-meta":"","header-main-stick-meta":"","header-below-stick-meta":"","astra-migrate-meta-layouts":"default","ast-page-background-enabled":"default","ast-page-background-meta":{"desktop":{"background-color":"","background-image":"","background-repeat":"repeat","background-position":"center center","background-size":"auto","background-attachment":"scroll","background-type":"","background-media":"","overlay-type":"","overlay-color":"","overlay-opacity":"","overlay-gradient":""},"tablet":{"background-color":"","background-image":"","background-repeat":"repeat","background-position":"center center","background-size":"auto","background-attachment":"scroll","background-type":"","background-media":"","overlay-type":"","overlay-color":"","overlay-opacity":"","overlay-gradient":""},"mobile":{"background-color":"","background-image":"","background-repeat":"repeat","background-position":"center center","background-size":"auto","background-attachment":"scroll","background-type":"","background-media":"","overlay-type":"","overlay-color":"","overlay-opacity":"","overlay-gradient":""}},"ast-content-background-meta":{"desktop":{"background-color":"var(--ast-global-color-5)","background-image":"","background-repeat":"repeat","background-position":"center center","background-size":"auto","background-attachment":"scroll","background-type":"","background-media":"","overlay-type":"","overlay-color":"","overlay-opacity":"","overlay-gradient":""},"tablet":{"background-color":"var(--ast-global-color-5)","background-image":"","background-repeat":"repeat","background-position":"center center","background-size":"auto","background-attachment":"scroll","background-type":"","background-media":"","overlay-type":"","overlay-color":"","overlay-opacity":"","overlay-gradient":""},"mobile":{"background-color":"var(--ast-global-color-5)","background-image":"","background-repeat":"repeat","background-position":"center center","background-size":"auto","background-attachment":"scroll","background-type":"","background-media":"","overlay-type":"","overlay-color":"","overlay-opacity":"","overlay-gradient":""}},"ngg_post_thumbnail":0},"product_brand":[],"product_cat":[347],"product_tag":[],"class_list":{"0":"post-18546","1":"product","2":"type-product","3":"status-publish","4":"has-post-thumbnail","6":"product_cat-cartes-de-couleurs","7":"pa_size-defaut","8":"desktop-align-center","9":"tablet-align-center","10":"mobile-align-center","11":"ast-product-gallery-layout-horizontal","12":"ast-product-tabs-layout-horizontal","13":"ast-qv-on-image","15":"first","16":"instock","17":"taxable","18":"shipping-taxable","19":"purchasable","20":"product-type-simple"},"acf":[],"yoast_head":"<!-- This site is optimized with the Yoast SEO plugin v27.4 - https:\/\/yoast.com\/product\/yoast-seo-wordpress\/ -->\n<title>Gamme Ext\u00e9rieure - Nuancier de peinture \u00e0 base de lin peinte \u00e0 la main - Brouns &amp; Co EU<\/title>\n<meta name=\"robots\" content=\"index, follow, max-snippet:-1, max-image-preview:large, max-video-preview:-1\" \/>\n<link rel=\"canonical\" href=\"https:\/\/brouns.eu\/fr\/product\/cartes-de-couleurs\/gamme-exterieure-nuancier-de-peinture-a-base-de-lin-peinte-a-la-main\/\" \/>\n<meta property=\"og:locale\" content=\"fr_FR\" \/>\n<meta property=\"og:type\" content=\"article\" \/>\n<meta property=\"og:title\" content=\"Gamme Ext\u00e9rieure - Nuancier de peinture \u00e0 base de lin peinte \u00e0 la main - Brouns &amp; Co EU\" \/>\n<meta property=\"og:description\" content=\"Repr\u00e9sentations exactes pour vous aider \u00e0 choisir les bonnes couleurs Les couleurs que vous choisissez pour votre projet sont tr\u00e8s importantes, d&#039;autant plus que la peinture \u00e0 l&#039;huile de lin dure longtemps. Heureusement, cette carte de couleurs de peinture \u00e0 l&#039;huile de lin offre une r\u00e9elle garantie. Vous n&#039;avez pas \u00e0 vous inqui\u00e9ter de savoir si vos r\u00e9sultats seront en rapport avec l&#039;\u00e9chantillon car, contrairement \u00e0 la plupart des cartes de couleurs, elle vous donne les couleurs exactes de la peinture, et non une approximation imprim\u00e9e. Et ce, parce que chaque \u00e9chantillon a \u00e9t\u00e9 m\u00e9ticuleusement peint \u00e0 la main, en utilisant la v\u00e9ritable peinture \u00e0 l&#039;huile de lin.   Et si vous souhaitez une couleur qui n&#039;est pas sur la carte, n&#039;h\u00e9sitez pas \u00e0 nous contacter. Nous pouvons cr\u00e9er une correspondance exacte pour vous. Nos m\u00e9langeurs de couleurs qualifi\u00e9s font vraiment un travail fantastique de correspondance des couleurs.\" \/>\n<meta property=\"og:url\" content=\"https:\/\/brouns.eu\/fr\/product\/cartes-de-couleurs\/gamme-exterieure-nuancier-de-peinture-a-base-de-lin-peinte-a-la-main\/\" \/>\n<meta property=\"og:site_name\" content=\"Brouns &amp; Co EU\" \/>\n<meta property=\"og:image\" content=\"https:\/\/brouns.eu\/wp-content\/uploads\/2024\/10\/Brouns_Products_Colour_Card_Hand_Painted.jpg\" \/>\n\t<meta property=\"og:image:width\" content=\"800\" \/>\n\t<meta property=\"og:image:height\" content=\"800\" \/>\n\t<meta property=\"og:image:type\" content=\"image\/jpeg\" \/>\n<meta name=\"twitter:card\" content=\"summary_large_image\" \/>\n<script type=\"application\/ld+json\" class=\"yoast-schema-graph\">{\"@context\":\"https:\\\/\\\/schema.org\",\"@graph\":[{\"@type\":\"WebPage\",\"@id\":\"https:\\\/\\\/brouns.eu\\\/fr\\\/product\\\/cartes-de-couleurs\\\/gamme-exterieure-nuancier-de-peinture-a-base-de-lin-peinte-a-la-main\\\/\",\"url\":\"https:\\\/\\\/brouns.eu\\\/fr\\\/product\\\/cartes-de-couleurs\\\/gamme-exterieure-nuancier-de-peinture-a-base-de-lin-peinte-a-la-main\\\/\",\"name\":\"Gamme Ext\u00e9rieure - Nuancier de peinture \u00e0 base de lin peinte \u00e0 la main - Brouns &amp; Co EU\",\"isPartOf\":{\"@id\":\"https:\\\/\\\/brouns.eu\\\/fr\\\/#website\"},\"primaryImageOfPage\":{\"@id\":\"https:\\\/\\\/brouns.eu\\\/fr\\\/product\\\/cartes-de-couleurs\\\/gamme-exterieure-nuancier-de-peinture-a-base-de-lin-peinte-a-la-main\\\/#primaryimage\"},\"image\":{\"@id\":\"https:\\\/\\\/brouns.eu\\\/fr\\\/product\\\/cartes-de-couleurs\\\/gamme-exterieure-nuancier-de-peinture-a-base-de-lin-peinte-a-la-main\\\/#primaryimage\"},\"thumbnailUrl\":\"https:\\\/\\\/brouns.eu\\\/wp-content\\\/uploads\\\/2024\\\/10\\\/Brouns_Products_Colour_Card_Hand_Painted.jpg\",\"datePublished\":\"2024-10-29T21:27:28+00:00\",\"breadcrumb\":{\"@id\":\"https:\\\/\\\/brouns.eu\\\/fr\\\/product\\\/cartes-de-couleurs\\\/gamme-exterieure-nuancier-de-peinture-a-base-de-lin-peinte-a-la-main\\\/#breadcrumb\"},\"inLanguage\":\"fr-FR\",\"potentialAction\":[{\"@type\":\"ReadAction\",\"target\":[\"https:\\\/\\\/brouns.eu\\\/fr\\\/product\\\/cartes-de-couleurs\\\/gamme-exterieure-nuancier-de-peinture-a-base-de-lin-peinte-a-la-main\\\/\"]}]},{\"@type\":\"ImageObject\",\"inLanguage\":\"fr-FR\",\"@id\":\"https:\\\/\\\/brouns.eu\\\/fr\\\/product\\\/cartes-de-couleurs\\\/gamme-exterieure-nuancier-de-peinture-a-base-de-lin-peinte-a-la-main\\\/#primaryimage\",\"url\":\"https:\\\/\\\/brouns.eu\\\/wp-content\\\/uploads\\\/2024\\\/10\\\/Brouns_Products_Colour_Card_Hand_Painted.jpg\",\"contentUrl\":\"https:\\\/\\\/brouns.eu\\\/wp-content\\\/uploads\\\/2024\\\/10\\\/Brouns_Products_Colour_Card_Hand_Painted.jpg\",\"width\":800,\"height\":800},{\"@type\":\"BreadcrumbList\",\"@id\":\"https:\\\/\\\/brouns.eu\\\/fr\\\/product\\\/cartes-de-couleurs\\\/gamme-exterieure-nuancier-de-peinture-a-base-de-lin-peinte-a-la-main\\\/#breadcrumb\",\"itemListElement\":[{\"@type\":\"ListItem\",\"position\":1,\"name\":\"Home\",\"item\":\"https:\\\/\\\/brouns.eu\\\/fr\\\/\"},{\"@type\":\"ListItem\",\"position\":2,\"name\":\"Boutique\",\"item\":\"https:\\\/\\\/brouns.eu\\\/boutique\\\/\"},{\"@type\":\"ListItem\",\"position\":3,\"name\":\"Gamme Ext\u00e9rieure &#8211; Nuancier de peinture \u00e0 base de lin peinte \u00e0 la main\"}]},{\"@type\":\"WebSite\",\"@id\":\"https:\\\/\\\/brouns.eu\\\/fr\\\/#website\",\"url\":\"https:\\\/\\\/brouns.eu\\\/fr\\\/\",\"name\":\"Brouns &amp; Co EU\",\"description\":\"\",\"publisher\":{\"@id\":\"https:\\\/\\\/brouns.eu\\\/fr\\\/#organization\"},\"potentialAction\":[{\"@type\":\"SearchAction\",\"target\":{\"@type\":\"EntryPoint\",\"urlTemplate\":\"https:\\\/\\\/brouns.eu\\\/fr\\\/?s={search_term_string}\"},\"query-input\":{\"@type\":\"PropertyValueSpecification\",\"valueRequired\":true,\"valueName\":\"search_term_string\"}}],\"inLanguage\":\"fr-FR\"},{\"@type\":\"Organization\",\"@id\":\"https:\\\/\\\/brouns.eu\\\/fr\\\/#organization\",\"name\":\"Brouns &amp; Co EU\",\"url\":\"https:\\\/\\\/brouns.eu\\\/fr\\\/\",\"logo\":{\"@type\":\"ImageObject\",\"inLanguage\":\"fr-FR\",\"@id\":\"https:\\\/\\\/brouns.eu\\\/fr\\\/#\\\/schema\\\/logo\\\/image\\\/\",\"url\":\"https:\\\/\\\/brouns.eu\\\/wp-content\\\/uploads\\\/2024\\\/04\\\/Brouns-_-co-Logo-no-linseed-paint-oil.png\",\"contentUrl\":\"https:\\\/\\\/brouns.eu\\\/wp-content\\\/uploads\\\/2024\\\/04\\\/Brouns-_-co-Logo-no-linseed-paint-oil.png\",\"width\":650,\"height\":60,\"caption\":\"Brouns &amp; Co EU\"},\"image\":{\"@id\":\"https:\\\/\\\/brouns.eu\\\/fr\\\/#\\\/schema\\\/logo\\\/image\\\/\"}}]}<\/script>\n<!-- \/ Yoast SEO plugin. -->","yoast_head_json":{"title":"Gamme Ext\u00e9rieure - Nuancier de peinture \u00e0 base de lin peinte \u00e0 la main - Brouns &amp; Co EU","robots":{"index":"index","follow":"follow","max-snippet":"max-snippet:-1","max-image-preview":"max-image-preview:large","max-video-preview":"max-video-preview:-1"},"canonical":"https:\/\/brouns.eu\/fr\/product\/cartes-de-couleurs\/gamme-exterieure-nuancier-de-peinture-a-base-de-lin-peinte-a-la-main\/","og_locale":"fr_FR","og_type":"article","og_title":"Gamme Ext\u00e9rieure - Nuancier de peinture \u00e0 base de lin peinte \u00e0 la main - Brouns &amp; Co EU","og_description":"Repr\u00e9sentations exactes pour vous aider \u00e0 choisir les bonnes couleurs Les couleurs que vous choisissez pour votre projet sont tr\u00e8s importantes, d'autant plus que la peinture \u00e0 l'huile de lin dure longtemps. Heureusement, cette carte de couleurs de peinture \u00e0 l'huile de lin offre une r\u00e9elle garantie. Vous n'avez pas \u00e0 vous inqui\u00e9ter de savoir si vos r\u00e9sultats seront en rapport avec l'\u00e9chantillon car, contrairement \u00e0 la plupart des cartes de couleurs, elle vous donne les couleurs exactes de la peinture, et non une approximation imprim\u00e9e. Et ce, parce que chaque \u00e9chantillon a \u00e9t\u00e9 m\u00e9ticuleusement peint \u00e0 la main, en utilisant la v\u00e9ritable peinture \u00e0 l'huile de lin.   Et si vous souhaitez une couleur qui n'est pas sur la carte, n'h\u00e9sitez pas \u00e0 nous contacter. Nous pouvons cr\u00e9er une correspondance exacte pour vous. Nos m\u00e9langeurs de couleurs qualifi\u00e9s font vraiment un travail fantastique de correspondance des couleurs.","og_url":"https:\/\/brouns.eu\/fr\/product\/cartes-de-couleurs\/gamme-exterieure-nuancier-de-peinture-a-base-de-lin-peinte-a-la-main\/","og_site_name":"Brouns &amp; Co EU","og_image":[{"width":800,"height":800,"url":"https:\/\/brouns.eu\/wp-content\/uploads\/2024\/10\/Brouns_Products_Colour_Card_Hand_Painted.jpg","type":"image\/jpeg"}],"twitter_card":"summary_large_image","schema":{"@context":"https:\/\/schema.org","@graph":[{"@type":"WebPage","@id":"https:\/\/brouns.eu\/fr\/product\/cartes-de-couleurs\/gamme-exterieure-nuancier-de-peinture-a-base-de-lin-peinte-a-la-main\/","url":"https:\/\/brouns.eu\/fr\/product\/cartes-de-couleurs\/gamme-exterieure-nuancier-de-peinture-a-base-de-lin-peinte-a-la-main\/","name":"Gamme Ext\u00e9rieure - Nuancier de peinture \u00e0 base de lin peinte \u00e0 la main - Brouns &amp; Co EU","isPartOf":{"@id":"https:\/\/brouns.eu\/fr\/#website"},"primaryImageOfPage":{"@id":"https:\/\/brouns.eu\/fr\/product\/cartes-de-couleurs\/gamme-exterieure-nuancier-de-peinture-a-base-de-lin-peinte-a-la-main\/#primaryimage"},"image":{"@id":"https:\/\/brouns.eu\/fr\/product\/cartes-de-couleurs\/gamme-exterieure-nuancier-de-peinture-a-base-de-lin-peinte-a-la-main\/#primaryimage"},"thumbnailUrl":"https:\/\/brouns.eu\/wp-content\/uploads\/2024\/10\/Brouns_Products_Colour_Card_Hand_Painted.jpg","datePublished":"2024-10-29T21:27:28+00:00","breadcrumb":{"@id":"https:\/\/brouns.eu\/fr\/product\/cartes-de-couleurs\/gamme-exterieure-nuancier-de-peinture-a-base-de-lin-peinte-a-la-main\/#breadcrumb"},"inLanguage":"fr-FR","potentialAction":[{"@type":"ReadAction","target":["https:\/\/brouns.eu\/fr\/product\/cartes-de-couleurs\/gamme-exterieure-nuancier-de-peinture-a-base-de-lin-peinte-a-la-main\/"]}]},{"@type":"ImageObject","inLanguage":"fr-FR","@id":"https:\/\/brouns.eu\/fr\/product\/cartes-de-couleurs\/gamme-exterieure-nuancier-de-peinture-a-base-de-lin-peinte-a-la-main\/#primaryimage","url":"https:\/\/brouns.eu\/wp-content\/uploads\/2024\/10\/Brouns_Products_Colour_Card_Hand_Painted.jpg","contentUrl":"https:\/\/brouns.eu\/wp-content\/uploads\/2024\/10\/Brouns_Products_Colour_Card_Hand_Painted.jpg","width":800,"height":800},{"@type":"BreadcrumbList","@id":"https:\/\/brouns.eu\/fr\/product\/cartes-de-couleurs\/gamme-exterieure-nuancier-de-peinture-a-base-de-lin-peinte-a-la-main\/#breadcrumb","itemListElement":[{"@type":"ListItem","position":1,"name":"Home","item":"https:\/\/brouns.eu\/fr\/"},{"@type":"ListItem","position":2,"name":"Boutique","item":"https:\/\/brouns.eu\/boutique\/"},{"@type":"ListItem","position":3,"name":"Gamme Ext\u00e9rieure &#8211; Nuancier de peinture \u00e0 base de lin peinte \u00e0 la main"}]},{"@type":"WebSite","@id":"https:\/\/brouns.eu\/fr\/#website","url":"https:\/\/brouns.eu\/fr\/","name":"Brouns &amp; Co EU","description":"","publisher":{"@id":"https:\/\/brouns.eu\/fr\/#organization"},"potentialAction":[{"@type":"SearchAction","target":{"@type":"EntryPoint","urlTemplate":"https:\/\/brouns.eu\/fr\/?s={search_term_string}"},"query-input":{"@type":"PropertyValueSpecification","valueRequired":true,"valueName":"search_term_string"}}],"inLanguage":"fr-FR"},{"@type":"Organization","@id":"https:\/\/brouns.eu\/fr\/#organization","name":"Brouns &amp; Co EU","url":"https:\/\/brouns.eu\/fr\/","logo":{"@type":"ImageObject","inLanguage":"fr-FR","@id":"https:\/\/brouns.eu\/fr\/#\/schema\/logo\/image\/","url":"https:\/\/brouns.eu\/wp-content\/uploads\/2024\/04\/Brouns-_-co-Logo-no-linseed-paint-oil.png","contentUrl":"https:\/\/brouns.eu\/wp-content\/uploads\/2024\/04\/Brouns-_-co-Logo-no-linseed-paint-oil.png","width":650,"height":60,"caption":"Brouns &amp; Co EU"},"image":{"@id":"https:\/\/brouns.eu\/fr\/#\/schema\/logo\/image\/"}}]}},"_links":{"self":[{"href":"https:\/\/brouns.eu\/fr\/wp-json\/wp\/v2\/product\/18546","targetHints":{"allow":["GET"]}}],"collection":[{"href":"https:\/\/brouns.eu\/fr\/wp-json\/wp\/v2\/product"}],"about":[{"href":"https:\/\/brouns.eu\/fr\/wp-json\/wp\/v2\/types\/product"}],"replies":[{"embeddable":true,"href":"https:\/\/brouns.eu\/fr\/wp-json\/wp\/v2\/comments?post=18546"}],"version-history":[{"count":0,"href":"https:\/\/brouns.eu\/fr\/wp-json\/wp\/v2\/product\/18546\/revisions"}],"wp:featuredmedia":[{"embeddable":true,"href":"https:\/\/brouns.eu\/fr\/wp-json\/wp\/v2\/media\/18547"}],"wp:attachment":[{"href":"https:\/\/brouns.eu\/fr\/wp-json\/wp\/v2\/media?parent=18546"}],"wp:term":[{"taxonomy":"product_brand","embeddable":true,"href":"https:\/\/brouns.eu\/fr\/wp-json\/wp\/v2\/product_brand?post=18546"},{"taxonomy":"product_cat","embeddable":true,"href":"https:\/\/brouns.eu\/fr\/wp-json\/wp\/v2\/product_cat?post=18546"},{"taxonomy":"product_tag","embeddable":true,"href":"https:\/\/brouns.eu\/fr\/wp-json\/wp\/v2\/product_tag?post=18546"}],"curies":[{"name":"wp","href":"https:\/\/api.w.org\/{rel}","templated":true}]}}