{"id":18487,"date":"2024-10-29T21:27:32","date_gmt":"2024-10-29T21:27:32","guid":{"rendered":"https:\/\/brouns.eu\/product\/non class\u00e9\/savon-pour-les-mains-a-lhuile-de-lin-format-052-pinte\/"},"modified":"2024-10-29T21:27:32","modified_gmt":"2024-10-29T21:27:32","slug":"savon-pour-les-mains-a-lhuile-de-lin-format-052-pinte","status":"publish","type":"product","link":"https:\/\/brouns.eu\/fr\/product\/savons\/savon-pour-les-mains-a-lhuile-de-lin-format-052-pinte\/","title":{"rendered":"Savon pour les mains \u00e0 l&#8217;huile de lin &#8211; Format : 0,52 pinte"},"content":{"rendered":"","protected":false},"excerpt":{"rendered":"<p>Doux et efficace pour vos mains et vos pinceaux.<br \/>\n Ce savon naturel \u00e0 base de graines de lin fabriqu\u00e9 \u00e0 la main est tr\u00e8s polyvalent. Nous l&#8217;utilisons dans nos maisons, nos bureaux et nos entrep\u00f4ts pour nettoyer nos mains au quotidien, car il les laisse propres, douces et nourries. Il convient \u00e9galement au nettoyage des cuisines, des salles de bains, des sols carrel\u00e9s et des pinceaux.  <\/p>\n<p>Dans de rares cas, cela peut provoquer une irritation cutan\u00e9e.<\/p>\n<p>PH = 9 &#8211; 10<\/p>\n","protected":false},"featured_media":18488,"comment_status":"closed","ping_status":"closed","template":"","meta":{"_acf_changed":false,"site-sidebar-layout":"default","site-content-layout":"","ast-site-content-layout":"default","site-content-style":"default","site-sidebar-style":"default","ast-global-header-display":"","ast-banner-title-visibility":"","ast-main-header-display":"","ast-hfb-above-header-display":"","ast-hfb-below-header-display":"","ast-hfb-mobile-header-display":"","site-post-title":"","ast-breadcrumbs-content":"","ast-featured-img":"","footer-sml-layout":"","ast-disable-related-posts":"","theme-transparent-header-meta":"default","adv-header-id-meta":"","stick-header-meta":"default","header-above-stick-meta":"","header-main-stick-meta":"","header-below-stick-meta":"","astra-migrate-meta-layouts":"default","ast-page-background-enabled":"default","ast-page-background-meta":{"desktop":{"background-color":"","background-image":"","background-repeat":"repeat","background-position":"center center","background-size":"auto","background-attachment":"scroll","background-type":"","background-media":"","overlay-type":"","overlay-color":"","overlay-opacity":"","overlay-gradient":""},"tablet":{"background-color":"","background-image":"","background-repeat":"repeat","background-position":"center center","background-size":"auto","background-attachment":"scroll","background-type":"","background-media":"","overlay-type":"","overlay-color":"","overlay-opacity":"","overlay-gradient":""},"mobile":{"background-color":"","background-image":"","background-repeat":"repeat","background-position":"center center","background-size":"auto","background-attachment":"scroll","background-type":"","background-media":"","overlay-type":"","overlay-color":"","overlay-opacity":"","overlay-gradient":""}},"ast-content-background-meta":{"desktop":{"background-color":"var(--ast-global-color-5)","background-image":"","background-repeat":"repeat","background-position":"center center","background-size":"auto","background-attachment":"scroll","background-type":"","background-media":"","overlay-type":"","overlay-color":"","overlay-opacity":"","overlay-gradient":""},"tablet":{"background-color":"var(--ast-global-color-5)","background-image":"","background-repeat":"repeat","background-position":"center center","background-size":"auto","background-attachment":"scroll","background-type":"","background-media":"","overlay-type":"","overlay-color":"","overlay-opacity":"","overlay-gradient":""},"mobile":{"background-color":"var(--ast-global-color-5)","background-image":"","background-repeat":"repeat","background-position":"center center","background-size":"auto","background-attachment":"scroll","background-type":"","background-media":"","overlay-type":"","overlay-color":"","overlay-opacity":"","overlay-gradient":""}},"ngg_post_thumbnail":0},"product_brand":[],"product_cat":[335],"product_tag":[],"class_list":{"0":"post-18487","1":"product","2":"type-product","3":"status-publish","4":"has-post-thumbnail","6":"product_cat-savons","7":"pa_size-taille-500ml","8":"desktop-align-center","9":"tablet-align-center","10":"mobile-align-center","11":"ast-product-gallery-layout-horizontal","12":"ast-product-gallery-with-no-image","13":"ast-product-tabs-layout-horizontal","14":"ast-qv-on-image","16":"first","17":"outofstock","18":"taxable","19":"shipping-taxable","20":"purchasable","21":"product-type-simple"},"acf":[],"yoast_head":"<!-- This site is optimized with the Yoast SEO plugin v27.4 - https:\/\/yoast.com\/product\/yoast-seo-wordpress\/ -->\n<title>Savon pour les mains \u00e0 l&#039;huile de lin - Format : 0,52 pinte - Brouns &amp; Co EU<\/title>\n<meta name=\"robots\" content=\"index, follow, max-snippet:-1, max-image-preview:large, max-video-preview:-1\" \/>\n<link rel=\"canonical\" href=\"https:\/\/brouns.eu\/fr\/product\/savons\/savon-pour-les-mains-a-lhuile-de-lin-format-052-pinte\/\" \/>\n<meta property=\"og:locale\" content=\"fr_FR\" \/>\n<meta property=\"og:type\" content=\"article\" \/>\n<meta property=\"og:title\" content=\"Savon pour les mains \u00e0 l&#039;huile de lin - Format : 0,52 pinte - Brouns &amp; Co EU\" \/>\n<meta property=\"og:description\" content=\"Doux et efficace pour vos mains et vos pinceaux. Ce savon naturel \u00e0 base de graines de lin fabriqu\u00e9 \u00e0 la main est tr\u00e8s polyvalent. Nous l&#039;utilisons dans nos maisons, nos bureaux et nos entrep\u00f4ts pour nettoyer nos mains au quotidien, car il les laisse propres, douces et nourries. Il convient \u00e9galement au nettoyage des cuisines, des salles de bains, des sols carrel\u00e9s et des pinceaux.  Dans de rares cas, cela peut provoquer une irritation cutan\u00e9e. PH = 9 - 10\" \/>\n<meta property=\"og:url\" content=\"https:\/\/brouns.eu\/fr\/product\/savons\/savon-pour-les-mains-a-lhuile-de-lin-format-052-pinte\/\" \/>\n<meta property=\"og:site_name\" content=\"Brouns &amp; Co EU\" \/>\n<meta property=\"og:image\" content=\"https:\/\/brouns.eu\/wp-content\/uploads\/2024\/10\/Linseed-Hand-Soap.jpg\" \/>\n\t<meta property=\"og:image:width\" content=\"800\" \/>\n\t<meta property=\"og:image:height\" content=\"800\" \/>\n\t<meta property=\"og:image:type\" content=\"image\/jpeg\" \/>\n<meta name=\"twitter:card\" content=\"summary_large_image\" \/>\n<script type=\"application\/ld+json\" class=\"yoast-schema-graph\">{\"@context\":\"https:\\\/\\\/schema.org\",\"@graph\":[{\"@type\":\"WebPage\",\"@id\":\"https:\\\/\\\/brouns.eu\\\/fr\\\/product\\\/savons\\\/savon-pour-les-mains-a-lhuile-de-lin-format-052-pinte\\\/\",\"url\":\"https:\\\/\\\/brouns.eu\\\/fr\\\/product\\\/savons\\\/savon-pour-les-mains-a-lhuile-de-lin-format-052-pinte\\\/\",\"name\":\"Savon pour les mains \u00e0 l'huile de lin - Format : 0,52 pinte - Brouns &amp; Co EU\",\"isPartOf\":{\"@id\":\"https:\\\/\\\/brouns.eu\\\/fr\\\/#website\"},\"primaryImageOfPage\":{\"@id\":\"https:\\\/\\\/brouns.eu\\\/fr\\\/product\\\/savons\\\/savon-pour-les-mains-a-lhuile-de-lin-format-052-pinte\\\/#primaryimage\"},\"image\":{\"@id\":\"https:\\\/\\\/brouns.eu\\\/fr\\\/product\\\/savons\\\/savon-pour-les-mains-a-lhuile-de-lin-format-052-pinte\\\/#primaryimage\"},\"thumbnailUrl\":\"https:\\\/\\\/brouns.eu\\\/wp-content\\\/uploads\\\/2024\\\/10\\\/Linseed-Hand-Soap.jpg\",\"datePublished\":\"2024-10-29T21:27:32+00:00\",\"breadcrumb\":{\"@id\":\"https:\\\/\\\/brouns.eu\\\/fr\\\/product\\\/savons\\\/savon-pour-les-mains-a-lhuile-de-lin-format-052-pinte\\\/#breadcrumb\"},\"inLanguage\":\"fr-FR\",\"potentialAction\":[{\"@type\":\"ReadAction\",\"target\":[\"https:\\\/\\\/brouns.eu\\\/fr\\\/product\\\/savons\\\/savon-pour-les-mains-a-lhuile-de-lin-format-052-pinte\\\/\"]}]},{\"@type\":\"ImageObject\",\"inLanguage\":\"fr-FR\",\"@id\":\"https:\\\/\\\/brouns.eu\\\/fr\\\/product\\\/savons\\\/savon-pour-les-mains-a-lhuile-de-lin-format-052-pinte\\\/#primaryimage\",\"url\":\"https:\\\/\\\/brouns.eu\\\/wp-content\\\/uploads\\\/2024\\\/10\\\/Linseed-Hand-Soap.jpg\",\"contentUrl\":\"https:\\\/\\\/brouns.eu\\\/wp-content\\\/uploads\\\/2024\\\/10\\\/Linseed-Hand-Soap.jpg\",\"width\":800,\"height\":800},{\"@type\":\"BreadcrumbList\",\"@id\":\"https:\\\/\\\/brouns.eu\\\/fr\\\/product\\\/savons\\\/savon-pour-les-mains-a-lhuile-de-lin-format-052-pinte\\\/#breadcrumb\",\"itemListElement\":[{\"@type\":\"ListItem\",\"position\":1,\"name\":\"Home\",\"item\":\"https:\\\/\\\/brouns.eu\\\/fr\\\/\"},{\"@type\":\"ListItem\",\"position\":2,\"name\":\"Boutique\",\"item\":\"https:\\\/\\\/brouns.eu\\\/boutique\\\/\"},{\"@type\":\"ListItem\",\"position\":3,\"name\":\"Savon pour les mains \u00e0 l&rsquo;huile de lin &#8211; Format : 0,52 pinte\"}]},{\"@type\":\"WebSite\",\"@id\":\"https:\\\/\\\/brouns.eu\\\/fr\\\/#website\",\"url\":\"https:\\\/\\\/brouns.eu\\\/fr\\\/\",\"name\":\"Brouns &amp; Co EU\",\"description\":\"\",\"publisher\":{\"@id\":\"https:\\\/\\\/brouns.eu\\\/fr\\\/#organization\"},\"potentialAction\":[{\"@type\":\"SearchAction\",\"target\":{\"@type\":\"EntryPoint\",\"urlTemplate\":\"https:\\\/\\\/brouns.eu\\\/fr\\\/?s={search_term_string}\"},\"query-input\":{\"@type\":\"PropertyValueSpecification\",\"valueRequired\":true,\"valueName\":\"search_term_string\"}}],\"inLanguage\":\"fr-FR\"},{\"@type\":\"Organization\",\"@id\":\"https:\\\/\\\/brouns.eu\\\/fr\\\/#organization\",\"name\":\"Brouns &amp; Co EU\",\"url\":\"https:\\\/\\\/brouns.eu\\\/fr\\\/\",\"logo\":{\"@type\":\"ImageObject\",\"inLanguage\":\"fr-FR\",\"@id\":\"https:\\\/\\\/brouns.eu\\\/fr\\\/#\\\/schema\\\/logo\\\/image\\\/\",\"url\":\"https:\\\/\\\/brouns.eu\\\/wp-content\\\/uploads\\\/2024\\\/04\\\/Brouns-_-co-Logo-no-linseed-paint-oil.png\",\"contentUrl\":\"https:\\\/\\\/brouns.eu\\\/wp-content\\\/uploads\\\/2024\\\/04\\\/Brouns-_-co-Logo-no-linseed-paint-oil.png\",\"width\":650,\"height\":60,\"caption\":\"Brouns &amp; Co EU\"},\"image\":{\"@id\":\"https:\\\/\\\/brouns.eu\\\/fr\\\/#\\\/schema\\\/logo\\\/image\\\/\"}}]}<\/script>\n<!-- \/ Yoast SEO plugin. -->","yoast_head_json":{"title":"Savon pour les mains \u00e0 l'huile de lin - Format : 0,52 pinte - Brouns &amp; Co EU","robots":{"index":"index","follow":"follow","max-snippet":"max-snippet:-1","max-image-preview":"max-image-preview:large","max-video-preview":"max-video-preview:-1"},"canonical":"https:\/\/brouns.eu\/fr\/product\/savons\/savon-pour-les-mains-a-lhuile-de-lin-format-052-pinte\/","og_locale":"fr_FR","og_type":"article","og_title":"Savon pour les mains \u00e0 l'huile de lin - Format : 0,52 pinte - Brouns &amp; Co EU","og_description":"Doux et efficace pour vos mains et vos pinceaux. Ce savon naturel \u00e0 base de graines de lin fabriqu\u00e9 \u00e0 la main est tr\u00e8s polyvalent. Nous l'utilisons dans nos maisons, nos bureaux et nos entrep\u00f4ts pour nettoyer nos mains au quotidien, car il les laisse propres, douces et nourries. Il convient \u00e9galement au nettoyage des cuisines, des salles de bains, des sols carrel\u00e9s et des pinceaux.  Dans de rares cas, cela peut provoquer une irritation cutan\u00e9e. PH = 9 - 10","og_url":"https:\/\/brouns.eu\/fr\/product\/savons\/savon-pour-les-mains-a-lhuile-de-lin-format-052-pinte\/","og_site_name":"Brouns &amp; Co EU","og_image":[{"width":800,"height":800,"url":"https:\/\/brouns.eu\/wp-content\/uploads\/2024\/10\/Linseed-Hand-Soap.jpg","type":"image\/jpeg"}],"twitter_card":"summary_large_image","schema":{"@context":"https:\/\/schema.org","@graph":[{"@type":"WebPage","@id":"https:\/\/brouns.eu\/fr\/product\/savons\/savon-pour-les-mains-a-lhuile-de-lin-format-052-pinte\/","url":"https:\/\/brouns.eu\/fr\/product\/savons\/savon-pour-les-mains-a-lhuile-de-lin-format-052-pinte\/","name":"Savon pour les mains \u00e0 l'huile de lin - Format : 0,52 pinte - Brouns &amp; Co EU","isPartOf":{"@id":"https:\/\/brouns.eu\/fr\/#website"},"primaryImageOfPage":{"@id":"https:\/\/brouns.eu\/fr\/product\/savons\/savon-pour-les-mains-a-lhuile-de-lin-format-052-pinte\/#primaryimage"},"image":{"@id":"https:\/\/brouns.eu\/fr\/product\/savons\/savon-pour-les-mains-a-lhuile-de-lin-format-052-pinte\/#primaryimage"},"thumbnailUrl":"https:\/\/brouns.eu\/wp-content\/uploads\/2024\/10\/Linseed-Hand-Soap.jpg","datePublished":"2024-10-29T21:27:32+00:00","breadcrumb":{"@id":"https:\/\/brouns.eu\/fr\/product\/savons\/savon-pour-les-mains-a-lhuile-de-lin-format-052-pinte\/#breadcrumb"},"inLanguage":"fr-FR","potentialAction":[{"@type":"ReadAction","target":["https:\/\/brouns.eu\/fr\/product\/savons\/savon-pour-les-mains-a-lhuile-de-lin-format-052-pinte\/"]}]},{"@type":"ImageObject","inLanguage":"fr-FR","@id":"https:\/\/brouns.eu\/fr\/product\/savons\/savon-pour-les-mains-a-lhuile-de-lin-format-052-pinte\/#primaryimage","url":"https:\/\/brouns.eu\/wp-content\/uploads\/2024\/10\/Linseed-Hand-Soap.jpg","contentUrl":"https:\/\/brouns.eu\/wp-content\/uploads\/2024\/10\/Linseed-Hand-Soap.jpg","width":800,"height":800},{"@type":"BreadcrumbList","@id":"https:\/\/brouns.eu\/fr\/product\/savons\/savon-pour-les-mains-a-lhuile-de-lin-format-052-pinte\/#breadcrumb","itemListElement":[{"@type":"ListItem","position":1,"name":"Home","item":"https:\/\/brouns.eu\/fr\/"},{"@type":"ListItem","position":2,"name":"Boutique","item":"https:\/\/brouns.eu\/boutique\/"},{"@type":"ListItem","position":3,"name":"Savon pour les mains \u00e0 l&rsquo;huile de lin &#8211; Format : 0,52 pinte"}]},{"@type":"WebSite","@id":"https:\/\/brouns.eu\/fr\/#website","url":"https:\/\/brouns.eu\/fr\/","name":"Brouns &amp; Co EU","description":"","publisher":{"@id":"https:\/\/brouns.eu\/fr\/#organization"},"potentialAction":[{"@type":"SearchAction","target":{"@type":"EntryPoint","urlTemplate":"https:\/\/brouns.eu\/fr\/?s={search_term_string}"},"query-input":{"@type":"PropertyValueSpecification","valueRequired":true,"valueName":"search_term_string"}}],"inLanguage":"fr-FR"},{"@type":"Organization","@id":"https:\/\/brouns.eu\/fr\/#organization","name":"Brouns &amp; Co EU","url":"https:\/\/brouns.eu\/fr\/","logo":{"@type":"ImageObject","inLanguage":"fr-FR","@id":"https:\/\/brouns.eu\/fr\/#\/schema\/logo\/image\/","url":"https:\/\/brouns.eu\/wp-content\/uploads\/2024\/04\/Brouns-_-co-Logo-no-linseed-paint-oil.png","contentUrl":"https:\/\/brouns.eu\/wp-content\/uploads\/2024\/04\/Brouns-_-co-Logo-no-linseed-paint-oil.png","width":650,"height":60,"caption":"Brouns &amp; Co EU"},"image":{"@id":"https:\/\/brouns.eu\/fr\/#\/schema\/logo\/image\/"}}]}},"_links":{"self":[{"href":"https:\/\/brouns.eu\/fr\/wp-json\/wp\/v2\/product\/18487","targetHints":{"allow":["GET"]}}],"collection":[{"href":"https:\/\/brouns.eu\/fr\/wp-json\/wp\/v2\/product"}],"about":[{"href":"https:\/\/brouns.eu\/fr\/wp-json\/wp\/v2\/types\/product"}],"replies":[{"embeddable":true,"href":"https:\/\/brouns.eu\/fr\/wp-json\/wp\/v2\/comments?post=18487"}],"version-history":[{"count":0,"href":"https:\/\/brouns.eu\/fr\/wp-json\/wp\/v2\/product\/18487\/revisions"}],"wp:featuredmedia":[{"embeddable":true,"href":"https:\/\/brouns.eu\/fr\/wp-json\/wp\/v2\/media\/18488"}],"wp:attachment":[{"href":"https:\/\/brouns.eu\/fr\/wp-json\/wp\/v2\/media?parent=18487"}],"wp:term":[{"taxonomy":"product_brand","embeddable":true,"href":"https:\/\/brouns.eu\/fr\/wp-json\/wp\/v2\/product_brand?post=18487"},{"taxonomy":"product_cat","embeddable":true,"href":"https:\/\/brouns.eu\/fr\/wp-json\/wp\/v2\/product_cat?post=18487"},{"taxonomy":"product_tag","embeddable":true,"href":"https:\/\/brouns.eu\/fr\/wp-json\/wp\/v2\/product_tag?post=18487"}],"curies":[{"name":"wp","href":"https:\/\/api.w.org\/{rel}","templated":true}]}}