{"id":18477,"date":"2024-10-29T21:27:32","date_gmt":"2024-10-29T21:27:32","guid":{"rendered":"https:\/\/brouns.eu\/product\/non class\u00e9\/mastic-remplissage-a-lhuile-de-lin\/"},"modified":"2024-10-29T21:27:32","modified_gmt":"2024-10-29T21:27:32","slug":"mastic-remplissage-a-lhuile-de-lin","status":"publish","type":"product","link":"https:\/\/brouns.eu\/fr\/product\/mastic-et-etoupe\/mastic-remplissage-a-lhuile-de-lin\/","title":{"rendered":"Mastic\/remplissage \u00e0 l&#8217;huile de lin"},"content":{"rendered":"","protected":false},"excerpt":{"rendered":"<p>Ce mastic \u00e0 l&#8217;huile de lin traditionnel de haute qualit\u00e9 est fabriqu\u00e9 \u00e0 partir d&#8217;huile de lin pure et d&#8217;excellents types de craie. Id\u00e9al pour la pose de vitrages, ainsi que pour effectuer des r\u00e9parations et combler les trous dans les cadres de fen\u00eatres, les portes, les planchers &#8211; en fait, toutes les r\u00e9parations de bois.   <\/p>\n<p>Appliquez le mastic sur le bois appr\u00eat\u00e9. Selon le fabricant, il est possible de le recouvrir directement de peinture \u00e0 l&#8217;huile de lin apr\u00e8s l&#8217;application. Veillez simplement \u00e0 ce que la peau soit suffisamment dure pour que le pinceau ne trace pas de lignes sur la surface. Peut \u00e9galement \u00eatre utilis\u00e9 en combinaison avec de l&#8217;\u00e9toupe.   <\/p>\n<p>Disponible en formats de 750 g (1,6 lb) et 5 kg (11 lb).<\/p>\n","protected":false},"featured_media":18480,"comment_status":"open","ping_status":"closed","template":"","meta":{"_acf_changed":false,"site-sidebar-layout":"default","site-content-layout":"","ast-site-content-layout":"default","site-content-style":"default","site-sidebar-style":"default","ast-global-header-display":"","ast-banner-title-visibility":"","ast-main-header-display":"","ast-hfb-above-header-display":"","ast-hfb-below-header-display":"","ast-hfb-mobile-header-display":"","site-post-title":"","ast-breadcrumbs-content":"","ast-featured-img":"","footer-sml-layout":"","ast-disable-related-posts":"","theme-transparent-header-meta":"default","adv-header-id-meta":"","stick-header-meta":"default","header-above-stick-meta":"","header-main-stick-meta":"","header-below-stick-meta":"","astra-migrate-meta-layouts":"default","ast-page-background-enabled":"default","ast-page-background-meta":{"desktop":{"background-color":"","background-image":"","background-repeat":"repeat","background-position":"center center","background-size":"auto","background-attachment":"scroll","background-type":"","background-media":"","overlay-type":"","overlay-color":"","overlay-opacity":"","overlay-gradient":""},"tablet":{"background-color":"","background-image":"","background-repeat":"repeat","background-position":"center center","background-size":"auto","background-attachment":"scroll","background-type":"","background-media":"","overlay-type":"","overlay-color":"","overlay-opacity":"","overlay-gradient":""},"mobile":{"background-color":"","background-image":"","background-repeat":"repeat","background-position":"center center","background-size":"auto","background-attachment":"scroll","background-type":"","background-media":"","overlay-type":"","overlay-color":"","overlay-opacity":"","overlay-gradient":""}},"ast-content-background-meta":{"desktop":{"background-color":"var(--ast-global-color-5)","background-image":"","background-repeat":"repeat","background-position":"center center","background-size":"auto","background-attachment":"scroll","background-type":"","background-media":"","overlay-type":"","overlay-color":"","overlay-opacity":"","overlay-gradient":""},"tablet":{"background-color":"var(--ast-global-color-5)","background-image":"","background-repeat":"repeat","background-position":"center center","background-size":"auto","background-attachment":"scroll","background-type":"","background-media":"","overlay-type":"","overlay-color":"","overlay-opacity":"","overlay-gradient":""},"mobile":{"background-color":"var(--ast-global-color-5)","background-image":"","background-repeat":"repeat","background-position":"center center","background-size":"auto","background-attachment":"scroll","background-type":"","background-media":"","overlay-type":"","overlay-color":"","overlay-opacity":"","overlay-gradient":""}},"ngg_post_thumbnail":0},"product_brand":[],"product_cat":[329,330],"product_tag":[],"class_list":{"0":"post-18477","1":"product","2":"type-product","3":"status-publish","4":"has-post-thumbnail","6":"product_cat-mastic-et-etoupe","7":"product_cat-restauration-de-fenetres","8":"pa_size-taille-5kg","9":"pa_size-taille-750g","10":"desktop-align-center","11":"tablet-align-center","12":"mobile-align-center","13":"ast-product-gallery-layout-horizontal","14":"ast-product-gallery-with-no-image","15":"ast-product-single-variable","16":"ast-product-tabs-layout-horizontal","17":"ast-qv-on-image","19":"first","20":"instock","21":"taxable","22":"shipping-taxable","23":"purchasable","24":"product-type-variable"},"acf":[],"yoast_head":"<!-- This site is optimized with the Yoast SEO plugin v27.4 - https:\/\/yoast.com\/product\/yoast-seo-wordpress\/ -->\n<title>Mastic\/remplissage \u00e0 l&#039;huile de lin - Brouns &amp; Co EU<\/title>\n<meta name=\"robots\" content=\"index, follow, max-snippet:-1, max-image-preview:large, max-video-preview:-1\" \/>\n<link rel=\"canonical\" href=\"https:\/\/brouns.eu\/fr\/product\/mastic-et-etoupe\/mastic-remplissage-a-lhuile-de-lin\/\" \/>\n<meta property=\"og:locale\" content=\"fr_FR\" \/>\n<meta property=\"og:type\" content=\"article\" \/>\n<meta property=\"og:title\" content=\"Mastic\/remplissage \u00e0 l&#039;huile de lin - Brouns &amp; Co EU\" \/>\n<meta property=\"og:description\" content=\"Ce mastic \u00e0 l&#039;huile de lin traditionnel de haute qualit\u00e9 est fabriqu\u00e9 \u00e0 partir d&#039;huile de lin pure et d&#039;excellents types de craie. Id\u00e9al pour la pose de vitrages, ainsi que pour effectuer des r\u00e9parations et combler les trous dans les cadres de fen\u00eatres, les portes, les planchers - en fait, toutes les r\u00e9parations de bois.   Appliquez le mastic sur le bois appr\u00eat\u00e9. Selon le fabricant, il est possible de le recouvrir directement de peinture \u00e0 l&#039;huile de lin apr\u00e8s l&#039;application. Veillez simplement \u00e0 ce que la peau soit suffisamment dure pour que le pinceau ne trace pas de lignes sur la surface. Peut \u00e9galement \u00eatre utilis\u00e9 en combinaison avec de l&#039;\u00e9toupe.   Disponible en formats de 750 g (1,6 lb) et 5 kg (11 lb).\" \/>\n<meta property=\"og:url\" content=\"https:\/\/brouns.eu\/fr\/product\/mastic-et-etoupe\/mastic-remplissage-a-lhuile-de-lin\/\" \/>\n<meta property=\"og:site_name\" content=\"Brouns &amp; Co EU\" \/>\n<meta property=\"og:image\" content=\"https:\/\/brouns.eu\/wp-content\/uploads\/2024\/07\/Brouns_Co_putty.jpg\" \/>\n\t<meta property=\"og:image:width\" content=\"800\" \/>\n\t<meta property=\"og:image:height\" content=\"800\" \/>\n\t<meta property=\"og:image:type\" content=\"image\/jpeg\" \/>\n<meta name=\"twitter:card\" content=\"summary_large_image\" \/>\n<script type=\"application\/ld+json\" class=\"yoast-schema-graph\">{\"@context\":\"https:\\\/\\\/schema.org\",\"@graph\":[{\"@type\":\"WebPage\",\"@id\":\"https:\\\/\\\/brouns.eu\\\/fr\\\/product\\\/mastic-et-etoupe\\\/mastic-remplissage-a-lhuile-de-lin\\\/\",\"url\":\"https:\\\/\\\/brouns.eu\\\/fr\\\/product\\\/mastic-et-etoupe\\\/mastic-remplissage-a-lhuile-de-lin\\\/\",\"name\":\"Mastic\\\/remplissage \u00e0 l'huile de lin - Brouns &amp; Co EU\",\"isPartOf\":{\"@id\":\"https:\\\/\\\/brouns.eu\\\/fr\\\/#website\"},\"primaryImageOfPage\":{\"@id\":\"https:\\\/\\\/brouns.eu\\\/fr\\\/product\\\/mastic-et-etoupe\\\/mastic-remplissage-a-lhuile-de-lin\\\/#primaryimage\"},\"image\":{\"@id\":\"https:\\\/\\\/brouns.eu\\\/fr\\\/product\\\/mastic-et-etoupe\\\/mastic-remplissage-a-lhuile-de-lin\\\/#primaryimage\"},\"thumbnailUrl\":\"https:\\\/\\\/brouns.eu\\\/wp-content\\\/uploads\\\/2024\\\/07\\\/Brouns_Co_putty.jpg\",\"datePublished\":\"2024-10-29T21:27:32+00:00\",\"breadcrumb\":{\"@id\":\"https:\\\/\\\/brouns.eu\\\/fr\\\/product\\\/mastic-et-etoupe\\\/mastic-remplissage-a-lhuile-de-lin\\\/#breadcrumb\"},\"inLanguage\":\"fr-FR\",\"potentialAction\":[{\"@type\":\"ReadAction\",\"target\":[\"https:\\\/\\\/brouns.eu\\\/fr\\\/product\\\/mastic-et-etoupe\\\/mastic-remplissage-a-lhuile-de-lin\\\/\"]}]},{\"@type\":\"ImageObject\",\"inLanguage\":\"fr-FR\",\"@id\":\"https:\\\/\\\/brouns.eu\\\/fr\\\/product\\\/mastic-et-etoupe\\\/mastic-remplissage-a-lhuile-de-lin\\\/#primaryimage\",\"url\":\"https:\\\/\\\/brouns.eu\\\/wp-content\\\/uploads\\\/2024\\\/07\\\/Brouns_Co_putty.jpg\",\"contentUrl\":\"https:\\\/\\\/brouns.eu\\\/wp-content\\\/uploads\\\/2024\\\/07\\\/Brouns_Co_putty.jpg\",\"width\":800,\"height\":800},{\"@type\":\"BreadcrumbList\",\"@id\":\"https:\\\/\\\/brouns.eu\\\/fr\\\/product\\\/mastic-et-etoupe\\\/mastic-remplissage-a-lhuile-de-lin\\\/#breadcrumb\",\"itemListElement\":[{\"@type\":\"ListItem\",\"position\":1,\"name\":\"Home\",\"item\":\"https:\\\/\\\/brouns.eu\\\/fr\\\/\"},{\"@type\":\"ListItem\",\"position\":2,\"name\":\"Boutique\",\"item\":\"https:\\\/\\\/brouns.eu\\\/boutique\\\/\"},{\"@type\":\"ListItem\",\"position\":3,\"name\":\"Mastic\\\/remplissage \u00e0 l&rsquo;huile de lin\"}]},{\"@type\":\"WebSite\",\"@id\":\"https:\\\/\\\/brouns.eu\\\/fr\\\/#website\",\"url\":\"https:\\\/\\\/brouns.eu\\\/fr\\\/\",\"name\":\"Brouns &amp; Co EU\",\"description\":\"\",\"publisher\":{\"@id\":\"https:\\\/\\\/brouns.eu\\\/fr\\\/#organization\"},\"potentialAction\":[{\"@type\":\"SearchAction\",\"target\":{\"@type\":\"EntryPoint\",\"urlTemplate\":\"https:\\\/\\\/brouns.eu\\\/fr\\\/?s={search_term_string}\"},\"query-input\":{\"@type\":\"PropertyValueSpecification\",\"valueRequired\":true,\"valueName\":\"search_term_string\"}}],\"inLanguage\":\"fr-FR\"},{\"@type\":\"Organization\",\"@id\":\"https:\\\/\\\/brouns.eu\\\/fr\\\/#organization\",\"name\":\"Brouns &amp; Co EU\",\"url\":\"https:\\\/\\\/brouns.eu\\\/fr\\\/\",\"logo\":{\"@type\":\"ImageObject\",\"inLanguage\":\"fr-FR\",\"@id\":\"https:\\\/\\\/brouns.eu\\\/fr\\\/#\\\/schema\\\/logo\\\/image\\\/\",\"url\":\"https:\\\/\\\/brouns.eu\\\/wp-content\\\/uploads\\\/2024\\\/04\\\/Brouns-_-co-Logo-no-linseed-paint-oil.png\",\"contentUrl\":\"https:\\\/\\\/brouns.eu\\\/wp-content\\\/uploads\\\/2024\\\/04\\\/Brouns-_-co-Logo-no-linseed-paint-oil.png\",\"width\":650,\"height\":60,\"caption\":\"Brouns &amp; Co EU\"},\"image\":{\"@id\":\"https:\\\/\\\/brouns.eu\\\/fr\\\/#\\\/schema\\\/logo\\\/image\\\/\"}}]}<\/script>\n<!-- \/ Yoast SEO plugin. -->","yoast_head_json":{"title":"Mastic\/remplissage \u00e0 l'huile de lin - Brouns &amp; Co EU","robots":{"index":"index","follow":"follow","max-snippet":"max-snippet:-1","max-image-preview":"max-image-preview:large","max-video-preview":"max-video-preview:-1"},"canonical":"https:\/\/brouns.eu\/fr\/product\/mastic-et-etoupe\/mastic-remplissage-a-lhuile-de-lin\/","og_locale":"fr_FR","og_type":"article","og_title":"Mastic\/remplissage \u00e0 l'huile de lin - Brouns &amp; Co EU","og_description":"Ce mastic \u00e0 l'huile de lin traditionnel de haute qualit\u00e9 est fabriqu\u00e9 \u00e0 partir d'huile de lin pure et d'excellents types de craie. Id\u00e9al pour la pose de vitrages, ainsi que pour effectuer des r\u00e9parations et combler les trous dans les cadres de fen\u00eatres, les portes, les planchers - en fait, toutes les r\u00e9parations de bois.   Appliquez le mastic sur le bois appr\u00eat\u00e9. Selon le fabricant, il est possible de le recouvrir directement de peinture \u00e0 l'huile de lin apr\u00e8s l'application. Veillez simplement \u00e0 ce que la peau soit suffisamment dure pour que le pinceau ne trace pas de lignes sur la surface. Peut \u00e9galement \u00eatre utilis\u00e9 en combinaison avec de l'\u00e9toupe.   Disponible en formats de 750 g (1,6 lb) et 5 kg (11 lb).","og_url":"https:\/\/brouns.eu\/fr\/product\/mastic-et-etoupe\/mastic-remplissage-a-lhuile-de-lin\/","og_site_name":"Brouns &amp; Co EU","og_image":[{"width":800,"height":800,"url":"https:\/\/brouns.eu\/wp-content\/uploads\/2024\/07\/Brouns_Co_putty.jpg","type":"image\/jpeg"}],"twitter_card":"summary_large_image","schema":{"@context":"https:\/\/schema.org","@graph":[{"@type":"WebPage","@id":"https:\/\/brouns.eu\/fr\/product\/mastic-et-etoupe\/mastic-remplissage-a-lhuile-de-lin\/","url":"https:\/\/brouns.eu\/fr\/product\/mastic-et-etoupe\/mastic-remplissage-a-lhuile-de-lin\/","name":"Mastic\/remplissage \u00e0 l'huile de lin - Brouns &amp; Co EU","isPartOf":{"@id":"https:\/\/brouns.eu\/fr\/#website"},"primaryImageOfPage":{"@id":"https:\/\/brouns.eu\/fr\/product\/mastic-et-etoupe\/mastic-remplissage-a-lhuile-de-lin\/#primaryimage"},"image":{"@id":"https:\/\/brouns.eu\/fr\/product\/mastic-et-etoupe\/mastic-remplissage-a-lhuile-de-lin\/#primaryimage"},"thumbnailUrl":"https:\/\/brouns.eu\/wp-content\/uploads\/2024\/07\/Brouns_Co_putty.jpg","datePublished":"2024-10-29T21:27:32+00:00","breadcrumb":{"@id":"https:\/\/brouns.eu\/fr\/product\/mastic-et-etoupe\/mastic-remplissage-a-lhuile-de-lin\/#breadcrumb"},"inLanguage":"fr-FR","potentialAction":[{"@type":"ReadAction","target":["https:\/\/brouns.eu\/fr\/product\/mastic-et-etoupe\/mastic-remplissage-a-lhuile-de-lin\/"]}]},{"@type":"ImageObject","inLanguage":"fr-FR","@id":"https:\/\/brouns.eu\/fr\/product\/mastic-et-etoupe\/mastic-remplissage-a-lhuile-de-lin\/#primaryimage","url":"https:\/\/brouns.eu\/wp-content\/uploads\/2024\/07\/Brouns_Co_putty.jpg","contentUrl":"https:\/\/brouns.eu\/wp-content\/uploads\/2024\/07\/Brouns_Co_putty.jpg","width":800,"height":800},{"@type":"BreadcrumbList","@id":"https:\/\/brouns.eu\/fr\/product\/mastic-et-etoupe\/mastic-remplissage-a-lhuile-de-lin\/#breadcrumb","itemListElement":[{"@type":"ListItem","position":1,"name":"Home","item":"https:\/\/brouns.eu\/fr\/"},{"@type":"ListItem","position":2,"name":"Boutique","item":"https:\/\/brouns.eu\/boutique\/"},{"@type":"ListItem","position":3,"name":"Mastic\/remplissage \u00e0 l&rsquo;huile de lin"}]},{"@type":"WebSite","@id":"https:\/\/brouns.eu\/fr\/#website","url":"https:\/\/brouns.eu\/fr\/","name":"Brouns &amp; Co EU","description":"","publisher":{"@id":"https:\/\/brouns.eu\/fr\/#organization"},"potentialAction":[{"@type":"SearchAction","target":{"@type":"EntryPoint","urlTemplate":"https:\/\/brouns.eu\/fr\/?s={search_term_string}"},"query-input":{"@type":"PropertyValueSpecification","valueRequired":true,"valueName":"search_term_string"}}],"inLanguage":"fr-FR"},{"@type":"Organization","@id":"https:\/\/brouns.eu\/fr\/#organization","name":"Brouns &amp; Co EU","url":"https:\/\/brouns.eu\/fr\/","logo":{"@type":"ImageObject","inLanguage":"fr-FR","@id":"https:\/\/brouns.eu\/fr\/#\/schema\/logo\/image\/","url":"https:\/\/brouns.eu\/wp-content\/uploads\/2024\/04\/Brouns-_-co-Logo-no-linseed-paint-oil.png","contentUrl":"https:\/\/brouns.eu\/wp-content\/uploads\/2024\/04\/Brouns-_-co-Logo-no-linseed-paint-oil.png","width":650,"height":60,"caption":"Brouns &amp; Co EU"},"image":{"@id":"https:\/\/brouns.eu\/fr\/#\/schema\/logo\/image\/"}}]}},"_links":{"self":[{"href":"https:\/\/brouns.eu\/fr\/wp-json\/wp\/v2\/product\/18477","targetHints":{"allow":["GET"]}}],"collection":[{"href":"https:\/\/brouns.eu\/fr\/wp-json\/wp\/v2\/product"}],"about":[{"href":"https:\/\/brouns.eu\/fr\/wp-json\/wp\/v2\/types\/product"}],"replies":[{"embeddable":true,"href":"https:\/\/brouns.eu\/fr\/wp-json\/wp\/v2\/comments?post=18477"}],"version-history":[{"count":0,"href":"https:\/\/brouns.eu\/fr\/wp-json\/wp\/v2\/product\/18477\/revisions"}],"wp:featuredmedia":[{"embeddable":true,"href":"https:\/\/brouns.eu\/fr\/wp-json\/wp\/v2\/media\/18480"}],"wp:attachment":[{"href":"https:\/\/brouns.eu\/fr\/wp-json\/wp\/v2\/media?parent=18477"}],"wp:term":[{"taxonomy":"product_brand","embeddable":true,"href":"https:\/\/brouns.eu\/fr\/wp-json\/wp\/v2\/product_brand?post=18477"},{"taxonomy":"product_cat","embeddable":true,"href":"https:\/\/brouns.eu\/fr\/wp-json\/wp\/v2\/product_cat?post=18477"},{"taxonomy":"product_tag","embeddable":true,"href":"https:\/\/brouns.eu\/fr\/wp-json\/wp\/v2\/product_tag?post=18477"}],"curies":[{"name":"wp","href":"https:\/\/api.w.org\/{rel}","templated":true}]}}