{"id":18465,"date":"2024-10-29T21:27:28","date_gmt":"2024-10-29T21:27:28","guid":{"rendered":"https:\/\/brouns.eu\/product\/non class\u00e9\/huile-de-lin-bouillie\/"},"modified":"2025-10-01T14:27:55","modified_gmt":"2025-10-01T13:27:55","slug":"huile-de-lin-bouillie","status":"publish","type":"product","link":"https:\/\/brouns.eu\/fr\/product\/huiles\/huile-de-lin-bouillie\/","title":{"rendered":"Huile de lin bouillie"},"content":{"rendered":"","protected":false},"excerpt":{"rendered":"<p>Id\u00e9al pour diluer la peinture \u00e0 l&#8217;huile de lin et traiter le bois.<\/p>\n<p>Huile de lin originale press\u00e9e \u00e0 froid, m\u00fbrie et bouillie. C&#8217;est \u00e0 partir de cette huile que sont fabriqu\u00e9es les peintures \u00e0 l&#8217;huile de lin, c&#8217;est donc le diluant id\u00e9al. <\/p>\n<p>Cette huile de lin a des temps de s\u00e9chage plus rapides que l&#8217;huile de lin brute. Cependant, si vous peignez du bois tr\u00e8s sec et poreux, nous vous recommandons plut\u00f4t l&#8217;huile de lin brute.<\/p>\n<p>L&#8217;huile de lin bouillie peut \u00e9galement \u00eatre utilis\u00e9e pour huiler et traiter la surface du bois d&#8217;int\u00e9rieur, donnant une patine riche et moelleuse au bois d\u00e9cap\u00e9 ou nu. On nous demande \u00e9galement si vous pouvez utiliser l&#8217;huile de lin seule (crue ou bouillie) pour prot\u00e9ger le bois ext\u00e9rieur. Nous ne le recommandons pas car il n&#8217;y a aucune protection contre la d\u00e9gradation par les UV ou la croissance de moisissures, car l&#8217;huile de lin est un produit biologique. Nous avons donc d\u00e9velopp\u00e9 une huile pour bois nourrissante qui donne au bois ext\u00e9rieur la protection dont il a besoin avec une finition transparente. Vous pouvez \u00e9galement utiliser notre peinture \u00e0 l&#8217;huile de lin ext\u00e9rieure qui est prot\u00e9g\u00e9e par les pigments de couleur de la peinture.    <\/p>\n<p>Disponible en formats de 500 ml (16,9 fl.oz.), 1 L (33,8 fl.oz.) et 5 L (1,32 gal.).<\/p>\n","protected":false},"featured_media":18469,"comment_status":"open","ping_status":"closed","template":"","meta":{"_acf_changed":false,"site-sidebar-layout":"default","site-content-layout":"","ast-site-content-layout":"default","site-content-style":"default","site-sidebar-style":"default","ast-global-header-display":"","ast-banner-title-visibility":"","ast-main-header-display":"","ast-hfb-above-header-display":"","ast-hfb-below-header-display":"","ast-hfb-mobile-header-display":"","site-post-title":"","ast-breadcrumbs-content":"","ast-featured-img":"","footer-sml-layout":"","ast-disable-related-posts":"","theme-transparent-header-meta":"default","adv-header-id-meta":"","stick-header-meta":"default","header-above-stick-meta":"","header-main-stick-meta":"","header-below-stick-meta":"","astra-migrate-meta-layouts":"default","ast-page-background-enabled":"default","ast-page-background-meta":{"desktop":{"background-color":"","background-image":"","background-repeat":"repeat","background-position":"center center","background-size":"auto","background-attachment":"scroll","background-type":"","background-media":"","overlay-type":"","overlay-color":"","overlay-opacity":"","overlay-gradient":""},"tablet":{"background-color":"","background-image":"","background-repeat":"repeat","background-position":"center center","background-size":"auto","background-attachment":"scroll","background-type":"","background-media":"","overlay-type":"","overlay-color":"","overlay-opacity":"","overlay-gradient":""},"mobile":{"background-color":"","background-image":"","background-repeat":"repeat","background-position":"center center","background-size":"auto","background-attachment":"scroll","background-type":"","background-media":"","overlay-type":"","overlay-color":"","overlay-opacity":"","overlay-gradient":""}},"ast-content-background-meta":{"desktop":{"background-color":"var(--ast-global-color-5)","background-image":"","background-repeat":"repeat","background-position":"center center","background-size":"auto","background-attachment":"scroll","background-type":"","background-media":"","overlay-type":"","overlay-color":"","overlay-opacity":"","overlay-gradient":""},"tablet":{"background-color":"var(--ast-global-color-5)","background-image":"","background-repeat":"repeat","background-position":"center center","background-size":"auto","background-attachment":"scroll","background-type":"","background-media":"","overlay-type":"","overlay-color":"","overlay-opacity":"","overlay-gradient":""},"mobile":{"background-color":"var(--ast-global-color-5)","background-image":"","background-repeat":"repeat","background-position":"center center","background-size":"auto","background-attachment":"scroll","background-type":"","background-media":"","overlay-type":"","overlay-color":"","overlay-opacity":"","overlay-gradient":""}},"ngg_post_thumbnail":0},"product_brand":[],"product_cat":[325],"product_tag":[],"class_list":{"0":"post-18465","1":"product","2":"type-product","3":"status-publish","4":"has-post-thumbnail","6":"product_cat-huiles","7":"pa_size-taille-1l","8":"pa_size-taille-500ml","9":"pa_size-taille-5l","10":"desktop-align-center","11":"tablet-align-center","12":"mobile-align-center","13":"ast-product-gallery-layout-horizontal","14":"ast-product-gallery-with-no-image","15":"ast-product-single-variable","16":"ast-product-tabs-layout-horizontal","17":"ast-qv-on-image","19":"first","20":"instock","21":"taxable","22":"shipping-taxable","23":"purchasable","24":"product-type-variable"},"acf":[],"yoast_head":"<!-- This site is optimized with the Yoast SEO plugin v27.4 - https:\/\/yoast.com\/product\/yoast-seo-wordpress\/ -->\n<title>Huile de lin bouillie - Brouns &amp; Co EU<\/title>\n<meta name=\"robots\" content=\"index, follow, max-snippet:-1, max-image-preview:large, max-video-preview:-1\" \/>\n<link rel=\"canonical\" href=\"https:\/\/brouns.eu\/fr\/product\/huiles\/huile-de-lin-bouillie\/\" \/>\n<meta property=\"og:locale\" content=\"fr_FR\" \/>\n<meta property=\"og:type\" content=\"article\" \/>\n<meta property=\"og:title\" content=\"Huile de lin bouillie - Brouns &amp; Co EU\" \/>\n<meta property=\"og:description\" content=\"Id\u00e9al pour diluer la peinture \u00e0 l&#039;huile de lin et traiter le bois. Huile de lin originale press\u00e9e \u00e0 froid, m\u00fbrie et bouillie. C&#039;est \u00e0 partir de cette huile que sont fabriqu\u00e9es les peintures \u00e0 l&#039;huile de lin, c&#039;est donc le diluant id\u00e9al.  Cette huile de lin a des temps de s\u00e9chage plus rapides que l&#039;huile de lin brute. Cependant, si vous peignez du bois tr\u00e8s sec et poreux, nous vous recommandons plut\u00f4t l&#039;huile de lin brute. L&#039;huile de lin bouillie peut \u00e9galement \u00eatre utilis\u00e9e pour huiler et traiter la surface du bois d&#039;int\u00e9rieur, donnant une patine riche et moelleuse au bois d\u00e9cap\u00e9 ou nu. On nous demande \u00e9galement si vous pouvez utiliser l&#039;huile de lin seule (crue ou bouillie) pour prot\u00e9ger le bois ext\u00e9rieur. Nous ne le recommandons pas car il n&#039;y a aucune protection contre la d\u00e9gradation par les UV ou la croissance de moisissures, car l&#039;huile de lin est un produit biologique. Nous avons donc d\u00e9velopp\u00e9 une huile pour bois nourrissante qui donne au bois ext\u00e9rieur la protection dont il a besoin avec une finition transparente. Vous pouvez \u00e9galement utiliser notre peinture \u00e0 l&#039;huile de lin ext\u00e9rieure qui est prot\u00e9g\u00e9e par les pigments de couleur de la peinture.   Disponible en formats de 500 ml (16,9 fl.oz.), 1 L (33,8 fl.oz.) et 5 L (1,32 gal.).\" \/>\n<meta property=\"og:url\" content=\"https:\/\/brouns.eu\/fr\/product\/huiles\/huile-de-lin-bouillie\/\" \/>\n<meta property=\"og:site_name\" content=\"Brouns &amp; Co EU\" \/>\n<meta property=\"article:modified_time\" content=\"2025-10-01T13:27:55+00:00\" \/>\n<meta property=\"og:image\" content=\"https:\/\/brouns.eu\/wp-content\/uploads\/2024\/07\/Brouns_Co_Boiled_Oil.jpg\" \/>\n\t<meta property=\"og:image:width\" content=\"800\" \/>\n\t<meta property=\"og:image:height\" content=\"800\" \/>\n\t<meta property=\"og:image:type\" content=\"image\/jpeg\" \/>\n<meta name=\"twitter:card\" content=\"summary_large_image\" \/>\n<script type=\"application\/ld+json\" class=\"yoast-schema-graph\">{\"@context\":\"https:\\\/\\\/schema.org\",\"@graph\":[{\"@type\":\"WebPage\",\"@id\":\"https:\\\/\\\/brouns.eu\\\/fr\\\/product\\\/huiles\\\/huile-de-lin-bouillie\\\/\",\"url\":\"https:\\\/\\\/brouns.eu\\\/fr\\\/product\\\/huiles\\\/huile-de-lin-bouillie\\\/\",\"name\":\"Huile de lin bouillie - Brouns &amp; Co EU\",\"isPartOf\":{\"@id\":\"https:\\\/\\\/brouns.eu\\\/fr\\\/#website\"},\"primaryImageOfPage\":{\"@id\":\"https:\\\/\\\/brouns.eu\\\/fr\\\/product\\\/huiles\\\/huile-de-lin-bouillie\\\/#primaryimage\"},\"image\":{\"@id\":\"https:\\\/\\\/brouns.eu\\\/fr\\\/product\\\/huiles\\\/huile-de-lin-bouillie\\\/#primaryimage\"},\"thumbnailUrl\":\"https:\\\/\\\/brouns.eu\\\/wp-content\\\/uploads\\\/2024\\\/07\\\/Brouns_Co_Boiled_Oil.jpg\",\"datePublished\":\"2024-10-29T21:27:28+00:00\",\"dateModified\":\"2025-10-01T13:27:55+00:00\",\"breadcrumb\":{\"@id\":\"https:\\\/\\\/brouns.eu\\\/fr\\\/product\\\/huiles\\\/huile-de-lin-bouillie\\\/#breadcrumb\"},\"inLanguage\":\"fr-FR\",\"potentialAction\":[{\"@type\":\"ReadAction\",\"target\":[\"https:\\\/\\\/brouns.eu\\\/fr\\\/product\\\/huiles\\\/huile-de-lin-bouillie\\\/\"]}]},{\"@type\":\"ImageObject\",\"inLanguage\":\"fr-FR\",\"@id\":\"https:\\\/\\\/brouns.eu\\\/fr\\\/product\\\/huiles\\\/huile-de-lin-bouillie\\\/#primaryimage\",\"url\":\"https:\\\/\\\/brouns.eu\\\/wp-content\\\/uploads\\\/2024\\\/07\\\/Brouns_Co_Boiled_Oil.jpg\",\"contentUrl\":\"https:\\\/\\\/brouns.eu\\\/wp-content\\\/uploads\\\/2024\\\/07\\\/Brouns_Co_Boiled_Oil.jpg\",\"width\":800,\"height\":800},{\"@type\":\"BreadcrumbList\",\"@id\":\"https:\\\/\\\/brouns.eu\\\/fr\\\/product\\\/huiles\\\/huile-de-lin-bouillie\\\/#breadcrumb\",\"itemListElement\":[{\"@type\":\"ListItem\",\"position\":1,\"name\":\"Home\",\"item\":\"https:\\\/\\\/brouns.eu\\\/fr\\\/\"},{\"@type\":\"ListItem\",\"position\":2,\"name\":\"Boutique\",\"item\":\"https:\\\/\\\/brouns.eu\\\/boutique\\\/\"},{\"@type\":\"ListItem\",\"position\":3,\"name\":\"Huile de lin bouillie\"}]},{\"@type\":\"WebSite\",\"@id\":\"https:\\\/\\\/brouns.eu\\\/fr\\\/#website\",\"url\":\"https:\\\/\\\/brouns.eu\\\/fr\\\/\",\"name\":\"Brouns &amp; Co EU\",\"description\":\"\",\"publisher\":{\"@id\":\"https:\\\/\\\/brouns.eu\\\/fr\\\/#organization\"},\"potentialAction\":[{\"@type\":\"SearchAction\",\"target\":{\"@type\":\"EntryPoint\",\"urlTemplate\":\"https:\\\/\\\/brouns.eu\\\/fr\\\/?s={search_term_string}\"},\"query-input\":{\"@type\":\"PropertyValueSpecification\",\"valueRequired\":true,\"valueName\":\"search_term_string\"}}],\"inLanguage\":\"fr-FR\"},{\"@type\":\"Organization\",\"@id\":\"https:\\\/\\\/brouns.eu\\\/fr\\\/#organization\",\"name\":\"Brouns &amp; Co EU\",\"url\":\"https:\\\/\\\/brouns.eu\\\/fr\\\/\",\"logo\":{\"@type\":\"ImageObject\",\"inLanguage\":\"fr-FR\",\"@id\":\"https:\\\/\\\/brouns.eu\\\/fr\\\/#\\\/schema\\\/logo\\\/image\\\/\",\"url\":\"https:\\\/\\\/brouns.eu\\\/wp-content\\\/uploads\\\/2024\\\/04\\\/Brouns-_-co-Logo-no-linseed-paint-oil.png\",\"contentUrl\":\"https:\\\/\\\/brouns.eu\\\/wp-content\\\/uploads\\\/2024\\\/04\\\/Brouns-_-co-Logo-no-linseed-paint-oil.png\",\"width\":650,\"height\":60,\"caption\":\"Brouns &amp; Co EU\"},\"image\":{\"@id\":\"https:\\\/\\\/brouns.eu\\\/fr\\\/#\\\/schema\\\/logo\\\/image\\\/\"}}]}<\/script>\n<!-- \/ Yoast SEO plugin. -->","yoast_head_json":{"title":"Huile de lin bouillie - Brouns &amp; Co EU","robots":{"index":"index","follow":"follow","max-snippet":"max-snippet:-1","max-image-preview":"max-image-preview:large","max-video-preview":"max-video-preview:-1"},"canonical":"https:\/\/brouns.eu\/fr\/product\/huiles\/huile-de-lin-bouillie\/","og_locale":"fr_FR","og_type":"article","og_title":"Huile de lin bouillie - Brouns &amp; Co EU","og_description":"Id\u00e9al pour diluer la peinture \u00e0 l'huile de lin et traiter le bois. Huile de lin originale press\u00e9e \u00e0 froid, m\u00fbrie et bouillie. C'est \u00e0 partir de cette huile que sont fabriqu\u00e9es les peintures \u00e0 l'huile de lin, c'est donc le diluant id\u00e9al.  Cette huile de lin a des temps de s\u00e9chage plus rapides que l'huile de lin brute. Cependant, si vous peignez du bois tr\u00e8s sec et poreux, nous vous recommandons plut\u00f4t l'huile de lin brute. L'huile de lin bouillie peut \u00e9galement \u00eatre utilis\u00e9e pour huiler et traiter la surface du bois d'int\u00e9rieur, donnant une patine riche et moelleuse au bois d\u00e9cap\u00e9 ou nu. On nous demande \u00e9galement si vous pouvez utiliser l'huile de lin seule (crue ou bouillie) pour prot\u00e9ger le bois ext\u00e9rieur. Nous ne le recommandons pas car il n'y a aucune protection contre la d\u00e9gradation par les UV ou la croissance de moisissures, car l'huile de lin est un produit biologique. Nous avons donc d\u00e9velopp\u00e9 une huile pour bois nourrissante qui donne au bois ext\u00e9rieur la protection dont il a besoin avec une finition transparente. Vous pouvez \u00e9galement utiliser notre peinture \u00e0 l'huile de lin ext\u00e9rieure qui est prot\u00e9g\u00e9e par les pigments de couleur de la peinture.   Disponible en formats de 500 ml (16,9 fl.oz.), 1 L (33,8 fl.oz.) et 5 L (1,32 gal.).","og_url":"https:\/\/brouns.eu\/fr\/product\/huiles\/huile-de-lin-bouillie\/","og_site_name":"Brouns &amp; Co EU","article_modified_time":"2025-10-01T13:27:55+00:00","og_image":[{"width":800,"height":800,"url":"https:\/\/brouns.eu\/wp-content\/uploads\/2024\/07\/Brouns_Co_Boiled_Oil.jpg","type":"image\/jpeg"}],"twitter_card":"summary_large_image","schema":{"@context":"https:\/\/schema.org","@graph":[{"@type":"WebPage","@id":"https:\/\/brouns.eu\/fr\/product\/huiles\/huile-de-lin-bouillie\/","url":"https:\/\/brouns.eu\/fr\/product\/huiles\/huile-de-lin-bouillie\/","name":"Huile de lin bouillie - Brouns &amp; Co EU","isPartOf":{"@id":"https:\/\/brouns.eu\/fr\/#website"},"primaryImageOfPage":{"@id":"https:\/\/brouns.eu\/fr\/product\/huiles\/huile-de-lin-bouillie\/#primaryimage"},"image":{"@id":"https:\/\/brouns.eu\/fr\/product\/huiles\/huile-de-lin-bouillie\/#primaryimage"},"thumbnailUrl":"https:\/\/brouns.eu\/wp-content\/uploads\/2024\/07\/Brouns_Co_Boiled_Oil.jpg","datePublished":"2024-10-29T21:27:28+00:00","dateModified":"2025-10-01T13:27:55+00:00","breadcrumb":{"@id":"https:\/\/brouns.eu\/fr\/product\/huiles\/huile-de-lin-bouillie\/#breadcrumb"},"inLanguage":"fr-FR","potentialAction":[{"@type":"ReadAction","target":["https:\/\/brouns.eu\/fr\/product\/huiles\/huile-de-lin-bouillie\/"]}]},{"@type":"ImageObject","inLanguage":"fr-FR","@id":"https:\/\/brouns.eu\/fr\/product\/huiles\/huile-de-lin-bouillie\/#primaryimage","url":"https:\/\/brouns.eu\/wp-content\/uploads\/2024\/07\/Brouns_Co_Boiled_Oil.jpg","contentUrl":"https:\/\/brouns.eu\/wp-content\/uploads\/2024\/07\/Brouns_Co_Boiled_Oil.jpg","width":800,"height":800},{"@type":"BreadcrumbList","@id":"https:\/\/brouns.eu\/fr\/product\/huiles\/huile-de-lin-bouillie\/#breadcrumb","itemListElement":[{"@type":"ListItem","position":1,"name":"Home","item":"https:\/\/brouns.eu\/fr\/"},{"@type":"ListItem","position":2,"name":"Boutique","item":"https:\/\/brouns.eu\/boutique\/"},{"@type":"ListItem","position":3,"name":"Huile de lin bouillie"}]},{"@type":"WebSite","@id":"https:\/\/brouns.eu\/fr\/#website","url":"https:\/\/brouns.eu\/fr\/","name":"Brouns &amp; Co EU","description":"","publisher":{"@id":"https:\/\/brouns.eu\/fr\/#organization"},"potentialAction":[{"@type":"SearchAction","target":{"@type":"EntryPoint","urlTemplate":"https:\/\/brouns.eu\/fr\/?s={search_term_string}"},"query-input":{"@type":"PropertyValueSpecification","valueRequired":true,"valueName":"search_term_string"}}],"inLanguage":"fr-FR"},{"@type":"Organization","@id":"https:\/\/brouns.eu\/fr\/#organization","name":"Brouns &amp; Co EU","url":"https:\/\/brouns.eu\/fr\/","logo":{"@type":"ImageObject","inLanguage":"fr-FR","@id":"https:\/\/brouns.eu\/fr\/#\/schema\/logo\/image\/","url":"https:\/\/brouns.eu\/wp-content\/uploads\/2024\/04\/Brouns-_-co-Logo-no-linseed-paint-oil.png","contentUrl":"https:\/\/brouns.eu\/wp-content\/uploads\/2024\/04\/Brouns-_-co-Logo-no-linseed-paint-oil.png","width":650,"height":60,"caption":"Brouns &amp; Co EU"},"image":{"@id":"https:\/\/brouns.eu\/fr\/#\/schema\/logo\/image\/"}}]}},"_links":{"self":[{"href":"https:\/\/brouns.eu\/fr\/wp-json\/wp\/v2\/product\/18465","targetHints":{"allow":["GET"]}}],"collection":[{"href":"https:\/\/brouns.eu\/fr\/wp-json\/wp\/v2\/product"}],"about":[{"href":"https:\/\/brouns.eu\/fr\/wp-json\/wp\/v2\/types\/product"}],"replies":[{"embeddable":true,"href":"https:\/\/brouns.eu\/fr\/wp-json\/wp\/v2\/comments?post=18465"}],"version-history":[{"count":0,"href":"https:\/\/brouns.eu\/fr\/wp-json\/wp\/v2\/product\/18465\/revisions"}],"wp:featuredmedia":[{"embeddable":true,"href":"https:\/\/brouns.eu\/fr\/wp-json\/wp\/v2\/media\/18469"}],"wp:attachment":[{"href":"https:\/\/brouns.eu\/fr\/wp-json\/wp\/v2\/media?parent=18465"}],"wp:term":[{"taxonomy":"product_brand","embeddable":true,"href":"https:\/\/brouns.eu\/fr\/wp-json\/wp\/v2\/product_brand?post=18465"},{"taxonomy":"product_cat","embeddable":true,"href":"https:\/\/brouns.eu\/fr\/wp-json\/wp\/v2\/product_cat?post=18465"},{"taxonomy":"product_tag","embeddable":true,"href":"https:\/\/brouns.eu\/fr\/wp-json\/wp\/v2\/product_tag?post=18465"}],"curies":[{"name":"wp","href":"https:\/\/api.w.org\/{rel}","templated":true}]}}