{"id":18450,"date":"2024-10-29T21:27:32","date_gmt":"2024-10-29T21:27:32","guid":{"rendered":"https:\/\/brouns.eu\/product\/non class\u00e9\/huile-de-bois-nourrissante\/"},"modified":"2024-10-29T21:27:32","modified_gmt":"2024-10-29T21:27:32","slug":"huile-de-bois-nourrissante","status":"publish","type":"product","link":"https:\/\/brouns.eu\/fr\/product\/huiles\/huile-de-bois-nourrissante\/","title":{"rendered":"Huile de bois nourrissante"},"content":{"rendered":"","protected":false},"excerpt":{"rendered":"<p align=\"justify\">Notre huile pour bois Nourish Wood Oil nouvellement formul\u00e9e est une huile de lin transparente facile \u00e0 utiliser pour la protection du bois. Elle poss\u00e8de des propri\u00e9t\u00e9s de protection contre les UV et de lutte contre la croissance des moisissures. <\/p>\n<p>Nous sommes actuellement en rupture de stock pour ce produit. Nous n&#8217;avons pas de date pour le moment \u00e0 laquelle nous attendons plus de stock, cependant, si vous souhaitez faire une demande de \u00ab commande en souffrance \u00bb, veuillez le faire ici <\/p>\n<p align=\"justify\"><strong>Pr\u00e9paration<\/strong><\/p>\n<p align=\"justify\">Enlevez toute salet\u00e9 et nettoyez le bois. Pour cela, utilisez de l&#8217;eau ti\u00e8de additionn\u00e9e d&#8217;un peu de savon au sucre. Rincez \u00e0 l&#8217;eau froide et propre et laissez le bois s\u00e9cher compl\u00e8tement. Lorsque le bois est sec, poncez l\u00e9g\u00e8rement avec du papier de verre \u00e0 grain fin, grain 120.   <\/p>\n<p align=\"justify\"><strong>Instructions<\/strong><\/p>\n<p align=\"justify\">Assurez-vous que le bois est sec avant d&#8217;appliquer l&#8217;huile pour bois Nourish. Appliquez g\u00e9n\u00e9reusement l&#8217;huile pour bois Nourish et frottez bien le bois \u00e0 l&#8217;aide d&#8217;une \u00e9ponge ou d&#8217;une brosse. Laissez agir environ 30 minutes, puis essuyez l&#8217;exc\u00e9dent avec un chiffon en coton. Passez \u00e0 nouveau sur la surface avec un nouveau chiffon sec pour vous assurer que la surface est s\u00e8che et que l&#8217;huile a \u00e9t\u00e9 absorb\u00e9e par le bois.   <\/p>\n<p align=\"justify\"><strong>Important<\/strong> : il faut polir l&#8217;huile dans l&#8217;heure qui suit avant qu&#8217;elle ne commence \u00e0 s\u00e9cher. Si n\u00e9cessaire, le processus peut \u00eatre r\u00e9p\u00e9t\u00e9 apr\u00e8s 2 \u00e0 3 jours de s\u00e9chage. <\/p>\n<p align=\"justify\">ATTENTION : mouillez toujours les chiffons usag\u00e9s sous le robinet avant de les jeter, car ils pourraient sinon s&#8217;enflammer.<\/p>\n<p align=\"justify\"><strong>Couverture<\/strong><\/p>\n<p align=\"justify\">15 \u00e0 <sup>20<\/sup> m\u00b2 par litre (160 \u00e0 220 pi\u00b2 par 33,8 fl.oz.).<\/p>\n<p align=\"justify\"><strong>Entretien<\/strong><\/p>\n<p align=\"justify\">Il faut huiler \u00e0 nouveau environ tous les 2 \u00e0 3 ans afin de pr\u00e9server et de prot\u00e9ger le bois.<\/p>\n","protected":false},"featured_media":23731,"comment_status":"open","ping_status":"closed","template":"","meta":{"_acf_changed":false,"site-sidebar-layout":"default","site-content-layout":"","ast-site-content-layout":"default","site-content-style":"default","site-sidebar-style":"default","ast-global-header-display":"","ast-banner-title-visibility":"","ast-main-header-display":"","ast-hfb-above-header-display":"","ast-hfb-below-header-display":"","ast-hfb-mobile-header-display":"","site-post-title":"","ast-breadcrumbs-content":"","ast-featured-img":"","footer-sml-layout":"","ast-disable-related-posts":"","theme-transparent-header-meta":"default","adv-header-id-meta":"","stick-header-meta":"default","header-above-stick-meta":"","header-main-stick-meta":"","header-below-stick-meta":"","astra-migrate-meta-layouts":"default","ast-page-background-enabled":"default","ast-page-background-meta":{"desktop":{"background-color":"","background-image":"","background-repeat":"repeat","background-position":"center center","background-size":"auto","background-attachment":"scroll","background-type":"","background-media":"","overlay-type":"","overlay-color":"","overlay-opacity":"","overlay-gradient":""},"tablet":{"background-color":"","background-image":"","background-repeat":"repeat","background-position":"center center","background-size":"auto","background-attachment":"scroll","background-type":"","background-media":"","overlay-type":"","overlay-color":"","overlay-opacity":"","overlay-gradient":""},"mobile":{"background-color":"","background-image":"","background-repeat":"repeat","background-position":"center center","background-size":"auto","background-attachment":"scroll","background-type":"","background-media":"","overlay-type":"","overlay-color":"","overlay-opacity":"","overlay-gradient":""}},"ast-content-background-meta":{"desktop":{"background-color":"var(--ast-global-color-5)","background-image":"","background-repeat":"repeat","background-position":"center center","background-size":"auto","background-attachment":"scroll","background-type":"","background-media":"","overlay-type":"","overlay-color":"","overlay-opacity":"","overlay-gradient":""},"tablet":{"background-color":"var(--ast-global-color-5)","background-image":"","background-repeat":"repeat","background-position":"center center","background-size":"auto","background-attachment":"scroll","background-type":"","background-media":"","overlay-type":"","overlay-color":"","overlay-opacity":"","overlay-gradient":""},"mobile":{"background-color":"var(--ast-global-color-5)","background-image":"","background-repeat":"repeat","background-position":"center center","background-size":"auto","background-attachment":"scroll","background-type":"","background-media":"","overlay-type":"","overlay-color":"","overlay-opacity":"","overlay-gradient":""}},"ngg_post_thumbnail":0},"product_brand":[],"product_cat":[325],"product_tag":[],"class_list":{"0":"post-18450","1":"product","2":"type-product","3":"status-publish","4":"has-post-thumbnail","6":"product_cat-huiles","7":"pa_size-taille-1l","8":"pa_size-taille-500ml","9":"pa_size-taille-5l","10":"desktop-align-center","11":"tablet-align-center","12":"mobile-align-center","13":"ast-product-gallery-layout-horizontal","14":"ast-product-single-variable","15":"ast-product-tabs-layout-horizontal","16":"ast-qv-on-image","18":"first","19":"instock","20":"taxable","21":"shipping-taxable","22":"purchasable","23":"product-type-variable"},"acf":[],"yoast_head":"<!-- This site is optimized with the Yoast SEO plugin v27.4 - https:\/\/yoast.com\/product\/yoast-seo-wordpress\/ -->\n<title>Huile de bois nourrissante - Brouns &amp; Co EU<\/title>\n<meta name=\"robots\" content=\"noindex, nofollow\" \/>\n<meta property=\"og:locale\" content=\"fr_FR\" \/>\n<meta property=\"og:type\" content=\"article\" \/>\n<meta property=\"og:title\" content=\"Huile de bois nourrissante - Brouns &amp; Co EU\" \/>\n<meta property=\"og:description\" content=\"Notre huile pour bois Nourish Wood Oil nouvellement formul\u00e9e est une huile de lin transparente facile \u00e0 utiliser pour la protection du bois. Elle poss\u00e8de des propri\u00e9t\u00e9s de protection contre les UV et de lutte contre la croissance des moisissures. Nous sommes actuellement en rupture de stock pour ce produit. Nous n&#039;avons pas de date pour le moment \u00e0 laquelle nous attendons plus de stock, cependant, si vous souhaitez faire une demande de \u00ab commande en souffrance \u00bb, veuillez le faire ici Pr\u00e9paration Enlevez toute salet\u00e9 et nettoyez le bois. Pour cela, utilisez de l&#039;eau ti\u00e8de additionn\u00e9e d&#039;un peu de savon au sucre. Rincez \u00e0 l&#039;eau froide et propre et laissez le bois s\u00e9cher compl\u00e8tement. Lorsque le bois est sec, poncez l\u00e9g\u00e8rement avec du papier de verre \u00e0 grain fin, grain 120.  Instructions Assurez-vous que le bois est sec avant d&#039;appliquer l&#039;huile pour bois Nourish. Appliquez g\u00e9n\u00e9reusement l&#039;huile pour bois Nourish et frottez bien le bois \u00e0 l&#039;aide d&#039;une \u00e9ponge ou d&#039;une brosse. Laissez agir environ 30 minutes, puis essuyez l&#039;exc\u00e9dent avec un chiffon en coton. Passez \u00e0 nouveau sur la surface avec un nouveau chiffon sec pour vous assurer que la surface est s\u00e8che et que l&#039;huile a \u00e9t\u00e9 absorb\u00e9e par le bois.  Important : il faut polir l&#039;huile dans l&#039;heure qui suit avant qu&#039;elle ne commence \u00e0 s\u00e9cher. Si n\u00e9cessaire, le processus peut \u00eatre r\u00e9p\u00e9t\u00e9 apr\u00e8s 2 \u00e0 3 jours de s\u00e9chage. ATTENTION : mouillez toujours les chiffons usag\u00e9s sous le robinet avant de les jeter, car ils pourraient sinon s&#039;enflammer. Couverture 15 \u00e0 20 m\u00b2 par litre (160 \u00e0 220 pi\u00b2 par 33,8 fl.oz.). Entretien Il faut huiler \u00e0 nouveau environ tous les 2 \u00e0 3 ans afin de pr\u00e9server et de prot\u00e9ger le bois.\" \/>\n<meta property=\"og:url\" content=\"https:\/\/brouns.eu\/fr\/product\/huiles\/huile-de-bois-nourrissante\/\" \/>\n<meta property=\"og:site_name\" content=\"Brouns &amp; Co EU\" \/>\n<meta property=\"og:image\" content=\"https:\/\/brouns.eu\/wp-content\/uploads\/2024\/10\/Nourish-Wood-Oil_bottle.jpg\" \/>\n\t<meta property=\"og:image:width\" content=\"1000\" \/>\n\t<meta property=\"og:image:height\" content=\"1000\" \/>\n\t<meta property=\"og:image:type\" content=\"image\/jpeg\" \/>\n<meta name=\"twitter:card\" content=\"summary_large_image\" \/>\n<script type=\"application\/ld+json\" class=\"yoast-schema-graph\">{\"@context\":\"https:\\\/\\\/schema.org\",\"@graph\":[{\"@type\":\"WebPage\",\"@id\":\"https:\\\/\\\/brouns.eu\\\/fr\\\/product\\\/huiles\\\/huile-de-bois-nourrissante\\\/\",\"url\":\"https:\\\/\\\/brouns.eu\\\/fr\\\/product\\\/huiles\\\/huile-de-bois-nourrissante\\\/\",\"name\":\"Huile de bois nourrissante - Brouns &amp; Co EU\",\"isPartOf\":{\"@id\":\"https:\\\/\\\/brouns.eu\\\/fr\\\/#website\"},\"primaryImageOfPage\":{\"@id\":\"https:\\\/\\\/brouns.eu\\\/fr\\\/product\\\/huiles\\\/huile-de-bois-nourrissante\\\/#primaryimage\"},\"image\":{\"@id\":\"https:\\\/\\\/brouns.eu\\\/fr\\\/product\\\/huiles\\\/huile-de-bois-nourrissante\\\/#primaryimage\"},\"thumbnailUrl\":\"https:\\\/\\\/brouns.eu\\\/wp-content\\\/uploads\\\/2024\\\/10\\\/Nourish-Wood-Oil_bottle.jpg\",\"datePublished\":\"2024-10-29T21:27:32+00:00\",\"breadcrumb\":{\"@id\":\"https:\\\/\\\/brouns.eu\\\/fr\\\/product\\\/huiles\\\/huile-de-bois-nourrissante\\\/#breadcrumb\"},\"inLanguage\":\"fr-FR\",\"potentialAction\":[{\"@type\":\"ReadAction\",\"target\":[\"https:\\\/\\\/brouns.eu\\\/fr\\\/product\\\/huiles\\\/huile-de-bois-nourrissante\\\/\"]}]},{\"@type\":\"ImageObject\",\"inLanguage\":\"fr-FR\",\"@id\":\"https:\\\/\\\/brouns.eu\\\/fr\\\/product\\\/huiles\\\/huile-de-bois-nourrissante\\\/#primaryimage\",\"url\":\"https:\\\/\\\/brouns.eu\\\/wp-content\\\/uploads\\\/2024\\\/10\\\/Nourish-Wood-Oil_bottle.jpg\",\"contentUrl\":\"https:\\\/\\\/brouns.eu\\\/wp-content\\\/uploads\\\/2024\\\/10\\\/Nourish-Wood-Oil_bottle.jpg\",\"width\":1000,\"height\":1000},{\"@type\":\"BreadcrumbList\",\"@id\":\"https:\\\/\\\/brouns.eu\\\/fr\\\/product\\\/huiles\\\/huile-de-bois-nourrissante\\\/#breadcrumb\",\"itemListElement\":[{\"@type\":\"ListItem\",\"position\":1,\"name\":\"Home\",\"item\":\"https:\\\/\\\/brouns.eu\\\/fr\\\/\"},{\"@type\":\"ListItem\",\"position\":2,\"name\":\"Boutique\",\"item\":\"https:\\\/\\\/brouns.eu\\\/boutique\\\/\"},{\"@type\":\"ListItem\",\"position\":3,\"name\":\"Huile de bois nourrissante\"}]},{\"@type\":\"WebSite\",\"@id\":\"https:\\\/\\\/brouns.eu\\\/fr\\\/#website\",\"url\":\"https:\\\/\\\/brouns.eu\\\/fr\\\/\",\"name\":\"Brouns &amp; Co EU\",\"description\":\"\",\"publisher\":{\"@id\":\"https:\\\/\\\/brouns.eu\\\/fr\\\/#organization\"},\"potentialAction\":[{\"@type\":\"SearchAction\",\"target\":{\"@type\":\"EntryPoint\",\"urlTemplate\":\"https:\\\/\\\/brouns.eu\\\/fr\\\/?s={search_term_string}\"},\"query-input\":{\"@type\":\"PropertyValueSpecification\",\"valueRequired\":true,\"valueName\":\"search_term_string\"}}],\"inLanguage\":\"fr-FR\"},{\"@type\":\"Organization\",\"@id\":\"https:\\\/\\\/brouns.eu\\\/fr\\\/#organization\",\"name\":\"Brouns &amp; Co EU\",\"url\":\"https:\\\/\\\/brouns.eu\\\/fr\\\/\",\"logo\":{\"@type\":\"ImageObject\",\"inLanguage\":\"fr-FR\",\"@id\":\"https:\\\/\\\/brouns.eu\\\/fr\\\/#\\\/schema\\\/logo\\\/image\\\/\",\"url\":\"https:\\\/\\\/brouns.eu\\\/wp-content\\\/uploads\\\/2024\\\/04\\\/Brouns-_-co-Logo-no-linseed-paint-oil.png\",\"contentUrl\":\"https:\\\/\\\/brouns.eu\\\/wp-content\\\/uploads\\\/2024\\\/04\\\/Brouns-_-co-Logo-no-linseed-paint-oil.png\",\"width\":650,\"height\":60,\"caption\":\"Brouns &amp; Co EU\"},\"image\":{\"@id\":\"https:\\\/\\\/brouns.eu\\\/fr\\\/#\\\/schema\\\/logo\\\/image\\\/\"}}]}<\/script>\n<!-- \/ Yoast SEO plugin. -->","yoast_head_json":{"title":"Huile de bois nourrissante - Brouns &amp; Co EU","robots":{"index":"noindex","follow":"nofollow"},"og_locale":"fr_FR","og_type":"article","og_title":"Huile de bois nourrissante - Brouns &amp; Co EU","og_description":"Notre huile pour bois Nourish Wood Oil nouvellement formul\u00e9e est une huile de lin transparente facile \u00e0 utiliser pour la protection du bois. Elle poss\u00e8de des propri\u00e9t\u00e9s de protection contre les UV et de lutte contre la croissance des moisissures. Nous sommes actuellement en rupture de stock pour ce produit. Nous n'avons pas de date pour le moment \u00e0 laquelle nous attendons plus de stock, cependant, si vous souhaitez faire une demande de \u00ab commande en souffrance \u00bb, veuillez le faire ici Pr\u00e9paration Enlevez toute salet\u00e9 et nettoyez le bois. Pour cela, utilisez de l'eau ti\u00e8de additionn\u00e9e d'un peu de savon au sucre. Rincez \u00e0 l'eau froide et propre et laissez le bois s\u00e9cher compl\u00e8tement. Lorsque le bois est sec, poncez l\u00e9g\u00e8rement avec du papier de verre \u00e0 grain fin, grain 120.  Instructions Assurez-vous que le bois est sec avant d'appliquer l'huile pour bois Nourish. Appliquez g\u00e9n\u00e9reusement l'huile pour bois Nourish et frottez bien le bois \u00e0 l'aide d'une \u00e9ponge ou d'une brosse. Laissez agir environ 30 minutes, puis essuyez l'exc\u00e9dent avec un chiffon en coton. Passez \u00e0 nouveau sur la surface avec un nouveau chiffon sec pour vous assurer que la surface est s\u00e8che et que l'huile a \u00e9t\u00e9 absorb\u00e9e par le bois.  Important : il faut polir l'huile dans l'heure qui suit avant qu'elle ne commence \u00e0 s\u00e9cher. Si n\u00e9cessaire, le processus peut \u00eatre r\u00e9p\u00e9t\u00e9 apr\u00e8s 2 \u00e0 3 jours de s\u00e9chage. ATTENTION : mouillez toujours les chiffons usag\u00e9s sous le robinet avant de les jeter, car ils pourraient sinon s'enflammer. Couverture 15 \u00e0 20 m\u00b2 par litre (160 \u00e0 220 pi\u00b2 par 33,8 fl.oz.). Entretien Il faut huiler \u00e0 nouveau environ tous les 2 \u00e0 3 ans afin de pr\u00e9server et de prot\u00e9ger le bois.","og_url":"https:\/\/brouns.eu\/fr\/product\/huiles\/huile-de-bois-nourrissante\/","og_site_name":"Brouns &amp; Co EU","og_image":[{"width":1000,"height":1000,"url":"https:\/\/brouns.eu\/wp-content\/uploads\/2024\/10\/Nourish-Wood-Oil_bottle.jpg","type":"image\/jpeg"}],"twitter_card":"summary_large_image","schema":{"@context":"https:\/\/schema.org","@graph":[{"@type":"WebPage","@id":"https:\/\/brouns.eu\/fr\/product\/huiles\/huile-de-bois-nourrissante\/","url":"https:\/\/brouns.eu\/fr\/product\/huiles\/huile-de-bois-nourrissante\/","name":"Huile de bois nourrissante - Brouns &amp; Co EU","isPartOf":{"@id":"https:\/\/brouns.eu\/fr\/#website"},"primaryImageOfPage":{"@id":"https:\/\/brouns.eu\/fr\/product\/huiles\/huile-de-bois-nourrissante\/#primaryimage"},"image":{"@id":"https:\/\/brouns.eu\/fr\/product\/huiles\/huile-de-bois-nourrissante\/#primaryimage"},"thumbnailUrl":"https:\/\/brouns.eu\/wp-content\/uploads\/2024\/10\/Nourish-Wood-Oil_bottle.jpg","datePublished":"2024-10-29T21:27:32+00:00","breadcrumb":{"@id":"https:\/\/brouns.eu\/fr\/product\/huiles\/huile-de-bois-nourrissante\/#breadcrumb"},"inLanguage":"fr-FR","potentialAction":[{"@type":"ReadAction","target":["https:\/\/brouns.eu\/fr\/product\/huiles\/huile-de-bois-nourrissante\/"]}]},{"@type":"ImageObject","inLanguage":"fr-FR","@id":"https:\/\/brouns.eu\/fr\/product\/huiles\/huile-de-bois-nourrissante\/#primaryimage","url":"https:\/\/brouns.eu\/wp-content\/uploads\/2024\/10\/Nourish-Wood-Oil_bottle.jpg","contentUrl":"https:\/\/brouns.eu\/wp-content\/uploads\/2024\/10\/Nourish-Wood-Oil_bottle.jpg","width":1000,"height":1000},{"@type":"BreadcrumbList","@id":"https:\/\/brouns.eu\/fr\/product\/huiles\/huile-de-bois-nourrissante\/#breadcrumb","itemListElement":[{"@type":"ListItem","position":1,"name":"Home","item":"https:\/\/brouns.eu\/fr\/"},{"@type":"ListItem","position":2,"name":"Boutique","item":"https:\/\/brouns.eu\/boutique\/"},{"@type":"ListItem","position":3,"name":"Huile de bois nourrissante"}]},{"@type":"WebSite","@id":"https:\/\/brouns.eu\/fr\/#website","url":"https:\/\/brouns.eu\/fr\/","name":"Brouns &amp; Co EU","description":"","publisher":{"@id":"https:\/\/brouns.eu\/fr\/#organization"},"potentialAction":[{"@type":"SearchAction","target":{"@type":"EntryPoint","urlTemplate":"https:\/\/brouns.eu\/fr\/?s={search_term_string}"},"query-input":{"@type":"PropertyValueSpecification","valueRequired":true,"valueName":"search_term_string"}}],"inLanguage":"fr-FR"},{"@type":"Organization","@id":"https:\/\/brouns.eu\/fr\/#organization","name":"Brouns &amp; Co EU","url":"https:\/\/brouns.eu\/fr\/","logo":{"@type":"ImageObject","inLanguage":"fr-FR","@id":"https:\/\/brouns.eu\/fr\/#\/schema\/logo\/image\/","url":"https:\/\/brouns.eu\/wp-content\/uploads\/2024\/04\/Brouns-_-co-Logo-no-linseed-paint-oil.png","contentUrl":"https:\/\/brouns.eu\/wp-content\/uploads\/2024\/04\/Brouns-_-co-Logo-no-linseed-paint-oil.png","width":650,"height":60,"caption":"Brouns &amp; Co EU"},"image":{"@id":"https:\/\/brouns.eu\/fr\/#\/schema\/logo\/image\/"}}]}},"_links":{"self":[{"href":"https:\/\/brouns.eu\/fr\/wp-json\/wp\/v2\/product\/18450","targetHints":{"allow":["GET"]}}],"collection":[{"href":"https:\/\/brouns.eu\/fr\/wp-json\/wp\/v2\/product"}],"about":[{"href":"https:\/\/brouns.eu\/fr\/wp-json\/wp\/v2\/types\/product"}],"replies":[{"embeddable":true,"href":"https:\/\/brouns.eu\/fr\/wp-json\/wp\/v2\/comments?post=18450"}],"version-history":[{"count":0,"href":"https:\/\/brouns.eu\/fr\/wp-json\/wp\/v2\/product\/18450\/revisions"}],"wp:featuredmedia":[{"embeddable":true,"href":"https:\/\/brouns.eu\/fr\/wp-json\/wp\/v2\/media\/23731"}],"wp:attachment":[{"href":"https:\/\/brouns.eu\/fr\/wp-json\/wp\/v2\/media?parent=18450"}],"wp:term":[{"taxonomy":"product_brand","embeddable":true,"href":"https:\/\/brouns.eu\/fr\/wp-json\/wp\/v2\/product_brand?post=18450"},{"taxonomy":"product_cat","embeddable":true,"href":"https:\/\/brouns.eu\/fr\/wp-json\/wp\/v2\/product_cat?post=18450"},{"taxonomy":"product_tag","embeddable":true,"href":"https:\/\/brouns.eu\/fr\/wp-json\/wp\/v2\/product_tag?post=18450"}],"curies":[{"name":"wp","href":"https:\/\/api.w.org\/{rel}","templated":true}]}}