{"id":18434,"date":"2024-10-29T21:27:23","date_gmt":"2024-10-29T21:27:23","guid":{"rendered":"https:\/\/brouns.eu\/product\/non class\u00e9\/appret-3\/"},"modified":"2024-10-29T21:27:23","modified_gmt":"2024-10-29T21:27:23","slug":"appret-3","status":"publish","type":"product","link":"https:\/\/brouns.eu\/fr\/product\/amorces\/appret-3\/","title":{"rendered":"Appr\u00eat #3"},"content":{"rendered":"<p><strong>APPR\u00caT \u2013 \u00c0 UTILISER AVEC LA PEINTURE EXT\u00c9RIEURE \u00c0 L\u2019HUILE DE LIN<\/strong><\/p>\n<p>Un appr\u00eat pr\u00eat \u00e0 l&#8217;emploi \u00e0 utiliser avec notre peinture \u00e0 l&#8217;huile de lin pour ext\u00e9rieur lors de la peinture sur bois ext\u00e9rieur. D\u00e9sormais, il n&#8217;est plus n\u00e9cessaire de m\u00e9langer votre propre couche d&#8217;appr\u00eat de peinture, d&#8217;huile de lin brute et de t\u00e9r\u00e9benthine baumi\u00e8re. Fabriqu\u00e9 \u00e0 partir d&#8217;ingr\u00e9dients et de pigments naturels, notre appr\u00eat est d\u00e9j\u00e0 m\u00e9lang\u00e9 aux bonnes proportions et, apr\u00e8s un m\u00e9lange minutieux, pr\u00eat \u00e0 l&#8217;emploi. Une couche de cet appr\u00eat constitue la base parfaite pour toutes les couleurs de notre magnifique collection de peintures \u00e0 l&#8217;huile de lin pour ext\u00e9rieur.   <\/p>\n<p>Il existe en trois teintes :<\/p>\n<p><strong>ABREGE #1<\/strong><\/p>\n<p><strong>ABREGE #2<\/strong><\/p>\n<p><strong>ABREGE #3<\/strong><\/p>\n<p><strong>PRIMER #3<\/strong> est la plus fonc\u00e9e des trois teintes.<\/p>\n<p>Lorsque vous commandez votre peinture ext\u00e9rieure \u00e0 l&#8217;huile de lin, vous verrez lequel des trois appr\u00eats nous recommandons pour chaque couleur.<\/p>\n<p>Veuillez noter que la couleur peut varier entre les lots, mais cela n&#8217;affectera pas la finition finale une fois les couches de finition appliqu\u00e9es.<\/p>\n<p><strong>Couverture<\/strong><\/p>\n<p>14-16 <sup>m\u00b2<\/sup> par litre par couche (155-180 pi\u00b2 par 33,8 fl.oz.)<\/p>\n","protected":false},"excerpt":{"rendered":"<p>APPR\u00caT \u2013 \u00c0 UTILISER AVEC LA PEINTURE EXT\u00c9RIEURE \u00c0 L\u2019HUILE DE LIN Un appr\u00eat pr\u00eat \u00e0 l&#8217;emploi \u00e0 utiliser avec notre peinture \u00e0 l&#8217;huile de lin pour ext\u00e9rieur lors de la peinture sur bois ext\u00e9rieur. D\u00e9sormais, il n&#8217;est plus n\u00e9cessaire de m\u00e9langer votre propre couche d&#8217;appr\u00eat de peinture, d&#8217;huile de lin brute et de t\u00e9r\u00e9benthine [&hellip;]<\/p>\n","protected":false},"featured_media":18416,"comment_status":"open","ping_status":"closed","template":"","meta":{"_acf_changed":false,"site-sidebar-layout":"default","site-content-layout":"","ast-site-content-layout":"default","site-content-style":"default","site-sidebar-style":"default","ast-global-header-display":"","ast-banner-title-visibility":"","ast-main-header-display":"","ast-hfb-above-header-display":"","ast-hfb-below-header-display":"","ast-hfb-mobile-header-display":"","site-post-title":"","ast-breadcrumbs-content":"","ast-featured-img":"","footer-sml-layout":"","ast-disable-related-posts":"","theme-transparent-header-meta":"default","adv-header-id-meta":"","stick-header-meta":"default","header-above-stick-meta":"","header-main-stick-meta":"","header-below-stick-meta":"","astra-migrate-meta-layouts":"default","ast-page-background-enabled":"default","ast-page-background-meta":{"desktop":{"background-color":"","background-image":"","background-repeat":"repeat","background-position":"center center","background-size":"auto","background-attachment":"scroll","background-type":"","background-media":"","overlay-type":"","overlay-color":"","overlay-opacity":"","overlay-gradient":""},"tablet":{"background-color":"","background-image":"","background-repeat":"repeat","background-position":"center center","background-size":"auto","background-attachment":"scroll","background-type":"","background-media":"","overlay-type":"","overlay-color":"","overlay-opacity":"","overlay-gradient":""},"mobile":{"background-color":"","background-image":"","background-repeat":"repeat","background-position":"center center","background-size":"auto","background-attachment":"scroll","background-type":"","background-media":"","overlay-type":"","overlay-color":"","overlay-opacity":"","overlay-gradient":""}},"ast-content-background-meta":{"desktop":{"background-color":"var(--ast-global-color-5)","background-image":"","background-repeat":"repeat","background-position":"center center","background-size":"auto","background-attachment":"scroll","background-type":"","background-media":"","overlay-type":"","overlay-color":"","overlay-opacity":"","overlay-gradient":""},"tablet":{"background-color":"var(--ast-global-color-5)","background-image":"","background-repeat":"repeat","background-position":"center center","background-size":"auto","background-attachment":"scroll","background-type":"","background-media":"","overlay-type":"","overlay-color":"","overlay-opacity":"","overlay-gradient":""},"mobile":{"background-color":"var(--ast-global-color-5)","background-image":"","background-repeat":"repeat","background-position":"center center","background-size":"auto","background-attachment":"scroll","background-type":"","background-media":"","overlay-type":"","overlay-color":"","overlay-opacity":"","overlay-gradient":""}},"ngg_post_thumbnail":0},"product_brand":[],"product_cat":[322],"product_tag":[],"class_list":{"0":"post-18434","1":"product","2":"type-product","3":"status-publish","4":"has-post-thumbnail","6":"product_cat-amorces","7":"pa_size-taille-25-l","8":"pa_size-taille-1l","9":"pa_size-taille-500ml","10":"desktop-align-center","11":"tablet-align-center","12":"mobile-align-center","13":"ast-product-gallery-layout-horizontal","14":"ast-product-gallery-with-no-image","15":"ast-product-single-variable","16":"ast-product-tabs-layout-horizontal","17":"ast-qv-on-image","19":"first","20":"instock","21":"taxable","22":"shipping-taxable","23":"purchasable","24":"product-type-variable"},"acf":[],"yoast_head":"<!-- This site is optimized with the Yoast SEO plugin v27.4 - https:\/\/yoast.com\/product\/yoast-seo-wordpress\/ -->\n<title>Appr\u00eat #3 - Brouns &amp; Co EU<\/title>\n<meta name=\"robots\" content=\"index, follow, max-snippet:-1, max-image-preview:large, max-video-preview:-1\" \/>\n<link rel=\"canonical\" href=\"https:\/\/brouns.eu\/fr\/product\/amorces\/appret-3\/\" \/>\n<meta property=\"og:locale\" content=\"fr_FR\" \/>\n<meta property=\"og:type\" content=\"article\" \/>\n<meta property=\"og:title\" content=\"Appr\u00eat #3 - Brouns &amp; Co EU\" \/>\n<meta property=\"og:description\" content=\"APPR\u00caT \u2013 \u00c0 UTILISER AVEC LA PEINTURE EXT\u00c9RIEURE \u00c0 L\u2019HUILE DE LIN Un appr\u00eat pr\u00eat \u00e0 l&#8217;emploi \u00e0 utiliser avec notre peinture \u00e0 l&#8217;huile de lin pour ext\u00e9rieur lors de la peinture sur bois ext\u00e9rieur. D\u00e9sormais, il n&#8217;est plus n\u00e9cessaire de m\u00e9langer votre propre couche d&#8217;appr\u00eat de peinture, d&#8217;huile de lin brute et de t\u00e9r\u00e9benthine [&hellip;]\" \/>\n<meta property=\"og:url\" content=\"https:\/\/brouns.eu\/fr\/product\/amorces\/appret-3\/\" \/>\n<meta property=\"og:site_name\" content=\"Brouns &amp; Co EU\" \/>\n<meta property=\"og:image\" content=\"https:\/\/brouns.eu\/wp-content\/uploads\/2024\/07\/Primer3_websq_1000__04200.jpg\" \/>\n\t<meta property=\"og:image:width\" content=\"800\" \/>\n\t<meta property=\"og:image:height\" content=\"800\" \/>\n\t<meta property=\"og:image:type\" content=\"image\/jpeg\" \/>\n<meta name=\"twitter:card\" content=\"summary_large_image\" \/>\n<meta name=\"twitter:label1\" content=\"Dur\u00e9e de lecture estim\u00e9e\" \/>\n\t<meta name=\"twitter:data1\" content=\"1 minute\" \/>\n<script type=\"application\/ld+json\" class=\"yoast-schema-graph\">{\"@context\":\"https:\\\/\\\/schema.org\",\"@graph\":[{\"@type\":\"WebPage\",\"@id\":\"https:\\\/\\\/brouns.eu\\\/fr\\\/product\\\/amorces\\\/appret-3\\\/\",\"url\":\"https:\\\/\\\/brouns.eu\\\/fr\\\/product\\\/amorces\\\/appret-3\\\/\",\"name\":\"Appr\u00eat #3 - Brouns &amp; Co EU\",\"isPartOf\":{\"@id\":\"https:\\\/\\\/brouns.eu\\\/fr\\\/#website\"},\"primaryImageOfPage\":{\"@id\":\"https:\\\/\\\/brouns.eu\\\/fr\\\/product\\\/amorces\\\/appret-3\\\/#primaryimage\"},\"image\":{\"@id\":\"https:\\\/\\\/brouns.eu\\\/fr\\\/product\\\/amorces\\\/appret-3\\\/#primaryimage\"},\"thumbnailUrl\":\"https:\\\/\\\/brouns.eu\\\/wp-content\\\/uploads\\\/2024\\\/07\\\/Primer3_websq_1000__04200.jpg\",\"datePublished\":\"2024-10-29T21:27:23+00:00\",\"breadcrumb\":{\"@id\":\"https:\\\/\\\/brouns.eu\\\/fr\\\/product\\\/amorces\\\/appret-3\\\/#breadcrumb\"},\"inLanguage\":\"fr-FR\",\"potentialAction\":[{\"@type\":\"ReadAction\",\"target\":[\"https:\\\/\\\/brouns.eu\\\/fr\\\/product\\\/amorces\\\/appret-3\\\/\"]}]},{\"@type\":\"ImageObject\",\"inLanguage\":\"fr-FR\",\"@id\":\"https:\\\/\\\/brouns.eu\\\/fr\\\/product\\\/amorces\\\/appret-3\\\/#primaryimage\",\"url\":\"https:\\\/\\\/brouns.eu\\\/wp-content\\\/uploads\\\/2024\\\/07\\\/Primer3_websq_1000__04200.jpg\",\"contentUrl\":\"https:\\\/\\\/brouns.eu\\\/wp-content\\\/uploads\\\/2024\\\/07\\\/Primer3_websq_1000__04200.jpg\",\"width\":800,\"height\":800},{\"@type\":\"BreadcrumbList\",\"@id\":\"https:\\\/\\\/brouns.eu\\\/fr\\\/product\\\/amorces\\\/appret-3\\\/#breadcrumb\",\"itemListElement\":[{\"@type\":\"ListItem\",\"position\":1,\"name\":\"Home\",\"item\":\"https:\\\/\\\/brouns.eu\\\/fr\\\/\"},{\"@type\":\"ListItem\",\"position\":2,\"name\":\"Boutique\",\"item\":\"https:\\\/\\\/brouns.eu\\\/boutique\\\/\"},{\"@type\":\"ListItem\",\"position\":3,\"name\":\"Appr\u00eat #3\"}]},{\"@type\":\"WebSite\",\"@id\":\"https:\\\/\\\/brouns.eu\\\/fr\\\/#website\",\"url\":\"https:\\\/\\\/brouns.eu\\\/fr\\\/\",\"name\":\"Brouns &amp; Co EU\",\"description\":\"\",\"publisher\":{\"@id\":\"https:\\\/\\\/brouns.eu\\\/fr\\\/#organization\"},\"potentialAction\":[{\"@type\":\"SearchAction\",\"target\":{\"@type\":\"EntryPoint\",\"urlTemplate\":\"https:\\\/\\\/brouns.eu\\\/fr\\\/?s={search_term_string}\"},\"query-input\":{\"@type\":\"PropertyValueSpecification\",\"valueRequired\":true,\"valueName\":\"search_term_string\"}}],\"inLanguage\":\"fr-FR\"},{\"@type\":\"Organization\",\"@id\":\"https:\\\/\\\/brouns.eu\\\/fr\\\/#organization\",\"name\":\"Brouns &amp; Co EU\",\"url\":\"https:\\\/\\\/brouns.eu\\\/fr\\\/\",\"logo\":{\"@type\":\"ImageObject\",\"inLanguage\":\"fr-FR\",\"@id\":\"https:\\\/\\\/brouns.eu\\\/fr\\\/#\\\/schema\\\/logo\\\/image\\\/\",\"url\":\"https:\\\/\\\/brouns.eu\\\/wp-content\\\/uploads\\\/2024\\\/04\\\/Brouns-_-co-Logo-no-linseed-paint-oil.png\",\"contentUrl\":\"https:\\\/\\\/brouns.eu\\\/wp-content\\\/uploads\\\/2024\\\/04\\\/Brouns-_-co-Logo-no-linseed-paint-oil.png\",\"width\":650,\"height\":60,\"caption\":\"Brouns &amp; Co EU\"},\"image\":{\"@id\":\"https:\\\/\\\/brouns.eu\\\/fr\\\/#\\\/schema\\\/logo\\\/image\\\/\"}}]}<\/script>\n<!-- \/ Yoast SEO plugin. -->","yoast_head_json":{"title":"Appr\u00eat #3 - Brouns &amp; Co EU","robots":{"index":"index","follow":"follow","max-snippet":"max-snippet:-1","max-image-preview":"max-image-preview:large","max-video-preview":"max-video-preview:-1"},"canonical":"https:\/\/brouns.eu\/fr\/product\/amorces\/appret-3\/","og_locale":"fr_FR","og_type":"article","og_title":"Appr\u00eat #3 - Brouns &amp; Co EU","og_description":"APPR\u00caT \u2013 \u00c0 UTILISER AVEC LA PEINTURE EXT\u00c9RIEURE \u00c0 L\u2019HUILE DE LIN Un appr\u00eat pr\u00eat \u00e0 l&#8217;emploi \u00e0 utiliser avec notre peinture \u00e0 l&#8217;huile de lin pour ext\u00e9rieur lors de la peinture sur bois ext\u00e9rieur. D\u00e9sormais, il n&#8217;est plus n\u00e9cessaire de m\u00e9langer votre propre couche d&#8217;appr\u00eat de peinture, d&#8217;huile de lin brute et de t\u00e9r\u00e9benthine [&hellip;]","og_url":"https:\/\/brouns.eu\/fr\/product\/amorces\/appret-3\/","og_site_name":"Brouns &amp; Co EU","og_image":[{"width":800,"height":800,"url":"https:\/\/brouns.eu\/wp-content\/uploads\/2024\/07\/Primer3_websq_1000__04200.jpg","type":"image\/jpeg"}],"twitter_card":"summary_large_image","twitter_misc":{"Dur\u00e9e de lecture estim\u00e9e":"1 minute"},"schema":{"@context":"https:\/\/schema.org","@graph":[{"@type":"WebPage","@id":"https:\/\/brouns.eu\/fr\/product\/amorces\/appret-3\/","url":"https:\/\/brouns.eu\/fr\/product\/amorces\/appret-3\/","name":"Appr\u00eat #3 - Brouns &amp; Co EU","isPartOf":{"@id":"https:\/\/brouns.eu\/fr\/#website"},"primaryImageOfPage":{"@id":"https:\/\/brouns.eu\/fr\/product\/amorces\/appret-3\/#primaryimage"},"image":{"@id":"https:\/\/brouns.eu\/fr\/product\/amorces\/appret-3\/#primaryimage"},"thumbnailUrl":"https:\/\/brouns.eu\/wp-content\/uploads\/2024\/07\/Primer3_websq_1000__04200.jpg","datePublished":"2024-10-29T21:27:23+00:00","breadcrumb":{"@id":"https:\/\/brouns.eu\/fr\/product\/amorces\/appret-3\/#breadcrumb"},"inLanguage":"fr-FR","potentialAction":[{"@type":"ReadAction","target":["https:\/\/brouns.eu\/fr\/product\/amorces\/appret-3\/"]}]},{"@type":"ImageObject","inLanguage":"fr-FR","@id":"https:\/\/brouns.eu\/fr\/product\/amorces\/appret-3\/#primaryimage","url":"https:\/\/brouns.eu\/wp-content\/uploads\/2024\/07\/Primer3_websq_1000__04200.jpg","contentUrl":"https:\/\/brouns.eu\/wp-content\/uploads\/2024\/07\/Primer3_websq_1000__04200.jpg","width":800,"height":800},{"@type":"BreadcrumbList","@id":"https:\/\/brouns.eu\/fr\/product\/amorces\/appret-3\/#breadcrumb","itemListElement":[{"@type":"ListItem","position":1,"name":"Home","item":"https:\/\/brouns.eu\/fr\/"},{"@type":"ListItem","position":2,"name":"Boutique","item":"https:\/\/brouns.eu\/boutique\/"},{"@type":"ListItem","position":3,"name":"Appr\u00eat #3"}]},{"@type":"WebSite","@id":"https:\/\/brouns.eu\/fr\/#website","url":"https:\/\/brouns.eu\/fr\/","name":"Brouns &amp; Co EU","description":"","publisher":{"@id":"https:\/\/brouns.eu\/fr\/#organization"},"potentialAction":[{"@type":"SearchAction","target":{"@type":"EntryPoint","urlTemplate":"https:\/\/brouns.eu\/fr\/?s={search_term_string}"},"query-input":{"@type":"PropertyValueSpecification","valueRequired":true,"valueName":"search_term_string"}}],"inLanguage":"fr-FR"},{"@type":"Organization","@id":"https:\/\/brouns.eu\/fr\/#organization","name":"Brouns &amp; Co EU","url":"https:\/\/brouns.eu\/fr\/","logo":{"@type":"ImageObject","inLanguage":"fr-FR","@id":"https:\/\/brouns.eu\/fr\/#\/schema\/logo\/image\/","url":"https:\/\/brouns.eu\/wp-content\/uploads\/2024\/04\/Brouns-_-co-Logo-no-linseed-paint-oil.png","contentUrl":"https:\/\/brouns.eu\/wp-content\/uploads\/2024\/04\/Brouns-_-co-Logo-no-linseed-paint-oil.png","width":650,"height":60,"caption":"Brouns &amp; Co EU"},"image":{"@id":"https:\/\/brouns.eu\/fr\/#\/schema\/logo\/image\/"}}]}},"_links":{"self":[{"href":"https:\/\/brouns.eu\/fr\/wp-json\/wp\/v2\/product\/18434","targetHints":{"allow":["GET"]}}],"collection":[{"href":"https:\/\/brouns.eu\/fr\/wp-json\/wp\/v2\/product"}],"about":[{"href":"https:\/\/brouns.eu\/fr\/wp-json\/wp\/v2\/types\/product"}],"replies":[{"embeddable":true,"href":"https:\/\/brouns.eu\/fr\/wp-json\/wp\/v2\/comments?post=18434"}],"version-history":[{"count":0,"href":"https:\/\/brouns.eu\/fr\/wp-json\/wp\/v2\/product\/18434\/revisions"}],"wp:featuredmedia":[{"embeddable":true,"href":"https:\/\/brouns.eu\/fr\/wp-json\/wp\/v2\/media\/18416"}],"wp:attachment":[{"href":"https:\/\/brouns.eu\/fr\/wp-json\/wp\/v2\/media?parent=18434"}],"wp:term":[{"taxonomy":"product_brand","embeddable":true,"href":"https:\/\/brouns.eu\/fr\/wp-json\/wp\/v2\/product_brand?post=18434"},{"taxonomy":"product_cat","embeddable":true,"href":"https:\/\/brouns.eu\/fr\/wp-json\/wp\/v2\/product_cat?post=18434"},{"taxonomy":"product_tag","embeddable":true,"href":"https:\/\/brouns.eu\/fr\/wp-json\/wp\/v2\/product_tag?post=18434"}],"curies":[{"name":"wp","href":"https:\/\/api.w.org\/{rel}","templated":true}]}}