{"id":17903,"date":"2024-10-29T21:27:19","date_gmt":"2024-10-29T21:27:19","guid":{"rendered":"https:\/\/brouns.eu\/product\/non%20class\u00e9\/projet-blanc-1\/"},"modified":"2025-10-06T11:54:58","modified_gmt":"2025-10-06T10:54:58","slug":"project-white-1","status":"publish","type":"product","link":"https:\/\/brouns.eu\/fr\/product\/peinture-huile-de-lin\/project-white-1\/","title":{"rendered":"Project White (1)"},"content":{"rendered":"","protected":false},"excerpt":{"rendered":"<p>On nous demande toujours la peinture \u00e0 base de lin la plus blanche possible. Et bien, la voici. Techniquement, c&#8217;est le blanc le plus blanc que nous puissions obtenir avec de la peinture \u00e0 base de lin.<\/p>\n<p>N&#8217;oubliez pas de commander votre huile de lin brute et votre t\u00e9r\u00e9benthine baumi\u00e8re si vous devez diluer la premi\u00e8re couche.<\/p>\n<p>Si vous pr\u00e9f\u00e9rez un appr\u00eat pr\u00eat \u00e0 l&#8217;emploi, nous vous recommandons l&#8217;appr\u00eat n\u00b01<\/p>\n","protected":false},"featured_media":22667,"comment_status":"open","ping_status":"closed","template":"","meta":{"_acf_changed":false,"site-sidebar-layout":"default","site-content-layout":"","ast-site-content-layout":"default","site-content-style":"default","site-sidebar-style":"default","ast-global-header-display":"","ast-banner-title-visibility":"","ast-main-header-display":"","ast-hfb-above-header-display":"","ast-hfb-below-header-display":"","ast-hfb-mobile-header-display":"","site-post-title":"","ast-breadcrumbs-content":"","ast-featured-img":"","footer-sml-layout":"","ast-disable-related-posts":"","theme-transparent-header-meta":"default","adv-header-id-meta":"","stick-header-meta":"default","header-above-stick-meta":"","header-main-stick-meta":"","header-below-stick-meta":"","astra-migrate-meta-layouts":"set","ast-page-background-enabled":"default","ast-page-background-meta":{"desktop":{"background-color":"","background-image":"","background-repeat":"repeat","background-position":"center center","background-size":"auto","background-attachment":"scroll","background-type":"","background-media":"","overlay-type":"","overlay-color":"","overlay-opacity":"","overlay-gradient":""},"tablet":{"background-color":"","background-image":"","background-repeat":"repeat","background-position":"center center","background-size":"auto","background-attachment":"scroll","background-type":"","background-media":"","overlay-type":"","overlay-color":"","overlay-opacity":"","overlay-gradient":""},"mobile":{"background-color":"","background-image":"","background-repeat":"repeat","background-position":"center center","background-size":"auto","background-attachment":"scroll","background-type":"","background-media":"","overlay-type":"","overlay-color":"","overlay-opacity":"","overlay-gradient":""}},"ast-content-background-meta":{"desktop":{"background-color":"var(--ast-global-color-5)","background-image":"","background-repeat":"repeat","background-position":"center center","background-size":"auto","background-attachment":"scroll","background-type":"","background-media":"","overlay-type":"","overlay-color":"","overlay-opacity":"","overlay-gradient":""},"tablet":{"background-color":"var(--ast-global-color-5)","background-image":"","background-repeat":"repeat","background-position":"center center","background-size":"auto","background-attachment":"scroll","background-type":"","background-media":"","overlay-type":"","overlay-color":"","overlay-opacity":"","overlay-gradient":""},"mobile":{"background-color":"var(--ast-global-color-5)","background-image":"","background-repeat":"repeat","background-position":"center center","background-size":"auto","background-attachment":"scroll","background-type":"","background-media":"","overlay-type":"","overlay-color":"","overlay-opacity":"","overlay-gradient":""}},"ngg_post_thumbnail":0},"product_brand":[],"product_cat":[315],"product_tag":[],"class_list":{"0":"post-17903","1":"product","2":"type-product","3":"status-publish","4":"has-post-thumbnail","6":"product_cat-peinture-huile-de-lin","7":"pa_size-taille-25-l","8":"pa_size-taille-pot-dechantillon-de-30-ml","9":"pa_size-taille-125-ml","10":"pa_size-taille-1l","11":"desktop-align-center","12":"tablet-align-center","13":"mobile-align-center","14":"ast-product-gallery-layout-horizontal","15":"ast-product-single-variable","16":"ast-product-tabs-layout-horizontal","17":"ast-qv-on-image","19":"first","20":"instock","21":"taxable","22":"shipping-taxable","23":"purchasable","24":"product-type-variable"},"acf":[],"yoast_head":"<!-- This site is optimized with the Yoast SEO plugin v27.4 - https:\/\/yoast.com\/product\/yoast-seo-wordpress\/ -->\n<title>Project White (1) - Brouns &amp; Co EU<\/title>\n<meta name=\"robots\" content=\"index, follow, max-snippet:-1, max-image-preview:large, max-video-preview:-1\" \/>\n<link rel=\"canonical\" href=\"https:\/\/brouns.eu\/fr\/product\/peinture-huile-de-lin\/project-white-1\/\" \/>\n<meta property=\"og:locale\" content=\"fr_FR\" \/>\n<meta property=\"og:type\" content=\"article\" \/>\n<meta property=\"og:title\" content=\"Project White (1) - Brouns &amp; Co EU\" \/>\n<meta property=\"og:description\" content=\"On nous demande toujours la peinture \u00e0 base de lin la plus blanche possible. Et bien, la voici. Techniquement, c&#039;est le blanc le plus blanc que nous puissions obtenir avec de la peinture \u00e0 base de lin.  N&#039;oubliez pas de commander votre huile de lin brute et votre t\u00e9r\u00e9benthine baumi\u00e8re si vous devez diluer la premi\u00e8re couche.  Si vous pr\u00e9f\u00e9rez un appr\u00eat pr\u00eat \u00e0 l&#039;emploi, nous vous recommandons l&#039;appr\u00eat n\u00b01\" \/>\n<meta property=\"og:url\" content=\"https:\/\/brouns.eu\/fr\/product\/peinture-huile-de-lin\/project-white-1\/\" \/>\n<meta property=\"og:site_name\" content=\"Brouns &amp; Co EU\" \/>\n<meta property=\"article:modified_time\" content=\"2025-10-06T10:54:58+00:00\" \/>\n<meta property=\"og:image\" content=\"https:\/\/brouns.eu\/wp-content\/uploads\/2025\/04\/No.-1_web_sq_1200.jpg\" \/>\n\t<meta property=\"og:image:width\" content=\"1200\" \/>\n\t<meta property=\"og:image:height\" content=\"1200\" \/>\n\t<meta property=\"og:image:type\" content=\"image\/jpeg\" \/>\n<meta name=\"twitter:card\" content=\"summary_large_image\" \/>\n<meta name=\"twitter:label1\" content=\"Dur\u00e9e de lecture estim\u00e9e\" \/>\n\t<meta name=\"twitter:data1\" content=\"1 minute\" \/>\n<script type=\"application\/ld+json\" class=\"yoast-schema-graph\">{\"@context\":\"https:\\\/\\\/schema.org\",\"@graph\":[{\"@type\":\"WebPage\",\"@id\":\"https:\\\/\\\/brouns.eu\\\/fr\\\/product\\\/peinture-huile-de-lin\\\/project-white-1\\\/\",\"url\":\"https:\\\/\\\/brouns.eu\\\/fr\\\/product\\\/peinture-huile-de-lin\\\/project-white-1\\\/\",\"name\":\"Project White (1) - Brouns &amp; Co EU\",\"isPartOf\":{\"@id\":\"https:\\\/\\\/brouns.eu\\\/fr\\\/#website\"},\"primaryImageOfPage\":{\"@id\":\"https:\\\/\\\/brouns.eu\\\/fr\\\/product\\\/peinture-huile-de-lin\\\/project-white-1\\\/#primaryimage\"},\"image\":{\"@id\":\"https:\\\/\\\/brouns.eu\\\/fr\\\/product\\\/peinture-huile-de-lin\\\/project-white-1\\\/#primaryimage\"},\"thumbnailUrl\":\"https:\\\/\\\/brouns.eu\\\/wp-content\\\/uploads\\\/2025\\\/04\\\/No.-1_web_sq_1200.jpg\",\"datePublished\":\"2024-10-29T21:27:19+00:00\",\"dateModified\":\"2025-10-06T10:54:58+00:00\",\"breadcrumb\":{\"@id\":\"https:\\\/\\\/brouns.eu\\\/fr\\\/product\\\/peinture-huile-de-lin\\\/project-white-1\\\/#breadcrumb\"},\"inLanguage\":\"fr-FR\",\"potentialAction\":[{\"@type\":\"ReadAction\",\"target\":[\"https:\\\/\\\/brouns.eu\\\/fr\\\/product\\\/peinture-huile-de-lin\\\/project-white-1\\\/\"]}]},{\"@type\":\"ImageObject\",\"inLanguage\":\"fr-FR\",\"@id\":\"https:\\\/\\\/brouns.eu\\\/fr\\\/product\\\/peinture-huile-de-lin\\\/project-white-1\\\/#primaryimage\",\"url\":\"https:\\\/\\\/brouns.eu\\\/wp-content\\\/uploads\\\/2025\\\/04\\\/No.-1_web_sq_1200.jpg\",\"contentUrl\":\"https:\\\/\\\/brouns.eu\\\/wp-content\\\/uploads\\\/2025\\\/04\\\/No.-1_web_sq_1200.jpg\",\"width\":1200,\"height\":1200},{\"@type\":\"BreadcrumbList\",\"@id\":\"https:\\\/\\\/brouns.eu\\\/fr\\\/product\\\/peinture-huile-de-lin\\\/project-white-1\\\/#breadcrumb\",\"itemListElement\":[{\"@type\":\"ListItem\",\"position\":1,\"name\":\"Home\",\"item\":\"https:\\\/\\\/brouns.eu\\\/fr\\\/\"},{\"@type\":\"ListItem\",\"position\":2,\"name\":\"Boutique\",\"item\":\"https:\\\/\\\/brouns.eu\\\/boutique\\\/\"},{\"@type\":\"ListItem\",\"position\":3,\"name\":\"Project White (1)\"}]},{\"@type\":\"WebSite\",\"@id\":\"https:\\\/\\\/brouns.eu\\\/fr\\\/#website\",\"url\":\"https:\\\/\\\/brouns.eu\\\/fr\\\/\",\"name\":\"Brouns &amp; Co EU\",\"description\":\"\",\"publisher\":{\"@id\":\"https:\\\/\\\/brouns.eu\\\/fr\\\/#organization\"},\"potentialAction\":[{\"@type\":\"SearchAction\",\"target\":{\"@type\":\"EntryPoint\",\"urlTemplate\":\"https:\\\/\\\/brouns.eu\\\/fr\\\/?s={search_term_string}\"},\"query-input\":{\"@type\":\"PropertyValueSpecification\",\"valueRequired\":true,\"valueName\":\"search_term_string\"}}],\"inLanguage\":\"fr-FR\"},{\"@type\":\"Organization\",\"@id\":\"https:\\\/\\\/brouns.eu\\\/fr\\\/#organization\",\"name\":\"Brouns &amp; Co EU\",\"url\":\"https:\\\/\\\/brouns.eu\\\/fr\\\/\",\"logo\":{\"@type\":\"ImageObject\",\"inLanguage\":\"fr-FR\",\"@id\":\"https:\\\/\\\/brouns.eu\\\/fr\\\/#\\\/schema\\\/logo\\\/image\\\/\",\"url\":\"https:\\\/\\\/brouns.eu\\\/wp-content\\\/uploads\\\/2024\\\/04\\\/Brouns-_-co-Logo-no-linseed-paint-oil.png\",\"contentUrl\":\"https:\\\/\\\/brouns.eu\\\/wp-content\\\/uploads\\\/2024\\\/04\\\/Brouns-_-co-Logo-no-linseed-paint-oil.png\",\"width\":650,\"height\":60,\"caption\":\"Brouns &amp; Co EU\"},\"image\":{\"@id\":\"https:\\\/\\\/brouns.eu\\\/fr\\\/#\\\/schema\\\/logo\\\/image\\\/\"}}]}<\/script>\n<!-- \/ Yoast SEO plugin. -->","yoast_head_json":{"title":"Project White (1) - Brouns &amp; Co EU","robots":{"index":"index","follow":"follow","max-snippet":"max-snippet:-1","max-image-preview":"max-image-preview:large","max-video-preview":"max-video-preview:-1"},"canonical":"https:\/\/brouns.eu\/fr\/product\/peinture-huile-de-lin\/project-white-1\/","og_locale":"fr_FR","og_type":"article","og_title":"Project White (1) - Brouns &amp; Co EU","og_description":"On nous demande toujours la peinture \u00e0 base de lin la plus blanche possible. Et bien, la voici. Techniquement, c'est le blanc le plus blanc que nous puissions obtenir avec de la peinture \u00e0 base de lin.  N'oubliez pas de commander votre huile de lin brute et votre t\u00e9r\u00e9benthine baumi\u00e8re si vous devez diluer la premi\u00e8re couche.  Si vous pr\u00e9f\u00e9rez un appr\u00eat pr\u00eat \u00e0 l'emploi, nous vous recommandons l'appr\u00eat n\u00b01","og_url":"https:\/\/brouns.eu\/fr\/product\/peinture-huile-de-lin\/project-white-1\/","og_site_name":"Brouns &amp; Co EU","article_modified_time":"2025-10-06T10:54:58+00:00","og_image":[{"width":1200,"height":1200,"url":"https:\/\/brouns.eu\/wp-content\/uploads\/2025\/04\/No.-1_web_sq_1200.jpg","type":"image\/jpeg"}],"twitter_card":"summary_large_image","twitter_misc":{"Dur\u00e9e de lecture estim\u00e9e":"1 minute"},"schema":{"@context":"https:\/\/schema.org","@graph":[{"@type":"WebPage","@id":"https:\/\/brouns.eu\/fr\/product\/peinture-huile-de-lin\/project-white-1\/","url":"https:\/\/brouns.eu\/fr\/product\/peinture-huile-de-lin\/project-white-1\/","name":"Project White (1) - Brouns &amp; Co EU","isPartOf":{"@id":"https:\/\/brouns.eu\/fr\/#website"},"primaryImageOfPage":{"@id":"https:\/\/brouns.eu\/fr\/product\/peinture-huile-de-lin\/project-white-1\/#primaryimage"},"image":{"@id":"https:\/\/brouns.eu\/fr\/product\/peinture-huile-de-lin\/project-white-1\/#primaryimage"},"thumbnailUrl":"https:\/\/brouns.eu\/wp-content\/uploads\/2025\/04\/No.-1_web_sq_1200.jpg","datePublished":"2024-10-29T21:27:19+00:00","dateModified":"2025-10-06T10:54:58+00:00","breadcrumb":{"@id":"https:\/\/brouns.eu\/fr\/product\/peinture-huile-de-lin\/project-white-1\/#breadcrumb"},"inLanguage":"fr-FR","potentialAction":[{"@type":"ReadAction","target":["https:\/\/brouns.eu\/fr\/product\/peinture-huile-de-lin\/project-white-1\/"]}]},{"@type":"ImageObject","inLanguage":"fr-FR","@id":"https:\/\/brouns.eu\/fr\/product\/peinture-huile-de-lin\/project-white-1\/#primaryimage","url":"https:\/\/brouns.eu\/wp-content\/uploads\/2025\/04\/No.-1_web_sq_1200.jpg","contentUrl":"https:\/\/brouns.eu\/wp-content\/uploads\/2025\/04\/No.-1_web_sq_1200.jpg","width":1200,"height":1200},{"@type":"BreadcrumbList","@id":"https:\/\/brouns.eu\/fr\/product\/peinture-huile-de-lin\/project-white-1\/#breadcrumb","itemListElement":[{"@type":"ListItem","position":1,"name":"Home","item":"https:\/\/brouns.eu\/fr\/"},{"@type":"ListItem","position":2,"name":"Boutique","item":"https:\/\/brouns.eu\/boutique\/"},{"@type":"ListItem","position":3,"name":"Project White (1)"}]},{"@type":"WebSite","@id":"https:\/\/brouns.eu\/fr\/#website","url":"https:\/\/brouns.eu\/fr\/","name":"Brouns &amp; Co EU","description":"","publisher":{"@id":"https:\/\/brouns.eu\/fr\/#organization"},"potentialAction":[{"@type":"SearchAction","target":{"@type":"EntryPoint","urlTemplate":"https:\/\/brouns.eu\/fr\/?s={search_term_string}"},"query-input":{"@type":"PropertyValueSpecification","valueRequired":true,"valueName":"search_term_string"}}],"inLanguage":"fr-FR"},{"@type":"Organization","@id":"https:\/\/brouns.eu\/fr\/#organization","name":"Brouns &amp; Co EU","url":"https:\/\/brouns.eu\/fr\/","logo":{"@type":"ImageObject","inLanguage":"fr-FR","@id":"https:\/\/brouns.eu\/fr\/#\/schema\/logo\/image\/","url":"https:\/\/brouns.eu\/wp-content\/uploads\/2024\/04\/Brouns-_-co-Logo-no-linseed-paint-oil.png","contentUrl":"https:\/\/brouns.eu\/wp-content\/uploads\/2024\/04\/Brouns-_-co-Logo-no-linseed-paint-oil.png","width":650,"height":60,"caption":"Brouns &amp; Co EU"},"image":{"@id":"https:\/\/brouns.eu\/fr\/#\/schema\/logo\/image\/"}}]}},"_links":{"self":[{"href":"https:\/\/brouns.eu\/fr\/wp-json\/wp\/v2\/product\/17903","targetHints":{"allow":["GET"]}}],"collection":[{"href":"https:\/\/brouns.eu\/fr\/wp-json\/wp\/v2\/product"}],"about":[{"href":"https:\/\/brouns.eu\/fr\/wp-json\/wp\/v2\/types\/product"}],"replies":[{"embeddable":true,"href":"https:\/\/brouns.eu\/fr\/wp-json\/wp\/v2\/comments?post=17903"}],"version-history":[{"count":1,"href":"https:\/\/brouns.eu\/fr\/wp-json\/wp\/v2\/product\/17903\/revisions"}],"predecessor-version":[{"id":23424,"href":"https:\/\/brouns.eu\/fr\/wp-json\/wp\/v2\/product\/17903\/revisions\/23424"}],"wp:featuredmedia":[{"embeddable":true,"href":"https:\/\/brouns.eu\/fr\/wp-json\/wp\/v2\/media\/22667"}],"wp:attachment":[{"href":"https:\/\/brouns.eu\/fr\/wp-json\/wp\/v2\/media?parent=17903"}],"wp:term":[{"taxonomy":"product_brand","embeddable":true,"href":"https:\/\/brouns.eu\/fr\/wp-json\/wp\/v2\/product_brand?post=17903"},{"taxonomy":"product_cat","embeddable":true,"href":"https:\/\/brouns.eu\/fr\/wp-json\/wp\/v2\/product_cat?post=17903"},{"taxonomy":"product_tag","embeddable":true,"href":"https:\/\/brouns.eu\/fr\/wp-json\/wp\/v2\/product_tag?post=17903"}],"curies":[{"name":"wp","href":"https:\/\/api.w.org\/{rel}","templated":true}]}}