{"id":17756,"date":"2024-07-05T15:21:44","date_gmt":"2024-07-05T14:21:44","guid":{"rendered":"https:\/\/brouns.eu\/a-propos-de-la-peinture-a-lhuile-de-lin\/"},"modified":"2026-01-30T16:32:20","modified_gmt":"2026-01-30T16:32:20","slug":"a-propos-de-la-peinture-a-lhuile-de-lin","status":"publish","type":"page","link":"https:\/\/brouns.eu\/fr\/a-propos-de-la-peinture-a-lhuile-de-lin\/","title":{"rendered":"\u00c0 propos de la peinture \u00e0 l&#8217;huile de lin"},"content":{"rendered":"\t\t<div data-elementor-type=\"wp-page\" data-elementor-id=\"17756\" class=\"elementor elementor-17756 elementor-8493\">\n\t\t\t\t\t\t<section class=\"elementor-section elementor-top-section elementor-element elementor-element-118b0341 elementor-section-height-min-height elementor-section-boxed elementor-section-height-default elementor-section-items-middle\" data-id=\"118b0341\" data-element_type=\"section\" data-e-type=\"section\" data-settings=\"{&quot;background_background&quot;:&quot;slideshow&quot;,&quot;background_slideshow_gallery&quot;:[{&quot;id&quot;:8499,&quot;url&quot;:&quot;https:\\\/\\\/brouns.eu\\\/wp-content\\\/uploads\\\/2024\\\/07\\\/About-Linseed-Oil-Paint_header_web_2000_1000.jpg&quot;}],&quot;background_slideshow_transition_duration&quot;:1500,&quot;background_slideshow_loop&quot;:&quot;yes&quot;,&quot;background_slideshow_slide_duration&quot;:5000,&quot;background_slideshow_slide_transition&quot;:&quot;fade&quot;}\">\n\t\t\t\t\t\t\t<div class=\"elementor-background-overlay\"><\/div>\n\t\t\t\t\t\t\t<div class=\"elementor-container elementor-column-gap-no\">\n\t\t\t\t\t<div class=\"elementor-column elementor-col-100 elementor-top-column elementor-element elementor-element-a90d8d1\" data-id=\"a90d8d1\" data-element_type=\"column\" data-e-type=\"column\">\n\t\t\t<div class=\"elementor-widget-wrap elementor-element-populated\">\n\t\t\t\t\t\t<div class=\"elementor-element elementor-element-4de0b63d animated-slow elementor-invisible elementor-widget elementor-widget-heading\" data-id=\"4de0b63d\" data-element_type=\"widget\" data-e-type=\"widget\" data-settings=\"{&quot;_animation&quot;:&quot;fadeIn&quot;,&quot;_animation_delay&quot;:300}\" data-widget_type=\"heading.default\">\n\t\t\t\t<div class=\"elementor-widget-container\">\n\t\t\t\t\t<h1 class=\"elementor-heading-title elementor-size-default\">\u00c0 propos de la peinture \u00e0 l'huile de lin<\/h1>\t\t\t\t<\/div>\n\t\t\t\t<\/div>\n\t\t\t\t<div class=\"elementor-element elementor-element-6cac885 animated-slow elementor-widget-divider--view-line elementor-invisible elementor-widget elementor-widget-divider\" data-id=\"6cac885\" data-element_type=\"widget\" data-e-type=\"widget\" data-settings=\"{&quot;_animation&quot;:&quot;fadeIn&quot;,&quot;_animation_delay&quot;:300}\" data-widget_type=\"divider.default\">\n\t\t\t\t<div class=\"elementor-widget-container\">\n\t\t\t\t\t\t\t<div class=\"elementor-divider\">\n\t\t\t<span class=\"elementor-divider-separator\">\n\t\t\t\t\t\t<\/span>\n\t\t<\/div>\n\t\t\t\t\t\t<\/div>\n\t\t\t\t<\/div>\n\t\t\t\t<div class=\"elementor-element elementor-element-4140a3e1 e-transform animated-slow elementor-align-center elementor-tablet-align-center elementor-invisible elementor-widget elementor-widget-button\" data-id=\"4140a3e1\" data-element_type=\"widget\" data-e-type=\"widget\" data-settings=\"{&quot;_transform_translateX_effect_hover&quot;:{&quot;unit&quot;:&quot;px&quot;,&quot;size&quot;:1.2,&quot;sizes&quot;:[]},&quot;_transform_translateY_effect_hover&quot;:{&quot;unit&quot;:&quot;px&quot;,&quot;size&quot;:1.2,&quot;sizes&quot;:[]},&quot;_animation&quot;:&quot;fadeIn&quot;,&quot;_animation_delay&quot;:300,&quot;_transform_translateX_effect_hover_tablet&quot;:{&quot;unit&quot;:&quot;px&quot;,&quot;size&quot;:&quot;&quot;,&quot;sizes&quot;:[]},&quot;_transform_translateX_effect_hover_mobile&quot;:{&quot;unit&quot;:&quot;px&quot;,&quot;size&quot;:&quot;&quot;,&quot;sizes&quot;:[]},&quot;_transform_translateY_effect_hover_tablet&quot;:{&quot;unit&quot;:&quot;px&quot;,&quot;size&quot;:&quot;&quot;,&quot;sizes&quot;:[]},&quot;_transform_translateY_effect_hover_mobile&quot;:{&quot;unit&quot;:&quot;px&quot;,&quot;size&quot;:&quot;&quot;,&quot;sizes&quot;:[]}}\" data-widget_type=\"button.default\">\n\t\t\t\t<div class=\"elementor-widget-container\">\n\t\t\t\t\t\t\t\t\t<div class=\"elementor-button-wrapper\">\n\t\t\t\t\t<a class=\"elementor-button elementor-button-link elementor-size-sm\" href=\"#intro\">\n\t\t\t\t\t\t<span class=\"elementor-button-content-wrapper\">\n\t\t\t\t\t\t\t\t\t<span class=\"elementor-button-text\">Explorer<\/span>\n\t\t\t\t\t<\/span>\n\t\t\t\t\t<\/a>\n\t\t\t\t<\/div>\n\t\t\t\t\t\t\t\t<\/div>\n\t\t\t\t<\/div>\n\t\t\t\t\t<\/div>\n\t\t<\/div>\n\t\t\t\t\t<\/div>\n\t\t<\/section>\n\t\t\t\t<section class=\"elementor-section elementor-top-section elementor-element elementor-element-a101251 elementor-section-boxed elementor-section-height-default elementor-section-height-default\" data-id=\"a101251\" data-element_type=\"section\" data-e-type=\"section\" id=\"intro\" data-settings=\"{&quot;background_background&quot;:&quot;classic&quot;}\">\n\t\t\t\t\t\t<div class=\"elementor-container elementor-column-gap-no\">\n\t\t\t\t\t<div class=\"elementor-column elementor-col-100 elementor-top-column elementor-element elementor-element-17c2620\" data-id=\"17c2620\" data-element_type=\"column\" data-e-type=\"column\">\n\t\t\t<div class=\"elementor-widget-wrap elementor-element-populated\">\n\t\t\t\t\t\t<section class=\"elementor-section elementor-inner-section elementor-element elementor-element-1eff6a7 animated-slow elementor-section-boxed elementor-section-height-default elementor-section-height-default elementor-invisible\" data-id=\"1eff6a7\" data-element_type=\"section\" data-e-type=\"section\" data-settings=\"{&quot;animation&quot;:&quot;fadeIn&quot;,&quot;animation_delay&quot;:300}\">\n\t\t\t\t\t\t<div class=\"elementor-container elementor-column-gap-no\">\n\t\t\t\t\t<div class=\"elementor-column elementor-col-100 elementor-inner-column elementor-element elementor-element-3232246\" data-id=\"3232246\" data-element_type=\"column\" data-e-type=\"column\">\n\t\t\t<div class=\"elementor-widget-wrap elementor-element-populated\">\n\t\t\t\t\t\t<div class=\"elementor-element elementor-element-9fef7d1 elementor-widget elementor-widget-heading\" data-id=\"9fef7d1\" data-element_type=\"widget\" data-e-type=\"widget\" data-widget_type=\"heading.default\">\n\t\t\t\t<div class=\"elementor-widget-container\">\n\t\t\t\t\t<h3 class=\"elementor-heading-title elementor-size-default\">Peinture \u00e0 l'huile de lin<\/h3>\t\t\t\t<\/div>\n\t\t\t\t<\/div>\n\t\t\t\t<div class=\"elementor-element elementor-element-255d884 elementor-widget-divider--view-line elementor-widget elementor-widget-divider\" data-id=\"255d884\" data-element_type=\"widget\" data-e-type=\"widget\" data-widget_type=\"divider.default\">\n\t\t\t\t<div class=\"elementor-widget-container\">\n\t\t\t\t\t\t\t<div class=\"elementor-divider\">\n\t\t\t<span class=\"elementor-divider-separator\">\n\t\t\t\t\t\t<\/span>\n\t\t<\/div>\n\t\t\t\t\t\t<\/div>\n\t\t\t\t<\/div>\n\t\t\t\t<div class=\"elementor-element elementor-element-8b141f8 elementor-widget elementor-widget-text-editor\" data-id=\"8b141f8\" data-element_type=\"widget\" data-e-type=\"widget\" data-widget_type=\"text-editor.default\">\n\t\t\t\t<div class=\"elementor-widget-container\">\n\t\t\t\t\t\t\t\t\t<p>La peinture \u00e0 l&#8217;huile de lin va transformer votre fa\u00e7on de peindre. Elle dure pratiquement \u00e9ternellement sans avoir besoin d&#8217;\u00eatre r\u00e9appliqu\u00e9e, et ne s&#8217;\u00e9caille pas. Elle est respectueuse de l&#8217;environnement, n&#8217;a pas d&#8217;odeur forte, s\u00e8che en 24 heures et est extr\u00eamement \u00e9conomique. De plus, elle est disponible dans une riche palette de belles couleurs.   <\/p>\n<p>Nous r\u00e9pondrons ici \u00e0 certaines des questions les plus fr\u00e9quemment pos\u00e9es, mais veuillez consulter notre page FAQ pour plus d&#8217;informations.<\/p>\n<p><strong>De quoi est compos\u00e9e la peinture \u00e0 l\u2019huile de lin ?<\/strong><br \/>Les graines de lin sont press\u00e9es pour obtenir de l&#8217;huile de lin brute, qui est ensuite bouillie pour la rendre plus durable et s\u00e9cher plus rapidement. Nous y ajoutons ensuite une petite quantit\u00e9 d&#8217;agent de s\u00e9chage et des pigments en poudre, tous enti\u00e8rement naturels. C&#8217;est tout : pas de solvants, de liants ou d&#8217;\u00e9mulsifiants synth\u00e9tiques.  <\/p>\n<p><strong>Quelle est l&#8217;histoire de la peinture \u00e0 l&#8217;huile de lin ?<\/strong><br \/>En Su\u00e8de, au Danemark et dans de nombreuses autres r\u00e9gions d&#8217;Europe, il existe une longue tradition de peinture \u00e0 l&#8217;huile de lin pour l&#8217;int\u00e9rieur et l&#8217;ext\u00e9rieur des b\u00e2timents. Des couches originales de peinture \u00e0 l&#8217;huile de lin ont parfaitement surv\u00e9cu sur des maisons vieilles de plus de 500 ans. <\/p>\n<p><strong>Comment fonctionne la peinture \u00e0 l\u2019huile de lin ?<\/strong><br \/>Le fonctionnement de la peinture \u00e0 base de lin n&#8217;a rien de sorcier. Laissez-nous vous l&#8217;expliquer dans une courte animation. <\/p>\n<p><strong>La peinture \u00e0 l\u2019huile de lin offre-t-elle une bonne protection ?<\/strong><br \/>La peinture \u00e0 l&#8217;huile de lin prot\u00e8ge r\u00e9ellement contre les intemp\u00e9ries : une fois peinte, le bois ne pourrit pas, le fer ne rouille pas et le pl\u00e2tre ne s&#8217;effrite pas. Elle poss\u00e8de des propri\u00e9t\u00e9s d&#8217;\u00e9vacuation de l&#8217;humidit\u00e9 fantastiques, permettant le transfert bidirectionnel de l&#8217;humidit\u00e9 au lieu de l&#8217;emprisonner sous un film imperm\u00e9able. <\/p>\n<p><strong>Que peut-on peindre avec de la peinture \u00e0 l\u2019huile de lin ?<\/strong><br \/>Pratiquement tout. Cela comprend le bois, la ma\u00e7onnerie, le pl\u00e2tre, le m\u00e9tal \u2013 et m\u00eame le PVC, si vous le souhaitez ! <\/p>\n<p><strong>Comment appliquer et s\u00e9cher la peinture \u00e0 l\u2019huile de lin ?<\/strong><br \/>Appliquez simplement la peinture \u00e0 l&#8217;huile de lin directement sur votre surface propre, sans appr\u00eat ni sous-couche. Vous n&#8217;avez pas besoin de plusieurs couches ; une seule suffit souvent, m\u00eame si le bois peut n\u00e9cessiter deux couches car la peinture a tendance \u00e0 s&#8217;impr\u00e9gner un peu. Vous pouvez appliquer des couches suppl\u00e9mentaires si vous souhaitez obtenir un fini satin\u00e9 ou semi-brillant. La peinture \u00e0 l&#8217;huile de lin s\u00e8che par exposition aux rayons ultraviolets (UV), elle s\u00e8che donc naturellement en 24 heures environ (mais vous pouvez choisir d&#8217;acc\u00e9l\u00e9rer ce processus avec une source de lumi\u00e8re UV). La peinture s\u00e8che pour donner une finition tr\u00e8s dure et durable.    <\/p>\n<p><strong>La peinture \u00e0 l\u2019huile de lin est-elle ch\u00e8re ?<\/strong><br \/>Loin de l\u00e0. Non seulement un pot de peinture \u00e0 l&#8217;huile de lin est assez bon march\u00e9 (surtout compar\u00e9 \u00e0 certaines marques de peinture traditionnelles au Royaume-Uni), mais c&#8217;est une peinture fine, donc vous couvrirez entre 15 et 20 m\u00b2 par litre, selon le mat\u00e9riau que vous peignez. Nous ne connaissons aucune autre peinture qui offre une couverture aussi rentable. Et il y a moins de d\u00e9chets, car le m\u00eame pot de peinture peut peindre n&#8217;importe quelle surface (pas besoin de versions diff\u00e9rentes). Et en plus de tout cela, vous n&#8217;avez pas besoin de repeindre tous les deux ou trois ans !    <\/p>\n<p><strong>Quelle finition de peinture \u00e0 l&#8217;huile de lin devez-vous acheter ?<\/strong><br \/>Il n&#8217;existe qu&#8217;un seul type de peinture, qui peut \u00eatre utilis\u00e9e sur tous les types de surfaces. Vous pouvez donc utiliser la m\u00eame peinture pour le bois, la ma\u00e7onnerie, le m\u00e9tal et le pl\u00e2tre. La m\u00eame peinture vous permet d&#8217;obtenir un fini brillant en ajoutant simplement plusieurs couches. Il n&#8217;est donc pas n\u00e9cessaire d&#8217;utiliser des \u00e9mulsions mates ou des versions satin\u00e9es, coquille d&#8217;\u0153uf ou brillantes.  <\/p>\n<p><strong>Pourquoi est-ce si respectueux de l\u2019environnement ?<\/strong><br \/>La peinture aux graines de lin contient uniquement de l&#8217;huile de graines de lin naturelles et des pigments naturels. Elle ne contient pas de solvants, de liants ou d&#8217;\u00e9mulsifiants malodorants ou toxiques. Et avec des ingr\u00e9dients aussi simples, aucune grande raffinerie sale n&#8217;est n\u00e9cessaire pour la fabriquer !  <\/p>\n<p><strong>Pourquoi la peinture \u00e0 l\u2019huile de lin est-elle plus agr\u00e9able \u00e0 utiliser ?<\/strong><br \/>La peinture \u00e0 l&#8217;huile de lin d\u00e9gage une odeur riche mais douce. Si vous peignez \u00e0 l&#8217;int\u00e9rieur, inutile de laisser les fen\u00eatres ouvertes ou de vous inqui\u00e9ter des maux de t\u00eate et des \u00e9tourdissements. <\/p>\n<p><strong>Est-ce que cela n\u00e9cessite de l&#8217;entretien ?<\/strong><br \/>Absolument ! Apr\u00e8s quelques ann\u00e9es, vous verrez que votre peinture \u00e0 l&#8217;huile de lin est devenue un peu plus mate. Certaines personnes pr\u00e9f\u00e8rent cet effet et l&#8217;attendent avec impatience. D&#8217;autres pr\u00e9f\u00e8rent essuyer la peinture avec un peu d&#8217;huile de lin tous les deux ou trois ans, ce qui s\u00e8che rapidement et redonne de l&#8217;\u00e9clat.   <\/p>\n\t\t\t\t\t\t\t\t<\/div>\n\t\t\t\t<\/div>\n\t\t\t\t\t<\/div>\n\t\t<\/div>\n\t\t\t\t\t<\/div>\n\t\t<\/section>\n\t\t\t\t\t<\/div>\n\t\t<\/div>\n\t\t\t\t\t<\/div>\n\t\t<\/section>\n\t\t\t\t<section class=\"elementor-section elementor-top-section elementor-element elementor-element-26cce17 elementor-section-height-min-height elementor-section-boxed elementor-section-height-default elementor-section-items-middle\" data-id=\"26cce17\" data-element_type=\"section\" data-e-type=\"section\" data-settings=\"{&quot;background_background&quot;:&quot;slideshow&quot;,&quot;background_slideshow_gallery&quot;:[{&quot;id&quot;:8500,&quot;url&quot;:&quot;https:\\\/\\\/brouns.eu\\\/wp-content\\\/uploads\\\/2024\\\/07\\\/About-Linseed-Oil-Paint_footer_web_2000_600.jpg&quot;}],&quot;background_slideshow_transition_duration&quot;:1500,&quot;background_slideshow_loop&quot;:&quot;yes&quot;,&quot;background_slideshow_slide_duration&quot;:5000,&quot;background_slideshow_slide_transition&quot;:&quot;fade&quot;}\">\n\t\t\t\t\t\t\t<div class=\"elementor-background-overlay\"><\/div>\n\t\t\t\t\t\t\t<div class=\"elementor-container elementor-column-gap-no\">\n\t\t\t\t\t<div class=\"elementor-column elementor-col-100 elementor-top-column elementor-element elementor-element-1816f5f\" data-id=\"1816f5f\" data-element_type=\"column\" data-e-type=\"column\">\n\t\t\t<div class=\"elementor-widget-wrap elementor-element-populated\">\n\t\t\t\t\t\t<div class=\"elementor-element elementor-element-4ffbbec elementor-widget elementor-widget-spacer\" data-id=\"4ffbbec\" data-element_type=\"widget\" data-e-type=\"widget\" data-widget_type=\"spacer.default\">\n\t\t\t\t<div class=\"elementor-widget-container\">\n\t\t\t\t\t\t\t<div class=\"elementor-spacer\">\n\t\t\t<div class=\"elementor-spacer-inner\"><\/div>\n\t\t<\/div>\n\t\t\t\t\t\t<\/div>\n\t\t\t\t<\/div>\n\t\t\t\t\t<\/div>\n\t\t<\/div>\n\t\t\t\t\t<\/div>\n\t\t<\/section>\n\t\t\t\t<\/div>\n\t\t","protected":false},"excerpt":{"rendered":"<p>\u00c0 propos de la peinture \u00e0 l&#8217;huile de lin Explorer Peinture \u00e0 l&#8217;huile de lin La peinture \u00e0 l&#8217;huile de lin va transformer votre fa\u00e7on de peindre. Elle dure pratiquement \u00e9ternellement sans avoir besoin d&#8217;\u00eatre r\u00e9appliqu\u00e9e, et ne s&#8217;\u00e9caille pas. Elle est respectueuse de l&#8217;environnement, n&#8217;a pas d&#8217;odeur forte, s\u00e8che en 24 heures et est [&hellip;]<\/p>\n","protected":false},"author":1,"featured_media":0,"parent":0,"menu_order":0,"comment_status":"closed","ping_status":"closed","template":"","meta":{"_acf_changed":false,"site-sidebar-layout":"no-sidebar","site-content-layout":"page-builder","ast-site-content-layout":"full-width-container","site-content-style":"unboxed","site-sidebar-style":"unboxed","ast-global-header-display":"","ast-banner-title-visibility":"","ast-main-header-display":"","ast-hfb-above-header-display":"","ast-hfb-below-header-display":"","ast-hfb-mobile-header-display":"","site-post-title":"disabled","ast-breadcrumbs-content":"","ast-featured-img":"disabled","footer-sml-layout":"","ast-disable-related-posts":"","theme-transparent-header-meta":"disabled","adv-header-id-meta":"","stick-header-meta":"default","header-above-stick-meta":"","header-main-stick-meta":"","header-below-stick-meta":"","astra-migrate-meta-layouts":"set","ast-page-background-enabled":"default","ast-page-background-meta":{"desktop":{"background-color":"","background-image":"","background-repeat":"repeat","background-position":"center center","background-size":"auto","background-attachment":"scroll","background-type":"","background-media":"","overlay-type":"","overlay-color":"","overlay-opacity":"","overlay-gradient":""},"tablet":{"background-color":"","background-image":"","background-repeat":"repeat","background-position":"center center","background-size":"auto","background-attachment":"scroll","background-type":"","background-media":"","overlay-type":"","overlay-color":"","overlay-opacity":"","overlay-gradient":""},"mobile":{"background-color":"","background-image":"","background-repeat":"repeat","background-position":"center center","background-size":"auto","background-attachment":"scroll","background-type":"","background-media":"","overlay-type":"","overlay-color":"","overlay-opacity":"","overlay-gradient":""}},"ast-content-background-meta":{"desktop":{"background-color":"var(--ast-global-color-5)","background-image":"","background-repeat":"repeat","background-position":"center center","background-size":"auto","background-attachment":"scroll","background-type":"","background-media":"","overlay-type":"","overlay-color":"","overlay-opacity":"","overlay-gradient":""},"tablet":{"background-color":"var(--ast-global-color-5)","background-image":"","background-repeat":"repeat","background-position":"center center","background-size":"auto","background-attachment":"scroll","background-type":"","background-media":"","overlay-type":"","overlay-color":"","overlay-opacity":"","overlay-gradient":""},"mobile":{"background-color":"var(--ast-global-color-5)","background-image":"","background-repeat":"repeat","background-position":"center center","background-size":"auto","background-attachment":"scroll","background-type":"","background-media":"","overlay-type":"","overlay-color":"","overlay-opacity":"","overlay-gradient":""}},"ngg_post_thumbnail":0,"footnotes":""},"class_list":["post-17756","page","type-page","status-publish","hentry"],"acf":[],"yoast_head":"<!-- This site is optimized with the Yoast SEO plugin v27.4 - https:\/\/yoast.com\/product\/yoast-seo-wordpress\/ -->\n<title>\u00c0 propos de la peinture \u00e0 l&#039;huile de lin - Brouns &amp; Co EU<\/title>\n<meta name=\"robots\" content=\"noindex, follow\" \/>\n<meta property=\"og:locale\" content=\"fr_FR\" \/>\n<meta property=\"og:type\" content=\"article\" \/>\n<meta property=\"og:title\" content=\"\u00c0 propos de la peinture \u00e0 l&#039;huile de lin - Brouns &amp; Co EU\" \/>\n<meta property=\"og:description\" content=\"\u00c0 propos de la peinture \u00e0 l&#8217;huile de lin Explorer Peinture \u00e0 l&#8217;huile de lin La peinture \u00e0 l&#8217;huile de lin va transformer votre fa\u00e7on de peindre. Elle dure pratiquement \u00e9ternellement sans avoir besoin d&#8217;\u00eatre r\u00e9appliqu\u00e9e, et ne s&#8217;\u00e9caille pas. Elle est respectueuse de l&#8217;environnement, n&#8217;a pas d&#8217;odeur forte, s\u00e8che en 24 heures et est [&hellip;]\" \/>\n<meta property=\"og:url\" content=\"https:\/\/brouns.eu\/fr\/a-propos-de-la-peinture-a-lhuile-de-lin\/\" \/>\n<meta property=\"og:site_name\" content=\"Brouns &amp; Co EU\" \/>\n<meta property=\"article:modified_time\" content=\"2026-01-30T16:32:20+00:00\" \/>\n<meta name=\"twitter:card\" content=\"summary_large_image\" \/>\n<meta name=\"twitter:label1\" content=\"Dur\u00e9e de lecture estim\u00e9e\" \/>\n\t<meta name=\"twitter:data1\" content=\"4 minutes\" \/>\n<script type=\"application\/ld+json\" class=\"yoast-schema-graph\">{\"@context\":\"https:\\\/\\\/schema.org\",\"@graph\":[{\"@type\":\"WebPage\",\"@id\":\"https:\\\/\\\/brouns.eu\\\/fr\\\/a-propos-de-la-peinture-a-lhuile-de-lin\\\/\",\"url\":\"https:\\\/\\\/brouns.eu\\\/fr\\\/a-propos-de-la-peinture-a-lhuile-de-lin\\\/\",\"name\":\"\u00c0 propos de la peinture \u00e0 l'huile de lin - Brouns &amp; Co EU\",\"isPartOf\":{\"@id\":\"https:\\\/\\\/brouns.eu\\\/fr\\\/#website\"},\"datePublished\":\"2024-07-05T14:21:44+00:00\",\"dateModified\":\"2026-01-30T16:32:20+00:00\",\"breadcrumb\":{\"@id\":\"https:\\\/\\\/brouns.eu\\\/fr\\\/a-propos-de-la-peinture-a-lhuile-de-lin\\\/#breadcrumb\"},\"inLanguage\":\"fr-FR\",\"potentialAction\":[{\"@type\":\"ReadAction\",\"target\":[\"https:\\\/\\\/brouns.eu\\\/fr\\\/a-propos-de-la-peinture-a-lhuile-de-lin\\\/\"]}]},{\"@type\":\"BreadcrumbList\",\"@id\":\"https:\\\/\\\/brouns.eu\\\/fr\\\/a-propos-de-la-peinture-a-lhuile-de-lin\\\/#breadcrumb\",\"itemListElement\":[{\"@type\":\"ListItem\",\"position\":1,\"name\":\"Home\",\"item\":\"https:\\\/\\\/brouns.eu\\\/fr\\\/\"},{\"@type\":\"ListItem\",\"position\":2,\"name\":\"\u00c0 propos de la peinture \u00e0 l&#8217;huile de lin\"}]},{\"@type\":\"WebSite\",\"@id\":\"https:\\\/\\\/brouns.eu\\\/fr\\\/#website\",\"url\":\"https:\\\/\\\/brouns.eu\\\/fr\\\/\",\"name\":\"Brouns &amp; Co EU\",\"description\":\"\",\"publisher\":{\"@id\":\"https:\\\/\\\/brouns.eu\\\/fr\\\/#organization\"},\"potentialAction\":[{\"@type\":\"SearchAction\",\"target\":{\"@type\":\"EntryPoint\",\"urlTemplate\":\"https:\\\/\\\/brouns.eu\\\/fr\\\/?s={search_term_string}\"},\"query-input\":{\"@type\":\"PropertyValueSpecification\",\"valueRequired\":true,\"valueName\":\"search_term_string\"}}],\"inLanguage\":\"fr-FR\"},{\"@type\":\"Organization\",\"@id\":\"https:\\\/\\\/brouns.eu\\\/fr\\\/#organization\",\"name\":\"Brouns &amp; Co EU\",\"url\":\"https:\\\/\\\/brouns.eu\\\/fr\\\/\",\"logo\":{\"@type\":\"ImageObject\",\"inLanguage\":\"fr-FR\",\"@id\":\"https:\\\/\\\/brouns.eu\\\/fr\\\/#\\\/schema\\\/logo\\\/image\\\/\",\"url\":\"https:\\\/\\\/brouns.eu\\\/wp-content\\\/uploads\\\/2024\\\/04\\\/Brouns-_-co-Logo-no-linseed-paint-oil.png\",\"contentUrl\":\"https:\\\/\\\/brouns.eu\\\/wp-content\\\/uploads\\\/2024\\\/04\\\/Brouns-_-co-Logo-no-linseed-paint-oil.png\",\"width\":650,\"height\":60,\"caption\":\"Brouns &amp; Co EU\"},\"image\":{\"@id\":\"https:\\\/\\\/brouns.eu\\\/fr\\\/#\\\/schema\\\/logo\\\/image\\\/\"}}]}<\/script>\n<!-- \/ Yoast SEO plugin. -->","yoast_head_json":{"title":"\u00c0 propos de la peinture \u00e0 l'huile de lin - Brouns &amp; Co EU","robots":{"index":"noindex","follow":"follow"},"og_locale":"fr_FR","og_type":"article","og_title":"\u00c0 propos de la peinture \u00e0 l'huile de lin - Brouns &amp; Co EU","og_description":"\u00c0 propos de la peinture \u00e0 l&#8217;huile de lin Explorer Peinture \u00e0 l&#8217;huile de lin La peinture \u00e0 l&#8217;huile de lin va transformer votre fa\u00e7on de peindre. Elle dure pratiquement \u00e9ternellement sans avoir besoin d&#8217;\u00eatre r\u00e9appliqu\u00e9e, et ne s&#8217;\u00e9caille pas. Elle est respectueuse de l&#8217;environnement, n&#8217;a pas d&#8217;odeur forte, s\u00e8che en 24 heures et est [&hellip;]","og_url":"https:\/\/brouns.eu\/fr\/a-propos-de-la-peinture-a-lhuile-de-lin\/","og_site_name":"Brouns &amp; Co EU","article_modified_time":"2026-01-30T16:32:20+00:00","twitter_card":"summary_large_image","twitter_misc":{"Dur\u00e9e de lecture estim\u00e9e":"4 minutes"},"schema":{"@context":"https:\/\/schema.org","@graph":[{"@type":"WebPage","@id":"https:\/\/brouns.eu\/fr\/a-propos-de-la-peinture-a-lhuile-de-lin\/","url":"https:\/\/brouns.eu\/fr\/a-propos-de-la-peinture-a-lhuile-de-lin\/","name":"\u00c0 propos de la peinture \u00e0 l'huile de lin - Brouns &amp; Co EU","isPartOf":{"@id":"https:\/\/brouns.eu\/fr\/#website"},"datePublished":"2024-07-05T14:21:44+00:00","dateModified":"2026-01-30T16:32:20+00:00","breadcrumb":{"@id":"https:\/\/brouns.eu\/fr\/a-propos-de-la-peinture-a-lhuile-de-lin\/#breadcrumb"},"inLanguage":"fr-FR","potentialAction":[{"@type":"ReadAction","target":["https:\/\/brouns.eu\/fr\/a-propos-de-la-peinture-a-lhuile-de-lin\/"]}]},{"@type":"BreadcrumbList","@id":"https:\/\/brouns.eu\/fr\/a-propos-de-la-peinture-a-lhuile-de-lin\/#breadcrumb","itemListElement":[{"@type":"ListItem","position":1,"name":"Home","item":"https:\/\/brouns.eu\/fr\/"},{"@type":"ListItem","position":2,"name":"\u00c0 propos de la peinture \u00e0 l&#8217;huile de lin"}]},{"@type":"WebSite","@id":"https:\/\/brouns.eu\/fr\/#website","url":"https:\/\/brouns.eu\/fr\/","name":"Brouns &amp; Co EU","description":"","publisher":{"@id":"https:\/\/brouns.eu\/fr\/#organization"},"potentialAction":[{"@type":"SearchAction","target":{"@type":"EntryPoint","urlTemplate":"https:\/\/brouns.eu\/fr\/?s={search_term_string}"},"query-input":{"@type":"PropertyValueSpecification","valueRequired":true,"valueName":"search_term_string"}}],"inLanguage":"fr-FR"},{"@type":"Organization","@id":"https:\/\/brouns.eu\/fr\/#organization","name":"Brouns &amp; Co EU","url":"https:\/\/brouns.eu\/fr\/","logo":{"@type":"ImageObject","inLanguage":"fr-FR","@id":"https:\/\/brouns.eu\/fr\/#\/schema\/logo\/image\/","url":"https:\/\/brouns.eu\/wp-content\/uploads\/2024\/04\/Brouns-_-co-Logo-no-linseed-paint-oil.png","contentUrl":"https:\/\/brouns.eu\/wp-content\/uploads\/2024\/04\/Brouns-_-co-Logo-no-linseed-paint-oil.png","width":650,"height":60,"caption":"Brouns &amp; Co EU"},"image":{"@id":"https:\/\/brouns.eu\/fr\/#\/schema\/logo\/image\/"}}]}},"_links":{"self":[{"href":"https:\/\/brouns.eu\/fr\/wp-json\/wp\/v2\/pages\/17756","targetHints":{"allow":["GET"]}}],"collection":[{"href":"https:\/\/brouns.eu\/fr\/wp-json\/wp\/v2\/pages"}],"about":[{"href":"https:\/\/brouns.eu\/fr\/wp-json\/wp\/v2\/types\/page"}],"author":[{"embeddable":true,"href":"https:\/\/brouns.eu\/fr\/wp-json\/wp\/v2\/users\/1"}],"replies":[{"embeddable":true,"href":"https:\/\/brouns.eu\/fr\/wp-json\/wp\/v2\/comments?post=17756"}],"version-history":[{"count":2,"href":"https:\/\/brouns.eu\/fr\/wp-json\/wp\/v2\/pages\/17756\/revisions"}],"predecessor-version":[{"id":23852,"href":"https:\/\/brouns.eu\/fr\/wp-json\/wp\/v2\/pages\/17756\/revisions\/23852"}],"wp:attachment":[{"href":"https:\/\/brouns.eu\/fr\/wp-json\/wp\/v2\/media?parent=17756"}],"curies":[{"name":"wp","href":"https:\/\/api.w.org\/{rel}","templated":true}]}}