{"id":17753,"date":"2024-07-05T15:32:23","date_gmt":"2024-07-05T14:32:23","guid":{"rendered":"https:\/\/brouns.eu\/le-processus-de-fabrication\/"},"modified":"2025-03-08T19:32:54","modified_gmt":"2025-03-08T19:32:54","slug":"le-processus-de-fabrication","status":"publish","type":"page","link":"https:\/\/brouns.eu\/fr\/le-processus-de-fabrication\/","title":{"rendered":"Le processus de fabrication"},"content":{"rendered":"\t\t<div data-elementor-type=\"wp-page\" data-elementor-id=\"17753\" class=\"elementor elementor-17753 elementor-8515\">\n\t\t\t\t\t\t<section class=\"elementor-section elementor-top-section elementor-element elementor-element-118b0341 elementor-section-height-min-height elementor-section-boxed elementor-section-height-default elementor-section-items-middle\" data-id=\"118b0341\" data-element_type=\"section\" data-e-type=\"section\" data-settings=\"{&quot;background_background&quot;:&quot;slideshow&quot;,&quot;background_slideshow_gallery&quot;:[{&quot;id&quot;:8529,&quot;url&quot;:&quot;https:\\\/\\\/brouns.eu\\\/wp-content\\\/uploads\\\/2024\\\/07\\\/Manufacturing-Process-Header_web_2000_1000.jpg&quot;}],&quot;background_slideshow_transition_duration&quot;:1500,&quot;background_slideshow_loop&quot;:&quot;yes&quot;,&quot;background_slideshow_slide_duration&quot;:5000,&quot;background_slideshow_slide_transition&quot;:&quot;fade&quot;}\">\n\t\t\t\t\t\t\t<div class=\"elementor-background-overlay\"><\/div>\n\t\t\t\t\t\t\t<div class=\"elementor-container elementor-column-gap-no\">\n\t\t\t\t\t<div class=\"elementor-column elementor-col-100 elementor-top-column elementor-element elementor-element-a90d8d1\" data-id=\"a90d8d1\" data-element_type=\"column\" data-e-type=\"column\">\n\t\t\t<div class=\"elementor-widget-wrap elementor-element-populated\">\n\t\t\t\t\t\t<div class=\"elementor-element elementor-element-4de0b63d animated-slow elementor-invisible elementor-widget elementor-widget-heading\" data-id=\"4de0b63d\" data-element_type=\"widget\" data-e-type=\"widget\" data-settings=\"{&quot;_animation&quot;:&quot;fadeIn&quot;,&quot;_animation_delay&quot;:300}\" data-widget_type=\"heading.default\">\n\t\t\t\t<div class=\"elementor-widget-container\">\n\t\t\t\t\t<h1 class=\"elementor-heading-title elementor-size-default\">Le processus de fabrication<\/h1>\t\t\t\t<\/div>\n\t\t\t\t<\/div>\n\t\t\t\t<div class=\"elementor-element elementor-element-6cac885 animated-slow elementor-widget-divider--view-line elementor-invisible elementor-widget elementor-widget-divider\" data-id=\"6cac885\" data-element_type=\"widget\" data-e-type=\"widget\" data-settings=\"{&quot;_animation&quot;:&quot;fadeIn&quot;,&quot;_animation_delay&quot;:300}\" data-widget_type=\"divider.default\">\n\t\t\t\t<div class=\"elementor-widget-container\">\n\t\t\t\t\t\t\t<div class=\"elementor-divider\">\n\t\t\t<span class=\"elementor-divider-separator\">\n\t\t\t\t\t\t<\/span>\n\t\t<\/div>\n\t\t\t\t\t\t<\/div>\n\t\t\t\t<\/div>\n\t\t\t\t<div class=\"elementor-element elementor-element-4140a3e1 e-transform animated-slow elementor-align-center elementor-tablet-align-center elementor-invisible elementor-widget elementor-widget-button\" data-id=\"4140a3e1\" data-element_type=\"widget\" data-e-type=\"widget\" data-settings=\"{&quot;_transform_translateX_effect_hover&quot;:{&quot;unit&quot;:&quot;px&quot;,&quot;size&quot;:1.2,&quot;sizes&quot;:[]},&quot;_transform_translateY_effect_hover&quot;:{&quot;unit&quot;:&quot;px&quot;,&quot;size&quot;:1.2,&quot;sizes&quot;:[]},&quot;_animation&quot;:&quot;fadeIn&quot;,&quot;_animation_delay&quot;:300,&quot;_transform_translateX_effect_hover_tablet&quot;:{&quot;unit&quot;:&quot;px&quot;,&quot;size&quot;:&quot;&quot;,&quot;sizes&quot;:[]},&quot;_transform_translateX_effect_hover_mobile&quot;:{&quot;unit&quot;:&quot;px&quot;,&quot;size&quot;:&quot;&quot;,&quot;sizes&quot;:[]},&quot;_transform_translateY_effect_hover_tablet&quot;:{&quot;unit&quot;:&quot;px&quot;,&quot;size&quot;:&quot;&quot;,&quot;sizes&quot;:[]},&quot;_transform_translateY_effect_hover_mobile&quot;:{&quot;unit&quot;:&quot;px&quot;,&quot;size&quot;:&quot;&quot;,&quot;sizes&quot;:[]}}\" data-widget_type=\"button.default\">\n\t\t\t\t<div class=\"elementor-widget-container\">\n\t\t\t\t\t\t\t\t\t<div class=\"elementor-button-wrapper\">\n\t\t\t\t\t<a class=\"elementor-button elementor-button-link elementor-size-sm\" href=\"#intro\">\n\t\t\t\t\t\t<span class=\"elementor-button-content-wrapper\">\n\t\t\t\t\t\t\t\t\t<span class=\"elementor-button-text\">Explorer<\/span>\n\t\t\t\t\t<\/span>\n\t\t\t\t\t<\/a>\n\t\t\t\t<\/div>\n\t\t\t\t\t\t\t\t<\/div>\n\t\t\t\t<\/div>\n\t\t\t\t\t<\/div>\n\t\t<\/div>\n\t\t\t\t\t<\/div>\n\t\t<\/section>\n\t\t\t\t<section class=\"elementor-section elementor-top-section elementor-element elementor-element-a101251 elementor-section-boxed elementor-section-height-default elementor-section-height-default\" data-id=\"a101251\" data-element_type=\"section\" data-e-type=\"section\" id=\"intro\" data-settings=\"{&quot;background_background&quot;:&quot;classic&quot;}\">\n\t\t\t\t\t\t<div class=\"elementor-container elementor-column-gap-no\">\n\t\t\t\t\t<div class=\"elementor-column elementor-col-100 elementor-top-column elementor-element elementor-element-17c2620\" data-id=\"17c2620\" data-element_type=\"column\" data-e-type=\"column\">\n\t\t\t<div class=\"elementor-widget-wrap elementor-element-populated\">\n\t\t\t\t\t\t<section class=\"elementor-section elementor-inner-section elementor-element elementor-element-1eff6a7 animated-slow elementor-section-boxed elementor-section-height-default elementor-section-height-default elementor-invisible\" data-id=\"1eff6a7\" data-element_type=\"section\" data-e-type=\"section\" data-settings=\"{&quot;animation&quot;:&quot;fadeIn&quot;,&quot;animation_delay&quot;:300}\">\n\t\t\t\t\t\t<div class=\"elementor-container elementor-column-gap-no\">\n\t\t\t\t\t<div class=\"elementor-column elementor-col-100 elementor-inner-column elementor-element elementor-element-3232246\" data-id=\"3232246\" data-element_type=\"column\" data-e-type=\"column\">\n\t\t\t<div class=\"elementor-widget-wrap elementor-element-populated\">\n\t\t\t\t\t\t<div class=\"elementor-element elementor-element-9fef7d1 elementor-widget elementor-widget-heading\" data-id=\"9fef7d1\" data-element_type=\"widget\" data-e-type=\"widget\" data-widget_type=\"heading.default\">\n\t\t\t\t<div class=\"elementor-widget-container\">\n\t\t\t\t\t<h3 class=\"elementor-heading-title elementor-size-default\">Fabrication de peinture \u00e0 l'huile de lin<\/h3>\t\t\t\t<\/div>\n\t\t\t\t<\/div>\n\t\t\t\t<div class=\"elementor-element elementor-element-255d884 elementor-widget-divider--view-line elementor-widget elementor-widget-divider\" data-id=\"255d884\" data-element_type=\"widget\" data-e-type=\"widget\" data-widget_type=\"divider.default\">\n\t\t\t\t<div class=\"elementor-widget-container\">\n\t\t\t\t\t\t\t<div class=\"elementor-divider\">\n\t\t\t<span class=\"elementor-divider-separator\">\n\t\t\t\t\t\t<\/span>\n\t\t<\/div>\n\t\t\t\t\t\t<\/div>\n\t\t\t\t<\/div>\n\t\t\t\t<div class=\"elementor-element elementor-element-8b141f8 elementor-widget elementor-widget-text-editor\" data-id=\"8b141f8\" data-element_type=\"widget\" data-e-type=\"widget\" data-widget_type=\"text-editor.default\">\n\t\t\t\t<div class=\"elementor-widget-container\">\n\t\t\t\t\t\t\t\t\t<p>Traditionnellement, les artistes et les d\u00e9corateurs fabriquaient leur propre peinture en m\u00e9langeant une p\u00e2te \u00e0 partir des pigments de leur choix et d&#8217;une base d&#8217;huile. Ils le faisaient \u00e0 l&#8217;aide d&#8217;outils manuels simples : juste une meule (un outil \u00e0 manche court pour broyer les pigments) et une plaque. Ils commen\u00e7aient par broyer les pigments en poudre avec un peu d&#8217;huile, puis ajoutaient plus d&#8217;huile au fur et \u00e0 mesure pour cr\u00e9er la bonne consistance. Les artistes utilisaient g\u00e9n\u00e9ralement moins d&#8217;huile dans leur peinture, tandis que les peintres en b\u00e2timent en utilisaient davantage afin de cr\u00e9er une peinture plus fine, plus adapt\u00e9e \u00e0 la peinture sur de grandes surfaces.   <\/p>\n<p>Cette m\u00e9thode traditionnelle de m\u00e9lange \u00e0 la main \u00e9tait non seulement longue et laborieuse, mais il \u00e9tait \u00e9galement assez difficile d&#8217;obtenir un r\u00e9sultat uniforme \u00e0 chaque fois. Pour assurer la durabilit\u00e9 de la peinture, il est essentiel que l&#8217;huile de lin et les pigments soient parfaitement m\u00e9lang\u00e9s. Si la peinture n&#8217;est pas correctement m\u00e9lang\u00e9e, elle deviendra mate beaucoup plus rapidement, ce qui augmentera les besoins d&#8217;entretien.  <\/p>\n<p>Pour obtenir les meilleurs r\u00e9sultats, le proc\u00e9d\u00e9 de fabrication de Brouns &amp; Co utilise des m\u00e9langeurs \u00e0 colonne et de grands f\u00fbts. La peinture m\u00e9lang\u00e9e dans ces f\u00fbts est ensuite transf\u00e9r\u00e9e dans un broyeur \u00e0 trois rouleaux. Ici, la peinture, qui a \u00e0 ce stade une consistance plus p\u00e2teuse, passera entre les rouleaux entre trois et cinq fois, selon la granulom\u00e9trie des pigments utilis\u00e9s. Ce processus cr\u00e9e une consistance parfaitement homog\u00e8ne, qui constitue la base des couleurs de peinture finales.   <\/p>\n<p>Il est toutefois important de noter que le m\u00e9lange doit rester \u00e0 temp\u00e9rature ambiante. Le frottement du m\u00e9tal sur le m\u00e9tal g\u00e9n\u00e8re une chaleur consid\u00e9rable et si l&#8217;huile devient trop chaude, elle se diluera, ce qui rendra plus difficile l&#8217;adh\u00e9rence du pigment. Cela signifie que le processus de broyage doit impliquer des mesures suppl\u00e9mentaires pour maintenir l&#8217;huile et la p\u00e2te \u00e0 la bonne temp\u00e9rature. Pour ce faire, on utilise des rouleaux dans lesquels circule en permanence de l&#8217;eau froide.   <\/p>\n<p>En laissant de c\u00f4t\u00e9 les machines modernes et les techniques de refroidissement suppl\u00e9mentaires, la m\u00e9thode que nous utilisons aujourd&#8217;hui pour broyer les pigments dans de l&#8217;huile bouillie est en principe vieille de plusieurs centaines d&#8217;ann\u00e9es. En gardant cela \u00e0 l&#8217;esprit, vous pouvez commencer \u00e0 comprendre pourquoi la peinture \u00e0 l&#8217;huile de lin est plus ch\u00e8re \u00e0 produire que les m\u00e9thodes plus simples utilis\u00e9es pour produire la peinture plastique moderne. Cependant, une grande partie de la diff\u00e9rence de co\u00fbt est compens\u00e9e par l&#8217;excellent pouvoir couvrant de la peinture \u00e0 l&#8217;huile de lin, un litre de peinture \u00e0 l&#8217;huile de lin allant bien plus loin que la peinture plastique moderne.  <\/p>\n\t\t\t\t\t\t\t\t<\/div>\n\t\t\t\t<\/div>\n\t\t\t\t<div class=\"elementor-element elementor-element-2c61c9a elementor-widget elementor-widget-html\" data-id=\"2c61c9a\" data-element_type=\"widget\" data-e-type=\"widget\" data-widget_type=\"html.default\">\n\t\t\t\t<div class=\"elementor-widget-container\">\n\t\t\t\t\t<div style=\"padding:56.25% 0 0 0;position:relative;\"><iframe src=\"https:\/\/player.vimeo.com\/video\/912682296?h=873e0cf837&amp;title=0&amp;byline=0&amp;portrait=0&amp;badge=0&amp;autopause=0&amp;player_id=0&amp;app_id=58479\" frameborder=\"0\" allow=\"autoplay; fullscreen; picture-in-picture; clipboard-write\" style=\"position:absolute;top:0;left:0;width:100%;height:100%;\" title=\"Production de peinture aux graines de lin Brouns &amp; Co\"><\/iframe><\/div><script src=\"https:\/\/player.vimeo.com\/api\/player.js\"><\/script>\t\t\t\t<\/div>\n\t\t\t\t<\/div>\n\t\t\t\t\t<\/div>\n\t\t<\/div>\n\t\t\t\t\t<\/div>\n\t\t<\/section>\n\t\t\t\t\t<\/div>\n\t\t<\/div>\n\t\t\t\t\t<\/div>\n\t\t<\/section>\n\t\t\t\t<section class=\"elementor-section elementor-top-section elementor-element elementor-element-26cce17 elementor-section-height-min-height elementor-section-boxed elementor-section-height-default elementor-section-items-middle\" data-id=\"26cce17\" data-element_type=\"section\" data-e-type=\"section\" data-settings=\"{&quot;background_background&quot;:&quot;slideshow&quot;,&quot;background_slideshow_gallery&quot;:[{&quot;id&quot;:8530,&quot;url&quot;:&quot;https:\\\/\\\/brouns.eu\\\/wp-content\\\/uploads\\\/2024\\\/07\\\/Manufacturing-Process-Footer_web_2000_600.jpg&quot;}],&quot;background_slideshow_transition_duration&quot;:1500,&quot;background_slideshow_loop&quot;:&quot;yes&quot;,&quot;background_slideshow_slide_duration&quot;:5000,&quot;background_slideshow_slide_transition&quot;:&quot;fade&quot;}\">\n\t\t\t\t\t\t\t<div class=\"elementor-background-overlay\"><\/div>\n\t\t\t\t\t\t\t<div class=\"elementor-container elementor-column-gap-no\">\n\t\t\t\t\t<div class=\"elementor-column elementor-col-100 elementor-top-column elementor-element elementor-element-1816f5f\" data-id=\"1816f5f\" data-element_type=\"column\" data-e-type=\"column\">\n\t\t\t<div class=\"elementor-widget-wrap elementor-element-populated\">\n\t\t\t\t\t\t<div class=\"elementor-element elementor-element-4ffbbec elementor-widget elementor-widget-spacer\" data-id=\"4ffbbec\" data-element_type=\"widget\" data-e-type=\"widget\" data-widget_type=\"spacer.default\">\n\t\t\t\t<div class=\"elementor-widget-container\">\n\t\t\t\t\t\t\t<div class=\"elementor-spacer\">\n\t\t\t<div class=\"elementor-spacer-inner\"><\/div>\n\t\t<\/div>\n\t\t\t\t\t\t<\/div>\n\t\t\t\t<\/div>\n\t\t\t\t\t<\/div>\n\t\t<\/div>\n\t\t\t\t\t<\/div>\n\t\t<\/section>\n\t\t\t\t<\/div>\n\t\t","protected":false},"excerpt":{"rendered":"<p>Le processus de fabrication Explorer Fabrication de peinture \u00e0 l&#8217;huile de lin Traditionnellement, les artistes et les d\u00e9corateurs fabriquaient leur propre peinture en m\u00e9langeant une p\u00e2te \u00e0 partir des pigments de leur choix et d&#8217;une base d&#8217;huile. Ils le faisaient \u00e0 l&#8217;aide d&#8217;outils manuels simples : juste une meule (un outil \u00e0 manche court pour [&hellip;]<\/p>\n","protected":false},"author":1,"featured_media":0,"parent":0,"menu_order":0,"comment_status":"closed","ping_status":"closed","template":"","meta":{"_acf_changed":false,"site-sidebar-layout":"no-sidebar","site-content-layout":"page-builder","ast-site-content-layout":"full-width-container","site-content-style":"unboxed","site-sidebar-style":"unboxed","ast-global-header-display":"","ast-banner-title-visibility":"","ast-main-header-display":"","ast-hfb-above-header-display":"","ast-hfb-below-header-display":"","ast-hfb-mobile-header-display":"","site-post-title":"disabled","ast-breadcrumbs-content":"","ast-featured-img":"disabled","footer-sml-layout":"","ast-disable-related-posts":"","theme-transparent-header-meta":"disabled","adv-header-id-meta":"","stick-header-meta":"default","header-above-stick-meta":"","header-main-stick-meta":"","header-below-stick-meta":"","astra-migrate-meta-layouts":"default","ast-page-background-enabled":"default","ast-page-background-meta":{"desktop":{"background-color":"","background-image":"","background-repeat":"repeat","background-position":"center center","background-size":"auto","background-attachment":"scroll","background-type":"","background-media":"","overlay-type":"","overlay-color":"","overlay-opacity":"","overlay-gradient":""},"tablet":{"background-color":"","background-image":"","background-repeat":"repeat","background-position":"center center","background-size":"auto","background-attachment":"scroll","background-type":"","background-media":"","overlay-type":"","overlay-color":"","overlay-opacity":"","overlay-gradient":""},"mobile":{"background-color":"","background-image":"","background-repeat":"repeat","background-position":"center center","background-size":"auto","background-attachment":"scroll","background-type":"","background-media":"","overlay-type":"","overlay-color":"","overlay-opacity":"","overlay-gradient":""}},"ast-content-background-meta":{"desktop":{"background-color":"var(--ast-global-color-5)","background-image":"","background-repeat":"repeat","background-position":"center center","background-size":"auto","background-attachment":"scroll","background-type":"","background-media":"","overlay-type":"","overlay-color":"","overlay-opacity":"","overlay-gradient":""},"tablet":{"background-color":"var(--ast-global-color-5)","background-image":"","background-repeat":"repeat","background-position":"center center","background-size":"auto","background-attachment":"scroll","background-type":"","background-media":"","overlay-type":"","overlay-color":"","overlay-opacity":"","overlay-gradient":""},"mobile":{"background-color":"var(--ast-global-color-5)","background-image":"","background-repeat":"repeat","background-position":"center center","background-size":"auto","background-attachment":"scroll","background-type":"","background-media":"","overlay-type":"","overlay-color":"","overlay-opacity":"","overlay-gradient":""}},"ngg_post_thumbnail":0,"footnotes":""},"class_list":["post-17753","page","type-page","status-publish","hentry"],"acf":[],"yoast_head":"<!-- This site is optimized with the Yoast SEO plugin v27.4 - https:\/\/yoast.com\/product\/yoast-seo-wordpress\/ -->\n<title>Le processus de fabrication - Brouns &amp; Co EU<\/title>\n<meta name=\"robots\" content=\"index, follow, max-snippet:-1, max-image-preview:large, max-video-preview:-1\" \/>\n<link rel=\"canonical\" href=\"https:\/\/brouns.eu\/fr\/le-processus-de-fabrication\/\" \/>\n<meta property=\"og:locale\" content=\"fr_FR\" \/>\n<meta property=\"og:type\" content=\"article\" \/>\n<meta property=\"og:title\" content=\"Le processus de fabrication - Brouns &amp; Co EU\" \/>\n<meta property=\"og:description\" content=\"Le processus de fabrication Explorer Fabrication de peinture \u00e0 l&#8217;huile de lin Traditionnellement, les artistes et les d\u00e9corateurs fabriquaient leur propre peinture en m\u00e9langeant une p\u00e2te \u00e0 partir des pigments de leur choix et d&#8217;une base d&#8217;huile. Ils le faisaient \u00e0 l&#8217;aide d&#8217;outils manuels simples : juste une meule (un outil \u00e0 manche court pour [&hellip;]\" \/>\n<meta property=\"og:url\" content=\"https:\/\/brouns.eu\/fr\/le-processus-de-fabrication\/\" \/>\n<meta property=\"og:site_name\" content=\"Brouns &amp; Co EU\" \/>\n<meta property=\"article:modified_time\" content=\"2025-03-08T19:32:54+00:00\" \/>\n<meta name=\"twitter:card\" content=\"summary_large_image\" \/>\n<meta name=\"twitter:label1\" content=\"Dur\u00e9e de lecture estim\u00e9e\" \/>\n\t<meta name=\"twitter:data1\" content=\"2 minutes\" \/>\n<script type=\"application\/ld+json\" class=\"yoast-schema-graph\">{\"@context\":\"https:\\\/\\\/schema.org\",\"@graph\":[{\"@type\":\"WebPage\",\"@id\":\"https:\\\/\\\/brouns.eu\\\/fr\\\/le-processus-de-fabrication\\\/\",\"url\":\"https:\\\/\\\/brouns.eu\\\/fr\\\/le-processus-de-fabrication\\\/\",\"name\":\"Le processus de fabrication - Brouns &amp; Co EU\",\"isPartOf\":{\"@id\":\"https:\\\/\\\/brouns.eu\\\/fr\\\/#website\"},\"datePublished\":\"2024-07-05T14:32:23+00:00\",\"dateModified\":\"2025-03-08T19:32:54+00:00\",\"breadcrumb\":{\"@id\":\"https:\\\/\\\/brouns.eu\\\/fr\\\/le-processus-de-fabrication\\\/#breadcrumb\"},\"inLanguage\":\"fr-FR\",\"potentialAction\":[{\"@type\":\"ReadAction\",\"target\":[\"https:\\\/\\\/brouns.eu\\\/fr\\\/le-processus-de-fabrication\\\/\"]}]},{\"@type\":\"BreadcrumbList\",\"@id\":\"https:\\\/\\\/brouns.eu\\\/fr\\\/le-processus-de-fabrication\\\/#breadcrumb\",\"itemListElement\":[{\"@type\":\"ListItem\",\"position\":1,\"name\":\"Home\",\"item\":\"https:\\\/\\\/brouns.eu\\\/fr\\\/\"},{\"@type\":\"ListItem\",\"position\":2,\"name\":\"Le processus de fabrication\"}]},{\"@type\":\"WebSite\",\"@id\":\"https:\\\/\\\/brouns.eu\\\/fr\\\/#website\",\"url\":\"https:\\\/\\\/brouns.eu\\\/fr\\\/\",\"name\":\"Brouns &amp; Co EU\",\"description\":\"\",\"publisher\":{\"@id\":\"https:\\\/\\\/brouns.eu\\\/fr\\\/#organization\"},\"potentialAction\":[{\"@type\":\"SearchAction\",\"target\":{\"@type\":\"EntryPoint\",\"urlTemplate\":\"https:\\\/\\\/brouns.eu\\\/fr\\\/?s={search_term_string}\"},\"query-input\":{\"@type\":\"PropertyValueSpecification\",\"valueRequired\":true,\"valueName\":\"search_term_string\"}}],\"inLanguage\":\"fr-FR\"},{\"@type\":\"Organization\",\"@id\":\"https:\\\/\\\/brouns.eu\\\/fr\\\/#organization\",\"name\":\"Brouns &amp; Co EU\",\"url\":\"https:\\\/\\\/brouns.eu\\\/fr\\\/\",\"logo\":{\"@type\":\"ImageObject\",\"inLanguage\":\"fr-FR\",\"@id\":\"https:\\\/\\\/brouns.eu\\\/fr\\\/#\\\/schema\\\/logo\\\/image\\\/\",\"url\":\"https:\\\/\\\/brouns.eu\\\/wp-content\\\/uploads\\\/2024\\\/04\\\/Brouns-_-co-Logo-no-linseed-paint-oil.png\",\"contentUrl\":\"https:\\\/\\\/brouns.eu\\\/wp-content\\\/uploads\\\/2024\\\/04\\\/Brouns-_-co-Logo-no-linseed-paint-oil.png\",\"width\":650,\"height\":60,\"caption\":\"Brouns &amp; Co EU\"},\"image\":{\"@id\":\"https:\\\/\\\/brouns.eu\\\/fr\\\/#\\\/schema\\\/logo\\\/image\\\/\"}}]}<\/script>\n<!-- \/ Yoast SEO plugin. -->","yoast_head_json":{"title":"Le processus de fabrication - Brouns &amp; Co EU","robots":{"index":"index","follow":"follow","max-snippet":"max-snippet:-1","max-image-preview":"max-image-preview:large","max-video-preview":"max-video-preview:-1"},"canonical":"https:\/\/brouns.eu\/fr\/le-processus-de-fabrication\/","og_locale":"fr_FR","og_type":"article","og_title":"Le processus de fabrication - Brouns &amp; Co EU","og_description":"Le processus de fabrication Explorer Fabrication de peinture \u00e0 l&#8217;huile de lin Traditionnellement, les artistes et les d\u00e9corateurs fabriquaient leur propre peinture en m\u00e9langeant une p\u00e2te \u00e0 partir des pigments de leur choix et d&#8217;une base d&#8217;huile. Ils le faisaient \u00e0 l&#8217;aide d&#8217;outils manuels simples : juste une meule (un outil \u00e0 manche court pour [&hellip;]","og_url":"https:\/\/brouns.eu\/fr\/le-processus-de-fabrication\/","og_site_name":"Brouns &amp; Co EU","article_modified_time":"2025-03-08T19:32:54+00:00","twitter_card":"summary_large_image","twitter_misc":{"Dur\u00e9e de lecture estim\u00e9e":"2 minutes"},"schema":{"@context":"https:\/\/schema.org","@graph":[{"@type":"WebPage","@id":"https:\/\/brouns.eu\/fr\/le-processus-de-fabrication\/","url":"https:\/\/brouns.eu\/fr\/le-processus-de-fabrication\/","name":"Le processus de fabrication - Brouns &amp; Co EU","isPartOf":{"@id":"https:\/\/brouns.eu\/fr\/#website"},"datePublished":"2024-07-05T14:32:23+00:00","dateModified":"2025-03-08T19:32:54+00:00","breadcrumb":{"@id":"https:\/\/brouns.eu\/fr\/le-processus-de-fabrication\/#breadcrumb"},"inLanguage":"fr-FR","potentialAction":[{"@type":"ReadAction","target":["https:\/\/brouns.eu\/fr\/le-processus-de-fabrication\/"]}]},{"@type":"BreadcrumbList","@id":"https:\/\/brouns.eu\/fr\/le-processus-de-fabrication\/#breadcrumb","itemListElement":[{"@type":"ListItem","position":1,"name":"Home","item":"https:\/\/brouns.eu\/fr\/"},{"@type":"ListItem","position":2,"name":"Le processus de fabrication"}]},{"@type":"WebSite","@id":"https:\/\/brouns.eu\/fr\/#website","url":"https:\/\/brouns.eu\/fr\/","name":"Brouns &amp; Co EU","description":"","publisher":{"@id":"https:\/\/brouns.eu\/fr\/#organization"},"potentialAction":[{"@type":"SearchAction","target":{"@type":"EntryPoint","urlTemplate":"https:\/\/brouns.eu\/fr\/?s={search_term_string}"},"query-input":{"@type":"PropertyValueSpecification","valueRequired":true,"valueName":"search_term_string"}}],"inLanguage":"fr-FR"},{"@type":"Organization","@id":"https:\/\/brouns.eu\/fr\/#organization","name":"Brouns &amp; Co EU","url":"https:\/\/brouns.eu\/fr\/","logo":{"@type":"ImageObject","inLanguage":"fr-FR","@id":"https:\/\/brouns.eu\/fr\/#\/schema\/logo\/image\/","url":"https:\/\/brouns.eu\/wp-content\/uploads\/2024\/04\/Brouns-_-co-Logo-no-linseed-paint-oil.png","contentUrl":"https:\/\/brouns.eu\/wp-content\/uploads\/2024\/04\/Brouns-_-co-Logo-no-linseed-paint-oil.png","width":650,"height":60,"caption":"Brouns &amp; Co EU"},"image":{"@id":"https:\/\/brouns.eu\/fr\/#\/schema\/logo\/image\/"}}]}},"_links":{"self":[{"href":"https:\/\/brouns.eu\/fr\/wp-json\/wp\/v2\/pages\/17753","targetHints":{"allow":["GET"]}}],"collection":[{"href":"https:\/\/brouns.eu\/fr\/wp-json\/wp\/v2\/pages"}],"about":[{"href":"https:\/\/brouns.eu\/fr\/wp-json\/wp\/v2\/types\/page"}],"author":[{"embeddable":true,"href":"https:\/\/brouns.eu\/fr\/wp-json\/wp\/v2\/users\/1"}],"replies":[{"embeddable":true,"href":"https:\/\/brouns.eu\/fr\/wp-json\/wp\/v2\/comments?post=17753"}],"version-history":[{"count":1,"href":"https:\/\/brouns.eu\/fr\/wp-json\/wp\/v2\/pages\/17753\/revisions"}],"predecessor-version":[{"id":17754,"href":"https:\/\/brouns.eu\/fr\/wp-json\/wp\/v2\/pages\/17753\/revisions\/17754"}],"wp:attachment":[{"href":"https:\/\/brouns.eu\/fr\/wp-json\/wp\/v2\/media?parent=17753"}],"curies":[{"name":"wp","href":"https:\/\/api.w.org\/{rel}","templated":true}]}}