{"id":23659,"date":"2025-11-12T09:48:05","date_gmt":"2025-11-12T09:48:05","guid":{"rendered":"https:\/\/brouns.eu\/product\/sin%20categor\u00eda\/el-hogar-calido-y-seco-por-pete-ward\/"},"modified":"2025-11-12T11:33:27","modified_gmt":"2025-11-12T11:33:27","slug":"the-warm-dry-home-pete-ward","status":"publish","type":"product","link":"https:\/\/brouns.eu\/es\/product\/libros\/the-warm-dry-home-pete-ward\/","title":{"rendered":"The Warm Dry Home by Pete Ward"},"content":{"rendered":"","protected":false},"excerpt":{"rendered":"<p>Este no es un libro sobre la humedad, sino sobre los edificios tradicionales y c\u00f3mo los habitamos y mantenemos.<\/p>\n<p>Es una lectura imprescindible para propietarios, arquitectos, aparejadores y constructores. Desaf\u00eda las ideas convencionales sobre la humedad en los edificios y ofrece una perspectiva novedosa que puede sorprenderte. En sus p\u00e1ginas, aprender\u00e1s a prevenir la humedad y el deterioro en tus hogares y lugares de trabajo, as\u00ed como m\u00e9todos pr\u00e1cticos para identificar y solucionar los problemas existentes.<\/p>\n","protected":false},"featured_media":23649,"comment_status":"closed","ping_status":"closed","template":"","meta":{"_acf_changed":false,"site-sidebar-layout":"default","site-content-layout":"","ast-site-content-layout":"default","site-content-style":"default","site-sidebar-style":"default","ast-global-header-display":"","ast-banner-title-visibility":"","ast-main-header-display":"","ast-hfb-above-header-display":"","ast-hfb-below-header-display":"","ast-hfb-mobile-header-display":"","site-post-title":"","ast-breadcrumbs-content":"","ast-featured-img":"","footer-sml-layout":"","ast-disable-related-posts":"","theme-transparent-header-meta":"default","adv-header-id-meta":"","stick-header-meta":"default","header-above-stick-meta":"","header-main-stick-meta":"","header-below-stick-meta":"","astra-migrate-meta-layouts":"set","ast-page-background-enabled":"default","ast-page-background-meta":{"desktop":{"background-color":"","background-image":"","background-repeat":"repeat","background-position":"center center","background-size":"auto","background-attachment":"scroll","background-type":"","background-media":"","overlay-type":"","overlay-color":"","overlay-opacity":"","overlay-gradient":""},"tablet":{"background-color":"","background-image":"","background-repeat":"repeat","background-position":"center center","background-size":"auto","background-attachment":"scroll","background-type":"","background-media":"","overlay-type":"","overlay-color":"","overlay-opacity":"","overlay-gradient":""},"mobile":{"background-color":"","background-image":"","background-repeat":"repeat","background-position":"center center","background-size":"auto","background-attachment":"scroll","background-type":"","background-media":"","overlay-type":"","overlay-color":"","overlay-opacity":"","overlay-gradient":""}},"ast-content-background-meta":{"desktop":{"background-color":"var(--ast-global-color-5)","background-image":"","background-repeat":"repeat","background-position":"center center","background-size":"auto","background-attachment":"scroll","background-type":"","background-media":"","overlay-type":"","overlay-color":"","overlay-opacity":"","overlay-gradient":""},"tablet":{"background-color":"var(--ast-global-color-5)","background-image":"","background-repeat":"repeat","background-position":"center center","background-size":"auto","background-attachment":"scroll","background-type":"","background-media":"","overlay-type":"","overlay-color":"","overlay-opacity":"","overlay-gradient":""},"mobile":{"background-color":"var(--ast-global-color-5)","background-image":"","background-repeat":"repeat","background-position":"center center","background-size":"auto","background-attachment":"scroll","background-type":"","background-media":"","overlay-type":"","overlay-color":"","overlay-opacity":"","overlay-gradient":""}},"ngg_post_thumbnail":0},"product_brand":[],"product_cat":[510],"product_tag":[],"class_list":{"0":"post-23659","1":"product","2":"type-product","3":"status-publish","4":"has-post-thumbnail","6":"product_cat-libros","7":"desktop-align-center","8":"tablet-align-center","9":"mobile-align-center","10":"ast-product-gallery-layout-horizontal","11":"ast-product-tabs-layout-horizontal","12":"ast-qv-on-image","14":"first","15":"instock","16":"taxable","17":"shipping-taxable","18":"purchasable","19":"product-type-simple"},"acf":[],"yoast_head":"<!-- This site is optimized with the Yoast SEO plugin v27.4 - https:\/\/yoast.com\/product\/yoast-seo-wordpress\/ -->\n<title>The Warm Dry Home by Pete Ward - Brouns &amp; Co EU<\/title>\n<meta name=\"description\" content=\"El libro &quot;Hogar c\u00e1lido y seco&quot; de Pete Ward es una gu\u00eda pr\u00e1ctica para comprender las causas de la humedad y las soluciones para la humedad en los edificios.\" \/>\n<meta name=\"robots\" content=\"index, nofollow, max-video-preview:-1, noimageindex, noarchive, nosnippet\" \/>\n<link rel=\"canonical\" href=\"https:\/\/brouns.eu\/es\/product\/libros\/the-warm-dry-home-pete-ward\/\" \/>\n<meta property=\"og:locale\" content=\"es_ES\" \/>\n<meta property=\"og:type\" content=\"article\" \/>\n<meta property=\"og:title\" content=\"The Warm Dry Home by Pete Ward - Brouns &amp; Co EU\" \/>\n<meta property=\"og:description\" content=\"El libro &quot;Hogar c\u00e1lido y seco&quot; de Pete Ward es una gu\u00eda pr\u00e1ctica para comprender las causas de la humedad y las soluciones para la humedad en los edificios.\" \/>\n<meta property=\"og:url\" content=\"https:\/\/brouns.eu\/es\/product\/libros\/the-warm-dry-home-pete-ward\/\" \/>\n<meta property=\"og:site_name\" content=\"Brouns &amp; Co EU\" \/>\n<meta property=\"article:modified_time\" content=\"2025-11-12T11:33:27+00:00\" \/>\n<meta property=\"og:image\" content=\"https:\/\/brouns.eu\/wp-content\/uploads\/2025\/11\/The-Warm-Dry-Home-Book-By-Pete-Ward.jpg\" \/>\n\t<meta property=\"og:image:width\" content=\"1000\" \/>\n\t<meta property=\"og:image:height\" content=\"1000\" \/>\n\t<meta property=\"og:image:type\" content=\"image\/jpeg\" \/>\n<meta name=\"twitter:card\" content=\"summary_large_image\" \/>\n<meta name=\"twitter:label1\" content=\"Tiempo de lectura\" \/>\n\t<meta name=\"twitter:data1\" content=\"1 minuto\" \/>\n<script type=\"application\/ld+json\" class=\"yoast-schema-graph\">{\"@context\":\"https:\\\/\\\/schema.org\",\"@graph\":[{\"@type\":\"WebPage\",\"@id\":\"https:\\\/\\\/brouns.eu\\\/es\\\/product\\\/libros\\\/the-warm-dry-home-pete-ward\\\/\",\"url\":\"https:\\\/\\\/brouns.eu\\\/es\\\/product\\\/libros\\\/the-warm-dry-home-pete-ward\\\/\",\"name\":\"The Warm Dry Home by Pete Ward - Brouns &amp; Co EU\",\"isPartOf\":{\"@id\":\"https:\\\/\\\/brouns.eu\\\/es\\\/#website\"},\"primaryImageOfPage\":{\"@id\":\"https:\\\/\\\/brouns.eu\\\/es\\\/product\\\/libros\\\/the-warm-dry-home-pete-ward\\\/#primaryimage\"},\"image\":{\"@id\":\"https:\\\/\\\/brouns.eu\\\/es\\\/product\\\/libros\\\/the-warm-dry-home-pete-ward\\\/#primaryimage\"},\"thumbnailUrl\":\"https:\\\/\\\/brouns.eu\\\/wp-content\\\/uploads\\\/2025\\\/11\\\/The-Warm-Dry-Home-Book-By-Pete-Ward.jpg\",\"datePublished\":\"2025-11-12T09:48:05+00:00\",\"dateModified\":\"2025-11-12T11:33:27+00:00\",\"description\":\"El libro \\\"Hogar c\u00e1lido y seco\\\" de Pete Ward es una gu\u00eda pr\u00e1ctica para comprender las causas de la humedad y las soluciones para la humedad en los edificios.\",\"breadcrumb\":{\"@id\":\"https:\\\/\\\/brouns.eu\\\/es\\\/product\\\/libros\\\/the-warm-dry-home-pete-ward\\\/#breadcrumb\"},\"inLanguage\":\"es\",\"potentialAction\":[{\"@type\":\"ReadAction\",\"target\":[\"https:\\\/\\\/brouns.eu\\\/es\\\/product\\\/libros\\\/the-warm-dry-home-pete-ward\\\/\"]}]},{\"@type\":\"ImageObject\",\"inLanguage\":\"es\",\"@id\":\"https:\\\/\\\/brouns.eu\\\/es\\\/product\\\/libros\\\/the-warm-dry-home-pete-ward\\\/#primaryimage\",\"url\":\"https:\\\/\\\/brouns.eu\\\/wp-content\\\/uploads\\\/2025\\\/11\\\/The-Warm-Dry-Home-Book-By-Pete-Ward.jpg\",\"contentUrl\":\"https:\\\/\\\/brouns.eu\\\/wp-content\\\/uploads\\\/2025\\\/11\\\/The-Warm-Dry-Home-Book-By-Pete-Ward.jpg\",\"width\":1000,\"height\":1000},{\"@type\":\"BreadcrumbList\",\"@id\":\"https:\\\/\\\/brouns.eu\\\/es\\\/product\\\/libros\\\/the-warm-dry-home-pete-ward\\\/#breadcrumb\",\"itemListElement\":[{\"@type\":\"ListItem\",\"position\":1,\"name\":\"Home\",\"item\":\"https:\\\/\\\/brouns.eu\\\/es\\\/\"},{\"@type\":\"ListItem\",\"position\":2,\"name\":\"Comercio\",\"item\":\"https:\\\/\\\/brouns.eu\\\/comercio\\\/\"},{\"@type\":\"ListItem\",\"position\":3,\"name\":\"The Warm Dry Home by Pete Ward\"}]},{\"@type\":\"WebSite\",\"@id\":\"https:\\\/\\\/brouns.eu\\\/es\\\/#website\",\"url\":\"https:\\\/\\\/brouns.eu\\\/es\\\/\",\"name\":\"Brouns &amp; Co EU\",\"description\":\"\",\"publisher\":{\"@id\":\"https:\\\/\\\/brouns.eu\\\/es\\\/#organization\"},\"potentialAction\":[{\"@type\":\"SearchAction\",\"target\":{\"@type\":\"EntryPoint\",\"urlTemplate\":\"https:\\\/\\\/brouns.eu\\\/es\\\/?s={search_term_string}\"},\"query-input\":{\"@type\":\"PropertyValueSpecification\",\"valueRequired\":true,\"valueName\":\"search_term_string\"}}],\"inLanguage\":\"es\"},{\"@type\":\"Organization\",\"@id\":\"https:\\\/\\\/brouns.eu\\\/es\\\/#organization\",\"name\":\"Brouns &amp; Co EU\",\"url\":\"https:\\\/\\\/brouns.eu\\\/es\\\/\",\"logo\":{\"@type\":\"ImageObject\",\"inLanguage\":\"es\",\"@id\":\"https:\\\/\\\/brouns.eu\\\/es\\\/#\\\/schema\\\/logo\\\/image\\\/\",\"url\":\"https:\\\/\\\/brouns.eu\\\/wp-content\\\/uploads\\\/2024\\\/04\\\/Brouns-_-co-Logo-no-linseed-paint-oil.png\",\"contentUrl\":\"https:\\\/\\\/brouns.eu\\\/wp-content\\\/uploads\\\/2024\\\/04\\\/Brouns-_-co-Logo-no-linseed-paint-oil.png\",\"width\":650,\"height\":60,\"caption\":\"Brouns &amp; Co EU\"},\"image\":{\"@id\":\"https:\\\/\\\/brouns.eu\\\/es\\\/#\\\/schema\\\/logo\\\/image\\\/\"}}]}<\/script>\n<!-- \/ Yoast SEO plugin. -->","yoast_head_json":{"title":"The Warm Dry Home by Pete Ward - Brouns &amp; Co EU","description":"El libro \"Hogar c\u00e1lido y seco\" de Pete Ward es una gu\u00eda pr\u00e1ctica para comprender las causas de la humedad y las soluciones para la humedad en los edificios.","robots":{"index":"index","follow":"nofollow","max-video-preview":"max-video-preview:-1","imageindex":"noimageindex","archive":"noarchive","snippet":"nosnippet"},"canonical":"https:\/\/brouns.eu\/es\/product\/libros\/the-warm-dry-home-pete-ward\/","og_locale":"es_ES","og_type":"article","og_title":"The Warm Dry Home by Pete Ward - Brouns &amp; Co EU","og_description":"El libro \"Hogar c\u00e1lido y seco\" de Pete Ward es una gu\u00eda pr\u00e1ctica para comprender las causas de la humedad y las soluciones para la humedad en los edificios.","og_url":"https:\/\/brouns.eu\/es\/product\/libros\/the-warm-dry-home-pete-ward\/","og_site_name":"Brouns &amp; Co EU","article_modified_time":"2025-11-12T11:33:27+00:00","og_image":[{"width":1000,"height":1000,"url":"https:\/\/brouns.eu\/wp-content\/uploads\/2025\/11\/The-Warm-Dry-Home-Book-By-Pete-Ward.jpg","type":"image\/jpeg"}],"twitter_card":"summary_large_image","twitter_misc":{"Tiempo de lectura":"1 minuto"},"schema":{"@context":"https:\/\/schema.org","@graph":[{"@type":"WebPage","@id":"https:\/\/brouns.eu\/es\/product\/libros\/the-warm-dry-home-pete-ward\/","url":"https:\/\/brouns.eu\/es\/product\/libros\/the-warm-dry-home-pete-ward\/","name":"The Warm Dry Home by Pete Ward - Brouns &amp; Co EU","isPartOf":{"@id":"https:\/\/brouns.eu\/es\/#website"},"primaryImageOfPage":{"@id":"https:\/\/brouns.eu\/es\/product\/libros\/the-warm-dry-home-pete-ward\/#primaryimage"},"image":{"@id":"https:\/\/brouns.eu\/es\/product\/libros\/the-warm-dry-home-pete-ward\/#primaryimage"},"thumbnailUrl":"https:\/\/brouns.eu\/wp-content\/uploads\/2025\/11\/The-Warm-Dry-Home-Book-By-Pete-Ward.jpg","datePublished":"2025-11-12T09:48:05+00:00","dateModified":"2025-11-12T11:33:27+00:00","description":"El libro \"Hogar c\u00e1lido y seco\" de Pete Ward es una gu\u00eda pr\u00e1ctica para comprender las causas de la humedad y las soluciones para la humedad en los edificios.","breadcrumb":{"@id":"https:\/\/brouns.eu\/es\/product\/libros\/the-warm-dry-home-pete-ward\/#breadcrumb"},"inLanguage":"es","potentialAction":[{"@type":"ReadAction","target":["https:\/\/brouns.eu\/es\/product\/libros\/the-warm-dry-home-pete-ward\/"]}]},{"@type":"ImageObject","inLanguage":"es","@id":"https:\/\/brouns.eu\/es\/product\/libros\/the-warm-dry-home-pete-ward\/#primaryimage","url":"https:\/\/brouns.eu\/wp-content\/uploads\/2025\/11\/The-Warm-Dry-Home-Book-By-Pete-Ward.jpg","contentUrl":"https:\/\/brouns.eu\/wp-content\/uploads\/2025\/11\/The-Warm-Dry-Home-Book-By-Pete-Ward.jpg","width":1000,"height":1000},{"@type":"BreadcrumbList","@id":"https:\/\/brouns.eu\/es\/product\/libros\/the-warm-dry-home-pete-ward\/#breadcrumb","itemListElement":[{"@type":"ListItem","position":1,"name":"Home","item":"https:\/\/brouns.eu\/es\/"},{"@type":"ListItem","position":2,"name":"Comercio","item":"https:\/\/brouns.eu\/comercio\/"},{"@type":"ListItem","position":3,"name":"The Warm Dry Home by Pete Ward"}]},{"@type":"WebSite","@id":"https:\/\/brouns.eu\/es\/#website","url":"https:\/\/brouns.eu\/es\/","name":"Brouns &amp; Co EU","description":"","publisher":{"@id":"https:\/\/brouns.eu\/es\/#organization"},"potentialAction":[{"@type":"SearchAction","target":{"@type":"EntryPoint","urlTemplate":"https:\/\/brouns.eu\/es\/?s={search_term_string}"},"query-input":{"@type":"PropertyValueSpecification","valueRequired":true,"valueName":"search_term_string"}}],"inLanguage":"es"},{"@type":"Organization","@id":"https:\/\/brouns.eu\/es\/#organization","name":"Brouns &amp; Co EU","url":"https:\/\/brouns.eu\/es\/","logo":{"@type":"ImageObject","inLanguage":"es","@id":"https:\/\/brouns.eu\/es\/#\/schema\/logo\/image\/","url":"https:\/\/brouns.eu\/wp-content\/uploads\/2024\/04\/Brouns-_-co-Logo-no-linseed-paint-oil.png","contentUrl":"https:\/\/brouns.eu\/wp-content\/uploads\/2024\/04\/Brouns-_-co-Logo-no-linseed-paint-oil.png","width":650,"height":60,"caption":"Brouns &amp; Co EU"},"image":{"@id":"https:\/\/brouns.eu\/es\/#\/schema\/logo\/image\/"}}]}},"_links":{"self":[{"href":"https:\/\/brouns.eu\/es\/wp-json\/wp\/v2\/product\/23659","targetHints":{"allow":["GET"]}}],"collection":[{"href":"https:\/\/brouns.eu\/es\/wp-json\/wp\/v2\/product"}],"about":[{"href":"https:\/\/brouns.eu\/es\/wp-json\/wp\/v2\/types\/product"}],"replies":[{"embeddable":true,"href":"https:\/\/brouns.eu\/es\/wp-json\/wp\/v2\/comments?post=23659"}],"version-history":[{"count":1,"href":"https:\/\/brouns.eu\/es\/wp-json\/wp\/v2\/product\/23659\/revisions"}],"predecessor-version":[{"id":23667,"href":"https:\/\/brouns.eu\/es\/wp-json\/wp\/v2\/product\/23659\/revisions\/23667"}],"wp:featuredmedia":[{"embeddable":true,"href":"https:\/\/brouns.eu\/es\/wp-json\/wp\/v2\/media\/23649"}],"wp:attachment":[{"href":"https:\/\/brouns.eu\/es\/wp-json\/wp\/v2\/media?parent=23659"}],"wp:term":[{"taxonomy":"product_brand","embeddable":true,"href":"https:\/\/brouns.eu\/es\/wp-json\/wp\/v2\/product_brand?post=23659"},{"taxonomy":"product_cat","embeddable":true,"href":"https:\/\/brouns.eu\/es\/wp-json\/wp\/v2\/product_cat?post=23659"},{"taxonomy":"product_tag","embeddable":true,"href":"https:\/\/brouns.eu\/es\/wp-json\/wp\/v2\/product_tag?post=23659"}],"curies":[{"name":"wp","href":"https:\/\/api.w.org\/{rel}","templated":true}]}}