{"id":22645,"date":"2024-10-29T21:27:08","date_gmt":"2024-10-29T21:27:08","guid":{"rendered":"https:\/\/brouns.eu\/product\/sin%20categor\u00eda\/libro-de-pintura-y-aceite-de-linaza-de-michiel-brouns\/"},"modified":"2025-11-12T11:49:52","modified_gmt":"2025-11-12T11:49:52","slug":"linseed-paint-and-oil-by-michiel-brouns","status":"publish","type":"product","link":"https:\/\/brouns.eu\/es\/product\/libros\/linseed-paint-and-oil-by-michiel-brouns\/","title":{"rendered":"Linseed Paint and Oil by Michiel Brouns"},"content":{"rendered":"","protected":false},"excerpt":{"rendered":"<p><strong>\u00a1\u00a1YA EN STOCK!!<\/strong><\/p>\n<p>La pintura de linaza ayud\u00f3 a proteger la madera y el hierro durante siglos. Sin embargo, desde la llegada de las pinturas petroqu\u00edmicas, la industria ha olvidado en gran medida el valor de las alternativas tradicionales. Este libro ofrece una perspectiva de los beneficios de la pintura de linaza para arquitectos, decoradores profesionales, restauradores y aficionados al bricolaje.<\/p>\n<p>Escrito por nuestro fundador y director ejecutivo, Michiel Brouns, describe en detalle el papel \u00fanico que desempe\u00f1a la pintura de linaza en la preservaci\u00f3n de edificios hist\u00f3ricos, incluyendo: Qu\u00e9 es la pintura de linaza, cu\u00e1les son los ingredientes y c\u00f3mo se elabora; los beneficios de la pintura de linaza y c\u00f3mo funciona a nivel molecular, c\u00f3mo la pintura de linaza puede desempe\u00f1ar un papel fundamental en la reducci\u00f3n de micropl\u00e1sticos y hacer que las industrias de la construcci\u00f3n y la restauraci\u00f3n sean m\u00e1s sustentables, e instrucciones detalladas paso a paso para aplicar pintura de linaza a una variedad de superficies.<\/p>\n","protected":false},"featured_media":22646,"comment_status":"closed","ping_status":"closed","template":"","meta":{"_acf_changed":false,"site-sidebar-layout":"default","site-content-layout":"","ast-site-content-layout":"default","site-content-style":"default","site-sidebar-style":"default","ast-global-header-display":"","ast-banner-title-visibility":"","ast-main-header-display":"","ast-hfb-above-header-display":"","ast-hfb-below-header-display":"","ast-hfb-mobile-header-display":"","site-post-title":"","ast-breadcrumbs-content":"","ast-featured-img":"","footer-sml-layout":"","ast-disable-related-posts":"","theme-transparent-header-meta":"default","adv-header-id-meta":"","stick-header-meta":"default","header-above-stick-meta":"","header-main-stick-meta":"","header-below-stick-meta":"","astra-migrate-meta-layouts":"set","ast-page-background-enabled":"default","ast-page-background-meta":{"desktop":{"background-color":"","background-image":"","background-repeat":"repeat","background-position":"center center","background-size":"auto","background-attachment":"scroll","background-type":"","background-media":"","overlay-type":"","overlay-color":"","overlay-opacity":"","overlay-gradient":""},"tablet":{"background-color":"","background-image":"","background-repeat":"repeat","background-position":"center center","background-size":"auto","background-attachment":"scroll","background-type":"","background-media":"","overlay-type":"","overlay-color":"","overlay-opacity":"","overlay-gradient":""},"mobile":{"background-color":"","background-image":"","background-repeat":"repeat","background-position":"center center","background-size":"auto","background-attachment":"scroll","background-type":"","background-media":"","overlay-type":"","overlay-color":"","overlay-opacity":"","overlay-gradient":""}},"ast-content-background-meta":{"desktop":{"background-color":"var(--ast-global-color-5)","background-image":"","background-repeat":"repeat","background-position":"center center","background-size":"auto","background-attachment":"scroll","background-type":"","background-media":"","overlay-type":"","overlay-color":"","overlay-opacity":"","overlay-gradient":""},"tablet":{"background-color":"var(--ast-global-color-5)","background-image":"","background-repeat":"repeat","background-position":"center center","background-size":"auto","background-attachment":"scroll","background-type":"","background-media":"","overlay-type":"","overlay-color":"","overlay-opacity":"","overlay-gradient":""},"mobile":{"background-color":"var(--ast-global-color-5)","background-image":"","background-repeat":"repeat","background-position":"center center","background-size":"auto","background-attachment":"scroll","background-type":"","background-media":"","overlay-type":"","overlay-color":"","overlay-opacity":"","overlay-gradient":""}},"ngg_post_thumbnail":0},"product_brand":[],"product_cat":[510],"product_tag":[],"class_list":{"0":"post-22645","1":"product","2":"type-product","3":"status-publish","4":"has-post-thumbnail","6":"product_cat-libros","7":"product_shipping_class-book","8":"pa_size-por-defecto","9":"desktop-align-center","10":"tablet-align-center","11":"mobile-align-center","12":"ast-product-gallery-layout-horizontal","13":"ast-product-tabs-layout-horizontal","14":"ast-qv-on-image","16":"first","17":"instock","18":"taxable","19":"shipping-taxable","20":"purchasable","21":"product-type-simple"},"acf":[],"yoast_head":"<!-- This site is optimized with the Yoast SEO plugin v27.4 - https:\/\/yoast.com\/product\/yoast-seo-wordpress\/ -->\n<title>Linseed Paint and Oil by Michiel Brouns - Brouns &amp; Co EU<\/title>\n<meta name=\"robots\" content=\"index, nofollow, max-video-preview:-1, noimageindex, noarchive, nosnippet\" \/>\n<link rel=\"canonical\" href=\"https:\/\/brouns.eu\/es\/product\/libros\/linseed-paint-and-oil-by-michiel-brouns\/\" \/>\n<meta property=\"og:locale\" content=\"es_ES\" \/>\n<meta property=\"og:type\" content=\"article\" \/>\n<meta property=\"og:title\" content=\"Linseed Paint and Oil by Michiel Brouns - Brouns &amp; Co EU\" \/>\n<meta property=\"og:description\" content=\"\u00a1\u00a1YA EN STOCK!!  La pintura de linaza ayud\u00f3 a proteger la madera y el hierro durante siglos. Sin embargo, desde la llegada de las pinturas petroqu\u00edmicas, la industria ha olvidado en gran medida el valor de las alternativas tradicionales. Este libro ofrece una perspectiva de los beneficios de la pintura de linaza para arquitectos, decoradores profesionales, restauradores y aficionados al bricolaje.  Escrito por nuestro fundador y director ejecutivo, Michiel Brouns, describe en detalle el papel \u00fanico que desempe\u00f1a la pintura de linaza en la preservaci\u00f3n de edificios hist\u00f3ricos, incluyendo: Qu\u00e9 es la pintura de linaza, cu\u00e1les son los ingredientes y c\u00f3mo se elabora; los beneficios de la pintura de linaza y c\u00f3mo funciona a nivel molecular, c\u00f3mo la pintura de linaza puede desempe\u00f1ar un papel fundamental en la reducci\u00f3n de micropl\u00e1sticos y hacer que las industrias de la construcci\u00f3n y la restauraci\u00f3n sean m\u00e1s sustentables, e instrucciones detalladas paso a paso para aplicar pintura de linaza a una variedad de superficies.\" \/>\n<meta property=\"og:url\" content=\"https:\/\/brouns.eu\/es\/product\/libros\/linseed-paint-and-oil-by-michiel-brouns\/\" \/>\n<meta property=\"og:site_name\" content=\"Brouns &amp; Co EU\" \/>\n<meta property=\"article:modified_time\" content=\"2025-11-12T11:49:52+00:00\" \/>\n<meta property=\"og:image\" content=\"https:\/\/brouns.eu\/wp-content\/uploads\/2024\/10\/LinseedPaintandOil_web_1000.jpg\" \/>\n\t<meta property=\"og:image:width\" content=\"611\" \/>\n\t<meta property=\"og:image:height\" content=\"800\" \/>\n\t<meta property=\"og:image:type\" content=\"image\/jpeg\" \/>\n<meta name=\"twitter:card\" content=\"summary_large_image\" \/>\n<meta name=\"twitter:label1\" content=\"Tiempo de lectura\" \/>\n\t<meta name=\"twitter:data1\" content=\"1 minuto\" \/>\n<script type=\"application\/ld+json\" class=\"yoast-schema-graph\">{\"@context\":\"https:\\\/\\\/schema.org\",\"@graph\":[{\"@type\":\"WebPage\",\"@id\":\"https:\\\/\\\/brouns.eu\\\/es\\\/product\\\/libros\\\/linseed-paint-and-oil-by-michiel-brouns\\\/\",\"url\":\"https:\\\/\\\/brouns.eu\\\/es\\\/product\\\/libros\\\/linseed-paint-and-oil-by-michiel-brouns\\\/\",\"name\":\"Linseed Paint and Oil by Michiel Brouns - Brouns &amp; Co EU\",\"isPartOf\":{\"@id\":\"https:\\\/\\\/brouns.eu\\\/es\\\/#website\"},\"primaryImageOfPage\":{\"@id\":\"https:\\\/\\\/brouns.eu\\\/es\\\/product\\\/libros\\\/linseed-paint-and-oil-by-michiel-brouns\\\/#primaryimage\"},\"image\":{\"@id\":\"https:\\\/\\\/brouns.eu\\\/es\\\/product\\\/libros\\\/linseed-paint-and-oil-by-michiel-brouns\\\/#primaryimage\"},\"thumbnailUrl\":\"https:\\\/\\\/brouns.eu\\\/wp-content\\\/uploads\\\/2024\\\/10\\\/LinseedPaintandOil_web_1000.jpg\",\"datePublished\":\"2024-10-29T21:27:08+00:00\",\"dateModified\":\"2025-11-12T11:49:52+00:00\",\"breadcrumb\":{\"@id\":\"https:\\\/\\\/brouns.eu\\\/es\\\/product\\\/libros\\\/linseed-paint-and-oil-by-michiel-brouns\\\/#breadcrumb\"},\"inLanguage\":\"es\",\"potentialAction\":[{\"@type\":\"ReadAction\",\"target\":[\"https:\\\/\\\/brouns.eu\\\/es\\\/product\\\/libros\\\/linseed-paint-and-oil-by-michiel-brouns\\\/\"]}]},{\"@type\":\"ImageObject\",\"inLanguage\":\"es\",\"@id\":\"https:\\\/\\\/brouns.eu\\\/es\\\/product\\\/libros\\\/linseed-paint-and-oil-by-michiel-brouns\\\/#primaryimage\",\"url\":\"https:\\\/\\\/brouns.eu\\\/wp-content\\\/uploads\\\/2024\\\/10\\\/LinseedPaintandOil_web_1000.jpg\",\"contentUrl\":\"https:\\\/\\\/brouns.eu\\\/wp-content\\\/uploads\\\/2024\\\/10\\\/LinseedPaintandOil_web_1000.jpg\",\"width\":611,\"height\":800},{\"@type\":\"BreadcrumbList\",\"@id\":\"https:\\\/\\\/brouns.eu\\\/es\\\/product\\\/libros\\\/linseed-paint-and-oil-by-michiel-brouns\\\/#breadcrumb\",\"itemListElement\":[{\"@type\":\"ListItem\",\"position\":1,\"name\":\"Home\",\"item\":\"https:\\\/\\\/brouns.eu\\\/es\\\/\"},{\"@type\":\"ListItem\",\"position\":2,\"name\":\"Comercio\",\"item\":\"https:\\\/\\\/brouns.eu\\\/comercio\\\/\"},{\"@type\":\"ListItem\",\"position\":3,\"name\":\"Linseed Paint and Oil by Michiel Brouns\"}]},{\"@type\":\"WebSite\",\"@id\":\"https:\\\/\\\/brouns.eu\\\/es\\\/#website\",\"url\":\"https:\\\/\\\/brouns.eu\\\/es\\\/\",\"name\":\"Brouns &amp; Co EU\",\"description\":\"\",\"publisher\":{\"@id\":\"https:\\\/\\\/brouns.eu\\\/es\\\/#organization\"},\"potentialAction\":[{\"@type\":\"SearchAction\",\"target\":{\"@type\":\"EntryPoint\",\"urlTemplate\":\"https:\\\/\\\/brouns.eu\\\/es\\\/?s={search_term_string}\"},\"query-input\":{\"@type\":\"PropertyValueSpecification\",\"valueRequired\":true,\"valueName\":\"search_term_string\"}}],\"inLanguage\":\"es\"},{\"@type\":\"Organization\",\"@id\":\"https:\\\/\\\/brouns.eu\\\/es\\\/#organization\",\"name\":\"Brouns &amp; Co EU\",\"url\":\"https:\\\/\\\/brouns.eu\\\/es\\\/\",\"logo\":{\"@type\":\"ImageObject\",\"inLanguage\":\"es\",\"@id\":\"https:\\\/\\\/brouns.eu\\\/es\\\/#\\\/schema\\\/logo\\\/image\\\/\",\"url\":\"https:\\\/\\\/brouns.eu\\\/wp-content\\\/uploads\\\/2024\\\/04\\\/Brouns-_-co-Logo-no-linseed-paint-oil.png\",\"contentUrl\":\"https:\\\/\\\/brouns.eu\\\/wp-content\\\/uploads\\\/2024\\\/04\\\/Brouns-_-co-Logo-no-linseed-paint-oil.png\",\"width\":650,\"height\":60,\"caption\":\"Brouns &amp; Co EU\"},\"image\":{\"@id\":\"https:\\\/\\\/brouns.eu\\\/es\\\/#\\\/schema\\\/logo\\\/image\\\/\"}}]}<\/script>\n<!-- \/ Yoast SEO plugin. -->","yoast_head_json":{"title":"Linseed Paint and Oil by Michiel Brouns - Brouns &amp; Co EU","robots":{"index":"index","follow":"nofollow","max-video-preview":"max-video-preview:-1","imageindex":"noimageindex","archive":"noarchive","snippet":"nosnippet"},"canonical":"https:\/\/brouns.eu\/es\/product\/libros\/linseed-paint-and-oil-by-michiel-brouns\/","og_locale":"es_ES","og_type":"article","og_title":"Linseed Paint and Oil by Michiel Brouns - Brouns &amp; Co EU","og_description":"\u00a1\u00a1YA EN STOCK!!  La pintura de linaza ayud\u00f3 a proteger la madera y el hierro durante siglos. Sin embargo, desde la llegada de las pinturas petroqu\u00edmicas, la industria ha olvidado en gran medida el valor de las alternativas tradicionales. Este libro ofrece una perspectiva de los beneficios de la pintura de linaza para arquitectos, decoradores profesionales, restauradores y aficionados al bricolaje.  Escrito por nuestro fundador y director ejecutivo, Michiel Brouns, describe en detalle el papel \u00fanico que desempe\u00f1a la pintura de linaza en la preservaci\u00f3n de edificios hist\u00f3ricos, incluyendo: Qu\u00e9 es la pintura de linaza, cu\u00e1les son los ingredientes y c\u00f3mo se elabora; los beneficios de la pintura de linaza y c\u00f3mo funciona a nivel molecular, c\u00f3mo la pintura de linaza puede desempe\u00f1ar un papel fundamental en la reducci\u00f3n de micropl\u00e1sticos y hacer que las industrias de la construcci\u00f3n y la restauraci\u00f3n sean m\u00e1s sustentables, e instrucciones detalladas paso a paso para aplicar pintura de linaza a una variedad de superficies.","og_url":"https:\/\/brouns.eu\/es\/product\/libros\/linseed-paint-and-oil-by-michiel-brouns\/","og_site_name":"Brouns &amp; Co EU","article_modified_time":"2025-11-12T11:49:52+00:00","og_image":[{"width":611,"height":800,"url":"https:\/\/brouns.eu\/wp-content\/uploads\/2024\/10\/LinseedPaintandOil_web_1000.jpg","type":"image\/jpeg"}],"twitter_card":"summary_large_image","twitter_misc":{"Tiempo de lectura":"1 minuto"},"schema":{"@context":"https:\/\/schema.org","@graph":[{"@type":"WebPage","@id":"https:\/\/brouns.eu\/es\/product\/libros\/linseed-paint-and-oil-by-michiel-brouns\/","url":"https:\/\/brouns.eu\/es\/product\/libros\/linseed-paint-and-oil-by-michiel-brouns\/","name":"Linseed Paint and Oil by Michiel Brouns - Brouns &amp; Co EU","isPartOf":{"@id":"https:\/\/brouns.eu\/es\/#website"},"primaryImageOfPage":{"@id":"https:\/\/brouns.eu\/es\/product\/libros\/linseed-paint-and-oil-by-michiel-brouns\/#primaryimage"},"image":{"@id":"https:\/\/brouns.eu\/es\/product\/libros\/linseed-paint-and-oil-by-michiel-brouns\/#primaryimage"},"thumbnailUrl":"https:\/\/brouns.eu\/wp-content\/uploads\/2024\/10\/LinseedPaintandOil_web_1000.jpg","datePublished":"2024-10-29T21:27:08+00:00","dateModified":"2025-11-12T11:49:52+00:00","breadcrumb":{"@id":"https:\/\/brouns.eu\/es\/product\/libros\/linseed-paint-and-oil-by-michiel-brouns\/#breadcrumb"},"inLanguage":"es","potentialAction":[{"@type":"ReadAction","target":["https:\/\/brouns.eu\/es\/product\/libros\/linseed-paint-and-oil-by-michiel-brouns\/"]}]},{"@type":"ImageObject","inLanguage":"es","@id":"https:\/\/brouns.eu\/es\/product\/libros\/linseed-paint-and-oil-by-michiel-brouns\/#primaryimage","url":"https:\/\/brouns.eu\/wp-content\/uploads\/2024\/10\/LinseedPaintandOil_web_1000.jpg","contentUrl":"https:\/\/brouns.eu\/wp-content\/uploads\/2024\/10\/LinseedPaintandOil_web_1000.jpg","width":611,"height":800},{"@type":"BreadcrumbList","@id":"https:\/\/brouns.eu\/es\/product\/libros\/linseed-paint-and-oil-by-michiel-brouns\/#breadcrumb","itemListElement":[{"@type":"ListItem","position":1,"name":"Home","item":"https:\/\/brouns.eu\/es\/"},{"@type":"ListItem","position":2,"name":"Comercio","item":"https:\/\/brouns.eu\/comercio\/"},{"@type":"ListItem","position":3,"name":"Linseed Paint and Oil by Michiel Brouns"}]},{"@type":"WebSite","@id":"https:\/\/brouns.eu\/es\/#website","url":"https:\/\/brouns.eu\/es\/","name":"Brouns &amp; Co EU","description":"","publisher":{"@id":"https:\/\/brouns.eu\/es\/#organization"},"potentialAction":[{"@type":"SearchAction","target":{"@type":"EntryPoint","urlTemplate":"https:\/\/brouns.eu\/es\/?s={search_term_string}"},"query-input":{"@type":"PropertyValueSpecification","valueRequired":true,"valueName":"search_term_string"}}],"inLanguage":"es"},{"@type":"Organization","@id":"https:\/\/brouns.eu\/es\/#organization","name":"Brouns &amp; Co EU","url":"https:\/\/brouns.eu\/es\/","logo":{"@type":"ImageObject","inLanguage":"es","@id":"https:\/\/brouns.eu\/es\/#\/schema\/logo\/image\/","url":"https:\/\/brouns.eu\/wp-content\/uploads\/2024\/04\/Brouns-_-co-Logo-no-linseed-paint-oil.png","contentUrl":"https:\/\/brouns.eu\/wp-content\/uploads\/2024\/04\/Brouns-_-co-Logo-no-linseed-paint-oil.png","width":650,"height":60,"caption":"Brouns &amp; Co EU"},"image":{"@id":"https:\/\/brouns.eu\/es\/#\/schema\/logo\/image\/"}}]}},"_links":{"self":[{"href":"https:\/\/brouns.eu\/es\/wp-json\/wp\/v2\/product\/22645","targetHints":{"allow":["GET"]}}],"collection":[{"href":"https:\/\/brouns.eu\/es\/wp-json\/wp\/v2\/product"}],"about":[{"href":"https:\/\/brouns.eu\/es\/wp-json\/wp\/v2\/types\/product"}],"replies":[{"embeddable":true,"href":"https:\/\/brouns.eu\/es\/wp-json\/wp\/v2\/comments?post=22645"}],"version-history":[{"count":2,"href":"https:\/\/brouns.eu\/es\/wp-json\/wp\/v2\/product\/22645\/revisions"}],"predecessor-version":[{"id":23677,"href":"https:\/\/brouns.eu\/es\/wp-json\/wp\/v2\/product\/22645\/revisions\/23677"}],"wp:featuredmedia":[{"embeddable":true,"href":"https:\/\/brouns.eu\/es\/wp-json\/wp\/v2\/media\/22646"}],"wp:attachment":[{"href":"https:\/\/brouns.eu\/es\/wp-json\/wp\/v2\/media?parent=22645"}],"wp:term":[{"taxonomy":"product_brand","embeddable":true,"href":"https:\/\/brouns.eu\/es\/wp-json\/wp\/v2\/product_brand?post=22645"},{"taxonomy":"product_cat","embeddable":true,"href":"https:\/\/brouns.eu\/es\/wp-json\/wp\/v2\/product_cat?post=22645"},{"taxonomy":"product_tag","embeddable":true,"href":"https:\/\/brouns.eu\/es\/wp-json\/wp\/v2\/product_tag?post=22645"}],"curies":[{"name":"wp","href":"https:\/\/api.w.org\/{rel}","templated":true}]}}