{"id":22609,"date":"2024-10-29T21:27:25","date_gmt":"2024-10-29T21:27:25","guid":{"rendered":"https:\/\/brouns.eu\/product\/sin categor\u00eda\/calentador-de-velocidad-cobra\/"},"modified":"2024-10-29T21:27:25","modified_gmt":"2024-10-29T21:27:25","slug":"calentador-de-velocidad-cobra","status":"publish","type":"product","link":"https:\/\/brouns.eu\/es\/product\/restauracion-de-ventanas\/calentador-de-velocidad-cobra\/","title":{"rendered":"Calentador de velocidad Cobra"},"content":{"rendered":"<p><iframe title=\"Reproductor de v\u00eddeo de YouTube\" src=\"https:\/\/www.youtube.com\/embed\/rAcFHWFBSR0?si=j5rcwv-VXt66D29k\" width=\"560\" height=\"315\" frameborder=\"0\" allowfullscreen=\"allowfullscreen\"><\/iframe><\/p>\n<p>Marcus Ericson de Speedheater demuestra el Cobra en la feria Listed Property Show<\/p>\n<p><strong>Eliminaci\u00f3n de pintura segura y respetuosa con el medio ambiente<\/strong><\/p>\n<p>Al decapar pintura vieja que contiene plomo, las part\u00edculas de plomo se transportan en el polvo durante el lijado y el raspado, y se liberan en forma de vapores al usar una pistola de aire caliente. Incluso en propiedades relativamente modernas, la pintura puede contener plomo: aunque su uso en pintura disminuy\u00f3 dr\u00e1sticamente a principios de la d\u00e9cada de 1960, se mantuvo de forma bastante legal con algunas pinturas hasta principios de la d\u00e9cada de 1980. En 1992, la normativa de la UE prohibi\u00f3 el plomo en todas las pinturas, excepto en las destinadas a edificios hist\u00f3ricos.  <\/p>\n<p>La buena noticia es que el Speedheater Cobra elimina de forma segura la pintura con plomo, ya que funciona a temperaturas inferiores a las que activan el plomo. Pruebas independientes realizadas por un instituto de investigaci\u00f3n industrial en Suecia revelaron que, incluso en las peores condiciones, el Speedheater solo liber\u00f3 entre el 1 % y el 10 % de los l\u00edmites de plomo permitidos en Suecia y EE. UU. Consulte el informe de prueba independiente.  <\/p>\n<p><strong>Elimina suavemente la pintura de la madera.<\/strong><\/p>\n<p>La longitud de onda infrarroja del Speedheater Cobra activa las mol\u00e9culas de agua de la pintura vieja y la ablanda, provocando la formaci\u00f3n de burbujas. Estas burbujas se deben a la expansi\u00f3n de los gases: algunos incluso pueden inflamarse, produciendo peque\u00f1as llamas que se extinguen r\u00e1pidamente. Esto es completamente normal y, con un uso adecuado, el Speedheater no quemar\u00e1 la madera.  <\/p>\n<p><strong>Suave tambi\u00e9n con el cristal<\/strong><\/p>\n<p>Trabajar cerca de un panel de vidrio con una pistola de aire caliente puede ser tenso, ya que pueden producirse grietas por mucho cuidado que se tenga. Si se usa correctamente, el Speedheater Cobra mantiene el vidrio intacto porque el calor se genera por radiaci\u00f3n, no por convecci\u00f3n. <\/p>\n<p><strong>Detalles t\u00e9cnicos<\/strong><\/p>\n<p>Salida: 700W<br \/>\n Voltaje: opciones de 110 o 220 V<br \/>\n Conexi\u00f3n: Monof\u00e1sica con tierra de seguridad<br \/>\n Longitud total: 355 mm<br \/>\n Ancho: 95 mm<br \/>\n Superficie de calentamiento: 90x70mm<br \/>\n Peso (aprox.): 600g<\/p>\n<p>Este producto solo es apto para uso en el Reino Unido.<\/p>\n<p><strong>Garantizar<\/strong><\/p>\n<p>La unidad durar\u00e1 muchos a\u00f1os si se usa con cuidado y siguiendo las instrucciones del fabricante. Una bombilla puede durar unas 2000 horas si se trata correctamente, evitando que se derrame pintura o se golpee. La unidad incluye una garant\u00eda del fabricante de un a\u00f1o (excluyendo las bombillas).  <\/p>\n","protected":false},"excerpt":{"rendered":"<p><strong>Lo \u00faltimo en eliminaci\u00f3n de pintura r\u00e1pida y segura.<\/strong><\/p>\n<p>Nunca volver\u00e1s a usar una pistola de aire caliente. El sistema original sueco Speedheater utiliza un suave calor infrarrojo para eliminar pintura, barniz y masilla de forma brillante a bajas temperaturas, para que puedas olvidarte de la madera quemada y el vidrio agrietado. Tambi\u00e9n elimina la pintura con plomo de forma segura. Tras solo unos segundos de exposici\u00f3n, el Speedheater Cobra te permite raspar la pintura vieja f\u00e1cilmente, incluso en esas zonas dif\u00edciles de alcanzar. Mira nuestro video sobre c\u00f3mo eliminar pintura.    <\/p>\n<p>Ligero (poco m\u00e1s de medio kilo), r\u00e1pido de instalar y f\u00e1cil de inclinar, el Speedheater Cobra facilita la eliminaci\u00f3n de pintura tanto en grandes \u00e1reas como en rincones dif\u00edciles. Es perfecto para eliminar pintura vieja de muebles, marcos de puertas y ventanas, detalles n\u00e1uticos y escaleras. Tambi\u00e9n suministramos bombillas de repuesto.  <\/p>\n<p>Si el Speedheater Cobra es para uso dom\u00e9stico, necesita la opci\u00f3n de 220 V, que tiene el enchufe est\u00e1ndar brit\u00e1nico de 3 clavijas. Como alternativa, la opci\u00f3n de 110 V es para lugares de trabajo\/obras y tiene un enchufe diferente, como este: <\/p>\n<p><img decoding=\"async\" class=\"alignnone size-full wp-image-14985\" src=\"https:\/\/brouns.eu\/wp-content\/uploads\/2024\/10\/picture-1.jpg\" alt=\"\" width=\"102\" height=\"102\" srcset=\"https:\/\/brouns.eu\/wp-content\/uploads\/2024\/10\/picture-1.jpg 102w, https:\/\/brouns.eu\/wp-content\/uploads\/2024\/10\/picture-1-100x100.jpg 100w\" sizes=\"(max-width: 102px) 100vw, 102px\" \/><\/p>\n","protected":false},"featured_media":22612,"comment_status":"open","ping_status":"closed","template":"","meta":{"_acf_changed":false,"site-sidebar-layout":"default","site-content-layout":"","ast-site-content-layout":"default","site-content-style":"default","site-sidebar-style":"default","ast-global-header-display":"","ast-banner-title-visibility":"","ast-main-header-display":"","ast-hfb-above-header-display":"","ast-hfb-below-header-display":"","ast-hfb-mobile-header-display":"","site-post-title":"","ast-breadcrumbs-content":"","ast-featured-img":"","footer-sml-layout":"","ast-disable-related-posts":"","theme-transparent-header-meta":"default","adv-header-id-meta":"","stick-header-meta":"default","header-above-stick-meta":"","header-main-stick-meta":"","header-below-stick-meta":"","astra-migrate-meta-layouts":"default","ast-page-background-enabled":"default","ast-page-background-meta":{"desktop":{"background-color":"","background-image":"","background-repeat":"repeat","background-position":"center center","background-size":"auto","background-attachment":"scroll","background-type":"","background-media":"","overlay-type":"","overlay-color":"","overlay-opacity":"","overlay-gradient":""},"tablet":{"background-color":"","background-image":"","background-repeat":"repeat","background-position":"center center","background-size":"auto","background-attachment":"scroll","background-type":"","background-media":"","overlay-type":"","overlay-color":"","overlay-opacity":"","overlay-gradient":""},"mobile":{"background-color":"","background-image":"","background-repeat":"repeat","background-position":"center center","background-size":"auto","background-attachment":"scroll","background-type":"","background-media":"","overlay-type":"","overlay-color":"","overlay-opacity":"","overlay-gradient":""}},"ast-content-background-meta":{"desktop":{"background-color":"var(--ast-global-color-5)","background-image":"","background-repeat":"repeat","background-position":"center center","background-size":"auto","background-attachment":"scroll","background-type":"","background-media":"","overlay-type":"","overlay-color":"","overlay-opacity":"","overlay-gradient":""},"tablet":{"background-color":"var(--ast-global-color-5)","background-image":"","background-repeat":"repeat","background-position":"center center","background-size":"auto","background-attachment":"scroll","background-type":"","background-media":"","overlay-type":"","overlay-color":"","overlay-opacity":"","overlay-gradient":""},"mobile":{"background-color":"var(--ast-global-color-5)","background-image":"","background-repeat":"repeat","background-position":"center center","background-size":"auto","background-attachment":"scroll","background-type":"","background-media":"","overlay-type":"","overlay-color":"","overlay-opacity":"","overlay-gradient":""}},"ngg_post_thumbnail":0},"product_brand":[],"product_cat":[503,490],"product_tag":[],"class_list":{"0":"post-22609","1":"product","2":"type-product","3":"status-publish","4":"has-post-thumbnail","6":"product_cat-eliminacion-de-pintura","7":"product_cat-restauracion-de-ventanas","8":"pa_size-tamano-110-v","9":"pa_size-tamano-220-v","10":"desktop-align-center","11":"tablet-align-center","12":"mobile-align-center","13":"ast-product-gallery-layout-horizontal","14":"ast-product-gallery-with-no-image","15":"ast-product-single-variable","16":"ast-product-tabs-layout-horizontal","17":"ast-qv-on-image","19":"first","20":"instock","21":"taxable","22":"shipping-taxable","23":"purchasable","24":"product-type-variable"},"acf":[],"yoast_head":"<!-- This site is optimized with the Yoast SEO plugin v27.4 - https:\/\/yoast.com\/product\/yoast-seo-wordpress\/ -->\n<title>Calentador de velocidad Cobra - Brouns &amp; Co EU<\/title>\n<meta name=\"robots\" content=\"index, follow, max-snippet:-1, max-image-preview:large, max-video-preview:-1\" \/>\n<link rel=\"canonical\" href=\"https:\/\/brouns.eu\/es\/product\/restauracion-de-ventanas\/calentador-de-velocidad-cobra\/\" \/>\n<meta property=\"og:locale\" content=\"es_ES\" \/>\n<meta property=\"og:type\" content=\"article\" \/>\n<meta property=\"og:title\" content=\"Calentador de velocidad Cobra - Brouns &amp; Co EU\" \/>\n<meta property=\"og:description\" content=\"Lo \u00faltimo en eliminaci\u00f3n de pintura r\u00e1pida y segura. Nunca volver\u00e1s a usar una pistola de aire caliente. El sistema original sueco Speedheater utiliza un suave calor infrarrojo para eliminar pintura, barniz y masilla de forma brillante a bajas temperaturas, para que puedas olvidarte de la madera quemada y el vidrio agrietado. Tambi\u00e9n elimina la pintura con plomo de forma segura. Tras solo unos segundos de exposici\u00f3n, el Speedheater Cobra te permite raspar la pintura vieja f\u00e1cilmente, incluso en esas zonas dif\u00edciles de alcanzar. Mira nuestro video sobre c\u00f3mo eliminar pintura.   Ligero (poco m\u00e1s de medio kilo), r\u00e1pido de instalar y f\u00e1cil de inclinar, el Speedheater Cobra facilita la eliminaci\u00f3n de pintura tanto en grandes \u00e1reas como en rincones dif\u00edciles. Es perfecto para eliminar pintura vieja de muebles, marcos de puertas y ventanas, detalles n\u00e1uticos y escaleras. Tambi\u00e9n suministramos bombillas de repuesto.  Si el Speedheater Cobra es para uso dom\u00e9stico, necesita la opci\u00f3n de 220 V, que tiene el enchufe est\u00e1ndar brit\u00e1nico de 3 clavijas. Como alternativa, la opci\u00f3n de 110 V es para lugares de trabajo\/obras y tiene un enchufe diferente, como este:\" \/>\n<meta property=\"og:url\" content=\"https:\/\/brouns.eu\/es\/product\/restauracion-de-ventanas\/calentador-de-velocidad-cobra\/\" \/>\n<meta property=\"og:site_name\" content=\"Brouns &amp; Co EU\" \/>\n<meta property=\"og:image\" content=\"https:\/\/brouns.eu\/wp-content\/uploads\/2024\/10\/DSC_9152__52157-1.jpg\" \/>\n\t<meta property=\"og:image:width\" content=\"800\" \/>\n\t<meta property=\"og:image:height\" content=\"643\" \/>\n\t<meta property=\"og:image:type\" content=\"image\/jpeg\" \/>\n<meta name=\"twitter:card\" content=\"summary_large_image\" \/>\n<meta name=\"twitter:label1\" content=\"Tiempo de lectura\" \/>\n\t<meta name=\"twitter:data1\" content=\"2 minutos\" \/>\n<script type=\"application\/ld+json\" class=\"yoast-schema-graph\">{\"@context\":\"https:\\\/\\\/schema.org\",\"@graph\":[{\"@type\":\"WebPage\",\"@id\":\"https:\\\/\\\/brouns.eu\\\/es\\\/product\\\/restauracion-de-ventanas\\\/calentador-de-velocidad-cobra\\\/\",\"url\":\"https:\\\/\\\/brouns.eu\\\/es\\\/product\\\/restauracion-de-ventanas\\\/calentador-de-velocidad-cobra\\\/\",\"name\":\"Calentador de velocidad Cobra - Brouns &amp; Co EU\",\"isPartOf\":{\"@id\":\"https:\\\/\\\/brouns.eu\\\/es\\\/#website\"},\"primaryImageOfPage\":{\"@id\":\"https:\\\/\\\/brouns.eu\\\/es\\\/product\\\/restauracion-de-ventanas\\\/calentador-de-velocidad-cobra\\\/#primaryimage\"},\"image\":{\"@id\":\"https:\\\/\\\/brouns.eu\\\/es\\\/product\\\/restauracion-de-ventanas\\\/calentador-de-velocidad-cobra\\\/#primaryimage\"},\"thumbnailUrl\":\"https:\\\/\\\/brouns.eu\\\/wp-content\\\/uploads\\\/2024\\\/10\\\/DSC_9152__52157-1.jpg\",\"datePublished\":\"2024-10-29T21:27:25+00:00\",\"breadcrumb\":{\"@id\":\"https:\\\/\\\/brouns.eu\\\/es\\\/product\\\/restauracion-de-ventanas\\\/calentador-de-velocidad-cobra\\\/#breadcrumb\"},\"inLanguage\":\"es\",\"potentialAction\":[{\"@type\":\"ReadAction\",\"target\":[\"https:\\\/\\\/brouns.eu\\\/es\\\/product\\\/restauracion-de-ventanas\\\/calentador-de-velocidad-cobra\\\/\"]}]},{\"@type\":\"ImageObject\",\"inLanguage\":\"es\",\"@id\":\"https:\\\/\\\/brouns.eu\\\/es\\\/product\\\/restauracion-de-ventanas\\\/calentador-de-velocidad-cobra\\\/#primaryimage\",\"url\":\"https:\\\/\\\/brouns.eu\\\/wp-content\\\/uploads\\\/2024\\\/10\\\/DSC_9152__52157-1.jpg\",\"contentUrl\":\"https:\\\/\\\/brouns.eu\\\/wp-content\\\/uploads\\\/2024\\\/10\\\/DSC_9152__52157-1.jpg\",\"width\":800,\"height\":643},{\"@type\":\"BreadcrumbList\",\"@id\":\"https:\\\/\\\/brouns.eu\\\/es\\\/product\\\/restauracion-de-ventanas\\\/calentador-de-velocidad-cobra\\\/#breadcrumb\",\"itemListElement\":[{\"@type\":\"ListItem\",\"position\":1,\"name\":\"Home\",\"item\":\"https:\\\/\\\/brouns.eu\\\/es\\\/\"},{\"@type\":\"ListItem\",\"position\":2,\"name\":\"Comercio\",\"item\":\"https:\\\/\\\/brouns.eu\\\/comercio\\\/\"},{\"@type\":\"ListItem\",\"position\":3,\"name\":\"Calentador de velocidad Cobra\"}]},{\"@type\":\"WebSite\",\"@id\":\"https:\\\/\\\/brouns.eu\\\/es\\\/#website\",\"url\":\"https:\\\/\\\/brouns.eu\\\/es\\\/\",\"name\":\"Brouns &amp; Co EU\",\"description\":\"\",\"publisher\":{\"@id\":\"https:\\\/\\\/brouns.eu\\\/es\\\/#organization\"},\"potentialAction\":[{\"@type\":\"SearchAction\",\"target\":{\"@type\":\"EntryPoint\",\"urlTemplate\":\"https:\\\/\\\/brouns.eu\\\/es\\\/?s={search_term_string}\"},\"query-input\":{\"@type\":\"PropertyValueSpecification\",\"valueRequired\":true,\"valueName\":\"search_term_string\"}}],\"inLanguage\":\"es\"},{\"@type\":\"Organization\",\"@id\":\"https:\\\/\\\/brouns.eu\\\/es\\\/#organization\",\"name\":\"Brouns &amp; Co EU\",\"url\":\"https:\\\/\\\/brouns.eu\\\/es\\\/\",\"logo\":{\"@type\":\"ImageObject\",\"inLanguage\":\"es\",\"@id\":\"https:\\\/\\\/brouns.eu\\\/es\\\/#\\\/schema\\\/logo\\\/image\\\/\",\"url\":\"https:\\\/\\\/brouns.eu\\\/wp-content\\\/uploads\\\/2024\\\/04\\\/Brouns-_-co-Logo-no-linseed-paint-oil.png\",\"contentUrl\":\"https:\\\/\\\/brouns.eu\\\/wp-content\\\/uploads\\\/2024\\\/04\\\/Brouns-_-co-Logo-no-linseed-paint-oil.png\",\"width\":650,\"height\":60,\"caption\":\"Brouns &amp; Co EU\"},\"image\":{\"@id\":\"https:\\\/\\\/brouns.eu\\\/es\\\/#\\\/schema\\\/logo\\\/image\\\/\"}}]}<\/script>\n<!-- \/ Yoast SEO plugin. -->","yoast_head_json":{"title":"Calentador de velocidad Cobra - Brouns &amp; Co EU","robots":{"index":"index","follow":"follow","max-snippet":"max-snippet:-1","max-image-preview":"max-image-preview:large","max-video-preview":"max-video-preview:-1"},"canonical":"https:\/\/brouns.eu\/es\/product\/restauracion-de-ventanas\/calentador-de-velocidad-cobra\/","og_locale":"es_ES","og_type":"article","og_title":"Calentador de velocidad Cobra - Brouns &amp; Co EU","og_description":"Lo \u00faltimo en eliminaci\u00f3n de pintura r\u00e1pida y segura. Nunca volver\u00e1s a usar una pistola de aire caliente. El sistema original sueco Speedheater utiliza un suave calor infrarrojo para eliminar pintura, barniz y masilla de forma brillante a bajas temperaturas, para que puedas olvidarte de la madera quemada y el vidrio agrietado. Tambi\u00e9n elimina la pintura con plomo de forma segura. Tras solo unos segundos de exposici\u00f3n, el Speedheater Cobra te permite raspar la pintura vieja f\u00e1cilmente, incluso en esas zonas dif\u00edciles de alcanzar. Mira nuestro video sobre c\u00f3mo eliminar pintura.   Ligero (poco m\u00e1s de medio kilo), r\u00e1pido de instalar y f\u00e1cil de inclinar, el Speedheater Cobra facilita la eliminaci\u00f3n de pintura tanto en grandes \u00e1reas como en rincones dif\u00edciles. Es perfecto para eliminar pintura vieja de muebles, marcos de puertas y ventanas, detalles n\u00e1uticos y escaleras. Tambi\u00e9n suministramos bombillas de repuesto.  Si el Speedheater Cobra es para uso dom\u00e9stico, necesita la opci\u00f3n de 220 V, que tiene el enchufe est\u00e1ndar brit\u00e1nico de 3 clavijas. Como alternativa, la opci\u00f3n de 110 V es para lugares de trabajo\/obras y tiene un enchufe diferente, como este:","og_url":"https:\/\/brouns.eu\/es\/product\/restauracion-de-ventanas\/calentador-de-velocidad-cobra\/","og_site_name":"Brouns &amp; Co EU","og_image":[{"width":800,"height":643,"url":"https:\/\/brouns.eu\/wp-content\/uploads\/2024\/10\/DSC_9152__52157-1.jpg","type":"image\/jpeg"}],"twitter_card":"summary_large_image","twitter_misc":{"Tiempo de lectura":"2 minutos"},"schema":{"@context":"https:\/\/schema.org","@graph":[{"@type":"WebPage","@id":"https:\/\/brouns.eu\/es\/product\/restauracion-de-ventanas\/calentador-de-velocidad-cobra\/","url":"https:\/\/brouns.eu\/es\/product\/restauracion-de-ventanas\/calentador-de-velocidad-cobra\/","name":"Calentador de velocidad Cobra - Brouns &amp; Co EU","isPartOf":{"@id":"https:\/\/brouns.eu\/es\/#website"},"primaryImageOfPage":{"@id":"https:\/\/brouns.eu\/es\/product\/restauracion-de-ventanas\/calentador-de-velocidad-cobra\/#primaryimage"},"image":{"@id":"https:\/\/brouns.eu\/es\/product\/restauracion-de-ventanas\/calentador-de-velocidad-cobra\/#primaryimage"},"thumbnailUrl":"https:\/\/brouns.eu\/wp-content\/uploads\/2024\/10\/DSC_9152__52157-1.jpg","datePublished":"2024-10-29T21:27:25+00:00","breadcrumb":{"@id":"https:\/\/brouns.eu\/es\/product\/restauracion-de-ventanas\/calentador-de-velocidad-cobra\/#breadcrumb"},"inLanguage":"es","potentialAction":[{"@type":"ReadAction","target":["https:\/\/brouns.eu\/es\/product\/restauracion-de-ventanas\/calentador-de-velocidad-cobra\/"]}]},{"@type":"ImageObject","inLanguage":"es","@id":"https:\/\/brouns.eu\/es\/product\/restauracion-de-ventanas\/calentador-de-velocidad-cobra\/#primaryimage","url":"https:\/\/brouns.eu\/wp-content\/uploads\/2024\/10\/DSC_9152__52157-1.jpg","contentUrl":"https:\/\/brouns.eu\/wp-content\/uploads\/2024\/10\/DSC_9152__52157-1.jpg","width":800,"height":643},{"@type":"BreadcrumbList","@id":"https:\/\/brouns.eu\/es\/product\/restauracion-de-ventanas\/calentador-de-velocidad-cobra\/#breadcrumb","itemListElement":[{"@type":"ListItem","position":1,"name":"Home","item":"https:\/\/brouns.eu\/es\/"},{"@type":"ListItem","position":2,"name":"Comercio","item":"https:\/\/brouns.eu\/comercio\/"},{"@type":"ListItem","position":3,"name":"Calentador de velocidad Cobra"}]},{"@type":"WebSite","@id":"https:\/\/brouns.eu\/es\/#website","url":"https:\/\/brouns.eu\/es\/","name":"Brouns &amp; Co EU","description":"","publisher":{"@id":"https:\/\/brouns.eu\/es\/#organization"},"potentialAction":[{"@type":"SearchAction","target":{"@type":"EntryPoint","urlTemplate":"https:\/\/brouns.eu\/es\/?s={search_term_string}"},"query-input":{"@type":"PropertyValueSpecification","valueRequired":true,"valueName":"search_term_string"}}],"inLanguage":"es"},{"@type":"Organization","@id":"https:\/\/brouns.eu\/es\/#organization","name":"Brouns &amp; Co EU","url":"https:\/\/brouns.eu\/es\/","logo":{"@type":"ImageObject","inLanguage":"es","@id":"https:\/\/brouns.eu\/es\/#\/schema\/logo\/image\/","url":"https:\/\/brouns.eu\/wp-content\/uploads\/2024\/04\/Brouns-_-co-Logo-no-linseed-paint-oil.png","contentUrl":"https:\/\/brouns.eu\/wp-content\/uploads\/2024\/04\/Brouns-_-co-Logo-no-linseed-paint-oil.png","width":650,"height":60,"caption":"Brouns &amp; Co EU"},"image":{"@id":"https:\/\/brouns.eu\/es\/#\/schema\/logo\/image\/"}}]}},"_links":{"self":[{"href":"https:\/\/brouns.eu\/es\/wp-json\/wp\/v2\/product\/22609","targetHints":{"allow":["GET"]}}],"collection":[{"href":"https:\/\/brouns.eu\/es\/wp-json\/wp\/v2\/product"}],"about":[{"href":"https:\/\/brouns.eu\/es\/wp-json\/wp\/v2\/types\/product"}],"replies":[{"embeddable":true,"href":"https:\/\/brouns.eu\/es\/wp-json\/wp\/v2\/comments?post=22609"}],"version-history":[{"count":0,"href":"https:\/\/brouns.eu\/es\/wp-json\/wp\/v2\/product\/22609\/revisions"}],"wp:featuredmedia":[{"embeddable":true,"href":"https:\/\/brouns.eu\/es\/wp-json\/wp\/v2\/media\/22612"}],"wp:attachment":[{"href":"https:\/\/brouns.eu\/es\/wp-json\/wp\/v2\/media?parent=22609"}],"wp:term":[{"taxonomy":"product_brand","embeddable":true,"href":"https:\/\/brouns.eu\/es\/wp-json\/wp\/v2\/product_brand?post=22609"},{"taxonomy":"product_cat","embeddable":true,"href":"https:\/\/brouns.eu\/es\/wp-json\/wp\/v2\/product_cat?post=22609"},{"taxonomy":"product_tag","embeddable":true,"href":"https:\/\/brouns.eu\/es\/wp-json\/wp\/v2\/product_tag?post=22609"}],"curies":[{"name":"wp","href":"https:\/\/api.w.org\/{rel}","templated":true}]}}