{"id":22605,"date":"2024-10-29T21:27:25","date_gmt":"2024-10-29T21:27:25","guid":{"rendered":"https:\/\/brouns.eu\/product\/sin categor\u00eda\/bombilla-de-repuesto-speedheater-cobra\/"},"modified":"2024-10-29T21:27:25","modified_gmt":"2024-10-29T21:27:25","slug":"bombilla-de-repuesto-speedheater-cobra","status":"publish","type":"product","link":"https:\/\/brouns.eu\/es\/product\/restauracion-de-ventanas\/bombilla-de-repuesto-speedheater-cobra\/","title":{"rendered":"Bombilla de repuesto Speedheater Cobra"},"content":{"rendered":"","protected":false},"excerpt":{"rendered":"<p>Informaci\u00f3n importante: Hay dos bombillas diferentes para el Speedheater Cobra, seg\u00fan su fecha de fabricaci\u00f3n. Normalmente tenemos las bombillas del modelo m\u00e1s reciente (2018 en adelante). Por favor, revise la fecha de compra del Speedheater Cobra y c\u00f3mo est\u00e1 conectada la bombilla a la unidad. La bombilla del modelo anterior a 2018 tiene cables m\u00e1s largos que se conectan al mango de la unidad. No tenemos esta bombilla en stock, as\u00ed que cont\u00e1ctenos a trav\u00e9s del formulario en l\u00ednea.   <\/p>\n","protected":false},"featured_media":22608,"comment_status":"open","ping_status":"closed","template":"","meta":{"_acf_changed":false,"site-sidebar-layout":"default","site-content-layout":"","ast-site-content-layout":"default","site-content-style":"default","site-sidebar-style":"default","ast-global-header-display":"","ast-banner-title-visibility":"","ast-main-header-display":"","ast-hfb-above-header-display":"","ast-hfb-below-header-display":"","ast-hfb-mobile-header-display":"","site-post-title":"","ast-breadcrumbs-content":"","ast-featured-img":"","footer-sml-layout":"","ast-disable-related-posts":"","theme-transparent-header-meta":"default","adv-header-id-meta":"","stick-header-meta":"default","header-above-stick-meta":"","header-main-stick-meta":"","header-below-stick-meta":"","astra-migrate-meta-layouts":"default","ast-page-background-enabled":"default","ast-page-background-meta":{"desktop":{"background-color":"","background-image":"","background-repeat":"repeat","background-position":"center center","background-size":"auto","background-attachment":"scroll","background-type":"","background-media":"","overlay-type":"","overlay-color":"","overlay-opacity":"","overlay-gradient":""},"tablet":{"background-color":"","background-image":"","background-repeat":"repeat","background-position":"center center","background-size":"auto","background-attachment":"scroll","background-type":"","background-media":"","overlay-type":"","overlay-color":"","overlay-opacity":"","overlay-gradient":""},"mobile":{"background-color":"","background-image":"","background-repeat":"repeat","background-position":"center center","background-size":"auto","background-attachment":"scroll","background-type":"","background-media":"","overlay-type":"","overlay-color":"","overlay-opacity":"","overlay-gradient":""}},"ast-content-background-meta":{"desktop":{"background-color":"var(--ast-global-color-5)","background-image":"","background-repeat":"repeat","background-position":"center center","background-size":"auto","background-attachment":"scroll","background-type":"","background-media":"","overlay-type":"","overlay-color":"","overlay-opacity":"","overlay-gradient":""},"tablet":{"background-color":"var(--ast-global-color-5)","background-image":"","background-repeat":"repeat","background-position":"center center","background-size":"auto","background-attachment":"scroll","background-type":"","background-media":"","overlay-type":"","overlay-color":"","overlay-opacity":"","overlay-gradient":""},"mobile":{"background-color":"var(--ast-global-color-5)","background-image":"","background-repeat":"repeat","background-position":"center center","background-size":"auto","background-attachment":"scroll","background-type":"","background-media":"","overlay-type":"","overlay-color":"","overlay-opacity":"","overlay-gradient":""}},"ngg_post_thumbnail":0},"product_brand":[],"product_cat":[503,490],"product_tag":[],"class_list":{"0":"post-22605","1":"product","2":"type-product","3":"status-publish","4":"has-post-thumbnail","6":"product_cat-eliminacion-de-pintura","7":"product_cat-restauracion-de-ventanas","8":"pa_size-tamano-110-v","9":"pa_size-tamano-220-v","10":"desktop-align-center","11":"tablet-align-center","12":"mobile-align-center","13":"ast-product-gallery-layout-horizontal","14":"ast-product-gallery-with-no-image","15":"ast-product-single-variable","16":"ast-product-tabs-layout-horizontal","17":"ast-qv-on-image","19":"first","20":"instock","21":"taxable","22":"shipping-taxable","23":"purchasable","24":"product-type-variable"},"acf":[],"yoast_head":"<!-- This site is optimized with the Yoast SEO plugin v27.4 - https:\/\/yoast.com\/product\/yoast-seo-wordpress\/ -->\n<title>Bombilla de repuesto Speedheater Cobra - Brouns &amp; Co EU<\/title>\n<meta name=\"robots\" content=\"index, follow, max-snippet:-1, max-image-preview:large, max-video-preview:-1\" \/>\n<link rel=\"canonical\" href=\"https:\/\/brouns.eu\/es\/product\/restauracion-de-ventanas\/bombilla-de-repuesto-speedheater-cobra\/\" \/>\n<meta property=\"og:locale\" content=\"es_ES\" \/>\n<meta property=\"og:type\" content=\"article\" \/>\n<meta property=\"og:title\" content=\"Bombilla de repuesto Speedheater Cobra - Brouns &amp; Co EU\" \/>\n<meta property=\"og:description\" content=\"Informaci\u00f3n importante: Hay dos bombillas diferentes para el Speedheater Cobra, seg\u00fan su fecha de fabricaci\u00f3n. Normalmente tenemos las bombillas del modelo m\u00e1s reciente (2018 en adelante). Por favor, revise la fecha de compra del Speedheater Cobra y c\u00f3mo est\u00e1 conectada la bombilla a la unidad. La bombilla del modelo anterior a 2018 tiene cables m\u00e1s largos que se conectan al mango de la unidad. No tenemos esta bombilla en stock, as\u00ed que cont\u00e1ctenos a trav\u00e9s del formulario en l\u00ednea.\" \/>\n<meta property=\"og:url\" content=\"https:\/\/brouns.eu\/es\/product\/restauracion-de-ventanas\/bombilla-de-repuesto-speedheater-cobra\/\" \/>\n<meta property=\"og:site_name\" content=\"Brouns &amp; Co EU\" \/>\n<meta property=\"og:image\" content=\"https:\/\/brouns.eu\/wp-content\/uploads\/2024\/10\/Cobra_Bulb_Model_02__22485.jpg\" \/>\n\t<meta property=\"og:image:width\" content=\"500\" \/>\n\t<meta property=\"og:image:height\" content=\"500\" \/>\n\t<meta property=\"og:image:type\" content=\"image\/jpeg\" \/>\n<meta name=\"twitter:card\" content=\"summary_large_image\" \/>\n<script type=\"application\/ld+json\" class=\"yoast-schema-graph\">{\"@context\":\"https:\\\/\\\/schema.org\",\"@graph\":[{\"@type\":\"WebPage\",\"@id\":\"https:\\\/\\\/brouns.eu\\\/es\\\/product\\\/restauracion-de-ventanas\\\/bombilla-de-repuesto-speedheater-cobra\\\/\",\"url\":\"https:\\\/\\\/brouns.eu\\\/es\\\/product\\\/restauracion-de-ventanas\\\/bombilla-de-repuesto-speedheater-cobra\\\/\",\"name\":\"Bombilla de repuesto Speedheater Cobra - Brouns &amp; Co EU\",\"isPartOf\":{\"@id\":\"https:\\\/\\\/brouns.eu\\\/es\\\/#website\"},\"primaryImageOfPage\":{\"@id\":\"https:\\\/\\\/brouns.eu\\\/es\\\/product\\\/restauracion-de-ventanas\\\/bombilla-de-repuesto-speedheater-cobra\\\/#primaryimage\"},\"image\":{\"@id\":\"https:\\\/\\\/brouns.eu\\\/es\\\/product\\\/restauracion-de-ventanas\\\/bombilla-de-repuesto-speedheater-cobra\\\/#primaryimage\"},\"thumbnailUrl\":\"https:\\\/\\\/brouns.eu\\\/wp-content\\\/uploads\\\/2024\\\/10\\\/Cobra_Bulb_Model_02__22485.jpg\",\"datePublished\":\"2024-10-29T21:27:25+00:00\",\"breadcrumb\":{\"@id\":\"https:\\\/\\\/brouns.eu\\\/es\\\/product\\\/restauracion-de-ventanas\\\/bombilla-de-repuesto-speedheater-cobra\\\/#breadcrumb\"},\"inLanguage\":\"es\",\"potentialAction\":[{\"@type\":\"ReadAction\",\"target\":[\"https:\\\/\\\/brouns.eu\\\/es\\\/product\\\/restauracion-de-ventanas\\\/bombilla-de-repuesto-speedheater-cobra\\\/\"]}]},{\"@type\":\"ImageObject\",\"inLanguage\":\"es\",\"@id\":\"https:\\\/\\\/brouns.eu\\\/es\\\/product\\\/restauracion-de-ventanas\\\/bombilla-de-repuesto-speedheater-cobra\\\/#primaryimage\",\"url\":\"https:\\\/\\\/brouns.eu\\\/wp-content\\\/uploads\\\/2024\\\/10\\\/Cobra_Bulb_Model_02__22485.jpg\",\"contentUrl\":\"https:\\\/\\\/brouns.eu\\\/wp-content\\\/uploads\\\/2024\\\/10\\\/Cobra_Bulb_Model_02__22485.jpg\",\"width\":500,\"height\":500},{\"@type\":\"BreadcrumbList\",\"@id\":\"https:\\\/\\\/brouns.eu\\\/es\\\/product\\\/restauracion-de-ventanas\\\/bombilla-de-repuesto-speedheater-cobra\\\/#breadcrumb\",\"itemListElement\":[{\"@type\":\"ListItem\",\"position\":1,\"name\":\"Home\",\"item\":\"https:\\\/\\\/brouns.eu\\\/es\\\/\"},{\"@type\":\"ListItem\",\"position\":2,\"name\":\"Comercio\",\"item\":\"https:\\\/\\\/brouns.eu\\\/comercio\\\/\"},{\"@type\":\"ListItem\",\"position\":3,\"name\":\"Bombilla de repuesto Speedheater Cobra\"}]},{\"@type\":\"WebSite\",\"@id\":\"https:\\\/\\\/brouns.eu\\\/es\\\/#website\",\"url\":\"https:\\\/\\\/brouns.eu\\\/es\\\/\",\"name\":\"Brouns &amp; Co EU\",\"description\":\"\",\"publisher\":{\"@id\":\"https:\\\/\\\/brouns.eu\\\/es\\\/#organization\"},\"potentialAction\":[{\"@type\":\"SearchAction\",\"target\":{\"@type\":\"EntryPoint\",\"urlTemplate\":\"https:\\\/\\\/brouns.eu\\\/es\\\/?s={search_term_string}\"},\"query-input\":{\"@type\":\"PropertyValueSpecification\",\"valueRequired\":true,\"valueName\":\"search_term_string\"}}],\"inLanguage\":\"es\"},{\"@type\":\"Organization\",\"@id\":\"https:\\\/\\\/brouns.eu\\\/es\\\/#organization\",\"name\":\"Brouns &amp; Co EU\",\"url\":\"https:\\\/\\\/brouns.eu\\\/es\\\/\",\"logo\":{\"@type\":\"ImageObject\",\"inLanguage\":\"es\",\"@id\":\"https:\\\/\\\/brouns.eu\\\/es\\\/#\\\/schema\\\/logo\\\/image\\\/\",\"url\":\"https:\\\/\\\/brouns.eu\\\/wp-content\\\/uploads\\\/2024\\\/04\\\/Brouns-_-co-Logo-no-linseed-paint-oil.png\",\"contentUrl\":\"https:\\\/\\\/brouns.eu\\\/wp-content\\\/uploads\\\/2024\\\/04\\\/Brouns-_-co-Logo-no-linseed-paint-oil.png\",\"width\":650,\"height\":60,\"caption\":\"Brouns &amp; Co EU\"},\"image\":{\"@id\":\"https:\\\/\\\/brouns.eu\\\/es\\\/#\\\/schema\\\/logo\\\/image\\\/\"}}]}<\/script>\n<!-- \/ Yoast SEO plugin. -->","yoast_head_json":{"title":"Bombilla de repuesto Speedheater Cobra - Brouns &amp; Co EU","robots":{"index":"index","follow":"follow","max-snippet":"max-snippet:-1","max-image-preview":"max-image-preview:large","max-video-preview":"max-video-preview:-1"},"canonical":"https:\/\/brouns.eu\/es\/product\/restauracion-de-ventanas\/bombilla-de-repuesto-speedheater-cobra\/","og_locale":"es_ES","og_type":"article","og_title":"Bombilla de repuesto Speedheater Cobra - Brouns &amp; Co EU","og_description":"Informaci\u00f3n importante: Hay dos bombillas diferentes para el Speedheater Cobra, seg\u00fan su fecha de fabricaci\u00f3n. Normalmente tenemos las bombillas del modelo m\u00e1s reciente (2018 en adelante). Por favor, revise la fecha de compra del Speedheater Cobra y c\u00f3mo est\u00e1 conectada la bombilla a la unidad. La bombilla del modelo anterior a 2018 tiene cables m\u00e1s largos que se conectan al mango de la unidad. No tenemos esta bombilla en stock, as\u00ed que cont\u00e1ctenos a trav\u00e9s del formulario en l\u00ednea.","og_url":"https:\/\/brouns.eu\/es\/product\/restauracion-de-ventanas\/bombilla-de-repuesto-speedheater-cobra\/","og_site_name":"Brouns &amp; Co EU","og_image":[{"width":500,"height":500,"url":"https:\/\/brouns.eu\/wp-content\/uploads\/2024\/10\/Cobra_Bulb_Model_02__22485.jpg","type":"image\/jpeg"}],"twitter_card":"summary_large_image","schema":{"@context":"https:\/\/schema.org","@graph":[{"@type":"WebPage","@id":"https:\/\/brouns.eu\/es\/product\/restauracion-de-ventanas\/bombilla-de-repuesto-speedheater-cobra\/","url":"https:\/\/brouns.eu\/es\/product\/restauracion-de-ventanas\/bombilla-de-repuesto-speedheater-cobra\/","name":"Bombilla de repuesto Speedheater Cobra - Brouns &amp; Co EU","isPartOf":{"@id":"https:\/\/brouns.eu\/es\/#website"},"primaryImageOfPage":{"@id":"https:\/\/brouns.eu\/es\/product\/restauracion-de-ventanas\/bombilla-de-repuesto-speedheater-cobra\/#primaryimage"},"image":{"@id":"https:\/\/brouns.eu\/es\/product\/restauracion-de-ventanas\/bombilla-de-repuesto-speedheater-cobra\/#primaryimage"},"thumbnailUrl":"https:\/\/brouns.eu\/wp-content\/uploads\/2024\/10\/Cobra_Bulb_Model_02__22485.jpg","datePublished":"2024-10-29T21:27:25+00:00","breadcrumb":{"@id":"https:\/\/brouns.eu\/es\/product\/restauracion-de-ventanas\/bombilla-de-repuesto-speedheater-cobra\/#breadcrumb"},"inLanguage":"es","potentialAction":[{"@type":"ReadAction","target":["https:\/\/brouns.eu\/es\/product\/restauracion-de-ventanas\/bombilla-de-repuesto-speedheater-cobra\/"]}]},{"@type":"ImageObject","inLanguage":"es","@id":"https:\/\/brouns.eu\/es\/product\/restauracion-de-ventanas\/bombilla-de-repuesto-speedheater-cobra\/#primaryimage","url":"https:\/\/brouns.eu\/wp-content\/uploads\/2024\/10\/Cobra_Bulb_Model_02__22485.jpg","contentUrl":"https:\/\/brouns.eu\/wp-content\/uploads\/2024\/10\/Cobra_Bulb_Model_02__22485.jpg","width":500,"height":500},{"@type":"BreadcrumbList","@id":"https:\/\/brouns.eu\/es\/product\/restauracion-de-ventanas\/bombilla-de-repuesto-speedheater-cobra\/#breadcrumb","itemListElement":[{"@type":"ListItem","position":1,"name":"Home","item":"https:\/\/brouns.eu\/es\/"},{"@type":"ListItem","position":2,"name":"Comercio","item":"https:\/\/brouns.eu\/comercio\/"},{"@type":"ListItem","position":3,"name":"Bombilla de repuesto Speedheater Cobra"}]},{"@type":"WebSite","@id":"https:\/\/brouns.eu\/es\/#website","url":"https:\/\/brouns.eu\/es\/","name":"Brouns &amp; Co EU","description":"","publisher":{"@id":"https:\/\/brouns.eu\/es\/#organization"},"potentialAction":[{"@type":"SearchAction","target":{"@type":"EntryPoint","urlTemplate":"https:\/\/brouns.eu\/es\/?s={search_term_string}"},"query-input":{"@type":"PropertyValueSpecification","valueRequired":true,"valueName":"search_term_string"}}],"inLanguage":"es"},{"@type":"Organization","@id":"https:\/\/brouns.eu\/es\/#organization","name":"Brouns &amp; Co EU","url":"https:\/\/brouns.eu\/es\/","logo":{"@type":"ImageObject","inLanguage":"es","@id":"https:\/\/brouns.eu\/es\/#\/schema\/logo\/image\/","url":"https:\/\/brouns.eu\/wp-content\/uploads\/2024\/04\/Brouns-_-co-Logo-no-linseed-paint-oil.png","contentUrl":"https:\/\/brouns.eu\/wp-content\/uploads\/2024\/04\/Brouns-_-co-Logo-no-linseed-paint-oil.png","width":650,"height":60,"caption":"Brouns &amp; Co EU"},"image":{"@id":"https:\/\/brouns.eu\/es\/#\/schema\/logo\/image\/"}}]}},"_links":{"self":[{"href":"https:\/\/brouns.eu\/es\/wp-json\/wp\/v2\/product\/22605","targetHints":{"allow":["GET"]}}],"collection":[{"href":"https:\/\/brouns.eu\/es\/wp-json\/wp\/v2\/product"}],"about":[{"href":"https:\/\/brouns.eu\/es\/wp-json\/wp\/v2\/types\/product"}],"replies":[{"embeddable":true,"href":"https:\/\/brouns.eu\/es\/wp-json\/wp\/v2\/comments?post=22605"}],"version-history":[{"count":0,"href":"https:\/\/brouns.eu\/es\/wp-json\/wp\/v2\/product\/22605\/revisions"}],"wp:featuredmedia":[{"embeddable":true,"href":"https:\/\/brouns.eu\/es\/wp-json\/wp\/v2\/media\/22608"}],"wp:attachment":[{"href":"https:\/\/brouns.eu\/es\/wp-json\/wp\/v2\/media?parent=22605"}],"wp:term":[{"taxonomy":"product_brand","embeddable":true,"href":"https:\/\/brouns.eu\/es\/wp-json\/wp\/v2\/product_brand?post=22605"},{"taxonomy":"product_cat","embeddable":true,"href":"https:\/\/brouns.eu\/es\/wp-json\/wp\/v2\/product_cat?post=22605"},{"taxonomy":"product_tag","embeddable":true,"href":"https:\/\/brouns.eu\/es\/wp-json\/wp\/v2\/product_tag?post=22605"}],"curies":[{"name":"wp","href":"https:\/\/api.w.org\/{rel}","templated":true}]}}