{"id":22592,"date":"2024-10-29T21:27:25","date_gmt":"2024-10-29T21:27:25","guid":{"rendered":"https:\/\/brouns.eu\/product\/sin categor\u00eda\/calentador-de-velocidad-ir-1100-rs\/"},"modified":"2024-10-29T21:27:25","modified_gmt":"2024-10-29T21:27:25","slug":"calentador-de-velocidad-ir-1100-rs","status":"publish","type":"product","link":"https:\/\/brouns.eu\/es\/product\/eliminacion-de-pintura\/calentador-de-velocidad-ir-1100-rs\/","title":{"rendered":"Calentador de velocidad IR 1100 RS"},"content":{"rendered":"<p><strong>Tu kit completo para eliminar pintura<\/strong><\/p>\n<p>El kit Speedheater IR 1100 RS contiene:<\/p>\n<p>Una gran l\u00e1mpara infrarroja Speedheater de 1100 W<br \/>\n Un soporte angular que permite colocar la l\u00e1mpara sobre cualquier superficie horizontal o vertical para facilitar y agilizar su uso.<br \/>\n Un raspador de bumer\u00e1n<br \/>\n Un raspador de masilla<br \/>\n Un cincel con rodillo.<\/p>\n<p><strong>Detalles t\u00e9cnicos<\/strong><\/p>\n<p>Voltaje: 220V<br \/>\n Salida: 700W<br \/>\n Conexi\u00f3n: Monof\u00e1sica con tierra de seguridad<br \/>\n Longitud total: 355 mm<br \/>\n Ancho: 90 mm<br \/>\n Altura: 200 mm<br \/>\n Superficie de calentamiento: 310x70mm<br \/>\n Peso (aprox.): 1,4 kg<\/p>\n<p>Este producto solo es apto para uso en el Reino Unido. Los productos para uso en EE. UU. se pueden encontrar aqu\u00ed. <\/p>\n<p><strong>Garantizar<\/strong><\/p>\n<p>La unidad durar\u00e1 muchos a\u00f1os si se usa con cuidado y siguiendo las instrucciones del fabricante. Una bombilla puede durar unas 2000 horas si se trata correctamente, evitando que se derrame pintura o se golpee. La unidad incluye una garant\u00eda del fabricante de un a\u00f1o (excluyendo las bombillas).  <\/p>\n","protected":false},"excerpt":{"rendered":"<p><strong>El kit completo para una eliminaci\u00f3n de pintura suave, r\u00e1pida y segura.<\/strong><\/p>\n<p>El IR 1100 RS forma parte de la familia original de sistemas de decapado de pintura por infrarrojos Speedheater, de origen sueco. Es la soluci\u00f3n completa para eliminar pintura, barniz y masilla con suavidad, seguridad y en segundos, especialmente en trabajos de decapado de gran envergadura, con menos detalles intrincados, como tablas, suelos, puertas y porches. Descubra m\u00e1s sobre las ventajas de las l\u00e1mparas Speedheater.  <\/p>\n<p>Si necesita el enchufe est\u00e1ndar brit\u00e1nico de 3 clavijas, solicite el de 220 V. Como alternativa, la opci\u00f3n de 110 V es para lugares de trabajo\/obras y tiene un enchufe diferente, como este: <\/p>\n<p><img decoding=\"async\" class=\"alignnone size-full wp-image-14985\" src=\"https:\/\/brouns.eu\/wp-content\/uploads\/2024\/10\/picture-1.jpg\" alt=\"\" width=\"102\" height=\"102\" srcset=\"https:\/\/brouns.eu\/wp-content\/uploads\/2024\/10\/picture-1.jpg 102w, https:\/\/brouns.eu\/wp-content\/uploads\/2024\/10\/picture-1-100x100.jpg 100w\" sizes=\"(max-width: 102px) 100vw, 102px\" \/><\/p>\n<p>El Speedheater IR1100 RS est\u00e1 actualmente agotado. Si desea a\u00f1adirlo a nuestra lista de pedidos pendientes, env\u00edenos un mensaje a trav\u00e9s del formulario de contacto. <\/p>\n","protected":false},"featured_media":22595,"comment_status":"open","ping_status":"closed","template":"","meta":{"_acf_changed":false,"site-sidebar-layout":"default","site-content-layout":"","ast-site-content-layout":"default","site-content-style":"default","site-sidebar-style":"default","ast-global-header-display":"","ast-banner-title-visibility":"","ast-main-header-display":"","ast-hfb-above-header-display":"","ast-hfb-below-header-display":"","ast-hfb-mobile-header-display":"","site-post-title":"","ast-breadcrumbs-content":"","ast-featured-img":"","footer-sml-layout":"","ast-disable-related-posts":"","theme-transparent-header-meta":"default","adv-header-id-meta":"","stick-header-meta":"default","header-above-stick-meta":"","header-main-stick-meta":"","header-below-stick-meta":"","astra-migrate-meta-layouts":"default","ast-page-background-enabled":"default","ast-page-background-meta":{"desktop":{"background-color":"","background-image":"","background-repeat":"repeat","background-position":"center center","background-size":"auto","background-attachment":"scroll","background-type":"","background-media":"","overlay-type":"","overlay-color":"","overlay-opacity":"","overlay-gradient":""},"tablet":{"background-color":"","background-image":"","background-repeat":"repeat","background-position":"center center","background-size":"auto","background-attachment":"scroll","background-type":"","background-media":"","overlay-type":"","overlay-color":"","overlay-opacity":"","overlay-gradient":""},"mobile":{"background-color":"","background-image":"","background-repeat":"repeat","background-position":"center center","background-size":"auto","background-attachment":"scroll","background-type":"","background-media":"","overlay-type":"","overlay-color":"","overlay-opacity":"","overlay-gradient":""}},"ast-content-background-meta":{"desktop":{"background-color":"var(--ast-global-color-5)","background-image":"","background-repeat":"repeat","background-position":"center center","background-size":"auto","background-attachment":"scroll","background-type":"","background-media":"","overlay-type":"","overlay-color":"","overlay-opacity":"","overlay-gradient":""},"tablet":{"background-color":"var(--ast-global-color-5)","background-image":"","background-repeat":"repeat","background-position":"center center","background-size":"auto","background-attachment":"scroll","background-type":"","background-media":"","overlay-type":"","overlay-color":"","overlay-opacity":"","overlay-gradient":""},"mobile":{"background-color":"var(--ast-global-color-5)","background-image":"","background-repeat":"repeat","background-position":"center center","background-size":"auto","background-attachment":"scroll","background-type":"","background-media":"","overlay-type":"","overlay-color":"","overlay-opacity":"","overlay-gradient":""}},"ngg_post_thumbnail":0},"product_brand":[],"product_cat":[503],"product_tag":[],"class_list":{"0":"post-22592","1":"product","2":"type-product","3":"status-publish","4":"has-post-thumbnail","6":"product_cat-eliminacion-de-pintura","7":"pa_size-voltaje-110-v","8":"pa_size-voltaje-220v","9":"desktop-align-center","10":"tablet-align-center","11":"mobile-align-center","12":"ast-product-gallery-layout-horizontal","13":"ast-product-gallery-with-no-image","14":"ast-product-single-variable","15":"ast-product-tabs-layout-horizontal","16":"ast-qv-on-image","18":"first","19":"instock","20":"taxable","21":"shipping-taxable","22":"purchasable","23":"product-type-variable"},"acf":[],"yoast_head":"<!-- This site is optimized with the Yoast SEO plugin v27.4 - https:\/\/yoast.com\/product\/yoast-seo-wordpress\/ -->\n<title>Calentador de velocidad IR 1100 RS - Brouns &amp; Co EU<\/title>\n<meta name=\"robots\" content=\"index, follow, max-snippet:-1, max-image-preview:large, max-video-preview:-1\" \/>\n<link rel=\"canonical\" href=\"https:\/\/brouns.eu\/es\/product\/eliminacion-de-pintura\/calentador-de-velocidad-ir-1100-rs\/\" \/>\n<meta property=\"og:locale\" content=\"es_ES\" \/>\n<meta property=\"og:type\" content=\"article\" \/>\n<meta property=\"og:title\" content=\"Calentador de velocidad IR 1100 RS - Brouns &amp; Co EU\" \/>\n<meta property=\"og:description\" content=\"El kit completo para una eliminaci\u00f3n de pintura suave, r\u00e1pida y segura. El IR 1100 RS forma parte de la familia original de sistemas de decapado de pintura por infrarrojos Speedheater, de origen sueco. Es la soluci\u00f3n completa para eliminar pintura, barniz y masilla con suavidad, seguridad y en segundos, especialmente en trabajos de decapado de gran envergadura, con menos detalles intrincados, como tablas, suelos, puertas y porches. Descubra m\u00e1s sobre las ventajas de las l\u00e1mparas Speedheater.  Si necesita el enchufe est\u00e1ndar brit\u00e1nico de 3 clavijas, solicite el de 220 V. Como alternativa, la opci\u00f3n de 110 V es para lugares de trabajo\/obras y tiene un enchufe diferente, como este:   El Speedheater IR1100 RS est\u00e1 actualmente agotado. Si desea a\u00f1adirlo a nuestra lista de pedidos pendientes, env\u00edenos un mensaje a trav\u00e9s del formulario de contacto.\" \/>\n<meta property=\"og:url\" content=\"https:\/\/brouns.eu\/es\/product\/eliminacion-de-pintura\/calentador-de-velocidad-ir-1100-rs\/\" \/>\n<meta property=\"og:site_name\" content=\"Brouns &amp; Co EU\" \/>\n<meta property=\"og:image\" content=\"https:\/\/brouns.eu\/wp-content\/uploads\/2024\/10\/Speedheater_IR_1100_RS__30805.jpg\" \/>\n\t<meta property=\"og:image:width\" content=\"641\" \/>\n\t<meta property=\"og:image:height\" content=\"800\" \/>\n\t<meta property=\"og:image:type\" content=\"image\/jpeg\" \/>\n<meta name=\"twitter:card\" content=\"summary_large_image\" \/>\n<meta name=\"twitter:label1\" content=\"Tiempo de lectura\" \/>\n\t<meta name=\"twitter:data1\" content=\"1 minuto\" \/>\n<script type=\"application\/ld+json\" class=\"yoast-schema-graph\">{\"@context\":\"https:\\\/\\\/schema.org\",\"@graph\":[{\"@type\":\"WebPage\",\"@id\":\"https:\\\/\\\/brouns.eu\\\/es\\\/product\\\/eliminacion-de-pintura\\\/calentador-de-velocidad-ir-1100-rs\\\/\",\"url\":\"https:\\\/\\\/brouns.eu\\\/es\\\/product\\\/eliminacion-de-pintura\\\/calentador-de-velocidad-ir-1100-rs\\\/\",\"name\":\"Calentador de velocidad IR 1100 RS - Brouns &amp; Co EU\",\"isPartOf\":{\"@id\":\"https:\\\/\\\/brouns.eu\\\/es\\\/#website\"},\"primaryImageOfPage\":{\"@id\":\"https:\\\/\\\/brouns.eu\\\/es\\\/product\\\/eliminacion-de-pintura\\\/calentador-de-velocidad-ir-1100-rs\\\/#primaryimage\"},\"image\":{\"@id\":\"https:\\\/\\\/brouns.eu\\\/es\\\/product\\\/eliminacion-de-pintura\\\/calentador-de-velocidad-ir-1100-rs\\\/#primaryimage\"},\"thumbnailUrl\":\"https:\\\/\\\/brouns.eu\\\/wp-content\\\/uploads\\\/2024\\\/10\\\/Speedheater_IR_1100_RS__30805.jpg\",\"datePublished\":\"2024-10-29T21:27:25+00:00\",\"breadcrumb\":{\"@id\":\"https:\\\/\\\/brouns.eu\\\/es\\\/product\\\/eliminacion-de-pintura\\\/calentador-de-velocidad-ir-1100-rs\\\/#breadcrumb\"},\"inLanguage\":\"es\",\"potentialAction\":[{\"@type\":\"ReadAction\",\"target\":[\"https:\\\/\\\/brouns.eu\\\/es\\\/product\\\/eliminacion-de-pintura\\\/calentador-de-velocidad-ir-1100-rs\\\/\"]}]},{\"@type\":\"ImageObject\",\"inLanguage\":\"es\",\"@id\":\"https:\\\/\\\/brouns.eu\\\/es\\\/product\\\/eliminacion-de-pintura\\\/calentador-de-velocidad-ir-1100-rs\\\/#primaryimage\",\"url\":\"https:\\\/\\\/brouns.eu\\\/wp-content\\\/uploads\\\/2024\\\/10\\\/Speedheater_IR_1100_RS__30805.jpg\",\"contentUrl\":\"https:\\\/\\\/brouns.eu\\\/wp-content\\\/uploads\\\/2024\\\/10\\\/Speedheater_IR_1100_RS__30805.jpg\",\"width\":641,\"height\":800},{\"@type\":\"BreadcrumbList\",\"@id\":\"https:\\\/\\\/brouns.eu\\\/es\\\/product\\\/eliminacion-de-pintura\\\/calentador-de-velocidad-ir-1100-rs\\\/#breadcrumb\",\"itemListElement\":[{\"@type\":\"ListItem\",\"position\":1,\"name\":\"Home\",\"item\":\"https:\\\/\\\/brouns.eu\\\/es\\\/\"},{\"@type\":\"ListItem\",\"position\":2,\"name\":\"Comercio\",\"item\":\"https:\\\/\\\/brouns.eu\\\/comercio\\\/\"},{\"@type\":\"ListItem\",\"position\":3,\"name\":\"Calentador de velocidad IR 1100 RS\"}]},{\"@type\":\"WebSite\",\"@id\":\"https:\\\/\\\/brouns.eu\\\/es\\\/#website\",\"url\":\"https:\\\/\\\/brouns.eu\\\/es\\\/\",\"name\":\"Brouns &amp; Co EU\",\"description\":\"\",\"publisher\":{\"@id\":\"https:\\\/\\\/brouns.eu\\\/es\\\/#organization\"},\"potentialAction\":[{\"@type\":\"SearchAction\",\"target\":{\"@type\":\"EntryPoint\",\"urlTemplate\":\"https:\\\/\\\/brouns.eu\\\/es\\\/?s={search_term_string}\"},\"query-input\":{\"@type\":\"PropertyValueSpecification\",\"valueRequired\":true,\"valueName\":\"search_term_string\"}}],\"inLanguage\":\"es\"},{\"@type\":\"Organization\",\"@id\":\"https:\\\/\\\/brouns.eu\\\/es\\\/#organization\",\"name\":\"Brouns &amp; Co EU\",\"url\":\"https:\\\/\\\/brouns.eu\\\/es\\\/\",\"logo\":{\"@type\":\"ImageObject\",\"inLanguage\":\"es\",\"@id\":\"https:\\\/\\\/brouns.eu\\\/es\\\/#\\\/schema\\\/logo\\\/image\\\/\",\"url\":\"https:\\\/\\\/brouns.eu\\\/wp-content\\\/uploads\\\/2024\\\/04\\\/Brouns-_-co-Logo-no-linseed-paint-oil.png\",\"contentUrl\":\"https:\\\/\\\/brouns.eu\\\/wp-content\\\/uploads\\\/2024\\\/04\\\/Brouns-_-co-Logo-no-linseed-paint-oil.png\",\"width\":650,\"height\":60,\"caption\":\"Brouns &amp; Co EU\"},\"image\":{\"@id\":\"https:\\\/\\\/brouns.eu\\\/es\\\/#\\\/schema\\\/logo\\\/image\\\/\"}}]}<\/script>\n<!-- \/ Yoast SEO plugin. -->","yoast_head_json":{"title":"Calentador de velocidad IR 1100 RS - Brouns &amp; Co EU","robots":{"index":"index","follow":"follow","max-snippet":"max-snippet:-1","max-image-preview":"max-image-preview:large","max-video-preview":"max-video-preview:-1"},"canonical":"https:\/\/brouns.eu\/es\/product\/eliminacion-de-pintura\/calentador-de-velocidad-ir-1100-rs\/","og_locale":"es_ES","og_type":"article","og_title":"Calentador de velocidad IR 1100 RS - Brouns &amp; Co EU","og_description":"El kit completo para una eliminaci\u00f3n de pintura suave, r\u00e1pida y segura. El IR 1100 RS forma parte de la familia original de sistemas de decapado de pintura por infrarrojos Speedheater, de origen sueco. Es la soluci\u00f3n completa para eliminar pintura, barniz y masilla con suavidad, seguridad y en segundos, especialmente en trabajos de decapado de gran envergadura, con menos detalles intrincados, como tablas, suelos, puertas y porches. Descubra m\u00e1s sobre las ventajas de las l\u00e1mparas Speedheater.  Si necesita el enchufe est\u00e1ndar brit\u00e1nico de 3 clavijas, solicite el de 220 V. Como alternativa, la opci\u00f3n de 110 V es para lugares de trabajo\/obras y tiene un enchufe diferente, como este:   El Speedheater IR1100 RS est\u00e1 actualmente agotado. Si desea a\u00f1adirlo a nuestra lista de pedidos pendientes, env\u00edenos un mensaje a trav\u00e9s del formulario de contacto.","og_url":"https:\/\/brouns.eu\/es\/product\/eliminacion-de-pintura\/calentador-de-velocidad-ir-1100-rs\/","og_site_name":"Brouns &amp; Co EU","og_image":[{"width":641,"height":800,"url":"https:\/\/brouns.eu\/wp-content\/uploads\/2024\/10\/Speedheater_IR_1100_RS__30805.jpg","type":"image\/jpeg"}],"twitter_card":"summary_large_image","twitter_misc":{"Tiempo de lectura":"1 minuto"},"schema":{"@context":"https:\/\/schema.org","@graph":[{"@type":"WebPage","@id":"https:\/\/brouns.eu\/es\/product\/eliminacion-de-pintura\/calentador-de-velocidad-ir-1100-rs\/","url":"https:\/\/brouns.eu\/es\/product\/eliminacion-de-pintura\/calentador-de-velocidad-ir-1100-rs\/","name":"Calentador de velocidad IR 1100 RS - Brouns &amp; Co EU","isPartOf":{"@id":"https:\/\/brouns.eu\/es\/#website"},"primaryImageOfPage":{"@id":"https:\/\/brouns.eu\/es\/product\/eliminacion-de-pintura\/calentador-de-velocidad-ir-1100-rs\/#primaryimage"},"image":{"@id":"https:\/\/brouns.eu\/es\/product\/eliminacion-de-pintura\/calentador-de-velocidad-ir-1100-rs\/#primaryimage"},"thumbnailUrl":"https:\/\/brouns.eu\/wp-content\/uploads\/2024\/10\/Speedheater_IR_1100_RS__30805.jpg","datePublished":"2024-10-29T21:27:25+00:00","breadcrumb":{"@id":"https:\/\/brouns.eu\/es\/product\/eliminacion-de-pintura\/calentador-de-velocidad-ir-1100-rs\/#breadcrumb"},"inLanguage":"es","potentialAction":[{"@type":"ReadAction","target":["https:\/\/brouns.eu\/es\/product\/eliminacion-de-pintura\/calentador-de-velocidad-ir-1100-rs\/"]}]},{"@type":"ImageObject","inLanguage":"es","@id":"https:\/\/brouns.eu\/es\/product\/eliminacion-de-pintura\/calentador-de-velocidad-ir-1100-rs\/#primaryimage","url":"https:\/\/brouns.eu\/wp-content\/uploads\/2024\/10\/Speedheater_IR_1100_RS__30805.jpg","contentUrl":"https:\/\/brouns.eu\/wp-content\/uploads\/2024\/10\/Speedheater_IR_1100_RS__30805.jpg","width":641,"height":800},{"@type":"BreadcrumbList","@id":"https:\/\/brouns.eu\/es\/product\/eliminacion-de-pintura\/calentador-de-velocidad-ir-1100-rs\/#breadcrumb","itemListElement":[{"@type":"ListItem","position":1,"name":"Home","item":"https:\/\/brouns.eu\/es\/"},{"@type":"ListItem","position":2,"name":"Comercio","item":"https:\/\/brouns.eu\/comercio\/"},{"@type":"ListItem","position":3,"name":"Calentador de velocidad IR 1100 RS"}]},{"@type":"WebSite","@id":"https:\/\/brouns.eu\/es\/#website","url":"https:\/\/brouns.eu\/es\/","name":"Brouns &amp; Co EU","description":"","publisher":{"@id":"https:\/\/brouns.eu\/es\/#organization"},"potentialAction":[{"@type":"SearchAction","target":{"@type":"EntryPoint","urlTemplate":"https:\/\/brouns.eu\/es\/?s={search_term_string}"},"query-input":{"@type":"PropertyValueSpecification","valueRequired":true,"valueName":"search_term_string"}}],"inLanguage":"es"},{"@type":"Organization","@id":"https:\/\/brouns.eu\/es\/#organization","name":"Brouns &amp; Co EU","url":"https:\/\/brouns.eu\/es\/","logo":{"@type":"ImageObject","inLanguage":"es","@id":"https:\/\/brouns.eu\/es\/#\/schema\/logo\/image\/","url":"https:\/\/brouns.eu\/wp-content\/uploads\/2024\/04\/Brouns-_-co-Logo-no-linseed-paint-oil.png","contentUrl":"https:\/\/brouns.eu\/wp-content\/uploads\/2024\/04\/Brouns-_-co-Logo-no-linseed-paint-oil.png","width":650,"height":60,"caption":"Brouns &amp; Co EU"},"image":{"@id":"https:\/\/brouns.eu\/es\/#\/schema\/logo\/image\/"}}]}},"_links":{"self":[{"href":"https:\/\/brouns.eu\/es\/wp-json\/wp\/v2\/product\/22592","targetHints":{"allow":["GET"]}}],"collection":[{"href":"https:\/\/brouns.eu\/es\/wp-json\/wp\/v2\/product"}],"about":[{"href":"https:\/\/brouns.eu\/es\/wp-json\/wp\/v2\/types\/product"}],"replies":[{"embeddable":true,"href":"https:\/\/brouns.eu\/es\/wp-json\/wp\/v2\/comments?post=22592"}],"version-history":[{"count":0,"href":"https:\/\/brouns.eu\/es\/wp-json\/wp\/v2\/product\/22592\/revisions"}],"wp:featuredmedia":[{"embeddable":true,"href":"https:\/\/brouns.eu\/es\/wp-json\/wp\/v2\/media\/22595"}],"wp:attachment":[{"href":"https:\/\/brouns.eu\/es\/wp-json\/wp\/v2\/media?parent=22592"}],"wp:term":[{"taxonomy":"product_brand","embeddable":true,"href":"https:\/\/brouns.eu\/es\/wp-json\/wp\/v2\/product_brand?post=22592"},{"taxonomy":"product_cat","embeddable":true,"href":"https:\/\/brouns.eu\/es\/wp-json\/wp\/v2\/product_cat?post=22592"},{"taxonomy":"product_tag","embeddable":true,"href":"https:\/\/brouns.eu\/es\/wp-json\/wp\/v2\/product_tag?post=22592"}],"curies":[{"name":"wp","href":"https:\/\/api.w.org\/{rel}","templated":true}]}}