{"id":22540,"date":"2024-10-29T21:27:32","date_gmt":"2024-10-29T21:27:32","guid":{"rendered":"https:\/\/brouns.eu\/product\/sin categor\u00eda\/masilla-relleno-de-aceite-de-linaza\/"},"modified":"2024-10-29T21:27:32","modified_gmt":"2024-10-29T21:27:32","slug":"masilla-relleno-de-aceite-de-linaza","status":"publish","type":"product","link":"https:\/\/brouns.eu\/es\/product\/masilla-y-estopa\/masilla-relleno-de-aceite-de-linaza\/","title":{"rendered":"Masilla\/relleno de aceite de linaza"},"content":{"rendered":"","protected":false},"excerpt":{"rendered":"<p>Esta masilla tradicional de aceite de linaza de alta calidad est\u00e1 hecha de aceite de linaza puro y excelentes tipos de tiza. Ideal para instalar acristalamientos, as\u00ed como para realizar reparaciones y rellenar huecos en marcos de ventanas, puertas, suelos y, en definitiva, cualquier reparaci\u00f3n de madera.   <\/p>\n<p>Aplique la masilla sobre la madera imprimada. Seg\u00fan el fabricante, se puede pintar directamente con pintura de aceite de linaza despu\u00e9s de la aplicaci\u00f3n. Solo aseg\u00farese de que la piel est\u00e9 lo suficientemente dura para que la brocha no arrastre l\u00edneas en la superficie. Tambi\u00e9n se puede usar en combinaci\u00f3n con estopa docka.   <\/p>\n<p>Disponible en tama\u00f1os de 750 g (1,6 lb) y 5 kg (11 lb).<\/p>\n","protected":false},"featured_media":22543,"comment_status":"open","ping_status":"closed","template":"","meta":{"_acf_changed":false,"site-sidebar-layout":"default","site-content-layout":"","ast-site-content-layout":"default","site-content-style":"default","site-sidebar-style":"default","ast-global-header-display":"","ast-banner-title-visibility":"","ast-main-header-display":"","ast-hfb-above-header-display":"","ast-hfb-below-header-display":"","ast-hfb-mobile-header-display":"","site-post-title":"","ast-breadcrumbs-content":"","ast-featured-img":"","footer-sml-layout":"","ast-disable-related-posts":"","theme-transparent-header-meta":"default","adv-header-id-meta":"","stick-header-meta":"default","header-above-stick-meta":"","header-main-stick-meta":"","header-below-stick-meta":"","astra-migrate-meta-layouts":"default","ast-page-background-enabled":"default","ast-page-background-meta":{"desktop":{"background-color":"","background-image":"","background-repeat":"repeat","background-position":"center center","background-size":"auto","background-attachment":"scroll","background-type":"","background-media":"","overlay-type":"","overlay-color":"","overlay-opacity":"","overlay-gradient":""},"tablet":{"background-color":"","background-image":"","background-repeat":"repeat","background-position":"center center","background-size":"auto","background-attachment":"scroll","background-type":"","background-media":"","overlay-type":"","overlay-color":"","overlay-opacity":"","overlay-gradient":""},"mobile":{"background-color":"","background-image":"","background-repeat":"repeat","background-position":"center center","background-size":"auto","background-attachment":"scroll","background-type":"","background-media":"","overlay-type":"","overlay-color":"","overlay-opacity":"","overlay-gradient":""}},"ast-content-background-meta":{"desktop":{"background-color":"var(--ast-global-color-5)","background-image":"","background-repeat":"repeat","background-position":"center center","background-size":"auto","background-attachment":"scroll","background-type":"","background-media":"","overlay-type":"","overlay-color":"","overlay-opacity":"","overlay-gradient":""},"tablet":{"background-color":"var(--ast-global-color-5)","background-image":"","background-repeat":"repeat","background-position":"center center","background-size":"auto","background-attachment":"scroll","background-type":"","background-media":"","overlay-type":"","overlay-color":"","overlay-opacity":"","overlay-gradient":""},"mobile":{"background-color":"var(--ast-global-color-5)","background-image":"","background-repeat":"repeat","background-position":"center center","background-size":"auto","background-attachment":"scroll","background-type":"","background-media":"","overlay-type":"","overlay-color":"","overlay-opacity":"","overlay-gradient":""}},"ngg_post_thumbnail":0},"product_brand":[],"product_cat":[489,490],"product_tag":[],"class_list":{"0":"post-22540","1":"product","2":"type-product","3":"status-publish","4":"has-post-thumbnail","6":"product_cat-masilla-y-estopa","7":"product_cat-restauracion-de-ventanas","8":"pa_size-tamano-5-kg","9":"pa_size-tamano-750g","10":"desktop-align-center","11":"tablet-align-center","12":"mobile-align-center","13":"ast-product-gallery-layout-horizontal","14":"ast-product-gallery-with-no-image","15":"ast-product-single-variable","16":"ast-product-tabs-layout-horizontal","17":"ast-qv-on-image","19":"first","20":"instock","21":"taxable","22":"shipping-taxable","23":"purchasable","24":"product-type-variable"},"acf":[],"yoast_head":"<!-- This site is optimized with the Yoast SEO plugin v27.4 - https:\/\/yoast.com\/product\/yoast-seo-wordpress\/ -->\n<title>Masilla\/relleno de aceite de linaza - Brouns &amp; Co EU<\/title>\n<meta name=\"robots\" content=\"index, follow, max-snippet:-1, max-image-preview:large, max-video-preview:-1\" \/>\n<link rel=\"canonical\" href=\"https:\/\/brouns.eu\/es\/product\/masilla-y-estopa\/masilla-relleno-de-aceite-de-linaza\/\" \/>\n<meta property=\"og:locale\" content=\"es_ES\" \/>\n<meta property=\"og:type\" content=\"article\" \/>\n<meta property=\"og:title\" content=\"Masilla\/relleno de aceite de linaza - Brouns &amp; Co EU\" \/>\n<meta property=\"og:description\" content=\"Esta masilla tradicional de aceite de linaza de alta calidad est\u00e1 hecha de aceite de linaza puro y excelentes tipos de tiza. Ideal para instalar acristalamientos, as\u00ed como para realizar reparaciones y rellenar huecos en marcos de ventanas, puertas, suelos y, en definitiva, cualquier reparaci\u00f3n de madera.   Aplique la masilla sobre la madera imprimada. Seg\u00fan el fabricante, se puede pintar directamente con pintura de aceite de linaza despu\u00e9s de la aplicaci\u00f3n. Solo aseg\u00farese de que la piel est\u00e9 lo suficientemente dura para que la brocha no arrastre l\u00edneas en la superficie. Tambi\u00e9n se puede usar en combinaci\u00f3n con estopa docka.   Disponible en tama\u00f1os de 750 g (1,6 lb) y 5 kg (11 lb).\" \/>\n<meta property=\"og:url\" content=\"https:\/\/brouns.eu\/es\/product\/masilla-y-estopa\/masilla-relleno-de-aceite-de-linaza\/\" \/>\n<meta property=\"og:site_name\" content=\"Brouns &amp; Co EU\" \/>\n<meta property=\"og:image\" content=\"https:\/\/brouns.eu\/wp-content\/uploads\/2024\/07\/Brouns_Co_putty.jpg\" \/>\n\t<meta property=\"og:image:width\" content=\"800\" \/>\n\t<meta property=\"og:image:height\" content=\"800\" \/>\n\t<meta property=\"og:image:type\" content=\"image\/jpeg\" \/>\n<meta name=\"twitter:card\" content=\"summary_large_image\" \/>\n<script type=\"application\/ld+json\" class=\"yoast-schema-graph\">{\"@context\":\"https:\\\/\\\/schema.org\",\"@graph\":[{\"@type\":\"WebPage\",\"@id\":\"https:\\\/\\\/brouns.eu\\\/es\\\/product\\\/masilla-y-estopa\\\/masilla-relleno-de-aceite-de-linaza\\\/\",\"url\":\"https:\\\/\\\/brouns.eu\\\/es\\\/product\\\/masilla-y-estopa\\\/masilla-relleno-de-aceite-de-linaza\\\/\",\"name\":\"Masilla\\\/relleno de aceite de linaza - Brouns &amp; Co EU\",\"isPartOf\":{\"@id\":\"https:\\\/\\\/brouns.eu\\\/es\\\/#website\"},\"primaryImageOfPage\":{\"@id\":\"https:\\\/\\\/brouns.eu\\\/es\\\/product\\\/masilla-y-estopa\\\/masilla-relleno-de-aceite-de-linaza\\\/#primaryimage\"},\"image\":{\"@id\":\"https:\\\/\\\/brouns.eu\\\/es\\\/product\\\/masilla-y-estopa\\\/masilla-relleno-de-aceite-de-linaza\\\/#primaryimage\"},\"thumbnailUrl\":\"https:\\\/\\\/brouns.eu\\\/wp-content\\\/uploads\\\/2024\\\/07\\\/Brouns_Co_putty.jpg\",\"datePublished\":\"2024-10-29T21:27:32+00:00\",\"breadcrumb\":{\"@id\":\"https:\\\/\\\/brouns.eu\\\/es\\\/product\\\/masilla-y-estopa\\\/masilla-relleno-de-aceite-de-linaza\\\/#breadcrumb\"},\"inLanguage\":\"es\",\"potentialAction\":[{\"@type\":\"ReadAction\",\"target\":[\"https:\\\/\\\/brouns.eu\\\/es\\\/product\\\/masilla-y-estopa\\\/masilla-relleno-de-aceite-de-linaza\\\/\"]}]},{\"@type\":\"ImageObject\",\"inLanguage\":\"es\",\"@id\":\"https:\\\/\\\/brouns.eu\\\/es\\\/product\\\/masilla-y-estopa\\\/masilla-relleno-de-aceite-de-linaza\\\/#primaryimage\",\"url\":\"https:\\\/\\\/brouns.eu\\\/wp-content\\\/uploads\\\/2024\\\/07\\\/Brouns_Co_putty.jpg\",\"contentUrl\":\"https:\\\/\\\/brouns.eu\\\/wp-content\\\/uploads\\\/2024\\\/07\\\/Brouns_Co_putty.jpg\",\"width\":800,\"height\":800},{\"@type\":\"BreadcrumbList\",\"@id\":\"https:\\\/\\\/brouns.eu\\\/es\\\/product\\\/masilla-y-estopa\\\/masilla-relleno-de-aceite-de-linaza\\\/#breadcrumb\",\"itemListElement\":[{\"@type\":\"ListItem\",\"position\":1,\"name\":\"Home\",\"item\":\"https:\\\/\\\/brouns.eu\\\/es\\\/\"},{\"@type\":\"ListItem\",\"position\":2,\"name\":\"Comercio\",\"item\":\"https:\\\/\\\/brouns.eu\\\/comercio\\\/\"},{\"@type\":\"ListItem\",\"position\":3,\"name\":\"Masilla\\\/relleno de aceite de linaza\"}]},{\"@type\":\"WebSite\",\"@id\":\"https:\\\/\\\/brouns.eu\\\/es\\\/#website\",\"url\":\"https:\\\/\\\/brouns.eu\\\/es\\\/\",\"name\":\"Brouns &amp; Co EU\",\"description\":\"\",\"publisher\":{\"@id\":\"https:\\\/\\\/brouns.eu\\\/es\\\/#organization\"},\"potentialAction\":[{\"@type\":\"SearchAction\",\"target\":{\"@type\":\"EntryPoint\",\"urlTemplate\":\"https:\\\/\\\/brouns.eu\\\/es\\\/?s={search_term_string}\"},\"query-input\":{\"@type\":\"PropertyValueSpecification\",\"valueRequired\":true,\"valueName\":\"search_term_string\"}}],\"inLanguage\":\"es\"},{\"@type\":\"Organization\",\"@id\":\"https:\\\/\\\/brouns.eu\\\/es\\\/#organization\",\"name\":\"Brouns &amp; Co EU\",\"url\":\"https:\\\/\\\/brouns.eu\\\/es\\\/\",\"logo\":{\"@type\":\"ImageObject\",\"inLanguage\":\"es\",\"@id\":\"https:\\\/\\\/brouns.eu\\\/es\\\/#\\\/schema\\\/logo\\\/image\\\/\",\"url\":\"https:\\\/\\\/brouns.eu\\\/wp-content\\\/uploads\\\/2024\\\/04\\\/Brouns-_-co-Logo-no-linseed-paint-oil.png\",\"contentUrl\":\"https:\\\/\\\/brouns.eu\\\/wp-content\\\/uploads\\\/2024\\\/04\\\/Brouns-_-co-Logo-no-linseed-paint-oil.png\",\"width\":650,\"height\":60,\"caption\":\"Brouns &amp; Co EU\"},\"image\":{\"@id\":\"https:\\\/\\\/brouns.eu\\\/es\\\/#\\\/schema\\\/logo\\\/image\\\/\"}}]}<\/script>\n<!-- \/ Yoast SEO plugin. -->","yoast_head_json":{"title":"Masilla\/relleno de aceite de linaza - Brouns &amp; Co EU","robots":{"index":"index","follow":"follow","max-snippet":"max-snippet:-1","max-image-preview":"max-image-preview:large","max-video-preview":"max-video-preview:-1"},"canonical":"https:\/\/brouns.eu\/es\/product\/masilla-y-estopa\/masilla-relleno-de-aceite-de-linaza\/","og_locale":"es_ES","og_type":"article","og_title":"Masilla\/relleno de aceite de linaza - Brouns &amp; Co EU","og_description":"Esta masilla tradicional de aceite de linaza de alta calidad est\u00e1 hecha de aceite de linaza puro y excelentes tipos de tiza. Ideal para instalar acristalamientos, as\u00ed como para realizar reparaciones y rellenar huecos en marcos de ventanas, puertas, suelos y, en definitiva, cualquier reparaci\u00f3n de madera.   Aplique la masilla sobre la madera imprimada. Seg\u00fan el fabricante, se puede pintar directamente con pintura de aceite de linaza despu\u00e9s de la aplicaci\u00f3n. Solo aseg\u00farese de que la piel est\u00e9 lo suficientemente dura para que la brocha no arrastre l\u00edneas en la superficie. Tambi\u00e9n se puede usar en combinaci\u00f3n con estopa docka.   Disponible en tama\u00f1os de 750 g (1,6 lb) y 5 kg (11 lb).","og_url":"https:\/\/brouns.eu\/es\/product\/masilla-y-estopa\/masilla-relleno-de-aceite-de-linaza\/","og_site_name":"Brouns &amp; Co EU","og_image":[{"width":800,"height":800,"url":"https:\/\/brouns.eu\/wp-content\/uploads\/2024\/07\/Brouns_Co_putty.jpg","type":"image\/jpeg"}],"twitter_card":"summary_large_image","schema":{"@context":"https:\/\/schema.org","@graph":[{"@type":"WebPage","@id":"https:\/\/brouns.eu\/es\/product\/masilla-y-estopa\/masilla-relleno-de-aceite-de-linaza\/","url":"https:\/\/brouns.eu\/es\/product\/masilla-y-estopa\/masilla-relleno-de-aceite-de-linaza\/","name":"Masilla\/relleno de aceite de linaza - Brouns &amp; Co EU","isPartOf":{"@id":"https:\/\/brouns.eu\/es\/#website"},"primaryImageOfPage":{"@id":"https:\/\/brouns.eu\/es\/product\/masilla-y-estopa\/masilla-relleno-de-aceite-de-linaza\/#primaryimage"},"image":{"@id":"https:\/\/brouns.eu\/es\/product\/masilla-y-estopa\/masilla-relleno-de-aceite-de-linaza\/#primaryimage"},"thumbnailUrl":"https:\/\/brouns.eu\/wp-content\/uploads\/2024\/07\/Brouns_Co_putty.jpg","datePublished":"2024-10-29T21:27:32+00:00","breadcrumb":{"@id":"https:\/\/brouns.eu\/es\/product\/masilla-y-estopa\/masilla-relleno-de-aceite-de-linaza\/#breadcrumb"},"inLanguage":"es","potentialAction":[{"@type":"ReadAction","target":["https:\/\/brouns.eu\/es\/product\/masilla-y-estopa\/masilla-relleno-de-aceite-de-linaza\/"]}]},{"@type":"ImageObject","inLanguage":"es","@id":"https:\/\/brouns.eu\/es\/product\/masilla-y-estopa\/masilla-relleno-de-aceite-de-linaza\/#primaryimage","url":"https:\/\/brouns.eu\/wp-content\/uploads\/2024\/07\/Brouns_Co_putty.jpg","contentUrl":"https:\/\/brouns.eu\/wp-content\/uploads\/2024\/07\/Brouns_Co_putty.jpg","width":800,"height":800},{"@type":"BreadcrumbList","@id":"https:\/\/brouns.eu\/es\/product\/masilla-y-estopa\/masilla-relleno-de-aceite-de-linaza\/#breadcrumb","itemListElement":[{"@type":"ListItem","position":1,"name":"Home","item":"https:\/\/brouns.eu\/es\/"},{"@type":"ListItem","position":2,"name":"Comercio","item":"https:\/\/brouns.eu\/comercio\/"},{"@type":"ListItem","position":3,"name":"Masilla\/relleno de aceite de linaza"}]},{"@type":"WebSite","@id":"https:\/\/brouns.eu\/es\/#website","url":"https:\/\/brouns.eu\/es\/","name":"Brouns &amp; Co EU","description":"","publisher":{"@id":"https:\/\/brouns.eu\/es\/#organization"},"potentialAction":[{"@type":"SearchAction","target":{"@type":"EntryPoint","urlTemplate":"https:\/\/brouns.eu\/es\/?s={search_term_string}"},"query-input":{"@type":"PropertyValueSpecification","valueRequired":true,"valueName":"search_term_string"}}],"inLanguage":"es"},{"@type":"Organization","@id":"https:\/\/brouns.eu\/es\/#organization","name":"Brouns &amp; Co EU","url":"https:\/\/brouns.eu\/es\/","logo":{"@type":"ImageObject","inLanguage":"es","@id":"https:\/\/brouns.eu\/es\/#\/schema\/logo\/image\/","url":"https:\/\/brouns.eu\/wp-content\/uploads\/2024\/04\/Brouns-_-co-Logo-no-linseed-paint-oil.png","contentUrl":"https:\/\/brouns.eu\/wp-content\/uploads\/2024\/04\/Brouns-_-co-Logo-no-linseed-paint-oil.png","width":650,"height":60,"caption":"Brouns &amp; Co EU"},"image":{"@id":"https:\/\/brouns.eu\/es\/#\/schema\/logo\/image\/"}}]}},"_links":{"self":[{"href":"https:\/\/brouns.eu\/es\/wp-json\/wp\/v2\/product\/22540","targetHints":{"allow":["GET"]}}],"collection":[{"href":"https:\/\/brouns.eu\/es\/wp-json\/wp\/v2\/product"}],"about":[{"href":"https:\/\/brouns.eu\/es\/wp-json\/wp\/v2\/types\/product"}],"replies":[{"embeddable":true,"href":"https:\/\/brouns.eu\/es\/wp-json\/wp\/v2\/comments?post=22540"}],"version-history":[{"count":0,"href":"https:\/\/brouns.eu\/es\/wp-json\/wp\/v2\/product\/22540\/revisions"}],"wp:featuredmedia":[{"embeddable":true,"href":"https:\/\/brouns.eu\/es\/wp-json\/wp\/v2\/media\/22543"}],"wp:attachment":[{"href":"https:\/\/brouns.eu\/es\/wp-json\/wp\/v2\/media?parent=22540"}],"wp:term":[{"taxonomy":"product_brand","embeddable":true,"href":"https:\/\/brouns.eu\/es\/wp-json\/wp\/v2\/product_brand?post=22540"},{"taxonomy":"product_cat","embeddable":true,"href":"https:\/\/brouns.eu\/es\/wp-json\/wp\/v2\/product_cat?post=22540"},{"taxonomy":"product_tag","embeddable":true,"href":"https:\/\/brouns.eu\/es\/wp-json\/wp\/v2\/product_tag?post=22540"}],"curies":[{"name":"wp","href":"https:\/\/api.w.org\/{rel}","templated":true}]}}