{"id":22528,"date":"2024-10-29T21:27:28","date_gmt":"2024-10-29T21:27:28","guid":{"rendered":"https:\/\/brouns.eu\/product\/sin categor\u00eda\/aceite-de-linaza-hervido\/"},"modified":"2024-10-29T21:27:28","modified_gmt":"2024-10-29T21:27:28","slug":"aceite-de-linaza-hervido","status":"publish","type":"product","link":"https:\/\/brouns.eu\/es\/product\/aceites\/aceite-de-linaza-hervido\/","title":{"rendered":"aceite de linaza hervido"},"content":{"rendered":"","protected":false},"excerpt":{"rendered":"<p>Ideal para diluir pintura de aceite de linaza y tratar madera.<\/p>\n<p>Aceite de linaza original, prensado en fr\u00edo, madurado y hervido. Es el material con el que se elabora la pintura al aceite de linaza, por lo que es el diluyente perfecto. <\/p>\n<p>Sin embargo, este aceite de linaza tiene tiempos de secado m\u00e1s r\u00e1pidos que el aceite de linaza crudo, por lo que si est\u00e1 pintando madera muy seca y porosa le recomendamos aceite de linaza crudo.<\/p>\n<p>El aceite de linaza hervido tambi\u00e9n se puede usar para aceitar y tratar la superficie de la madera de interior, d\u00e1ndole una p\u00e1tina rica y suave a la madera decapada o sin tratar. Tambi\u00e9n nos preguntan si se puede usar aceite de linaza solo (crudo o hervido) para proteger la madera de exterior. No lo recomendamos, ya que no protege contra la degradaci\u00f3n por rayos UV ni la formaci\u00f3n de moho, ya que el aceite de linaza es un producto org\u00e1nico. Por ello, hemos desarrollado un aceite nutritivo para madera que proporciona a la madera de exterior la protecci\u00f3n que necesita con un acabado transparente. Tambi\u00e9n puede usar nuestra pintura de aceite de linaza para exteriores, que ofrece la protecci\u00f3n de los pigmentos de color de la pintura.    <\/p>\n<p>Disponible en tama\u00f1os de 500 ml (16,9 fl.oz.), 1 L (33,8 fl.oz.) y 5 L (1,32 gal.).<\/p>\n","protected":false},"featured_media":22532,"comment_status":"open","ping_status":"closed","template":"","meta":{"_acf_changed":false,"site-sidebar-layout":"default","site-content-layout":"","ast-site-content-layout":"default","site-content-style":"default","site-sidebar-style":"default","ast-global-header-display":"","ast-banner-title-visibility":"","ast-main-header-display":"","ast-hfb-above-header-display":"","ast-hfb-below-header-display":"","ast-hfb-mobile-header-display":"","site-post-title":"","ast-breadcrumbs-content":"","ast-featured-img":"","footer-sml-layout":"","ast-disable-related-posts":"","theme-transparent-header-meta":"default","adv-header-id-meta":"","stick-header-meta":"default","header-above-stick-meta":"","header-main-stick-meta":"","header-below-stick-meta":"","astra-migrate-meta-layouts":"default","ast-page-background-enabled":"default","ast-page-background-meta":{"desktop":{"background-color":"","background-image":"","background-repeat":"repeat","background-position":"center center","background-size":"auto","background-attachment":"scroll","background-type":"","background-media":"","overlay-type":"","overlay-color":"","overlay-opacity":"","overlay-gradient":""},"tablet":{"background-color":"","background-image":"","background-repeat":"repeat","background-position":"center center","background-size":"auto","background-attachment":"scroll","background-type":"","background-media":"","overlay-type":"","overlay-color":"","overlay-opacity":"","overlay-gradient":""},"mobile":{"background-color":"","background-image":"","background-repeat":"repeat","background-position":"center center","background-size":"auto","background-attachment":"scroll","background-type":"","background-media":"","overlay-type":"","overlay-color":"","overlay-opacity":"","overlay-gradient":""}},"ast-content-background-meta":{"desktop":{"background-color":"var(--ast-global-color-5)","background-image":"","background-repeat":"repeat","background-position":"center center","background-size":"auto","background-attachment":"scroll","background-type":"","background-media":"","overlay-type":"","overlay-color":"","overlay-opacity":"","overlay-gradient":""},"tablet":{"background-color":"var(--ast-global-color-5)","background-image":"","background-repeat":"repeat","background-position":"center center","background-size":"auto","background-attachment":"scroll","background-type":"","background-media":"","overlay-type":"","overlay-color":"","overlay-opacity":"","overlay-gradient":""},"mobile":{"background-color":"var(--ast-global-color-5)","background-image":"","background-repeat":"repeat","background-position":"center center","background-size":"auto","background-attachment":"scroll","background-type":"","background-media":"","overlay-type":"","overlay-color":"","overlay-opacity":"","overlay-gradient":""}},"ngg_post_thumbnail":0},"product_brand":[],"product_cat":[484],"product_tag":[],"class_list":{"0":"post-22528","1":"product","2":"type-product","3":"status-publish","4":"has-post-thumbnail","6":"product_cat-aceites","7":"pa_size-tamano-1l","8":"pa_size-tamano-500-ml","9":"pa_size-tamano-5l","10":"desktop-align-center","11":"tablet-align-center","12":"mobile-align-center","13":"ast-product-gallery-layout-horizontal","14":"ast-product-gallery-with-no-image","15":"ast-product-single-variable","16":"ast-product-tabs-layout-horizontal","17":"ast-qv-on-image","19":"first","20":"instock","21":"taxable","22":"shipping-taxable","23":"purchasable","24":"product-type-variable"},"acf":[],"yoast_head":"<!-- This site is optimized with the Yoast SEO plugin v27.4 - https:\/\/yoast.com\/product\/yoast-seo-wordpress\/ -->\n<title>aceite de linaza hervido - Brouns &amp; Co EU<\/title>\n<meta name=\"robots\" content=\"index, follow, max-snippet:-1, max-image-preview:large, max-video-preview:-1\" \/>\n<link rel=\"canonical\" href=\"https:\/\/brouns.eu\/es\/product\/aceites\/aceite-de-linaza-hervido\/\" \/>\n<meta property=\"og:locale\" content=\"es_ES\" \/>\n<meta property=\"og:type\" content=\"article\" \/>\n<meta property=\"og:title\" content=\"aceite de linaza hervido - Brouns &amp; Co EU\" \/>\n<meta property=\"og:description\" content=\"Ideal para diluir pintura de aceite de linaza y tratar madera. Aceite de linaza original, prensado en fr\u00edo, madurado y hervido. Es el material con el que se elabora la pintura al aceite de linaza, por lo que es el diluyente perfecto.  Sin embargo, este aceite de linaza tiene tiempos de secado m\u00e1s r\u00e1pidos que el aceite de linaza crudo, por lo que si est\u00e1 pintando madera muy seca y porosa le recomendamos aceite de linaza crudo. El aceite de linaza hervido tambi\u00e9n se puede usar para aceitar y tratar la superficie de la madera de interior, d\u00e1ndole una p\u00e1tina rica y suave a la madera decapada o sin tratar. Tambi\u00e9n nos preguntan si se puede usar aceite de linaza solo (crudo o hervido) para proteger la madera de exterior. No lo recomendamos, ya que no protege contra la degradaci\u00f3n por rayos UV ni la formaci\u00f3n de moho, ya que el aceite de linaza es un producto org\u00e1nico. Por ello, hemos desarrollado un aceite nutritivo para madera que proporciona a la madera de exterior la protecci\u00f3n que necesita con un acabado transparente. Tambi\u00e9n puede usar nuestra pintura de aceite de linaza para exteriores, que ofrece la protecci\u00f3n de los pigmentos de color de la pintura.   Disponible en tama\u00f1os de 500 ml (16,9 fl.oz.), 1 L (33,8 fl.oz.) y 5 L (1,32 gal.).\" \/>\n<meta property=\"og:url\" content=\"https:\/\/brouns.eu\/es\/product\/aceites\/aceite-de-linaza-hervido\/\" \/>\n<meta property=\"og:site_name\" content=\"Brouns &amp; Co EU\" \/>\n<meta property=\"og:image\" content=\"https:\/\/brouns.eu\/wp-content\/uploads\/2024\/07\/Brouns_Co_Boiled_Oil.jpg\" \/>\n\t<meta property=\"og:image:width\" content=\"800\" \/>\n\t<meta property=\"og:image:height\" content=\"800\" \/>\n\t<meta property=\"og:image:type\" content=\"image\/jpeg\" \/>\n<meta name=\"twitter:card\" content=\"summary_large_image\" \/>\n<script type=\"application\/ld+json\" class=\"yoast-schema-graph\">{\"@context\":\"https:\\\/\\\/schema.org\",\"@graph\":[{\"@type\":\"WebPage\",\"@id\":\"https:\\\/\\\/brouns.eu\\\/es\\\/product\\\/aceites\\\/aceite-de-linaza-hervido\\\/\",\"url\":\"https:\\\/\\\/brouns.eu\\\/es\\\/product\\\/aceites\\\/aceite-de-linaza-hervido\\\/\",\"name\":\"aceite de linaza hervido - Brouns &amp; Co EU\",\"isPartOf\":{\"@id\":\"https:\\\/\\\/brouns.eu\\\/es\\\/#website\"},\"primaryImageOfPage\":{\"@id\":\"https:\\\/\\\/brouns.eu\\\/es\\\/product\\\/aceites\\\/aceite-de-linaza-hervido\\\/#primaryimage\"},\"image\":{\"@id\":\"https:\\\/\\\/brouns.eu\\\/es\\\/product\\\/aceites\\\/aceite-de-linaza-hervido\\\/#primaryimage\"},\"thumbnailUrl\":\"https:\\\/\\\/brouns.eu\\\/wp-content\\\/uploads\\\/2024\\\/07\\\/Brouns_Co_Boiled_Oil.jpg\",\"datePublished\":\"2024-10-29T21:27:28+00:00\",\"breadcrumb\":{\"@id\":\"https:\\\/\\\/brouns.eu\\\/es\\\/product\\\/aceites\\\/aceite-de-linaza-hervido\\\/#breadcrumb\"},\"inLanguage\":\"es\",\"potentialAction\":[{\"@type\":\"ReadAction\",\"target\":[\"https:\\\/\\\/brouns.eu\\\/es\\\/product\\\/aceites\\\/aceite-de-linaza-hervido\\\/\"]}]},{\"@type\":\"ImageObject\",\"inLanguage\":\"es\",\"@id\":\"https:\\\/\\\/brouns.eu\\\/es\\\/product\\\/aceites\\\/aceite-de-linaza-hervido\\\/#primaryimage\",\"url\":\"https:\\\/\\\/brouns.eu\\\/wp-content\\\/uploads\\\/2024\\\/07\\\/Brouns_Co_Boiled_Oil.jpg\",\"contentUrl\":\"https:\\\/\\\/brouns.eu\\\/wp-content\\\/uploads\\\/2024\\\/07\\\/Brouns_Co_Boiled_Oil.jpg\",\"width\":800,\"height\":800},{\"@type\":\"BreadcrumbList\",\"@id\":\"https:\\\/\\\/brouns.eu\\\/es\\\/product\\\/aceites\\\/aceite-de-linaza-hervido\\\/#breadcrumb\",\"itemListElement\":[{\"@type\":\"ListItem\",\"position\":1,\"name\":\"Home\",\"item\":\"https:\\\/\\\/brouns.eu\\\/es\\\/\"},{\"@type\":\"ListItem\",\"position\":2,\"name\":\"Comercio\",\"item\":\"https:\\\/\\\/brouns.eu\\\/comercio\\\/\"},{\"@type\":\"ListItem\",\"position\":3,\"name\":\"aceite de linaza hervido\"}]},{\"@type\":\"WebSite\",\"@id\":\"https:\\\/\\\/brouns.eu\\\/es\\\/#website\",\"url\":\"https:\\\/\\\/brouns.eu\\\/es\\\/\",\"name\":\"Brouns &amp; Co EU\",\"description\":\"\",\"publisher\":{\"@id\":\"https:\\\/\\\/brouns.eu\\\/es\\\/#organization\"},\"potentialAction\":[{\"@type\":\"SearchAction\",\"target\":{\"@type\":\"EntryPoint\",\"urlTemplate\":\"https:\\\/\\\/brouns.eu\\\/es\\\/?s={search_term_string}\"},\"query-input\":{\"@type\":\"PropertyValueSpecification\",\"valueRequired\":true,\"valueName\":\"search_term_string\"}}],\"inLanguage\":\"es\"},{\"@type\":\"Organization\",\"@id\":\"https:\\\/\\\/brouns.eu\\\/es\\\/#organization\",\"name\":\"Brouns &amp; Co EU\",\"url\":\"https:\\\/\\\/brouns.eu\\\/es\\\/\",\"logo\":{\"@type\":\"ImageObject\",\"inLanguage\":\"es\",\"@id\":\"https:\\\/\\\/brouns.eu\\\/es\\\/#\\\/schema\\\/logo\\\/image\\\/\",\"url\":\"https:\\\/\\\/brouns.eu\\\/wp-content\\\/uploads\\\/2024\\\/04\\\/Brouns-_-co-Logo-no-linseed-paint-oil.png\",\"contentUrl\":\"https:\\\/\\\/brouns.eu\\\/wp-content\\\/uploads\\\/2024\\\/04\\\/Brouns-_-co-Logo-no-linseed-paint-oil.png\",\"width\":650,\"height\":60,\"caption\":\"Brouns &amp; Co EU\"},\"image\":{\"@id\":\"https:\\\/\\\/brouns.eu\\\/es\\\/#\\\/schema\\\/logo\\\/image\\\/\"}}]}<\/script>\n<!-- \/ Yoast SEO plugin. -->","yoast_head_json":{"title":"aceite de linaza hervido - Brouns &amp; Co EU","robots":{"index":"index","follow":"follow","max-snippet":"max-snippet:-1","max-image-preview":"max-image-preview:large","max-video-preview":"max-video-preview:-1"},"canonical":"https:\/\/brouns.eu\/es\/product\/aceites\/aceite-de-linaza-hervido\/","og_locale":"es_ES","og_type":"article","og_title":"aceite de linaza hervido - Brouns &amp; Co EU","og_description":"Ideal para diluir pintura de aceite de linaza y tratar madera. Aceite de linaza original, prensado en fr\u00edo, madurado y hervido. Es el material con el que se elabora la pintura al aceite de linaza, por lo que es el diluyente perfecto.  Sin embargo, este aceite de linaza tiene tiempos de secado m\u00e1s r\u00e1pidos que el aceite de linaza crudo, por lo que si est\u00e1 pintando madera muy seca y porosa le recomendamos aceite de linaza crudo. El aceite de linaza hervido tambi\u00e9n se puede usar para aceitar y tratar la superficie de la madera de interior, d\u00e1ndole una p\u00e1tina rica y suave a la madera decapada o sin tratar. Tambi\u00e9n nos preguntan si se puede usar aceite de linaza solo (crudo o hervido) para proteger la madera de exterior. No lo recomendamos, ya que no protege contra la degradaci\u00f3n por rayos UV ni la formaci\u00f3n de moho, ya que el aceite de linaza es un producto org\u00e1nico. Por ello, hemos desarrollado un aceite nutritivo para madera que proporciona a la madera de exterior la protecci\u00f3n que necesita con un acabado transparente. Tambi\u00e9n puede usar nuestra pintura de aceite de linaza para exteriores, que ofrece la protecci\u00f3n de los pigmentos de color de la pintura.   Disponible en tama\u00f1os de 500 ml (16,9 fl.oz.), 1 L (33,8 fl.oz.) y 5 L (1,32 gal.).","og_url":"https:\/\/brouns.eu\/es\/product\/aceites\/aceite-de-linaza-hervido\/","og_site_name":"Brouns &amp; Co EU","og_image":[{"width":800,"height":800,"url":"https:\/\/brouns.eu\/wp-content\/uploads\/2024\/07\/Brouns_Co_Boiled_Oil.jpg","type":"image\/jpeg"}],"twitter_card":"summary_large_image","schema":{"@context":"https:\/\/schema.org","@graph":[{"@type":"WebPage","@id":"https:\/\/brouns.eu\/es\/product\/aceites\/aceite-de-linaza-hervido\/","url":"https:\/\/brouns.eu\/es\/product\/aceites\/aceite-de-linaza-hervido\/","name":"aceite de linaza hervido - Brouns &amp; Co EU","isPartOf":{"@id":"https:\/\/brouns.eu\/es\/#website"},"primaryImageOfPage":{"@id":"https:\/\/brouns.eu\/es\/product\/aceites\/aceite-de-linaza-hervido\/#primaryimage"},"image":{"@id":"https:\/\/brouns.eu\/es\/product\/aceites\/aceite-de-linaza-hervido\/#primaryimage"},"thumbnailUrl":"https:\/\/brouns.eu\/wp-content\/uploads\/2024\/07\/Brouns_Co_Boiled_Oil.jpg","datePublished":"2024-10-29T21:27:28+00:00","breadcrumb":{"@id":"https:\/\/brouns.eu\/es\/product\/aceites\/aceite-de-linaza-hervido\/#breadcrumb"},"inLanguage":"es","potentialAction":[{"@type":"ReadAction","target":["https:\/\/brouns.eu\/es\/product\/aceites\/aceite-de-linaza-hervido\/"]}]},{"@type":"ImageObject","inLanguage":"es","@id":"https:\/\/brouns.eu\/es\/product\/aceites\/aceite-de-linaza-hervido\/#primaryimage","url":"https:\/\/brouns.eu\/wp-content\/uploads\/2024\/07\/Brouns_Co_Boiled_Oil.jpg","contentUrl":"https:\/\/brouns.eu\/wp-content\/uploads\/2024\/07\/Brouns_Co_Boiled_Oil.jpg","width":800,"height":800},{"@type":"BreadcrumbList","@id":"https:\/\/brouns.eu\/es\/product\/aceites\/aceite-de-linaza-hervido\/#breadcrumb","itemListElement":[{"@type":"ListItem","position":1,"name":"Home","item":"https:\/\/brouns.eu\/es\/"},{"@type":"ListItem","position":2,"name":"Comercio","item":"https:\/\/brouns.eu\/comercio\/"},{"@type":"ListItem","position":3,"name":"aceite de linaza hervido"}]},{"@type":"WebSite","@id":"https:\/\/brouns.eu\/es\/#website","url":"https:\/\/brouns.eu\/es\/","name":"Brouns &amp; Co EU","description":"","publisher":{"@id":"https:\/\/brouns.eu\/es\/#organization"},"potentialAction":[{"@type":"SearchAction","target":{"@type":"EntryPoint","urlTemplate":"https:\/\/brouns.eu\/es\/?s={search_term_string}"},"query-input":{"@type":"PropertyValueSpecification","valueRequired":true,"valueName":"search_term_string"}}],"inLanguage":"es"},{"@type":"Organization","@id":"https:\/\/brouns.eu\/es\/#organization","name":"Brouns &amp; Co EU","url":"https:\/\/brouns.eu\/es\/","logo":{"@type":"ImageObject","inLanguage":"es","@id":"https:\/\/brouns.eu\/es\/#\/schema\/logo\/image\/","url":"https:\/\/brouns.eu\/wp-content\/uploads\/2024\/04\/Brouns-_-co-Logo-no-linseed-paint-oil.png","contentUrl":"https:\/\/brouns.eu\/wp-content\/uploads\/2024\/04\/Brouns-_-co-Logo-no-linseed-paint-oil.png","width":650,"height":60,"caption":"Brouns &amp; Co EU"},"image":{"@id":"https:\/\/brouns.eu\/es\/#\/schema\/logo\/image\/"}}]}},"_links":{"self":[{"href":"https:\/\/brouns.eu\/es\/wp-json\/wp\/v2\/product\/22528","targetHints":{"allow":["GET"]}}],"collection":[{"href":"https:\/\/brouns.eu\/es\/wp-json\/wp\/v2\/product"}],"about":[{"href":"https:\/\/brouns.eu\/es\/wp-json\/wp\/v2\/types\/product"}],"replies":[{"embeddable":true,"href":"https:\/\/brouns.eu\/es\/wp-json\/wp\/v2\/comments?post=22528"}],"version-history":[{"count":0,"href":"https:\/\/brouns.eu\/es\/wp-json\/wp\/v2\/product\/22528\/revisions"}],"wp:featuredmedia":[{"embeddable":true,"href":"https:\/\/brouns.eu\/es\/wp-json\/wp\/v2\/media\/22532"}],"wp:attachment":[{"href":"https:\/\/brouns.eu\/es\/wp-json\/wp\/v2\/media?parent=22528"}],"wp:term":[{"taxonomy":"product_brand","embeddable":true,"href":"https:\/\/brouns.eu\/es\/wp-json\/wp\/v2\/product_brand?post=22528"},{"taxonomy":"product_cat","embeddable":true,"href":"https:\/\/brouns.eu\/es\/wp-json\/wp\/v2\/product_cat?post=22528"},{"taxonomy":"product_tag","embeddable":true,"href":"https:\/\/brouns.eu\/es\/wp-json\/wp\/v2\/product_tag?post=22528"}],"curies":[{"name":"wp","href":"https:\/\/api.w.org\/{rel}","templated":true}]}}