{"id":22487,"date":"2024-10-29T21:27:23","date_gmt":"2024-10-29T21:27:23","guid":{"rendered":"https:\/\/brouns.eu\/product\/sin categor\u00eda\/primer-1\/"},"modified":"2024-10-29T21:27:23","modified_gmt":"2024-10-29T21:27:23","slug":"primer-1","status":"publish","type":"product","link":"https:\/\/brouns.eu\/es\/product\/primers-es\/primer-1\/","title":{"rendered":"Primer #1"},"content":{"rendered":"","protected":false},"excerpt":{"rendered":"<p><strong>IMPRIMACI\u00d3N \u2013 USAR CON PINTURA DE ACEITE DE LINAZA PARA EXTERIORES<\/strong><\/p>\n<p>Una imprimaci\u00f3n lista para usar con nuestra pintura de aceite de linaza para exteriores al pintar sobre madera exterior. Ya no es necesario mezclar su propia imprimaci\u00f3n, aceite de linaza crudo y aguarr\u00e1s bals\u00e1mico. Elaborada con ingredientes y pigmentos naturales, nuestra imprimaci\u00f3n ya est\u00e1 mezclada en las proporciones correctas y, tras removerla bien, est\u00e1 lista para usar. Una sola capa de esta imprimaci\u00f3n es la base perfecta para cualquiera de los colores de nuestra hermosa colecci\u00f3n de pintura de aceite de linaza para exteriores.   <\/p>\n<p>Viene en tres tonos:<\/p>\n<p><strong>PRIMER<\/strong> <strong>#1<\/strong><\/p>\n<p><strong>PRIMER #2<\/strong><\/p>\n<p><strong>PRIMER<\/strong> <strong>#3<\/strong><\/p>\n<p><strong>PRIMER #1 es el m\u00e1s claro de los tres tonos.<\/strong><\/p>\n<p>&nbsp;<\/p>\n<p>Cuando pidas tu pintura de aceite de linaza para exterior ver\u00e1s cu\u00e1l de las tres imprimaciones recomendamos para cada color.<\/p>\n<p>Tenga en cuenta que el color puede variar entre lotes, pero no afectar\u00e1 el acabado final una vez aplicadas las capas superiores.<\/p>\n<p><strong>Cobertura<\/strong><\/p>\n<p>14-16 <sup>m2<\/sup> por litro por capa (155-180 pies cuadrados por 33,8 onzas l\u00edquidas)<\/p>\n","protected":false},"featured_media":22488,"comment_status":"open","ping_status":"closed","template":"","meta":{"_acf_changed":false,"site-sidebar-layout":"default","site-content-layout":"","ast-site-content-layout":"default","site-content-style":"default","site-sidebar-style":"default","ast-global-header-display":"","ast-banner-title-visibility":"","ast-main-header-display":"","ast-hfb-above-header-display":"","ast-hfb-below-header-display":"","ast-hfb-mobile-header-display":"","site-post-title":"","ast-breadcrumbs-content":"","ast-featured-img":"","footer-sml-layout":"","ast-disable-related-posts":"","theme-transparent-header-meta":"default","adv-header-id-meta":"","stick-header-meta":"default","header-above-stick-meta":"","header-main-stick-meta":"","header-below-stick-meta":"","astra-migrate-meta-layouts":"default","ast-page-background-enabled":"default","ast-page-background-meta":{"desktop":{"background-color":"","background-image":"","background-repeat":"repeat","background-position":"center center","background-size":"auto","background-attachment":"scroll","background-type":"","background-media":"","overlay-type":"","overlay-color":"","overlay-opacity":"","overlay-gradient":""},"tablet":{"background-color":"","background-image":"","background-repeat":"repeat","background-position":"center center","background-size":"auto","background-attachment":"scroll","background-type":"","background-media":"","overlay-type":"","overlay-color":"","overlay-opacity":"","overlay-gradient":""},"mobile":{"background-color":"","background-image":"","background-repeat":"repeat","background-position":"center center","background-size":"auto","background-attachment":"scroll","background-type":"","background-media":"","overlay-type":"","overlay-color":"","overlay-opacity":"","overlay-gradient":""}},"ast-content-background-meta":{"desktop":{"background-color":"var(--ast-global-color-5)","background-image":"","background-repeat":"repeat","background-position":"center center","background-size":"auto","background-attachment":"scroll","background-type":"","background-media":"","overlay-type":"","overlay-color":"","overlay-opacity":"","overlay-gradient":""},"tablet":{"background-color":"var(--ast-global-color-5)","background-image":"","background-repeat":"repeat","background-position":"center center","background-size":"auto","background-attachment":"scroll","background-type":"","background-media":"","overlay-type":"","overlay-color":"","overlay-opacity":"","overlay-gradient":""},"mobile":{"background-color":"var(--ast-global-color-5)","background-image":"","background-repeat":"repeat","background-position":"center center","background-size":"auto","background-attachment":"scroll","background-type":"","background-media":"","overlay-type":"","overlay-color":"","overlay-opacity":"","overlay-gradient":""}},"ngg_post_thumbnail":0},"product_brand":[],"product_cat":[481],"product_tag":[],"class_list":{"0":"post-22487","1":"product","2":"type-product","3":"status-publish","4":"has-post-thumbnail","6":"product_cat-primers-es","7":"pa_size-tamano-1l","8":"pa_size-tamano-25l","9":"pa_size-tamano-500-ml","10":"desktop-align-center","11":"tablet-align-center","12":"mobile-align-center","13":"ast-product-gallery-layout-horizontal","14":"ast-product-gallery-with-no-image","15":"ast-product-single-variable","16":"ast-product-tabs-layout-horizontal","17":"ast-qv-on-image","19":"first","20":"instock","21":"taxable","22":"shipping-taxable","23":"purchasable","24":"product-type-variable"},"acf":[],"yoast_head":"<!-- This site is optimized with the Yoast SEO plugin v27.4 - https:\/\/yoast.com\/product\/yoast-seo-wordpress\/ -->\n<title>Primer #1 - Brouns &amp; Co EU<\/title>\n<meta name=\"robots\" content=\"index, follow, max-snippet:-1, max-image-preview:large, max-video-preview:-1\" \/>\n<link rel=\"canonical\" href=\"https:\/\/brouns.eu\/es\/product\/primers-es\/primer-1\/\" \/>\n<meta property=\"og:locale\" content=\"es_ES\" \/>\n<meta property=\"og:type\" content=\"article\" \/>\n<meta property=\"og:title\" content=\"Primer #1 - Brouns &amp; Co EU\" \/>\n<meta property=\"og:description\" content=\"IMPRIMACI\u00d3N \u2013 USAR CON PINTURA DE ACEITE DE LINAZA PARA EXTERIORES Una imprimaci\u00f3n lista para usar con nuestra pintura de aceite de linaza para exteriores al pintar sobre madera exterior. Ya no es necesario mezclar su propia imprimaci\u00f3n, aceite de linaza crudo y aguarr\u00e1s bals\u00e1mico. Elaborada con ingredientes y pigmentos naturales, nuestra imprimaci\u00f3n ya est\u00e1 mezclada en las proporciones correctas y, tras removerla bien, est\u00e1 lista para usar. Una sola capa de esta imprimaci\u00f3n es la base perfecta para cualquiera de los colores de nuestra hermosa colecci\u00f3n de pintura de aceite de linaza para exteriores.   Viene en tres tonos: PRIMER #1 PRIMER #2 PRIMER #3 PRIMER #1 es el m\u00e1s claro de los tres tonos. &nbsp; Cuando pidas tu pintura de aceite de linaza para exterior ver\u00e1s cu\u00e1l de las tres imprimaciones recomendamos para cada color. Tenga en cuenta que el color puede variar entre lotes, pero no afectar\u00e1 el acabado final una vez aplicadas las capas superiores. Cobertura 14-16 m2 por litro por capa (155-180 pies cuadrados por 33,8 onzas l\u00edquidas)\" \/>\n<meta property=\"og:url\" content=\"https:\/\/brouns.eu\/es\/product\/primers-es\/primer-1\/\" \/>\n<meta property=\"og:site_name\" content=\"Brouns &amp; Co EU\" \/>\n<meta property=\"og:image\" content=\"https:\/\/brouns.eu\/wp-content\/uploads\/2024\/07\/Primer1_websq_1000__11348.jpg\" \/>\n\t<meta property=\"og:image:width\" content=\"800\" \/>\n\t<meta property=\"og:image:height\" content=\"800\" \/>\n\t<meta property=\"og:image:type\" content=\"image\/jpeg\" \/>\n<meta name=\"twitter:card\" content=\"summary_large_image\" \/>\n<script type=\"application\/ld+json\" class=\"yoast-schema-graph\">{\"@context\":\"https:\\\/\\\/schema.org\",\"@graph\":[{\"@type\":\"WebPage\",\"@id\":\"https:\\\/\\\/brouns.eu\\\/es\\\/product\\\/primers-es\\\/primer-1\\\/\",\"url\":\"https:\\\/\\\/brouns.eu\\\/es\\\/product\\\/primers-es\\\/primer-1\\\/\",\"name\":\"Primer #1 - Brouns &amp; Co EU\",\"isPartOf\":{\"@id\":\"https:\\\/\\\/brouns.eu\\\/es\\\/#website\"},\"primaryImageOfPage\":{\"@id\":\"https:\\\/\\\/brouns.eu\\\/es\\\/product\\\/primers-es\\\/primer-1\\\/#primaryimage\"},\"image\":{\"@id\":\"https:\\\/\\\/brouns.eu\\\/es\\\/product\\\/primers-es\\\/primer-1\\\/#primaryimage\"},\"thumbnailUrl\":\"https:\\\/\\\/brouns.eu\\\/wp-content\\\/uploads\\\/2024\\\/07\\\/Primer1_websq_1000__11348.jpg\",\"datePublished\":\"2024-10-29T21:27:23+00:00\",\"breadcrumb\":{\"@id\":\"https:\\\/\\\/brouns.eu\\\/es\\\/product\\\/primers-es\\\/primer-1\\\/#breadcrumb\"},\"inLanguage\":\"es\",\"potentialAction\":[{\"@type\":\"ReadAction\",\"target\":[\"https:\\\/\\\/brouns.eu\\\/es\\\/product\\\/primers-es\\\/primer-1\\\/\"]}]},{\"@type\":\"ImageObject\",\"inLanguage\":\"es\",\"@id\":\"https:\\\/\\\/brouns.eu\\\/es\\\/product\\\/primers-es\\\/primer-1\\\/#primaryimage\",\"url\":\"https:\\\/\\\/brouns.eu\\\/wp-content\\\/uploads\\\/2024\\\/07\\\/Primer1_websq_1000__11348.jpg\",\"contentUrl\":\"https:\\\/\\\/brouns.eu\\\/wp-content\\\/uploads\\\/2024\\\/07\\\/Primer1_websq_1000__11348.jpg\",\"width\":800,\"height\":800},{\"@type\":\"BreadcrumbList\",\"@id\":\"https:\\\/\\\/brouns.eu\\\/es\\\/product\\\/primers-es\\\/primer-1\\\/#breadcrumb\",\"itemListElement\":[{\"@type\":\"ListItem\",\"position\":1,\"name\":\"Home\",\"item\":\"https:\\\/\\\/brouns.eu\\\/es\\\/\"},{\"@type\":\"ListItem\",\"position\":2,\"name\":\"Comercio\",\"item\":\"https:\\\/\\\/brouns.eu\\\/comercio\\\/\"},{\"@type\":\"ListItem\",\"position\":3,\"name\":\"Primer #1\"}]},{\"@type\":\"WebSite\",\"@id\":\"https:\\\/\\\/brouns.eu\\\/es\\\/#website\",\"url\":\"https:\\\/\\\/brouns.eu\\\/es\\\/\",\"name\":\"Brouns &amp; Co EU\",\"description\":\"\",\"publisher\":{\"@id\":\"https:\\\/\\\/brouns.eu\\\/es\\\/#organization\"},\"potentialAction\":[{\"@type\":\"SearchAction\",\"target\":{\"@type\":\"EntryPoint\",\"urlTemplate\":\"https:\\\/\\\/brouns.eu\\\/es\\\/?s={search_term_string}\"},\"query-input\":{\"@type\":\"PropertyValueSpecification\",\"valueRequired\":true,\"valueName\":\"search_term_string\"}}],\"inLanguage\":\"es\"},{\"@type\":\"Organization\",\"@id\":\"https:\\\/\\\/brouns.eu\\\/es\\\/#organization\",\"name\":\"Brouns &amp; Co EU\",\"url\":\"https:\\\/\\\/brouns.eu\\\/es\\\/\",\"logo\":{\"@type\":\"ImageObject\",\"inLanguage\":\"es\",\"@id\":\"https:\\\/\\\/brouns.eu\\\/es\\\/#\\\/schema\\\/logo\\\/image\\\/\",\"url\":\"https:\\\/\\\/brouns.eu\\\/wp-content\\\/uploads\\\/2024\\\/04\\\/Brouns-_-co-Logo-no-linseed-paint-oil.png\",\"contentUrl\":\"https:\\\/\\\/brouns.eu\\\/wp-content\\\/uploads\\\/2024\\\/04\\\/Brouns-_-co-Logo-no-linseed-paint-oil.png\",\"width\":650,\"height\":60,\"caption\":\"Brouns &amp; Co EU\"},\"image\":{\"@id\":\"https:\\\/\\\/brouns.eu\\\/es\\\/#\\\/schema\\\/logo\\\/image\\\/\"}}]}<\/script>\n<!-- \/ Yoast SEO plugin. -->","yoast_head_json":{"title":"Primer #1 - Brouns &amp; Co EU","robots":{"index":"index","follow":"follow","max-snippet":"max-snippet:-1","max-image-preview":"max-image-preview:large","max-video-preview":"max-video-preview:-1"},"canonical":"https:\/\/brouns.eu\/es\/product\/primers-es\/primer-1\/","og_locale":"es_ES","og_type":"article","og_title":"Primer #1 - Brouns &amp; Co EU","og_description":"IMPRIMACI\u00d3N \u2013 USAR CON PINTURA DE ACEITE DE LINAZA PARA EXTERIORES Una imprimaci\u00f3n lista para usar con nuestra pintura de aceite de linaza para exteriores al pintar sobre madera exterior. Ya no es necesario mezclar su propia imprimaci\u00f3n, aceite de linaza crudo y aguarr\u00e1s bals\u00e1mico. Elaborada con ingredientes y pigmentos naturales, nuestra imprimaci\u00f3n ya est\u00e1 mezclada en las proporciones correctas y, tras removerla bien, est\u00e1 lista para usar. Una sola capa de esta imprimaci\u00f3n es la base perfecta para cualquiera de los colores de nuestra hermosa colecci\u00f3n de pintura de aceite de linaza para exteriores.   Viene en tres tonos: PRIMER #1 PRIMER #2 PRIMER #3 PRIMER #1 es el m\u00e1s claro de los tres tonos. &nbsp; Cuando pidas tu pintura de aceite de linaza para exterior ver\u00e1s cu\u00e1l de las tres imprimaciones recomendamos para cada color. Tenga en cuenta que el color puede variar entre lotes, pero no afectar\u00e1 el acabado final una vez aplicadas las capas superiores. Cobertura 14-16 m2 por litro por capa (155-180 pies cuadrados por 33,8 onzas l\u00edquidas)","og_url":"https:\/\/brouns.eu\/es\/product\/primers-es\/primer-1\/","og_site_name":"Brouns &amp; Co EU","og_image":[{"width":800,"height":800,"url":"https:\/\/brouns.eu\/wp-content\/uploads\/2024\/07\/Primer1_websq_1000__11348.jpg","type":"image\/jpeg"}],"twitter_card":"summary_large_image","schema":{"@context":"https:\/\/schema.org","@graph":[{"@type":"WebPage","@id":"https:\/\/brouns.eu\/es\/product\/primers-es\/primer-1\/","url":"https:\/\/brouns.eu\/es\/product\/primers-es\/primer-1\/","name":"Primer #1 - Brouns &amp; Co EU","isPartOf":{"@id":"https:\/\/brouns.eu\/es\/#website"},"primaryImageOfPage":{"@id":"https:\/\/brouns.eu\/es\/product\/primers-es\/primer-1\/#primaryimage"},"image":{"@id":"https:\/\/brouns.eu\/es\/product\/primers-es\/primer-1\/#primaryimage"},"thumbnailUrl":"https:\/\/brouns.eu\/wp-content\/uploads\/2024\/07\/Primer1_websq_1000__11348.jpg","datePublished":"2024-10-29T21:27:23+00:00","breadcrumb":{"@id":"https:\/\/brouns.eu\/es\/product\/primers-es\/primer-1\/#breadcrumb"},"inLanguage":"es","potentialAction":[{"@type":"ReadAction","target":["https:\/\/brouns.eu\/es\/product\/primers-es\/primer-1\/"]}]},{"@type":"ImageObject","inLanguage":"es","@id":"https:\/\/brouns.eu\/es\/product\/primers-es\/primer-1\/#primaryimage","url":"https:\/\/brouns.eu\/wp-content\/uploads\/2024\/07\/Primer1_websq_1000__11348.jpg","contentUrl":"https:\/\/brouns.eu\/wp-content\/uploads\/2024\/07\/Primer1_websq_1000__11348.jpg","width":800,"height":800},{"@type":"BreadcrumbList","@id":"https:\/\/brouns.eu\/es\/product\/primers-es\/primer-1\/#breadcrumb","itemListElement":[{"@type":"ListItem","position":1,"name":"Home","item":"https:\/\/brouns.eu\/es\/"},{"@type":"ListItem","position":2,"name":"Comercio","item":"https:\/\/brouns.eu\/comercio\/"},{"@type":"ListItem","position":3,"name":"Primer #1"}]},{"@type":"WebSite","@id":"https:\/\/brouns.eu\/es\/#website","url":"https:\/\/brouns.eu\/es\/","name":"Brouns &amp; Co EU","description":"","publisher":{"@id":"https:\/\/brouns.eu\/es\/#organization"},"potentialAction":[{"@type":"SearchAction","target":{"@type":"EntryPoint","urlTemplate":"https:\/\/brouns.eu\/es\/?s={search_term_string}"},"query-input":{"@type":"PropertyValueSpecification","valueRequired":true,"valueName":"search_term_string"}}],"inLanguage":"es"},{"@type":"Organization","@id":"https:\/\/brouns.eu\/es\/#organization","name":"Brouns &amp; Co EU","url":"https:\/\/brouns.eu\/es\/","logo":{"@type":"ImageObject","inLanguage":"es","@id":"https:\/\/brouns.eu\/es\/#\/schema\/logo\/image\/","url":"https:\/\/brouns.eu\/wp-content\/uploads\/2024\/04\/Brouns-_-co-Logo-no-linseed-paint-oil.png","contentUrl":"https:\/\/brouns.eu\/wp-content\/uploads\/2024\/04\/Brouns-_-co-Logo-no-linseed-paint-oil.png","width":650,"height":60,"caption":"Brouns &amp; Co EU"},"image":{"@id":"https:\/\/brouns.eu\/es\/#\/schema\/logo\/image\/"}}]}},"_links":{"self":[{"href":"https:\/\/brouns.eu\/es\/wp-json\/wp\/v2\/product\/22487","targetHints":{"allow":["GET"]}}],"collection":[{"href":"https:\/\/brouns.eu\/es\/wp-json\/wp\/v2\/product"}],"about":[{"href":"https:\/\/brouns.eu\/es\/wp-json\/wp\/v2\/types\/product"}],"replies":[{"embeddable":true,"href":"https:\/\/brouns.eu\/es\/wp-json\/wp\/v2\/comments?post=22487"}],"version-history":[{"count":0,"href":"https:\/\/brouns.eu\/es\/wp-json\/wp\/v2\/product\/22487\/revisions"}],"wp:featuredmedia":[{"embeddable":true,"href":"https:\/\/brouns.eu\/es\/wp-json\/wp\/v2\/media\/22488"}],"wp:attachment":[{"href":"https:\/\/brouns.eu\/es\/wp-json\/wp\/v2\/media?parent=22487"}],"wp:term":[{"taxonomy":"product_brand","embeddable":true,"href":"https:\/\/brouns.eu\/es\/wp-json\/wp\/v2\/product_brand?post=22487"},{"taxonomy":"product_cat","embeddable":true,"href":"https:\/\/brouns.eu\/es\/wp-json\/wp\/v2\/product_cat?post=22487"},{"taxonomy":"product_tag","embeddable":true,"href":"https:\/\/brouns.eu\/es\/wp-json\/wp\/v2\/product_tag?post=22487"}],"curies":[{"name":"wp","href":"https:\/\/api.w.org\/{rel}","templated":true}]}}