{"id":22139,"date":"2024-10-29T21:27:10","date_gmt":"2024-10-29T21:27:10","guid":{"rendered":"https:\/\/brouns.eu\/product\/sin categor\u00eda\/oxido-de-hierro-oscuro-rojo-31\/"},"modified":"2024-10-29T21:27:10","modified_gmt":"2024-10-29T21:27:10","slug":"oxido-de-hierro-oscuro-rojo-31","status":"publish","type":"product","link":"https:\/\/brouns.eu\/es\/product\/pintura-de-linaza\/oxido-de-hierro-oscuro-rojo-31\/","title":{"rendered":"\u00d3xido de hierro oscuro rojo (31)"},"content":{"rendered":"","protected":false},"excerpt":{"rendered":"<p>No olvides pedir tu aceite de linaza crudo y tu b\u00e1lsamo de trementina si necesitas diluir la primera capa.<\/p>\n<p> Si prefiere una imprimaci\u00f3n ya mezclada, le recomendamos la imprimaci\u00f3n n.\u00b0 2<\/p>\n","protected":false},"featured_media":22850,"comment_status":"open","ping_status":"closed","template":"","meta":{"_acf_changed":false,"site-sidebar-layout":"default","site-content-layout":"","ast-site-content-layout":"default","site-content-style":"default","site-sidebar-style":"default","ast-global-header-display":"","ast-banner-title-visibility":"","ast-main-header-display":"","ast-hfb-above-header-display":"","ast-hfb-below-header-display":"","ast-hfb-mobile-header-display":"","site-post-title":"","ast-breadcrumbs-content":"","ast-featured-img":"","footer-sml-layout":"","ast-disable-related-posts":"","theme-transparent-header-meta":"default","adv-header-id-meta":"","stick-header-meta":"default","header-above-stick-meta":"","header-main-stick-meta":"","header-below-stick-meta":"","astra-migrate-meta-layouts":"default","ast-page-background-enabled":"default","ast-page-background-meta":{"desktop":{"background-color":"","background-image":"","background-repeat":"repeat","background-position":"center center","background-size":"auto","background-attachment":"scroll","background-type":"","background-media":"","overlay-type":"","overlay-color":"","overlay-opacity":"","overlay-gradient":""},"tablet":{"background-color":"","background-image":"","background-repeat":"repeat","background-position":"center center","background-size":"auto","background-attachment":"scroll","background-type":"","background-media":"","overlay-type":"","overlay-color":"","overlay-opacity":"","overlay-gradient":""},"mobile":{"background-color":"","background-image":"","background-repeat":"repeat","background-position":"center center","background-size":"auto","background-attachment":"scroll","background-type":"","background-media":"","overlay-type":"","overlay-color":"","overlay-opacity":"","overlay-gradient":""}},"ast-content-background-meta":{"desktop":{"background-color":"var(--ast-global-color-5)","background-image":"","background-repeat":"repeat","background-position":"center center","background-size":"auto","background-attachment":"scroll","background-type":"","background-media":"","overlay-type":"","overlay-color":"","overlay-opacity":"","overlay-gradient":""},"tablet":{"background-color":"var(--ast-global-color-5)","background-image":"","background-repeat":"repeat","background-position":"center center","background-size":"auto","background-attachment":"scroll","background-type":"","background-media":"","overlay-type":"","overlay-color":"","overlay-opacity":"","overlay-gradient":""},"mobile":{"background-color":"var(--ast-global-color-5)","background-image":"","background-repeat":"repeat","background-position":"center center","background-size":"auto","background-attachment":"scroll","background-type":"","background-media":"","overlay-type":"","overlay-color":"","overlay-opacity":"","overlay-gradient":""}},"ngg_post_thumbnail":0},"product_brand":[],"product_cat":[474],"product_tag":[],"class_list":{"0":"post-22139","1":"product","2":"type-product","3":"status-publish","4":"has-post-thumbnail","6":"product_cat-pintura-de-linaza","7":"pa_size-tamano-125-ml","8":"pa_size-tamano-1l","9":"pa_size-tamano-25l","10":"pa_size-tamano-frasco-de-muestra-de-30-ml","11":"desktop-align-center","12":"tablet-align-center","13":"mobile-align-center","14":"ast-product-gallery-layout-horizontal","15":"ast-product-single-variable","16":"ast-product-tabs-layout-horizontal","17":"ast-qv-on-image","19":"first","20":"instock","21":"taxable","22":"shipping-taxable","23":"purchasable","24":"product-type-variable"},"acf":[],"yoast_head":"<!-- This site is optimized with the Yoast SEO plugin v27.4 - https:\/\/yoast.com\/product\/yoast-seo-wordpress\/ -->\n<title>\u00d3xido de hierro oscuro rojo (31) - Brouns &amp; Co EU<\/title>\n<meta name=\"robots\" content=\"index, follow, max-snippet:-1, max-image-preview:large, max-video-preview:-1\" \/>\n<link rel=\"canonical\" href=\"https:\/\/brouns.eu\/es\/product\/pintura-de-linaza\/oxido-de-hierro-oscuro-rojo-31\/\" \/>\n<meta property=\"og:locale\" content=\"es_ES\" \/>\n<meta property=\"og:type\" content=\"article\" \/>\n<meta property=\"og:title\" content=\"\u00d3xido de hierro oscuro rojo (31) - Brouns &amp; Co EU\" \/>\n<meta property=\"og:description\" content=\"No olvides pedir tu aceite de linaza crudo y tu b\u00e1lsamo de trementina si necesitas diluir la primera capa.  Si prefiere una imprimaci\u00f3n ya mezclada, le recomendamos la imprimaci\u00f3n n.\u00b0 2\" \/>\n<meta property=\"og:url\" content=\"https:\/\/brouns.eu\/es\/product\/pintura-de-linaza\/oxido-de-hierro-oscuro-rojo-31\/\" \/>\n<meta property=\"og:site_name\" content=\"Brouns &amp; Co EU\" \/>\n<meta property=\"og:image\" content=\"https:\/\/brouns.eu\/wp-content\/uploads\/2024\/06\/Dark-Iron-Oxide-Red.png\" \/>\n\t<meta property=\"og:image:width\" content=\"500\" \/>\n\t<meta property=\"og:image:height\" content=\"500\" \/>\n\t<meta property=\"og:image:type\" content=\"image\/png\" \/>\n<meta name=\"twitter:card\" content=\"summary_large_image\" \/>\n<script type=\"application\/ld+json\" class=\"yoast-schema-graph\">{\"@context\":\"https:\\\/\\\/schema.org\",\"@graph\":[{\"@type\":\"WebPage\",\"@id\":\"https:\\\/\\\/brouns.eu\\\/es\\\/product\\\/pintura-de-linaza\\\/oxido-de-hierro-oscuro-rojo-31\\\/\",\"url\":\"https:\\\/\\\/brouns.eu\\\/es\\\/product\\\/pintura-de-linaza\\\/oxido-de-hierro-oscuro-rojo-31\\\/\",\"name\":\"\u00d3xido de hierro oscuro rojo (31) - Brouns &amp; Co EU\",\"isPartOf\":{\"@id\":\"https:\\\/\\\/brouns.eu\\\/es\\\/#website\"},\"primaryImageOfPage\":{\"@id\":\"https:\\\/\\\/brouns.eu\\\/es\\\/product\\\/pintura-de-linaza\\\/oxido-de-hierro-oscuro-rojo-31\\\/#primaryimage\"},\"image\":{\"@id\":\"https:\\\/\\\/brouns.eu\\\/es\\\/product\\\/pintura-de-linaza\\\/oxido-de-hierro-oscuro-rojo-31\\\/#primaryimage\"},\"thumbnailUrl\":\"https:\\\/\\\/brouns.eu\\\/wp-content\\\/uploads\\\/2025\\\/04\\\/No.-31_web_sq_1200.jpg\",\"datePublished\":\"2024-10-29T21:27:10+00:00\",\"breadcrumb\":{\"@id\":\"https:\\\/\\\/brouns.eu\\\/es\\\/product\\\/pintura-de-linaza\\\/oxido-de-hierro-oscuro-rojo-31\\\/#breadcrumb\"},\"inLanguage\":\"es\",\"potentialAction\":[{\"@type\":\"ReadAction\",\"target\":[\"https:\\\/\\\/brouns.eu\\\/es\\\/product\\\/pintura-de-linaza\\\/oxido-de-hierro-oscuro-rojo-31\\\/\"]}]},{\"@type\":\"ImageObject\",\"inLanguage\":\"es\",\"@id\":\"https:\\\/\\\/brouns.eu\\\/es\\\/product\\\/pintura-de-linaza\\\/oxido-de-hierro-oscuro-rojo-31\\\/#primaryimage\",\"url\":\"https:\\\/\\\/brouns.eu\\\/wp-content\\\/uploads\\\/2025\\\/04\\\/No.-31_web_sq_1200.jpg\",\"contentUrl\":\"https:\\\/\\\/brouns.eu\\\/wp-content\\\/uploads\\\/2025\\\/04\\\/No.-31_web_sq_1200.jpg\",\"width\":1200,\"height\":1200},{\"@type\":\"BreadcrumbList\",\"@id\":\"https:\\\/\\\/brouns.eu\\\/es\\\/product\\\/pintura-de-linaza\\\/oxido-de-hierro-oscuro-rojo-31\\\/#breadcrumb\",\"itemListElement\":[{\"@type\":\"ListItem\",\"position\":1,\"name\":\"Home\",\"item\":\"https:\\\/\\\/brouns.eu\\\/es\\\/\"},{\"@type\":\"ListItem\",\"position\":2,\"name\":\"Comercio\",\"item\":\"https:\\\/\\\/brouns.eu\\\/comercio\\\/\"},{\"@type\":\"ListItem\",\"position\":3,\"name\":\"\u00d3xido de hierro oscuro rojo (31)\"}]},{\"@type\":\"WebSite\",\"@id\":\"https:\\\/\\\/brouns.eu\\\/es\\\/#website\",\"url\":\"https:\\\/\\\/brouns.eu\\\/es\\\/\",\"name\":\"Brouns &amp; Co EU\",\"description\":\"\",\"publisher\":{\"@id\":\"https:\\\/\\\/brouns.eu\\\/es\\\/#organization\"},\"potentialAction\":[{\"@type\":\"SearchAction\",\"target\":{\"@type\":\"EntryPoint\",\"urlTemplate\":\"https:\\\/\\\/brouns.eu\\\/es\\\/?s={search_term_string}\"},\"query-input\":{\"@type\":\"PropertyValueSpecification\",\"valueRequired\":true,\"valueName\":\"search_term_string\"}}],\"inLanguage\":\"es\"},{\"@type\":\"Organization\",\"@id\":\"https:\\\/\\\/brouns.eu\\\/es\\\/#organization\",\"name\":\"Brouns &amp; Co EU\",\"url\":\"https:\\\/\\\/brouns.eu\\\/es\\\/\",\"logo\":{\"@type\":\"ImageObject\",\"inLanguage\":\"es\",\"@id\":\"https:\\\/\\\/brouns.eu\\\/es\\\/#\\\/schema\\\/logo\\\/image\\\/\",\"url\":\"https:\\\/\\\/brouns.eu\\\/wp-content\\\/uploads\\\/2024\\\/04\\\/Brouns-_-co-Logo-no-linseed-paint-oil.png\",\"contentUrl\":\"https:\\\/\\\/brouns.eu\\\/wp-content\\\/uploads\\\/2024\\\/04\\\/Brouns-_-co-Logo-no-linseed-paint-oil.png\",\"width\":650,\"height\":60,\"caption\":\"Brouns &amp; Co EU\"},\"image\":{\"@id\":\"https:\\\/\\\/brouns.eu\\\/es\\\/#\\\/schema\\\/logo\\\/image\\\/\"}}]}<\/script>\n<!-- \/ Yoast SEO plugin. -->","yoast_head_json":{"title":"\u00d3xido de hierro oscuro rojo (31) - Brouns &amp; Co EU","robots":{"index":"index","follow":"follow","max-snippet":"max-snippet:-1","max-image-preview":"max-image-preview:large","max-video-preview":"max-video-preview:-1"},"canonical":"https:\/\/brouns.eu\/es\/product\/pintura-de-linaza\/oxido-de-hierro-oscuro-rojo-31\/","og_locale":"es_ES","og_type":"article","og_title":"\u00d3xido de hierro oscuro rojo (31) - Brouns &amp; Co EU","og_description":"No olvides pedir tu aceite de linaza crudo y tu b\u00e1lsamo de trementina si necesitas diluir la primera capa.  Si prefiere una imprimaci\u00f3n ya mezclada, le recomendamos la imprimaci\u00f3n n.\u00b0 2","og_url":"https:\/\/brouns.eu\/es\/product\/pintura-de-linaza\/oxido-de-hierro-oscuro-rojo-31\/","og_site_name":"Brouns &amp; Co EU","og_image":[{"width":500,"height":500,"url":"https:\/\/brouns.eu\/wp-content\/uploads\/2024\/06\/Dark-Iron-Oxide-Red.png","type":"image\/png"}],"twitter_card":"summary_large_image","schema":{"@context":"https:\/\/schema.org","@graph":[{"@type":"WebPage","@id":"https:\/\/brouns.eu\/es\/product\/pintura-de-linaza\/oxido-de-hierro-oscuro-rojo-31\/","url":"https:\/\/brouns.eu\/es\/product\/pintura-de-linaza\/oxido-de-hierro-oscuro-rojo-31\/","name":"\u00d3xido de hierro oscuro rojo (31) - Brouns &amp; Co EU","isPartOf":{"@id":"https:\/\/brouns.eu\/es\/#website"},"primaryImageOfPage":{"@id":"https:\/\/brouns.eu\/es\/product\/pintura-de-linaza\/oxido-de-hierro-oscuro-rojo-31\/#primaryimage"},"image":{"@id":"https:\/\/brouns.eu\/es\/product\/pintura-de-linaza\/oxido-de-hierro-oscuro-rojo-31\/#primaryimage"},"thumbnailUrl":"https:\/\/brouns.eu\/wp-content\/uploads\/2025\/04\/No.-31_web_sq_1200.jpg","datePublished":"2024-10-29T21:27:10+00:00","breadcrumb":{"@id":"https:\/\/brouns.eu\/es\/product\/pintura-de-linaza\/oxido-de-hierro-oscuro-rojo-31\/#breadcrumb"},"inLanguage":"es","potentialAction":[{"@type":"ReadAction","target":["https:\/\/brouns.eu\/es\/product\/pintura-de-linaza\/oxido-de-hierro-oscuro-rojo-31\/"]}]},{"@type":"ImageObject","inLanguage":"es","@id":"https:\/\/brouns.eu\/es\/product\/pintura-de-linaza\/oxido-de-hierro-oscuro-rojo-31\/#primaryimage","url":"https:\/\/brouns.eu\/wp-content\/uploads\/2025\/04\/No.-31_web_sq_1200.jpg","contentUrl":"https:\/\/brouns.eu\/wp-content\/uploads\/2025\/04\/No.-31_web_sq_1200.jpg","width":1200,"height":1200},{"@type":"BreadcrumbList","@id":"https:\/\/brouns.eu\/es\/product\/pintura-de-linaza\/oxido-de-hierro-oscuro-rojo-31\/#breadcrumb","itemListElement":[{"@type":"ListItem","position":1,"name":"Home","item":"https:\/\/brouns.eu\/es\/"},{"@type":"ListItem","position":2,"name":"Comercio","item":"https:\/\/brouns.eu\/comercio\/"},{"@type":"ListItem","position":3,"name":"\u00d3xido de hierro oscuro rojo (31)"}]},{"@type":"WebSite","@id":"https:\/\/brouns.eu\/es\/#website","url":"https:\/\/brouns.eu\/es\/","name":"Brouns &amp; Co EU","description":"","publisher":{"@id":"https:\/\/brouns.eu\/es\/#organization"},"potentialAction":[{"@type":"SearchAction","target":{"@type":"EntryPoint","urlTemplate":"https:\/\/brouns.eu\/es\/?s={search_term_string}"},"query-input":{"@type":"PropertyValueSpecification","valueRequired":true,"valueName":"search_term_string"}}],"inLanguage":"es"},{"@type":"Organization","@id":"https:\/\/brouns.eu\/es\/#organization","name":"Brouns &amp; Co EU","url":"https:\/\/brouns.eu\/es\/","logo":{"@type":"ImageObject","inLanguage":"es","@id":"https:\/\/brouns.eu\/es\/#\/schema\/logo\/image\/","url":"https:\/\/brouns.eu\/wp-content\/uploads\/2024\/04\/Brouns-_-co-Logo-no-linseed-paint-oil.png","contentUrl":"https:\/\/brouns.eu\/wp-content\/uploads\/2024\/04\/Brouns-_-co-Logo-no-linseed-paint-oil.png","width":650,"height":60,"caption":"Brouns &amp; Co EU"},"image":{"@id":"https:\/\/brouns.eu\/es\/#\/schema\/logo\/image\/"}}]}},"_links":{"self":[{"href":"https:\/\/brouns.eu\/es\/wp-json\/wp\/v2\/product\/22139","targetHints":{"allow":["GET"]}}],"collection":[{"href":"https:\/\/brouns.eu\/es\/wp-json\/wp\/v2\/product"}],"about":[{"href":"https:\/\/brouns.eu\/es\/wp-json\/wp\/v2\/types\/product"}],"replies":[{"embeddable":true,"href":"https:\/\/brouns.eu\/es\/wp-json\/wp\/v2\/comments?post=22139"}],"version-history":[{"count":0,"href":"https:\/\/brouns.eu\/es\/wp-json\/wp\/v2\/product\/22139\/revisions"}],"wp:featuredmedia":[{"embeddable":true,"href":"https:\/\/brouns.eu\/es\/wp-json\/wp\/v2\/media\/22850"}],"wp:attachment":[{"href":"https:\/\/brouns.eu\/es\/wp-json\/wp\/v2\/media?parent=22139"}],"wp:term":[{"taxonomy":"product_brand","embeddable":true,"href":"https:\/\/brouns.eu\/es\/wp-json\/wp\/v2\/product_brand?post=22139"},{"taxonomy":"product_cat","embeddable":true,"href":"https:\/\/brouns.eu\/es\/wp-json\/wp\/v2\/product_cat?post=22139"},{"taxonomy":"product_tag","embeddable":true,"href":"https:\/\/brouns.eu\/es\/wp-json\/wp\/v2\/product_tag?post=22139"}],"curies":[{"name":"wp","href":"https:\/\/api.w.org\/{rel}","templated":true}]}}