{"id":21972,"date":"2024-10-29T21:27:19","date_gmt":"2024-10-29T21:27:19","guid":{"rendered":"https:\/\/brouns.eu\/product\/sin categor\u00eda\/proyecto-blanco-1\/"},"modified":"2025-10-06T11:54:58","modified_gmt":"2025-10-06T10:54:58","slug":"proyecto-blanco-1","status":"publish","type":"product","link":"https:\/\/brouns.eu\/es\/product\/pintura-de-linaza\/proyecto-blanco-1\/","title":{"rendered":"Proyecto Blanco (1)"},"content":{"rendered":"","protected":false},"excerpt":{"rendered":"<p>Siempre nos piden la pintura de linaza m\u00e1s blanca posible. Pues bien, aqu\u00ed est\u00e1. T\u00e9cnicamente, este es el blanco m\u00e1s blanco que podemos lograr con pintura de linaza.  <\/p>\n<p>No olvides pedir tu aceite de linaza crudo y tu b\u00e1lsamo de trementina si necesitas diluir la primera capa.<\/p>\n<p>Si prefiere una imprimaci\u00f3n ya mezclada, le recomendamos la imprimaci\u00f3n n.\u00b0 1<\/p>\n","protected":false},"featured_media":22670,"comment_status":"open","ping_status":"closed","template":"","meta":{"_acf_changed":false,"site-sidebar-layout":"default","site-content-layout":"","ast-site-content-layout":"default","site-content-style":"default","site-sidebar-style":"default","ast-global-header-display":"","ast-banner-title-visibility":"","ast-main-header-display":"","ast-hfb-above-header-display":"","ast-hfb-below-header-display":"","ast-hfb-mobile-header-display":"","site-post-title":"","ast-breadcrumbs-content":"","ast-featured-img":"","footer-sml-layout":"","ast-disable-related-posts":"","theme-transparent-header-meta":"default","adv-header-id-meta":"","stick-header-meta":"default","header-above-stick-meta":"","header-main-stick-meta":"","header-below-stick-meta":"","astra-migrate-meta-layouts":"default","ast-page-background-enabled":"default","ast-page-background-meta":{"desktop":{"background-color":"","background-image":"","background-repeat":"repeat","background-position":"center center","background-size":"auto","background-attachment":"scroll","background-type":"","background-media":"","overlay-type":"","overlay-color":"","overlay-opacity":"","overlay-gradient":""},"tablet":{"background-color":"","background-image":"","background-repeat":"repeat","background-position":"center center","background-size":"auto","background-attachment":"scroll","background-type":"","background-media":"","overlay-type":"","overlay-color":"","overlay-opacity":"","overlay-gradient":""},"mobile":{"background-color":"","background-image":"","background-repeat":"repeat","background-position":"center center","background-size":"auto","background-attachment":"scroll","background-type":"","background-media":"","overlay-type":"","overlay-color":"","overlay-opacity":"","overlay-gradient":""}},"ast-content-background-meta":{"desktop":{"background-color":"var(--ast-global-color-5)","background-image":"","background-repeat":"repeat","background-position":"center center","background-size":"auto","background-attachment":"scroll","background-type":"","background-media":"","overlay-type":"","overlay-color":"","overlay-opacity":"","overlay-gradient":""},"tablet":{"background-color":"var(--ast-global-color-5)","background-image":"","background-repeat":"repeat","background-position":"center center","background-size":"auto","background-attachment":"scroll","background-type":"","background-media":"","overlay-type":"","overlay-color":"","overlay-opacity":"","overlay-gradient":""},"mobile":{"background-color":"var(--ast-global-color-5)","background-image":"","background-repeat":"repeat","background-position":"center center","background-size":"auto","background-attachment":"scroll","background-type":"","background-media":"","overlay-type":"","overlay-color":"","overlay-opacity":"","overlay-gradient":""}},"ngg_post_thumbnail":0},"product_brand":[],"product_cat":[474],"product_tag":[],"class_list":{"0":"post-21972","1":"product","2":"type-product","3":"status-publish","4":"has-post-thumbnail","6":"product_cat-pintura-de-linaza","7":"pa_size-tamano-125-ml","8":"pa_size-tamano-1l","9":"pa_size-tamano-25l","10":"pa_size-tamano-frasco-de-muestra-de-30-ml","11":"desktop-align-center","12":"tablet-align-center","13":"mobile-align-center","14":"ast-product-gallery-layout-horizontal","15":"ast-product-single-variable","16":"ast-product-tabs-layout-horizontal","17":"ast-qv-on-image","19":"first","20":"instock","21":"taxable","22":"shipping-taxable","23":"purchasable","24":"product-type-variable"},"acf":[],"yoast_head":"<!-- This site is optimized with the Yoast SEO plugin v27.4 - https:\/\/yoast.com\/product\/yoast-seo-wordpress\/ -->\n<title>Proyecto Blanco (1) - Brouns &amp; Co EU<\/title>\n<meta name=\"robots\" content=\"index, follow, max-snippet:-1, max-image-preview:large, max-video-preview:-1\" \/>\n<link rel=\"canonical\" href=\"https:\/\/brouns.eu\/es\/product\/pintura-de-linaza\/proyecto-blanco-1\/\" \/>\n<meta property=\"og:locale\" content=\"es_ES\" \/>\n<meta property=\"og:type\" content=\"article\" \/>\n<meta property=\"og:title\" content=\"Proyecto Blanco (1) - Brouns &amp; Co EU\" \/>\n<meta property=\"og:description\" content=\"Siempre nos piden la pintura de linaza m\u00e1s blanca posible. Pues bien, aqu\u00ed est\u00e1. T\u00e9cnicamente, este es el blanco m\u00e1s blanco que podemos lograr con pintura de linaza.  No olvides pedir tu aceite de linaza crudo y tu b\u00e1lsamo de trementina si necesitas diluir la primera capa. Si prefiere una imprimaci\u00f3n ya mezclada, le recomendamos la imprimaci\u00f3n n.\u00b0 1\" \/>\n<meta property=\"og:url\" content=\"https:\/\/brouns.eu\/es\/product\/pintura-de-linaza\/proyecto-blanco-1\/\" \/>\n<meta property=\"og:site_name\" content=\"Brouns &amp; Co EU\" \/>\n<meta property=\"article:modified_time\" content=\"2025-10-06T10:54:58+00:00\" \/>\n<meta property=\"og:image\" content=\"https:\/\/brouns.eu\/wp-content\/uploads\/2024\/10\/Screenshot-image-of-paint-no1-project-white_2.jpg\" \/>\n\t<meta property=\"og:image:width\" content=\"1022\" \/>\n\t<meta property=\"og:image:height\" content=\"1022\" \/>\n\t<meta property=\"og:image:type\" content=\"image\/jpeg\" \/>\n<meta name=\"twitter:card\" content=\"summary_large_image\" \/>\n<script type=\"application\/ld+json\" class=\"yoast-schema-graph\">{\"@context\":\"https:\\\/\\\/schema.org\",\"@graph\":[{\"@type\":\"WebPage\",\"@id\":\"https:\\\/\\\/brouns.eu\\\/es\\\/product\\\/pintura-de-linaza\\\/proyecto-blanco-1\\\/\",\"url\":\"https:\\\/\\\/brouns.eu\\\/es\\\/product\\\/pintura-de-linaza\\\/proyecto-blanco-1\\\/\",\"name\":\"Proyecto Blanco (1) - Brouns &amp; Co EU\",\"isPartOf\":{\"@id\":\"https:\\\/\\\/brouns.eu\\\/es\\\/#website\"},\"primaryImageOfPage\":{\"@id\":\"https:\\\/\\\/brouns.eu\\\/es\\\/product\\\/pintura-de-linaza\\\/proyecto-blanco-1\\\/#primaryimage\"},\"image\":{\"@id\":\"https:\\\/\\\/brouns.eu\\\/es\\\/product\\\/pintura-de-linaza\\\/proyecto-blanco-1\\\/#primaryimage\"},\"thumbnailUrl\":\"https:\\\/\\\/brouns.eu\\\/wp-content\\\/uploads\\\/2025\\\/04\\\/No.-1_web_sq_1200.jpg\",\"datePublished\":\"2024-10-29T21:27:19+00:00\",\"dateModified\":\"2025-10-06T10:54:58+00:00\",\"breadcrumb\":{\"@id\":\"https:\\\/\\\/brouns.eu\\\/es\\\/product\\\/pintura-de-linaza\\\/proyecto-blanco-1\\\/#breadcrumb\"},\"inLanguage\":\"es\",\"potentialAction\":[{\"@type\":\"ReadAction\",\"target\":[\"https:\\\/\\\/brouns.eu\\\/es\\\/product\\\/pintura-de-linaza\\\/proyecto-blanco-1\\\/\"]}]},{\"@type\":\"ImageObject\",\"inLanguage\":\"es\",\"@id\":\"https:\\\/\\\/brouns.eu\\\/es\\\/product\\\/pintura-de-linaza\\\/proyecto-blanco-1\\\/#primaryimage\",\"url\":\"https:\\\/\\\/brouns.eu\\\/wp-content\\\/uploads\\\/2025\\\/04\\\/No.-1_web_sq_1200.jpg\",\"contentUrl\":\"https:\\\/\\\/brouns.eu\\\/wp-content\\\/uploads\\\/2025\\\/04\\\/No.-1_web_sq_1200.jpg\",\"width\":1200,\"height\":1200},{\"@type\":\"BreadcrumbList\",\"@id\":\"https:\\\/\\\/brouns.eu\\\/es\\\/product\\\/pintura-de-linaza\\\/proyecto-blanco-1\\\/#breadcrumb\",\"itemListElement\":[{\"@type\":\"ListItem\",\"position\":1,\"name\":\"Home\",\"item\":\"https:\\\/\\\/brouns.eu\\\/es\\\/\"},{\"@type\":\"ListItem\",\"position\":2,\"name\":\"Comercio\",\"item\":\"https:\\\/\\\/brouns.eu\\\/comercio\\\/\"},{\"@type\":\"ListItem\",\"position\":3,\"name\":\"Proyecto Blanco (1)\"}]},{\"@type\":\"WebSite\",\"@id\":\"https:\\\/\\\/brouns.eu\\\/es\\\/#website\",\"url\":\"https:\\\/\\\/brouns.eu\\\/es\\\/\",\"name\":\"Brouns &amp; Co EU\",\"description\":\"\",\"publisher\":{\"@id\":\"https:\\\/\\\/brouns.eu\\\/es\\\/#organization\"},\"potentialAction\":[{\"@type\":\"SearchAction\",\"target\":{\"@type\":\"EntryPoint\",\"urlTemplate\":\"https:\\\/\\\/brouns.eu\\\/es\\\/?s={search_term_string}\"},\"query-input\":{\"@type\":\"PropertyValueSpecification\",\"valueRequired\":true,\"valueName\":\"search_term_string\"}}],\"inLanguage\":\"es\"},{\"@type\":\"Organization\",\"@id\":\"https:\\\/\\\/brouns.eu\\\/es\\\/#organization\",\"name\":\"Brouns &amp; Co EU\",\"url\":\"https:\\\/\\\/brouns.eu\\\/es\\\/\",\"logo\":{\"@type\":\"ImageObject\",\"inLanguage\":\"es\",\"@id\":\"https:\\\/\\\/brouns.eu\\\/es\\\/#\\\/schema\\\/logo\\\/image\\\/\",\"url\":\"https:\\\/\\\/brouns.eu\\\/wp-content\\\/uploads\\\/2024\\\/04\\\/Brouns-_-co-Logo-no-linseed-paint-oil.png\",\"contentUrl\":\"https:\\\/\\\/brouns.eu\\\/wp-content\\\/uploads\\\/2024\\\/04\\\/Brouns-_-co-Logo-no-linseed-paint-oil.png\",\"width\":650,\"height\":60,\"caption\":\"Brouns &amp; Co EU\"},\"image\":{\"@id\":\"https:\\\/\\\/brouns.eu\\\/es\\\/#\\\/schema\\\/logo\\\/image\\\/\"}}]}<\/script>\n<!-- \/ Yoast SEO plugin. -->","yoast_head_json":{"title":"Proyecto Blanco (1) - Brouns &amp; Co EU","robots":{"index":"index","follow":"follow","max-snippet":"max-snippet:-1","max-image-preview":"max-image-preview:large","max-video-preview":"max-video-preview:-1"},"canonical":"https:\/\/brouns.eu\/es\/product\/pintura-de-linaza\/proyecto-blanco-1\/","og_locale":"es_ES","og_type":"article","og_title":"Proyecto Blanco (1) - Brouns &amp; Co EU","og_description":"Siempre nos piden la pintura de linaza m\u00e1s blanca posible. Pues bien, aqu\u00ed est\u00e1. T\u00e9cnicamente, este es el blanco m\u00e1s blanco que podemos lograr con pintura de linaza.  No olvides pedir tu aceite de linaza crudo y tu b\u00e1lsamo de trementina si necesitas diluir la primera capa. Si prefiere una imprimaci\u00f3n ya mezclada, le recomendamos la imprimaci\u00f3n n.\u00b0 1","og_url":"https:\/\/brouns.eu\/es\/product\/pintura-de-linaza\/proyecto-blanco-1\/","og_site_name":"Brouns &amp; Co EU","article_modified_time":"2025-10-06T10:54:58+00:00","og_image":[{"width":1022,"height":1022,"url":"https:\/\/brouns.eu\/wp-content\/uploads\/2024\/10\/Screenshot-image-of-paint-no1-project-white_2.jpg","type":"image\/jpeg"}],"twitter_card":"summary_large_image","schema":{"@context":"https:\/\/schema.org","@graph":[{"@type":"WebPage","@id":"https:\/\/brouns.eu\/es\/product\/pintura-de-linaza\/proyecto-blanco-1\/","url":"https:\/\/brouns.eu\/es\/product\/pintura-de-linaza\/proyecto-blanco-1\/","name":"Proyecto Blanco (1) - Brouns &amp; Co EU","isPartOf":{"@id":"https:\/\/brouns.eu\/es\/#website"},"primaryImageOfPage":{"@id":"https:\/\/brouns.eu\/es\/product\/pintura-de-linaza\/proyecto-blanco-1\/#primaryimage"},"image":{"@id":"https:\/\/brouns.eu\/es\/product\/pintura-de-linaza\/proyecto-blanco-1\/#primaryimage"},"thumbnailUrl":"https:\/\/brouns.eu\/wp-content\/uploads\/2025\/04\/No.-1_web_sq_1200.jpg","datePublished":"2024-10-29T21:27:19+00:00","dateModified":"2025-10-06T10:54:58+00:00","breadcrumb":{"@id":"https:\/\/brouns.eu\/es\/product\/pintura-de-linaza\/proyecto-blanco-1\/#breadcrumb"},"inLanguage":"es","potentialAction":[{"@type":"ReadAction","target":["https:\/\/brouns.eu\/es\/product\/pintura-de-linaza\/proyecto-blanco-1\/"]}]},{"@type":"ImageObject","inLanguage":"es","@id":"https:\/\/brouns.eu\/es\/product\/pintura-de-linaza\/proyecto-blanco-1\/#primaryimage","url":"https:\/\/brouns.eu\/wp-content\/uploads\/2025\/04\/No.-1_web_sq_1200.jpg","contentUrl":"https:\/\/brouns.eu\/wp-content\/uploads\/2025\/04\/No.-1_web_sq_1200.jpg","width":1200,"height":1200},{"@type":"BreadcrumbList","@id":"https:\/\/brouns.eu\/es\/product\/pintura-de-linaza\/proyecto-blanco-1\/#breadcrumb","itemListElement":[{"@type":"ListItem","position":1,"name":"Home","item":"https:\/\/brouns.eu\/es\/"},{"@type":"ListItem","position":2,"name":"Comercio","item":"https:\/\/brouns.eu\/comercio\/"},{"@type":"ListItem","position":3,"name":"Proyecto Blanco (1)"}]},{"@type":"WebSite","@id":"https:\/\/brouns.eu\/es\/#website","url":"https:\/\/brouns.eu\/es\/","name":"Brouns &amp; Co EU","description":"","publisher":{"@id":"https:\/\/brouns.eu\/es\/#organization"},"potentialAction":[{"@type":"SearchAction","target":{"@type":"EntryPoint","urlTemplate":"https:\/\/brouns.eu\/es\/?s={search_term_string}"},"query-input":{"@type":"PropertyValueSpecification","valueRequired":true,"valueName":"search_term_string"}}],"inLanguage":"es"},{"@type":"Organization","@id":"https:\/\/brouns.eu\/es\/#organization","name":"Brouns &amp; Co EU","url":"https:\/\/brouns.eu\/es\/","logo":{"@type":"ImageObject","inLanguage":"es","@id":"https:\/\/brouns.eu\/es\/#\/schema\/logo\/image\/","url":"https:\/\/brouns.eu\/wp-content\/uploads\/2024\/04\/Brouns-_-co-Logo-no-linseed-paint-oil.png","contentUrl":"https:\/\/brouns.eu\/wp-content\/uploads\/2024\/04\/Brouns-_-co-Logo-no-linseed-paint-oil.png","width":650,"height":60,"caption":"Brouns &amp; Co EU"},"image":{"@id":"https:\/\/brouns.eu\/es\/#\/schema\/logo\/image\/"}}]}},"_links":{"self":[{"href":"https:\/\/brouns.eu\/es\/wp-json\/wp\/v2\/product\/21972","targetHints":{"allow":["GET"]}}],"collection":[{"href":"https:\/\/brouns.eu\/es\/wp-json\/wp\/v2\/product"}],"about":[{"href":"https:\/\/brouns.eu\/es\/wp-json\/wp\/v2\/types\/product"}],"replies":[{"embeddable":true,"href":"https:\/\/brouns.eu\/es\/wp-json\/wp\/v2\/comments?post=21972"}],"version-history":[{"count":0,"href":"https:\/\/brouns.eu\/es\/wp-json\/wp\/v2\/product\/21972\/revisions"}],"wp:featuredmedia":[{"embeddable":true,"href":"https:\/\/brouns.eu\/es\/wp-json\/wp\/v2\/media\/22670"}],"wp:attachment":[{"href":"https:\/\/brouns.eu\/es\/wp-json\/wp\/v2\/media?parent=21972"}],"wp:term":[{"taxonomy":"product_brand","embeddable":true,"href":"https:\/\/brouns.eu\/es\/wp-json\/wp\/v2\/product_brand?post=21972"},{"taxonomy":"product_cat","embeddable":true,"href":"https:\/\/brouns.eu\/es\/wp-json\/wp\/v2\/product_cat?post=21972"},{"taxonomy":"product_tag","embeddable":true,"href":"https:\/\/brouns.eu\/es\/wp-json\/wp\/v2\/product_tag?post=21972"}],"curies":[{"name":"wp","href":"https:\/\/api.w.org\/{rel}","templated":true}]}}