{"id":21536,"date":"2024-07-05T15:00:14","date_gmt":"2024-07-05T14:00:14","guid":{"rendered":"https:\/\/brouns.eu\/elija-una-imprimacion-ya-mezclada\/"},"modified":"2025-04-08T19:02:18","modified_gmt":"2025-04-08T18:02:18","slug":"elija-una-imprimacion-ya-mezclada","status":"publish","type":"page","link":"https:\/\/brouns.eu\/es\/elija-una-imprimacion-ya-mezclada\/","title":{"rendered":"Elija una imprimaci\u00f3n ya mezclada"},"content":{"rendered":"\t\t<div data-elementor-type=\"wp-page\" data-elementor-id=\"21536\" class=\"elementor elementor-21536 elementor-8443\">\n\t\t\t\t\t\t<section class=\"elementor-section elementor-top-section elementor-element elementor-element-a101251 elementor-section-boxed elementor-section-height-default elementor-section-height-default\" data-id=\"a101251\" data-element_type=\"section\" data-e-type=\"section\" id=\"new\" data-settings=\"{&quot;background_background&quot;:&quot;classic&quot;}\">\n\t\t\t\t\t\t<div class=\"elementor-container elementor-column-gap-no\">\n\t\t\t\t\t<div class=\"elementor-column elementor-col-100 elementor-top-column elementor-element elementor-element-17c2620\" data-id=\"17c2620\" data-element_type=\"column\" data-e-type=\"column\">\n\t\t\t<div class=\"elementor-widget-wrap elementor-element-populated\">\n\t\t\t\t\t\t<section class=\"elementor-section elementor-inner-section elementor-element elementor-element-1eff6a7 animated-slow elementor-section-boxed elementor-section-height-default elementor-section-height-default elementor-invisible\" data-id=\"1eff6a7\" data-element_type=\"section\" data-e-type=\"section\" data-settings=\"{&quot;animation&quot;:&quot;fadeIn&quot;,&quot;animation_delay&quot;:300}\">\n\t\t\t\t\t\t<div class=\"elementor-container elementor-column-gap-no\">\n\t\t\t\t\t<div class=\"elementor-column elementor-col-100 elementor-inner-column elementor-element elementor-element-3232246\" data-id=\"3232246\" data-element_type=\"column\" data-e-type=\"column\">\n\t\t\t<div class=\"elementor-widget-wrap elementor-element-populated\">\n\t\t\t\t\t\t<div class=\"elementor-element elementor-element-9fef7d1 elementor-widget elementor-widget-heading\" data-id=\"9fef7d1\" data-element_type=\"widget\" data-e-type=\"widget\" data-widget_type=\"heading.default\">\n\t\t\t\t<div class=\"elementor-widget-container\">\n\t\t\t\t\t<h3 class=\"elementor-heading-title elementor-size-default\">C\u00f3mo elegir una imprimaci\u00f3n lista para usar  <\/h3>\t\t\t\t<\/div>\n\t\t\t\t<\/div>\n\t\t\t\t<div class=\"elementor-element elementor-element-255d884 elementor-widget-divider--view-line elementor-widget elementor-widget-divider\" data-id=\"255d884\" data-element_type=\"widget\" data-e-type=\"widget\" data-widget_type=\"divider.default\">\n\t\t\t\t<div class=\"elementor-widget-container\">\n\t\t\t\t\t\t\t<div class=\"elementor-divider\">\n\t\t\t<span class=\"elementor-divider-separator\">\n\t\t\t\t\t\t<\/span>\n\t\t<\/div>\n\t\t\t\t\t\t<\/div>\n\t\t\t\t<\/div>\n\t\t\t\t<div class=\"elementor-element elementor-element-8b141f8 elementor-widget elementor-widget-text-editor\" data-id=\"8b141f8\" data-element_type=\"widget\" data-e-type=\"widget\" data-widget_type=\"text-editor.default\">\n\t\t\t\t<div class=\"elementor-widget-container\">\n\t\t\t\t\t\t\t\t\t<p>La capa de imprimaci\u00f3n no tiene por qu\u00e9 ser del mismo color que la capa final. Hay tres imprimaciones que combinan con los colores claros, los colores de gama media y los colores m\u00e1s oscuros. Aqu\u00ed tienes una tabla con la imprimaci\u00f3n que debes usar con los colores que elijas dentro de la gama:  <\/p>\n\t\t\t\t\t\t\t\t<\/div>\n\t\t\t\t<\/div>\n\t\t\t\t<div class=\"elementor-element elementor-element-d157f4d elementor-widget elementor-widget-html\" data-id=\"d157f4d\" data-element_type=\"widget\" data-e-type=\"widget\" data-widget_type=\"html.default\">\n\t\t\t\t<div class=\"elementor-widget-container\">\n\t\t\t\t\t<script src=\"https:\/\/static.elfsight.com\/platform\/platform.js\" data-use-service-core=\"\" defer><\/script>\n<div class=\"elfsight-app-d51e94f4-4b6c-4e1a-ace2-d6b2248ed945\" data-elfsight-app-lazy=\"\"><\/div>\n\t\t\t\t<\/div>\n\t\t\t\t<\/div>\n\t\t\t\t\t<\/div>\n\t\t<\/div>\n\t\t\t\t\t<\/div>\n\t\t<\/section>\n\t\t\t\t\t<\/div>\n\t\t<\/div>\n\t\t\t\t\t<\/div>\n\t\t<\/section>\n\t\t\t\t<\/div>\n\t\t","protected":false},"excerpt":{"rendered":"<p>C\u00f3mo elegir una imprimaci\u00f3n lista para usar La capa de imprimaci\u00f3n no tiene por qu\u00e9 ser del mismo color que la capa final. Hay tres imprimaciones que combinan con los colores claros, los colores de gama media y los colores m\u00e1s oscuros. Aqu\u00ed tienes una tabla con la imprimaci\u00f3n que debes usar con los colores [&hellip;]<\/p>\n","protected":false},"author":1,"featured_media":0,"parent":0,"menu_order":0,"comment_status":"closed","ping_status":"closed","template":"","meta":{"_acf_changed":false,"site-sidebar-layout":"no-sidebar","site-content-layout":"page-builder","ast-site-content-layout":"full-width-container","site-content-style":"unboxed","site-sidebar-style":"unboxed","ast-global-header-display":"","ast-banner-title-visibility":"","ast-main-header-display":"","ast-hfb-above-header-display":"","ast-hfb-below-header-display":"","ast-hfb-mobile-header-display":"","site-post-title":"disabled","ast-breadcrumbs-content":"","ast-featured-img":"disabled","footer-sml-layout":"","ast-disable-related-posts":"","theme-transparent-header-meta":"disabled","adv-header-id-meta":"","stick-header-meta":"default","header-above-stick-meta":"","header-main-stick-meta":"","header-below-stick-meta":"","astra-migrate-meta-layouts":"default","ast-page-background-enabled":"default","ast-page-background-meta":{"desktop":{"background-color":"","background-image":"","background-repeat":"repeat","background-position":"center center","background-size":"auto","background-attachment":"scroll","background-type":"","background-media":"","overlay-type":"","overlay-color":"","overlay-opacity":"","overlay-gradient":""},"tablet":{"background-color":"","background-image":"","background-repeat":"repeat","background-position":"center center","background-size":"auto","background-attachment":"scroll","background-type":"","background-media":"","overlay-type":"","overlay-color":"","overlay-opacity":"","overlay-gradient":""},"mobile":{"background-color":"","background-image":"","background-repeat":"repeat","background-position":"center center","background-size":"auto","background-attachment":"scroll","background-type":"","background-media":"","overlay-type":"","overlay-color":"","overlay-opacity":"","overlay-gradient":""}},"ast-content-background-meta":{"desktop":{"background-color":"var(--ast-global-color-5)","background-image":"","background-repeat":"repeat","background-position":"center center","background-size":"auto","background-attachment":"scroll","background-type":"","background-media":"","overlay-type":"","overlay-color":"","overlay-opacity":"","overlay-gradient":""},"tablet":{"background-color":"var(--ast-global-color-5)","background-image":"","background-repeat":"repeat","background-position":"center center","background-size":"auto","background-attachment":"scroll","background-type":"","background-media":"","overlay-type":"","overlay-color":"","overlay-opacity":"","overlay-gradient":""},"mobile":{"background-color":"var(--ast-global-color-5)","background-image":"","background-repeat":"repeat","background-position":"center center","background-size":"auto","background-attachment":"scroll","background-type":"","background-media":"","overlay-type":"","overlay-color":"","overlay-opacity":"","overlay-gradient":""}},"ngg_post_thumbnail":0,"footnotes":""},"class_list":["post-21536","page","type-page","status-publish","hentry"],"acf":[],"yoast_head":"<!-- This site is optimized with the Yoast SEO plugin v27.4 - https:\/\/yoast.com\/product\/yoast-seo-wordpress\/ -->\n<title>Elija una imprimaci\u00f3n ya mezclada - Brouns &amp; Co EU<\/title>\n<meta name=\"robots\" content=\"index, follow, max-snippet:-1, max-image-preview:large, max-video-preview:-1\" \/>\n<link rel=\"canonical\" href=\"https:\/\/brouns.eu\/es\/elija-una-imprimacion-ya-mezclada\/\" \/>\n<meta property=\"og:locale\" content=\"es_ES\" \/>\n<meta property=\"og:type\" content=\"article\" \/>\n<meta property=\"og:title\" content=\"Elija una imprimaci\u00f3n ya mezclada - Brouns &amp; Co EU\" \/>\n<meta property=\"og:description\" content=\"C\u00f3mo elegir una imprimaci\u00f3n lista para usar La capa de imprimaci\u00f3n no tiene por qu\u00e9 ser del mismo color que la capa final. Hay tres imprimaciones que combinan con los colores claros, los colores de gama media y los colores m\u00e1s oscuros. Aqu\u00ed tienes una tabla con la imprimaci\u00f3n que debes usar con los colores [&hellip;]\" \/>\n<meta property=\"og:url\" content=\"https:\/\/brouns.eu\/es\/elija-una-imprimacion-ya-mezclada\/\" \/>\n<meta property=\"og:site_name\" content=\"Brouns &amp; Co EU\" \/>\n<meta property=\"article:modified_time\" content=\"2025-04-08T18:02:18+00:00\" \/>\n<meta name=\"twitter:card\" content=\"summary_large_image\" \/>\n<script type=\"application\/ld+json\" class=\"yoast-schema-graph\">{\"@context\":\"https:\\\/\\\/schema.org\",\"@graph\":[{\"@type\":\"WebPage\",\"@id\":\"https:\\\/\\\/brouns.eu\\\/es\\\/elija-una-imprimacion-ya-mezclada\\\/\",\"url\":\"https:\\\/\\\/brouns.eu\\\/es\\\/elija-una-imprimacion-ya-mezclada\\\/\",\"name\":\"Elija una imprimaci\u00f3n ya mezclada - Brouns &amp; Co EU\",\"isPartOf\":{\"@id\":\"https:\\\/\\\/brouns.eu\\\/es\\\/#website\"},\"datePublished\":\"2024-07-05T14:00:14+00:00\",\"dateModified\":\"2025-04-08T18:02:18+00:00\",\"breadcrumb\":{\"@id\":\"https:\\\/\\\/brouns.eu\\\/es\\\/elija-una-imprimacion-ya-mezclada\\\/#breadcrumb\"},\"inLanguage\":\"es\",\"potentialAction\":[{\"@type\":\"ReadAction\",\"target\":[\"https:\\\/\\\/brouns.eu\\\/es\\\/elija-una-imprimacion-ya-mezclada\\\/\"]}]},{\"@type\":\"BreadcrumbList\",\"@id\":\"https:\\\/\\\/brouns.eu\\\/es\\\/elija-una-imprimacion-ya-mezclada\\\/#breadcrumb\",\"itemListElement\":[{\"@type\":\"ListItem\",\"position\":1,\"name\":\"Home\",\"item\":\"https:\\\/\\\/brouns.eu\\\/es\\\/\"},{\"@type\":\"ListItem\",\"position\":2,\"name\":\"Elija una imprimaci\u00f3n ya mezclada\"}]},{\"@type\":\"WebSite\",\"@id\":\"https:\\\/\\\/brouns.eu\\\/es\\\/#website\",\"url\":\"https:\\\/\\\/brouns.eu\\\/es\\\/\",\"name\":\"Brouns &amp; Co EU\",\"description\":\"\",\"publisher\":{\"@id\":\"https:\\\/\\\/brouns.eu\\\/es\\\/#organization\"},\"potentialAction\":[{\"@type\":\"SearchAction\",\"target\":{\"@type\":\"EntryPoint\",\"urlTemplate\":\"https:\\\/\\\/brouns.eu\\\/es\\\/?s={search_term_string}\"},\"query-input\":{\"@type\":\"PropertyValueSpecification\",\"valueRequired\":true,\"valueName\":\"search_term_string\"}}],\"inLanguage\":\"es\"},{\"@type\":\"Organization\",\"@id\":\"https:\\\/\\\/brouns.eu\\\/es\\\/#organization\",\"name\":\"Brouns &amp; Co EU\",\"url\":\"https:\\\/\\\/brouns.eu\\\/es\\\/\",\"logo\":{\"@type\":\"ImageObject\",\"inLanguage\":\"es\",\"@id\":\"https:\\\/\\\/brouns.eu\\\/es\\\/#\\\/schema\\\/logo\\\/image\\\/\",\"url\":\"https:\\\/\\\/brouns.eu\\\/wp-content\\\/uploads\\\/2024\\\/04\\\/Brouns-_-co-Logo-no-linseed-paint-oil.png\",\"contentUrl\":\"https:\\\/\\\/brouns.eu\\\/wp-content\\\/uploads\\\/2024\\\/04\\\/Brouns-_-co-Logo-no-linseed-paint-oil.png\",\"width\":650,\"height\":60,\"caption\":\"Brouns &amp; Co EU\"},\"image\":{\"@id\":\"https:\\\/\\\/brouns.eu\\\/es\\\/#\\\/schema\\\/logo\\\/image\\\/\"}}]}<\/script>\n<!-- \/ Yoast SEO plugin. -->","yoast_head_json":{"title":"Elija una imprimaci\u00f3n ya mezclada - Brouns &amp; Co EU","robots":{"index":"index","follow":"follow","max-snippet":"max-snippet:-1","max-image-preview":"max-image-preview:large","max-video-preview":"max-video-preview:-1"},"canonical":"https:\/\/brouns.eu\/es\/elija-una-imprimacion-ya-mezclada\/","og_locale":"es_ES","og_type":"article","og_title":"Elija una imprimaci\u00f3n ya mezclada - Brouns &amp; Co EU","og_description":"C\u00f3mo elegir una imprimaci\u00f3n lista para usar La capa de imprimaci\u00f3n no tiene por qu\u00e9 ser del mismo color que la capa final. Hay tres imprimaciones que combinan con los colores claros, los colores de gama media y los colores m\u00e1s oscuros. Aqu\u00ed tienes una tabla con la imprimaci\u00f3n que debes usar con los colores [&hellip;]","og_url":"https:\/\/brouns.eu\/es\/elija-una-imprimacion-ya-mezclada\/","og_site_name":"Brouns &amp; Co EU","article_modified_time":"2025-04-08T18:02:18+00:00","twitter_card":"summary_large_image","schema":{"@context":"https:\/\/schema.org","@graph":[{"@type":"WebPage","@id":"https:\/\/brouns.eu\/es\/elija-una-imprimacion-ya-mezclada\/","url":"https:\/\/brouns.eu\/es\/elija-una-imprimacion-ya-mezclada\/","name":"Elija una imprimaci\u00f3n ya mezclada - Brouns &amp; Co EU","isPartOf":{"@id":"https:\/\/brouns.eu\/es\/#website"},"datePublished":"2024-07-05T14:00:14+00:00","dateModified":"2025-04-08T18:02:18+00:00","breadcrumb":{"@id":"https:\/\/brouns.eu\/es\/elija-una-imprimacion-ya-mezclada\/#breadcrumb"},"inLanguage":"es","potentialAction":[{"@type":"ReadAction","target":["https:\/\/brouns.eu\/es\/elija-una-imprimacion-ya-mezclada\/"]}]},{"@type":"BreadcrumbList","@id":"https:\/\/brouns.eu\/es\/elija-una-imprimacion-ya-mezclada\/#breadcrumb","itemListElement":[{"@type":"ListItem","position":1,"name":"Home","item":"https:\/\/brouns.eu\/es\/"},{"@type":"ListItem","position":2,"name":"Elija una imprimaci\u00f3n ya mezclada"}]},{"@type":"WebSite","@id":"https:\/\/brouns.eu\/es\/#website","url":"https:\/\/brouns.eu\/es\/","name":"Brouns &amp; Co EU","description":"","publisher":{"@id":"https:\/\/brouns.eu\/es\/#organization"},"potentialAction":[{"@type":"SearchAction","target":{"@type":"EntryPoint","urlTemplate":"https:\/\/brouns.eu\/es\/?s={search_term_string}"},"query-input":{"@type":"PropertyValueSpecification","valueRequired":true,"valueName":"search_term_string"}}],"inLanguage":"es"},{"@type":"Organization","@id":"https:\/\/brouns.eu\/es\/#organization","name":"Brouns &amp; Co EU","url":"https:\/\/brouns.eu\/es\/","logo":{"@type":"ImageObject","inLanguage":"es","@id":"https:\/\/brouns.eu\/es\/#\/schema\/logo\/image\/","url":"https:\/\/brouns.eu\/wp-content\/uploads\/2024\/04\/Brouns-_-co-Logo-no-linseed-paint-oil.png","contentUrl":"https:\/\/brouns.eu\/wp-content\/uploads\/2024\/04\/Brouns-_-co-Logo-no-linseed-paint-oil.png","width":650,"height":60,"caption":"Brouns &amp; Co EU"},"image":{"@id":"https:\/\/brouns.eu\/es\/#\/schema\/logo\/image\/"}}]}},"_links":{"self":[{"href":"https:\/\/brouns.eu\/es\/wp-json\/wp\/v2\/pages\/21536","targetHints":{"allow":["GET"]}}],"collection":[{"href":"https:\/\/brouns.eu\/es\/wp-json\/wp\/v2\/pages"}],"about":[{"href":"https:\/\/brouns.eu\/es\/wp-json\/wp\/v2\/types\/page"}],"author":[{"embeddable":true,"href":"https:\/\/brouns.eu\/es\/wp-json\/wp\/v2\/users\/1"}],"replies":[{"embeddable":true,"href":"https:\/\/brouns.eu\/es\/wp-json\/wp\/v2\/comments?post=21536"}],"version-history":[{"count":1,"href":"https:\/\/brouns.eu\/es\/wp-json\/wp\/v2\/pages\/21536\/revisions"}],"predecessor-version":[{"id":21537,"href":"https:\/\/brouns.eu\/es\/wp-json\/wp\/v2\/pages\/21536\/revisions\/21537"}],"wp:attachment":[{"href":"https:\/\/brouns.eu\/es\/wp-json\/wp\/v2\/media?parent=21536"}],"curies":[{"name":"wp","href":"https:\/\/api.w.org\/{rel}","templated":true}]}}