{"id":23657,"date":"2025-11-12T09:48:05","date_gmt":"2025-11-12T09:48:05","guid":{"rendered":"https:\/\/brouns.eu\/product\/unkategorisiert\/das-warme-trockene-zuhause-von-pete-ward\/"},"modified":"2025-11-12T11:29:41","modified_gmt":"2025-11-12T11:29:41","slug":"the-warm-dry-home-by-pete-ward","status":"publish","type":"product","link":"https:\/\/brouns.eu\/de\/product\/bucher\/the-warm-dry-home-by-pete-ward\/","title":{"rendered":"The Warm Dry Home by Pete Ward"},"content":{"rendered":"","protected":false},"excerpt":{"rendered":"<p>Dies ist kein Buch \u00fcber Feuchtigkeit, sondern \u00fcber traditionelle Geb\u00e4ude und wie wir sie bewohnen und erhalten.<\/p>\n<p>Dieses Buch ist Pflichtlekt\u00fcre f\u00fcr Hausbesitzer, Architekten, Bausachverst\u00e4ndige und Bauunternehmer gleicherma\u00dfen. Es stellt herk\u00f6mmliche Ansichten zum Thema Feuchtigkeit in Geb\u00e4uden infrage und bietet eine neue, \u00fcberraschende Perspektive. Sie erfahren darin, wie Sie Feuchtigkeit und Sch\u00e4den in Ihren Wohn- und Arbeitsr\u00e4umen vorbeugen und bestehende Probleme erkennen und beheben k\u00f6nnen.<\/p>\n","protected":false},"featured_media":23647,"comment_status":"closed","ping_status":"closed","template":"","meta":{"_acf_changed":false,"site-sidebar-layout":"default","site-content-layout":"","ast-site-content-layout":"default","site-content-style":"default","site-sidebar-style":"default","ast-global-header-display":"","ast-banner-title-visibility":"","ast-main-header-display":"","ast-hfb-above-header-display":"","ast-hfb-below-header-display":"","ast-hfb-mobile-header-display":"","site-post-title":"","ast-breadcrumbs-content":"","ast-featured-img":"","footer-sml-layout":"","ast-disable-related-posts":"","theme-transparent-header-meta":"default","adv-header-id-meta":"","stick-header-meta":"default","header-above-stick-meta":"","header-main-stick-meta":"","header-below-stick-meta":"","astra-migrate-meta-layouts":"set","ast-page-background-enabled":"default","ast-page-background-meta":{"desktop":{"background-color":"","background-image":"","background-repeat":"repeat","background-position":"center center","background-size":"auto","background-attachment":"scroll","background-type":"","background-media":"","overlay-type":"","overlay-color":"","overlay-opacity":"","overlay-gradient":""},"tablet":{"background-color":"","background-image":"","background-repeat":"repeat","background-position":"center center","background-size":"auto","background-attachment":"scroll","background-type":"","background-media":"","overlay-type":"","overlay-color":"","overlay-opacity":"","overlay-gradient":""},"mobile":{"background-color":"","background-image":"","background-repeat":"repeat","background-position":"center center","background-size":"auto","background-attachment":"scroll","background-type":"","background-media":"","overlay-type":"","overlay-color":"","overlay-opacity":"","overlay-gradient":""}},"ast-content-background-meta":{"desktop":{"background-color":"var(--ast-global-color-5)","background-image":"","background-repeat":"repeat","background-position":"center center","background-size":"auto","background-attachment":"scroll","background-type":"","background-media":"","overlay-type":"","overlay-color":"","overlay-opacity":"","overlay-gradient":""},"tablet":{"background-color":"var(--ast-global-color-5)","background-image":"","background-repeat":"repeat","background-position":"center center","background-size":"auto","background-attachment":"scroll","background-type":"","background-media":"","overlay-type":"","overlay-color":"","overlay-opacity":"","overlay-gradient":""},"mobile":{"background-color":"var(--ast-global-color-5)","background-image":"","background-repeat":"repeat","background-position":"center center","background-size":"auto","background-attachment":"scroll","background-type":"","background-media":"","overlay-type":"","overlay-color":"","overlay-opacity":"","overlay-gradient":""}},"ngg_post_thumbnail":0},"product_brand":[],"product_cat":[397],"product_tag":[],"class_list":{"0":"post-23657","1":"product","2":"type-product","3":"status-publish","4":"has-post-thumbnail","6":"product_cat-bucher","7":"desktop-align-center","8":"tablet-align-center","9":"mobile-align-center","10":"ast-product-gallery-layout-horizontal","11":"ast-product-tabs-layout-horizontal","12":"ast-qv-on-image","14":"first","15":"instock","16":"taxable","17":"shipping-taxable","18":"purchasable","19":"product-type-simple"},"acf":[],"yoast_head":"<!-- This site is optimized with the Yoast SEO plugin v27.4 - https:\/\/yoast.com\/product\/yoast-seo-wordpress\/ -->\n<title>The Warm Dry Home by Pete Ward - Brouns &amp; Co EU<\/title>\n<meta name=\"description\" content=\"Das Buch \u201eDas warme, trockene Zuhause\u201c von Pete Ward ist ein praktischer Leitfaden zum Verst\u00e4ndnis der Ursachen von Feuchtigkeit und zu L\u00f6sungen f\u00fcr Feuchtigkeit in Geb\u00e4uden.\" \/>\n<meta name=\"robots\" content=\"index, nofollow, max-video-preview:-1, noimageindex, noarchive, nosnippet\" \/>\n<link rel=\"canonical\" href=\"https:\/\/brouns.eu\/de\/product\/bucher\/the-warm-dry-home-by-pete-ward\/\" \/>\n<meta property=\"og:locale\" content=\"de_DE\" \/>\n<meta property=\"og:type\" content=\"article\" \/>\n<meta property=\"og:title\" content=\"The Warm Dry Home by Pete Ward - Brouns &amp; Co EU\" \/>\n<meta property=\"og:description\" content=\"Das Buch \u201eDas warme, trockene Zuhause\u201c von Pete Ward ist ein praktischer Leitfaden zum Verst\u00e4ndnis der Ursachen von Feuchtigkeit und zu L\u00f6sungen f\u00fcr Feuchtigkeit in Geb\u00e4uden.\" \/>\n<meta property=\"og:url\" content=\"https:\/\/brouns.eu\/de\/product\/bucher\/the-warm-dry-home-by-pete-ward\/\" \/>\n<meta property=\"og:site_name\" content=\"Brouns &amp; Co EU\" \/>\n<meta property=\"article:modified_time\" content=\"2025-11-12T11:29:41+00:00\" \/>\n<meta property=\"og:image\" content=\"https:\/\/brouns.eu\/wp-content\/uploads\/2025\/11\/The-Warm-Dry-Home-Book-By-Pete-Ward.jpg\" \/>\n\t<meta property=\"og:image:width\" content=\"1000\" \/>\n\t<meta property=\"og:image:height\" content=\"1000\" \/>\n\t<meta property=\"og:image:type\" content=\"image\/jpeg\" \/>\n<meta name=\"twitter:card\" content=\"summary_large_image\" \/>\n<meta name=\"twitter:label1\" content=\"Gesch\u00e4tzte Lesezeit\" \/>\n\t<meta name=\"twitter:data1\" content=\"1\u00a0Minute\" \/>\n<script type=\"application\/ld+json\" class=\"yoast-schema-graph\">{\"@context\":\"https:\\\/\\\/schema.org\",\"@graph\":[{\"@type\":\"WebPage\",\"@id\":\"https:\\\/\\\/brouns.eu\\\/de\\\/product\\\/bucher\\\/the-warm-dry-home-by-pete-ward\\\/\",\"url\":\"https:\\\/\\\/brouns.eu\\\/de\\\/product\\\/bucher\\\/the-warm-dry-home-by-pete-ward\\\/\",\"name\":\"The Warm Dry Home by Pete Ward - Brouns &amp; Co EU\",\"isPartOf\":{\"@id\":\"https:\\\/\\\/brouns.eu\\\/de\\\/#website\"},\"primaryImageOfPage\":{\"@id\":\"https:\\\/\\\/brouns.eu\\\/de\\\/product\\\/bucher\\\/the-warm-dry-home-by-pete-ward\\\/#primaryimage\"},\"image\":{\"@id\":\"https:\\\/\\\/brouns.eu\\\/de\\\/product\\\/bucher\\\/the-warm-dry-home-by-pete-ward\\\/#primaryimage\"},\"thumbnailUrl\":\"https:\\\/\\\/brouns.eu\\\/wp-content\\\/uploads\\\/2025\\\/11\\\/The-Warm-Dry-Home-Book-By-Pete-Ward.jpg\",\"datePublished\":\"2025-11-12T09:48:05+00:00\",\"dateModified\":\"2025-11-12T11:29:41+00:00\",\"description\":\"Das Buch \u201eDas warme, trockene Zuhause\u201c von Pete Ward ist ein praktischer Leitfaden zum Verst\u00e4ndnis der Ursachen von Feuchtigkeit und zu L\u00f6sungen f\u00fcr Feuchtigkeit in Geb\u00e4uden.\",\"breadcrumb\":{\"@id\":\"https:\\\/\\\/brouns.eu\\\/de\\\/product\\\/bucher\\\/the-warm-dry-home-by-pete-ward\\\/#breadcrumb\"},\"inLanguage\":\"de\",\"potentialAction\":[{\"@type\":\"ReadAction\",\"target\":[\"https:\\\/\\\/brouns.eu\\\/de\\\/product\\\/bucher\\\/the-warm-dry-home-by-pete-ward\\\/\"]}]},{\"@type\":\"ImageObject\",\"inLanguage\":\"de\",\"@id\":\"https:\\\/\\\/brouns.eu\\\/de\\\/product\\\/bucher\\\/the-warm-dry-home-by-pete-ward\\\/#primaryimage\",\"url\":\"https:\\\/\\\/brouns.eu\\\/wp-content\\\/uploads\\\/2025\\\/11\\\/The-Warm-Dry-Home-Book-By-Pete-Ward.jpg\",\"contentUrl\":\"https:\\\/\\\/brouns.eu\\\/wp-content\\\/uploads\\\/2025\\\/11\\\/The-Warm-Dry-Home-Book-By-Pete-Ward.jpg\",\"width\":1000,\"height\":1000},{\"@type\":\"BreadcrumbList\",\"@id\":\"https:\\\/\\\/brouns.eu\\\/de\\\/product\\\/bucher\\\/the-warm-dry-home-by-pete-ward\\\/#breadcrumb\",\"itemListElement\":[{\"@type\":\"ListItem\",\"position\":1,\"name\":\"Home\",\"item\":\"https:\\\/\\\/brouns.eu\\\/de\\\/\"},{\"@type\":\"ListItem\",\"position\":2,\"name\":\"Gesch\u00e4ft\",\"item\":\"https:\\\/\\\/brouns.eu\\\/geschaeft\\\/\"},{\"@type\":\"ListItem\",\"position\":3,\"name\":\"The Warm Dry Home by Pete Ward\"}]},{\"@type\":\"WebSite\",\"@id\":\"https:\\\/\\\/brouns.eu\\\/de\\\/#website\",\"url\":\"https:\\\/\\\/brouns.eu\\\/de\\\/\",\"name\":\"Brouns &amp; Co EU\",\"description\":\"\",\"publisher\":{\"@id\":\"https:\\\/\\\/brouns.eu\\\/de\\\/#organization\"},\"potentialAction\":[{\"@type\":\"SearchAction\",\"target\":{\"@type\":\"EntryPoint\",\"urlTemplate\":\"https:\\\/\\\/brouns.eu\\\/de\\\/?s={search_term_string}\"},\"query-input\":{\"@type\":\"PropertyValueSpecification\",\"valueRequired\":true,\"valueName\":\"search_term_string\"}}],\"inLanguage\":\"de\"},{\"@type\":\"Organization\",\"@id\":\"https:\\\/\\\/brouns.eu\\\/de\\\/#organization\",\"name\":\"Brouns &amp; Co EU\",\"url\":\"https:\\\/\\\/brouns.eu\\\/de\\\/\",\"logo\":{\"@type\":\"ImageObject\",\"inLanguage\":\"de\",\"@id\":\"https:\\\/\\\/brouns.eu\\\/de\\\/#\\\/schema\\\/logo\\\/image\\\/\",\"url\":\"https:\\\/\\\/brouns.eu\\\/wp-content\\\/uploads\\\/2024\\\/04\\\/Brouns-_-co-Logo-no-linseed-paint-oil.png\",\"contentUrl\":\"https:\\\/\\\/brouns.eu\\\/wp-content\\\/uploads\\\/2024\\\/04\\\/Brouns-_-co-Logo-no-linseed-paint-oil.png\",\"width\":650,\"height\":60,\"caption\":\"Brouns &amp; Co EU\"},\"image\":{\"@id\":\"https:\\\/\\\/brouns.eu\\\/de\\\/#\\\/schema\\\/logo\\\/image\\\/\"}}]}<\/script>\n<!-- \/ Yoast SEO plugin. -->","yoast_head_json":{"title":"The Warm Dry Home by Pete Ward - Brouns &amp; Co EU","description":"Das Buch \u201eDas warme, trockene Zuhause\u201c von Pete Ward ist ein praktischer Leitfaden zum Verst\u00e4ndnis der Ursachen von Feuchtigkeit und zu L\u00f6sungen f\u00fcr Feuchtigkeit in Geb\u00e4uden.","robots":{"index":"index","follow":"nofollow","max-video-preview":"max-video-preview:-1","imageindex":"noimageindex","archive":"noarchive","snippet":"nosnippet"},"canonical":"https:\/\/brouns.eu\/de\/product\/bucher\/the-warm-dry-home-by-pete-ward\/","og_locale":"de_DE","og_type":"article","og_title":"The Warm Dry Home by Pete Ward - Brouns &amp; Co EU","og_description":"Das Buch \u201eDas warme, trockene Zuhause\u201c von Pete Ward ist ein praktischer Leitfaden zum Verst\u00e4ndnis der Ursachen von Feuchtigkeit und zu L\u00f6sungen f\u00fcr Feuchtigkeit in Geb\u00e4uden.","og_url":"https:\/\/brouns.eu\/de\/product\/bucher\/the-warm-dry-home-by-pete-ward\/","og_site_name":"Brouns &amp; Co EU","article_modified_time":"2025-11-12T11:29:41+00:00","og_image":[{"width":1000,"height":1000,"url":"https:\/\/brouns.eu\/wp-content\/uploads\/2025\/11\/The-Warm-Dry-Home-Book-By-Pete-Ward.jpg","type":"image\/jpeg"}],"twitter_card":"summary_large_image","twitter_misc":{"Gesch\u00e4tzte Lesezeit":"1\u00a0Minute"},"schema":{"@context":"https:\/\/schema.org","@graph":[{"@type":"WebPage","@id":"https:\/\/brouns.eu\/de\/product\/bucher\/the-warm-dry-home-by-pete-ward\/","url":"https:\/\/brouns.eu\/de\/product\/bucher\/the-warm-dry-home-by-pete-ward\/","name":"The Warm Dry Home by Pete Ward - Brouns &amp; Co EU","isPartOf":{"@id":"https:\/\/brouns.eu\/de\/#website"},"primaryImageOfPage":{"@id":"https:\/\/brouns.eu\/de\/product\/bucher\/the-warm-dry-home-by-pete-ward\/#primaryimage"},"image":{"@id":"https:\/\/brouns.eu\/de\/product\/bucher\/the-warm-dry-home-by-pete-ward\/#primaryimage"},"thumbnailUrl":"https:\/\/brouns.eu\/wp-content\/uploads\/2025\/11\/The-Warm-Dry-Home-Book-By-Pete-Ward.jpg","datePublished":"2025-11-12T09:48:05+00:00","dateModified":"2025-11-12T11:29:41+00:00","description":"Das Buch \u201eDas warme, trockene Zuhause\u201c von Pete Ward ist ein praktischer Leitfaden zum Verst\u00e4ndnis der Ursachen von Feuchtigkeit und zu L\u00f6sungen f\u00fcr Feuchtigkeit in Geb\u00e4uden.","breadcrumb":{"@id":"https:\/\/brouns.eu\/de\/product\/bucher\/the-warm-dry-home-by-pete-ward\/#breadcrumb"},"inLanguage":"de","potentialAction":[{"@type":"ReadAction","target":["https:\/\/brouns.eu\/de\/product\/bucher\/the-warm-dry-home-by-pete-ward\/"]}]},{"@type":"ImageObject","inLanguage":"de","@id":"https:\/\/brouns.eu\/de\/product\/bucher\/the-warm-dry-home-by-pete-ward\/#primaryimage","url":"https:\/\/brouns.eu\/wp-content\/uploads\/2025\/11\/The-Warm-Dry-Home-Book-By-Pete-Ward.jpg","contentUrl":"https:\/\/brouns.eu\/wp-content\/uploads\/2025\/11\/The-Warm-Dry-Home-Book-By-Pete-Ward.jpg","width":1000,"height":1000},{"@type":"BreadcrumbList","@id":"https:\/\/brouns.eu\/de\/product\/bucher\/the-warm-dry-home-by-pete-ward\/#breadcrumb","itemListElement":[{"@type":"ListItem","position":1,"name":"Home","item":"https:\/\/brouns.eu\/de\/"},{"@type":"ListItem","position":2,"name":"Gesch\u00e4ft","item":"https:\/\/brouns.eu\/geschaeft\/"},{"@type":"ListItem","position":3,"name":"The Warm Dry Home by Pete Ward"}]},{"@type":"WebSite","@id":"https:\/\/brouns.eu\/de\/#website","url":"https:\/\/brouns.eu\/de\/","name":"Brouns &amp; Co EU","description":"","publisher":{"@id":"https:\/\/brouns.eu\/de\/#organization"},"potentialAction":[{"@type":"SearchAction","target":{"@type":"EntryPoint","urlTemplate":"https:\/\/brouns.eu\/de\/?s={search_term_string}"},"query-input":{"@type":"PropertyValueSpecification","valueRequired":true,"valueName":"search_term_string"}}],"inLanguage":"de"},{"@type":"Organization","@id":"https:\/\/brouns.eu\/de\/#organization","name":"Brouns &amp; Co EU","url":"https:\/\/brouns.eu\/de\/","logo":{"@type":"ImageObject","inLanguage":"de","@id":"https:\/\/brouns.eu\/de\/#\/schema\/logo\/image\/","url":"https:\/\/brouns.eu\/wp-content\/uploads\/2024\/04\/Brouns-_-co-Logo-no-linseed-paint-oil.png","contentUrl":"https:\/\/brouns.eu\/wp-content\/uploads\/2024\/04\/Brouns-_-co-Logo-no-linseed-paint-oil.png","width":650,"height":60,"caption":"Brouns &amp; Co EU"},"image":{"@id":"https:\/\/brouns.eu\/de\/#\/schema\/logo\/image\/"}}]}},"_links":{"self":[{"href":"https:\/\/brouns.eu\/de\/wp-json\/wp\/v2\/product\/23657","targetHints":{"allow":["GET"]}}],"collection":[{"href":"https:\/\/brouns.eu\/de\/wp-json\/wp\/v2\/product"}],"about":[{"href":"https:\/\/brouns.eu\/de\/wp-json\/wp\/v2\/types\/product"}],"replies":[{"embeddable":true,"href":"https:\/\/brouns.eu\/de\/wp-json\/wp\/v2\/comments?post=23657"}],"version-history":[{"count":1,"href":"https:\/\/brouns.eu\/de\/wp-json\/wp\/v2\/product\/23657\/revisions"}],"predecessor-version":[{"id":23664,"href":"https:\/\/brouns.eu\/de\/wp-json\/wp\/v2\/product\/23657\/revisions\/23664"}],"wp:featuredmedia":[{"embeddable":true,"href":"https:\/\/brouns.eu\/de\/wp-json\/wp\/v2\/media\/23647"}],"wp:attachment":[{"href":"https:\/\/brouns.eu\/de\/wp-json\/wp\/v2\/media?parent=23657"}],"wp:term":[{"taxonomy":"product_brand","embeddable":true,"href":"https:\/\/brouns.eu\/de\/wp-json\/wp\/v2\/product_brand?post=23657"},{"taxonomy":"product_cat","embeddable":true,"href":"https:\/\/brouns.eu\/de\/wp-json\/wp\/v2\/product_cat?post=23657"},{"taxonomy":"product_tag","embeddable":true,"href":"https:\/\/brouns.eu\/de\/wp-json\/wp\/v2\/product_tag?post=23657"}],"curies":[{"name":"wp","href":"https:\/\/api.w.org\/{rel}","templated":true}]}}