{"id":20100,"date":"2024-10-29T21:27:28","date_gmt":"2024-10-29T21:27:28","guid":{"rendered":"https:\/\/brouns.eu\/product\/unkategorisiert\/aussenbereich-handgemalte-leinoelfarbe-farbkarte\/"},"modified":"2024-10-29T21:27:28","modified_gmt":"2024-10-29T21:27:28","slug":"aussenbereich-handgemalte-leinoelfarbe-farbkarte","status":"publish","type":"product","link":"https:\/\/brouns.eu\/de\/product\/farbkarten\/aussenbereich-handgemalte-leinoelfarbe-farbkarte\/","title":{"rendered":"Au\u00dfenbereich &#8211; handgemalte Lein\u00f6lfarbe-Farbkarte"},"content":{"rendered":"","protected":false},"excerpt":{"rendered":"<p>Exakte Darstellungen zur Auswahl der richtigen Farben<br \/>\n Die Farbwahl f\u00fcr Ihr Projekt ist entscheidend, insbesondere da Lein\u00f6lfarbe lange h\u00e4lt. Diese Lein\u00f6lfarben-Farbkarte bietet Ihnen Sicherheit. Sie m\u00fcssen sich keine Sorgen machen, ob Ihre Ergebnisse mit dem Farbmuster \u00fcbereinstimmen, denn im Gegensatz zu den meisten Farbkarten erhalten Sie die exakten Farbt\u00f6ne und keine gedruckten Ann\u00e4herungen. Denn jedes einzelne Farbmuster wurde sorgf\u00e4ltig von Hand mit echter Lein\u00f6lfarbe gemalt.   <\/p>\n<p>Und wenn Sie eine Farbe w\u00fcnschen, die nicht auf der Karte steht, kontaktieren Sie uns bitte. Wir k\u00f6nnen eine exakt passende Farbe f\u00fcr Sie kreieren. Unsere erfahrenen Farbmischer leisten hervorragende Arbeit bei der Farbabstimmung.  <\/p>\n","protected":false},"featured_media":20101,"comment_status":"closed","ping_status":"closed","template":"","meta":{"_acf_changed":false,"site-sidebar-layout":"default","site-content-layout":"","ast-site-content-layout":"default","site-content-style":"default","site-sidebar-style":"default","ast-global-header-display":"","ast-banner-title-visibility":"","ast-main-header-display":"","ast-hfb-above-header-display":"","ast-hfb-below-header-display":"","ast-hfb-mobile-header-display":"","site-post-title":"","ast-breadcrumbs-content":"","ast-featured-img":"","footer-sml-layout":"","ast-disable-related-posts":"","theme-transparent-header-meta":"default","adv-header-id-meta":"","stick-header-meta":"default","header-above-stick-meta":"","header-main-stick-meta":"","header-below-stick-meta":"","astra-migrate-meta-layouts":"default","ast-page-background-enabled":"default","ast-page-background-meta":{"desktop":{"background-color":"","background-image":"","background-repeat":"repeat","background-position":"center center","background-size":"auto","background-attachment":"scroll","background-type":"","background-media":"","overlay-type":"","overlay-color":"","overlay-opacity":"","overlay-gradient":""},"tablet":{"background-color":"","background-image":"","background-repeat":"repeat","background-position":"center center","background-size":"auto","background-attachment":"scroll","background-type":"","background-media":"","overlay-type":"","overlay-color":"","overlay-opacity":"","overlay-gradient":""},"mobile":{"background-color":"","background-image":"","background-repeat":"repeat","background-position":"center center","background-size":"auto","background-attachment":"scroll","background-type":"","background-media":"","overlay-type":"","overlay-color":"","overlay-opacity":"","overlay-gradient":""}},"ast-content-background-meta":{"desktop":{"background-color":"var(--ast-global-color-5)","background-image":"","background-repeat":"repeat","background-position":"center center","background-size":"auto","background-attachment":"scroll","background-type":"","background-media":"","overlay-type":"","overlay-color":"","overlay-opacity":"","overlay-gradient":""},"tablet":{"background-color":"var(--ast-global-color-5)","background-image":"","background-repeat":"repeat","background-position":"center center","background-size":"auto","background-attachment":"scroll","background-type":"","background-media":"","overlay-type":"","overlay-color":"","overlay-opacity":"","overlay-gradient":""},"mobile":{"background-color":"var(--ast-global-color-5)","background-image":"","background-repeat":"repeat","background-position":"center center","background-size":"auto","background-attachment":"scroll","background-type":"","background-media":"","overlay-type":"","overlay-color":"","overlay-opacity":"","overlay-gradient":""}},"ngg_post_thumbnail":0},"product_brand":[],"product_cat":[399],"product_tag":[],"class_list":{"0":"post-20100","1":"product","2":"type-product","3":"status-publish","4":"has-post-thumbnail","6":"product_cat-farbkarten","7":"pa_size-standard","8":"desktop-align-center","9":"tablet-align-center","10":"mobile-align-center","11":"ast-product-gallery-layout-horizontal","12":"ast-product-tabs-layout-horizontal","13":"ast-qv-on-image","15":"first","16":"instock","17":"taxable","18":"shipping-taxable","19":"purchasable","20":"product-type-simple"},"acf":[],"yoast_head":"<!-- This site is optimized with the Yoast SEO plugin v27.4 - https:\/\/yoast.com\/product\/yoast-seo-wordpress\/ -->\n<title>Au\u00dfenbereich - handgemalte Lein\u00f6lfarbe-Farbkarte - Brouns &amp; Co EU<\/title>\n<meta name=\"robots\" content=\"index, follow, max-snippet:-1, max-image-preview:large, max-video-preview:-1\" \/>\n<link rel=\"canonical\" href=\"https:\/\/brouns.eu\/de\/product\/farbkarten\/aussenbereich-handgemalte-leinoelfarbe-farbkarte\/\" \/>\n<meta property=\"og:locale\" content=\"de_DE\" \/>\n<meta property=\"og:type\" content=\"article\" \/>\n<meta property=\"og:title\" content=\"Au\u00dfenbereich - handgemalte Lein\u00f6lfarbe-Farbkarte - Brouns &amp; Co EU\" \/>\n<meta property=\"og:description\" content=\"Exakte Darstellungen zur Auswahl der richtigen Farben Die Farbwahl f\u00fcr Ihr Projekt ist entscheidend, insbesondere da Lein\u00f6lfarbe lange h\u00e4lt. Diese Lein\u00f6lfarben-Farbkarte bietet Ihnen Sicherheit. Sie m\u00fcssen sich keine Sorgen machen, ob Ihre Ergebnisse mit dem Farbmuster \u00fcbereinstimmen, denn im Gegensatz zu den meisten Farbkarten erhalten Sie die exakten Farbt\u00f6ne und keine gedruckten Ann\u00e4herungen. Denn jedes einzelne Farbmuster wurde sorgf\u00e4ltig von Hand mit echter Lein\u00f6lfarbe gemalt.   Und wenn Sie eine Farbe w\u00fcnschen, die nicht auf der Karte steht, kontaktieren Sie uns bitte. Wir k\u00f6nnen eine exakt passende Farbe f\u00fcr Sie kreieren. Unsere erfahrenen Farbmischer leisten hervorragende Arbeit bei der Farbabstimmung.\" \/>\n<meta property=\"og:url\" content=\"https:\/\/brouns.eu\/de\/product\/farbkarten\/aussenbereich-handgemalte-leinoelfarbe-farbkarte\/\" \/>\n<meta property=\"og:site_name\" content=\"Brouns &amp; Co EU\" \/>\n<meta property=\"og:image\" content=\"https:\/\/brouns.eu\/wp-content\/uploads\/2024\/10\/Brouns_Products_Colour_Card_Hand_Painted.jpg\" \/>\n\t<meta property=\"og:image:width\" content=\"800\" \/>\n\t<meta property=\"og:image:height\" content=\"800\" \/>\n\t<meta property=\"og:image:type\" content=\"image\/jpeg\" \/>\n<meta name=\"twitter:card\" content=\"summary_large_image\" \/>\n<script type=\"application\/ld+json\" class=\"yoast-schema-graph\">{\"@context\":\"https:\\\/\\\/schema.org\",\"@graph\":[{\"@type\":\"WebPage\",\"@id\":\"https:\\\/\\\/brouns.eu\\\/de\\\/product\\\/farbkarten\\\/aussenbereich-handgemalte-leinoelfarbe-farbkarte\\\/\",\"url\":\"https:\\\/\\\/brouns.eu\\\/de\\\/product\\\/farbkarten\\\/aussenbereich-handgemalte-leinoelfarbe-farbkarte\\\/\",\"name\":\"Au\u00dfenbereich - handgemalte Lein\u00f6lfarbe-Farbkarte - Brouns &amp; Co EU\",\"isPartOf\":{\"@id\":\"https:\\\/\\\/brouns.eu\\\/de\\\/#website\"},\"primaryImageOfPage\":{\"@id\":\"https:\\\/\\\/brouns.eu\\\/de\\\/product\\\/farbkarten\\\/aussenbereich-handgemalte-leinoelfarbe-farbkarte\\\/#primaryimage\"},\"image\":{\"@id\":\"https:\\\/\\\/brouns.eu\\\/de\\\/product\\\/farbkarten\\\/aussenbereich-handgemalte-leinoelfarbe-farbkarte\\\/#primaryimage\"},\"thumbnailUrl\":\"https:\\\/\\\/brouns.eu\\\/wp-content\\\/uploads\\\/2024\\\/10\\\/Brouns_Products_Colour_Card_Hand_Painted.jpg\",\"datePublished\":\"2024-10-29T21:27:28+00:00\",\"breadcrumb\":{\"@id\":\"https:\\\/\\\/brouns.eu\\\/de\\\/product\\\/farbkarten\\\/aussenbereich-handgemalte-leinoelfarbe-farbkarte\\\/#breadcrumb\"},\"inLanguage\":\"de\",\"potentialAction\":[{\"@type\":\"ReadAction\",\"target\":[\"https:\\\/\\\/brouns.eu\\\/de\\\/product\\\/farbkarten\\\/aussenbereich-handgemalte-leinoelfarbe-farbkarte\\\/\"]}]},{\"@type\":\"ImageObject\",\"inLanguage\":\"de\",\"@id\":\"https:\\\/\\\/brouns.eu\\\/de\\\/product\\\/farbkarten\\\/aussenbereich-handgemalte-leinoelfarbe-farbkarte\\\/#primaryimage\",\"url\":\"https:\\\/\\\/brouns.eu\\\/wp-content\\\/uploads\\\/2024\\\/10\\\/Brouns_Products_Colour_Card_Hand_Painted.jpg\",\"contentUrl\":\"https:\\\/\\\/brouns.eu\\\/wp-content\\\/uploads\\\/2024\\\/10\\\/Brouns_Products_Colour_Card_Hand_Painted.jpg\",\"width\":800,\"height\":800},{\"@type\":\"BreadcrumbList\",\"@id\":\"https:\\\/\\\/brouns.eu\\\/de\\\/product\\\/farbkarten\\\/aussenbereich-handgemalte-leinoelfarbe-farbkarte\\\/#breadcrumb\",\"itemListElement\":[{\"@type\":\"ListItem\",\"position\":1,\"name\":\"Home\",\"item\":\"https:\\\/\\\/brouns.eu\\\/de\\\/\"},{\"@type\":\"ListItem\",\"position\":2,\"name\":\"Gesch\u00e4ft\",\"item\":\"https:\\\/\\\/brouns.eu\\\/geschaeft\\\/\"},{\"@type\":\"ListItem\",\"position\":3,\"name\":\"Au\u00dfenbereich &#8211; handgemalte Lein\u00f6lfarbe-Farbkarte\"}]},{\"@type\":\"WebSite\",\"@id\":\"https:\\\/\\\/brouns.eu\\\/de\\\/#website\",\"url\":\"https:\\\/\\\/brouns.eu\\\/de\\\/\",\"name\":\"Brouns &amp; Co EU\",\"description\":\"\",\"publisher\":{\"@id\":\"https:\\\/\\\/brouns.eu\\\/de\\\/#organization\"},\"potentialAction\":[{\"@type\":\"SearchAction\",\"target\":{\"@type\":\"EntryPoint\",\"urlTemplate\":\"https:\\\/\\\/brouns.eu\\\/de\\\/?s={search_term_string}\"},\"query-input\":{\"@type\":\"PropertyValueSpecification\",\"valueRequired\":true,\"valueName\":\"search_term_string\"}}],\"inLanguage\":\"de\"},{\"@type\":\"Organization\",\"@id\":\"https:\\\/\\\/brouns.eu\\\/de\\\/#organization\",\"name\":\"Brouns &amp; Co EU\",\"url\":\"https:\\\/\\\/brouns.eu\\\/de\\\/\",\"logo\":{\"@type\":\"ImageObject\",\"inLanguage\":\"de\",\"@id\":\"https:\\\/\\\/brouns.eu\\\/de\\\/#\\\/schema\\\/logo\\\/image\\\/\",\"url\":\"https:\\\/\\\/brouns.eu\\\/wp-content\\\/uploads\\\/2024\\\/04\\\/Brouns-_-co-Logo-no-linseed-paint-oil.png\",\"contentUrl\":\"https:\\\/\\\/brouns.eu\\\/wp-content\\\/uploads\\\/2024\\\/04\\\/Brouns-_-co-Logo-no-linseed-paint-oil.png\",\"width\":650,\"height\":60,\"caption\":\"Brouns &amp; Co EU\"},\"image\":{\"@id\":\"https:\\\/\\\/brouns.eu\\\/de\\\/#\\\/schema\\\/logo\\\/image\\\/\"}}]}<\/script>\n<!-- \/ Yoast SEO plugin. -->","yoast_head_json":{"title":"Au\u00dfenbereich - handgemalte Lein\u00f6lfarbe-Farbkarte - Brouns &amp; Co EU","robots":{"index":"index","follow":"follow","max-snippet":"max-snippet:-1","max-image-preview":"max-image-preview:large","max-video-preview":"max-video-preview:-1"},"canonical":"https:\/\/brouns.eu\/de\/product\/farbkarten\/aussenbereich-handgemalte-leinoelfarbe-farbkarte\/","og_locale":"de_DE","og_type":"article","og_title":"Au\u00dfenbereich - handgemalte Lein\u00f6lfarbe-Farbkarte - Brouns &amp; Co EU","og_description":"Exakte Darstellungen zur Auswahl der richtigen Farben Die Farbwahl f\u00fcr Ihr Projekt ist entscheidend, insbesondere da Lein\u00f6lfarbe lange h\u00e4lt. Diese Lein\u00f6lfarben-Farbkarte bietet Ihnen Sicherheit. Sie m\u00fcssen sich keine Sorgen machen, ob Ihre Ergebnisse mit dem Farbmuster \u00fcbereinstimmen, denn im Gegensatz zu den meisten Farbkarten erhalten Sie die exakten Farbt\u00f6ne und keine gedruckten Ann\u00e4herungen. Denn jedes einzelne Farbmuster wurde sorgf\u00e4ltig von Hand mit echter Lein\u00f6lfarbe gemalt.   Und wenn Sie eine Farbe w\u00fcnschen, die nicht auf der Karte steht, kontaktieren Sie uns bitte. Wir k\u00f6nnen eine exakt passende Farbe f\u00fcr Sie kreieren. Unsere erfahrenen Farbmischer leisten hervorragende Arbeit bei der Farbabstimmung.","og_url":"https:\/\/brouns.eu\/de\/product\/farbkarten\/aussenbereich-handgemalte-leinoelfarbe-farbkarte\/","og_site_name":"Brouns &amp; Co EU","og_image":[{"width":800,"height":800,"url":"https:\/\/brouns.eu\/wp-content\/uploads\/2024\/10\/Brouns_Products_Colour_Card_Hand_Painted.jpg","type":"image\/jpeg"}],"twitter_card":"summary_large_image","schema":{"@context":"https:\/\/schema.org","@graph":[{"@type":"WebPage","@id":"https:\/\/brouns.eu\/de\/product\/farbkarten\/aussenbereich-handgemalte-leinoelfarbe-farbkarte\/","url":"https:\/\/brouns.eu\/de\/product\/farbkarten\/aussenbereich-handgemalte-leinoelfarbe-farbkarte\/","name":"Au\u00dfenbereich - handgemalte Lein\u00f6lfarbe-Farbkarte - Brouns &amp; Co EU","isPartOf":{"@id":"https:\/\/brouns.eu\/de\/#website"},"primaryImageOfPage":{"@id":"https:\/\/brouns.eu\/de\/product\/farbkarten\/aussenbereich-handgemalte-leinoelfarbe-farbkarte\/#primaryimage"},"image":{"@id":"https:\/\/brouns.eu\/de\/product\/farbkarten\/aussenbereich-handgemalte-leinoelfarbe-farbkarte\/#primaryimage"},"thumbnailUrl":"https:\/\/brouns.eu\/wp-content\/uploads\/2024\/10\/Brouns_Products_Colour_Card_Hand_Painted.jpg","datePublished":"2024-10-29T21:27:28+00:00","breadcrumb":{"@id":"https:\/\/brouns.eu\/de\/product\/farbkarten\/aussenbereich-handgemalte-leinoelfarbe-farbkarte\/#breadcrumb"},"inLanguage":"de","potentialAction":[{"@type":"ReadAction","target":["https:\/\/brouns.eu\/de\/product\/farbkarten\/aussenbereich-handgemalte-leinoelfarbe-farbkarte\/"]}]},{"@type":"ImageObject","inLanguage":"de","@id":"https:\/\/brouns.eu\/de\/product\/farbkarten\/aussenbereich-handgemalte-leinoelfarbe-farbkarte\/#primaryimage","url":"https:\/\/brouns.eu\/wp-content\/uploads\/2024\/10\/Brouns_Products_Colour_Card_Hand_Painted.jpg","contentUrl":"https:\/\/brouns.eu\/wp-content\/uploads\/2024\/10\/Brouns_Products_Colour_Card_Hand_Painted.jpg","width":800,"height":800},{"@type":"BreadcrumbList","@id":"https:\/\/brouns.eu\/de\/product\/farbkarten\/aussenbereich-handgemalte-leinoelfarbe-farbkarte\/#breadcrumb","itemListElement":[{"@type":"ListItem","position":1,"name":"Home","item":"https:\/\/brouns.eu\/de\/"},{"@type":"ListItem","position":2,"name":"Gesch\u00e4ft","item":"https:\/\/brouns.eu\/geschaeft\/"},{"@type":"ListItem","position":3,"name":"Au\u00dfenbereich &#8211; handgemalte Lein\u00f6lfarbe-Farbkarte"}]},{"@type":"WebSite","@id":"https:\/\/brouns.eu\/de\/#website","url":"https:\/\/brouns.eu\/de\/","name":"Brouns &amp; Co EU","description":"","publisher":{"@id":"https:\/\/brouns.eu\/de\/#organization"},"potentialAction":[{"@type":"SearchAction","target":{"@type":"EntryPoint","urlTemplate":"https:\/\/brouns.eu\/de\/?s={search_term_string}"},"query-input":{"@type":"PropertyValueSpecification","valueRequired":true,"valueName":"search_term_string"}}],"inLanguage":"de"},{"@type":"Organization","@id":"https:\/\/brouns.eu\/de\/#organization","name":"Brouns &amp; Co EU","url":"https:\/\/brouns.eu\/de\/","logo":{"@type":"ImageObject","inLanguage":"de","@id":"https:\/\/brouns.eu\/de\/#\/schema\/logo\/image\/","url":"https:\/\/brouns.eu\/wp-content\/uploads\/2024\/04\/Brouns-_-co-Logo-no-linseed-paint-oil.png","contentUrl":"https:\/\/brouns.eu\/wp-content\/uploads\/2024\/04\/Brouns-_-co-Logo-no-linseed-paint-oil.png","width":650,"height":60,"caption":"Brouns &amp; Co EU"},"image":{"@id":"https:\/\/brouns.eu\/de\/#\/schema\/logo\/image\/"}}]}},"_links":{"self":[{"href":"https:\/\/brouns.eu\/de\/wp-json\/wp\/v2\/product\/20100","targetHints":{"allow":["GET"]}}],"collection":[{"href":"https:\/\/brouns.eu\/de\/wp-json\/wp\/v2\/product"}],"about":[{"href":"https:\/\/brouns.eu\/de\/wp-json\/wp\/v2\/types\/product"}],"replies":[{"embeddable":true,"href":"https:\/\/brouns.eu\/de\/wp-json\/wp\/v2\/comments?post=20100"}],"version-history":[{"count":0,"href":"https:\/\/brouns.eu\/de\/wp-json\/wp\/v2\/product\/20100\/revisions"}],"wp:featuredmedia":[{"embeddable":true,"href":"https:\/\/brouns.eu\/de\/wp-json\/wp\/v2\/media\/20101"}],"wp:attachment":[{"href":"https:\/\/brouns.eu\/de\/wp-json\/wp\/v2\/media?parent=20100"}],"wp:term":[{"taxonomy":"product_brand","embeddable":true,"href":"https:\/\/brouns.eu\/de\/wp-json\/wp\/v2\/product_brand?post=20100"},{"taxonomy":"product_cat","embeddable":true,"href":"https:\/\/brouns.eu\/de\/wp-json\/wp\/v2\/product_cat?post=20100"},{"taxonomy":"product_tag","embeddable":true,"href":"https:\/\/brouns.eu\/de\/wp-json\/wp\/v2\/product_tag?post=20100"}],"curies":[{"name":"wp","href":"https:\/\/api.w.org\/{rel}","templated":true}]}}