{"id":20098,"date":"2024-10-29T21:27:28","date_gmt":"2024-10-29T21:27:28","guid":{"rendered":"https:\/\/brouns.eu\/product\/unkategorisiert\/aussenbereich-sortiment-gedruckte-leinoelfarben-farbkarte\/"},"modified":"2024-10-29T21:27:28","modified_gmt":"2024-10-29T21:27:28","slug":"aussenbereich-sortiment-gedruckte-leinoelfarben-farbkarte","status":"publish","type":"product","link":"https:\/\/brouns.eu\/de\/product\/farbkarten\/aussenbereich-sortiment-gedruckte-leinoelfarben-farbkarte\/","title":{"rendered":"Au\u00dfenbereich-Sortiment &#8211; Gedruckte Lein\u00f6lfarben-Farbkarte"},"content":{"rendered":"","protected":false},"excerpt":{"rendered":"<p>Wenn Sie sich einen \u00dcberblick \u00fcber unser Angebot an Au\u00dfenfarben verschaffen m\u00f6chten, sind Sie hier genau richtig. Die Farben sind gedruckt und geben einen guten \u00dcberblick \u00fcber die Vielfalt unserer Lagerfarben. Ben\u00f6tigen Sie eine Farbkarte, um sich f\u00fcr eine konkrete Farbe zu entscheiden? Dann lohnt sich die Investition in eine handgemalte Farbkarte. Oder probieren Sie einen unserer Mustert\u00f6pfe aus, die Sie optional in jeder Farbe aus unserem Sortiment bestellen k\u00f6nnen.   <\/p>\n","protected":false},"featured_media":20099,"comment_status":"closed","ping_status":"closed","template":"","meta":{"_acf_changed":false,"site-sidebar-layout":"default","site-content-layout":"","ast-site-content-layout":"default","site-content-style":"default","site-sidebar-style":"default","ast-global-header-display":"","ast-banner-title-visibility":"","ast-main-header-display":"","ast-hfb-above-header-display":"","ast-hfb-below-header-display":"","ast-hfb-mobile-header-display":"","site-post-title":"","ast-breadcrumbs-content":"","ast-featured-img":"","footer-sml-layout":"","ast-disable-related-posts":"","theme-transparent-header-meta":"default","adv-header-id-meta":"","stick-header-meta":"default","header-above-stick-meta":"","header-main-stick-meta":"","header-below-stick-meta":"","astra-migrate-meta-layouts":"default","ast-page-background-enabled":"default","ast-page-background-meta":{"desktop":{"background-color":"","background-image":"","background-repeat":"repeat","background-position":"center center","background-size":"auto","background-attachment":"scroll","background-type":"","background-media":"","overlay-type":"","overlay-color":"","overlay-opacity":"","overlay-gradient":""},"tablet":{"background-color":"","background-image":"","background-repeat":"repeat","background-position":"center center","background-size":"auto","background-attachment":"scroll","background-type":"","background-media":"","overlay-type":"","overlay-color":"","overlay-opacity":"","overlay-gradient":""},"mobile":{"background-color":"","background-image":"","background-repeat":"repeat","background-position":"center center","background-size":"auto","background-attachment":"scroll","background-type":"","background-media":"","overlay-type":"","overlay-color":"","overlay-opacity":"","overlay-gradient":""}},"ast-content-background-meta":{"desktop":{"background-color":"var(--ast-global-color-5)","background-image":"","background-repeat":"repeat","background-position":"center center","background-size":"auto","background-attachment":"scroll","background-type":"","background-media":"","overlay-type":"","overlay-color":"","overlay-opacity":"","overlay-gradient":""},"tablet":{"background-color":"var(--ast-global-color-5)","background-image":"","background-repeat":"repeat","background-position":"center center","background-size":"auto","background-attachment":"scroll","background-type":"","background-media":"","overlay-type":"","overlay-color":"","overlay-opacity":"","overlay-gradient":""},"mobile":{"background-color":"var(--ast-global-color-5)","background-image":"","background-repeat":"repeat","background-position":"center center","background-size":"auto","background-attachment":"scroll","background-type":"","background-media":"","overlay-type":"","overlay-color":"","overlay-opacity":"","overlay-gradient":""}},"ngg_post_thumbnail":0},"product_brand":[],"product_cat":[399],"product_tag":[],"class_list":{"0":"post-20098","1":"product","2":"type-product","3":"status-publish","4":"has-post-thumbnail","6":"product_cat-farbkarten","7":"pa_size-standard","8":"desktop-align-center","9":"tablet-align-center","10":"mobile-align-center","11":"ast-product-gallery-layout-horizontal","12":"ast-product-gallery-with-no-image","13":"ast-product-tabs-layout-horizontal","14":"ast-qv-on-image","16":"first","17":"outofstock","18":"taxable","19":"shipping-taxable","20":"purchasable","21":"product-type-simple"},"acf":[],"yoast_head":"<!-- This site is optimized with the Yoast SEO plugin v27.4 - https:\/\/yoast.com\/product\/yoast-seo-wordpress\/ -->\n<title>Au\u00dfenbereich-Sortiment - Gedruckte Lein\u00f6lfarben-Farbkarte - Brouns &amp; Co EU<\/title>\n<meta name=\"robots\" content=\"index, follow, max-snippet:-1, max-image-preview:large, max-video-preview:-1\" \/>\n<link rel=\"canonical\" href=\"https:\/\/brouns.eu\/de\/product\/farbkarten\/aussenbereich-sortiment-gedruckte-leinoelfarben-farbkarte\/\" \/>\n<meta property=\"og:locale\" content=\"de_DE\" \/>\n<meta property=\"og:type\" content=\"article\" \/>\n<meta property=\"og:title\" content=\"Au\u00dfenbereich-Sortiment - Gedruckte Lein\u00f6lfarben-Farbkarte - Brouns &amp; Co EU\" \/>\n<meta property=\"og:description\" content=\"Wenn Sie sich einen \u00dcberblick \u00fcber unser Angebot an Au\u00dfenfarben verschaffen m\u00f6chten, sind Sie hier genau richtig. Die Farben sind gedruckt und geben einen guten \u00dcberblick \u00fcber die Vielfalt unserer Lagerfarben. Ben\u00f6tigen Sie eine Farbkarte, um sich f\u00fcr eine konkrete Farbe zu entscheiden? Dann lohnt sich die Investition in eine handgemalte Farbkarte. Oder probieren Sie einen unserer Mustert\u00f6pfe aus, die Sie optional in jeder Farbe aus unserem Sortiment bestellen k\u00f6nnen.\" \/>\n<meta property=\"og:url\" content=\"https:\/\/brouns.eu\/de\/product\/farbkarten\/aussenbereich-sortiment-gedruckte-leinoelfarben-farbkarte\/\" \/>\n<meta property=\"og:site_name\" content=\"Brouns &amp; Co EU\" \/>\n<meta property=\"og:image\" content=\"https:\/\/brouns.eu\/wp-content\/uploads\/2024\/10\/Brouns_Products_Exterior_Range_Colour_Card_Printed_web__54011.jpg\" \/>\n\t<meta property=\"og:image:width\" content=\"800\" \/>\n\t<meta property=\"og:image:height\" content=\"800\" \/>\n\t<meta property=\"og:image:type\" content=\"image\/jpeg\" \/>\n<meta name=\"twitter:card\" content=\"summary_large_image\" \/>\n<script type=\"application\/ld+json\" class=\"yoast-schema-graph\">{\"@context\":\"https:\\\/\\\/schema.org\",\"@graph\":[{\"@type\":\"WebPage\",\"@id\":\"https:\\\/\\\/brouns.eu\\\/de\\\/product\\\/farbkarten\\\/aussenbereich-sortiment-gedruckte-leinoelfarben-farbkarte\\\/\",\"url\":\"https:\\\/\\\/brouns.eu\\\/de\\\/product\\\/farbkarten\\\/aussenbereich-sortiment-gedruckte-leinoelfarben-farbkarte\\\/\",\"name\":\"Au\u00dfenbereich-Sortiment - Gedruckte Lein\u00f6lfarben-Farbkarte - Brouns &amp; Co EU\",\"isPartOf\":{\"@id\":\"https:\\\/\\\/brouns.eu\\\/de\\\/#website\"},\"primaryImageOfPage\":{\"@id\":\"https:\\\/\\\/brouns.eu\\\/de\\\/product\\\/farbkarten\\\/aussenbereich-sortiment-gedruckte-leinoelfarben-farbkarte\\\/#primaryimage\"},\"image\":{\"@id\":\"https:\\\/\\\/brouns.eu\\\/de\\\/product\\\/farbkarten\\\/aussenbereich-sortiment-gedruckte-leinoelfarben-farbkarte\\\/#primaryimage\"},\"thumbnailUrl\":\"https:\\\/\\\/brouns.eu\\\/wp-content\\\/uploads\\\/2024\\\/10\\\/Brouns_Products_Exterior_Range_Colour_Card_Printed_web__54011.jpg\",\"datePublished\":\"2024-10-29T21:27:28+00:00\",\"breadcrumb\":{\"@id\":\"https:\\\/\\\/brouns.eu\\\/de\\\/product\\\/farbkarten\\\/aussenbereich-sortiment-gedruckte-leinoelfarben-farbkarte\\\/#breadcrumb\"},\"inLanguage\":\"de\",\"potentialAction\":[{\"@type\":\"ReadAction\",\"target\":[\"https:\\\/\\\/brouns.eu\\\/de\\\/product\\\/farbkarten\\\/aussenbereich-sortiment-gedruckte-leinoelfarben-farbkarte\\\/\"]}]},{\"@type\":\"ImageObject\",\"inLanguage\":\"de\",\"@id\":\"https:\\\/\\\/brouns.eu\\\/de\\\/product\\\/farbkarten\\\/aussenbereich-sortiment-gedruckte-leinoelfarben-farbkarte\\\/#primaryimage\",\"url\":\"https:\\\/\\\/brouns.eu\\\/wp-content\\\/uploads\\\/2024\\\/10\\\/Brouns_Products_Exterior_Range_Colour_Card_Printed_web__54011.jpg\",\"contentUrl\":\"https:\\\/\\\/brouns.eu\\\/wp-content\\\/uploads\\\/2024\\\/10\\\/Brouns_Products_Exterior_Range_Colour_Card_Printed_web__54011.jpg\",\"width\":800,\"height\":800},{\"@type\":\"BreadcrumbList\",\"@id\":\"https:\\\/\\\/brouns.eu\\\/de\\\/product\\\/farbkarten\\\/aussenbereich-sortiment-gedruckte-leinoelfarben-farbkarte\\\/#breadcrumb\",\"itemListElement\":[{\"@type\":\"ListItem\",\"position\":1,\"name\":\"Home\",\"item\":\"https:\\\/\\\/brouns.eu\\\/de\\\/\"},{\"@type\":\"ListItem\",\"position\":2,\"name\":\"Gesch\u00e4ft\",\"item\":\"https:\\\/\\\/brouns.eu\\\/geschaeft\\\/\"},{\"@type\":\"ListItem\",\"position\":3,\"name\":\"Au\u00dfenbereich-Sortiment &#8211; Gedruckte Lein\u00f6lfarben-Farbkarte\"}]},{\"@type\":\"WebSite\",\"@id\":\"https:\\\/\\\/brouns.eu\\\/de\\\/#website\",\"url\":\"https:\\\/\\\/brouns.eu\\\/de\\\/\",\"name\":\"Brouns &amp; Co EU\",\"description\":\"\",\"publisher\":{\"@id\":\"https:\\\/\\\/brouns.eu\\\/de\\\/#organization\"},\"potentialAction\":[{\"@type\":\"SearchAction\",\"target\":{\"@type\":\"EntryPoint\",\"urlTemplate\":\"https:\\\/\\\/brouns.eu\\\/de\\\/?s={search_term_string}\"},\"query-input\":{\"@type\":\"PropertyValueSpecification\",\"valueRequired\":true,\"valueName\":\"search_term_string\"}}],\"inLanguage\":\"de\"},{\"@type\":\"Organization\",\"@id\":\"https:\\\/\\\/brouns.eu\\\/de\\\/#organization\",\"name\":\"Brouns &amp; Co EU\",\"url\":\"https:\\\/\\\/brouns.eu\\\/de\\\/\",\"logo\":{\"@type\":\"ImageObject\",\"inLanguage\":\"de\",\"@id\":\"https:\\\/\\\/brouns.eu\\\/de\\\/#\\\/schema\\\/logo\\\/image\\\/\",\"url\":\"https:\\\/\\\/brouns.eu\\\/wp-content\\\/uploads\\\/2024\\\/04\\\/Brouns-_-co-Logo-no-linseed-paint-oil.png\",\"contentUrl\":\"https:\\\/\\\/brouns.eu\\\/wp-content\\\/uploads\\\/2024\\\/04\\\/Brouns-_-co-Logo-no-linseed-paint-oil.png\",\"width\":650,\"height\":60,\"caption\":\"Brouns &amp; Co EU\"},\"image\":{\"@id\":\"https:\\\/\\\/brouns.eu\\\/de\\\/#\\\/schema\\\/logo\\\/image\\\/\"}}]}<\/script>\n<!-- \/ Yoast SEO plugin. -->","yoast_head_json":{"title":"Au\u00dfenbereich-Sortiment - Gedruckte Lein\u00f6lfarben-Farbkarte - Brouns &amp; Co EU","robots":{"index":"index","follow":"follow","max-snippet":"max-snippet:-1","max-image-preview":"max-image-preview:large","max-video-preview":"max-video-preview:-1"},"canonical":"https:\/\/brouns.eu\/de\/product\/farbkarten\/aussenbereich-sortiment-gedruckte-leinoelfarben-farbkarte\/","og_locale":"de_DE","og_type":"article","og_title":"Au\u00dfenbereich-Sortiment - Gedruckte Lein\u00f6lfarben-Farbkarte - Brouns &amp; Co EU","og_description":"Wenn Sie sich einen \u00dcberblick \u00fcber unser Angebot an Au\u00dfenfarben verschaffen m\u00f6chten, sind Sie hier genau richtig. Die Farben sind gedruckt und geben einen guten \u00dcberblick \u00fcber die Vielfalt unserer Lagerfarben. Ben\u00f6tigen Sie eine Farbkarte, um sich f\u00fcr eine konkrete Farbe zu entscheiden? Dann lohnt sich die Investition in eine handgemalte Farbkarte. Oder probieren Sie einen unserer Mustert\u00f6pfe aus, die Sie optional in jeder Farbe aus unserem Sortiment bestellen k\u00f6nnen.","og_url":"https:\/\/brouns.eu\/de\/product\/farbkarten\/aussenbereich-sortiment-gedruckte-leinoelfarben-farbkarte\/","og_site_name":"Brouns &amp; Co EU","og_image":[{"width":800,"height":800,"url":"https:\/\/brouns.eu\/wp-content\/uploads\/2024\/10\/Brouns_Products_Exterior_Range_Colour_Card_Printed_web__54011.jpg","type":"image\/jpeg"}],"twitter_card":"summary_large_image","schema":{"@context":"https:\/\/schema.org","@graph":[{"@type":"WebPage","@id":"https:\/\/brouns.eu\/de\/product\/farbkarten\/aussenbereich-sortiment-gedruckte-leinoelfarben-farbkarte\/","url":"https:\/\/brouns.eu\/de\/product\/farbkarten\/aussenbereich-sortiment-gedruckte-leinoelfarben-farbkarte\/","name":"Au\u00dfenbereich-Sortiment - Gedruckte Lein\u00f6lfarben-Farbkarte - Brouns &amp; Co EU","isPartOf":{"@id":"https:\/\/brouns.eu\/de\/#website"},"primaryImageOfPage":{"@id":"https:\/\/brouns.eu\/de\/product\/farbkarten\/aussenbereich-sortiment-gedruckte-leinoelfarben-farbkarte\/#primaryimage"},"image":{"@id":"https:\/\/brouns.eu\/de\/product\/farbkarten\/aussenbereich-sortiment-gedruckte-leinoelfarben-farbkarte\/#primaryimage"},"thumbnailUrl":"https:\/\/brouns.eu\/wp-content\/uploads\/2024\/10\/Brouns_Products_Exterior_Range_Colour_Card_Printed_web__54011.jpg","datePublished":"2024-10-29T21:27:28+00:00","breadcrumb":{"@id":"https:\/\/brouns.eu\/de\/product\/farbkarten\/aussenbereich-sortiment-gedruckte-leinoelfarben-farbkarte\/#breadcrumb"},"inLanguage":"de","potentialAction":[{"@type":"ReadAction","target":["https:\/\/brouns.eu\/de\/product\/farbkarten\/aussenbereich-sortiment-gedruckte-leinoelfarben-farbkarte\/"]}]},{"@type":"ImageObject","inLanguage":"de","@id":"https:\/\/brouns.eu\/de\/product\/farbkarten\/aussenbereich-sortiment-gedruckte-leinoelfarben-farbkarte\/#primaryimage","url":"https:\/\/brouns.eu\/wp-content\/uploads\/2024\/10\/Brouns_Products_Exterior_Range_Colour_Card_Printed_web__54011.jpg","contentUrl":"https:\/\/brouns.eu\/wp-content\/uploads\/2024\/10\/Brouns_Products_Exterior_Range_Colour_Card_Printed_web__54011.jpg","width":800,"height":800},{"@type":"BreadcrumbList","@id":"https:\/\/brouns.eu\/de\/product\/farbkarten\/aussenbereich-sortiment-gedruckte-leinoelfarben-farbkarte\/#breadcrumb","itemListElement":[{"@type":"ListItem","position":1,"name":"Home","item":"https:\/\/brouns.eu\/de\/"},{"@type":"ListItem","position":2,"name":"Gesch\u00e4ft","item":"https:\/\/brouns.eu\/geschaeft\/"},{"@type":"ListItem","position":3,"name":"Au\u00dfenbereich-Sortiment &#8211; Gedruckte Lein\u00f6lfarben-Farbkarte"}]},{"@type":"WebSite","@id":"https:\/\/brouns.eu\/de\/#website","url":"https:\/\/brouns.eu\/de\/","name":"Brouns &amp; Co EU","description":"","publisher":{"@id":"https:\/\/brouns.eu\/de\/#organization"},"potentialAction":[{"@type":"SearchAction","target":{"@type":"EntryPoint","urlTemplate":"https:\/\/brouns.eu\/de\/?s={search_term_string}"},"query-input":{"@type":"PropertyValueSpecification","valueRequired":true,"valueName":"search_term_string"}}],"inLanguage":"de"},{"@type":"Organization","@id":"https:\/\/brouns.eu\/de\/#organization","name":"Brouns &amp; Co EU","url":"https:\/\/brouns.eu\/de\/","logo":{"@type":"ImageObject","inLanguage":"de","@id":"https:\/\/brouns.eu\/de\/#\/schema\/logo\/image\/","url":"https:\/\/brouns.eu\/wp-content\/uploads\/2024\/04\/Brouns-_-co-Logo-no-linseed-paint-oil.png","contentUrl":"https:\/\/brouns.eu\/wp-content\/uploads\/2024\/04\/Brouns-_-co-Logo-no-linseed-paint-oil.png","width":650,"height":60,"caption":"Brouns &amp; Co EU"},"image":{"@id":"https:\/\/brouns.eu\/de\/#\/schema\/logo\/image\/"}}]}},"_links":{"self":[{"href":"https:\/\/brouns.eu\/de\/wp-json\/wp\/v2\/product\/20098","targetHints":{"allow":["GET"]}}],"collection":[{"href":"https:\/\/brouns.eu\/de\/wp-json\/wp\/v2\/product"}],"about":[{"href":"https:\/\/brouns.eu\/de\/wp-json\/wp\/v2\/types\/product"}],"replies":[{"embeddable":true,"href":"https:\/\/brouns.eu\/de\/wp-json\/wp\/v2\/comments?post=20098"}],"version-history":[{"count":0,"href":"https:\/\/brouns.eu\/de\/wp-json\/wp\/v2\/product\/20098\/revisions"}],"wp:featuredmedia":[{"embeddable":true,"href":"https:\/\/brouns.eu\/de\/wp-json\/wp\/v2\/media\/20099"}],"wp:attachment":[{"href":"https:\/\/brouns.eu\/de\/wp-json\/wp\/v2\/media?parent=20098"}],"wp:term":[{"taxonomy":"product_brand","embeddable":true,"href":"https:\/\/brouns.eu\/de\/wp-json\/wp\/v2\/product_brand?post=20098"},{"taxonomy":"product_cat","embeddable":true,"href":"https:\/\/brouns.eu\/de\/wp-json\/wp\/v2\/product_cat?post=20098"},{"taxonomy":"product_tag","embeddable":true,"href":"https:\/\/brouns.eu\/de\/wp-json\/wp\/v2\/product_tag?post=20098"}],"curies":[{"name":"wp","href":"https:\/\/api.w.org\/{rel}","templated":true}]}}