{"id":20093,"date":"2024-10-29T21:27:08","date_gmt":"2024-10-29T21:27:08","guid":{"rendered":"https:\/\/brouns.eu\/product\/unkategorisiert\/buch-leinoel-und-leinsamenfarbe-von-michiel-brouns\/"},"modified":"2025-11-12T11:39:34","modified_gmt":"2025-11-12T11:39:34","slug":"linseed-paint-and-oil-by-michiel-brouns","status":"publish","type":"product","link":"https:\/\/brouns.eu\/de\/product\/bucher\/linseed-paint-and-oil-by-michiel-brouns\/","title":{"rendered":"Linseed Paint and Oil by Michiel Brouns"},"content":{"rendered":"","protected":false},"excerpt":{"rendered":"<p><strong>JETZT AUF LAGER!!<\/strong><\/p>\n<p>Lein\u00f6lfarbe sch\u00fctzte Holz und Eisen \u00fcber Jahrhunderte. Seit dem Aufkommen petrochemischer Farben hat die Industrie jedoch den Wert traditioneller Alternativen weitgehend vergessen. Dieses Buch bietet Architekten, professionellen Dekorateuren, Restauratoren und Heimwerkern einen Einblick in die Vorteile von Lein\u00f6lfarbe.<\/p>\n<p>Es wurde von unserem Gr\u00fcnder und CEO Michiel Brouns verfasst und beschreibt detailliert die einzigartige Rolle, die Leinsamenfarbe bei der Erhaltung historischer Geb\u00e4ude spielt. Unter anderem wird darin Folgendes erl\u00e4utert: Was Leinsamenfarbe ist, was ihre Inhaltsstoffe sind und wie sie hergestellt wird; die Vorteile von Leinsamenfarbe und ihre Funktionsweise auf molekularer Ebene; wie Leinsamenfarbe eine entscheidende Rolle bei der Reduzierung von Mikroplastik und der nachhaltigeren Gestaltung der Bau- und Restaurierungsbranche spielen kann; au\u00dferdem enth\u00e4lt es detaillierte Schritt-f\u00fcr-Schritt-Anleitungen zum Auftragen von Leinsamenfarbe auf verschiedene Oberfl\u00e4chen.<\/p>\n","protected":false},"featured_media":20094,"comment_status":"closed","ping_status":"closed","template":"","meta":{"_acf_changed":false,"site-sidebar-layout":"default","site-content-layout":"","ast-site-content-layout":"default","site-content-style":"default","site-sidebar-style":"default","ast-global-header-display":"","ast-banner-title-visibility":"","ast-main-header-display":"","ast-hfb-above-header-display":"","ast-hfb-below-header-display":"","ast-hfb-mobile-header-display":"","site-post-title":"","ast-breadcrumbs-content":"","ast-featured-img":"","footer-sml-layout":"","ast-disable-related-posts":"","theme-transparent-header-meta":"default","adv-header-id-meta":"","stick-header-meta":"default","header-above-stick-meta":"","header-main-stick-meta":"","header-below-stick-meta":"","astra-migrate-meta-layouts":"set","ast-page-background-enabled":"default","ast-page-background-meta":{"desktop":{"background-color":"","background-image":"","background-repeat":"repeat","background-position":"center center","background-size":"auto","background-attachment":"scroll","background-type":"","background-media":"","overlay-type":"","overlay-color":"","overlay-opacity":"","overlay-gradient":""},"tablet":{"background-color":"","background-image":"","background-repeat":"repeat","background-position":"center center","background-size":"auto","background-attachment":"scroll","background-type":"","background-media":"","overlay-type":"","overlay-color":"","overlay-opacity":"","overlay-gradient":""},"mobile":{"background-color":"","background-image":"","background-repeat":"repeat","background-position":"center center","background-size":"auto","background-attachment":"scroll","background-type":"","background-media":"","overlay-type":"","overlay-color":"","overlay-opacity":"","overlay-gradient":""}},"ast-content-background-meta":{"desktop":{"background-color":"var(--ast-global-color-5)","background-image":"","background-repeat":"repeat","background-position":"center center","background-size":"auto","background-attachment":"scroll","background-type":"","background-media":"","overlay-type":"","overlay-color":"","overlay-opacity":"","overlay-gradient":""},"tablet":{"background-color":"var(--ast-global-color-5)","background-image":"","background-repeat":"repeat","background-position":"center center","background-size":"auto","background-attachment":"scroll","background-type":"","background-media":"","overlay-type":"","overlay-color":"","overlay-opacity":"","overlay-gradient":""},"mobile":{"background-color":"var(--ast-global-color-5)","background-image":"","background-repeat":"repeat","background-position":"center center","background-size":"auto","background-attachment":"scroll","background-type":"","background-media":"","overlay-type":"","overlay-color":"","overlay-opacity":"","overlay-gradient":""}},"ngg_post_thumbnail":0},"product_brand":[],"product_cat":[397],"product_tag":[],"class_list":{"0":"post-20093","1":"product","2":"type-product","3":"status-publish","4":"has-post-thumbnail","6":"product_cat-bucher","7":"product_shipping_class-book","8":"pa_size-standard","9":"desktop-align-center","10":"tablet-align-center","11":"mobile-align-center","12":"ast-product-gallery-layout-horizontal","13":"ast-product-tabs-layout-horizontal","14":"ast-qv-on-image","16":"first","17":"instock","18":"taxable","19":"shipping-taxable","20":"purchasable","21":"product-type-simple"},"acf":[],"yoast_head":"<!-- This site is optimized with the Yoast SEO plugin v27.4 - https:\/\/yoast.com\/product\/yoast-seo-wordpress\/ -->\n<title>Linseed Paint and Oil by Michiel Brouns - Brouns &amp; Co EU<\/title>\n<meta name=\"robots\" content=\"index, nofollow, max-video-preview:-1, noimageindex, noarchive, nosnippet\" \/>\n<link rel=\"canonical\" href=\"https:\/\/brouns.eu\/de\/product\/bucher\/linseed-paint-and-oil-by-michiel-brouns\/\" \/>\n<meta property=\"og:locale\" content=\"de_DE\" \/>\n<meta property=\"og:type\" content=\"article\" \/>\n<meta property=\"og:title\" content=\"Linseed Paint and Oil by Michiel Brouns - Brouns &amp; Co EU\" \/>\n<meta property=\"og:description\" content=\"JETZT AUF LAGER!!  Lein\u00f6lfarbe sch\u00fctzte Holz und Eisen \u00fcber Jahrhunderte. Seit dem Aufkommen petrochemischer Farben hat die Industrie jedoch den Wert traditioneller Alternativen weitgehend vergessen. Dieses Buch bietet Architekten, professionellen Dekorateuren, Restauratoren und Heimwerkern einen Einblick in die Vorteile von Lein\u00f6lfarbe.  Es wurde von unserem Gr\u00fcnder und CEO Michiel Brouns verfasst und beschreibt detailliert die einzigartige Rolle, die Leinsamenfarbe bei der Erhaltung historischer Geb\u00e4ude spielt. Unter anderem wird darin Folgendes erl\u00e4utert: Was Leinsamenfarbe ist, was ihre Inhaltsstoffe sind und wie sie hergestellt wird; die Vorteile von Leinsamenfarbe und ihre Funktionsweise auf molekularer Ebene; wie Leinsamenfarbe eine entscheidende Rolle bei der Reduzierung von Mikroplastik und der nachhaltigeren Gestaltung der Bau- und Restaurierungsbranche spielen kann; au\u00dferdem enth\u00e4lt es detaillierte Schritt-f\u00fcr-Schritt-Anleitungen zum Auftragen von Leinsamenfarbe auf verschiedene Oberfl\u00e4chen.\" \/>\n<meta property=\"og:url\" content=\"https:\/\/brouns.eu\/de\/product\/bucher\/linseed-paint-and-oil-by-michiel-brouns\/\" \/>\n<meta property=\"og:site_name\" content=\"Brouns &amp; Co EU\" \/>\n<meta property=\"article:modified_time\" content=\"2025-11-12T11:39:34+00:00\" \/>\n<meta property=\"og:image\" content=\"https:\/\/brouns.eu\/wp-content\/uploads\/2024\/10\/LinseedPaintandOil_web_1000.jpg\" \/>\n\t<meta property=\"og:image:width\" content=\"611\" \/>\n\t<meta property=\"og:image:height\" content=\"800\" \/>\n\t<meta property=\"og:image:type\" content=\"image\/jpeg\" \/>\n<meta name=\"twitter:card\" content=\"summary_large_image\" \/>\n<meta name=\"twitter:label1\" content=\"Gesch\u00e4tzte Lesezeit\" \/>\n\t<meta name=\"twitter:data1\" content=\"1\u00a0Minute\" \/>\n<script type=\"application\/ld+json\" class=\"yoast-schema-graph\">{\"@context\":\"https:\\\/\\\/schema.org\",\"@graph\":[{\"@type\":\"WebPage\",\"@id\":\"https:\\\/\\\/brouns.eu\\\/de\\\/product\\\/bucher\\\/linseed-paint-and-oil-by-michiel-brouns\\\/\",\"url\":\"https:\\\/\\\/brouns.eu\\\/de\\\/product\\\/bucher\\\/linseed-paint-and-oil-by-michiel-brouns\\\/\",\"name\":\"Linseed Paint and Oil by Michiel Brouns - Brouns &amp; Co EU\",\"isPartOf\":{\"@id\":\"https:\\\/\\\/brouns.eu\\\/de\\\/#website\"},\"primaryImageOfPage\":{\"@id\":\"https:\\\/\\\/brouns.eu\\\/de\\\/product\\\/bucher\\\/linseed-paint-and-oil-by-michiel-brouns\\\/#primaryimage\"},\"image\":{\"@id\":\"https:\\\/\\\/brouns.eu\\\/de\\\/product\\\/bucher\\\/linseed-paint-and-oil-by-michiel-brouns\\\/#primaryimage\"},\"thumbnailUrl\":\"https:\\\/\\\/brouns.eu\\\/wp-content\\\/uploads\\\/2024\\\/10\\\/LinseedPaintandOil_web_1000.jpg\",\"datePublished\":\"2024-10-29T21:27:08+00:00\",\"dateModified\":\"2025-11-12T11:39:34+00:00\",\"breadcrumb\":{\"@id\":\"https:\\\/\\\/brouns.eu\\\/de\\\/product\\\/bucher\\\/linseed-paint-and-oil-by-michiel-brouns\\\/#breadcrumb\"},\"inLanguage\":\"de\",\"potentialAction\":[{\"@type\":\"ReadAction\",\"target\":[\"https:\\\/\\\/brouns.eu\\\/de\\\/product\\\/bucher\\\/linseed-paint-and-oil-by-michiel-brouns\\\/\"]}]},{\"@type\":\"ImageObject\",\"inLanguage\":\"de\",\"@id\":\"https:\\\/\\\/brouns.eu\\\/de\\\/product\\\/bucher\\\/linseed-paint-and-oil-by-michiel-brouns\\\/#primaryimage\",\"url\":\"https:\\\/\\\/brouns.eu\\\/wp-content\\\/uploads\\\/2024\\\/10\\\/LinseedPaintandOil_web_1000.jpg\",\"contentUrl\":\"https:\\\/\\\/brouns.eu\\\/wp-content\\\/uploads\\\/2024\\\/10\\\/LinseedPaintandOil_web_1000.jpg\",\"width\":611,\"height\":800},{\"@type\":\"BreadcrumbList\",\"@id\":\"https:\\\/\\\/brouns.eu\\\/de\\\/product\\\/bucher\\\/linseed-paint-and-oil-by-michiel-brouns\\\/#breadcrumb\",\"itemListElement\":[{\"@type\":\"ListItem\",\"position\":1,\"name\":\"Home\",\"item\":\"https:\\\/\\\/brouns.eu\\\/de\\\/\"},{\"@type\":\"ListItem\",\"position\":2,\"name\":\"Gesch\u00e4ft\",\"item\":\"https:\\\/\\\/brouns.eu\\\/geschaeft\\\/\"},{\"@type\":\"ListItem\",\"position\":3,\"name\":\"Linseed Paint and Oil by Michiel Brouns\"}]},{\"@type\":\"WebSite\",\"@id\":\"https:\\\/\\\/brouns.eu\\\/de\\\/#website\",\"url\":\"https:\\\/\\\/brouns.eu\\\/de\\\/\",\"name\":\"Brouns &amp; Co EU\",\"description\":\"\",\"publisher\":{\"@id\":\"https:\\\/\\\/brouns.eu\\\/de\\\/#organization\"},\"potentialAction\":[{\"@type\":\"SearchAction\",\"target\":{\"@type\":\"EntryPoint\",\"urlTemplate\":\"https:\\\/\\\/brouns.eu\\\/de\\\/?s={search_term_string}\"},\"query-input\":{\"@type\":\"PropertyValueSpecification\",\"valueRequired\":true,\"valueName\":\"search_term_string\"}}],\"inLanguage\":\"de\"},{\"@type\":\"Organization\",\"@id\":\"https:\\\/\\\/brouns.eu\\\/de\\\/#organization\",\"name\":\"Brouns &amp; Co EU\",\"url\":\"https:\\\/\\\/brouns.eu\\\/de\\\/\",\"logo\":{\"@type\":\"ImageObject\",\"inLanguage\":\"de\",\"@id\":\"https:\\\/\\\/brouns.eu\\\/de\\\/#\\\/schema\\\/logo\\\/image\\\/\",\"url\":\"https:\\\/\\\/brouns.eu\\\/wp-content\\\/uploads\\\/2024\\\/04\\\/Brouns-_-co-Logo-no-linseed-paint-oil.png\",\"contentUrl\":\"https:\\\/\\\/brouns.eu\\\/wp-content\\\/uploads\\\/2024\\\/04\\\/Brouns-_-co-Logo-no-linseed-paint-oil.png\",\"width\":650,\"height\":60,\"caption\":\"Brouns &amp; Co EU\"},\"image\":{\"@id\":\"https:\\\/\\\/brouns.eu\\\/de\\\/#\\\/schema\\\/logo\\\/image\\\/\"}}]}<\/script>\n<!-- \/ Yoast SEO plugin. -->","yoast_head_json":{"title":"Linseed Paint and Oil by Michiel Brouns - Brouns &amp; Co EU","robots":{"index":"index","follow":"nofollow","max-video-preview":"max-video-preview:-1","imageindex":"noimageindex","archive":"noarchive","snippet":"nosnippet"},"canonical":"https:\/\/brouns.eu\/de\/product\/bucher\/linseed-paint-and-oil-by-michiel-brouns\/","og_locale":"de_DE","og_type":"article","og_title":"Linseed Paint and Oil by Michiel Brouns - Brouns &amp; Co EU","og_description":"JETZT AUF LAGER!!  Lein\u00f6lfarbe sch\u00fctzte Holz und Eisen \u00fcber Jahrhunderte. Seit dem Aufkommen petrochemischer Farben hat die Industrie jedoch den Wert traditioneller Alternativen weitgehend vergessen. Dieses Buch bietet Architekten, professionellen Dekorateuren, Restauratoren und Heimwerkern einen Einblick in die Vorteile von Lein\u00f6lfarbe.  Es wurde von unserem Gr\u00fcnder und CEO Michiel Brouns verfasst und beschreibt detailliert die einzigartige Rolle, die Leinsamenfarbe bei der Erhaltung historischer Geb\u00e4ude spielt. Unter anderem wird darin Folgendes erl\u00e4utert: Was Leinsamenfarbe ist, was ihre Inhaltsstoffe sind und wie sie hergestellt wird; die Vorteile von Leinsamenfarbe und ihre Funktionsweise auf molekularer Ebene; wie Leinsamenfarbe eine entscheidende Rolle bei der Reduzierung von Mikroplastik und der nachhaltigeren Gestaltung der Bau- und Restaurierungsbranche spielen kann; au\u00dferdem enth\u00e4lt es detaillierte Schritt-f\u00fcr-Schritt-Anleitungen zum Auftragen von Leinsamenfarbe auf verschiedene Oberfl\u00e4chen.","og_url":"https:\/\/brouns.eu\/de\/product\/bucher\/linseed-paint-and-oil-by-michiel-brouns\/","og_site_name":"Brouns &amp; Co EU","article_modified_time":"2025-11-12T11:39:34+00:00","og_image":[{"width":611,"height":800,"url":"https:\/\/brouns.eu\/wp-content\/uploads\/2024\/10\/LinseedPaintandOil_web_1000.jpg","type":"image\/jpeg"}],"twitter_card":"summary_large_image","twitter_misc":{"Gesch\u00e4tzte Lesezeit":"1\u00a0Minute"},"schema":{"@context":"https:\/\/schema.org","@graph":[{"@type":"WebPage","@id":"https:\/\/brouns.eu\/de\/product\/bucher\/linseed-paint-and-oil-by-michiel-brouns\/","url":"https:\/\/brouns.eu\/de\/product\/bucher\/linseed-paint-and-oil-by-michiel-brouns\/","name":"Linseed Paint and Oil by Michiel Brouns - Brouns &amp; Co EU","isPartOf":{"@id":"https:\/\/brouns.eu\/de\/#website"},"primaryImageOfPage":{"@id":"https:\/\/brouns.eu\/de\/product\/bucher\/linseed-paint-and-oil-by-michiel-brouns\/#primaryimage"},"image":{"@id":"https:\/\/brouns.eu\/de\/product\/bucher\/linseed-paint-and-oil-by-michiel-brouns\/#primaryimage"},"thumbnailUrl":"https:\/\/brouns.eu\/wp-content\/uploads\/2024\/10\/LinseedPaintandOil_web_1000.jpg","datePublished":"2024-10-29T21:27:08+00:00","dateModified":"2025-11-12T11:39:34+00:00","breadcrumb":{"@id":"https:\/\/brouns.eu\/de\/product\/bucher\/linseed-paint-and-oil-by-michiel-brouns\/#breadcrumb"},"inLanguage":"de","potentialAction":[{"@type":"ReadAction","target":["https:\/\/brouns.eu\/de\/product\/bucher\/linseed-paint-and-oil-by-michiel-brouns\/"]}]},{"@type":"ImageObject","inLanguage":"de","@id":"https:\/\/brouns.eu\/de\/product\/bucher\/linseed-paint-and-oil-by-michiel-brouns\/#primaryimage","url":"https:\/\/brouns.eu\/wp-content\/uploads\/2024\/10\/LinseedPaintandOil_web_1000.jpg","contentUrl":"https:\/\/brouns.eu\/wp-content\/uploads\/2024\/10\/LinseedPaintandOil_web_1000.jpg","width":611,"height":800},{"@type":"BreadcrumbList","@id":"https:\/\/brouns.eu\/de\/product\/bucher\/linseed-paint-and-oil-by-michiel-brouns\/#breadcrumb","itemListElement":[{"@type":"ListItem","position":1,"name":"Home","item":"https:\/\/brouns.eu\/de\/"},{"@type":"ListItem","position":2,"name":"Gesch\u00e4ft","item":"https:\/\/brouns.eu\/geschaeft\/"},{"@type":"ListItem","position":3,"name":"Linseed Paint and Oil by Michiel Brouns"}]},{"@type":"WebSite","@id":"https:\/\/brouns.eu\/de\/#website","url":"https:\/\/brouns.eu\/de\/","name":"Brouns &amp; Co EU","description":"","publisher":{"@id":"https:\/\/brouns.eu\/de\/#organization"},"potentialAction":[{"@type":"SearchAction","target":{"@type":"EntryPoint","urlTemplate":"https:\/\/brouns.eu\/de\/?s={search_term_string}"},"query-input":{"@type":"PropertyValueSpecification","valueRequired":true,"valueName":"search_term_string"}}],"inLanguage":"de"},{"@type":"Organization","@id":"https:\/\/brouns.eu\/de\/#organization","name":"Brouns &amp; Co EU","url":"https:\/\/brouns.eu\/de\/","logo":{"@type":"ImageObject","inLanguage":"de","@id":"https:\/\/brouns.eu\/de\/#\/schema\/logo\/image\/","url":"https:\/\/brouns.eu\/wp-content\/uploads\/2024\/04\/Brouns-_-co-Logo-no-linseed-paint-oil.png","contentUrl":"https:\/\/brouns.eu\/wp-content\/uploads\/2024\/04\/Brouns-_-co-Logo-no-linseed-paint-oil.png","width":650,"height":60,"caption":"Brouns &amp; Co EU"},"image":{"@id":"https:\/\/brouns.eu\/de\/#\/schema\/logo\/image\/"}}]}},"_links":{"self":[{"href":"https:\/\/brouns.eu\/de\/wp-json\/wp\/v2\/product\/20093","targetHints":{"allow":["GET"]}}],"collection":[{"href":"https:\/\/brouns.eu\/de\/wp-json\/wp\/v2\/product"}],"about":[{"href":"https:\/\/brouns.eu\/de\/wp-json\/wp\/v2\/types\/product"}],"replies":[{"embeddable":true,"href":"https:\/\/brouns.eu\/de\/wp-json\/wp\/v2\/comments?post=20093"}],"version-history":[{"count":2,"href":"https:\/\/brouns.eu\/de\/wp-json\/wp\/v2\/product\/20093\/revisions"}],"predecessor-version":[{"id":23674,"href":"https:\/\/brouns.eu\/de\/wp-json\/wp\/v2\/product\/20093\/revisions\/23674"}],"wp:featuredmedia":[{"embeddable":true,"href":"https:\/\/brouns.eu\/de\/wp-json\/wp\/v2\/media\/20094"}],"wp:attachment":[{"href":"https:\/\/brouns.eu\/de\/wp-json\/wp\/v2\/media?parent=20093"}],"wp:term":[{"taxonomy":"product_brand","embeddable":true,"href":"https:\/\/brouns.eu\/de\/wp-json\/wp\/v2\/product_brand?post=20093"},{"taxonomy":"product_cat","embeddable":true,"href":"https:\/\/brouns.eu\/de\/wp-json\/wp\/v2\/product_cat?post=20093"},{"taxonomy":"product_tag","embeddable":true,"href":"https:\/\/brouns.eu\/de\/wp-json\/wp\/v2\/product_tag?post=20093"}],"curies":[{"name":"wp","href":"https:\/\/api.w.org\/{rel}","templated":true}]}}