{"id":20082,"date":"2024-10-29T21:27:28","date_gmt":"2024-10-29T21:27:28","guid":{"rendered":"https:\/\/brouns.eu\/product\/unkategorisiert\/speedheater-schleifblaetter\/"},"modified":"2024-10-29T21:27:28","modified_gmt":"2024-10-29T21:27:28","slug":"speedheater-schleifblaetter","status":"publish","type":"product","link":"https:\/\/brouns.eu\/de\/product\/farbentfernung\/speedheater-schleifblaetter\/","title":{"rendered":"Speedheater Schleifbl\u00e4tter"},"content":{"rendered":"","protected":false},"excerpt":{"rendered":"<p>Halten Sie Ihre Speedheater-Werkzeuge mit diesen Keramik-Schleifbl\u00e4ttern zum Sch\u00e4rfen der Klingen in Topform.<\/p>\n<p>Das Set besteht aus zwei Keramik-Schleift\u00fcchern und einem Halter, der f\u00fcr alle Klingen der Speedheater-Reihe geeignet ist. Die T\u00fccher sind langlebig und wiederverwendbar. Der Halter ist einfach zu handhaben und erleichtert das Schleifen. Setzen Sie den Halter in die \u00d6ffnung oben auf der Klinge ein und schleifen Sie mit kreisenden Bewegungen, um die Klinge schnell wieder scharf zu machen. Es wird empfohlen, die R\u00fcckseite der Klingen zu sch\u00e4rfen, um die einzigartigen Profile und Winkel der Eins\u00e4tze zu erhalten.    <\/p>\n","protected":false},"featured_media":20083,"comment_status":"open","ping_status":"closed","template":"","meta":{"_acf_changed":false,"site-sidebar-layout":"default","site-content-layout":"","ast-site-content-layout":"default","site-content-style":"default","site-sidebar-style":"default","ast-global-header-display":"","ast-banner-title-visibility":"","ast-main-header-display":"","ast-hfb-above-header-display":"","ast-hfb-below-header-display":"","ast-hfb-mobile-header-display":"","site-post-title":"","ast-breadcrumbs-content":"","ast-featured-img":"","footer-sml-layout":"","ast-disable-related-posts":"","theme-transparent-header-meta":"default","adv-header-id-meta":"","stick-header-meta":"default","header-above-stick-meta":"","header-main-stick-meta":"","header-below-stick-meta":"","astra-migrate-meta-layouts":"default","ast-page-background-enabled":"default","ast-page-background-meta":{"desktop":{"background-color":"","background-image":"","background-repeat":"repeat","background-position":"center center","background-size":"auto","background-attachment":"scroll","background-type":"","background-media":"","overlay-type":"","overlay-color":"","overlay-opacity":"","overlay-gradient":""},"tablet":{"background-color":"","background-image":"","background-repeat":"repeat","background-position":"center center","background-size":"auto","background-attachment":"scroll","background-type":"","background-media":"","overlay-type":"","overlay-color":"","overlay-opacity":"","overlay-gradient":""},"mobile":{"background-color":"","background-image":"","background-repeat":"repeat","background-position":"center center","background-size":"auto","background-attachment":"scroll","background-type":"","background-media":"","overlay-type":"","overlay-color":"","overlay-opacity":"","overlay-gradient":""}},"ast-content-background-meta":{"desktop":{"background-color":"var(--ast-global-color-5)","background-image":"","background-repeat":"repeat","background-position":"center center","background-size":"auto","background-attachment":"scroll","background-type":"","background-media":"","overlay-type":"","overlay-color":"","overlay-opacity":"","overlay-gradient":""},"tablet":{"background-color":"var(--ast-global-color-5)","background-image":"","background-repeat":"repeat","background-position":"center center","background-size":"auto","background-attachment":"scroll","background-type":"","background-media":"","overlay-type":"","overlay-color":"","overlay-opacity":"","overlay-gradient":""},"mobile":{"background-color":"var(--ast-global-color-5)","background-image":"","background-repeat":"repeat","background-position":"center center","background-size":"auto","background-attachment":"scroll","background-type":"","background-media":"","overlay-type":"","overlay-color":"","overlay-opacity":"","overlay-gradient":""}},"ngg_post_thumbnail":0},"product_brand":[],"product_cat":[394],"product_tag":[],"class_list":{"0":"post-20082","1":"product","2":"type-product","3":"status-publish","4":"has-post-thumbnail","6":"product_cat-farbentfernung","7":"pa_size-standard","8":"desktop-align-center","9":"tablet-align-center","10":"mobile-align-center","11":"ast-product-gallery-layout-horizontal","12":"ast-product-gallery-with-no-image","13":"ast-product-tabs-layout-horizontal","14":"ast-qv-on-image","16":"first","17":"instock","18":"taxable","19":"shipping-taxable","20":"purchasable","21":"product-type-simple"},"acf":[],"yoast_head":"<!-- This site is optimized with the Yoast SEO plugin v27.4 - https:\/\/yoast.com\/product\/yoast-seo-wordpress\/ -->\n<title>Speedheater Schleifbl\u00e4tter - Brouns &amp; Co EU<\/title>\n<meta name=\"robots\" content=\"index, follow, max-snippet:-1, max-image-preview:large, max-video-preview:-1\" \/>\n<link rel=\"canonical\" href=\"https:\/\/brouns.eu\/de\/product\/farbentfernung\/speedheater-schleifblaetter\/\" \/>\n<meta property=\"og:locale\" content=\"de_DE\" \/>\n<meta property=\"og:type\" content=\"article\" \/>\n<meta property=\"og:title\" content=\"Speedheater Schleifbl\u00e4tter - Brouns &amp; Co EU\" \/>\n<meta property=\"og:description\" content=\"Halten Sie Ihre Speedheater-Werkzeuge mit diesen Keramik-Schleifbl\u00e4ttern zum Sch\u00e4rfen der Klingen in Topform. Das Set besteht aus zwei Keramik-Schleift\u00fcchern und einem Halter, der f\u00fcr alle Klingen der Speedheater-Reihe geeignet ist. Die T\u00fccher sind langlebig und wiederverwendbar. Der Halter ist einfach zu handhaben und erleichtert das Schleifen. Setzen Sie den Halter in die \u00d6ffnung oben auf der Klinge ein und schleifen Sie mit kreisenden Bewegungen, um die Klinge schnell wieder scharf zu machen. Es wird empfohlen, die R\u00fcckseite der Klingen zu sch\u00e4rfen, um die einzigartigen Profile und Winkel der Eins\u00e4tze zu erhalten.\" \/>\n<meta property=\"og:url\" content=\"https:\/\/brouns.eu\/de\/product\/farbentfernung\/speedheater-schleifblaetter\/\" \/>\n<meta property=\"og:site_name\" content=\"Brouns &amp; Co EU\" \/>\n<meta property=\"og:image\" content=\"https:\/\/brouns.eu\/wp-content\/uploads\/2024\/10\/Speedheater-Sharpening-Sheets.jpg\" \/>\n\t<meta property=\"og:image:width\" content=\"800\" \/>\n\t<meta property=\"og:image:height\" content=\"800\" \/>\n\t<meta property=\"og:image:type\" content=\"image\/jpeg\" \/>\n<meta name=\"twitter:card\" content=\"summary_large_image\" \/>\n<script type=\"application\/ld+json\" class=\"yoast-schema-graph\">{\"@context\":\"https:\\\/\\\/schema.org\",\"@graph\":[{\"@type\":\"WebPage\",\"@id\":\"https:\\\/\\\/brouns.eu\\\/de\\\/product\\\/farbentfernung\\\/speedheater-schleifblaetter\\\/\",\"url\":\"https:\\\/\\\/brouns.eu\\\/de\\\/product\\\/farbentfernung\\\/speedheater-schleifblaetter\\\/\",\"name\":\"Speedheater Schleifbl\u00e4tter - Brouns &amp; Co EU\",\"isPartOf\":{\"@id\":\"https:\\\/\\\/brouns.eu\\\/de\\\/#website\"},\"primaryImageOfPage\":{\"@id\":\"https:\\\/\\\/brouns.eu\\\/de\\\/product\\\/farbentfernung\\\/speedheater-schleifblaetter\\\/#primaryimage\"},\"image\":{\"@id\":\"https:\\\/\\\/brouns.eu\\\/de\\\/product\\\/farbentfernung\\\/speedheater-schleifblaetter\\\/#primaryimage\"},\"thumbnailUrl\":\"https:\\\/\\\/brouns.eu\\\/wp-content\\\/uploads\\\/2024\\\/10\\\/Speedheater-Sharpening-Sheets.jpg\",\"datePublished\":\"2024-10-29T21:27:28+00:00\",\"breadcrumb\":{\"@id\":\"https:\\\/\\\/brouns.eu\\\/de\\\/product\\\/farbentfernung\\\/speedheater-schleifblaetter\\\/#breadcrumb\"},\"inLanguage\":\"de\",\"potentialAction\":[{\"@type\":\"ReadAction\",\"target\":[\"https:\\\/\\\/brouns.eu\\\/de\\\/product\\\/farbentfernung\\\/speedheater-schleifblaetter\\\/\"]}]},{\"@type\":\"ImageObject\",\"inLanguage\":\"de\",\"@id\":\"https:\\\/\\\/brouns.eu\\\/de\\\/product\\\/farbentfernung\\\/speedheater-schleifblaetter\\\/#primaryimage\",\"url\":\"https:\\\/\\\/brouns.eu\\\/wp-content\\\/uploads\\\/2024\\\/10\\\/Speedheater-Sharpening-Sheets.jpg\",\"contentUrl\":\"https:\\\/\\\/brouns.eu\\\/wp-content\\\/uploads\\\/2024\\\/10\\\/Speedheater-Sharpening-Sheets.jpg\",\"width\":800,\"height\":800},{\"@type\":\"BreadcrumbList\",\"@id\":\"https:\\\/\\\/brouns.eu\\\/de\\\/product\\\/farbentfernung\\\/speedheater-schleifblaetter\\\/#breadcrumb\",\"itemListElement\":[{\"@type\":\"ListItem\",\"position\":1,\"name\":\"Home\",\"item\":\"https:\\\/\\\/brouns.eu\\\/de\\\/\"},{\"@type\":\"ListItem\",\"position\":2,\"name\":\"Gesch\u00e4ft\",\"item\":\"https:\\\/\\\/brouns.eu\\\/geschaeft\\\/\"},{\"@type\":\"ListItem\",\"position\":3,\"name\":\"Speedheater Schleifbl\u00e4tter\"}]},{\"@type\":\"WebSite\",\"@id\":\"https:\\\/\\\/brouns.eu\\\/de\\\/#website\",\"url\":\"https:\\\/\\\/brouns.eu\\\/de\\\/\",\"name\":\"Brouns &amp; Co EU\",\"description\":\"\",\"publisher\":{\"@id\":\"https:\\\/\\\/brouns.eu\\\/de\\\/#organization\"},\"potentialAction\":[{\"@type\":\"SearchAction\",\"target\":{\"@type\":\"EntryPoint\",\"urlTemplate\":\"https:\\\/\\\/brouns.eu\\\/de\\\/?s={search_term_string}\"},\"query-input\":{\"@type\":\"PropertyValueSpecification\",\"valueRequired\":true,\"valueName\":\"search_term_string\"}}],\"inLanguage\":\"de\"},{\"@type\":\"Organization\",\"@id\":\"https:\\\/\\\/brouns.eu\\\/de\\\/#organization\",\"name\":\"Brouns &amp; Co EU\",\"url\":\"https:\\\/\\\/brouns.eu\\\/de\\\/\",\"logo\":{\"@type\":\"ImageObject\",\"inLanguage\":\"de\",\"@id\":\"https:\\\/\\\/brouns.eu\\\/de\\\/#\\\/schema\\\/logo\\\/image\\\/\",\"url\":\"https:\\\/\\\/brouns.eu\\\/wp-content\\\/uploads\\\/2024\\\/04\\\/Brouns-_-co-Logo-no-linseed-paint-oil.png\",\"contentUrl\":\"https:\\\/\\\/brouns.eu\\\/wp-content\\\/uploads\\\/2024\\\/04\\\/Brouns-_-co-Logo-no-linseed-paint-oil.png\",\"width\":650,\"height\":60,\"caption\":\"Brouns &amp; Co EU\"},\"image\":{\"@id\":\"https:\\\/\\\/brouns.eu\\\/de\\\/#\\\/schema\\\/logo\\\/image\\\/\"}}]}<\/script>\n<!-- \/ Yoast SEO plugin. -->","yoast_head_json":{"title":"Speedheater Schleifbl\u00e4tter - Brouns &amp; Co EU","robots":{"index":"index","follow":"follow","max-snippet":"max-snippet:-1","max-image-preview":"max-image-preview:large","max-video-preview":"max-video-preview:-1"},"canonical":"https:\/\/brouns.eu\/de\/product\/farbentfernung\/speedheater-schleifblaetter\/","og_locale":"de_DE","og_type":"article","og_title":"Speedheater Schleifbl\u00e4tter - Brouns &amp; Co EU","og_description":"Halten Sie Ihre Speedheater-Werkzeuge mit diesen Keramik-Schleifbl\u00e4ttern zum Sch\u00e4rfen der Klingen in Topform. Das Set besteht aus zwei Keramik-Schleift\u00fcchern und einem Halter, der f\u00fcr alle Klingen der Speedheater-Reihe geeignet ist. Die T\u00fccher sind langlebig und wiederverwendbar. Der Halter ist einfach zu handhaben und erleichtert das Schleifen. Setzen Sie den Halter in die \u00d6ffnung oben auf der Klinge ein und schleifen Sie mit kreisenden Bewegungen, um die Klinge schnell wieder scharf zu machen. Es wird empfohlen, die R\u00fcckseite der Klingen zu sch\u00e4rfen, um die einzigartigen Profile und Winkel der Eins\u00e4tze zu erhalten.","og_url":"https:\/\/brouns.eu\/de\/product\/farbentfernung\/speedheater-schleifblaetter\/","og_site_name":"Brouns &amp; Co EU","og_image":[{"width":800,"height":800,"url":"https:\/\/brouns.eu\/wp-content\/uploads\/2024\/10\/Speedheater-Sharpening-Sheets.jpg","type":"image\/jpeg"}],"twitter_card":"summary_large_image","schema":{"@context":"https:\/\/schema.org","@graph":[{"@type":"WebPage","@id":"https:\/\/brouns.eu\/de\/product\/farbentfernung\/speedheater-schleifblaetter\/","url":"https:\/\/brouns.eu\/de\/product\/farbentfernung\/speedheater-schleifblaetter\/","name":"Speedheater Schleifbl\u00e4tter - Brouns &amp; Co EU","isPartOf":{"@id":"https:\/\/brouns.eu\/de\/#website"},"primaryImageOfPage":{"@id":"https:\/\/brouns.eu\/de\/product\/farbentfernung\/speedheater-schleifblaetter\/#primaryimage"},"image":{"@id":"https:\/\/brouns.eu\/de\/product\/farbentfernung\/speedheater-schleifblaetter\/#primaryimage"},"thumbnailUrl":"https:\/\/brouns.eu\/wp-content\/uploads\/2024\/10\/Speedheater-Sharpening-Sheets.jpg","datePublished":"2024-10-29T21:27:28+00:00","breadcrumb":{"@id":"https:\/\/brouns.eu\/de\/product\/farbentfernung\/speedheater-schleifblaetter\/#breadcrumb"},"inLanguage":"de","potentialAction":[{"@type":"ReadAction","target":["https:\/\/brouns.eu\/de\/product\/farbentfernung\/speedheater-schleifblaetter\/"]}]},{"@type":"ImageObject","inLanguage":"de","@id":"https:\/\/brouns.eu\/de\/product\/farbentfernung\/speedheater-schleifblaetter\/#primaryimage","url":"https:\/\/brouns.eu\/wp-content\/uploads\/2024\/10\/Speedheater-Sharpening-Sheets.jpg","contentUrl":"https:\/\/brouns.eu\/wp-content\/uploads\/2024\/10\/Speedheater-Sharpening-Sheets.jpg","width":800,"height":800},{"@type":"BreadcrumbList","@id":"https:\/\/brouns.eu\/de\/product\/farbentfernung\/speedheater-schleifblaetter\/#breadcrumb","itemListElement":[{"@type":"ListItem","position":1,"name":"Home","item":"https:\/\/brouns.eu\/de\/"},{"@type":"ListItem","position":2,"name":"Gesch\u00e4ft","item":"https:\/\/brouns.eu\/geschaeft\/"},{"@type":"ListItem","position":3,"name":"Speedheater Schleifbl\u00e4tter"}]},{"@type":"WebSite","@id":"https:\/\/brouns.eu\/de\/#website","url":"https:\/\/brouns.eu\/de\/","name":"Brouns &amp; Co EU","description":"","publisher":{"@id":"https:\/\/brouns.eu\/de\/#organization"},"potentialAction":[{"@type":"SearchAction","target":{"@type":"EntryPoint","urlTemplate":"https:\/\/brouns.eu\/de\/?s={search_term_string}"},"query-input":{"@type":"PropertyValueSpecification","valueRequired":true,"valueName":"search_term_string"}}],"inLanguage":"de"},{"@type":"Organization","@id":"https:\/\/brouns.eu\/de\/#organization","name":"Brouns &amp; Co EU","url":"https:\/\/brouns.eu\/de\/","logo":{"@type":"ImageObject","inLanguage":"de","@id":"https:\/\/brouns.eu\/de\/#\/schema\/logo\/image\/","url":"https:\/\/brouns.eu\/wp-content\/uploads\/2024\/04\/Brouns-_-co-Logo-no-linseed-paint-oil.png","contentUrl":"https:\/\/brouns.eu\/wp-content\/uploads\/2024\/04\/Brouns-_-co-Logo-no-linseed-paint-oil.png","width":650,"height":60,"caption":"Brouns &amp; Co EU"},"image":{"@id":"https:\/\/brouns.eu\/de\/#\/schema\/logo\/image\/"}}]}},"_links":{"self":[{"href":"https:\/\/brouns.eu\/de\/wp-json\/wp\/v2\/product\/20082","targetHints":{"allow":["GET"]}}],"collection":[{"href":"https:\/\/brouns.eu\/de\/wp-json\/wp\/v2\/product"}],"about":[{"href":"https:\/\/brouns.eu\/de\/wp-json\/wp\/v2\/types\/product"}],"replies":[{"embeddable":true,"href":"https:\/\/brouns.eu\/de\/wp-json\/wp\/v2\/comments?post=20082"}],"version-history":[{"count":0,"href":"https:\/\/brouns.eu\/de\/wp-json\/wp\/v2\/product\/20082\/revisions"}],"wp:featuredmedia":[{"embeddable":true,"href":"https:\/\/brouns.eu\/de\/wp-json\/wp\/v2\/media\/20083"}],"wp:attachment":[{"href":"https:\/\/brouns.eu\/de\/wp-json\/wp\/v2\/media?parent=20082"}],"wp:term":[{"taxonomy":"product_brand","embeddable":true,"href":"https:\/\/brouns.eu\/de\/wp-json\/wp\/v2\/product_brand?post=20082"},{"taxonomy":"product_cat","embeddable":true,"href":"https:\/\/brouns.eu\/de\/wp-json\/wp\/v2\/product_cat?post=20082"},{"taxonomy":"product_tag","embeddable":true,"href":"https:\/\/brouns.eu\/de\/wp-json\/wp\/v2\/product_tag?post=20082"}],"curies":[{"name":"wp","href":"https:\/\/api.w.org\/{rel}","templated":true}]}}