{"id":20004,"date":"2024-10-29T21:27:28","date_gmt":"2024-10-29T21:27:28","guid":{"rendered":"https:\/\/brouns.eu\/product\/unkategorisiert\/flache-buerste-aus-ochsenohrhaar\/"},"modified":"2024-10-29T21:27:28","modified_gmt":"2024-10-29T21:27:28","slug":"flache-buerste-aus-ochsenohrhaar","status":"publish","type":"product","link":"https:\/\/brouns.eu\/de\/product\/pinsel\/flache-buerste-aus-ochsenohrhaar\/","title":{"rendered":"Flache B\u00fcrste aus Ochsenohrhaar"},"content":{"rendered":"","protected":false},"excerpt":{"rendered":"<p>Verwenden Sie den 25 mm (1 Zoll) Flachpinsel zum Auftragen und Veredeln von Strichen. F\u00fcr gr\u00f6\u00dfere, flache Fl\u00e4chen verwenden Sie den 50 mm (2 Zoll) Pinsel f\u00fcr ein professionelles Finish. Unsere Pinsel werden aus Naturfasern handgefertigt. Jede Faser im Pinsel ist gerade, weich und gleichm\u00e4\u00dfig, sodass der Pinsel die Farbe aufnimmt und wieder abgibt und ein exzellentes Finish hinterl\u00e4sst.   <\/p>\n<p><span data-olk-copy-source=\"MessageBody\">Dieser Pinsel muss nach Gebrauch gereinigt werden, im Gegensatz zu unseren Auftragspinseln, die zwischen den Schichten in rohem Lein\u00f6l eingelegt werden k\u00f6nnen. Reinigen Sie Ihren Pinsel anschlie\u00dfend mit unserer Krystal Brown Seife, um ihn in Topform zu halten. <\/span><\/p>\n<p>Um den Ablegepinsel in Aktion zu sehen, schauen Sie sich unser Video \u201eVollst\u00e4ndige Lackierung\u201c an.<\/p>\n","protected":false},"featured_media":23353,"comment_status":"open","ping_status":"closed","template":"","meta":{"_acf_changed":false,"site-sidebar-layout":"default","site-content-layout":"","ast-site-content-layout":"default","site-content-style":"default","site-sidebar-style":"default","ast-global-header-display":"","ast-banner-title-visibility":"","ast-main-header-display":"","ast-hfb-above-header-display":"","ast-hfb-below-header-display":"","ast-hfb-mobile-header-display":"","site-post-title":"","ast-breadcrumbs-content":"","ast-featured-img":"","footer-sml-layout":"","ast-disable-related-posts":"","theme-transparent-header-meta":"default","adv-header-id-meta":"","stick-header-meta":"default","header-above-stick-meta":"","header-main-stick-meta":"","header-below-stick-meta":"","astra-migrate-meta-layouts":"default","ast-page-background-enabled":"default","ast-page-background-meta":{"desktop":{"background-color":"","background-image":"","background-repeat":"repeat","background-position":"center center","background-size":"auto","background-attachment":"scroll","background-type":"","background-media":"","overlay-type":"","overlay-color":"","overlay-opacity":"","overlay-gradient":""},"tablet":{"background-color":"","background-image":"","background-repeat":"repeat","background-position":"center center","background-size":"auto","background-attachment":"scroll","background-type":"","background-media":"","overlay-type":"","overlay-color":"","overlay-opacity":"","overlay-gradient":""},"mobile":{"background-color":"","background-image":"","background-repeat":"repeat","background-position":"center center","background-size":"auto","background-attachment":"scroll","background-type":"","background-media":"","overlay-type":"","overlay-color":"","overlay-opacity":"","overlay-gradient":""}},"ast-content-background-meta":{"desktop":{"background-color":"var(--ast-global-color-5)","background-image":"","background-repeat":"repeat","background-position":"center center","background-size":"auto","background-attachment":"scroll","background-type":"","background-media":"","overlay-type":"","overlay-color":"","overlay-opacity":"","overlay-gradient":""},"tablet":{"background-color":"var(--ast-global-color-5)","background-image":"","background-repeat":"repeat","background-position":"center center","background-size":"auto","background-attachment":"scroll","background-type":"","background-media":"","overlay-type":"","overlay-color":"","overlay-opacity":"","overlay-gradient":""},"mobile":{"background-color":"var(--ast-global-color-5)","background-image":"","background-repeat":"repeat","background-position":"center center","background-size":"auto","background-attachment":"scroll","background-type":"","background-media":"","overlay-type":"","overlay-color":"","overlay-opacity":"","overlay-gradient":""}},"ngg_post_thumbnail":0},"product_brand":[],"product_cat":[384],"product_tag":[],"class_list":{"0":"post-20004","1":"product","2":"type-product","3":"status-publish","4":"has-post-thumbnail","6":"product_cat-pinsel","7":"pa_size-grose-50mm","8":"desktop-align-center","9":"tablet-align-center","10":"mobile-align-center","11":"ast-product-gallery-layout-horizontal","12":"ast-product-gallery-with-no-image","13":"ast-product-single-variable","14":"ast-product-tabs-layout-horizontal","15":"ast-qv-on-image","17":"first","18":"instock","19":"taxable","20":"shipping-taxable","21":"purchasable","22":"product-type-variable"},"acf":[],"yoast_head":"<!-- This site is optimized with the Yoast SEO plugin v27.4 - https:\/\/yoast.com\/product\/yoast-seo-wordpress\/ -->\n<title>Flache B\u00fcrste aus Ochsenohrhaar - Brouns &amp; Co EU<\/title>\n<meta name=\"robots\" content=\"noindex, nofollow\" \/>\n<meta property=\"og:locale\" content=\"de_DE\" \/>\n<meta property=\"og:type\" content=\"article\" \/>\n<meta property=\"og:title\" content=\"Flache B\u00fcrste aus Ochsenohrhaar - Brouns &amp; Co EU\" \/>\n<meta property=\"og:description\" content=\"Verwenden Sie den 25 mm (1 Zoll) Flachpinsel zum Auftragen und Veredeln von Strichen. F\u00fcr gr\u00f6\u00dfere, flache Fl\u00e4chen verwenden Sie den 50 mm (2 Zoll) Pinsel f\u00fcr ein professionelles Finish. Unsere Pinsel werden aus Naturfasern handgefertigt. Jede Faser im Pinsel ist gerade, weich und gleichm\u00e4\u00dfig, sodass der Pinsel die Farbe aufnimmt und wieder abgibt und ein exzellentes Finish hinterl\u00e4sst.   Dieser Pinsel muss nach Gebrauch gereinigt werden, im Gegensatz zu unseren Auftragspinseln, die zwischen den Schichten in rohem Lein\u00f6l eingelegt werden k\u00f6nnen. Reinigen Sie Ihren Pinsel anschlie\u00dfend mit unserer Krystal Brown Seife, um ihn in Topform zu halten.  Um den Ablegepinsel in Aktion zu sehen, schauen Sie sich unser Video \u201eVollst\u00e4ndige Lackierung\u201c an.\" \/>\n<meta property=\"og:url\" content=\"https:\/\/brouns.eu\/de\/product\/pinsel\/flache-buerste-aus-ochsenohrhaar\/\" \/>\n<meta property=\"og:site_name\" content=\"Brouns &amp; Co EU\" \/>\n<meta property=\"og:image\" content=\"https:\/\/brouns.eu\/wp-content\/uploads\/2024\/10\/Flat-Ox-Ear-Hair-Brush_Brouns.jpg\" \/>\n\t<meta property=\"og:image:width\" content=\"643\" \/>\n\t<meta property=\"og:image:height\" content=\"800\" \/>\n\t<meta property=\"og:image:type\" content=\"image\/jpeg\" \/>\n<meta name=\"twitter:card\" content=\"summary_large_image\" \/>\n<script type=\"application\/ld+json\" class=\"yoast-schema-graph\">{\"@context\":\"https:\\\/\\\/schema.org\",\"@graph\":[{\"@type\":\"WebPage\",\"@id\":\"https:\\\/\\\/brouns.eu\\\/de\\\/product\\\/pinsel\\\/flache-buerste-aus-ochsenohrhaar\\\/\",\"url\":\"https:\\\/\\\/brouns.eu\\\/de\\\/product\\\/pinsel\\\/flache-buerste-aus-ochsenohrhaar\\\/\",\"name\":\"Flache B\u00fcrste aus Ochsenohrhaar - Brouns &amp; Co EU\",\"isPartOf\":{\"@id\":\"https:\\\/\\\/brouns.eu\\\/de\\\/#website\"},\"primaryImageOfPage\":{\"@id\":\"https:\\\/\\\/brouns.eu\\\/de\\\/product\\\/pinsel\\\/flache-buerste-aus-ochsenohrhaar\\\/#primaryimage\"},\"image\":{\"@id\":\"https:\\\/\\\/brouns.eu\\\/de\\\/product\\\/pinsel\\\/flache-buerste-aus-ochsenohrhaar\\\/#primaryimage\"},\"thumbnailUrl\":\"https:\\\/\\\/brouns.eu\\\/wp-content\\\/uploads\\\/2024\\\/10\\\/Flat-Ox-Ear-Hair-Brush_Brouns.jpg\",\"datePublished\":\"2024-10-29T21:27:28+00:00\",\"breadcrumb\":{\"@id\":\"https:\\\/\\\/brouns.eu\\\/de\\\/product\\\/pinsel\\\/flache-buerste-aus-ochsenohrhaar\\\/#breadcrumb\"},\"inLanguage\":\"de\",\"potentialAction\":[{\"@type\":\"ReadAction\",\"target\":[\"https:\\\/\\\/brouns.eu\\\/de\\\/product\\\/pinsel\\\/flache-buerste-aus-ochsenohrhaar\\\/\"]}]},{\"@type\":\"ImageObject\",\"inLanguage\":\"de\",\"@id\":\"https:\\\/\\\/brouns.eu\\\/de\\\/product\\\/pinsel\\\/flache-buerste-aus-ochsenohrhaar\\\/#primaryimage\",\"url\":\"https:\\\/\\\/brouns.eu\\\/wp-content\\\/uploads\\\/2024\\\/10\\\/Flat-Ox-Ear-Hair-Brush_Brouns.jpg\",\"contentUrl\":\"https:\\\/\\\/brouns.eu\\\/wp-content\\\/uploads\\\/2024\\\/10\\\/Flat-Ox-Ear-Hair-Brush_Brouns.jpg\",\"width\":643,\"height\":800},{\"@type\":\"BreadcrumbList\",\"@id\":\"https:\\\/\\\/brouns.eu\\\/de\\\/product\\\/pinsel\\\/flache-buerste-aus-ochsenohrhaar\\\/#breadcrumb\",\"itemListElement\":[{\"@type\":\"ListItem\",\"position\":1,\"name\":\"Home\",\"item\":\"https:\\\/\\\/brouns.eu\\\/de\\\/\"},{\"@type\":\"ListItem\",\"position\":2,\"name\":\"Gesch\u00e4ft\",\"item\":\"https:\\\/\\\/brouns.eu\\\/geschaeft\\\/\"},{\"@type\":\"ListItem\",\"position\":3,\"name\":\"Flache B\u00fcrste aus Ochsenohrhaar\"}]},{\"@type\":\"WebSite\",\"@id\":\"https:\\\/\\\/brouns.eu\\\/de\\\/#website\",\"url\":\"https:\\\/\\\/brouns.eu\\\/de\\\/\",\"name\":\"Brouns &amp; Co EU\",\"description\":\"\",\"publisher\":{\"@id\":\"https:\\\/\\\/brouns.eu\\\/de\\\/#organization\"},\"potentialAction\":[{\"@type\":\"SearchAction\",\"target\":{\"@type\":\"EntryPoint\",\"urlTemplate\":\"https:\\\/\\\/brouns.eu\\\/de\\\/?s={search_term_string}\"},\"query-input\":{\"@type\":\"PropertyValueSpecification\",\"valueRequired\":true,\"valueName\":\"search_term_string\"}}],\"inLanguage\":\"de\"},{\"@type\":\"Organization\",\"@id\":\"https:\\\/\\\/brouns.eu\\\/de\\\/#organization\",\"name\":\"Brouns &amp; Co EU\",\"url\":\"https:\\\/\\\/brouns.eu\\\/de\\\/\",\"logo\":{\"@type\":\"ImageObject\",\"inLanguage\":\"de\",\"@id\":\"https:\\\/\\\/brouns.eu\\\/de\\\/#\\\/schema\\\/logo\\\/image\\\/\",\"url\":\"https:\\\/\\\/brouns.eu\\\/wp-content\\\/uploads\\\/2024\\\/04\\\/Brouns-_-co-Logo-no-linseed-paint-oil.png\",\"contentUrl\":\"https:\\\/\\\/brouns.eu\\\/wp-content\\\/uploads\\\/2024\\\/04\\\/Brouns-_-co-Logo-no-linseed-paint-oil.png\",\"width\":650,\"height\":60,\"caption\":\"Brouns &amp; Co EU\"},\"image\":{\"@id\":\"https:\\\/\\\/brouns.eu\\\/de\\\/#\\\/schema\\\/logo\\\/image\\\/\"}}]}<\/script>\n<!-- \/ Yoast SEO plugin. -->","yoast_head_json":{"title":"Flache B\u00fcrste aus Ochsenohrhaar - Brouns &amp; Co EU","robots":{"index":"noindex","follow":"nofollow"},"og_locale":"de_DE","og_type":"article","og_title":"Flache B\u00fcrste aus Ochsenohrhaar - Brouns &amp; Co EU","og_description":"Verwenden Sie den 25 mm (1 Zoll) Flachpinsel zum Auftragen und Veredeln von Strichen. F\u00fcr gr\u00f6\u00dfere, flache Fl\u00e4chen verwenden Sie den 50 mm (2 Zoll) Pinsel f\u00fcr ein professionelles Finish. Unsere Pinsel werden aus Naturfasern handgefertigt. Jede Faser im Pinsel ist gerade, weich und gleichm\u00e4\u00dfig, sodass der Pinsel die Farbe aufnimmt und wieder abgibt und ein exzellentes Finish hinterl\u00e4sst.   Dieser Pinsel muss nach Gebrauch gereinigt werden, im Gegensatz zu unseren Auftragspinseln, die zwischen den Schichten in rohem Lein\u00f6l eingelegt werden k\u00f6nnen. Reinigen Sie Ihren Pinsel anschlie\u00dfend mit unserer Krystal Brown Seife, um ihn in Topform zu halten.  Um den Ablegepinsel in Aktion zu sehen, schauen Sie sich unser Video \u201eVollst\u00e4ndige Lackierung\u201c an.","og_url":"https:\/\/brouns.eu\/de\/product\/pinsel\/flache-buerste-aus-ochsenohrhaar\/","og_site_name":"Brouns &amp; Co EU","og_image":[{"width":643,"height":800,"url":"https:\/\/brouns.eu\/wp-content\/uploads\/2024\/10\/Flat-Ox-Ear-Hair-Brush_Brouns.jpg","type":"image\/jpeg"}],"twitter_card":"summary_large_image","schema":{"@context":"https:\/\/schema.org","@graph":[{"@type":"WebPage","@id":"https:\/\/brouns.eu\/de\/product\/pinsel\/flache-buerste-aus-ochsenohrhaar\/","url":"https:\/\/brouns.eu\/de\/product\/pinsel\/flache-buerste-aus-ochsenohrhaar\/","name":"Flache B\u00fcrste aus Ochsenohrhaar - Brouns &amp; Co EU","isPartOf":{"@id":"https:\/\/brouns.eu\/de\/#website"},"primaryImageOfPage":{"@id":"https:\/\/brouns.eu\/de\/product\/pinsel\/flache-buerste-aus-ochsenohrhaar\/#primaryimage"},"image":{"@id":"https:\/\/brouns.eu\/de\/product\/pinsel\/flache-buerste-aus-ochsenohrhaar\/#primaryimage"},"thumbnailUrl":"https:\/\/brouns.eu\/wp-content\/uploads\/2024\/10\/Flat-Ox-Ear-Hair-Brush_Brouns.jpg","datePublished":"2024-10-29T21:27:28+00:00","breadcrumb":{"@id":"https:\/\/brouns.eu\/de\/product\/pinsel\/flache-buerste-aus-ochsenohrhaar\/#breadcrumb"},"inLanguage":"de","potentialAction":[{"@type":"ReadAction","target":["https:\/\/brouns.eu\/de\/product\/pinsel\/flache-buerste-aus-ochsenohrhaar\/"]}]},{"@type":"ImageObject","inLanguage":"de","@id":"https:\/\/brouns.eu\/de\/product\/pinsel\/flache-buerste-aus-ochsenohrhaar\/#primaryimage","url":"https:\/\/brouns.eu\/wp-content\/uploads\/2024\/10\/Flat-Ox-Ear-Hair-Brush_Brouns.jpg","contentUrl":"https:\/\/brouns.eu\/wp-content\/uploads\/2024\/10\/Flat-Ox-Ear-Hair-Brush_Brouns.jpg","width":643,"height":800},{"@type":"BreadcrumbList","@id":"https:\/\/brouns.eu\/de\/product\/pinsel\/flache-buerste-aus-ochsenohrhaar\/#breadcrumb","itemListElement":[{"@type":"ListItem","position":1,"name":"Home","item":"https:\/\/brouns.eu\/de\/"},{"@type":"ListItem","position":2,"name":"Gesch\u00e4ft","item":"https:\/\/brouns.eu\/geschaeft\/"},{"@type":"ListItem","position":3,"name":"Flache B\u00fcrste aus Ochsenohrhaar"}]},{"@type":"WebSite","@id":"https:\/\/brouns.eu\/de\/#website","url":"https:\/\/brouns.eu\/de\/","name":"Brouns &amp; Co EU","description":"","publisher":{"@id":"https:\/\/brouns.eu\/de\/#organization"},"potentialAction":[{"@type":"SearchAction","target":{"@type":"EntryPoint","urlTemplate":"https:\/\/brouns.eu\/de\/?s={search_term_string}"},"query-input":{"@type":"PropertyValueSpecification","valueRequired":true,"valueName":"search_term_string"}}],"inLanguage":"de"},{"@type":"Organization","@id":"https:\/\/brouns.eu\/de\/#organization","name":"Brouns &amp; Co EU","url":"https:\/\/brouns.eu\/de\/","logo":{"@type":"ImageObject","inLanguage":"de","@id":"https:\/\/brouns.eu\/de\/#\/schema\/logo\/image\/","url":"https:\/\/brouns.eu\/wp-content\/uploads\/2024\/04\/Brouns-_-co-Logo-no-linseed-paint-oil.png","contentUrl":"https:\/\/brouns.eu\/wp-content\/uploads\/2024\/04\/Brouns-_-co-Logo-no-linseed-paint-oil.png","width":650,"height":60,"caption":"Brouns &amp; Co EU"},"image":{"@id":"https:\/\/brouns.eu\/de\/#\/schema\/logo\/image\/"}}]}},"_links":{"self":[{"href":"https:\/\/brouns.eu\/de\/wp-json\/wp\/v2\/product\/20004","targetHints":{"allow":["GET"]}}],"collection":[{"href":"https:\/\/brouns.eu\/de\/wp-json\/wp\/v2\/product"}],"about":[{"href":"https:\/\/brouns.eu\/de\/wp-json\/wp\/v2\/types\/product"}],"replies":[{"embeddable":true,"href":"https:\/\/brouns.eu\/de\/wp-json\/wp\/v2\/comments?post=20004"}],"version-history":[{"count":0,"href":"https:\/\/brouns.eu\/de\/wp-json\/wp\/v2\/product\/20004\/revisions"}],"wp:featuredmedia":[{"embeddable":true,"href":"https:\/\/brouns.eu\/de\/wp-json\/wp\/v2\/media\/23353"}],"wp:attachment":[{"href":"https:\/\/brouns.eu\/de\/wp-json\/wp\/v2\/media?parent=20004"}],"wp:term":[{"taxonomy":"product_brand","embeddable":true,"href":"https:\/\/brouns.eu\/de\/wp-json\/wp\/v2\/product_brand?post=20004"},{"taxonomy":"product_cat","embeddable":true,"href":"https:\/\/brouns.eu\/de\/wp-json\/wp\/v2\/product_cat?post=20004"},{"taxonomy":"product_tag","embeddable":true,"href":"https:\/\/brouns.eu\/de\/wp-json\/wp\/v2\/product_tag?post=20004"}],"curies":[{"name":"wp","href":"https:\/\/api.w.org\/{rel}","templated":true}]}}