{"id":19988,"date":"2024-10-29T21:27:32","date_gmt":"2024-10-29T21:27:32","guid":{"rendered":"https:\/\/brouns.eu\/product\/unkategorisiert\/oakum-docka\/"},"modified":"2024-10-29T21:27:32","modified_gmt":"2024-10-29T21:27:32","slug":"oakum-docka","status":"publish","type":"product","link":"https:\/\/brouns.eu\/de\/product\/kitt-und-werg\/oakum-docka\/","title":{"rendered":"Oakum Docka"},"content":{"rendered":"","protected":false},"excerpt":{"rendered":"<p>Werg ist ein Seil aus Flachsfasern, das in Kiefernteer (oder Stockholmer Teer) getr\u00e4nkt ist und sich hervorragend zum Abdichten von Fugen oder zum F\u00fcllen von L\u00fccken in Holz eignet. Die Fasern werden in die keilf\u00f6rmige Naht zwischen den Brettern oder in gro\u00dfe L\u00f6cher eingetrieben. Die Fuge wird anschlie\u00dfend mit <a href=\"https:\/\/brouns.eu\/linseed-window-putty-filler\/\">Lein\u00f6lkitt<\/a> abgedeckt, der anschlie\u00dfend mit <a href=\"https:\/\/brouns.eu\/linseed-paint\/\">Lein\u00f6lfarbe<\/a> \u00fcberstrichen werden kann. Urspr\u00fcnglich wurde Werg in der Schifffahrt zum F\u00fcllen von Rissen zwischen Holzbrettern verwendet. Unser Werg l\u00e4sst sich je nach Anwendung leicht in kleinere St\u00fccke zerrei\u00dfen.    <\/p>\n<p>Als grobe Richtlinie reicht 1 kg (2,2 lb) zum F\u00fcllen von etwa 4 bis 5 Laufmetern (13 bis 16 ft), dies h\u00e4ngt jedoch von der Gr\u00f6\u00dfe der L\u00fccken ab.<\/p>\n","protected":false},"featured_media":19992,"comment_status":"open","ping_status":"closed","template":"","meta":{"_acf_changed":false,"site-sidebar-layout":"default","site-content-layout":"","ast-site-content-layout":"default","site-content-style":"default","site-sidebar-style":"default","ast-global-header-display":"","ast-banner-title-visibility":"","ast-main-header-display":"","ast-hfb-above-header-display":"","ast-hfb-below-header-display":"","ast-hfb-mobile-header-display":"","site-post-title":"","ast-breadcrumbs-content":"","ast-featured-img":"","footer-sml-layout":"","ast-disable-related-posts":"","theme-transparent-header-meta":"default","adv-header-id-meta":"","stick-header-meta":"default","header-above-stick-meta":"","header-main-stick-meta":"","header-below-stick-meta":"","astra-migrate-meta-layouts":"default","ast-page-background-enabled":"default","ast-page-background-meta":{"desktop":{"background-color":"","background-image":"","background-repeat":"repeat","background-position":"center center","background-size":"auto","background-attachment":"scroll","background-type":"","background-media":"","overlay-type":"","overlay-color":"","overlay-opacity":"","overlay-gradient":""},"tablet":{"background-color":"","background-image":"","background-repeat":"repeat","background-position":"center center","background-size":"auto","background-attachment":"scroll","background-type":"","background-media":"","overlay-type":"","overlay-color":"","overlay-opacity":"","overlay-gradient":""},"mobile":{"background-color":"","background-image":"","background-repeat":"repeat","background-position":"center center","background-size":"auto","background-attachment":"scroll","background-type":"","background-media":"","overlay-type":"","overlay-color":"","overlay-opacity":"","overlay-gradient":""}},"ast-content-background-meta":{"desktop":{"background-color":"var(--ast-global-color-5)","background-image":"","background-repeat":"repeat","background-position":"center center","background-size":"auto","background-attachment":"scroll","background-type":"","background-media":"","overlay-type":"","overlay-color":"","overlay-opacity":"","overlay-gradient":""},"tablet":{"background-color":"var(--ast-global-color-5)","background-image":"","background-repeat":"repeat","background-position":"center center","background-size":"auto","background-attachment":"scroll","background-type":"","background-media":"","overlay-type":"","overlay-color":"","overlay-opacity":"","overlay-gradient":""},"mobile":{"background-color":"var(--ast-global-color-5)","background-image":"","background-repeat":"repeat","background-position":"center center","background-size":"auto","background-attachment":"scroll","background-type":"","background-media":"","overlay-type":"","overlay-color":"","overlay-opacity":"","overlay-gradient":""}},"ngg_post_thumbnail":0},"product_brand":[],"product_cat":[376,375],"product_tag":[],"class_list":{"0":"post-19988","1":"product","2":"type-product","3":"status-publish","4":"has-post-thumbnail","6":"product_cat-fensterrestaurierung","7":"product_cat-kitt-und-werg","8":"pa_size-grose-1-kg","9":"pa_size-grose-5-kg","10":"pa_size-grose-500-g","11":"desktop-align-center","12":"tablet-align-center","13":"mobile-align-center","14":"ast-product-gallery-layout-horizontal","15":"ast-product-gallery-with-no-image","16":"ast-product-single-variable","17":"ast-product-tabs-layout-horizontal","18":"ast-qv-on-image","20":"first","21":"instock","22":"taxable","23":"shipping-taxable","24":"purchasable","25":"product-type-variable"},"acf":[],"yoast_head":"<!-- This site is optimized with the Yoast SEO plugin v27.4 - https:\/\/yoast.com\/product\/yoast-seo-wordpress\/ -->\n<title>Oakum Docka - Brouns &amp; Co EU<\/title>\n<meta name=\"robots\" content=\"index, follow, max-snippet:-1, max-image-preview:large, max-video-preview:-1\" \/>\n<link rel=\"canonical\" href=\"https:\/\/brouns.eu\/de\/product\/kitt-und-werg\/oakum-docka\/\" \/>\n<meta property=\"og:locale\" content=\"de_DE\" \/>\n<meta property=\"og:type\" content=\"article\" \/>\n<meta property=\"og:title\" content=\"Oakum Docka - Brouns &amp; Co EU\" \/>\n<meta property=\"og:description\" content=\"Werg ist ein Seil aus Flachsfasern, das in Kiefernteer (oder Stockholmer Teer) getr\u00e4nkt ist und sich hervorragend zum Abdichten von Fugen oder zum F\u00fcllen von L\u00fccken in Holz eignet. Die Fasern werden in die keilf\u00f6rmige Naht zwischen den Brettern oder in gro\u00dfe L\u00f6cher eingetrieben. Die Fuge wird anschlie\u00dfend mit Lein\u00f6lkitt abgedeckt, der anschlie\u00dfend mit Lein\u00f6lfarbe \u00fcberstrichen werden kann. Urspr\u00fcnglich wurde Werg in der Schifffahrt zum F\u00fcllen von Rissen zwischen Holzbrettern verwendet. Unser Werg l\u00e4sst sich je nach Anwendung leicht in kleinere St\u00fccke zerrei\u00dfen.   Als grobe Richtlinie reicht 1 kg (2,2 lb) zum F\u00fcllen von etwa 4 bis 5 Laufmetern (13 bis 16 ft), dies h\u00e4ngt jedoch von der Gr\u00f6\u00dfe der L\u00fccken ab.\" \/>\n<meta property=\"og:url\" content=\"https:\/\/brouns.eu\/de\/product\/kitt-und-werg\/oakum-docka\/\" \/>\n<meta property=\"og:site_name\" content=\"Brouns &amp; Co EU\" \/>\n<meta property=\"og:image\" content=\"https:\/\/brouns.eu\/wp-content\/uploads\/2024\/07\/Oakum_Docka.jpg\" \/>\n\t<meta property=\"og:image:width\" content=\"640\" \/>\n\t<meta property=\"og:image:height\" content=\"800\" \/>\n\t<meta property=\"og:image:type\" content=\"image\/jpeg\" \/>\n<meta name=\"twitter:card\" content=\"summary_large_image\" \/>\n<script type=\"application\/ld+json\" class=\"yoast-schema-graph\">{\"@context\":\"https:\\\/\\\/schema.org\",\"@graph\":[{\"@type\":\"WebPage\",\"@id\":\"https:\\\/\\\/brouns.eu\\\/de\\\/product\\\/kitt-und-werg\\\/oakum-docka\\\/\",\"url\":\"https:\\\/\\\/brouns.eu\\\/de\\\/product\\\/kitt-und-werg\\\/oakum-docka\\\/\",\"name\":\"Oakum Docka - Brouns &amp; Co EU\",\"isPartOf\":{\"@id\":\"https:\\\/\\\/brouns.eu\\\/de\\\/#website\"},\"primaryImageOfPage\":{\"@id\":\"https:\\\/\\\/brouns.eu\\\/de\\\/product\\\/kitt-und-werg\\\/oakum-docka\\\/#primaryimage\"},\"image\":{\"@id\":\"https:\\\/\\\/brouns.eu\\\/de\\\/product\\\/kitt-und-werg\\\/oakum-docka\\\/#primaryimage\"},\"thumbnailUrl\":\"https:\\\/\\\/brouns.eu\\\/wp-content\\\/uploads\\\/2024\\\/07\\\/Oakum_Docka.jpg\",\"datePublished\":\"2024-10-29T21:27:32+00:00\",\"breadcrumb\":{\"@id\":\"https:\\\/\\\/brouns.eu\\\/de\\\/product\\\/kitt-und-werg\\\/oakum-docka\\\/#breadcrumb\"},\"inLanguage\":\"de\",\"potentialAction\":[{\"@type\":\"ReadAction\",\"target\":[\"https:\\\/\\\/brouns.eu\\\/de\\\/product\\\/kitt-und-werg\\\/oakum-docka\\\/\"]}]},{\"@type\":\"ImageObject\",\"inLanguage\":\"de\",\"@id\":\"https:\\\/\\\/brouns.eu\\\/de\\\/product\\\/kitt-und-werg\\\/oakum-docka\\\/#primaryimage\",\"url\":\"https:\\\/\\\/brouns.eu\\\/wp-content\\\/uploads\\\/2024\\\/07\\\/Oakum_Docka.jpg\",\"contentUrl\":\"https:\\\/\\\/brouns.eu\\\/wp-content\\\/uploads\\\/2024\\\/07\\\/Oakum_Docka.jpg\",\"width\":640,\"height\":800},{\"@type\":\"BreadcrumbList\",\"@id\":\"https:\\\/\\\/brouns.eu\\\/de\\\/product\\\/kitt-und-werg\\\/oakum-docka\\\/#breadcrumb\",\"itemListElement\":[{\"@type\":\"ListItem\",\"position\":1,\"name\":\"Home\",\"item\":\"https:\\\/\\\/brouns.eu\\\/de\\\/\"},{\"@type\":\"ListItem\",\"position\":2,\"name\":\"Gesch\u00e4ft\",\"item\":\"https:\\\/\\\/brouns.eu\\\/geschaeft\\\/\"},{\"@type\":\"ListItem\",\"position\":3,\"name\":\"Oakum Docka\"}]},{\"@type\":\"WebSite\",\"@id\":\"https:\\\/\\\/brouns.eu\\\/de\\\/#website\",\"url\":\"https:\\\/\\\/brouns.eu\\\/de\\\/\",\"name\":\"Brouns &amp; Co EU\",\"description\":\"\",\"publisher\":{\"@id\":\"https:\\\/\\\/brouns.eu\\\/de\\\/#organization\"},\"potentialAction\":[{\"@type\":\"SearchAction\",\"target\":{\"@type\":\"EntryPoint\",\"urlTemplate\":\"https:\\\/\\\/brouns.eu\\\/de\\\/?s={search_term_string}\"},\"query-input\":{\"@type\":\"PropertyValueSpecification\",\"valueRequired\":true,\"valueName\":\"search_term_string\"}}],\"inLanguage\":\"de\"},{\"@type\":\"Organization\",\"@id\":\"https:\\\/\\\/brouns.eu\\\/de\\\/#organization\",\"name\":\"Brouns &amp; Co EU\",\"url\":\"https:\\\/\\\/brouns.eu\\\/de\\\/\",\"logo\":{\"@type\":\"ImageObject\",\"inLanguage\":\"de\",\"@id\":\"https:\\\/\\\/brouns.eu\\\/de\\\/#\\\/schema\\\/logo\\\/image\\\/\",\"url\":\"https:\\\/\\\/brouns.eu\\\/wp-content\\\/uploads\\\/2024\\\/04\\\/Brouns-_-co-Logo-no-linseed-paint-oil.png\",\"contentUrl\":\"https:\\\/\\\/brouns.eu\\\/wp-content\\\/uploads\\\/2024\\\/04\\\/Brouns-_-co-Logo-no-linseed-paint-oil.png\",\"width\":650,\"height\":60,\"caption\":\"Brouns &amp; Co EU\"},\"image\":{\"@id\":\"https:\\\/\\\/brouns.eu\\\/de\\\/#\\\/schema\\\/logo\\\/image\\\/\"}}]}<\/script>\n<!-- \/ Yoast SEO plugin. -->","yoast_head_json":{"title":"Oakum Docka - Brouns &amp; Co EU","robots":{"index":"index","follow":"follow","max-snippet":"max-snippet:-1","max-image-preview":"max-image-preview:large","max-video-preview":"max-video-preview:-1"},"canonical":"https:\/\/brouns.eu\/de\/product\/kitt-und-werg\/oakum-docka\/","og_locale":"de_DE","og_type":"article","og_title":"Oakum Docka - Brouns &amp; Co EU","og_description":"Werg ist ein Seil aus Flachsfasern, das in Kiefernteer (oder Stockholmer Teer) getr\u00e4nkt ist und sich hervorragend zum Abdichten von Fugen oder zum F\u00fcllen von L\u00fccken in Holz eignet. Die Fasern werden in die keilf\u00f6rmige Naht zwischen den Brettern oder in gro\u00dfe L\u00f6cher eingetrieben. Die Fuge wird anschlie\u00dfend mit Lein\u00f6lkitt abgedeckt, der anschlie\u00dfend mit Lein\u00f6lfarbe \u00fcberstrichen werden kann. Urspr\u00fcnglich wurde Werg in der Schifffahrt zum F\u00fcllen von Rissen zwischen Holzbrettern verwendet. Unser Werg l\u00e4sst sich je nach Anwendung leicht in kleinere St\u00fccke zerrei\u00dfen.   Als grobe Richtlinie reicht 1 kg (2,2 lb) zum F\u00fcllen von etwa 4 bis 5 Laufmetern (13 bis 16 ft), dies h\u00e4ngt jedoch von der Gr\u00f6\u00dfe der L\u00fccken ab.","og_url":"https:\/\/brouns.eu\/de\/product\/kitt-und-werg\/oakum-docka\/","og_site_name":"Brouns &amp; Co EU","og_image":[{"width":640,"height":800,"url":"https:\/\/brouns.eu\/wp-content\/uploads\/2024\/07\/Oakum_Docka.jpg","type":"image\/jpeg"}],"twitter_card":"summary_large_image","schema":{"@context":"https:\/\/schema.org","@graph":[{"@type":"WebPage","@id":"https:\/\/brouns.eu\/de\/product\/kitt-und-werg\/oakum-docka\/","url":"https:\/\/brouns.eu\/de\/product\/kitt-und-werg\/oakum-docka\/","name":"Oakum Docka - Brouns &amp; Co EU","isPartOf":{"@id":"https:\/\/brouns.eu\/de\/#website"},"primaryImageOfPage":{"@id":"https:\/\/brouns.eu\/de\/product\/kitt-und-werg\/oakum-docka\/#primaryimage"},"image":{"@id":"https:\/\/brouns.eu\/de\/product\/kitt-und-werg\/oakum-docka\/#primaryimage"},"thumbnailUrl":"https:\/\/brouns.eu\/wp-content\/uploads\/2024\/07\/Oakum_Docka.jpg","datePublished":"2024-10-29T21:27:32+00:00","breadcrumb":{"@id":"https:\/\/brouns.eu\/de\/product\/kitt-und-werg\/oakum-docka\/#breadcrumb"},"inLanguage":"de","potentialAction":[{"@type":"ReadAction","target":["https:\/\/brouns.eu\/de\/product\/kitt-und-werg\/oakum-docka\/"]}]},{"@type":"ImageObject","inLanguage":"de","@id":"https:\/\/brouns.eu\/de\/product\/kitt-und-werg\/oakum-docka\/#primaryimage","url":"https:\/\/brouns.eu\/wp-content\/uploads\/2024\/07\/Oakum_Docka.jpg","contentUrl":"https:\/\/brouns.eu\/wp-content\/uploads\/2024\/07\/Oakum_Docka.jpg","width":640,"height":800},{"@type":"BreadcrumbList","@id":"https:\/\/brouns.eu\/de\/product\/kitt-und-werg\/oakum-docka\/#breadcrumb","itemListElement":[{"@type":"ListItem","position":1,"name":"Home","item":"https:\/\/brouns.eu\/de\/"},{"@type":"ListItem","position":2,"name":"Gesch\u00e4ft","item":"https:\/\/brouns.eu\/geschaeft\/"},{"@type":"ListItem","position":3,"name":"Oakum Docka"}]},{"@type":"WebSite","@id":"https:\/\/brouns.eu\/de\/#website","url":"https:\/\/brouns.eu\/de\/","name":"Brouns &amp; Co EU","description":"","publisher":{"@id":"https:\/\/brouns.eu\/de\/#organization"},"potentialAction":[{"@type":"SearchAction","target":{"@type":"EntryPoint","urlTemplate":"https:\/\/brouns.eu\/de\/?s={search_term_string}"},"query-input":{"@type":"PropertyValueSpecification","valueRequired":true,"valueName":"search_term_string"}}],"inLanguage":"de"},{"@type":"Organization","@id":"https:\/\/brouns.eu\/de\/#organization","name":"Brouns &amp; Co EU","url":"https:\/\/brouns.eu\/de\/","logo":{"@type":"ImageObject","inLanguage":"de","@id":"https:\/\/brouns.eu\/de\/#\/schema\/logo\/image\/","url":"https:\/\/brouns.eu\/wp-content\/uploads\/2024\/04\/Brouns-_-co-Logo-no-linseed-paint-oil.png","contentUrl":"https:\/\/brouns.eu\/wp-content\/uploads\/2024\/04\/Brouns-_-co-Logo-no-linseed-paint-oil.png","width":650,"height":60,"caption":"Brouns &amp; Co EU"},"image":{"@id":"https:\/\/brouns.eu\/de\/#\/schema\/logo\/image\/"}}]}},"_links":{"self":[{"href":"https:\/\/brouns.eu\/de\/wp-json\/wp\/v2\/product\/19988","targetHints":{"allow":["GET"]}}],"collection":[{"href":"https:\/\/brouns.eu\/de\/wp-json\/wp\/v2\/product"}],"about":[{"href":"https:\/\/brouns.eu\/de\/wp-json\/wp\/v2\/types\/product"}],"replies":[{"embeddable":true,"href":"https:\/\/brouns.eu\/de\/wp-json\/wp\/v2\/comments?post=19988"}],"version-history":[{"count":0,"href":"https:\/\/brouns.eu\/de\/wp-json\/wp\/v2\/product\/19988\/revisions"}],"wp:featuredmedia":[{"embeddable":true,"href":"https:\/\/brouns.eu\/de\/wp-json\/wp\/v2\/media\/19992"}],"wp:attachment":[{"href":"https:\/\/brouns.eu\/de\/wp-json\/wp\/v2\/media?parent=19988"}],"wp:term":[{"taxonomy":"product_brand","embeddable":true,"href":"https:\/\/brouns.eu\/de\/wp-json\/wp\/v2\/product_brand?post=19988"},{"taxonomy":"product_cat","embeddable":true,"href":"https:\/\/brouns.eu\/de\/wp-json\/wp\/v2\/product_cat?post=19988"},{"taxonomy":"product_tag","embeddable":true,"href":"https:\/\/brouns.eu\/de\/wp-json\/wp\/v2\/product_tag?post=19988"}],"curies":[{"name":"wp","href":"https:\/\/api.w.org\/{rel}","templated":true}]}}