{"id":19984,"date":"2024-10-29T21:27:32","date_gmt":"2024-10-29T21:27:32","guid":{"rendered":"https:\/\/brouns.eu\/product\/unkategorisiert\/leinoelspachtel-fueller\/"},"modified":"2024-10-29T21:27:32","modified_gmt":"2024-10-29T21:27:32","slug":"leinoelspachtel-fueller","status":"publish","type":"product","link":"https:\/\/brouns.eu\/de\/product\/kitt-und-werg\/leinoelspachtel-fueller\/","title":{"rendered":"Lein\u00f6lspachtel \/ F\u00fcller"},"content":{"rendered":"","protected":false},"excerpt":{"rendered":"<p>Dieser traditionelle, hochwertige Lein\u00f6lkitt wird aus reinem Lein\u00f6l und hochwertigen Kreidesorten hergestellt. Ideal f\u00fcr die Installation von Verglasungen sowie f\u00fcr Reparaturen und das F\u00fcllen von Fugen in Fensterrahmen, T\u00fcren, B\u00f6den \u2013 eigentlich f\u00fcr alle Holzreparaturen.   <\/p>\n<p>Tragen Sie den Kitt auf das grundierte Holz auf. Laut Hersteller kann er nach dem Auftragen direkt mit Lein\u00f6lfarbe \u00fcberstrichen werden. Achten Sie dabei darauf, dass die Haut hart genug ist, damit der Pinsel keine Linien in die Oberfl\u00e4che zieht. Kann auch in Kombination mit Werg verwendet werden.   <\/p>\n<p>Erh\u00e4ltlich in den Gr\u00f6\u00dfen 750&nbsp;g (1,6&nbsp;lb) und 5&nbsp;kg (11&nbsp;lb).<\/p>\n","protected":false},"featured_media":19987,"comment_status":"open","ping_status":"closed","template":"","meta":{"_acf_changed":false,"site-sidebar-layout":"default","site-content-layout":"","ast-site-content-layout":"default","site-content-style":"default","site-sidebar-style":"default","ast-global-header-display":"","ast-banner-title-visibility":"","ast-main-header-display":"","ast-hfb-above-header-display":"","ast-hfb-below-header-display":"","ast-hfb-mobile-header-display":"","site-post-title":"","ast-breadcrumbs-content":"","ast-featured-img":"","footer-sml-layout":"","ast-disable-related-posts":"","theme-transparent-header-meta":"default","adv-header-id-meta":"","stick-header-meta":"default","header-above-stick-meta":"","header-main-stick-meta":"","header-below-stick-meta":"","astra-migrate-meta-layouts":"default","ast-page-background-enabled":"default","ast-page-background-meta":{"desktop":{"background-color":"","background-image":"","background-repeat":"repeat","background-position":"center center","background-size":"auto","background-attachment":"scroll","background-type":"","background-media":"","overlay-type":"","overlay-color":"","overlay-opacity":"","overlay-gradient":""},"tablet":{"background-color":"","background-image":"","background-repeat":"repeat","background-position":"center center","background-size":"auto","background-attachment":"scroll","background-type":"","background-media":"","overlay-type":"","overlay-color":"","overlay-opacity":"","overlay-gradient":""},"mobile":{"background-color":"","background-image":"","background-repeat":"repeat","background-position":"center center","background-size":"auto","background-attachment":"scroll","background-type":"","background-media":"","overlay-type":"","overlay-color":"","overlay-opacity":"","overlay-gradient":""}},"ast-content-background-meta":{"desktop":{"background-color":"var(--ast-global-color-5)","background-image":"","background-repeat":"repeat","background-position":"center center","background-size":"auto","background-attachment":"scroll","background-type":"","background-media":"","overlay-type":"","overlay-color":"","overlay-opacity":"","overlay-gradient":""},"tablet":{"background-color":"var(--ast-global-color-5)","background-image":"","background-repeat":"repeat","background-position":"center center","background-size":"auto","background-attachment":"scroll","background-type":"","background-media":"","overlay-type":"","overlay-color":"","overlay-opacity":"","overlay-gradient":""},"mobile":{"background-color":"var(--ast-global-color-5)","background-image":"","background-repeat":"repeat","background-position":"center center","background-size":"auto","background-attachment":"scroll","background-type":"","background-media":"","overlay-type":"","overlay-color":"","overlay-opacity":"","overlay-gradient":""}},"ngg_post_thumbnail":0},"product_brand":[],"product_cat":[376,375],"product_tag":[],"class_list":{"0":"post-19984","1":"product","2":"type-product","3":"status-publish","4":"has-post-thumbnail","6":"product_cat-fensterrestaurierung","7":"product_cat-kitt-und-werg","8":"pa_size-grose-5-kg","9":"pa_size-grose-750-g","10":"desktop-align-center","11":"tablet-align-center","12":"mobile-align-center","13":"ast-product-gallery-layout-horizontal","14":"ast-product-gallery-with-no-image","15":"ast-product-single-variable","16":"ast-product-tabs-layout-horizontal","17":"ast-qv-on-image","19":"first","20":"instock","21":"taxable","22":"shipping-taxable","23":"purchasable","24":"product-type-variable"},"acf":[],"yoast_head":"<!-- This site is optimized with the Yoast SEO plugin v27.4 - https:\/\/yoast.com\/product\/yoast-seo-wordpress\/ -->\n<title>Lein\u00f6lspachtel \/ F\u00fcller - Brouns &amp; Co EU<\/title>\n<meta name=\"robots\" content=\"index, follow, max-snippet:-1, max-image-preview:large, max-video-preview:-1\" \/>\n<link rel=\"canonical\" href=\"https:\/\/brouns.eu\/de\/product\/kitt-und-werg\/leinoelspachtel-fueller\/\" \/>\n<meta property=\"og:locale\" content=\"de_DE\" \/>\n<meta property=\"og:type\" content=\"article\" \/>\n<meta property=\"og:title\" content=\"Lein\u00f6lspachtel \/ F\u00fcller - Brouns &amp; Co EU\" \/>\n<meta property=\"og:description\" content=\"Dieser traditionelle, hochwertige Lein\u00f6lkitt wird aus reinem Lein\u00f6l und hochwertigen Kreidesorten hergestellt. Ideal f\u00fcr die Installation von Verglasungen sowie f\u00fcr Reparaturen und das F\u00fcllen von Fugen in Fensterrahmen, T\u00fcren, B\u00f6den \u2013 eigentlich f\u00fcr alle Holzreparaturen.   Tragen Sie den Kitt auf das grundierte Holz auf. Laut Hersteller kann er nach dem Auftragen direkt mit Lein\u00f6lfarbe \u00fcberstrichen werden. Achten Sie dabei darauf, dass die Haut hart genug ist, damit der Pinsel keine Linien in die Oberfl\u00e4che zieht. Kann auch in Kombination mit Werg verwendet werden.   Erh\u00e4ltlich in den Gr\u00f6\u00dfen 750&nbsp;g (1,6&nbsp;lb) und 5&nbsp;kg (11&nbsp;lb).\" \/>\n<meta property=\"og:url\" content=\"https:\/\/brouns.eu\/de\/product\/kitt-und-werg\/leinoelspachtel-fueller\/\" \/>\n<meta property=\"og:site_name\" content=\"Brouns &amp; Co EU\" \/>\n<meta property=\"og:image\" content=\"https:\/\/brouns.eu\/wp-content\/uploads\/2024\/07\/Brouns_Co_putty.jpg\" \/>\n\t<meta property=\"og:image:width\" content=\"800\" \/>\n\t<meta property=\"og:image:height\" content=\"800\" \/>\n\t<meta property=\"og:image:type\" content=\"image\/jpeg\" \/>\n<meta name=\"twitter:card\" content=\"summary_large_image\" \/>\n<script type=\"application\/ld+json\" class=\"yoast-schema-graph\">{\"@context\":\"https:\\\/\\\/schema.org\",\"@graph\":[{\"@type\":\"WebPage\",\"@id\":\"https:\\\/\\\/brouns.eu\\\/de\\\/product\\\/kitt-und-werg\\\/leinoelspachtel-fueller\\\/\",\"url\":\"https:\\\/\\\/brouns.eu\\\/de\\\/product\\\/kitt-und-werg\\\/leinoelspachtel-fueller\\\/\",\"name\":\"Lein\u00f6lspachtel \\\/ F\u00fcller - Brouns &amp; Co EU\",\"isPartOf\":{\"@id\":\"https:\\\/\\\/brouns.eu\\\/de\\\/#website\"},\"primaryImageOfPage\":{\"@id\":\"https:\\\/\\\/brouns.eu\\\/de\\\/product\\\/kitt-und-werg\\\/leinoelspachtel-fueller\\\/#primaryimage\"},\"image\":{\"@id\":\"https:\\\/\\\/brouns.eu\\\/de\\\/product\\\/kitt-und-werg\\\/leinoelspachtel-fueller\\\/#primaryimage\"},\"thumbnailUrl\":\"https:\\\/\\\/brouns.eu\\\/wp-content\\\/uploads\\\/2024\\\/07\\\/Brouns_Co_putty.jpg\",\"datePublished\":\"2024-10-29T21:27:32+00:00\",\"breadcrumb\":{\"@id\":\"https:\\\/\\\/brouns.eu\\\/de\\\/product\\\/kitt-und-werg\\\/leinoelspachtel-fueller\\\/#breadcrumb\"},\"inLanguage\":\"de\",\"potentialAction\":[{\"@type\":\"ReadAction\",\"target\":[\"https:\\\/\\\/brouns.eu\\\/de\\\/product\\\/kitt-und-werg\\\/leinoelspachtel-fueller\\\/\"]}]},{\"@type\":\"ImageObject\",\"inLanguage\":\"de\",\"@id\":\"https:\\\/\\\/brouns.eu\\\/de\\\/product\\\/kitt-und-werg\\\/leinoelspachtel-fueller\\\/#primaryimage\",\"url\":\"https:\\\/\\\/brouns.eu\\\/wp-content\\\/uploads\\\/2024\\\/07\\\/Brouns_Co_putty.jpg\",\"contentUrl\":\"https:\\\/\\\/brouns.eu\\\/wp-content\\\/uploads\\\/2024\\\/07\\\/Brouns_Co_putty.jpg\",\"width\":800,\"height\":800},{\"@type\":\"BreadcrumbList\",\"@id\":\"https:\\\/\\\/brouns.eu\\\/de\\\/product\\\/kitt-und-werg\\\/leinoelspachtel-fueller\\\/#breadcrumb\",\"itemListElement\":[{\"@type\":\"ListItem\",\"position\":1,\"name\":\"Home\",\"item\":\"https:\\\/\\\/brouns.eu\\\/de\\\/\"},{\"@type\":\"ListItem\",\"position\":2,\"name\":\"Gesch\u00e4ft\",\"item\":\"https:\\\/\\\/brouns.eu\\\/geschaeft\\\/\"},{\"@type\":\"ListItem\",\"position\":3,\"name\":\"Lein\u00f6lspachtel \\\/ F\u00fcller\"}]},{\"@type\":\"WebSite\",\"@id\":\"https:\\\/\\\/brouns.eu\\\/de\\\/#website\",\"url\":\"https:\\\/\\\/brouns.eu\\\/de\\\/\",\"name\":\"Brouns &amp; Co EU\",\"description\":\"\",\"publisher\":{\"@id\":\"https:\\\/\\\/brouns.eu\\\/de\\\/#organization\"},\"potentialAction\":[{\"@type\":\"SearchAction\",\"target\":{\"@type\":\"EntryPoint\",\"urlTemplate\":\"https:\\\/\\\/brouns.eu\\\/de\\\/?s={search_term_string}\"},\"query-input\":{\"@type\":\"PropertyValueSpecification\",\"valueRequired\":true,\"valueName\":\"search_term_string\"}}],\"inLanguage\":\"de\"},{\"@type\":\"Organization\",\"@id\":\"https:\\\/\\\/brouns.eu\\\/de\\\/#organization\",\"name\":\"Brouns &amp; Co EU\",\"url\":\"https:\\\/\\\/brouns.eu\\\/de\\\/\",\"logo\":{\"@type\":\"ImageObject\",\"inLanguage\":\"de\",\"@id\":\"https:\\\/\\\/brouns.eu\\\/de\\\/#\\\/schema\\\/logo\\\/image\\\/\",\"url\":\"https:\\\/\\\/brouns.eu\\\/wp-content\\\/uploads\\\/2024\\\/04\\\/Brouns-_-co-Logo-no-linseed-paint-oil.png\",\"contentUrl\":\"https:\\\/\\\/brouns.eu\\\/wp-content\\\/uploads\\\/2024\\\/04\\\/Brouns-_-co-Logo-no-linseed-paint-oil.png\",\"width\":650,\"height\":60,\"caption\":\"Brouns &amp; Co EU\"},\"image\":{\"@id\":\"https:\\\/\\\/brouns.eu\\\/de\\\/#\\\/schema\\\/logo\\\/image\\\/\"}}]}<\/script>\n<!-- \/ Yoast SEO plugin. -->","yoast_head_json":{"title":"Lein\u00f6lspachtel \/ F\u00fcller - Brouns &amp; Co EU","robots":{"index":"index","follow":"follow","max-snippet":"max-snippet:-1","max-image-preview":"max-image-preview:large","max-video-preview":"max-video-preview:-1"},"canonical":"https:\/\/brouns.eu\/de\/product\/kitt-und-werg\/leinoelspachtel-fueller\/","og_locale":"de_DE","og_type":"article","og_title":"Lein\u00f6lspachtel \/ F\u00fcller - Brouns &amp; Co EU","og_description":"Dieser traditionelle, hochwertige Lein\u00f6lkitt wird aus reinem Lein\u00f6l und hochwertigen Kreidesorten hergestellt. Ideal f\u00fcr die Installation von Verglasungen sowie f\u00fcr Reparaturen und das F\u00fcllen von Fugen in Fensterrahmen, T\u00fcren, B\u00f6den \u2013 eigentlich f\u00fcr alle Holzreparaturen.   Tragen Sie den Kitt auf das grundierte Holz auf. Laut Hersteller kann er nach dem Auftragen direkt mit Lein\u00f6lfarbe \u00fcberstrichen werden. Achten Sie dabei darauf, dass die Haut hart genug ist, damit der Pinsel keine Linien in die Oberfl\u00e4che zieht. Kann auch in Kombination mit Werg verwendet werden.   Erh\u00e4ltlich in den Gr\u00f6\u00dfen 750&nbsp;g (1,6&nbsp;lb) und 5&nbsp;kg (11&nbsp;lb).","og_url":"https:\/\/brouns.eu\/de\/product\/kitt-und-werg\/leinoelspachtel-fueller\/","og_site_name":"Brouns &amp; Co EU","og_image":[{"width":800,"height":800,"url":"https:\/\/brouns.eu\/wp-content\/uploads\/2024\/07\/Brouns_Co_putty.jpg","type":"image\/jpeg"}],"twitter_card":"summary_large_image","schema":{"@context":"https:\/\/schema.org","@graph":[{"@type":"WebPage","@id":"https:\/\/brouns.eu\/de\/product\/kitt-und-werg\/leinoelspachtel-fueller\/","url":"https:\/\/brouns.eu\/de\/product\/kitt-und-werg\/leinoelspachtel-fueller\/","name":"Lein\u00f6lspachtel \/ F\u00fcller - Brouns &amp; Co EU","isPartOf":{"@id":"https:\/\/brouns.eu\/de\/#website"},"primaryImageOfPage":{"@id":"https:\/\/brouns.eu\/de\/product\/kitt-und-werg\/leinoelspachtel-fueller\/#primaryimage"},"image":{"@id":"https:\/\/brouns.eu\/de\/product\/kitt-und-werg\/leinoelspachtel-fueller\/#primaryimage"},"thumbnailUrl":"https:\/\/brouns.eu\/wp-content\/uploads\/2024\/07\/Brouns_Co_putty.jpg","datePublished":"2024-10-29T21:27:32+00:00","breadcrumb":{"@id":"https:\/\/brouns.eu\/de\/product\/kitt-und-werg\/leinoelspachtel-fueller\/#breadcrumb"},"inLanguage":"de","potentialAction":[{"@type":"ReadAction","target":["https:\/\/brouns.eu\/de\/product\/kitt-und-werg\/leinoelspachtel-fueller\/"]}]},{"@type":"ImageObject","inLanguage":"de","@id":"https:\/\/brouns.eu\/de\/product\/kitt-und-werg\/leinoelspachtel-fueller\/#primaryimage","url":"https:\/\/brouns.eu\/wp-content\/uploads\/2024\/07\/Brouns_Co_putty.jpg","contentUrl":"https:\/\/brouns.eu\/wp-content\/uploads\/2024\/07\/Brouns_Co_putty.jpg","width":800,"height":800},{"@type":"BreadcrumbList","@id":"https:\/\/brouns.eu\/de\/product\/kitt-und-werg\/leinoelspachtel-fueller\/#breadcrumb","itemListElement":[{"@type":"ListItem","position":1,"name":"Home","item":"https:\/\/brouns.eu\/de\/"},{"@type":"ListItem","position":2,"name":"Gesch\u00e4ft","item":"https:\/\/brouns.eu\/geschaeft\/"},{"@type":"ListItem","position":3,"name":"Lein\u00f6lspachtel \/ F\u00fcller"}]},{"@type":"WebSite","@id":"https:\/\/brouns.eu\/de\/#website","url":"https:\/\/brouns.eu\/de\/","name":"Brouns &amp; Co EU","description":"","publisher":{"@id":"https:\/\/brouns.eu\/de\/#organization"},"potentialAction":[{"@type":"SearchAction","target":{"@type":"EntryPoint","urlTemplate":"https:\/\/brouns.eu\/de\/?s={search_term_string}"},"query-input":{"@type":"PropertyValueSpecification","valueRequired":true,"valueName":"search_term_string"}}],"inLanguage":"de"},{"@type":"Organization","@id":"https:\/\/brouns.eu\/de\/#organization","name":"Brouns &amp; Co EU","url":"https:\/\/brouns.eu\/de\/","logo":{"@type":"ImageObject","inLanguage":"de","@id":"https:\/\/brouns.eu\/de\/#\/schema\/logo\/image\/","url":"https:\/\/brouns.eu\/wp-content\/uploads\/2024\/04\/Brouns-_-co-Logo-no-linseed-paint-oil.png","contentUrl":"https:\/\/brouns.eu\/wp-content\/uploads\/2024\/04\/Brouns-_-co-Logo-no-linseed-paint-oil.png","width":650,"height":60,"caption":"Brouns &amp; Co EU"},"image":{"@id":"https:\/\/brouns.eu\/de\/#\/schema\/logo\/image\/"}}]}},"_links":{"self":[{"href":"https:\/\/brouns.eu\/de\/wp-json\/wp\/v2\/product\/19984","targetHints":{"allow":["GET"]}}],"collection":[{"href":"https:\/\/brouns.eu\/de\/wp-json\/wp\/v2\/product"}],"about":[{"href":"https:\/\/brouns.eu\/de\/wp-json\/wp\/v2\/types\/product"}],"replies":[{"embeddable":true,"href":"https:\/\/brouns.eu\/de\/wp-json\/wp\/v2\/comments?post=19984"}],"version-history":[{"count":0,"href":"https:\/\/brouns.eu\/de\/wp-json\/wp\/v2\/product\/19984\/revisions"}],"wp:featuredmedia":[{"embeddable":true,"href":"https:\/\/brouns.eu\/de\/wp-json\/wp\/v2\/media\/19987"}],"wp:attachment":[{"href":"https:\/\/brouns.eu\/de\/wp-json\/wp\/v2\/media?parent=19984"}],"wp:term":[{"taxonomy":"product_brand","embeddable":true,"href":"https:\/\/brouns.eu\/de\/wp-json\/wp\/v2\/product_brand?post=19984"},{"taxonomy":"product_cat","embeddable":true,"href":"https:\/\/brouns.eu\/de\/wp-json\/wp\/v2\/product_cat?post=19984"},{"taxonomy":"product_tag","embeddable":true,"href":"https:\/\/brouns.eu\/de\/wp-json\/wp\/v2\/product_tag?post=19984"}],"curies":[{"name":"wp","href":"https:\/\/api.w.org\/{rel}","templated":true}]}}