{"id":19944,"date":"2024-10-29T21:27:28","date_gmt":"2024-10-29T21:27:28","guid":{"rendered":"https:\/\/brouns.eu\/product\/unkategorisiert\/gekochtes-leinoel\/"},"modified":"2024-10-29T21:27:28","modified_gmt":"2024-10-29T21:27:28","slug":"gekochtes-leinoel","status":"publish","type":"product","link":"https:\/\/brouns.eu\/de\/product\/ole\/gekochtes-leinoel\/","title":{"rendered":"Gekochtes Lein\u00f6l"},"content":{"rendered":"","protected":false},"excerpt":{"rendered":"<p>Ideal zum Verd\u00fcnnen von Lein\u00f6lfarbe und zur Holzbehandlung.<\/p>\n<p>Original kaltgepresstes, gereiftes und gekochtes Lein\u00f6l. Daraus wird Lein\u00f6lfarbe hergestellt und ist daher das perfekte Verd\u00fcnnungsmittel. <\/p>\n<p>Dieses Lein\u00f6l trocknet jedoch schneller als rohes Lein\u00f6l. Wenn Sie also sehr trockenes, por\u00f6ses Holz streichen, empfehlen wir stattdessen rohes Lein\u00f6l.<\/p>\n<p>Gekochtes Lein\u00f6l kann auch zum \u00d6len und zur Oberfl\u00e4chenbehandlung von Holz im Innenbereich verwendet werden und verleiht abgeschliffenem oder blankem Holz eine satte, weiche Patina. Wir werden auch oft gefragt, ob man Lein\u00f6l allein (roh oder gekocht) zum Schutz von Holz im Au\u00dfenbereich verwenden kann. Wir raten davon ab, da Lein\u00f6l als Bioprodukt keinen Schutz vor UV-Strahlung oder Schimmelbildung bietet. Deshalb haben wir ein Nourish Wood Oil entwickelt, das Holz im Au\u00dfenbereich mit einem klaren Finish sch\u00fctzt. Alternativ k\u00f6nnen Sie unsere Lein\u00f6lfarbe f\u00fcr den Au\u00dfenbereich verwenden, die durch die enthaltenen Farbpigmente gesch\u00fctzt ist.    <\/p>\n<p>Erh\u00e4ltlich in den Gr\u00f6\u00dfen 500 ml (16,9 fl.oz.), 1 l (33,8 fl.oz.) und 5 l (1,32 gal.).<\/p>\n","protected":false},"featured_media":19948,"comment_status":"open","ping_status":"closed","template":"","meta":{"_acf_changed":false,"site-sidebar-layout":"default","site-content-layout":"","ast-site-content-layout":"default","site-content-style":"default","site-sidebar-style":"default","ast-global-header-display":"","ast-banner-title-visibility":"","ast-main-header-display":"","ast-hfb-above-header-display":"","ast-hfb-below-header-display":"","ast-hfb-mobile-header-display":"","site-post-title":"","ast-breadcrumbs-content":"","ast-featured-img":"","footer-sml-layout":"","ast-disable-related-posts":"","theme-transparent-header-meta":"default","adv-header-id-meta":"","stick-header-meta":"default","header-above-stick-meta":"","header-main-stick-meta":"","header-below-stick-meta":"","astra-migrate-meta-layouts":"default","ast-page-background-enabled":"default","ast-page-background-meta":{"desktop":{"background-color":"","background-image":"","background-repeat":"repeat","background-position":"center center","background-size":"auto","background-attachment":"scroll","background-type":"","background-media":"","overlay-type":"","overlay-color":"","overlay-opacity":"","overlay-gradient":""},"tablet":{"background-color":"","background-image":"","background-repeat":"repeat","background-position":"center center","background-size":"auto","background-attachment":"scroll","background-type":"","background-media":"","overlay-type":"","overlay-color":"","overlay-opacity":"","overlay-gradient":""},"mobile":{"background-color":"","background-image":"","background-repeat":"repeat","background-position":"center center","background-size":"auto","background-attachment":"scroll","background-type":"","background-media":"","overlay-type":"","overlay-color":"","overlay-opacity":"","overlay-gradient":""}},"ast-content-background-meta":{"desktop":{"background-color":"var(--ast-global-color-5)","background-image":"","background-repeat":"repeat","background-position":"center center","background-size":"auto","background-attachment":"scroll","background-type":"","background-media":"","overlay-type":"","overlay-color":"","overlay-opacity":"","overlay-gradient":""},"tablet":{"background-color":"var(--ast-global-color-5)","background-image":"","background-repeat":"repeat","background-position":"center center","background-size":"auto","background-attachment":"scroll","background-type":"","background-media":"","overlay-type":"","overlay-color":"","overlay-opacity":"","overlay-gradient":""},"mobile":{"background-color":"var(--ast-global-color-5)","background-image":"","background-repeat":"repeat","background-position":"center center","background-size":"auto","background-attachment":"scroll","background-type":"","background-media":"","overlay-type":"","overlay-color":"","overlay-opacity":"","overlay-gradient":""}},"ngg_post_thumbnail":0},"product_brand":[],"product_cat":[371],"product_tag":[],"class_list":{"0":"post-19944","1":"product","2":"type-product","3":"status-publish","4":"has-post-thumbnail","6":"product_cat-ole","7":"pa_size-grose-1l","8":"pa_size-grose-500ml","9":"pa_size-grose-5l","10":"desktop-align-center","11":"tablet-align-center","12":"mobile-align-center","13":"ast-product-gallery-layout-horizontal","14":"ast-product-gallery-with-no-image","15":"ast-product-single-variable","16":"ast-product-tabs-layout-horizontal","17":"ast-qv-on-image","19":"first","20":"instock","21":"taxable","22":"shipping-taxable","23":"purchasable","24":"product-type-variable"},"acf":[],"yoast_head":"<!-- This site is optimized with the Yoast SEO plugin v27.4 - https:\/\/yoast.com\/product\/yoast-seo-wordpress\/ -->\n<title>Gekochtes Lein\u00f6l - Brouns &amp; Co EU<\/title>\n<meta name=\"robots\" content=\"index, follow, max-snippet:-1, max-image-preview:large, max-video-preview:-1\" \/>\n<link rel=\"canonical\" href=\"https:\/\/brouns.eu\/de\/product\/ole\/gekochtes-leinoel\/\" \/>\n<meta property=\"og:locale\" content=\"de_DE\" \/>\n<meta property=\"og:type\" content=\"article\" \/>\n<meta property=\"og:title\" content=\"Gekochtes Lein\u00f6l - Brouns &amp; Co EU\" \/>\n<meta property=\"og:description\" content=\"Ideal zum Verd\u00fcnnen von Lein\u00f6lfarbe und zur Holzbehandlung. Original kaltgepresstes, gereiftes und gekochtes Lein\u00f6l. Daraus wird Lein\u00f6lfarbe hergestellt und ist daher das perfekte Verd\u00fcnnungsmittel.  Dieses Lein\u00f6l trocknet jedoch schneller als rohes Lein\u00f6l. Wenn Sie also sehr trockenes, por\u00f6ses Holz streichen, empfehlen wir stattdessen rohes Lein\u00f6l. Gekochtes Lein\u00f6l kann auch zum \u00d6len und zur Oberfl\u00e4chenbehandlung von Holz im Innenbereich verwendet werden und verleiht abgeschliffenem oder blankem Holz eine satte, weiche Patina. Wir werden auch oft gefragt, ob man Lein\u00f6l allein (roh oder gekocht) zum Schutz von Holz im Au\u00dfenbereich verwenden kann. Wir raten davon ab, da Lein\u00f6l als Bioprodukt keinen Schutz vor UV-Strahlung oder Schimmelbildung bietet. Deshalb haben wir ein Nourish Wood Oil entwickelt, das Holz im Au\u00dfenbereich mit einem klaren Finish sch\u00fctzt. Alternativ k\u00f6nnen Sie unsere Lein\u00f6lfarbe f\u00fcr den Au\u00dfenbereich verwenden, die durch die enthaltenen Farbpigmente gesch\u00fctzt ist.   Erh\u00e4ltlich in den Gr\u00f6\u00dfen 500 ml (16,9 fl.oz.), 1 l (33,8 fl.oz.) und 5 l (1,32 gal.).\" \/>\n<meta property=\"og:url\" content=\"https:\/\/brouns.eu\/de\/product\/ole\/gekochtes-leinoel\/\" \/>\n<meta property=\"og:site_name\" content=\"Brouns &amp; Co EU\" \/>\n<meta property=\"og:image\" content=\"https:\/\/brouns.eu\/wp-content\/uploads\/2024\/07\/Brouns_Co_Boiled_Oil.jpg\" \/>\n\t<meta property=\"og:image:width\" content=\"800\" \/>\n\t<meta property=\"og:image:height\" content=\"800\" \/>\n\t<meta property=\"og:image:type\" content=\"image\/jpeg\" \/>\n<meta name=\"twitter:card\" content=\"summary_large_image\" \/>\n<script type=\"application\/ld+json\" class=\"yoast-schema-graph\">{\"@context\":\"https:\\\/\\\/schema.org\",\"@graph\":[{\"@type\":\"WebPage\",\"@id\":\"https:\\\/\\\/brouns.eu\\\/de\\\/product\\\/ole\\\/gekochtes-leinoel\\\/\",\"url\":\"https:\\\/\\\/brouns.eu\\\/de\\\/product\\\/ole\\\/gekochtes-leinoel\\\/\",\"name\":\"Gekochtes Lein\u00f6l - Brouns &amp; Co EU\",\"isPartOf\":{\"@id\":\"https:\\\/\\\/brouns.eu\\\/de\\\/#website\"},\"primaryImageOfPage\":{\"@id\":\"https:\\\/\\\/brouns.eu\\\/de\\\/product\\\/ole\\\/gekochtes-leinoel\\\/#primaryimage\"},\"image\":{\"@id\":\"https:\\\/\\\/brouns.eu\\\/de\\\/product\\\/ole\\\/gekochtes-leinoel\\\/#primaryimage\"},\"thumbnailUrl\":\"https:\\\/\\\/brouns.eu\\\/wp-content\\\/uploads\\\/2024\\\/07\\\/Brouns_Co_Boiled_Oil.jpg\",\"datePublished\":\"2024-10-29T21:27:28+00:00\",\"breadcrumb\":{\"@id\":\"https:\\\/\\\/brouns.eu\\\/de\\\/product\\\/ole\\\/gekochtes-leinoel\\\/#breadcrumb\"},\"inLanguage\":\"de\",\"potentialAction\":[{\"@type\":\"ReadAction\",\"target\":[\"https:\\\/\\\/brouns.eu\\\/de\\\/product\\\/ole\\\/gekochtes-leinoel\\\/\"]}]},{\"@type\":\"ImageObject\",\"inLanguage\":\"de\",\"@id\":\"https:\\\/\\\/brouns.eu\\\/de\\\/product\\\/ole\\\/gekochtes-leinoel\\\/#primaryimage\",\"url\":\"https:\\\/\\\/brouns.eu\\\/wp-content\\\/uploads\\\/2024\\\/07\\\/Brouns_Co_Boiled_Oil.jpg\",\"contentUrl\":\"https:\\\/\\\/brouns.eu\\\/wp-content\\\/uploads\\\/2024\\\/07\\\/Brouns_Co_Boiled_Oil.jpg\",\"width\":800,\"height\":800},{\"@type\":\"BreadcrumbList\",\"@id\":\"https:\\\/\\\/brouns.eu\\\/de\\\/product\\\/ole\\\/gekochtes-leinoel\\\/#breadcrumb\",\"itemListElement\":[{\"@type\":\"ListItem\",\"position\":1,\"name\":\"Home\",\"item\":\"https:\\\/\\\/brouns.eu\\\/de\\\/\"},{\"@type\":\"ListItem\",\"position\":2,\"name\":\"Gesch\u00e4ft\",\"item\":\"https:\\\/\\\/brouns.eu\\\/geschaeft\\\/\"},{\"@type\":\"ListItem\",\"position\":3,\"name\":\"Gekochtes Lein\u00f6l\"}]},{\"@type\":\"WebSite\",\"@id\":\"https:\\\/\\\/brouns.eu\\\/de\\\/#website\",\"url\":\"https:\\\/\\\/brouns.eu\\\/de\\\/\",\"name\":\"Brouns &amp; Co EU\",\"description\":\"\",\"publisher\":{\"@id\":\"https:\\\/\\\/brouns.eu\\\/de\\\/#organization\"},\"potentialAction\":[{\"@type\":\"SearchAction\",\"target\":{\"@type\":\"EntryPoint\",\"urlTemplate\":\"https:\\\/\\\/brouns.eu\\\/de\\\/?s={search_term_string}\"},\"query-input\":{\"@type\":\"PropertyValueSpecification\",\"valueRequired\":true,\"valueName\":\"search_term_string\"}}],\"inLanguage\":\"de\"},{\"@type\":\"Organization\",\"@id\":\"https:\\\/\\\/brouns.eu\\\/de\\\/#organization\",\"name\":\"Brouns &amp; Co EU\",\"url\":\"https:\\\/\\\/brouns.eu\\\/de\\\/\",\"logo\":{\"@type\":\"ImageObject\",\"inLanguage\":\"de\",\"@id\":\"https:\\\/\\\/brouns.eu\\\/de\\\/#\\\/schema\\\/logo\\\/image\\\/\",\"url\":\"https:\\\/\\\/brouns.eu\\\/wp-content\\\/uploads\\\/2024\\\/04\\\/Brouns-_-co-Logo-no-linseed-paint-oil.png\",\"contentUrl\":\"https:\\\/\\\/brouns.eu\\\/wp-content\\\/uploads\\\/2024\\\/04\\\/Brouns-_-co-Logo-no-linseed-paint-oil.png\",\"width\":650,\"height\":60,\"caption\":\"Brouns &amp; Co EU\"},\"image\":{\"@id\":\"https:\\\/\\\/brouns.eu\\\/de\\\/#\\\/schema\\\/logo\\\/image\\\/\"}}]}<\/script>\n<!-- \/ Yoast SEO plugin. -->","yoast_head_json":{"title":"Gekochtes Lein\u00f6l - Brouns &amp; Co EU","robots":{"index":"index","follow":"follow","max-snippet":"max-snippet:-1","max-image-preview":"max-image-preview:large","max-video-preview":"max-video-preview:-1"},"canonical":"https:\/\/brouns.eu\/de\/product\/ole\/gekochtes-leinoel\/","og_locale":"de_DE","og_type":"article","og_title":"Gekochtes Lein\u00f6l - Brouns &amp; Co EU","og_description":"Ideal zum Verd\u00fcnnen von Lein\u00f6lfarbe und zur Holzbehandlung. Original kaltgepresstes, gereiftes und gekochtes Lein\u00f6l. Daraus wird Lein\u00f6lfarbe hergestellt und ist daher das perfekte Verd\u00fcnnungsmittel.  Dieses Lein\u00f6l trocknet jedoch schneller als rohes Lein\u00f6l. Wenn Sie also sehr trockenes, por\u00f6ses Holz streichen, empfehlen wir stattdessen rohes Lein\u00f6l. Gekochtes Lein\u00f6l kann auch zum \u00d6len und zur Oberfl\u00e4chenbehandlung von Holz im Innenbereich verwendet werden und verleiht abgeschliffenem oder blankem Holz eine satte, weiche Patina. Wir werden auch oft gefragt, ob man Lein\u00f6l allein (roh oder gekocht) zum Schutz von Holz im Au\u00dfenbereich verwenden kann. Wir raten davon ab, da Lein\u00f6l als Bioprodukt keinen Schutz vor UV-Strahlung oder Schimmelbildung bietet. Deshalb haben wir ein Nourish Wood Oil entwickelt, das Holz im Au\u00dfenbereich mit einem klaren Finish sch\u00fctzt. Alternativ k\u00f6nnen Sie unsere Lein\u00f6lfarbe f\u00fcr den Au\u00dfenbereich verwenden, die durch die enthaltenen Farbpigmente gesch\u00fctzt ist.   Erh\u00e4ltlich in den Gr\u00f6\u00dfen 500 ml (16,9 fl.oz.), 1 l (33,8 fl.oz.) und 5 l (1,32 gal.).","og_url":"https:\/\/brouns.eu\/de\/product\/ole\/gekochtes-leinoel\/","og_site_name":"Brouns &amp; Co EU","og_image":[{"width":800,"height":800,"url":"https:\/\/brouns.eu\/wp-content\/uploads\/2024\/07\/Brouns_Co_Boiled_Oil.jpg","type":"image\/jpeg"}],"twitter_card":"summary_large_image","schema":{"@context":"https:\/\/schema.org","@graph":[{"@type":"WebPage","@id":"https:\/\/brouns.eu\/de\/product\/ole\/gekochtes-leinoel\/","url":"https:\/\/brouns.eu\/de\/product\/ole\/gekochtes-leinoel\/","name":"Gekochtes Lein\u00f6l - Brouns &amp; Co EU","isPartOf":{"@id":"https:\/\/brouns.eu\/de\/#website"},"primaryImageOfPage":{"@id":"https:\/\/brouns.eu\/de\/product\/ole\/gekochtes-leinoel\/#primaryimage"},"image":{"@id":"https:\/\/brouns.eu\/de\/product\/ole\/gekochtes-leinoel\/#primaryimage"},"thumbnailUrl":"https:\/\/brouns.eu\/wp-content\/uploads\/2024\/07\/Brouns_Co_Boiled_Oil.jpg","datePublished":"2024-10-29T21:27:28+00:00","breadcrumb":{"@id":"https:\/\/brouns.eu\/de\/product\/ole\/gekochtes-leinoel\/#breadcrumb"},"inLanguage":"de","potentialAction":[{"@type":"ReadAction","target":["https:\/\/brouns.eu\/de\/product\/ole\/gekochtes-leinoel\/"]}]},{"@type":"ImageObject","inLanguage":"de","@id":"https:\/\/brouns.eu\/de\/product\/ole\/gekochtes-leinoel\/#primaryimage","url":"https:\/\/brouns.eu\/wp-content\/uploads\/2024\/07\/Brouns_Co_Boiled_Oil.jpg","contentUrl":"https:\/\/brouns.eu\/wp-content\/uploads\/2024\/07\/Brouns_Co_Boiled_Oil.jpg","width":800,"height":800},{"@type":"BreadcrumbList","@id":"https:\/\/brouns.eu\/de\/product\/ole\/gekochtes-leinoel\/#breadcrumb","itemListElement":[{"@type":"ListItem","position":1,"name":"Home","item":"https:\/\/brouns.eu\/de\/"},{"@type":"ListItem","position":2,"name":"Gesch\u00e4ft","item":"https:\/\/brouns.eu\/geschaeft\/"},{"@type":"ListItem","position":3,"name":"Gekochtes Lein\u00f6l"}]},{"@type":"WebSite","@id":"https:\/\/brouns.eu\/de\/#website","url":"https:\/\/brouns.eu\/de\/","name":"Brouns &amp; Co EU","description":"","publisher":{"@id":"https:\/\/brouns.eu\/de\/#organization"},"potentialAction":[{"@type":"SearchAction","target":{"@type":"EntryPoint","urlTemplate":"https:\/\/brouns.eu\/de\/?s={search_term_string}"},"query-input":{"@type":"PropertyValueSpecification","valueRequired":true,"valueName":"search_term_string"}}],"inLanguage":"de"},{"@type":"Organization","@id":"https:\/\/brouns.eu\/de\/#organization","name":"Brouns &amp; Co EU","url":"https:\/\/brouns.eu\/de\/","logo":{"@type":"ImageObject","inLanguage":"de","@id":"https:\/\/brouns.eu\/de\/#\/schema\/logo\/image\/","url":"https:\/\/brouns.eu\/wp-content\/uploads\/2024\/04\/Brouns-_-co-Logo-no-linseed-paint-oil.png","contentUrl":"https:\/\/brouns.eu\/wp-content\/uploads\/2024\/04\/Brouns-_-co-Logo-no-linseed-paint-oil.png","width":650,"height":60,"caption":"Brouns &amp; Co EU"},"image":{"@id":"https:\/\/brouns.eu\/de\/#\/schema\/logo\/image\/"}}]}},"_links":{"self":[{"href":"https:\/\/brouns.eu\/de\/wp-json\/wp\/v2\/product\/19944","targetHints":{"allow":["GET"]}}],"collection":[{"href":"https:\/\/brouns.eu\/de\/wp-json\/wp\/v2\/product"}],"about":[{"href":"https:\/\/brouns.eu\/de\/wp-json\/wp\/v2\/types\/product"}],"replies":[{"embeddable":true,"href":"https:\/\/brouns.eu\/de\/wp-json\/wp\/v2\/comments?post=19944"}],"version-history":[{"count":0,"href":"https:\/\/brouns.eu\/de\/wp-json\/wp\/v2\/product\/19944\/revisions"}],"wp:featuredmedia":[{"embeddable":true,"href":"https:\/\/brouns.eu\/de\/wp-json\/wp\/v2\/media\/19948"}],"wp:attachment":[{"href":"https:\/\/brouns.eu\/de\/wp-json\/wp\/v2\/media?parent=19944"}],"wp:term":[{"taxonomy":"product_brand","embeddable":true,"href":"https:\/\/brouns.eu\/de\/wp-json\/wp\/v2\/product_brand?post=19944"},{"taxonomy":"product_cat","embeddable":true,"href":"https:\/\/brouns.eu\/de\/wp-json\/wp\/v2\/product_cat?post=19944"},{"taxonomy":"product_tag","embeddable":true,"href":"https:\/\/brouns.eu\/de\/wp-json\/wp\/v2\/product_tag?post=19944"}],"curies":[{"name":"wp","href":"https:\/\/api.w.org\/{rel}","templated":true}]}}