{"id":19939,"date":"2024-10-29T21:27:23","date_gmt":"2024-10-29T21:27:23","guid":{"rendered":"https:\/\/brouns.eu\/product\/unkategorisiert\/grundierung-nr-2\/"},"modified":"2024-10-29T21:27:23","modified_gmt":"2024-10-29T21:27:23","slug":"grundierung-nr-2","status":"publish","type":"product","link":"https:\/\/brouns.eu\/de\/product\/grundierungen\/grundierung-nr-2\/","title":{"rendered":"Grundierung Nr. 2"},"content":{"rendered":"","protected":false},"excerpt":{"rendered":"<p><strong>GRUNDIERUNG \u2013 VERWENDUNG MIT LEIN\u00d6LFARBE F\u00dcR DEN AUSSENBEREICH<\/strong><\/p>\n<p>Eine fertig gemischte Grundierung zur Verwendung mit unserer Lein\u00f6lfarbe f\u00fcr Au\u00dfenanstriche auf Holz im Au\u00dfenbereich. Sie m\u00fcssen nun keine eigene Grundierung aus Farbe, Rohlein\u00f6l und Balsamterpentin mehr anr\u00fchren. Unsere Grundierung aus nat\u00fcrlichen Inhaltsstoffen und Pigmenten ist bereits im richtigen Verh\u00e4ltnis gemischt und nach gr\u00fcndlichem Umr\u00fchren gebrauchsfertig. Ein Anstrich dieser Grundierung bildet die perfekte Basis f\u00fcr alle Farben unserer wundersch\u00f6nen Lein\u00f6lfarben-Kollektion f\u00fcr Au\u00dfenanstriche.   <\/p>\n<p>Es ist in drei Farbt\u00f6nen erh\u00e4ltlich:<\/p>\n<p><strong>GRUNDIERUNG NR. 1<\/strong><\/p>\n<p><strong>GRUNDIERUNG #2<\/strong><\/p>\n<p><strong>GRUNDIERUNG NR. 3<\/strong><\/p>\n<p>&nbsp;<\/p>\n<p>Wenn Sie Ihre Lein\u00f6lfarbe f\u00fcr den Au\u00dfenbereich bestellen, sehen Sie, welche der drei Grundierungen wir f\u00fcr jede Farbe empfehlen.<\/p>\n<p>Bitte beachten Sie, dass die Farbe zwischen den Chargen variieren kann. Dies hat jedoch keinen Einfluss auf das endg\u00fcltige Finish, sobald die Decklacke aufgetragen sind.<\/p>\n<p><strong>Abdeckung<\/strong><\/p>\n<p>14\u201316 <sup>m\u00b2<\/sup> pro Liter pro Anstrich (155\u2013180 Quadratfu\u00df pro 33,8 fl.oz.)<\/p>\n","protected":false},"featured_media":19943,"comment_status":"open","ping_status":"closed","template":"","meta":{"_acf_changed":false,"site-sidebar-layout":"default","site-content-layout":"","ast-site-content-layout":"default","site-content-style":"default","site-sidebar-style":"default","ast-global-header-display":"","ast-banner-title-visibility":"","ast-main-header-display":"","ast-hfb-above-header-display":"","ast-hfb-below-header-display":"","ast-hfb-mobile-header-display":"","site-post-title":"","ast-breadcrumbs-content":"","ast-featured-img":"","footer-sml-layout":"","ast-disable-related-posts":"","theme-transparent-header-meta":"default","adv-header-id-meta":"","stick-header-meta":"default","header-above-stick-meta":"","header-main-stick-meta":"","header-below-stick-meta":"","astra-migrate-meta-layouts":"default","ast-page-background-enabled":"default","ast-page-background-meta":{"desktop":{"background-color":"","background-image":"","background-repeat":"repeat","background-position":"center center","background-size":"auto","background-attachment":"scroll","background-type":"","background-media":"","overlay-type":"","overlay-color":"","overlay-opacity":"","overlay-gradient":""},"tablet":{"background-color":"","background-image":"","background-repeat":"repeat","background-position":"center center","background-size":"auto","background-attachment":"scroll","background-type":"","background-media":"","overlay-type":"","overlay-color":"","overlay-opacity":"","overlay-gradient":""},"mobile":{"background-color":"","background-image":"","background-repeat":"repeat","background-position":"center center","background-size":"auto","background-attachment":"scroll","background-type":"","background-media":"","overlay-type":"","overlay-color":"","overlay-opacity":"","overlay-gradient":""}},"ast-content-background-meta":{"desktop":{"background-color":"var(--ast-global-color-5)","background-image":"","background-repeat":"repeat","background-position":"center center","background-size":"auto","background-attachment":"scroll","background-type":"","background-media":"","overlay-type":"","overlay-color":"","overlay-opacity":"","overlay-gradient":""},"tablet":{"background-color":"var(--ast-global-color-5)","background-image":"","background-repeat":"repeat","background-position":"center center","background-size":"auto","background-attachment":"scroll","background-type":"","background-media":"","overlay-type":"","overlay-color":"","overlay-opacity":"","overlay-gradient":""},"mobile":{"background-color":"var(--ast-global-color-5)","background-image":"","background-repeat":"repeat","background-position":"center center","background-size":"auto","background-attachment":"scroll","background-type":"","background-media":"","overlay-type":"","overlay-color":"","overlay-opacity":"","overlay-gradient":""}},"ngg_post_thumbnail":0},"product_brand":[],"product_cat":[368],"product_tag":[],"class_list":{"0":"post-19939","1":"product","2":"type-product","3":"status-publish","4":"has-post-thumbnail","6":"product_cat-grundierungen","7":"pa_size-grose-1l","8":"pa_size-grose-25-l","9":"pa_size-grose-500ml","10":"desktop-align-center","11":"tablet-align-center","12":"mobile-align-center","13":"ast-product-gallery-layout-horizontal","14":"ast-product-gallery-with-no-image","15":"ast-product-single-variable","16":"ast-product-tabs-layout-horizontal","17":"ast-qv-on-image","19":"first","20":"instock","21":"taxable","22":"shipping-taxable","23":"purchasable","24":"product-type-variable"},"acf":[],"yoast_head":"<!-- This site is optimized with the Yoast SEO plugin v27.4 - https:\/\/yoast.com\/product\/yoast-seo-wordpress\/ -->\n<title>Grundierung Nr. 2 - Brouns &amp; Co EU<\/title>\n<meta name=\"robots\" content=\"index, follow, max-snippet:-1, max-image-preview:large, max-video-preview:-1\" \/>\n<link rel=\"canonical\" href=\"https:\/\/brouns.eu\/de\/product\/grundierungen\/grundierung-nr-2\/\" \/>\n<meta property=\"og:locale\" content=\"de_DE\" \/>\n<meta property=\"og:type\" content=\"article\" \/>\n<meta property=\"og:title\" content=\"Grundierung Nr. 2 - Brouns &amp; Co EU\" \/>\n<meta property=\"og:description\" content=\"GRUNDIERUNG \u2013 VERWENDUNG MIT LEIN\u00d6LFARBE F\u00dcR DEN AUSSENBEREICH Eine fertig gemischte Grundierung zur Verwendung mit unserer Lein\u00f6lfarbe f\u00fcr Au\u00dfenanstriche auf Holz im Au\u00dfenbereich. Sie m\u00fcssen nun keine eigene Grundierung aus Farbe, Rohlein\u00f6l und Balsamterpentin mehr anr\u00fchren. Unsere Grundierung aus nat\u00fcrlichen Inhaltsstoffen und Pigmenten ist bereits im richtigen Verh\u00e4ltnis gemischt und nach gr\u00fcndlichem Umr\u00fchren gebrauchsfertig. Ein Anstrich dieser Grundierung bildet die perfekte Basis f\u00fcr alle Farben unserer wundersch\u00f6nen Lein\u00f6lfarben-Kollektion f\u00fcr Au\u00dfenanstriche.   Es ist in drei Farbt\u00f6nen erh\u00e4ltlich: GRUNDIERUNG NR. 1 GRUNDIERUNG #2 GRUNDIERUNG NR. 3 &nbsp; Wenn Sie Ihre Lein\u00f6lfarbe f\u00fcr den Au\u00dfenbereich bestellen, sehen Sie, welche der drei Grundierungen wir f\u00fcr jede Farbe empfehlen. Bitte beachten Sie, dass die Farbe zwischen den Chargen variieren kann. Dies hat jedoch keinen Einfluss auf das endg\u00fcltige Finish, sobald die Decklacke aufgetragen sind. Abdeckung 14\u201316 m\u00b2 pro Liter pro Anstrich (155\u2013180 Quadratfu\u00df pro 33,8 fl.oz.)\" \/>\n<meta property=\"og:url\" content=\"https:\/\/brouns.eu\/de\/product\/grundierungen\/grundierung-nr-2\/\" \/>\n<meta property=\"og:site_name\" content=\"Brouns &amp; Co EU\" \/>\n<meta property=\"og:image\" content=\"https:\/\/brouns.eu\/wp-content\/uploads\/2024\/07\/Primer2_websq_1000__24710.jpg\" \/>\n\t<meta property=\"og:image:width\" content=\"800\" \/>\n\t<meta property=\"og:image:height\" content=\"800\" \/>\n\t<meta property=\"og:image:type\" content=\"image\/jpeg\" \/>\n<meta name=\"twitter:card\" content=\"summary_large_image\" \/>\n<script type=\"application\/ld+json\" class=\"yoast-schema-graph\">{\"@context\":\"https:\\\/\\\/schema.org\",\"@graph\":[{\"@type\":\"WebPage\",\"@id\":\"https:\\\/\\\/brouns.eu\\\/de\\\/product\\\/grundierungen\\\/grundierung-nr-2\\\/\",\"url\":\"https:\\\/\\\/brouns.eu\\\/de\\\/product\\\/grundierungen\\\/grundierung-nr-2\\\/\",\"name\":\"Grundierung Nr. 2 - Brouns &amp; Co EU\",\"isPartOf\":{\"@id\":\"https:\\\/\\\/brouns.eu\\\/de\\\/#website\"},\"primaryImageOfPage\":{\"@id\":\"https:\\\/\\\/brouns.eu\\\/de\\\/product\\\/grundierungen\\\/grundierung-nr-2\\\/#primaryimage\"},\"image\":{\"@id\":\"https:\\\/\\\/brouns.eu\\\/de\\\/product\\\/grundierungen\\\/grundierung-nr-2\\\/#primaryimage\"},\"thumbnailUrl\":\"https:\\\/\\\/brouns.eu\\\/wp-content\\\/uploads\\\/2024\\\/07\\\/Primer2_websq_1000__24710.jpg\",\"datePublished\":\"2024-10-29T21:27:23+00:00\",\"breadcrumb\":{\"@id\":\"https:\\\/\\\/brouns.eu\\\/de\\\/product\\\/grundierungen\\\/grundierung-nr-2\\\/#breadcrumb\"},\"inLanguage\":\"de\",\"potentialAction\":[{\"@type\":\"ReadAction\",\"target\":[\"https:\\\/\\\/brouns.eu\\\/de\\\/product\\\/grundierungen\\\/grundierung-nr-2\\\/\"]}]},{\"@type\":\"ImageObject\",\"inLanguage\":\"de\",\"@id\":\"https:\\\/\\\/brouns.eu\\\/de\\\/product\\\/grundierungen\\\/grundierung-nr-2\\\/#primaryimage\",\"url\":\"https:\\\/\\\/brouns.eu\\\/wp-content\\\/uploads\\\/2024\\\/07\\\/Primer2_websq_1000__24710.jpg\",\"contentUrl\":\"https:\\\/\\\/brouns.eu\\\/wp-content\\\/uploads\\\/2024\\\/07\\\/Primer2_websq_1000__24710.jpg\",\"width\":800,\"height\":800},{\"@type\":\"BreadcrumbList\",\"@id\":\"https:\\\/\\\/brouns.eu\\\/de\\\/product\\\/grundierungen\\\/grundierung-nr-2\\\/#breadcrumb\",\"itemListElement\":[{\"@type\":\"ListItem\",\"position\":1,\"name\":\"Home\",\"item\":\"https:\\\/\\\/brouns.eu\\\/de\\\/\"},{\"@type\":\"ListItem\",\"position\":2,\"name\":\"Gesch\u00e4ft\",\"item\":\"https:\\\/\\\/brouns.eu\\\/geschaeft\\\/\"},{\"@type\":\"ListItem\",\"position\":3,\"name\":\"Grundierung Nr. 2\"}]},{\"@type\":\"WebSite\",\"@id\":\"https:\\\/\\\/brouns.eu\\\/de\\\/#website\",\"url\":\"https:\\\/\\\/brouns.eu\\\/de\\\/\",\"name\":\"Brouns &amp; Co EU\",\"description\":\"\",\"publisher\":{\"@id\":\"https:\\\/\\\/brouns.eu\\\/de\\\/#organization\"},\"potentialAction\":[{\"@type\":\"SearchAction\",\"target\":{\"@type\":\"EntryPoint\",\"urlTemplate\":\"https:\\\/\\\/brouns.eu\\\/de\\\/?s={search_term_string}\"},\"query-input\":{\"@type\":\"PropertyValueSpecification\",\"valueRequired\":true,\"valueName\":\"search_term_string\"}}],\"inLanguage\":\"de\"},{\"@type\":\"Organization\",\"@id\":\"https:\\\/\\\/brouns.eu\\\/de\\\/#organization\",\"name\":\"Brouns &amp; Co EU\",\"url\":\"https:\\\/\\\/brouns.eu\\\/de\\\/\",\"logo\":{\"@type\":\"ImageObject\",\"inLanguage\":\"de\",\"@id\":\"https:\\\/\\\/brouns.eu\\\/de\\\/#\\\/schema\\\/logo\\\/image\\\/\",\"url\":\"https:\\\/\\\/brouns.eu\\\/wp-content\\\/uploads\\\/2024\\\/04\\\/Brouns-_-co-Logo-no-linseed-paint-oil.png\",\"contentUrl\":\"https:\\\/\\\/brouns.eu\\\/wp-content\\\/uploads\\\/2024\\\/04\\\/Brouns-_-co-Logo-no-linseed-paint-oil.png\",\"width\":650,\"height\":60,\"caption\":\"Brouns &amp; Co EU\"},\"image\":{\"@id\":\"https:\\\/\\\/brouns.eu\\\/de\\\/#\\\/schema\\\/logo\\\/image\\\/\"}}]}<\/script>\n<!-- \/ Yoast SEO plugin. -->","yoast_head_json":{"title":"Grundierung Nr. 2 - Brouns &amp; Co EU","robots":{"index":"index","follow":"follow","max-snippet":"max-snippet:-1","max-image-preview":"max-image-preview:large","max-video-preview":"max-video-preview:-1"},"canonical":"https:\/\/brouns.eu\/de\/product\/grundierungen\/grundierung-nr-2\/","og_locale":"de_DE","og_type":"article","og_title":"Grundierung Nr. 2 - Brouns &amp; Co EU","og_description":"GRUNDIERUNG \u2013 VERWENDUNG MIT LEIN\u00d6LFARBE F\u00dcR DEN AUSSENBEREICH Eine fertig gemischte Grundierung zur Verwendung mit unserer Lein\u00f6lfarbe f\u00fcr Au\u00dfenanstriche auf Holz im Au\u00dfenbereich. Sie m\u00fcssen nun keine eigene Grundierung aus Farbe, Rohlein\u00f6l und Balsamterpentin mehr anr\u00fchren. Unsere Grundierung aus nat\u00fcrlichen Inhaltsstoffen und Pigmenten ist bereits im richtigen Verh\u00e4ltnis gemischt und nach gr\u00fcndlichem Umr\u00fchren gebrauchsfertig. Ein Anstrich dieser Grundierung bildet die perfekte Basis f\u00fcr alle Farben unserer wundersch\u00f6nen Lein\u00f6lfarben-Kollektion f\u00fcr Au\u00dfenanstriche.   Es ist in drei Farbt\u00f6nen erh\u00e4ltlich: GRUNDIERUNG NR. 1 GRUNDIERUNG #2 GRUNDIERUNG NR. 3 &nbsp; Wenn Sie Ihre Lein\u00f6lfarbe f\u00fcr den Au\u00dfenbereich bestellen, sehen Sie, welche der drei Grundierungen wir f\u00fcr jede Farbe empfehlen. Bitte beachten Sie, dass die Farbe zwischen den Chargen variieren kann. Dies hat jedoch keinen Einfluss auf das endg\u00fcltige Finish, sobald die Decklacke aufgetragen sind. Abdeckung 14\u201316 m\u00b2 pro Liter pro Anstrich (155\u2013180 Quadratfu\u00df pro 33,8 fl.oz.)","og_url":"https:\/\/brouns.eu\/de\/product\/grundierungen\/grundierung-nr-2\/","og_site_name":"Brouns &amp; Co EU","og_image":[{"width":800,"height":800,"url":"https:\/\/brouns.eu\/wp-content\/uploads\/2024\/07\/Primer2_websq_1000__24710.jpg","type":"image\/jpeg"}],"twitter_card":"summary_large_image","schema":{"@context":"https:\/\/schema.org","@graph":[{"@type":"WebPage","@id":"https:\/\/brouns.eu\/de\/product\/grundierungen\/grundierung-nr-2\/","url":"https:\/\/brouns.eu\/de\/product\/grundierungen\/grundierung-nr-2\/","name":"Grundierung Nr. 2 - Brouns &amp; Co EU","isPartOf":{"@id":"https:\/\/brouns.eu\/de\/#website"},"primaryImageOfPage":{"@id":"https:\/\/brouns.eu\/de\/product\/grundierungen\/grundierung-nr-2\/#primaryimage"},"image":{"@id":"https:\/\/brouns.eu\/de\/product\/grundierungen\/grundierung-nr-2\/#primaryimage"},"thumbnailUrl":"https:\/\/brouns.eu\/wp-content\/uploads\/2024\/07\/Primer2_websq_1000__24710.jpg","datePublished":"2024-10-29T21:27:23+00:00","breadcrumb":{"@id":"https:\/\/brouns.eu\/de\/product\/grundierungen\/grundierung-nr-2\/#breadcrumb"},"inLanguage":"de","potentialAction":[{"@type":"ReadAction","target":["https:\/\/brouns.eu\/de\/product\/grundierungen\/grundierung-nr-2\/"]}]},{"@type":"ImageObject","inLanguage":"de","@id":"https:\/\/brouns.eu\/de\/product\/grundierungen\/grundierung-nr-2\/#primaryimage","url":"https:\/\/brouns.eu\/wp-content\/uploads\/2024\/07\/Primer2_websq_1000__24710.jpg","contentUrl":"https:\/\/brouns.eu\/wp-content\/uploads\/2024\/07\/Primer2_websq_1000__24710.jpg","width":800,"height":800},{"@type":"BreadcrumbList","@id":"https:\/\/brouns.eu\/de\/product\/grundierungen\/grundierung-nr-2\/#breadcrumb","itemListElement":[{"@type":"ListItem","position":1,"name":"Home","item":"https:\/\/brouns.eu\/de\/"},{"@type":"ListItem","position":2,"name":"Gesch\u00e4ft","item":"https:\/\/brouns.eu\/geschaeft\/"},{"@type":"ListItem","position":3,"name":"Grundierung Nr. 2"}]},{"@type":"WebSite","@id":"https:\/\/brouns.eu\/de\/#website","url":"https:\/\/brouns.eu\/de\/","name":"Brouns &amp; Co EU","description":"","publisher":{"@id":"https:\/\/brouns.eu\/de\/#organization"},"potentialAction":[{"@type":"SearchAction","target":{"@type":"EntryPoint","urlTemplate":"https:\/\/brouns.eu\/de\/?s={search_term_string}"},"query-input":{"@type":"PropertyValueSpecification","valueRequired":true,"valueName":"search_term_string"}}],"inLanguage":"de"},{"@type":"Organization","@id":"https:\/\/brouns.eu\/de\/#organization","name":"Brouns &amp; Co EU","url":"https:\/\/brouns.eu\/de\/","logo":{"@type":"ImageObject","inLanguage":"de","@id":"https:\/\/brouns.eu\/de\/#\/schema\/logo\/image\/","url":"https:\/\/brouns.eu\/wp-content\/uploads\/2024\/04\/Brouns-_-co-Logo-no-linseed-paint-oil.png","contentUrl":"https:\/\/brouns.eu\/wp-content\/uploads\/2024\/04\/Brouns-_-co-Logo-no-linseed-paint-oil.png","width":650,"height":60,"caption":"Brouns &amp; Co EU"},"image":{"@id":"https:\/\/brouns.eu\/de\/#\/schema\/logo\/image\/"}}]}},"_links":{"self":[{"href":"https:\/\/brouns.eu\/de\/wp-json\/wp\/v2\/product\/19939","targetHints":{"allow":["GET"]}}],"collection":[{"href":"https:\/\/brouns.eu\/de\/wp-json\/wp\/v2\/product"}],"about":[{"href":"https:\/\/brouns.eu\/de\/wp-json\/wp\/v2\/types\/product"}],"replies":[{"embeddable":true,"href":"https:\/\/brouns.eu\/de\/wp-json\/wp\/v2\/comments?post=19939"}],"version-history":[{"count":0,"href":"https:\/\/brouns.eu\/de\/wp-json\/wp\/v2\/product\/19939\/revisions"}],"wp:featuredmedia":[{"embeddable":true,"href":"https:\/\/brouns.eu\/de\/wp-json\/wp\/v2\/media\/19943"}],"wp:attachment":[{"href":"https:\/\/brouns.eu\/de\/wp-json\/wp\/v2\/media?parent=19939"}],"wp:term":[{"taxonomy":"product_brand","embeddable":true,"href":"https:\/\/brouns.eu\/de\/wp-json\/wp\/v2\/product_brand?post=19939"},{"taxonomy":"product_cat","embeddable":true,"href":"https:\/\/brouns.eu\/de\/wp-json\/wp\/v2\/product_cat?post=19939"},{"taxonomy":"product_tag","embeddable":true,"href":"https:\/\/brouns.eu\/de\/wp-json\/wp\/v2\/product_tag?post=19939"}],"curies":[{"name":"wp","href":"https:\/\/api.w.org\/{rel}","templated":true}]}}