{"id":19489,"date":"2024-10-29T21:27:21","date_gmt":"2024-10-29T21:27:21","guid":{"rendered":"https:\/\/brouns.eu\/product\/unkategorisiert\/silbergrau-25\/"},"modified":"2025-09-04T11:17:28","modified_gmt":"2025-09-04T10:17:28","slug":"silbergrau-25","status":"publish","type":"product","link":"https:\/\/brouns.eu\/de\/product\/leinolfarbe\/silbergrau-25\/","title":{"rendered":"Silbergrau (25)"},"content":{"rendered":"","protected":false},"excerpt":{"rendered":"<p>Vergessen Sie nicht, Ihr Rohlein\u00f6l und Balsamterpentin\u00f6l zu bestellen, wenn Sie die erste Schicht verd\u00fcnnen m\u00fcssen.<\/p>\n<p> Wenn Sie eine fertig gemischte Grundierung bevorzugen, empfehlen wir Ihnen Grundierung Nr. 2<\/p>\n","protected":false},"featured_media":22812,"comment_status":"open","ping_status":"closed","template":"","meta":{"_acf_changed":false,"site-sidebar-layout":"default","site-content-layout":"","ast-site-content-layout":"default","site-content-style":"default","site-sidebar-style":"default","ast-global-header-display":"","ast-banner-title-visibility":"","ast-main-header-display":"","ast-hfb-above-header-display":"","ast-hfb-below-header-display":"","ast-hfb-mobile-header-display":"","site-post-title":"","ast-breadcrumbs-content":"","ast-featured-img":"","footer-sml-layout":"","ast-disable-related-posts":"","theme-transparent-header-meta":"default","adv-header-id-meta":"","stick-header-meta":"default","header-above-stick-meta":"","header-main-stick-meta":"","header-below-stick-meta":"","astra-migrate-meta-layouts":"default","ast-page-background-enabled":"default","ast-page-background-meta":{"desktop":{"background-color":"","background-image":"","background-repeat":"repeat","background-position":"center center","background-size":"auto","background-attachment":"scroll","background-type":"","background-media":"","overlay-type":"","overlay-color":"","overlay-opacity":"","overlay-gradient":""},"tablet":{"background-color":"","background-image":"","background-repeat":"repeat","background-position":"center center","background-size":"auto","background-attachment":"scroll","background-type":"","background-media":"","overlay-type":"","overlay-color":"","overlay-opacity":"","overlay-gradient":""},"mobile":{"background-color":"","background-image":"","background-repeat":"repeat","background-position":"center center","background-size":"auto","background-attachment":"scroll","background-type":"","background-media":"","overlay-type":"","overlay-color":"","overlay-opacity":"","overlay-gradient":""}},"ast-content-background-meta":{"desktop":{"background-color":"var(--ast-global-color-5)","background-image":"","background-repeat":"repeat","background-position":"center center","background-size":"auto","background-attachment":"scroll","background-type":"","background-media":"","overlay-type":"","overlay-color":"","overlay-opacity":"","overlay-gradient":""},"tablet":{"background-color":"var(--ast-global-color-5)","background-image":"","background-repeat":"repeat","background-position":"center center","background-size":"auto","background-attachment":"scroll","background-type":"","background-media":"","overlay-type":"","overlay-color":"","overlay-opacity":"","overlay-gradient":""},"mobile":{"background-color":"var(--ast-global-color-5)","background-image":"","background-repeat":"repeat","background-position":"center center","background-size":"auto","background-attachment":"scroll","background-type":"","background-media":"","overlay-type":"","overlay-color":"","overlay-opacity":"","overlay-gradient":""}},"ngg_post_thumbnail":0},"product_brand":[],"product_cat":[361],"product_tag":[],"class_list":{"0":"post-19489","1":"product","2":"type-product","3":"status-publish","4":"has-post-thumbnail","6":"product_cat-leinolfarbe","7":"pa_size-grose-125-ml","8":"pa_size-grose-1l","9":"pa_size-grose-25-l","10":"pa_size-grose-30-ml-probentopf","11":"desktop-align-center","12":"tablet-align-center","13":"mobile-align-center","14":"ast-product-gallery-layout-horizontal","15":"ast-product-single-variable","16":"ast-product-tabs-layout-horizontal","17":"ast-qv-on-image","19":"first","20":"outofstock","21":"taxable","22":"shipping-taxable","23":"purchasable","24":"product-type-variable"},"acf":[],"yoast_head":"<!-- This site is optimized with the Yoast SEO plugin v27.4 - https:\/\/yoast.com\/product\/yoast-seo-wordpress\/ -->\n<title>Silbergrau (25) - Brouns &amp; Co EU<\/title>\n<meta name=\"robots\" content=\"index, follow, max-snippet:-1, max-image-preview:large, max-video-preview:-1\" \/>\n<link rel=\"canonical\" href=\"https:\/\/brouns.eu\/de\/product\/leinolfarbe\/silbergrau-25\/\" \/>\n<meta property=\"og:locale\" content=\"de_DE\" \/>\n<meta property=\"og:type\" content=\"article\" \/>\n<meta property=\"og:title\" content=\"Silbergrau (25) - Brouns &amp; Co EU\" \/>\n<meta property=\"og:description\" content=\"Vergessen Sie nicht, Ihr Rohlein\u00f6l und Balsamterpentin\u00f6l zu bestellen, wenn Sie die erste Schicht verd\u00fcnnen m\u00fcssen.  Wenn Sie eine fertig gemischte Grundierung bevorzugen, empfehlen wir Ihnen Grundierung Nr. 2\" \/>\n<meta property=\"og:url\" content=\"https:\/\/brouns.eu\/de\/product\/leinolfarbe\/silbergrau-25\/\" \/>\n<meta property=\"og:site_name\" content=\"Brouns &amp; Co EU\" \/>\n<meta property=\"article:modified_time\" content=\"2025-09-04T10:17:28+00:00\" \/>\n<meta property=\"og:image\" content=\"https:\/\/brouns.eu\/wp-content\/uploads\/2024\/06\/Silver-Grey.png\" \/>\n\t<meta property=\"og:image:width\" content=\"500\" \/>\n\t<meta property=\"og:image:height\" content=\"500\" \/>\n\t<meta property=\"og:image:type\" content=\"image\/png\" \/>\n<meta name=\"twitter:card\" content=\"summary_large_image\" \/>\n<script type=\"application\/ld+json\" class=\"yoast-schema-graph\">{\"@context\":\"https:\\\/\\\/schema.org\",\"@graph\":[{\"@type\":\"WebPage\",\"@id\":\"https:\\\/\\\/brouns.eu\\\/de\\\/product\\\/leinolfarbe\\\/silbergrau-25\\\/\",\"url\":\"https:\\\/\\\/brouns.eu\\\/de\\\/product\\\/leinolfarbe\\\/silbergrau-25\\\/\",\"name\":\"Silbergrau (25) - Brouns &amp; Co EU\",\"isPartOf\":{\"@id\":\"https:\\\/\\\/brouns.eu\\\/de\\\/#website\"},\"primaryImageOfPage\":{\"@id\":\"https:\\\/\\\/brouns.eu\\\/de\\\/product\\\/leinolfarbe\\\/silbergrau-25\\\/#primaryimage\"},\"image\":{\"@id\":\"https:\\\/\\\/brouns.eu\\\/de\\\/product\\\/leinolfarbe\\\/silbergrau-25\\\/#primaryimage\"},\"thumbnailUrl\":\"https:\\\/\\\/brouns.eu\\\/wp-content\\\/uploads\\\/2025\\\/04\\\/No.-25_web_sq_1200.jpg\",\"datePublished\":\"2024-10-29T21:27:21+00:00\",\"dateModified\":\"2025-09-04T10:17:28+00:00\",\"breadcrumb\":{\"@id\":\"https:\\\/\\\/brouns.eu\\\/de\\\/product\\\/leinolfarbe\\\/silbergrau-25\\\/#breadcrumb\"},\"inLanguage\":\"de\",\"potentialAction\":[{\"@type\":\"ReadAction\",\"target\":[\"https:\\\/\\\/brouns.eu\\\/de\\\/product\\\/leinolfarbe\\\/silbergrau-25\\\/\"]}]},{\"@type\":\"ImageObject\",\"inLanguage\":\"de\",\"@id\":\"https:\\\/\\\/brouns.eu\\\/de\\\/product\\\/leinolfarbe\\\/silbergrau-25\\\/#primaryimage\",\"url\":\"https:\\\/\\\/brouns.eu\\\/wp-content\\\/uploads\\\/2025\\\/04\\\/No.-25_web_sq_1200.jpg\",\"contentUrl\":\"https:\\\/\\\/brouns.eu\\\/wp-content\\\/uploads\\\/2025\\\/04\\\/No.-25_web_sq_1200.jpg\",\"width\":1200,\"height\":1200},{\"@type\":\"BreadcrumbList\",\"@id\":\"https:\\\/\\\/brouns.eu\\\/de\\\/product\\\/leinolfarbe\\\/silbergrau-25\\\/#breadcrumb\",\"itemListElement\":[{\"@type\":\"ListItem\",\"position\":1,\"name\":\"Home\",\"item\":\"https:\\\/\\\/brouns.eu\\\/de\\\/\"},{\"@type\":\"ListItem\",\"position\":2,\"name\":\"Gesch\u00e4ft\",\"item\":\"https:\\\/\\\/brouns.eu\\\/geschaeft\\\/\"},{\"@type\":\"ListItem\",\"position\":3,\"name\":\"Silbergrau (25)\"}]},{\"@type\":\"WebSite\",\"@id\":\"https:\\\/\\\/brouns.eu\\\/de\\\/#website\",\"url\":\"https:\\\/\\\/brouns.eu\\\/de\\\/\",\"name\":\"Brouns &amp; Co EU\",\"description\":\"\",\"publisher\":{\"@id\":\"https:\\\/\\\/brouns.eu\\\/de\\\/#organization\"},\"potentialAction\":[{\"@type\":\"SearchAction\",\"target\":{\"@type\":\"EntryPoint\",\"urlTemplate\":\"https:\\\/\\\/brouns.eu\\\/de\\\/?s={search_term_string}\"},\"query-input\":{\"@type\":\"PropertyValueSpecification\",\"valueRequired\":true,\"valueName\":\"search_term_string\"}}],\"inLanguage\":\"de\"},{\"@type\":\"Organization\",\"@id\":\"https:\\\/\\\/brouns.eu\\\/de\\\/#organization\",\"name\":\"Brouns &amp; Co EU\",\"url\":\"https:\\\/\\\/brouns.eu\\\/de\\\/\",\"logo\":{\"@type\":\"ImageObject\",\"inLanguage\":\"de\",\"@id\":\"https:\\\/\\\/brouns.eu\\\/de\\\/#\\\/schema\\\/logo\\\/image\\\/\",\"url\":\"https:\\\/\\\/brouns.eu\\\/wp-content\\\/uploads\\\/2024\\\/04\\\/Brouns-_-co-Logo-no-linseed-paint-oil.png\",\"contentUrl\":\"https:\\\/\\\/brouns.eu\\\/wp-content\\\/uploads\\\/2024\\\/04\\\/Brouns-_-co-Logo-no-linseed-paint-oil.png\",\"width\":650,\"height\":60,\"caption\":\"Brouns &amp; Co EU\"},\"image\":{\"@id\":\"https:\\\/\\\/brouns.eu\\\/de\\\/#\\\/schema\\\/logo\\\/image\\\/\"}}]}<\/script>\n<!-- \/ Yoast SEO plugin. -->","yoast_head_json":{"title":"Silbergrau (25) - Brouns &amp; Co EU","robots":{"index":"index","follow":"follow","max-snippet":"max-snippet:-1","max-image-preview":"max-image-preview:large","max-video-preview":"max-video-preview:-1"},"canonical":"https:\/\/brouns.eu\/de\/product\/leinolfarbe\/silbergrau-25\/","og_locale":"de_DE","og_type":"article","og_title":"Silbergrau (25) - Brouns &amp; Co EU","og_description":"Vergessen Sie nicht, Ihr Rohlein\u00f6l und Balsamterpentin\u00f6l zu bestellen, wenn Sie die erste Schicht verd\u00fcnnen m\u00fcssen.  Wenn Sie eine fertig gemischte Grundierung bevorzugen, empfehlen wir Ihnen Grundierung Nr. 2","og_url":"https:\/\/brouns.eu\/de\/product\/leinolfarbe\/silbergrau-25\/","og_site_name":"Brouns &amp; Co EU","article_modified_time":"2025-09-04T10:17:28+00:00","og_image":[{"width":500,"height":500,"url":"https:\/\/brouns.eu\/wp-content\/uploads\/2024\/06\/Silver-Grey.png","type":"image\/png"}],"twitter_card":"summary_large_image","schema":{"@context":"https:\/\/schema.org","@graph":[{"@type":"WebPage","@id":"https:\/\/brouns.eu\/de\/product\/leinolfarbe\/silbergrau-25\/","url":"https:\/\/brouns.eu\/de\/product\/leinolfarbe\/silbergrau-25\/","name":"Silbergrau (25) - Brouns &amp; Co EU","isPartOf":{"@id":"https:\/\/brouns.eu\/de\/#website"},"primaryImageOfPage":{"@id":"https:\/\/brouns.eu\/de\/product\/leinolfarbe\/silbergrau-25\/#primaryimage"},"image":{"@id":"https:\/\/brouns.eu\/de\/product\/leinolfarbe\/silbergrau-25\/#primaryimage"},"thumbnailUrl":"https:\/\/brouns.eu\/wp-content\/uploads\/2025\/04\/No.-25_web_sq_1200.jpg","datePublished":"2024-10-29T21:27:21+00:00","dateModified":"2025-09-04T10:17:28+00:00","breadcrumb":{"@id":"https:\/\/brouns.eu\/de\/product\/leinolfarbe\/silbergrau-25\/#breadcrumb"},"inLanguage":"de","potentialAction":[{"@type":"ReadAction","target":["https:\/\/brouns.eu\/de\/product\/leinolfarbe\/silbergrau-25\/"]}]},{"@type":"ImageObject","inLanguage":"de","@id":"https:\/\/brouns.eu\/de\/product\/leinolfarbe\/silbergrau-25\/#primaryimage","url":"https:\/\/brouns.eu\/wp-content\/uploads\/2025\/04\/No.-25_web_sq_1200.jpg","contentUrl":"https:\/\/brouns.eu\/wp-content\/uploads\/2025\/04\/No.-25_web_sq_1200.jpg","width":1200,"height":1200},{"@type":"BreadcrumbList","@id":"https:\/\/brouns.eu\/de\/product\/leinolfarbe\/silbergrau-25\/#breadcrumb","itemListElement":[{"@type":"ListItem","position":1,"name":"Home","item":"https:\/\/brouns.eu\/de\/"},{"@type":"ListItem","position":2,"name":"Gesch\u00e4ft","item":"https:\/\/brouns.eu\/geschaeft\/"},{"@type":"ListItem","position":3,"name":"Silbergrau (25)"}]},{"@type":"WebSite","@id":"https:\/\/brouns.eu\/de\/#website","url":"https:\/\/brouns.eu\/de\/","name":"Brouns &amp; Co EU","description":"","publisher":{"@id":"https:\/\/brouns.eu\/de\/#organization"},"potentialAction":[{"@type":"SearchAction","target":{"@type":"EntryPoint","urlTemplate":"https:\/\/brouns.eu\/de\/?s={search_term_string}"},"query-input":{"@type":"PropertyValueSpecification","valueRequired":true,"valueName":"search_term_string"}}],"inLanguage":"de"},{"@type":"Organization","@id":"https:\/\/brouns.eu\/de\/#organization","name":"Brouns &amp; Co EU","url":"https:\/\/brouns.eu\/de\/","logo":{"@type":"ImageObject","inLanguage":"de","@id":"https:\/\/brouns.eu\/de\/#\/schema\/logo\/image\/","url":"https:\/\/brouns.eu\/wp-content\/uploads\/2024\/04\/Brouns-_-co-Logo-no-linseed-paint-oil.png","contentUrl":"https:\/\/brouns.eu\/wp-content\/uploads\/2024\/04\/Brouns-_-co-Logo-no-linseed-paint-oil.png","width":650,"height":60,"caption":"Brouns &amp; Co EU"},"image":{"@id":"https:\/\/brouns.eu\/de\/#\/schema\/logo\/image\/"}}]}},"_links":{"self":[{"href":"https:\/\/brouns.eu\/de\/wp-json\/wp\/v2\/product\/19489","targetHints":{"allow":["GET"]}}],"collection":[{"href":"https:\/\/brouns.eu\/de\/wp-json\/wp\/v2\/product"}],"about":[{"href":"https:\/\/brouns.eu\/de\/wp-json\/wp\/v2\/types\/product"}],"replies":[{"embeddable":true,"href":"https:\/\/brouns.eu\/de\/wp-json\/wp\/v2\/comments?post=19489"}],"version-history":[{"count":0,"href":"https:\/\/brouns.eu\/de\/wp-json\/wp\/v2\/product\/19489\/revisions"}],"wp:featuredmedia":[{"embeddable":true,"href":"https:\/\/brouns.eu\/de\/wp-json\/wp\/v2\/media\/22812"}],"wp:attachment":[{"href":"https:\/\/brouns.eu\/de\/wp-json\/wp\/v2\/media?parent=19489"}],"wp:term":[{"taxonomy":"product_brand","embeddable":true,"href":"https:\/\/brouns.eu\/de\/wp-json\/wp\/v2\/product_brand?post=19489"},{"taxonomy":"product_cat","embeddable":true,"href":"https:\/\/brouns.eu\/de\/wp-json\/wp\/v2\/product_cat?post=19489"},{"taxonomy":"product_tag","embeddable":true,"href":"https:\/\/brouns.eu\/de\/wp-json\/wp\/v2\/product_tag?post=19489"}],"curies":[{"name":"wp","href":"https:\/\/api.w.org\/{rel}","templated":true}]}}