{"id":19325,"date":"2024-10-29T21:27:19","date_gmt":"2024-10-29T21:27:19","guid":{"rendered":"https:\/\/brouns.eu\/product\/unkategorisiert\/projekt-weiss-1\/"},"modified":"2025-10-06T11:54:58","modified_gmt":"2025-10-06T10:54:58","slug":"projekt-weiss-1","status":"publish","type":"product","link":"https:\/\/brouns.eu\/de\/product\/leinolfarbe\/projekt-weiss-1\/","title":{"rendered":"Projekt Wei\u00df (1)"},"content":{"rendered":"","protected":false},"excerpt":{"rendered":"<p>Wir werden immer wieder nach der wei\u00dfesten Lein\u00f6lfarbe gefragt. Hier ist sie. Technisch gesehen ist dies das wei\u00dfeste Wei\u00df, das wir mit Lein\u00f6lfarbe herstellen k\u00f6nnen.  <\/p>\n<p>Vergessen Sie nicht, Ihr Rohlein\u00f6l und Balsamterpentin\u00f6l zu bestellen, wenn Sie die erste Schicht verd\u00fcnnen m\u00fcssen.<\/p>\n<p>Wenn Sie eine fertig gemischte Grundierung bevorzugen, empfehlen wir Ihnen Primer Nr. 1<\/p>\n","protected":false},"featured_media":22668,"comment_status":"open","ping_status":"closed","template":"","meta":{"_acf_changed":false,"site-sidebar-layout":"default","site-content-layout":"","ast-site-content-layout":"default","site-content-style":"default","site-sidebar-style":"default","ast-global-header-display":"","ast-banner-title-visibility":"","ast-main-header-display":"","ast-hfb-above-header-display":"","ast-hfb-below-header-display":"","ast-hfb-mobile-header-display":"","site-post-title":"","ast-breadcrumbs-content":"","ast-featured-img":"","footer-sml-layout":"","ast-disable-related-posts":"","theme-transparent-header-meta":"default","adv-header-id-meta":"","stick-header-meta":"default","header-above-stick-meta":"","header-main-stick-meta":"","header-below-stick-meta":"","astra-migrate-meta-layouts":"default","ast-page-background-enabled":"default","ast-page-background-meta":{"desktop":{"background-color":"","background-image":"","background-repeat":"repeat","background-position":"center center","background-size":"auto","background-attachment":"scroll","background-type":"","background-media":"","overlay-type":"","overlay-color":"","overlay-opacity":"","overlay-gradient":""},"tablet":{"background-color":"","background-image":"","background-repeat":"repeat","background-position":"center center","background-size":"auto","background-attachment":"scroll","background-type":"","background-media":"","overlay-type":"","overlay-color":"","overlay-opacity":"","overlay-gradient":""},"mobile":{"background-color":"","background-image":"","background-repeat":"repeat","background-position":"center center","background-size":"auto","background-attachment":"scroll","background-type":"","background-media":"","overlay-type":"","overlay-color":"","overlay-opacity":"","overlay-gradient":""}},"ast-content-background-meta":{"desktop":{"background-color":"var(--ast-global-color-5)","background-image":"","background-repeat":"repeat","background-position":"center center","background-size":"auto","background-attachment":"scroll","background-type":"","background-media":"","overlay-type":"","overlay-color":"","overlay-opacity":"","overlay-gradient":""},"tablet":{"background-color":"var(--ast-global-color-5)","background-image":"","background-repeat":"repeat","background-position":"center center","background-size":"auto","background-attachment":"scroll","background-type":"","background-media":"","overlay-type":"","overlay-color":"","overlay-opacity":"","overlay-gradient":""},"mobile":{"background-color":"var(--ast-global-color-5)","background-image":"","background-repeat":"repeat","background-position":"center center","background-size":"auto","background-attachment":"scroll","background-type":"","background-media":"","overlay-type":"","overlay-color":"","overlay-opacity":"","overlay-gradient":""}},"ngg_post_thumbnail":0},"product_brand":[],"product_cat":[361],"product_tag":[],"class_list":{"0":"post-19325","1":"product","2":"type-product","3":"status-publish","4":"has-post-thumbnail","6":"product_cat-leinolfarbe","7":"pa_size-grose-125-ml","8":"pa_size-grose-1l","9":"pa_size-grose-25-l","10":"pa_size-grose-30-ml-probentopf","11":"desktop-align-center","12":"tablet-align-center","13":"mobile-align-center","14":"ast-product-gallery-layout-horizontal","15":"ast-product-single-variable","16":"ast-product-tabs-layout-horizontal","17":"ast-qv-on-image","19":"first","20":"instock","21":"taxable","22":"shipping-taxable","23":"purchasable","24":"product-type-variable"},"acf":[],"yoast_head":"<!-- This site is optimized with the Yoast SEO plugin v27.4 - https:\/\/yoast.com\/product\/yoast-seo-wordpress\/ -->\n<title>Projekt Wei\u00df (1) - Brouns &amp; Co EU<\/title>\n<meta name=\"robots\" content=\"index, follow, max-snippet:-1, max-image-preview:large, max-video-preview:-1\" \/>\n<link rel=\"canonical\" href=\"https:\/\/brouns.eu\/de\/product\/leinolfarbe\/projekt-weiss-1\/\" \/>\n<meta property=\"og:locale\" content=\"de_DE\" \/>\n<meta property=\"og:type\" content=\"article\" \/>\n<meta property=\"og:title\" content=\"Projekt Wei\u00df (1) - Brouns &amp; Co EU\" \/>\n<meta property=\"og:description\" content=\"Wir werden immer wieder nach der wei\u00dfesten Lein\u00f6lfarbe gefragt. Hier ist sie. Technisch gesehen ist dies das wei\u00dfeste Wei\u00df, das wir mit Lein\u00f6lfarbe herstellen k\u00f6nnen.  Vergessen Sie nicht, Ihr Rohlein\u00f6l und Balsamterpentin\u00f6l zu bestellen, wenn Sie die erste Schicht verd\u00fcnnen m\u00fcssen. Wenn Sie eine fertig gemischte Grundierung bevorzugen, empfehlen wir Ihnen Primer Nr. 1\" \/>\n<meta property=\"og:url\" content=\"https:\/\/brouns.eu\/de\/product\/leinolfarbe\/projekt-weiss-1\/\" \/>\n<meta property=\"og:site_name\" content=\"Brouns &amp; Co EU\" \/>\n<meta property=\"article:modified_time\" content=\"2025-10-06T10:54:58+00:00\" \/>\n<meta property=\"og:image\" content=\"https:\/\/brouns.eu\/wp-content\/uploads\/2024\/10\/Screenshot-image-of-paint-no1-project-white_2.jpg\" \/>\n\t<meta property=\"og:image:width\" content=\"1022\" \/>\n\t<meta property=\"og:image:height\" content=\"1022\" \/>\n\t<meta property=\"og:image:type\" content=\"image\/jpeg\" \/>\n<meta name=\"twitter:card\" content=\"summary_large_image\" \/>\n<script type=\"application\/ld+json\" class=\"yoast-schema-graph\">{\"@context\":\"https:\\\/\\\/schema.org\",\"@graph\":[{\"@type\":\"WebPage\",\"@id\":\"https:\\\/\\\/brouns.eu\\\/de\\\/product\\\/leinolfarbe\\\/projekt-weiss-1\\\/\",\"url\":\"https:\\\/\\\/brouns.eu\\\/de\\\/product\\\/leinolfarbe\\\/projekt-weiss-1\\\/\",\"name\":\"Projekt Wei\u00df (1) - Brouns &amp; Co EU\",\"isPartOf\":{\"@id\":\"https:\\\/\\\/brouns.eu\\\/de\\\/#website\"},\"primaryImageOfPage\":{\"@id\":\"https:\\\/\\\/brouns.eu\\\/de\\\/product\\\/leinolfarbe\\\/projekt-weiss-1\\\/#primaryimage\"},\"image\":{\"@id\":\"https:\\\/\\\/brouns.eu\\\/de\\\/product\\\/leinolfarbe\\\/projekt-weiss-1\\\/#primaryimage\"},\"thumbnailUrl\":\"https:\\\/\\\/brouns.eu\\\/wp-content\\\/uploads\\\/2025\\\/04\\\/No.-1_web_sq_1200.jpg\",\"datePublished\":\"2024-10-29T21:27:19+00:00\",\"dateModified\":\"2025-10-06T10:54:58+00:00\",\"breadcrumb\":{\"@id\":\"https:\\\/\\\/brouns.eu\\\/de\\\/product\\\/leinolfarbe\\\/projekt-weiss-1\\\/#breadcrumb\"},\"inLanguage\":\"de\",\"potentialAction\":[{\"@type\":\"ReadAction\",\"target\":[\"https:\\\/\\\/brouns.eu\\\/de\\\/product\\\/leinolfarbe\\\/projekt-weiss-1\\\/\"]}]},{\"@type\":\"ImageObject\",\"inLanguage\":\"de\",\"@id\":\"https:\\\/\\\/brouns.eu\\\/de\\\/product\\\/leinolfarbe\\\/projekt-weiss-1\\\/#primaryimage\",\"url\":\"https:\\\/\\\/brouns.eu\\\/wp-content\\\/uploads\\\/2025\\\/04\\\/No.-1_web_sq_1200.jpg\",\"contentUrl\":\"https:\\\/\\\/brouns.eu\\\/wp-content\\\/uploads\\\/2025\\\/04\\\/No.-1_web_sq_1200.jpg\",\"width\":1200,\"height\":1200},{\"@type\":\"BreadcrumbList\",\"@id\":\"https:\\\/\\\/brouns.eu\\\/de\\\/product\\\/leinolfarbe\\\/projekt-weiss-1\\\/#breadcrumb\",\"itemListElement\":[{\"@type\":\"ListItem\",\"position\":1,\"name\":\"Home\",\"item\":\"https:\\\/\\\/brouns.eu\\\/de\\\/\"},{\"@type\":\"ListItem\",\"position\":2,\"name\":\"Gesch\u00e4ft\",\"item\":\"https:\\\/\\\/brouns.eu\\\/geschaeft\\\/\"},{\"@type\":\"ListItem\",\"position\":3,\"name\":\"Projekt Wei\u00df (1)\"}]},{\"@type\":\"WebSite\",\"@id\":\"https:\\\/\\\/brouns.eu\\\/de\\\/#website\",\"url\":\"https:\\\/\\\/brouns.eu\\\/de\\\/\",\"name\":\"Brouns &amp; Co EU\",\"description\":\"\",\"publisher\":{\"@id\":\"https:\\\/\\\/brouns.eu\\\/de\\\/#organization\"},\"potentialAction\":[{\"@type\":\"SearchAction\",\"target\":{\"@type\":\"EntryPoint\",\"urlTemplate\":\"https:\\\/\\\/brouns.eu\\\/de\\\/?s={search_term_string}\"},\"query-input\":{\"@type\":\"PropertyValueSpecification\",\"valueRequired\":true,\"valueName\":\"search_term_string\"}}],\"inLanguage\":\"de\"},{\"@type\":\"Organization\",\"@id\":\"https:\\\/\\\/brouns.eu\\\/de\\\/#organization\",\"name\":\"Brouns &amp; Co EU\",\"url\":\"https:\\\/\\\/brouns.eu\\\/de\\\/\",\"logo\":{\"@type\":\"ImageObject\",\"inLanguage\":\"de\",\"@id\":\"https:\\\/\\\/brouns.eu\\\/de\\\/#\\\/schema\\\/logo\\\/image\\\/\",\"url\":\"https:\\\/\\\/brouns.eu\\\/wp-content\\\/uploads\\\/2024\\\/04\\\/Brouns-_-co-Logo-no-linseed-paint-oil.png\",\"contentUrl\":\"https:\\\/\\\/brouns.eu\\\/wp-content\\\/uploads\\\/2024\\\/04\\\/Brouns-_-co-Logo-no-linseed-paint-oil.png\",\"width\":650,\"height\":60,\"caption\":\"Brouns &amp; Co EU\"},\"image\":{\"@id\":\"https:\\\/\\\/brouns.eu\\\/de\\\/#\\\/schema\\\/logo\\\/image\\\/\"}}]}<\/script>\n<!-- \/ Yoast SEO plugin. -->","yoast_head_json":{"title":"Projekt Wei\u00df (1) - Brouns &amp; Co EU","robots":{"index":"index","follow":"follow","max-snippet":"max-snippet:-1","max-image-preview":"max-image-preview:large","max-video-preview":"max-video-preview:-1"},"canonical":"https:\/\/brouns.eu\/de\/product\/leinolfarbe\/projekt-weiss-1\/","og_locale":"de_DE","og_type":"article","og_title":"Projekt Wei\u00df (1) - Brouns &amp; Co EU","og_description":"Wir werden immer wieder nach der wei\u00dfesten Lein\u00f6lfarbe gefragt. Hier ist sie. Technisch gesehen ist dies das wei\u00dfeste Wei\u00df, das wir mit Lein\u00f6lfarbe herstellen k\u00f6nnen.  Vergessen Sie nicht, Ihr Rohlein\u00f6l und Balsamterpentin\u00f6l zu bestellen, wenn Sie die erste Schicht verd\u00fcnnen m\u00fcssen. Wenn Sie eine fertig gemischte Grundierung bevorzugen, empfehlen wir Ihnen Primer Nr. 1","og_url":"https:\/\/brouns.eu\/de\/product\/leinolfarbe\/projekt-weiss-1\/","og_site_name":"Brouns &amp; Co EU","article_modified_time":"2025-10-06T10:54:58+00:00","og_image":[{"width":1022,"height":1022,"url":"https:\/\/brouns.eu\/wp-content\/uploads\/2024\/10\/Screenshot-image-of-paint-no1-project-white_2.jpg","type":"image\/jpeg"}],"twitter_card":"summary_large_image","schema":{"@context":"https:\/\/schema.org","@graph":[{"@type":"WebPage","@id":"https:\/\/brouns.eu\/de\/product\/leinolfarbe\/projekt-weiss-1\/","url":"https:\/\/brouns.eu\/de\/product\/leinolfarbe\/projekt-weiss-1\/","name":"Projekt Wei\u00df (1) - Brouns &amp; Co EU","isPartOf":{"@id":"https:\/\/brouns.eu\/de\/#website"},"primaryImageOfPage":{"@id":"https:\/\/brouns.eu\/de\/product\/leinolfarbe\/projekt-weiss-1\/#primaryimage"},"image":{"@id":"https:\/\/brouns.eu\/de\/product\/leinolfarbe\/projekt-weiss-1\/#primaryimage"},"thumbnailUrl":"https:\/\/brouns.eu\/wp-content\/uploads\/2025\/04\/No.-1_web_sq_1200.jpg","datePublished":"2024-10-29T21:27:19+00:00","dateModified":"2025-10-06T10:54:58+00:00","breadcrumb":{"@id":"https:\/\/brouns.eu\/de\/product\/leinolfarbe\/projekt-weiss-1\/#breadcrumb"},"inLanguage":"de","potentialAction":[{"@type":"ReadAction","target":["https:\/\/brouns.eu\/de\/product\/leinolfarbe\/projekt-weiss-1\/"]}]},{"@type":"ImageObject","inLanguage":"de","@id":"https:\/\/brouns.eu\/de\/product\/leinolfarbe\/projekt-weiss-1\/#primaryimage","url":"https:\/\/brouns.eu\/wp-content\/uploads\/2025\/04\/No.-1_web_sq_1200.jpg","contentUrl":"https:\/\/brouns.eu\/wp-content\/uploads\/2025\/04\/No.-1_web_sq_1200.jpg","width":1200,"height":1200},{"@type":"BreadcrumbList","@id":"https:\/\/brouns.eu\/de\/product\/leinolfarbe\/projekt-weiss-1\/#breadcrumb","itemListElement":[{"@type":"ListItem","position":1,"name":"Home","item":"https:\/\/brouns.eu\/de\/"},{"@type":"ListItem","position":2,"name":"Gesch\u00e4ft","item":"https:\/\/brouns.eu\/geschaeft\/"},{"@type":"ListItem","position":3,"name":"Projekt Wei\u00df (1)"}]},{"@type":"WebSite","@id":"https:\/\/brouns.eu\/de\/#website","url":"https:\/\/brouns.eu\/de\/","name":"Brouns &amp; Co EU","description":"","publisher":{"@id":"https:\/\/brouns.eu\/de\/#organization"},"potentialAction":[{"@type":"SearchAction","target":{"@type":"EntryPoint","urlTemplate":"https:\/\/brouns.eu\/de\/?s={search_term_string}"},"query-input":{"@type":"PropertyValueSpecification","valueRequired":true,"valueName":"search_term_string"}}],"inLanguage":"de"},{"@type":"Organization","@id":"https:\/\/brouns.eu\/de\/#organization","name":"Brouns &amp; Co EU","url":"https:\/\/brouns.eu\/de\/","logo":{"@type":"ImageObject","inLanguage":"de","@id":"https:\/\/brouns.eu\/de\/#\/schema\/logo\/image\/","url":"https:\/\/brouns.eu\/wp-content\/uploads\/2024\/04\/Brouns-_-co-Logo-no-linseed-paint-oil.png","contentUrl":"https:\/\/brouns.eu\/wp-content\/uploads\/2024\/04\/Brouns-_-co-Logo-no-linseed-paint-oil.png","width":650,"height":60,"caption":"Brouns &amp; Co EU"},"image":{"@id":"https:\/\/brouns.eu\/de\/#\/schema\/logo\/image\/"}}]}},"_links":{"self":[{"href":"https:\/\/brouns.eu\/de\/wp-json\/wp\/v2\/product\/19325","targetHints":{"allow":["GET"]}}],"collection":[{"href":"https:\/\/brouns.eu\/de\/wp-json\/wp\/v2\/product"}],"about":[{"href":"https:\/\/brouns.eu\/de\/wp-json\/wp\/v2\/types\/product"}],"replies":[{"embeddable":true,"href":"https:\/\/brouns.eu\/de\/wp-json\/wp\/v2\/comments?post=19325"}],"version-history":[{"count":0,"href":"https:\/\/brouns.eu\/de\/wp-json\/wp\/v2\/product\/19325\/revisions"}],"wp:featuredmedia":[{"embeddable":true,"href":"https:\/\/brouns.eu\/de\/wp-json\/wp\/v2\/media\/22668"}],"wp:attachment":[{"href":"https:\/\/brouns.eu\/de\/wp-json\/wp\/v2\/media?parent=19325"}],"wp:term":[{"taxonomy":"product_brand","embeddable":true,"href":"https:\/\/brouns.eu\/de\/wp-json\/wp\/v2\/product_brand?post=19325"},{"taxonomy":"product_cat","embeddable":true,"href":"https:\/\/brouns.eu\/de\/wp-json\/wp\/v2\/product_cat?post=19325"},{"taxonomy":"product_tag","embeddable":true,"href":"https:\/\/brouns.eu\/de\/wp-json\/wp\/v2\/product_tag?post=19325"}],"curies":[{"name":"wp","href":"https:\/\/api.w.org\/{rel}","templated":true}]}}