{"id":19019,"date":"2024-07-05T15:21:44","date_gmt":"2024-07-05T14:21:44","guid":{"rendered":"https:\/\/brouns.eu\/ueber-leinoelfarbe\/"},"modified":"2025-03-30T19:01:12","modified_gmt":"2025-03-30T18:01:12","slug":"ueber-leinoelfarbe","status":"publish","type":"page","link":"https:\/\/brouns.eu\/de\/ueber-leinoelfarbe\/","title":{"rendered":"\u00dcber Lein\u00f6lfarbe"},"content":{"rendered":"\t\t<div data-elementor-type=\"wp-page\" data-elementor-id=\"19019\" class=\"elementor elementor-19019 elementor-8493\">\n\t\t\t\t\t\t<section class=\"elementor-section elementor-top-section elementor-element elementor-element-118b0341 elementor-section-height-min-height elementor-section-boxed elementor-section-height-default elementor-section-items-middle\" data-id=\"118b0341\" data-element_type=\"section\" data-e-type=\"section\" data-settings=\"{&quot;background_background&quot;:&quot;slideshow&quot;,&quot;background_slideshow_gallery&quot;:[{&quot;id&quot;:8499,&quot;url&quot;:&quot;https:\\\/\\\/brouns.eu\\\/wp-content\\\/uploads\\\/2024\\\/07\\\/About-Linseed-Oil-Paint_header_web_2000_1000.jpg&quot;}],&quot;background_slideshow_transition_duration&quot;:1500,&quot;background_slideshow_loop&quot;:&quot;yes&quot;,&quot;background_slideshow_slide_duration&quot;:5000,&quot;background_slideshow_slide_transition&quot;:&quot;fade&quot;}\">\n\t\t\t\t\t\t\t<div class=\"elementor-background-overlay\"><\/div>\n\t\t\t\t\t\t\t<div class=\"elementor-container elementor-column-gap-no\">\n\t\t\t\t\t<div class=\"elementor-column elementor-col-100 elementor-top-column elementor-element elementor-element-a90d8d1\" data-id=\"a90d8d1\" data-element_type=\"column\" data-e-type=\"column\">\n\t\t\t<div class=\"elementor-widget-wrap elementor-element-populated\">\n\t\t\t\t\t\t<div class=\"elementor-element elementor-element-4de0b63d animated-slow elementor-invisible elementor-widget elementor-widget-heading\" data-id=\"4de0b63d\" data-element_type=\"widget\" data-e-type=\"widget\" data-settings=\"{&quot;_animation&quot;:&quot;fadeIn&quot;,&quot;_animation_delay&quot;:300}\" data-widget_type=\"heading.default\">\n\t\t\t\t<div class=\"elementor-widget-container\">\n\t\t\t\t\t<h1 class=\"elementor-heading-title elementor-size-default\">\u00dcber Lein\u00f6lfarbe<\/h1>\t\t\t\t<\/div>\n\t\t\t\t<\/div>\n\t\t\t\t<div class=\"elementor-element elementor-element-6cac885 animated-slow elementor-widget-divider--view-line elementor-invisible elementor-widget elementor-widget-divider\" data-id=\"6cac885\" data-element_type=\"widget\" data-e-type=\"widget\" data-settings=\"{&quot;_animation&quot;:&quot;fadeIn&quot;,&quot;_animation_delay&quot;:300}\" data-widget_type=\"divider.default\">\n\t\t\t\t<div class=\"elementor-widget-container\">\n\t\t\t\t\t\t\t<div class=\"elementor-divider\">\n\t\t\t<span class=\"elementor-divider-separator\">\n\t\t\t\t\t\t<\/span>\n\t\t<\/div>\n\t\t\t\t\t\t<\/div>\n\t\t\t\t<\/div>\n\t\t\t\t<div class=\"elementor-element elementor-element-4140a3e1 e-transform animated-slow elementor-align-center elementor-tablet-align-center elementor-invisible elementor-widget elementor-widget-button\" data-id=\"4140a3e1\" data-element_type=\"widget\" data-e-type=\"widget\" data-settings=\"{&quot;_transform_translateX_effect_hover&quot;:{&quot;unit&quot;:&quot;px&quot;,&quot;size&quot;:1.2,&quot;sizes&quot;:[]},&quot;_transform_translateY_effect_hover&quot;:{&quot;unit&quot;:&quot;px&quot;,&quot;size&quot;:1.2,&quot;sizes&quot;:[]},&quot;_animation&quot;:&quot;fadeIn&quot;,&quot;_animation_delay&quot;:300,&quot;_transform_translateX_effect_hover_tablet&quot;:{&quot;unit&quot;:&quot;px&quot;,&quot;size&quot;:&quot;&quot;,&quot;sizes&quot;:[]},&quot;_transform_translateX_effect_hover_mobile&quot;:{&quot;unit&quot;:&quot;px&quot;,&quot;size&quot;:&quot;&quot;,&quot;sizes&quot;:[]},&quot;_transform_translateY_effect_hover_tablet&quot;:{&quot;unit&quot;:&quot;px&quot;,&quot;size&quot;:&quot;&quot;,&quot;sizes&quot;:[]},&quot;_transform_translateY_effect_hover_mobile&quot;:{&quot;unit&quot;:&quot;px&quot;,&quot;size&quot;:&quot;&quot;,&quot;sizes&quot;:[]}}\" data-widget_type=\"button.default\">\n\t\t\t\t<div class=\"elementor-widget-container\">\n\t\t\t\t\t\t\t\t\t<div class=\"elementor-button-wrapper\">\n\t\t\t\t\t<a class=\"elementor-button elementor-button-link elementor-size-sm\" href=\"#intro\">\n\t\t\t\t\t\t<span class=\"elementor-button-content-wrapper\">\n\t\t\t\t\t\t\t\t\t<span class=\"elementor-button-text\">Erkunden<\/span>\n\t\t\t\t\t<\/span>\n\t\t\t\t\t<\/a>\n\t\t\t\t<\/div>\n\t\t\t\t\t\t\t\t<\/div>\n\t\t\t\t<\/div>\n\t\t\t\t\t<\/div>\n\t\t<\/div>\n\t\t\t\t\t<\/div>\n\t\t<\/section>\n\t\t\t\t<section class=\"elementor-section elementor-top-section elementor-element elementor-element-a101251 elementor-section-boxed elementor-section-height-default elementor-section-height-default\" data-id=\"a101251\" data-element_type=\"section\" data-e-type=\"section\" id=\"intro\" data-settings=\"{&quot;background_background&quot;:&quot;classic&quot;}\">\n\t\t\t\t\t\t<div class=\"elementor-container elementor-column-gap-no\">\n\t\t\t\t\t<div class=\"elementor-column elementor-col-100 elementor-top-column elementor-element elementor-element-17c2620\" data-id=\"17c2620\" data-element_type=\"column\" data-e-type=\"column\">\n\t\t\t<div class=\"elementor-widget-wrap elementor-element-populated\">\n\t\t\t\t\t\t<section class=\"elementor-section elementor-inner-section elementor-element elementor-element-1eff6a7 animated-slow elementor-section-boxed elementor-section-height-default elementor-section-height-default elementor-invisible\" data-id=\"1eff6a7\" data-element_type=\"section\" data-e-type=\"section\" data-settings=\"{&quot;animation&quot;:&quot;fadeIn&quot;,&quot;animation_delay&quot;:300}\">\n\t\t\t\t\t\t<div class=\"elementor-container elementor-column-gap-no\">\n\t\t\t\t\t<div class=\"elementor-column elementor-col-100 elementor-inner-column elementor-element elementor-element-3232246\" data-id=\"3232246\" data-element_type=\"column\" data-e-type=\"column\">\n\t\t\t<div class=\"elementor-widget-wrap elementor-element-populated\">\n\t\t\t\t\t\t<div class=\"elementor-element elementor-element-9fef7d1 elementor-widget elementor-widget-heading\" data-id=\"9fef7d1\" data-element_type=\"widget\" data-e-type=\"widget\" data-widget_type=\"heading.default\">\n\t\t\t\t<div class=\"elementor-widget-container\">\n\t\t\t\t\t<h3 class=\"elementor-heading-title elementor-size-default\">Lein\u00f6lfarbe<\/h3>\t\t\t\t<\/div>\n\t\t\t\t<\/div>\n\t\t\t\t<div class=\"elementor-element elementor-element-255d884 elementor-widget-divider--view-line elementor-widget elementor-widget-divider\" data-id=\"255d884\" data-element_type=\"widget\" data-e-type=\"widget\" data-widget_type=\"divider.default\">\n\t\t\t\t<div class=\"elementor-widget-container\">\n\t\t\t\t\t\t\t<div class=\"elementor-divider\">\n\t\t\t<span class=\"elementor-divider-separator\">\n\t\t\t\t\t\t<\/span>\n\t\t<\/div>\n\t\t\t\t\t\t<\/div>\n\t\t\t\t<\/div>\n\t\t\t\t<div class=\"elementor-element elementor-element-8b141f8 elementor-widget elementor-widget-text-editor\" data-id=\"8b141f8\" data-element_type=\"widget\" data-e-type=\"widget\" data-widget_type=\"text-editor.default\">\n\t\t\t\t<div class=\"elementor-widget-container\">\n\t\t\t\t\t\t\t\t\t<p>Lein\u00f6lfarbe ver\u00e4ndert Ihre Malgewohnheiten. Sie h\u00e4lt praktisch ewig, muss nicht neu aufgetragen werden und bl\u00e4ttert nicht ab. Sie ist umweltfreundlich, geruchsneutral, trocknet innerhalb von 24 Stunden und ist \u00e4u\u00dferst kosteng\u00fcnstig. Au\u00dferdem ist sie in einer reichhaltigen Palette wundersch\u00f6ner Farben erh\u00e4ltlich.   <\/p>\n<p>Wir beantworten hier einige der am h\u00e4ufigsten gestellten Fragen. Weitere Informationen finden Sie jedoch auch auf unserer FAQ-Seite.<\/p>\n<p><strong>Woraus besteht Lein\u00f6lfarbe?<\/strong><br \/>Leinsamen werden zu Rohlein\u00f6l gepresst und gekocht, um es haltbarer und schnelltrocknend zu machen. Anschlie\u00dfend f\u00fcgen wir eine kleine Menge Trockenmittel und Pigmentpulver hinzu \u2013 alles rein nat\u00fcrliche Zutaten. Das ist alles: keine L\u00f6sungsmittel, Bindemittel oder synthetischen Emulgatoren.  <\/p>\n<p><strong>Was ist die Geschichte der Lein\u00f6lfarbe?<\/strong><br \/>In Schweden, D\u00e4nemark und vielen anderen Teilen Europas hat das Streichen von Geb\u00e4uden mit Lein\u00f6lfarbe eine lange Tradition. Originale Lein\u00f6lanstriche sind an \u00fcber 500 Jahre alten H\u00e4usern noch heute erhalten. <\/p>\n<p><strong>Wie funktioniert Lein\u00f6lfarbe?<\/strong><br \/>Die Funktionsweise von Lein\u00f6lfarbe ist kein Hexenwerk. Wir erkl\u00e4ren es Ihnen in einer kurzen Animation. <\/p>\n<p><strong>Bietet Lein\u00f6lfarbe einen guten Schutz?<\/strong><br \/>Lein\u00f6lfarbe sch\u00fctzt wirklich vor jedem Wetter: Einmal gestrichen, verrottet Holz nicht, rostet Eisen nicht und br\u00f6ckelt Putz nicht. Sie hat hervorragende feuchtigkeitsableitende Eigenschaften und erm\u00f6glicht so den wechselseitigen Feuchtigkeitstransport, anstatt die Feuchtigkeit unter einem undurchl\u00e4ssigen Film einzuschlie\u00dfen. <\/p>\n<p><strong>Was kann man mit Lein\u00f6lfarbe streichen?<\/strong><br \/>Praktisch alles. Dazu geh\u00f6ren Holz, Mauerwerk, Gips, Metall \u2013 und sogar uPVC, falls Sie m\u00f6chten! <\/p>\n<p><strong>Wie tr\u00e4gt man Lein\u00f6lfarbe auf und trocknet sie?<\/strong><br \/>Tragen Sie Lein\u00f6lfarbe direkt auf die saubere Oberfl\u00e4che auf \u2013 Grundierung oder Voranstrich sind nicht erforderlich. Sie ben\u00f6tigen nicht viele Schichten; oft reicht eine Schicht aus, Holz hingegen ben\u00f6tigt zwei Schichten, da die Farbe etwas einzieht. F\u00fcr einen seidenmatten oder halbgl\u00e4nzenden Glanz k\u00f6nnen Sie zus\u00e4tzliche Schichten auftragen. Lein\u00f6lfarbe trocknet durch UV-Licht und ben\u00f6tigt daher etwa 24 Stunden (Sie k\u00f6nnen den Trocknungsprozess jedoch mit einer UV-Lichtquelle beschleunigen). Die Farbe trocknet zu einem sehr harten, haltbaren Finish.    <\/p>\n<p><strong>Ist Lein\u00f6lfarbe teuer?<\/strong><br \/>Weit gefehlt. Eine Dose Lein\u00f6lfarbe ist nicht nur relativ g\u00fcnstig (vor allem im Vergleich zu einigen traditionellen Farbmarken in Gro\u00dfbritannien), sondern auch d\u00fcnnfl\u00fcssig, sodass Sie je nach zu streichendem Material zwischen 15 und 20 m\u00b2 pro Liter abdecken k\u00f6nnen. Wir kennen keine andere Farbe mit einer so kosteng\u00fcnstigen Deckkraft. Und es entsteht weniger Abfall, da mit derselben Dose jede Oberfl\u00e4che gestrichen werden kann (keine verschiedenen Versionen erforderlich). Und obendrein m\u00fcssen Sie nicht alle paar Jahre neu streichen!    <\/p>\n<p><strong>Welche Lein\u00f6lfarbe m\u00fcssen Sie kaufen?<\/strong><br \/>Es gibt nur eine Sorte, und die eignet sich f\u00fcr alles. Sie k\u00f6nnen also dieselbe Farbe f\u00fcr Holz, Mauerwerk, Metall und Putz verwenden. Mit derselben Farbe erzielen Sie durch einfaches Auftragen mehrerer Schichten einen gl\u00e4nzenden Schimmer. Sie ben\u00f6tigen also keine matten Emulsionen oder Satinholz-, Eierschalen- oder Glanzfarben.  <\/p>\n<p><strong>Warum ist es so umweltfreundlich?<\/strong><br \/>Lein\u00f6lfarbe enth\u00e4lt ausschlie\u00dflich nat\u00fcrliches Lein\u00f6l und nat\u00fcrliche Pigmente. Sie enth\u00e4lt keine stinkenden oder giftigen L\u00f6sungsmittel, Bindemittel oder Emulgatoren. Und dank dieser einfachen Zutaten sind f\u00fcr die Herstellung auch keine gro\u00dfen, schmutzigen Raffinerien erforderlich!  <\/p>\n<p><strong>Warum ist Lein\u00f6lfarbe angenehmer zu verwenden?<\/strong><br \/>Lein\u00f6lfarbe hat einen intensiven, aber sanften Geruch. Wenn Sie in Innenr\u00e4umen streichen, m\u00fcssen Sie weder die Fenster offen halten noch sich Sorgen um Kopfschmerzen und Schwindel machen. <\/p>\n<p><strong>Ben\u00f6tigt es Wartung?<\/strong><br \/>Absolut! Nach einigen Jahren werden Sie feststellen, dass Ihre Lein\u00f6lfarbe etwas matter geworden ist. Manche Menschen bevorzugen diesen Effekt und warten sehns\u00fcchtig darauf. Andere ziehen es vor, die Farbe alle paar Jahre mit etwas Lein\u00f6l abzuwischen. Das trocknet schnell und stellt den Glanz wieder her.   <\/p>\n\t\t\t\t\t\t\t\t<\/div>\n\t\t\t\t<\/div>\n\t\t\t\t\t<\/div>\n\t\t<\/div>\n\t\t\t\t\t<\/div>\n\t\t<\/section>\n\t\t\t\t\t<\/div>\n\t\t<\/div>\n\t\t\t\t\t<\/div>\n\t\t<\/section>\n\t\t\t\t<section class=\"elementor-section elementor-top-section elementor-element elementor-element-26cce17 elementor-section-height-min-height elementor-section-boxed elementor-section-height-default elementor-section-items-middle\" data-id=\"26cce17\" data-element_type=\"section\" data-e-type=\"section\" data-settings=\"{&quot;background_background&quot;:&quot;slideshow&quot;,&quot;background_slideshow_gallery&quot;:[{&quot;id&quot;:8500,&quot;url&quot;:&quot;https:\\\/\\\/brouns.eu\\\/wp-content\\\/uploads\\\/2024\\\/07\\\/About-Linseed-Oil-Paint_footer_web_2000_600.jpg&quot;}],&quot;background_slideshow_transition_duration&quot;:1500,&quot;background_slideshow_loop&quot;:&quot;yes&quot;,&quot;background_slideshow_slide_duration&quot;:5000,&quot;background_slideshow_slide_transition&quot;:&quot;fade&quot;}\">\n\t\t\t\t\t\t\t<div class=\"elementor-background-overlay\"><\/div>\n\t\t\t\t\t\t\t<div class=\"elementor-container elementor-column-gap-no\">\n\t\t\t\t\t<div class=\"elementor-column elementor-col-100 elementor-top-column elementor-element elementor-element-1816f5f\" data-id=\"1816f5f\" data-element_type=\"column\" data-e-type=\"column\">\n\t\t\t<div class=\"elementor-widget-wrap elementor-element-populated\">\n\t\t\t\t\t\t<div class=\"elementor-element elementor-element-4ffbbec elementor-widget elementor-widget-spacer\" data-id=\"4ffbbec\" data-element_type=\"widget\" data-e-type=\"widget\" data-widget_type=\"spacer.default\">\n\t\t\t\t<div class=\"elementor-widget-container\">\n\t\t\t\t\t\t\t<div class=\"elementor-spacer\">\n\t\t\t<div class=\"elementor-spacer-inner\"><\/div>\n\t\t<\/div>\n\t\t\t\t\t\t<\/div>\n\t\t\t\t<\/div>\n\t\t\t\t\t<\/div>\n\t\t<\/div>\n\t\t\t\t\t<\/div>\n\t\t<\/section>\n\t\t\t\t<\/div>\n\t\t","protected":false},"excerpt":{"rendered":"<p>\u00dcber Lein\u00f6lfarbe Erkunden Lein\u00f6lfarbe Lein\u00f6lfarbe ver\u00e4ndert Ihre Malgewohnheiten. Sie h\u00e4lt praktisch ewig, muss nicht neu aufgetragen werden und bl\u00e4ttert nicht ab. Sie ist umweltfreundlich, geruchsneutral, trocknet innerhalb von 24 Stunden und ist \u00e4u\u00dferst kosteng\u00fcnstig. Au\u00dferdem ist sie in einer reichhaltigen Palette wundersch\u00f6ner Farben erh\u00e4ltlich. Wir beantworten hier einige der am h\u00e4ufigsten gestellten Fragen. Weitere Informationen [&hellip;]<\/p>\n","protected":false},"author":1,"featured_media":0,"parent":0,"menu_order":0,"comment_status":"closed","ping_status":"closed","template":"","meta":{"_acf_changed":false,"site-sidebar-layout":"no-sidebar","site-content-layout":"page-builder","ast-site-content-layout":"full-width-container","site-content-style":"unboxed","site-sidebar-style":"unboxed","ast-global-header-display":"","ast-banner-title-visibility":"","ast-main-header-display":"","ast-hfb-above-header-display":"","ast-hfb-below-header-display":"","ast-hfb-mobile-header-display":"","site-post-title":"disabled","ast-breadcrumbs-content":"","ast-featured-img":"disabled","footer-sml-layout":"","ast-disable-related-posts":"","theme-transparent-header-meta":"disabled","adv-header-id-meta":"","stick-header-meta":"default","header-above-stick-meta":"","header-main-stick-meta":"","header-below-stick-meta":"","astra-migrate-meta-layouts":"default","ast-page-background-enabled":"default","ast-page-background-meta":{"desktop":{"background-color":"","background-image":"","background-repeat":"repeat","background-position":"center center","background-size":"auto","background-attachment":"scroll","background-type":"","background-media":"","overlay-type":"","overlay-color":"","overlay-opacity":"","overlay-gradient":""},"tablet":{"background-color":"","background-image":"","background-repeat":"repeat","background-position":"center center","background-size":"auto","background-attachment":"scroll","background-type":"","background-media":"","overlay-type":"","overlay-color":"","overlay-opacity":"","overlay-gradient":""},"mobile":{"background-color":"","background-image":"","background-repeat":"repeat","background-position":"center center","background-size":"auto","background-attachment":"scroll","background-type":"","background-media":"","overlay-type":"","overlay-color":"","overlay-opacity":"","overlay-gradient":""}},"ast-content-background-meta":{"desktop":{"background-color":"var(--ast-global-color-5)","background-image":"","background-repeat":"repeat","background-position":"center center","background-size":"auto","background-attachment":"scroll","background-type":"","background-media":"","overlay-type":"","overlay-color":"","overlay-opacity":"","overlay-gradient":""},"tablet":{"background-color":"var(--ast-global-color-5)","background-image":"","background-repeat":"repeat","background-position":"center center","background-size":"auto","background-attachment":"scroll","background-type":"","background-media":"","overlay-type":"","overlay-color":"","overlay-opacity":"","overlay-gradient":""},"mobile":{"background-color":"var(--ast-global-color-5)","background-image":"","background-repeat":"repeat","background-position":"center center","background-size":"auto","background-attachment":"scroll","background-type":"","background-media":"","overlay-type":"","overlay-color":"","overlay-opacity":"","overlay-gradient":""}},"ngg_post_thumbnail":0,"footnotes":""},"class_list":["post-19019","page","type-page","status-publish","hentry"],"acf":[],"yoast_head":"<!-- This site is optimized with the Yoast SEO plugin v27.4 - https:\/\/yoast.com\/product\/yoast-seo-wordpress\/ -->\n<title>\u00dcber Lein\u00f6lfarbe - Brouns &amp; Co EU<\/title>\n<meta name=\"robots\" content=\"noindex, nofollow\" \/>\n<meta property=\"og:locale\" content=\"de_DE\" \/>\n<meta property=\"og:type\" content=\"article\" \/>\n<meta property=\"og:title\" content=\"\u00dcber Lein\u00f6lfarbe - Brouns &amp; Co EU\" \/>\n<meta property=\"og:description\" content=\"\u00dcber Lein\u00f6lfarbe Erkunden Lein\u00f6lfarbe Lein\u00f6lfarbe ver\u00e4ndert Ihre Malgewohnheiten. Sie h\u00e4lt praktisch ewig, muss nicht neu aufgetragen werden und bl\u00e4ttert nicht ab. Sie ist umweltfreundlich, geruchsneutral, trocknet innerhalb von 24 Stunden und ist \u00e4u\u00dferst kosteng\u00fcnstig. Au\u00dferdem ist sie in einer reichhaltigen Palette wundersch\u00f6ner Farben erh\u00e4ltlich. Wir beantworten hier einige der am h\u00e4ufigsten gestellten Fragen. Weitere Informationen [&hellip;]\" \/>\n<meta property=\"og:url\" content=\"https:\/\/brouns.eu\/de\/ueber-leinoelfarbe\/\" \/>\n<meta property=\"og:site_name\" content=\"Brouns &amp; Co EU\" \/>\n<meta property=\"article:modified_time\" content=\"2025-03-30T18:01:12+00:00\" \/>\n<meta name=\"twitter:card\" content=\"summary_large_image\" \/>\n<meta name=\"twitter:label1\" content=\"Gesch\u00e4tzte Lesezeit\" \/>\n\t<meta name=\"twitter:data1\" content=\"3\u00a0Minuten\" \/>\n<script type=\"application\/ld+json\" class=\"yoast-schema-graph\">{\"@context\":\"https:\\\/\\\/schema.org\",\"@graph\":[{\"@type\":\"WebPage\",\"@id\":\"https:\\\/\\\/brouns.eu\\\/de\\\/ueber-leinoelfarbe\\\/\",\"url\":\"https:\\\/\\\/brouns.eu\\\/de\\\/ueber-leinoelfarbe\\\/\",\"name\":\"\u00dcber Lein\u00f6lfarbe - Brouns &amp; Co EU\",\"isPartOf\":{\"@id\":\"https:\\\/\\\/brouns.eu\\\/de\\\/#website\"},\"datePublished\":\"2024-07-05T14:21:44+00:00\",\"dateModified\":\"2025-03-30T18:01:12+00:00\",\"breadcrumb\":{\"@id\":\"https:\\\/\\\/brouns.eu\\\/de\\\/ueber-leinoelfarbe\\\/#breadcrumb\"},\"inLanguage\":\"de\",\"potentialAction\":[{\"@type\":\"ReadAction\",\"target\":[\"https:\\\/\\\/brouns.eu\\\/de\\\/ueber-leinoelfarbe\\\/\"]}]},{\"@type\":\"BreadcrumbList\",\"@id\":\"https:\\\/\\\/brouns.eu\\\/de\\\/ueber-leinoelfarbe\\\/#breadcrumb\",\"itemListElement\":[{\"@type\":\"ListItem\",\"position\":1,\"name\":\"Home\",\"item\":\"https:\\\/\\\/brouns.eu\\\/de\\\/\"},{\"@type\":\"ListItem\",\"position\":2,\"name\":\"\u00dcber Lein\u00f6lfarbe\"}]},{\"@type\":\"WebSite\",\"@id\":\"https:\\\/\\\/brouns.eu\\\/de\\\/#website\",\"url\":\"https:\\\/\\\/brouns.eu\\\/de\\\/\",\"name\":\"Brouns &amp; Co EU\",\"description\":\"\",\"publisher\":{\"@id\":\"https:\\\/\\\/brouns.eu\\\/de\\\/#organization\"},\"potentialAction\":[{\"@type\":\"SearchAction\",\"target\":{\"@type\":\"EntryPoint\",\"urlTemplate\":\"https:\\\/\\\/brouns.eu\\\/de\\\/?s={search_term_string}\"},\"query-input\":{\"@type\":\"PropertyValueSpecification\",\"valueRequired\":true,\"valueName\":\"search_term_string\"}}],\"inLanguage\":\"de\"},{\"@type\":\"Organization\",\"@id\":\"https:\\\/\\\/brouns.eu\\\/de\\\/#organization\",\"name\":\"Brouns &amp; Co EU\",\"url\":\"https:\\\/\\\/brouns.eu\\\/de\\\/\",\"logo\":{\"@type\":\"ImageObject\",\"inLanguage\":\"de\",\"@id\":\"https:\\\/\\\/brouns.eu\\\/de\\\/#\\\/schema\\\/logo\\\/image\\\/\",\"url\":\"https:\\\/\\\/brouns.eu\\\/wp-content\\\/uploads\\\/2024\\\/04\\\/Brouns-_-co-Logo-no-linseed-paint-oil.png\",\"contentUrl\":\"https:\\\/\\\/brouns.eu\\\/wp-content\\\/uploads\\\/2024\\\/04\\\/Brouns-_-co-Logo-no-linseed-paint-oil.png\",\"width\":650,\"height\":60,\"caption\":\"Brouns &amp; Co EU\"},\"image\":{\"@id\":\"https:\\\/\\\/brouns.eu\\\/de\\\/#\\\/schema\\\/logo\\\/image\\\/\"}}]}<\/script>\n<!-- \/ Yoast SEO plugin. -->","yoast_head_json":{"title":"\u00dcber Lein\u00f6lfarbe - Brouns &amp; Co EU","robots":{"index":"noindex","follow":"nofollow"},"og_locale":"de_DE","og_type":"article","og_title":"\u00dcber Lein\u00f6lfarbe - Brouns &amp; Co EU","og_description":"\u00dcber Lein\u00f6lfarbe Erkunden Lein\u00f6lfarbe Lein\u00f6lfarbe ver\u00e4ndert Ihre Malgewohnheiten. Sie h\u00e4lt praktisch ewig, muss nicht neu aufgetragen werden und bl\u00e4ttert nicht ab. Sie ist umweltfreundlich, geruchsneutral, trocknet innerhalb von 24 Stunden und ist \u00e4u\u00dferst kosteng\u00fcnstig. Au\u00dferdem ist sie in einer reichhaltigen Palette wundersch\u00f6ner Farben erh\u00e4ltlich. Wir beantworten hier einige der am h\u00e4ufigsten gestellten Fragen. Weitere Informationen [&hellip;]","og_url":"https:\/\/brouns.eu\/de\/ueber-leinoelfarbe\/","og_site_name":"Brouns &amp; Co EU","article_modified_time":"2025-03-30T18:01:12+00:00","twitter_card":"summary_large_image","twitter_misc":{"Gesch\u00e4tzte Lesezeit":"3\u00a0Minuten"},"schema":{"@context":"https:\/\/schema.org","@graph":[{"@type":"WebPage","@id":"https:\/\/brouns.eu\/de\/ueber-leinoelfarbe\/","url":"https:\/\/brouns.eu\/de\/ueber-leinoelfarbe\/","name":"\u00dcber Lein\u00f6lfarbe - Brouns &amp; Co EU","isPartOf":{"@id":"https:\/\/brouns.eu\/de\/#website"},"datePublished":"2024-07-05T14:21:44+00:00","dateModified":"2025-03-30T18:01:12+00:00","breadcrumb":{"@id":"https:\/\/brouns.eu\/de\/ueber-leinoelfarbe\/#breadcrumb"},"inLanguage":"de","potentialAction":[{"@type":"ReadAction","target":["https:\/\/brouns.eu\/de\/ueber-leinoelfarbe\/"]}]},{"@type":"BreadcrumbList","@id":"https:\/\/brouns.eu\/de\/ueber-leinoelfarbe\/#breadcrumb","itemListElement":[{"@type":"ListItem","position":1,"name":"Home","item":"https:\/\/brouns.eu\/de\/"},{"@type":"ListItem","position":2,"name":"\u00dcber Lein\u00f6lfarbe"}]},{"@type":"WebSite","@id":"https:\/\/brouns.eu\/de\/#website","url":"https:\/\/brouns.eu\/de\/","name":"Brouns &amp; Co EU","description":"","publisher":{"@id":"https:\/\/brouns.eu\/de\/#organization"},"potentialAction":[{"@type":"SearchAction","target":{"@type":"EntryPoint","urlTemplate":"https:\/\/brouns.eu\/de\/?s={search_term_string}"},"query-input":{"@type":"PropertyValueSpecification","valueRequired":true,"valueName":"search_term_string"}}],"inLanguage":"de"},{"@type":"Organization","@id":"https:\/\/brouns.eu\/de\/#organization","name":"Brouns &amp; Co EU","url":"https:\/\/brouns.eu\/de\/","logo":{"@type":"ImageObject","inLanguage":"de","@id":"https:\/\/brouns.eu\/de\/#\/schema\/logo\/image\/","url":"https:\/\/brouns.eu\/wp-content\/uploads\/2024\/04\/Brouns-_-co-Logo-no-linseed-paint-oil.png","contentUrl":"https:\/\/brouns.eu\/wp-content\/uploads\/2024\/04\/Brouns-_-co-Logo-no-linseed-paint-oil.png","width":650,"height":60,"caption":"Brouns &amp; Co EU"},"image":{"@id":"https:\/\/brouns.eu\/de\/#\/schema\/logo\/image\/"}}]}},"_links":{"self":[{"href":"https:\/\/brouns.eu\/de\/wp-json\/wp\/v2\/pages\/19019","targetHints":{"allow":["GET"]}}],"collection":[{"href":"https:\/\/brouns.eu\/de\/wp-json\/wp\/v2\/pages"}],"about":[{"href":"https:\/\/brouns.eu\/de\/wp-json\/wp\/v2\/types\/page"}],"author":[{"embeddable":true,"href":"https:\/\/brouns.eu\/de\/wp-json\/wp\/v2\/users\/1"}],"replies":[{"embeddable":true,"href":"https:\/\/brouns.eu\/de\/wp-json\/wp\/v2\/comments?post=19019"}],"version-history":[{"count":1,"href":"https:\/\/brouns.eu\/de\/wp-json\/wp\/v2\/pages\/19019\/revisions"}],"predecessor-version":[{"id":19020,"href":"https:\/\/brouns.eu\/de\/wp-json\/wp\/v2\/pages\/19019\/revisions\/19020"}],"wp:attachment":[{"href":"https:\/\/brouns.eu\/de\/wp-json\/wp\/v2\/media?parent=19019"}],"curies":[{"name":"wp","href":"https:\/\/api.w.org\/{rel}","templated":true}]}}